{"id":80161,"date":"2026-05-07T10:13:02","date_gmt":"2026-05-07T10:13:02","guid":{"rendered":"https:\/\/www.alongavecanna.com\/?post_type=product&#038;p=80161"},"modified":"2026-05-08T08:00:00","modified_gmt":"2026-05-08T08:00:00","slug":"evergreen-little","status":"publish","type":"product","link":"https:\/\/www.alongavecanna.com\/fr\/produit\/evergreen-little\/","title":{"rendered":"Evergreen (Little)"},"content":{"rendered":"<p><strong>Tailles<\/strong> : 2, 4, 6, 8 (10, 12) ans<\/p>\n<p><strong>\u00c9chantillon<\/strong> : 22 mailles x 28 rangs = 10 cm en jersey, en aiguilles 4mm\/US6 (ou autre taille d\u00e9pendant de votre \u00e9chantillon)<\/p>\n<p><strong>Laines<\/strong> : Deux fils \u00e0 tricoter ensemble &#8211; un fil de lace mohair et un fil de fingering.<\/p>\n<p><strong>CP<\/strong> : 315, 390, 470, 580 (695, 765) m\u00e8tres de mohair<br \/>\nsoit 2, 2, 3, 3 (4, 4) pelotes de Silk Mohair &#8211; Along Avec Anna<br \/>\net 305, 380, 455, 570 (660, 730) m\u00e8tres de fingering<br \/>\nsoit 2, 2, 3, 3 (4, 4) pelotes de Merino &#8211; Along Avec Anna<\/p>\n<p><strong>CC<\/strong> : 130, 150, 155, 175 (185, 195) m\u00e8tres de mohair<br \/>\nsoit 1 pelote de Silk Mohair &#8211; Along Avec Anna<br \/>\net 120, 130, 145, 160 (170, 185) m\u00e8tres de fingering<br \/>\nsoit 1 pelote de Merino &#8211; Along Avec Anna<\/p>\n<p><em>Versions de pr\u00e9sentation<\/em> :<br \/>\nTricot\u00e9 en taille 10 ans en Silk Mohair et Merino,<br \/>\nAlong Avec Anna, coloris Colombe &amp; Orage<\/p>\n<p><strong>Aiguilles pr\u00e9conis\u00e9es<\/strong> (si votre \u00e9chantillon correspond bien) :<br \/>\n4mm\/US6 pour le corps et les manches<br \/>\n3.75mm\/US5 pour les c\u00f4tes<\/p>\n<p><strong>Mat\u00e9riel<\/strong> : Anneaux marqueurs, Morceaux de laine pour mettre les mailles en attente, Aiguille \u00e0 laine pour rentrer les fils<\/p>\n","protected":false},"excerpt":{"rendered":"<p><strong>Evergreen (Little)<\/strong> est un pull drop shoulders qui pr\u00e9sente un superbe d\u00e9tail aux \u00e9paules dans le haut du dos, ainsi que des motifs en jacquard sur le corps.<\/p>\n<p>Se tricote du haut vers le bas. Notez que le motif de jacquard A est tricot\u00e9 \u00e0 plat en aller-retour tandis que les motifs B et C sont tricot\u00e9s en rond.<\/p>\n","protected":false},"featured_media":80162,"comment_status":"open","ping_status":"closed","template":"","meta":[],"product_brand":[],"product_cat":[409,380,376,386,381,463],"product_tag":[1403],"class_list":{"0":"post-80161","1":"product","2":"type-product","3":"status-publish","4":"has-post-thumbnail","6":"product_cat-nouveautes-fr","7":"product_cat-patrons-anglais","8":"product_cat-patrons-de-tricot","9":"product_cat-patrons-enfant","10":"product_cat-patrons-francais","11":"product_cat-tricots-de-saison","12":"product_tag-virtual","14":"first","15":"instock","16":"downloadable","17":"virtual","18":"taxable","19":"purchasable","20":"product-type-simple"},"yoast_head":"<!-- This site is optimized with the Yoast SEO plugin v27.5 - https:\/\/yoast.com\/product\/yoast-seo-wordpress\/ -->\n<title>Evergreen (Little) - Along Avec Anna<\/title>\n<meta name=\"robots\" content=\"index, follow, max-snippet:-1, max-image-preview:large, max-video-preview:-1\" \/>\n<link rel=\"canonical\" href=\"https:\/\/www.alongavecanna.com\/fr\/produit\/evergreen-little\/\" \/>\n<meta property=\"og:locale\" content=\"fr_FR\" \/>\n<meta property=\"og:type\" content=\"article\" \/>\n<meta property=\"og:title\" content=\"Evergreen (Little) - Along Avec Anna\" \/>\n<meta property=\"og:description\" content=\"Evergreen (Little) est un pull drop shoulders qui pr\u00e9sente un superbe d\u00e9tail aux \u00e9paules dans le haut du dos, ainsi que des motifs en jacquard sur le corps.  Se tricote du haut vers le bas. Notez que le motif de jacquard A est tricot\u00e9 \u00e0 plat en aller-retour tandis que les motifs B et C sont tricot\u00e9s en rond.\" \/>\n<meta property=\"og:url\" content=\"https:\/\/www.alongavecanna.com\/fr\/produit\/evergreen-little\/\" \/>\n<meta property=\"og:site_name\" content=\"Along Avec Anna\" \/>\n<meta property=\"article:publisher\" content=\"https:\/\/facebook.com\/alongavecanna\" \/>\n<meta property=\"article:modified_time\" content=\"2026-05-08T08:00:00+00:00\" \/>\n<meta property=\"og:image\" content=\"https:\/\/www.alongavecanna.com\/wp-content\/uploads\/2026\/05\/ACS_2441-scaled.jpg\" \/>\n\t<meta property=\"og:image:width\" content=\"1707\" \/>\n\t<meta property=\"og:image:height\" content=\"2560\" \/>\n\t<meta property=\"og:image:type\" content=\"image\/jpeg\" \/>\n<meta name=\"twitter:card\" content=\"summary_large_image\" \/>\n<meta name=\"twitter:label1\" content=\"Dur\u00e9e de lecture estim\u00e9e\" \/>\n\t<meta name=\"twitter:data1\" content=\"1 minute\" \/>\n<script type=\"application\/ld+json\" class=\"yoast-schema-graph\">{\"@context\":\"https:\\\/\\\/schema.org\",\"@graph\":[{\"@type\":\"WebPage\",\"@id\":\"https:\\\/\\\/www.alongavecanna.com\\\/fr\\\/produit\\\/evergreen-little\\\/\",\"url\":\"https:\\\/\\\/www.alongavecanna.com\\\/fr\\\/produit\\\/evergreen-little\\\/\",\"name\":\"Evergreen (Little) - Along Avec Anna\",\"isPartOf\":{\"@id\":\"https:\\\/\\\/www.alongavecanna.com\\\/fr\\\/#website\"},\"primaryImageOfPage\":{\"@id\":\"https:\\\/\\\/www.alongavecanna.com\\\/fr\\\/produit\\\/evergreen-little\\\/#primaryimage\"},\"image\":{\"@id\":\"https:\\\/\\\/www.alongavecanna.com\\\/fr\\\/produit\\\/evergreen-little\\\/#primaryimage\"},\"thumbnailUrl\":\"https:\\\/\\\/www.alongavecanna.com\\\/wp-content\\\/uploads\\\/2026\\\/05\\\/ACS_2441-scaled.jpg\",\"datePublished\":\"2026-05-07T10:13:02+00:00\",\"dateModified\":\"2026-05-08T08:00:00+00:00\",\"breadcrumb\":{\"@id\":\"https:\\\/\\\/www.alongavecanna.com\\\/fr\\\/produit\\\/evergreen-little\\\/#breadcrumb\"},\"inLanguage\":\"fr-FR\",\"potentialAction\":[{\"@type\":\"ReadAction\",\"target\":[\"https:\\\/\\\/www.alongavecanna.com\\\/fr\\\/produit\\\/evergreen-little\\\/\"]}]},{\"@type\":\"ImageObject\",\"inLanguage\":\"fr-FR\",\"@id\":\"https:\\\/\\\/www.alongavecanna.com\\\/fr\\\/produit\\\/evergreen-little\\\/#primaryimage\",\"url\":\"https:\\\/\\\/www.alongavecanna.com\\\/wp-content\\\/uploads\\\/2026\\\/05\\\/ACS_2441-scaled.jpg\",\"contentUrl\":\"https:\\\/\\\/www.alongavecanna.com\\\/wp-content\\\/uploads\\\/2026\\\/05\\\/ACS_2441-scaled.jpg\",\"width\":1707,\"height\":2560},{\"@type\":\"BreadcrumbList\",\"@id\":\"https:\\\/\\\/www.alongavecanna.com\\\/fr\\\/produit\\\/evergreen-little\\\/#breadcrumb\",\"itemListElement\":[{\"@type\":\"ListItem\",\"position\":1,\"name\":\"Home\",\"item\":\"https:\\\/\\\/www.alongavecanna.com\\\/fr\\\/\"},{\"@type\":\"ListItem\",\"position\":2,\"name\":\"Produits\",\"item\":\"https:\\\/\\\/www.alongavecanna.com\\\/fr\\\/shop\\\/\"},{\"@type\":\"ListItem\",\"position\":3,\"name\":\"Evergreen (Little)\"}]},{\"@type\":\"WebSite\",\"@id\":\"https:\\\/\\\/www.alongavecanna.com\\\/fr\\\/#website\",\"url\":\"https:\\\/\\\/www.alongavecanna.com\\\/fr\\\/\",\"name\":\"Along Avec Anna\",\"description\":\"Ethical yarn &amp; timeless knitting patterns\",\"publisher\":{\"@id\":\"https:\\\/\\\/www.alongavecanna.com\\\/fr\\\/#organization\"},\"potentialAction\":[{\"@type\":\"SearchAction\",\"target\":{\"@type\":\"EntryPoint\",\"urlTemplate\":\"https:\\\/\\\/www.alongavecanna.com\\\/fr\\\/?s={search_term_string}\"},\"query-input\":{\"@type\":\"PropertyValueSpecification\",\"valueRequired\":true,\"valueName\":\"search_term_string\"}}],\"inLanguage\":\"fr-FR\"},{\"@type\":\"Organization\",\"@id\":\"https:\\\/\\\/www.alongavecanna.com\\\/fr\\\/#organization\",\"name\":\"Along Avec Anna\",\"url\":\"https:\\\/\\\/www.alongavecanna.com\\\/fr\\\/\",\"logo\":{\"@type\":\"ImageObject\",\"inLanguage\":\"fr-FR\",\"@id\":\"https:\\\/\\\/www.alongavecanna.com\\\/fr\\\/#\\\/schema\\\/logo\\\/image\\\/\",\"url\":\"https:\\\/\\\/www.alongavecanna.com\\\/wp-content\\\/uploads\\\/2023\\\/01\\\/logo-along-avec-anna.png\",\"contentUrl\":\"https:\\\/\\\/www.alongavecanna.com\\\/wp-content\\\/uploads\\\/2023\\\/01\\\/logo-along-avec-anna.png\",\"width\":1728,\"height\":627,\"caption\":\"Along Avec Anna\"},\"image\":{\"@id\":\"https:\\\/\\\/www.alongavecanna.com\\\/fr\\\/#\\\/schema\\\/logo\\\/image\\\/\"},\"sameAs\":[\"https:\\\/\\\/facebook.com\\\/alongavecanna\",\"https:\\\/\\\/www.instagram.com\\\/along.avec.anna\\\/\"]}]}<\/script>\n<!-- \/ Yoast SEO plugin. -->","yoast_head_json":{"title":"Evergreen (Little) - Along Avec Anna","robots":{"index":"index","follow":"follow","max-snippet":"max-snippet:-1","max-image-preview":"max-image-preview:large","max-video-preview":"max-video-preview:-1"},"canonical":"https:\/\/www.alongavecanna.com\/fr\/produit\/evergreen-little\/","og_locale":"fr_FR","og_type":"article","og_title":"Evergreen (Little) - Along Avec Anna","og_description":"Evergreen (Little) est un pull drop shoulders qui pr\u00e9sente un superbe d\u00e9tail aux \u00e9paules dans le haut du dos, ainsi que des motifs en jacquard sur le corps.  Se tricote du haut vers le bas. Notez que le motif de jacquard A est tricot\u00e9 \u00e0 plat en aller-retour tandis que les motifs B et C sont tricot\u00e9s en rond.","og_url":"https:\/\/www.alongavecanna.com\/fr\/produit\/evergreen-little\/","og_site_name":"Along Avec Anna","article_publisher":"https:\/\/facebook.com\/alongavecanna","article_modified_time":"2026-05-08T08:00:00+00:00","og_image":[{"width":1707,"height":2560,"url":"https:\/\/www.alongavecanna.com\/wp-content\/uploads\/2026\/05\/ACS_2441-scaled.jpg","type":"image\/jpeg"}],"twitter_card":"summary_large_image","twitter_misc":{"Dur\u00e9e de lecture estim\u00e9e":"1 minute"},"schema":{"@context":"https:\/\/schema.org","@graph":[{"@type":"WebPage","@id":"https:\/\/www.alongavecanna.com\/fr\/produit\/evergreen-little\/","url":"https:\/\/www.alongavecanna.com\/fr\/produit\/evergreen-little\/","name":"Evergreen (Little) - Along Avec Anna","isPartOf":{"@id":"https:\/\/www.alongavecanna.com\/fr\/#website"},"primaryImageOfPage":{"@id":"https:\/\/www.alongavecanna.com\/fr\/produit\/evergreen-little\/#primaryimage"},"image":{"@id":"https:\/\/www.alongavecanna.com\/fr\/produit\/evergreen-little\/#primaryimage"},"thumbnailUrl":"https:\/\/www.alongavecanna.com\/wp-content\/uploads\/2026\/05\/ACS_2441-scaled.jpg","datePublished":"2026-05-07T10:13:02+00:00","dateModified":"2026-05-08T08:00:00+00:00","breadcrumb":{"@id":"https:\/\/www.alongavecanna.com\/fr\/produit\/evergreen-little\/#breadcrumb"},"inLanguage":"fr-FR","potentialAction":[{"@type":"ReadAction","target":["https:\/\/www.alongavecanna.com\/fr\/produit\/evergreen-little\/"]}]},{"@type":"ImageObject","inLanguage":"fr-FR","@id":"https:\/\/www.alongavecanna.com\/fr\/produit\/evergreen-little\/#primaryimage","url":"https:\/\/www.alongavecanna.com\/wp-content\/uploads\/2026\/05\/ACS_2441-scaled.jpg","contentUrl":"https:\/\/www.alongavecanna.com\/wp-content\/uploads\/2026\/05\/ACS_2441-scaled.jpg","width":1707,"height":2560},{"@type":"BreadcrumbList","@id":"https:\/\/www.alongavecanna.com\/fr\/produit\/evergreen-little\/#breadcrumb","itemListElement":[{"@type":"ListItem","position":1,"name":"Home","item":"https:\/\/www.alongavecanna.com\/fr\/"},{"@type":"ListItem","position":2,"name":"Produits","item":"https:\/\/www.alongavecanna.com\/fr\/shop\/"},{"@type":"ListItem","position":3,"name":"Evergreen (Little)"}]},{"@type":"WebSite","@id":"https:\/\/www.alongavecanna.com\/fr\/#website","url":"https:\/\/www.alongavecanna.com\/fr\/","name":"Along Avec Anna","description":"Ethical yarn &amp; timeless knitting patterns","publisher":{"@id":"https:\/\/www.alongavecanna.com\/fr\/#organization"},"potentialAction":[{"@type":"SearchAction","target":{"@type":"EntryPoint","urlTemplate":"https:\/\/www.alongavecanna.com\/fr\/?s={search_term_string}"},"query-input":{"@type":"PropertyValueSpecification","valueRequired":true,"valueName":"search_term_string"}}],"inLanguage":"fr-FR"},{"@type":"Organization","@id":"https:\/\/www.alongavecanna.com\/fr\/#organization","name":"Along Avec Anna","url":"https:\/\/www.alongavecanna.com\/fr\/","logo":{"@type":"ImageObject","inLanguage":"fr-FR","@id":"https:\/\/www.alongavecanna.com\/fr\/#\/schema\/logo\/image\/","url":"https:\/\/www.alongavecanna.com\/wp-content\/uploads\/2023\/01\/logo-along-avec-anna.png","contentUrl":"https:\/\/www.alongavecanna.com\/wp-content\/uploads\/2023\/01\/logo-along-avec-anna.png","width":1728,"height":627,"caption":"Along Avec Anna"},"image":{"@id":"https:\/\/www.alongavecanna.com\/fr\/#\/schema\/logo\/image\/"},"sameAs":["https:\/\/facebook.com\/alongavecanna","https:\/\/www.instagram.com\/along.avec.anna\/"]}]}},"_links":{"self":[{"href":"https:\/\/www.alongavecanna.com\/fr\/wp-json\/wp\/v2\/product\/80161","targetHints":{"allow":["GET"]}}],"collection":[{"href":"https:\/\/www.alongavecanna.com\/fr\/wp-json\/wp\/v2\/product"}],"about":[{"href":"https:\/\/www.alongavecanna.com\/fr\/wp-json\/wp\/v2\/types\/product"}],"replies":[{"embeddable":true,"href":"https:\/\/www.alongavecanna.com\/fr\/wp-json\/wp\/v2\/comments?post=80161"}],"version-history":[{"count":3,"href":"https:\/\/www.alongavecanna.com\/fr\/wp-json\/wp\/v2\/product\/80161\/revisions"}],"predecessor-version":[{"id":80194,"href":"https:\/\/www.alongavecanna.com\/fr\/wp-json\/wp\/v2\/product\/80161\/revisions\/80194"}],"wp:featuredmedia":[{"embeddable":true,"href":"https:\/\/www.alongavecanna.com\/fr\/wp-json\/wp\/v2\/media\/80162"}],"wp:attachment":[{"href":"https:\/\/www.alongavecanna.com\/fr\/wp-json\/wp\/v2\/media?parent=80161"}],"wp:term":[{"taxonomy":"product_brand","embeddable":true,"href":"https:\/\/www.alongavecanna.com\/fr\/wp-json\/wp\/v2\/product_brand?post=80161"},{"taxonomy":"product_cat","embeddable":true,"href":"https:\/\/www.alongavecanna.com\/fr\/wp-json\/wp\/v2\/product_cat?post=80161"},{"taxonomy":"product_tag","embeddable":true,"href":"https:\/\/www.alongavecanna.com\/fr\/wp-json\/wp\/v2\/product_tag?post=80161"}],"curies":[{"name":"wp","href":"https:\/\/api.w.org\/{rel}","templated":true}]}}