{"id":79578,"date":"2026-04-16T19:29:29","date_gmt":"2026-04-16T19:29:29","guid":{"rendered":"https:\/\/www.alongavecanna.com\/?post_type=product&#038;p=79578"},"modified":"2026-04-16T19:43:24","modified_gmt":"2026-04-16T19:43:24","slug":"evergreen-pull","status":"publish","type":"product","link":"https:\/\/www.alongavecanna.com\/fr\/produit\/evergreen-pull\/","title":{"rendered":"Evergreen (Pull)"},"content":{"rendered":"<p><strong>Tailles<\/strong> : 95.5, 108, 121 (133.5, 146.5, 159) 172, 184.5, 197.5cm<\/p>\n<p><strong>\u00c9chantillon<\/strong> : 22 mailles x 28 rangs = 10 cm en jersey, en aiguilles 4mm\/US6 (ou autre taille d\u00e9pendant de votre \u00e9chantillon)<\/p>\n<p><strong>Aisance recommand\u00e9e<\/strong> : 25 \u00e0 35 cm<\/p>\n<p><strong>Laines<\/strong>: Deux fils \u00e0 tricoter ensemble &#8211; un fil de lace mohair et un fil de fingering.<br \/>\n<strong>CP<\/strong> : 880, 940, 1030 (1190, 1320, 1640) 1740, 1940, 2080m\u00e8tres de mohair, soit 5, 5, 5 (6, 7, 8) 9, 10, 10 pelotes de Silk Mohair &#8211; Along Avec Anna<\/p>\n<p>et 915, 1020, 1130 (1255, 1345, 1665) 1790, 2000, 2140 m\u00e8tres de fingering, soit 5, 5, 5 (7, 7, 9) 9, 10, 11 pelotes de Merino &#8211; Along Avec Anna<\/p>\n<p><strong>CC<\/strong> : 160, 190, 220 (240, 270, 290) 310, 330, 360 m\u00e8tres de mohair, soit 1, 1, 1 (2, 2, 2) 2, 2, 2 pelote(s) de Silk Mohair &#8211; Along Avec Anna<\/p>\n<p>et 180, 185, 200 (225, 245, 270) 290, 310, 335 m\u00e8tres de fingering, soit 1, 1, 1 (2, 2, 2) 2, 2, 2 pelote(s) de Merino &#8211; Along Avec Anna<\/p>\n<p><em>Version de pr\u00e9sentation<\/em> :<br \/>\nTricot\u00e9 en taille 110 avec 29.5 cm d\u2019aisance, en Silk Mohair et Merino, Along Avec Anna, coloris Colombe &amp; Muscade.<\/p>\n<p><strong>Aiguilles pr\u00e9conis\u00e9es<\/strong> (si votre \u00e9chantillon correspond bien) :<br \/>\n4mm\/US6 pour le corps et les manches<br \/>\n3.75mm\/US5 pour les c\u00f4tes (corps et manches)<\/p>\n<p><strong>Mat\u00e9riel<\/strong> : anneaux marqueurs, morceaux de laine pour mettre les mailles en attente, aiguille \u00e0 laine pour rentrer les fils<\/p>\n","protected":false},"excerpt":{"rendered":"<p><strong>Evergreen (Jumper)<\/strong> est un pull drop shoulders qui pr\u00e9sente un superbe d\u00e9tail aux \u00e9paules dans le haut du dos, ainsi que des motifs en jacquard sur le corps. Il se porte avec une aisance positive importante pour une allure confortable. Le patron propose deux choix d\u2019encolure : un col double en c\u00f4tes ou un col chemin\u00e9e.<\/p>\n<p>Se tricote du haut vers le bas. Notez que le premier motif en jacquard est tricot\u00e9 \u00e0 plat en aller-retour tandis que les motifs 2 et 3 sont tricot\u00e9s en rond.<\/p>\n","protected":false},"featured_media":79580,"comment_status":"open","ping_status":"closed","template":"","meta":[],"product_brand":[],"product_cat":[409,380,376,377,381,463],"product_tag":[1403],"class_list":{"0":"post-79578","1":"product","2":"type-product","3":"status-publish","4":"has-post-thumbnail","6":"product_cat-nouveautes-fr","7":"product_cat-patrons-anglais","8":"product_cat-patrons-de-tricot","9":"product_cat-patrons-femme","10":"product_cat-patrons-francais","11":"product_cat-tricots-de-saison","12":"product_tag-virtual","14":"first","15":"instock","16":"downloadable","17":"virtual","18":"taxable","19":"purchasable","20":"product-type-simple"},"yoast_head":"<!-- This site is optimized with the Yoast SEO plugin v27.4 - https:\/\/yoast.com\/product\/yoast-seo-wordpress\/ -->\n<title>Evergreen (Pull) - Along Avec Anna<\/title>\n<meta name=\"robots\" content=\"index, follow, max-snippet:-1, max-image-preview:large, max-video-preview:-1\" \/>\n<link rel=\"canonical\" href=\"https:\/\/www.alongavecanna.com\/fr\/produit\/evergreen-pull\/\" \/>\n<meta property=\"og:locale\" content=\"fr_FR\" \/>\n<meta property=\"og:type\" content=\"article\" \/>\n<meta property=\"og:title\" content=\"Evergreen (Pull) - Along Avec Anna\" \/>\n<meta property=\"og:description\" content=\"Evergreen (Jumper) est un pull drop shoulders qui pr\u00e9sente un superbe d\u00e9tail aux \u00e9paules dans le haut du dos, ainsi que des motifs en jacquard sur le corps. Il se porte avec une aisance positive importante pour une allure confortable. Le patron propose deux choix d\u2019encolure : un col double en c\u00f4tes ou un col chemin\u00e9e.  Se tricote du haut vers le bas. Notez que le premier motif en jacquard est tricot\u00e9 \u00e0 plat en aller-retour tandis que les motifs 2 et 3 sont tricot\u00e9s en rond.\" \/>\n<meta property=\"og:url\" content=\"https:\/\/www.alongavecanna.com\/fr\/produit\/evergreen-pull\/\" \/>\n<meta property=\"og:site_name\" content=\"Along Avec Anna\" \/>\n<meta property=\"article:publisher\" content=\"https:\/\/facebook.com\/alongavecanna\" \/>\n<meta property=\"article:modified_time\" content=\"2026-04-16T19:43:24+00:00\" \/>\n<meta property=\"og:image\" content=\"https:\/\/www.alongavecanna.com\/wp-content\/uploads\/2026\/04\/AlongAvec-71-2-scaled.jpg\" \/>\n\t<meta property=\"og:image:width\" content=\"1707\" \/>\n\t<meta property=\"og:image:height\" content=\"2560\" \/>\n\t<meta property=\"og:image:type\" content=\"image\/jpeg\" \/>\n<meta name=\"twitter:card\" content=\"summary_large_image\" \/>\n<meta name=\"twitter:label1\" content=\"Dur\u00e9e de lecture estim\u00e9e\" \/>\n\t<meta name=\"twitter:data1\" content=\"1 minute\" \/>\n<script type=\"application\/ld+json\" class=\"yoast-schema-graph\">{\"@context\":\"https:\\\/\\\/schema.org\",\"@graph\":[{\"@type\":\"WebPage\",\"@id\":\"https:\\\/\\\/www.alongavecanna.com\\\/fr\\\/produit\\\/evergreen-pull\\\/\",\"url\":\"https:\\\/\\\/www.alongavecanna.com\\\/fr\\\/produit\\\/evergreen-pull\\\/\",\"name\":\"Evergreen (Pull) - Along Avec Anna\",\"isPartOf\":{\"@id\":\"https:\\\/\\\/www.alongavecanna.com\\\/fr\\\/#website\"},\"primaryImageOfPage\":{\"@id\":\"https:\\\/\\\/www.alongavecanna.com\\\/fr\\\/produit\\\/evergreen-pull\\\/#primaryimage\"},\"image\":{\"@id\":\"https:\\\/\\\/www.alongavecanna.com\\\/fr\\\/produit\\\/evergreen-pull\\\/#primaryimage\"},\"thumbnailUrl\":\"https:\\\/\\\/www.alongavecanna.com\\\/wp-content\\\/uploads\\\/2026\\\/04\\\/AlongAvec-71-2-scaled.jpg\",\"datePublished\":\"2026-04-16T19:29:29+00:00\",\"dateModified\":\"2026-04-16T19:43:24+00:00\",\"breadcrumb\":{\"@id\":\"https:\\\/\\\/www.alongavecanna.com\\\/fr\\\/produit\\\/evergreen-pull\\\/#breadcrumb\"},\"inLanguage\":\"fr-FR\",\"potentialAction\":[{\"@type\":\"ReadAction\",\"target\":[\"https:\\\/\\\/www.alongavecanna.com\\\/fr\\\/produit\\\/evergreen-pull\\\/\"]}]},{\"@type\":\"ImageObject\",\"inLanguage\":\"fr-FR\",\"@id\":\"https:\\\/\\\/www.alongavecanna.com\\\/fr\\\/produit\\\/evergreen-pull\\\/#primaryimage\",\"url\":\"https:\\\/\\\/www.alongavecanna.com\\\/wp-content\\\/uploads\\\/2026\\\/04\\\/AlongAvec-71-2-scaled.jpg\",\"contentUrl\":\"https:\\\/\\\/www.alongavecanna.com\\\/wp-content\\\/uploads\\\/2026\\\/04\\\/AlongAvec-71-2-scaled.jpg\",\"width\":1707,\"height\":2560},{\"@type\":\"BreadcrumbList\",\"@id\":\"https:\\\/\\\/www.alongavecanna.com\\\/fr\\\/produit\\\/evergreen-pull\\\/#breadcrumb\",\"itemListElement\":[{\"@type\":\"ListItem\",\"position\":1,\"name\":\"Home\",\"item\":\"https:\\\/\\\/www.alongavecanna.com\\\/fr\\\/\"},{\"@type\":\"ListItem\",\"position\":2,\"name\":\"Produits\",\"item\":\"https:\\\/\\\/www.alongavecanna.com\\\/fr\\\/shop\\\/\"},{\"@type\":\"ListItem\",\"position\":3,\"name\":\"Evergreen (Pull)\"}]},{\"@type\":\"WebSite\",\"@id\":\"https:\\\/\\\/www.alongavecanna.com\\\/fr\\\/#website\",\"url\":\"https:\\\/\\\/www.alongavecanna.com\\\/fr\\\/\",\"name\":\"Along Avec Anna\",\"description\":\"Ethical yarn &amp; timeless knitting patterns\",\"publisher\":{\"@id\":\"https:\\\/\\\/www.alongavecanna.com\\\/fr\\\/#organization\"},\"potentialAction\":[{\"@type\":\"SearchAction\",\"target\":{\"@type\":\"EntryPoint\",\"urlTemplate\":\"https:\\\/\\\/www.alongavecanna.com\\\/fr\\\/?s={search_term_string}\"},\"query-input\":{\"@type\":\"PropertyValueSpecification\",\"valueRequired\":true,\"valueName\":\"search_term_string\"}}],\"inLanguage\":\"fr-FR\"},{\"@type\":\"Organization\",\"@id\":\"https:\\\/\\\/www.alongavecanna.com\\\/fr\\\/#organization\",\"name\":\"Along Avec Anna\",\"url\":\"https:\\\/\\\/www.alongavecanna.com\\\/fr\\\/\",\"logo\":{\"@type\":\"ImageObject\",\"inLanguage\":\"fr-FR\",\"@id\":\"https:\\\/\\\/www.alongavecanna.com\\\/fr\\\/#\\\/schema\\\/logo\\\/image\\\/\",\"url\":\"https:\\\/\\\/www.alongavecanna.com\\\/wp-content\\\/uploads\\\/2023\\\/01\\\/logo-along-avec-anna.png\",\"contentUrl\":\"https:\\\/\\\/www.alongavecanna.com\\\/wp-content\\\/uploads\\\/2023\\\/01\\\/logo-along-avec-anna.png\",\"width\":1728,\"height\":627,\"caption\":\"Along Avec Anna\"},\"image\":{\"@id\":\"https:\\\/\\\/www.alongavecanna.com\\\/fr\\\/#\\\/schema\\\/logo\\\/image\\\/\"},\"sameAs\":[\"https:\\\/\\\/facebook.com\\\/alongavecanna\",\"https:\\\/\\\/www.instagram.com\\\/along.avec.anna\\\/\"]}]}<\/script>\n<!-- \/ Yoast SEO plugin. -->","yoast_head_json":{"title":"Evergreen (Pull) - Along Avec Anna","robots":{"index":"index","follow":"follow","max-snippet":"max-snippet:-1","max-image-preview":"max-image-preview:large","max-video-preview":"max-video-preview:-1"},"canonical":"https:\/\/www.alongavecanna.com\/fr\/produit\/evergreen-pull\/","og_locale":"fr_FR","og_type":"article","og_title":"Evergreen (Pull) - Along Avec Anna","og_description":"Evergreen (Jumper) est un pull drop shoulders qui pr\u00e9sente un superbe d\u00e9tail aux \u00e9paules dans le haut du dos, ainsi que des motifs en jacquard sur le corps. Il se porte avec une aisance positive importante pour une allure confortable. Le patron propose deux choix d\u2019encolure : un col double en c\u00f4tes ou un col chemin\u00e9e.  Se tricote du haut vers le bas. Notez que le premier motif en jacquard est tricot\u00e9 \u00e0 plat en aller-retour tandis que les motifs 2 et 3 sont tricot\u00e9s en rond.","og_url":"https:\/\/www.alongavecanna.com\/fr\/produit\/evergreen-pull\/","og_site_name":"Along Avec Anna","article_publisher":"https:\/\/facebook.com\/alongavecanna","article_modified_time":"2026-04-16T19:43:24+00:00","og_image":[{"width":1707,"height":2560,"url":"https:\/\/www.alongavecanna.com\/wp-content\/uploads\/2026\/04\/AlongAvec-71-2-scaled.jpg","type":"image\/jpeg"}],"twitter_card":"summary_large_image","twitter_misc":{"Dur\u00e9e de lecture estim\u00e9e":"1 minute"},"schema":{"@context":"https:\/\/schema.org","@graph":[{"@type":"WebPage","@id":"https:\/\/www.alongavecanna.com\/fr\/produit\/evergreen-pull\/","url":"https:\/\/www.alongavecanna.com\/fr\/produit\/evergreen-pull\/","name":"Evergreen (Pull) - Along Avec Anna","isPartOf":{"@id":"https:\/\/www.alongavecanna.com\/fr\/#website"},"primaryImageOfPage":{"@id":"https:\/\/www.alongavecanna.com\/fr\/produit\/evergreen-pull\/#primaryimage"},"image":{"@id":"https:\/\/www.alongavecanna.com\/fr\/produit\/evergreen-pull\/#primaryimage"},"thumbnailUrl":"https:\/\/www.alongavecanna.com\/wp-content\/uploads\/2026\/04\/AlongAvec-71-2-scaled.jpg","datePublished":"2026-04-16T19:29:29+00:00","dateModified":"2026-04-16T19:43:24+00:00","breadcrumb":{"@id":"https:\/\/www.alongavecanna.com\/fr\/produit\/evergreen-pull\/#breadcrumb"},"inLanguage":"fr-FR","potentialAction":[{"@type":"ReadAction","target":["https:\/\/www.alongavecanna.com\/fr\/produit\/evergreen-pull\/"]}]},{"@type":"ImageObject","inLanguage":"fr-FR","@id":"https:\/\/www.alongavecanna.com\/fr\/produit\/evergreen-pull\/#primaryimage","url":"https:\/\/www.alongavecanna.com\/wp-content\/uploads\/2026\/04\/AlongAvec-71-2-scaled.jpg","contentUrl":"https:\/\/www.alongavecanna.com\/wp-content\/uploads\/2026\/04\/AlongAvec-71-2-scaled.jpg","width":1707,"height":2560},{"@type":"BreadcrumbList","@id":"https:\/\/www.alongavecanna.com\/fr\/produit\/evergreen-pull\/#breadcrumb","itemListElement":[{"@type":"ListItem","position":1,"name":"Home","item":"https:\/\/www.alongavecanna.com\/fr\/"},{"@type":"ListItem","position":2,"name":"Produits","item":"https:\/\/www.alongavecanna.com\/fr\/shop\/"},{"@type":"ListItem","position":3,"name":"Evergreen (Pull)"}]},{"@type":"WebSite","@id":"https:\/\/www.alongavecanna.com\/fr\/#website","url":"https:\/\/www.alongavecanna.com\/fr\/","name":"Along Avec Anna","description":"Ethical yarn &amp; timeless knitting patterns","publisher":{"@id":"https:\/\/www.alongavecanna.com\/fr\/#organization"},"potentialAction":[{"@type":"SearchAction","target":{"@type":"EntryPoint","urlTemplate":"https:\/\/www.alongavecanna.com\/fr\/?s={search_term_string}"},"query-input":{"@type":"PropertyValueSpecification","valueRequired":true,"valueName":"search_term_string"}}],"inLanguage":"fr-FR"},{"@type":"Organization","@id":"https:\/\/www.alongavecanna.com\/fr\/#organization","name":"Along Avec Anna","url":"https:\/\/www.alongavecanna.com\/fr\/","logo":{"@type":"ImageObject","inLanguage":"fr-FR","@id":"https:\/\/www.alongavecanna.com\/fr\/#\/schema\/logo\/image\/","url":"https:\/\/www.alongavecanna.com\/wp-content\/uploads\/2023\/01\/logo-along-avec-anna.png","contentUrl":"https:\/\/www.alongavecanna.com\/wp-content\/uploads\/2023\/01\/logo-along-avec-anna.png","width":1728,"height":627,"caption":"Along Avec Anna"},"image":{"@id":"https:\/\/www.alongavecanna.com\/fr\/#\/schema\/logo\/image\/"},"sameAs":["https:\/\/facebook.com\/alongavecanna","https:\/\/www.instagram.com\/along.avec.anna\/"]}]}},"_links":{"self":[{"href":"https:\/\/www.alongavecanna.com\/fr\/wp-json\/wp\/v2\/product\/79578","targetHints":{"allow":["GET"]}}],"collection":[{"href":"https:\/\/www.alongavecanna.com\/fr\/wp-json\/wp\/v2\/product"}],"about":[{"href":"https:\/\/www.alongavecanna.com\/fr\/wp-json\/wp\/v2\/types\/product"}],"replies":[{"embeddable":true,"href":"https:\/\/www.alongavecanna.com\/fr\/wp-json\/wp\/v2\/comments?post=79578"}],"version-history":[{"count":1,"href":"https:\/\/www.alongavecanna.com\/fr\/wp-json\/wp\/v2\/product\/79578\/revisions"}],"predecessor-version":[{"id":79587,"href":"https:\/\/www.alongavecanna.com\/fr\/wp-json\/wp\/v2\/product\/79578\/revisions\/79587"}],"wp:featuredmedia":[{"embeddable":true,"href":"https:\/\/www.alongavecanna.com\/fr\/wp-json\/wp\/v2\/media\/79580"}],"wp:attachment":[{"href":"https:\/\/www.alongavecanna.com\/fr\/wp-json\/wp\/v2\/media?parent=79578"}],"wp:term":[{"taxonomy":"product_brand","embeddable":true,"href":"https:\/\/www.alongavecanna.com\/fr\/wp-json\/wp\/v2\/product_brand?post=79578"},{"taxonomy":"product_cat","embeddable":true,"href":"https:\/\/www.alongavecanna.com\/fr\/wp-json\/wp\/v2\/product_cat?post=79578"},{"taxonomy":"product_tag","embeddable":true,"href":"https:\/\/www.alongavecanna.com\/fr\/wp-json\/wp\/v2\/product_tag?post=79578"}],"curies":[{"name":"wp","href":"https:\/\/api.w.org\/{rel}","templated":true}]}}