{"id":79046,"date":"2026-03-27T12:47:46","date_gmt":"2026-03-27T12:47:46","guid":{"rendered":"https:\/\/www.alongavecanna.com\/?post_type=product&#038;p=79046"},"modified":"2026-05-06T12:05:46","modified_gmt":"2026-05-06T12:05:46","slug":"alpaga-soie-cachemire-4ply-charcoal","status":"publish","type":"product","link":"https:\/\/www.alongavecanna.com\/fr\/produit\/alpaga-soie-cachemire-4ply-charcoal\/","title":{"rendered":"Alpaga\/Soie\/Cachemire (4ply) &#8211; Charcoal"},"content":{"rendered":"<p style=\"text-align: justify;\">Fil Alpaca\/Silk-Cashmere Along avec Anna. Ce fil est cruelty-free et Oeko Tex 100.<\/p>\n<ul style=\"text-align: justify;\">\n<li><span data-sheets-root=\"1\">70% baby alpaga, 20% soie, 10% cachemire<\/span><\/li>\n<li>Non Superwash<\/li>\n<li>\u00c9cheveau : 100g<\/li>\n<li>M\u00e8tres : 400m<\/li>\n<li>Tricot\u00e9 en simple comme base 4ply (Fingering)<\/li>\n<li>Lavage \u00e0 la main<\/li>\n<\/ul>\n<p id=\"tw-target-text\" class=\"tw-data-text tw-text-large XcVN5d tw-ta\" dir=\"ltr\" style=\"text-align: justify;\" data-placeholder=\"Traduction\"><em>Note : comme les \u00e9crans d&rsquo;ordinateur affichent les couleurs diff\u00e9remment, nous ne pouvons pas garantir que la couleur du fil sur votre \u00e9cran d&rsquo;ordinateur refl\u00e8te fid\u00e8lement les couleurs r\u00e9elles du produit.<\/em><\/p>\n","protected":false},"excerpt":{"rendered":"<p style=\"text-align: justify;\">Fil Alpaca\/Silk-Cashmere Along avec Anna. Ce fil est cruelty-free et Oeko Tex 100.<\/p>\n<ul style=\"text-align: justify;\">\n<li><span data-sheets-root=\"1\">70% baby alpaga, 20% soie, 10% cachemire<\/span><\/li>\n<li>Non Superwash<\/li>\n<li>\u00c9cheveau : 100g<\/li>\n<li>M\u00e8tres : 400m<\/li>\n<li>Tricot\u00e9 en simple comme base 4ply (Fingering)<\/li>\n<li>Lavage \u00e0 la main<\/li>\n<\/ul>\n<p id=\"tw-target-text\" class=\"tw-data-text tw-text-large XcVN5d tw-ta\" dir=\"ltr\" style=\"text-align: justify;\" data-placeholder=\"Traduction\"><em>Note : comme les \u00e9crans d&rsquo;ordinateur affichent les couleurs diff\u00e9remment, nous ne pouvons pas garantir que la couleur du fil sur votre \u00e9cran d&rsquo;ordinateur refl\u00e8te fid\u00e8lement les couleurs r\u00e9elles du produit.<\/em><\/p>\n","protected":false},"featured_media":79047,"comment_status":"open","ping_status":"closed","template":"","meta":[],"product_brand":[],"product_cat":[468,392,1389,409],"product_tag":[],"class_list":{"0":"post-79046","1":"product","2":"type-product","3":"status-publish","4":"has-post-thumbnail","6":"product_cat-fingering-fr","7":"product_cat-laine-fr","8":"product_cat-laines-non-teintes","9":"product_cat-nouveautes-fr","10":"product_shipping_class-small-parcel-laine-fr","12":"first","13":"instock","14":"taxable","15":"shipping-taxable","16":"purchasable","17":"product-type-simple"},"yoast_head":"<!-- This site is optimized with the Yoast SEO plugin v27.5 - https:\/\/yoast.com\/product\/yoast-seo-wordpress\/ -->\n<title>Alpaga\/Soie\/Cachemire (4ply) - Charcoal - Along Avec Anna<\/title>\n<meta name=\"robots\" content=\"index, follow, max-snippet:-1, max-image-preview:large, max-video-preview:-1\" \/>\n<link rel=\"canonical\" href=\"https:\/\/www.alongavecanna.com\/fr\/produit\/alpaga-soie-cachemire-4ply-charcoal\/\" \/>\n<meta property=\"og:locale\" content=\"fr_FR\" \/>\n<meta property=\"og:type\" content=\"article\" \/>\n<meta property=\"og:title\" content=\"Alpaga\/Soie\/Cachemire (4ply) - Charcoal - Along Avec Anna\" \/>\n<meta property=\"og:description\" content=\"Fil Alpaca\/Silk-Cashmere Along avec Anna. Ce fil est cruelty-free et Oeko Tex 100.    70% baby alpaga, 20% soie, 10% cachemire  Non Superwash  \u00c9cheveau : 100g  M\u00e8tres : 400m  Tricot\u00e9 en simple comme base 4ply (Fingering)  Lavage \u00e0 la main  Note : comme les \u00e9crans d&#039;ordinateur affichent les couleurs diff\u00e9remment, nous ne pouvons pas garantir que la couleur du fil sur votre \u00e9cran d&#039;ordinateur refl\u00e8te fid\u00e8lement les couleurs r\u00e9elles du produit.\" \/>\n<meta property=\"og:url\" content=\"https:\/\/www.alongavecanna.com\/fr\/produit\/alpaga-soie-cachemire-4ply-charcoal\/\" \/>\n<meta property=\"og:site_name\" content=\"Along Avec Anna\" \/>\n<meta property=\"article:publisher\" content=\"https:\/\/facebook.com\/alongavecanna\" \/>\n<meta property=\"article:modified_time\" content=\"2026-05-06T12:05:46+00:00\" \/>\n<meta property=\"og:image\" content=\"https:\/\/www.alongavecanna.com\/wp-content\/uploads\/2026\/03\/ACS_2407-scaled.jpg\" \/>\n\t<meta property=\"og:image:width\" content=\"1707\" \/>\n\t<meta property=\"og:image:height\" content=\"2560\" \/>\n\t<meta property=\"og:image:type\" content=\"image\/jpeg\" \/>\n<meta name=\"twitter:card\" content=\"summary_large_image\" \/>\n<script type=\"application\/ld+json\" class=\"yoast-schema-graph\">{\"@context\":\"https:\\\/\\\/schema.org\",\"@graph\":[{\"@type\":\"WebPage\",\"@id\":\"https:\\\/\\\/www.alongavecanna.com\\\/fr\\\/produit\\\/alpaga-soie-cachemire-4ply-charcoal\\\/\",\"url\":\"https:\\\/\\\/www.alongavecanna.com\\\/fr\\\/produit\\\/alpaga-soie-cachemire-4ply-charcoal\\\/\",\"name\":\"Alpaga\\\/Soie\\\/Cachemire (4ply) - Charcoal - Along Avec Anna\",\"isPartOf\":{\"@id\":\"https:\\\/\\\/www.alongavecanna.com\\\/fr\\\/#website\"},\"primaryImageOfPage\":{\"@id\":\"https:\\\/\\\/www.alongavecanna.com\\\/fr\\\/produit\\\/alpaga-soie-cachemire-4ply-charcoal\\\/#primaryimage\"},\"image\":{\"@id\":\"https:\\\/\\\/www.alongavecanna.com\\\/fr\\\/produit\\\/alpaga-soie-cachemire-4ply-charcoal\\\/#primaryimage\"},\"thumbnailUrl\":\"https:\\\/\\\/www.alongavecanna.com\\\/wp-content\\\/uploads\\\/2026\\\/03\\\/ACS_2407-scaled.jpg\",\"datePublished\":\"2026-03-27T12:47:46+00:00\",\"dateModified\":\"2026-05-06T12:05:46+00:00\",\"breadcrumb\":{\"@id\":\"https:\\\/\\\/www.alongavecanna.com\\\/fr\\\/produit\\\/alpaga-soie-cachemire-4ply-charcoal\\\/#breadcrumb\"},\"inLanguage\":\"fr-FR\",\"potentialAction\":[{\"@type\":\"ReadAction\",\"target\":[\"https:\\\/\\\/www.alongavecanna.com\\\/fr\\\/produit\\\/alpaga-soie-cachemire-4ply-charcoal\\\/\"]}]},{\"@type\":\"ImageObject\",\"inLanguage\":\"fr-FR\",\"@id\":\"https:\\\/\\\/www.alongavecanna.com\\\/fr\\\/produit\\\/alpaga-soie-cachemire-4ply-charcoal\\\/#primaryimage\",\"url\":\"https:\\\/\\\/www.alongavecanna.com\\\/wp-content\\\/uploads\\\/2026\\\/03\\\/ACS_2407-scaled.jpg\",\"contentUrl\":\"https:\\\/\\\/www.alongavecanna.com\\\/wp-content\\\/uploads\\\/2026\\\/03\\\/ACS_2407-scaled.jpg\",\"width\":1707,\"height\":2560},{\"@type\":\"BreadcrumbList\",\"@id\":\"https:\\\/\\\/www.alongavecanna.com\\\/fr\\\/produit\\\/alpaga-soie-cachemire-4ply-charcoal\\\/#breadcrumb\",\"itemListElement\":[{\"@type\":\"ListItem\",\"position\":1,\"name\":\"Home\",\"item\":\"https:\\\/\\\/www.alongavecanna.com\\\/fr\\\/\"},{\"@type\":\"ListItem\",\"position\":2,\"name\":\"Produits\",\"item\":\"https:\\\/\\\/www.alongavecanna.com\\\/fr\\\/shop\\\/\"},{\"@type\":\"ListItem\",\"position\":3,\"name\":\"Alpaga\\\/Soie\\\/Cachemire (4ply) &#8211; Charcoal\"}]},{\"@type\":\"WebSite\",\"@id\":\"https:\\\/\\\/www.alongavecanna.com\\\/fr\\\/#website\",\"url\":\"https:\\\/\\\/www.alongavecanna.com\\\/fr\\\/\",\"name\":\"Along Avec Anna\",\"description\":\"Ethical yarn &amp; timeless knitting patterns\",\"publisher\":{\"@id\":\"https:\\\/\\\/www.alongavecanna.com\\\/fr\\\/#organization\"},\"potentialAction\":[{\"@type\":\"SearchAction\",\"target\":{\"@type\":\"EntryPoint\",\"urlTemplate\":\"https:\\\/\\\/www.alongavecanna.com\\\/fr\\\/?s={search_term_string}\"},\"query-input\":{\"@type\":\"PropertyValueSpecification\",\"valueRequired\":true,\"valueName\":\"search_term_string\"}}],\"inLanguage\":\"fr-FR\"},{\"@type\":\"Organization\",\"@id\":\"https:\\\/\\\/www.alongavecanna.com\\\/fr\\\/#organization\",\"name\":\"Along Avec Anna\",\"url\":\"https:\\\/\\\/www.alongavecanna.com\\\/fr\\\/\",\"logo\":{\"@type\":\"ImageObject\",\"inLanguage\":\"fr-FR\",\"@id\":\"https:\\\/\\\/www.alongavecanna.com\\\/fr\\\/#\\\/schema\\\/logo\\\/image\\\/\",\"url\":\"https:\\\/\\\/www.alongavecanna.com\\\/wp-content\\\/uploads\\\/2023\\\/01\\\/logo-along-avec-anna.png\",\"contentUrl\":\"https:\\\/\\\/www.alongavecanna.com\\\/wp-content\\\/uploads\\\/2023\\\/01\\\/logo-along-avec-anna.png\",\"width\":1728,\"height\":627,\"caption\":\"Along Avec Anna\"},\"image\":{\"@id\":\"https:\\\/\\\/www.alongavecanna.com\\\/fr\\\/#\\\/schema\\\/logo\\\/image\\\/\"},\"sameAs\":[\"https:\\\/\\\/facebook.com\\\/alongavecanna\",\"https:\\\/\\\/www.instagram.com\\\/along.avec.anna\\\/\"]}]}<\/script>\n<!-- \/ Yoast SEO plugin. -->","yoast_head_json":{"title":"Alpaga\/Soie\/Cachemire (4ply) - Charcoal - Along Avec Anna","robots":{"index":"index","follow":"follow","max-snippet":"max-snippet:-1","max-image-preview":"max-image-preview:large","max-video-preview":"max-video-preview:-1"},"canonical":"https:\/\/www.alongavecanna.com\/fr\/produit\/alpaga-soie-cachemire-4ply-charcoal\/","og_locale":"fr_FR","og_type":"article","og_title":"Alpaga\/Soie\/Cachemire (4ply) - Charcoal - Along Avec Anna","og_description":"Fil Alpaca\/Silk-Cashmere Along avec Anna. Ce fil est cruelty-free et Oeko Tex 100.    70% baby alpaga, 20% soie, 10% cachemire  Non Superwash  \u00c9cheveau : 100g  M\u00e8tres : 400m  Tricot\u00e9 en simple comme base 4ply (Fingering)  Lavage \u00e0 la main  Note : comme les \u00e9crans d'ordinateur affichent les couleurs diff\u00e9remment, nous ne pouvons pas garantir que la couleur du fil sur votre \u00e9cran d'ordinateur refl\u00e8te fid\u00e8lement les couleurs r\u00e9elles du produit.","og_url":"https:\/\/www.alongavecanna.com\/fr\/produit\/alpaga-soie-cachemire-4ply-charcoal\/","og_site_name":"Along Avec Anna","article_publisher":"https:\/\/facebook.com\/alongavecanna","article_modified_time":"2026-05-06T12:05:46+00:00","og_image":[{"width":1707,"height":2560,"url":"https:\/\/www.alongavecanna.com\/wp-content\/uploads\/2026\/03\/ACS_2407-scaled.jpg","type":"image\/jpeg"}],"twitter_card":"summary_large_image","schema":{"@context":"https:\/\/schema.org","@graph":[{"@type":"WebPage","@id":"https:\/\/www.alongavecanna.com\/fr\/produit\/alpaga-soie-cachemire-4ply-charcoal\/","url":"https:\/\/www.alongavecanna.com\/fr\/produit\/alpaga-soie-cachemire-4ply-charcoal\/","name":"Alpaga\/Soie\/Cachemire (4ply) - Charcoal - Along Avec Anna","isPartOf":{"@id":"https:\/\/www.alongavecanna.com\/fr\/#website"},"primaryImageOfPage":{"@id":"https:\/\/www.alongavecanna.com\/fr\/produit\/alpaga-soie-cachemire-4ply-charcoal\/#primaryimage"},"image":{"@id":"https:\/\/www.alongavecanna.com\/fr\/produit\/alpaga-soie-cachemire-4ply-charcoal\/#primaryimage"},"thumbnailUrl":"https:\/\/www.alongavecanna.com\/wp-content\/uploads\/2026\/03\/ACS_2407-scaled.jpg","datePublished":"2026-03-27T12:47:46+00:00","dateModified":"2026-05-06T12:05:46+00:00","breadcrumb":{"@id":"https:\/\/www.alongavecanna.com\/fr\/produit\/alpaga-soie-cachemire-4ply-charcoal\/#breadcrumb"},"inLanguage":"fr-FR","potentialAction":[{"@type":"ReadAction","target":["https:\/\/www.alongavecanna.com\/fr\/produit\/alpaga-soie-cachemire-4ply-charcoal\/"]}]},{"@type":"ImageObject","inLanguage":"fr-FR","@id":"https:\/\/www.alongavecanna.com\/fr\/produit\/alpaga-soie-cachemire-4ply-charcoal\/#primaryimage","url":"https:\/\/www.alongavecanna.com\/wp-content\/uploads\/2026\/03\/ACS_2407-scaled.jpg","contentUrl":"https:\/\/www.alongavecanna.com\/wp-content\/uploads\/2026\/03\/ACS_2407-scaled.jpg","width":1707,"height":2560},{"@type":"BreadcrumbList","@id":"https:\/\/www.alongavecanna.com\/fr\/produit\/alpaga-soie-cachemire-4ply-charcoal\/#breadcrumb","itemListElement":[{"@type":"ListItem","position":1,"name":"Home","item":"https:\/\/www.alongavecanna.com\/fr\/"},{"@type":"ListItem","position":2,"name":"Produits","item":"https:\/\/www.alongavecanna.com\/fr\/shop\/"},{"@type":"ListItem","position":3,"name":"Alpaga\/Soie\/Cachemire (4ply) &#8211; Charcoal"}]},{"@type":"WebSite","@id":"https:\/\/www.alongavecanna.com\/fr\/#website","url":"https:\/\/www.alongavecanna.com\/fr\/","name":"Along Avec Anna","description":"Ethical yarn &amp; timeless knitting patterns","publisher":{"@id":"https:\/\/www.alongavecanna.com\/fr\/#organization"},"potentialAction":[{"@type":"SearchAction","target":{"@type":"EntryPoint","urlTemplate":"https:\/\/www.alongavecanna.com\/fr\/?s={search_term_string}"},"query-input":{"@type":"PropertyValueSpecification","valueRequired":true,"valueName":"search_term_string"}}],"inLanguage":"fr-FR"},{"@type":"Organization","@id":"https:\/\/www.alongavecanna.com\/fr\/#organization","name":"Along Avec Anna","url":"https:\/\/www.alongavecanna.com\/fr\/","logo":{"@type":"ImageObject","inLanguage":"fr-FR","@id":"https:\/\/www.alongavecanna.com\/fr\/#\/schema\/logo\/image\/","url":"https:\/\/www.alongavecanna.com\/wp-content\/uploads\/2023\/01\/logo-along-avec-anna.png","contentUrl":"https:\/\/www.alongavecanna.com\/wp-content\/uploads\/2023\/01\/logo-along-avec-anna.png","width":1728,"height":627,"caption":"Along Avec Anna"},"image":{"@id":"https:\/\/www.alongavecanna.com\/fr\/#\/schema\/logo\/image\/"},"sameAs":["https:\/\/facebook.com\/alongavecanna","https:\/\/www.instagram.com\/along.avec.anna\/"]}]}},"_links":{"self":[{"href":"https:\/\/www.alongavecanna.com\/fr\/wp-json\/wp\/v2\/product\/79046","targetHints":{"allow":["GET"]}}],"collection":[{"href":"https:\/\/www.alongavecanna.com\/fr\/wp-json\/wp\/v2\/product"}],"about":[{"href":"https:\/\/www.alongavecanna.com\/fr\/wp-json\/wp\/v2\/types\/product"}],"replies":[{"embeddable":true,"href":"https:\/\/www.alongavecanna.com\/fr\/wp-json\/wp\/v2\/comments?post=79046"}],"version-history":[{"count":3,"href":"https:\/\/www.alongavecanna.com\/fr\/wp-json\/wp\/v2\/product\/79046\/revisions"}],"predecessor-version":[{"id":80106,"href":"https:\/\/www.alongavecanna.com\/fr\/wp-json\/wp\/v2\/product\/79046\/revisions\/80106"}],"wp:featuredmedia":[{"embeddable":true,"href":"https:\/\/www.alongavecanna.com\/fr\/wp-json\/wp\/v2\/media\/79047"}],"wp:attachment":[{"href":"https:\/\/www.alongavecanna.com\/fr\/wp-json\/wp\/v2\/media?parent=79046"}],"wp:term":[{"taxonomy":"product_brand","embeddable":true,"href":"https:\/\/www.alongavecanna.com\/fr\/wp-json\/wp\/v2\/product_brand?post=79046"},{"taxonomy":"product_cat","embeddable":true,"href":"https:\/\/www.alongavecanna.com\/fr\/wp-json\/wp\/v2\/product_cat?post=79046"},{"taxonomy":"product_tag","embeddable":true,"href":"https:\/\/www.alongavecanna.com\/fr\/wp-json\/wp\/v2\/product_tag?post=79046"}],"curies":[{"name":"wp","href":"https:\/\/api.w.org\/{rel}","templated":true}]}}