{"id":78931,"date":"2026-03-26T11:18:39","date_gmt":"2026-03-26T11:18:39","guid":{"rendered":"https:\/\/www.alongavecanna.com\/?post_type=product&#038;p=78931"},"modified":"2026-03-27T10:27:33","modified_gmt":"2026-03-27T10:27:33","slug":"merrivale-pull","status":"publish","type":"product","link":"https:\/\/www.alongavecanna.com\/fr\/produit\/merrivale-pull\/","title":{"rendered":"Merrivale (Pull)"},"content":{"rendered":"<p><strong>Tailles<\/strong> : 90, 97, 106 (115, 122, 130, 137) 146, 155, 162 cm<\/p>\n<p><strong>Echantillon<\/strong> : 23 mailles x 32 rangs = 10 cm en jersey en rond, en aiguilles 4mm\/US6 (fingering+mohair)<br \/>\nou 3.75mm\/US5 (DK fil simple)<\/p>\n<p><strong>Laines<\/strong> : <strong>Deux fils \u00e0 tricoter ensemble<\/strong> &#8211; un fil de lace mohair et un fil de fingering.<br \/>\n<em>CP<\/em> : 875, 970, 1055 (1150, 1230, 1330, 1455) 1585, 1715, 1865m\u00e8tres de Merino<br \/>\net 915, 1025, 1105 (1195, 1290, 1395, 1525) 1655, 1790, 1955m\u00e8tres de Silk Mohair<br \/>\n<em>CC<\/em> : 30, 30, 40 (40, 40, 50, 50) 50, 60, 60 m\u00e8tres de Merino et la m\u00eame quantit\u00e9<br \/>\nde Silk Mohair<\/p>\n<p>soit <em>CP<\/em> : 5, 5, 6 (6, 7, 7, 8) 8, 9, 10 pelotes de Silk Mohair &#8211; Along Avec Anna et la m\u00eame quantit\u00e9 de Merino &#8211; Along Avec Anna pour la CP<br \/>\n<em>CC<\/em> : 1 pelote de chaque pour la CC<\/p>\n<p><strong>ou un seul fil de DK<\/strong><br \/>\n<em>CP<\/em> : 875, 970, 1055 (1150, 1230, 1330, 1455) 1585, 1715, 1865m\u00e8tres<br \/>\n<em>CC<\/em> : 30, 30, 40 (40, 40, 50, 50) 50, 60, 60 m\u00e8tres<br \/>\nSoit 9, 9, 10 (11, 12, 13, 14) 15, 16, 18 pelotes de Double Merino<\/p>\n<p><em>Version de pr\u00e9sentation<\/em> :<br \/>\nTricot\u00e9 en taille 90 avec 10 cm d\u2019aisance, en Merino &amp; Silk Mohair, Along Avec Anna, coloris Poudre et Colombe.<\/p>\n<p><strong>Aiguilles pr\u00e9conis\u00e9es<\/strong> (si votre \u00e9chantillon correspond bien) :<br \/>\n4mm\/US6 (double fil) ou 3.75mm\/US5 (un fil) pour le corps et les manches<br \/>\n3.75mm\/US 5 (double fil) ou 3.5mm\/US4 (un fil) pour les c\u00f4tes<\/p>\n<p><strong>Mat\u00e9riel<\/strong> : anneaux marqueurs, morceaux de laine pour mettre les mailles en attente, aiguille \u00e0 laine pour rentrer les fils<\/p>\n","protected":false},"excerpt":{"rendered":"<p><strong>Merrivale (pull)<\/strong> est un pull femme en empi\u00e8cement circulaire (yoke), qui poss\u00e8de un d\u00e9licat motif de mailles gliss\u00e9es. Les finitions sont en c\u00f4tes 2\/2 et il est pr\u00e9vu pour \u00eatre port\u00e9 avec un petit peu d\u2019aisance, pour un rendu confortable.<br \/>\nTricot\u00e9 du haut vers le bas, il est accessible \u00e0 un niveau d\u00e9butant motiv\u00e9.<\/p>\n","protected":false},"featured_media":78949,"comment_status":"open","ping_status":"closed","template":"","meta":[],"product_brand":[],"product_cat":[409,380,376,377,381,463],"product_tag":[1403],"class_list":{"0":"post-78931","1":"product","2":"type-product","3":"status-publish","4":"has-post-thumbnail","6":"product_cat-nouveautes-fr","7":"product_cat-patrons-anglais","8":"product_cat-patrons-de-tricot","9":"product_cat-patrons-femme","10":"product_cat-patrons-francais","11":"product_cat-tricots-de-saison","12":"product_tag-virtual","14":"first","15":"instock","16":"downloadable","17":"virtual","18":"taxable","19":"purchasable","20":"product-type-simple"},"yoast_head":"<!-- This site is optimized with the Yoast SEO plugin v27.6 - https:\/\/yoast.com\/product\/yoast-seo-wordpress\/ -->\n<title>Merrivale (Pull) - Along Avec Anna<\/title>\n<meta name=\"robots\" content=\"index, follow, max-snippet:-1, max-image-preview:large, max-video-preview:-1\" \/>\n<link rel=\"canonical\" href=\"https:\/\/www.alongavecanna.com\/fr\/produit\/merrivale-pull\/\" \/>\n<meta property=\"og:locale\" content=\"fr_FR\" \/>\n<meta property=\"og:type\" content=\"article\" \/>\n<meta property=\"og:title\" content=\"Merrivale (Pull) - Along Avec Anna\" \/>\n<meta property=\"og:description\" content=\"Merrivale (pull) est un pull femme en empi\u00e8cement circulaire (yoke), qui poss\u00e8de un d\u00e9licat motif de mailles gliss\u00e9es. Les finitions sont en c\u00f4tes 2\/2 et il est pr\u00e9vu pour \u00eatre port\u00e9 avec un petit peu d\u2019aisance, pour un rendu confortable. Tricot\u00e9 du haut vers le bas, il est accessible \u00e0 un niveau d\u00e9butant motiv\u00e9.\" \/>\n<meta property=\"og:url\" content=\"https:\/\/www.alongavecanna.com\/fr\/produit\/merrivale-pull\/\" \/>\n<meta property=\"og:site_name\" content=\"Along Avec Anna\" \/>\n<meta property=\"article:publisher\" content=\"https:\/\/facebook.com\/alongavecanna\" \/>\n<meta property=\"article:modified_time\" content=\"2026-03-27T10:27:33+00:00\" \/>\n<meta property=\"og:image\" content=\"https:\/\/www.alongavecanna.com\/wp-content\/uploads\/2026\/03\/AlongAvec-103-scaled.jpg\" \/>\n\t<meta property=\"og:image:width\" content=\"1707\" \/>\n\t<meta property=\"og:image:height\" content=\"2560\" \/>\n\t<meta property=\"og:image:type\" content=\"image\/jpeg\" \/>\n<meta name=\"twitter:card\" content=\"summary_large_image\" \/>\n<meta name=\"twitter:label1\" content=\"Dur\u00e9e de lecture estim\u00e9e\" \/>\n\t<meta name=\"twitter:data1\" content=\"1 minute\" \/>\n<script type=\"application\/ld+json\" class=\"yoast-schema-graph\">{\"@context\":\"https:\\\/\\\/schema.org\",\"@graph\":[{\"@type\":\"WebPage\",\"@id\":\"https:\\\/\\\/www.alongavecanna.com\\\/fr\\\/produit\\\/merrivale-pull\\\/\",\"url\":\"https:\\\/\\\/www.alongavecanna.com\\\/fr\\\/produit\\\/merrivale-pull\\\/\",\"name\":\"Merrivale (Pull) - Along Avec Anna\",\"isPartOf\":{\"@id\":\"https:\\\/\\\/www.alongavecanna.com\\\/fr\\\/#website\"},\"primaryImageOfPage\":{\"@id\":\"https:\\\/\\\/www.alongavecanna.com\\\/fr\\\/produit\\\/merrivale-pull\\\/#primaryimage\"},\"image\":{\"@id\":\"https:\\\/\\\/www.alongavecanna.com\\\/fr\\\/produit\\\/merrivale-pull\\\/#primaryimage\"},\"thumbnailUrl\":\"https:\\\/\\\/www.alongavecanna.com\\\/wp-content\\\/uploads\\\/2026\\\/03\\\/AlongAvec-103-scaled.jpg\",\"datePublished\":\"2026-03-26T11:18:39+00:00\",\"dateModified\":\"2026-03-27T10:27:33+00:00\",\"breadcrumb\":{\"@id\":\"https:\\\/\\\/www.alongavecanna.com\\\/fr\\\/produit\\\/merrivale-pull\\\/#breadcrumb\"},\"inLanguage\":\"fr-FR\",\"potentialAction\":[{\"@type\":\"ReadAction\",\"target\":[\"https:\\\/\\\/www.alongavecanna.com\\\/fr\\\/produit\\\/merrivale-pull\\\/\"]}]},{\"@type\":\"ImageObject\",\"inLanguage\":\"fr-FR\",\"@id\":\"https:\\\/\\\/www.alongavecanna.com\\\/fr\\\/produit\\\/merrivale-pull\\\/#primaryimage\",\"url\":\"https:\\\/\\\/www.alongavecanna.com\\\/wp-content\\\/uploads\\\/2026\\\/03\\\/AlongAvec-103-scaled.jpg\",\"contentUrl\":\"https:\\\/\\\/www.alongavecanna.com\\\/wp-content\\\/uploads\\\/2026\\\/03\\\/AlongAvec-103-scaled.jpg\",\"width\":1707,\"height\":2560},{\"@type\":\"BreadcrumbList\",\"@id\":\"https:\\\/\\\/www.alongavecanna.com\\\/fr\\\/produit\\\/merrivale-pull\\\/#breadcrumb\",\"itemListElement\":[{\"@type\":\"ListItem\",\"position\":1,\"name\":\"Home\",\"item\":\"https:\\\/\\\/www.alongavecanna.com\\\/fr\\\/\"},{\"@type\":\"ListItem\",\"position\":2,\"name\":\"Produits\",\"item\":\"https:\\\/\\\/www.alongavecanna.com\\\/fr\\\/shop\\\/\"},{\"@type\":\"ListItem\",\"position\":3,\"name\":\"Merrivale (Pull)\"}]},{\"@type\":\"WebSite\",\"@id\":\"https:\\\/\\\/www.alongavecanna.com\\\/fr\\\/#website\",\"url\":\"https:\\\/\\\/www.alongavecanna.com\\\/fr\\\/\",\"name\":\"Along Avec Anna\",\"description\":\"Ethical yarn &amp; timeless knitting patterns\",\"publisher\":{\"@id\":\"https:\\\/\\\/www.alongavecanna.com\\\/fr\\\/#organization\"},\"potentialAction\":[{\"@type\":\"SearchAction\",\"target\":{\"@type\":\"EntryPoint\",\"urlTemplate\":\"https:\\\/\\\/www.alongavecanna.com\\\/fr\\\/?s={search_term_string}\"},\"query-input\":{\"@type\":\"PropertyValueSpecification\",\"valueRequired\":true,\"valueName\":\"search_term_string\"}}],\"inLanguage\":\"fr-FR\"},{\"@type\":\"Organization\",\"@id\":\"https:\\\/\\\/www.alongavecanna.com\\\/fr\\\/#organization\",\"name\":\"Along Avec Anna\",\"url\":\"https:\\\/\\\/www.alongavecanna.com\\\/fr\\\/\",\"logo\":{\"@type\":\"ImageObject\",\"inLanguage\":\"fr-FR\",\"@id\":\"https:\\\/\\\/www.alongavecanna.com\\\/fr\\\/#\\\/schema\\\/logo\\\/image\\\/\",\"url\":\"https:\\\/\\\/www.alongavecanna.com\\\/wp-content\\\/uploads\\\/2023\\\/01\\\/logo-along-avec-anna.png\",\"contentUrl\":\"https:\\\/\\\/www.alongavecanna.com\\\/wp-content\\\/uploads\\\/2023\\\/01\\\/logo-along-avec-anna.png\",\"width\":1728,\"height\":627,\"caption\":\"Along Avec Anna\"},\"image\":{\"@id\":\"https:\\\/\\\/www.alongavecanna.com\\\/fr\\\/#\\\/schema\\\/logo\\\/image\\\/\"},\"sameAs\":[\"https:\\\/\\\/facebook.com\\\/alongavecanna\",\"https:\\\/\\\/www.instagram.com\\\/along.avec.anna\\\/\"]}]}<\/script>\n<!-- \/ Yoast SEO plugin. -->","yoast_head_json":{"title":"Merrivale (Pull) - Along Avec Anna","robots":{"index":"index","follow":"follow","max-snippet":"max-snippet:-1","max-image-preview":"max-image-preview:large","max-video-preview":"max-video-preview:-1"},"canonical":"https:\/\/www.alongavecanna.com\/fr\/produit\/merrivale-pull\/","og_locale":"fr_FR","og_type":"article","og_title":"Merrivale (Pull) - Along Avec Anna","og_description":"Merrivale (pull) est un pull femme en empi\u00e8cement circulaire (yoke), qui poss\u00e8de un d\u00e9licat motif de mailles gliss\u00e9es. Les finitions sont en c\u00f4tes 2\/2 et il est pr\u00e9vu pour \u00eatre port\u00e9 avec un petit peu d\u2019aisance, pour un rendu confortable. Tricot\u00e9 du haut vers le bas, il est accessible \u00e0 un niveau d\u00e9butant motiv\u00e9.","og_url":"https:\/\/www.alongavecanna.com\/fr\/produit\/merrivale-pull\/","og_site_name":"Along Avec Anna","article_publisher":"https:\/\/facebook.com\/alongavecanna","article_modified_time":"2026-03-27T10:27:33+00:00","og_image":[{"width":1707,"height":2560,"url":"https:\/\/www.alongavecanna.com\/wp-content\/uploads\/2026\/03\/AlongAvec-103-scaled.jpg","type":"image\/jpeg"}],"twitter_card":"summary_large_image","twitter_misc":{"Dur\u00e9e de lecture estim\u00e9e":"1 minute"},"schema":{"@context":"https:\/\/schema.org","@graph":[{"@type":"WebPage","@id":"https:\/\/www.alongavecanna.com\/fr\/produit\/merrivale-pull\/","url":"https:\/\/www.alongavecanna.com\/fr\/produit\/merrivale-pull\/","name":"Merrivale (Pull) - Along Avec Anna","isPartOf":{"@id":"https:\/\/www.alongavecanna.com\/fr\/#website"},"primaryImageOfPage":{"@id":"https:\/\/www.alongavecanna.com\/fr\/produit\/merrivale-pull\/#primaryimage"},"image":{"@id":"https:\/\/www.alongavecanna.com\/fr\/produit\/merrivale-pull\/#primaryimage"},"thumbnailUrl":"https:\/\/www.alongavecanna.com\/wp-content\/uploads\/2026\/03\/AlongAvec-103-scaled.jpg","datePublished":"2026-03-26T11:18:39+00:00","dateModified":"2026-03-27T10:27:33+00:00","breadcrumb":{"@id":"https:\/\/www.alongavecanna.com\/fr\/produit\/merrivale-pull\/#breadcrumb"},"inLanguage":"fr-FR","potentialAction":[{"@type":"ReadAction","target":["https:\/\/www.alongavecanna.com\/fr\/produit\/merrivale-pull\/"]}]},{"@type":"ImageObject","inLanguage":"fr-FR","@id":"https:\/\/www.alongavecanna.com\/fr\/produit\/merrivale-pull\/#primaryimage","url":"https:\/\/www.alongavecanna.com\/wp-content\/uploads\/2026\/03\/AlongAvec-103-scaled.jpg","contentUrl":"https:\/\/www.alongavecanna.com\/wp-content\/uploads\/2026\/03\/AlongAvec-103-scaled.jpg","width":1707,"height":2560},{"@type":"BreadcrumbList","@id":"https:\/\/www.alongavecanna.com\/fr\/produit\/merrivale-pull\/#breadcrumb","itemListElement":[{"@type":"ListItem","position":1,"name":"Home","item":"https:\/\/www.alongavecanna.com\/fr\/"},{"@type":"ListItem","position":2,"name":"Produits","item":"https:\/\/www.alongavecanna.com\/fr\/shop\/"},{"@type":"ListItem","position":3,"name":"Merrivale (Pull)"}]},{"@type":"WebSite","@id":"https:\/\/www.alongavecanna.com\/fr\/#website","url":"https:\/\/www.alongavecanna.com\/fr\/","name":"Along Avec Anna","description":"Ethical yarn &amp; timeless knitting patterns","publisher":{"@id":"https:\/\/www.alongavecanna.com\/fr\/#organization"},"potentialAction":[{"@type":"SearchAction","target":{"@type":"EntryPoint","urlTemplate":"https:\/\/www.alongavecanna.com\/fr\/?s={search_term_string}"},"query-input":{"@type":"PropertyValueSpecification","valueRequired":true,"valueName":"search_term_string"}}],"inLanguage":"fr-FR"},{"@type":"Organization","@id":"https:\/\/www.alongavecanna.com\/fr\/#organization","name":"Along Avec Anna","url":"https:\/\/www.alongavecanna.com\/fr\/","logo":{"@type":"ImageObject","inLanguage":"fr-FR","@id":"https:\/\/www.alongavecanna.com\/fr\/#\/schema\/logo\/image\/","url":"https:\/\/www.alongavecanna.com\/wp-content\/uploads\/2023\/01\/logo-along-avec-anna.png","contentUrl":"https:\/\/www.alongavecanna.com\/wp-content\/uploads\/2023\/01\/logo-along-avec-anna.png","width":1728,"height":627,"caption":"Along Avec Anna"},"image":{"@id":"https:\/\/www.alongavecanna.com\/fr\/#\/schema\/logo\/image\/"},"sameAs":["https:\/\/facebook.com\/alongavecanna","https:\/\/www.instagram.com\/along.avec.anna\/"]}]}},"_links":{"self":[{"href":"https:\/\/www.alongavecanna.com\/fr\/wp-json\/wp\/v2\/product\/78931","targetHints":{"allow":["GET"]}}],"collection":[{"href":"https:\/\/www.alongavecanna.com\/fr\/wp-json\/wp\/v2\/product"}],"about":[{"href":"https:\/\/www.alongavecanna.com\/fr\/wp-json\/wp\/v2\/types\/product"}],"replies":[{"embeddable":true,"href":"https:\/\/www.alongavecanna.com\/fr\/wp-json\/wp\/v2\/comments?post=78931"}],"version-history":[{"count":1,"href":"https:\/\/www.alongavecanna.com\/fr\/wp-json\/wp\/v2\/product\/78931\/revisions"}],"predecessor-version":[{"id":78951,"href":"https:\/\/www.alongavecanna.com\/fr\/wp-json\/wp\/v2\/product\/78931\/revisions\/78951"}],"wp:featuredmedia":[{"embeddable":true,"href":"https:\/\/www.alongavecanna.com\/fr\/wp-json\/wp\/v2\/media\/78949"}],"wp:attachment":[{"href":"https:\/\/www.alongavecanna.com\/fr\/wp-json\/wp\/v2\/media?parent=78931"}],"wp:term":[{"taxonomy":"product_brand","embeddable":true,"href":"https:\/\/www.alongavecanna.com\/fr\/wp-json\/wp\/v2\/product_brand?post=78931"},{"taxonomy":"product_cat","embeddable":true,"href":"https:\/\/www.alongavecanna.com\/fr\/wp-json\/wp\/v2\/product_cat?post=78931"},{"taxonomy":"product_tag","embeddable":true,"href":"https:\/\/www.alongavecanna.com\/fr\/wp-json\/wp\/v2\/product_tag?post=78931"}],"curies":[{"name":"wp","href":"https:\/\/api.w.org\/{rel}","templated":true}]}}