{"id":78788,"date":"2026-03-20T08:53:44","date_gmt":"2026-03-20T08:53:44","guid":{"rendered":"https:\/\/www.alongavecanna.com\/?post_type=product&#038;p=78788"},"modified":"2026-03-20T12:32:21","modified_gmt":"2026-03-20T12:32:21","slug":"opaline-col","status":"publish","type":"product","link":"https:\/\/www.alongavecanna.com\/fr\/produit\/opaline-col\/","title":{"rendered":"Opaline (Col)"},"content":{"rendered":"<div class=\"page\" title=\"Page 3\">\n<div class=\"section\">\n<div class=\"layoutArea\">\n<div class=\"column\">\n<div class=\"notes markdown core_item_content__text_block core_item_content__text_block--notes\">\n<div class=\"notes markdown core_item_content__text_block core_item_content__text_block--notes\">\n<p><strong>Taille<\/strong>: Taille unique &#8211; 61 cm x 35 cm<\/p>\n<p><strong>Echantillon<\/strong>: 17 m x 29 rgs = 10 cm en dentelle, en aiguilles 4.5mm\/US 7 (ou autre taille d\u00e9pendant de votre \u00e9chantillon)<\/p>\n<p><strong>Laines<\/strong>: Deux fils \u00e0 tricoter ensemble &#8211; deux fils de lace mohair.<br \/>\nLace mohair : 400 m\u00e8tres<\/p>\n<p>Soit 2 balles de Silk Mohair &#8211; Along Avec Anna<\/p>\n<p><em>Version de pr\u00e9sentation<\/em>:<br \/>\nTricot\u00e9 en Silk Mohair Along Avec Anna, coloris R\u00eaverie.<\/p>\n<p><strong>Aiguilles pr\u00e9conis\u00e9es<\/strong> (si votre \u00e9chantillon correspond bien) :<br \/>\n4.5 mm\/US 7 pour le corps du col<br \/>\n4mm\/US 6 pour les c\u00f4tes<\/p>\n<p><strong>Mat\u00e9riel<\/strong> : anneaux marqueurs, aiguille \u00e0 laine pour rentrer les fils<\/p>\n<\/div>\n<\/div>\n<\/div>\n<\/div>\n<\/div>\n<\/div>\n","protected":false},"excerpt":{"rendered":"<p><strong>Opaline<\/strong> est un joli col en double mohair, qui se tricote du bas vers le haut et poss\u00e8de un \u00e9l\u00e9gant motif de dentelle. Il est assez haut pour que vous puissiez soit le porter en le pliant en deux, soit en le gardant en \u00e9paisseur simple selon le style que vous pr\u00e9f\u00e9rez. Les bordures sont faites en c\u00f4tes.<\/p>\n","protected":false},"featured_media":78792,"comment_status":"open","ping_status":"closed","template":"","meta":[],"product_brand":[],"product_cat":[371,409,380,376,381,463],"product_tag":[],"class_list":{"0":"post-78788","1":"product","2":"type-product","3":"status-publish","4":"has-post-thumbnail","6":"product_cat-accessoires-patrons","7":"product_cat-nouveautes-fr","8":"product_cat-patrons-anglais","9":"product_cat-patrons-de-tricot","10":"product_cat-patrons-francais","11":"product_cat-tricots-de-saison","13":"first","14":"instock","15":"downloadable","16":"virtual","17":"taxable","18":"purchasable","19":"product-type-simple"},"yoast_head":"<!-- This site is optimized with the Yoast SEO plugin v27.5 - https:\/\/yoast.com\/product\/yoast-seo-wordpress\/ -->\n<title>Opaline (Col) - Along Avec Anna<\/title>\n<meta name=\"robots\" content=\"index, follow, max-snippet:-1, max-image-preview:large, max-video-preview:-1\" \/>\n<link rel=\"canonical\" href=\"https:\/\/www.alongavecanna.com\/fr\/produit\/opaline-col\/\" \/>\n<meta property=\"og:locale\" content=\"fr_FR\" \/>\n<meta property=\"og:type\" content=\"article\" \/>\n<meta property=\"og:title\" content=\"Opaline (Col) - Along Avec Anna\" \/>\n<meta property=\"og:description\" content=\"Opaline est un joli col en double mohair, qui se tricote du bas vers le haut et poss\u00e8de un \u00e9l\u00e9gant motif de dentelle. Il est assez haut pour que vous puissiez soit le porter en le pliant en deux, soit en le gardant en \u00e9paisseur simple selon le style que vous pr\u00e9f\u00e9rez. Les bordures sont faites en c\u00f4tes.\" \/>\n<meta property=\"og:url\" content=\"https:\/\/www.alongavecanna.com\/fr\/produit\/opaline-col\/\" \/>\n<meta property=\"og:site_name\" content=\"Along Avec Anna\" \/>\n<meta property=\"article:publisher\" content=\"https:\/\/facebook.com\/alongavecanna\" \/>\n<meta property=\"article:modified_time\" content=\"2026-03-20T12:32:21+00:00\" \/>\n<meta property=\"og:image\" content=\"https:\/\/www.alongavecanna.com\/wp-content\/uploads\/2026\/03\/AlongAvec-211.jpg\" \/>\n\t<meta property=\"og:image:width\" content=\"1152\" \/>\n\t<meta property=\"og:image:height\" content=\"1728\" \/>\n\t<meta property=\"og:image:type\" content=\"image\/jpeg\" \/>\n<meta name=\"twitter:card\" content=\"summary_large_image\" \/>\n<script type=\"application\/ld+json\" class=\"yoast-schema-graph\">{\"@context\":\"https:\\\/\\\/schema.org\",\"@graph\":[{\"@type\":\"WebPage\",\"@id\":\"https:\\\/\\\/www.alongavecanna.com\\\/fr\\\/produit\\\/opaline-col\\\/\",\"url\":\"https:\\\/\\\/www.alongavecanna.com\\\/fr\\\/produit\\\/opaline-col\\\/\",\"name\":\"Opaline (Col) - Along Avec Anna\",\"isPartOf\":{\"@id\":\"https:\\\/\\\/www.alongavecanna.com\\\/fr\\\/#website\"},\"primaryImageOfPage\":{\"@id\":\"https:\\\/\\\/www.alongavecanna.com\\\/fr\\\/produit\\\/opaline-col\\\/#primaryimage\"},\"image\":{\"@id\":\"https:\\\/\\\/www.alongavecanna.com\\\/fr\\\/produit\\\/opaline-col\\\/#primaryimage\"},\"thumbnailUrl\":\"https:\\\/\\\/www.alongavecanna.com\\\/wp-content\\\/uploads\\\/2026\\\/03\\\/AlongAvec-211.jpg\",\"datePublished\":\"2026-03-20T08:53:44+00:00\",\"dateModified\":\"2026-03-20T12:32:21+00:00\",\"breadcrumb\":{\"@id\":\"https:\\\/\\\/www.alongavecanna.com\\\/fr\\\/produit\\\/opaline-col\\\/#breadcrumb\"},\"inLanguage\":\"fr-FR\",\"potentialAction\":[{\"@type\":\"ReadAction\",\"target\":[\"https:\\\/\\\/www.alongavecanna.com\\\/fr\\\/produit\\\/opaline-col\\\/\"]}]},{\"@type\":\"ImageObject\",\"inLanguage\":\"fr-FR\",\"@id\":\"https:\\\/\\\/www.alongavecanna.com\\\/fr\\\/produit\\\/opaline-col\\\/#primaryimage\",\"url\":\"https:\\\/\\\/www.alongavecanna.com\\\/wp-content\\\/uploads\\\/2026\\\/03\\\/AlongAvec-211.jpg\",\"contentUrl\":\"https:\\\/\\\/www.alongavecanna.com\\\/wp-content\\\/uploads\\\/2026\\\/03\\\/AlongAvec-211.jpg\",\"width\":1152,\"height\":1728},{\"@type\":\"BreadcrumbList\",\"@id\":\"https:\\\/\\\/www.alongavecanna.com\\\/fr\\\/produit\\\/opaline-col\\\/#breadcrumb\",\"itemListElement\":[{\"@type\":\"ListItem\",\"position\":1,\"name\":\"Home\",\"item\":\"https:\\\/\\\/www.alongavecanna.com\\\/fr\\\/\"},{\"@type\":\"ListItem\",\"position\":2,\"name\":\"Produits\",\"item\":\"https:\\\/\\\/www.alongavecanna.com\\\/fr\\\/shop\\\/\"},{\"@type\":\"ListItem\",\"position\":3,\"name\":\"Opaline (Col)\"}]},{\"@type\":\"WebSite\",\"@id\":\"https:\\\/\\\/www.alongavecanna.com\\\/fr\\\/#website\",\"url\":\"https:\\\/\\\/www.alongavecanna.com\\\/fr\\\/\",\"name\":\"Along Avec Anna\",\"description\":\"Ethical yarn &amp; timeless knitting patterns\",\"publisher\":{\"@id\":\"https:\\\/\\\/www.alongavecanna.com\\\/fr\\\/#organization\"},\"potentialAction\":[{\"@type\":\"SearchAction\",\"target\":{\"@type\":\"EntryPoint\",\"urlTemplate\":\"https:\\\/\\\/www.alongavecanna.com\\\/fr\\\/?s={search_term_string}\"},\"query-input\":{\"@type\":\"PropertyValueSpecification\",\"valueRequired\":true,\"valueName\":\"search_term_string\"}}],\"inLanguage\":\"fr-FR\"},{\"@type\":\"Organization\",\"@id\":\"https:\\\/\\\/www.alongavecanna.com\\\/fr\\\/#organization\",\"name\":\"Along Avec Anna\",\"url\":\"https:\\\/\\\/www.alongavecanna.com\\\/fr\\\/\",\"logo\":{\"@type\":\"ImageObject\",\"inLanguage\":\"fr-FR\",\"@id\":\"https:\\\/\\\/www.alongavecanna.com\\\/fr\\\/#\\\/schema\\\/logo\\\/image\\\/\",\"url\":\"https:\\\/\\\/www.alongavecanna.com\\\/wp-content\\\/uploads\\\/2023\\\/01\\\/logo-along-avec-anna.png\",\"contentUrl\":\"https:\\\/\\\/www.alongavecanna.com\\\/wp-content\\\/uploads\\\/2023\\\/01\\\/logo-along-avec-anna.png\",\"width\":1728,\"height\":627,\"caption\":\"Along Avec Anna\"},\"image\":{\"@id\":\"https:\\\/\\\/www.alongavecanna.com\\\/fr\\\/#\\\/schema\\\/logo\\\/image\\\/\"},\"sameAs\":[\"https:\\\/\\\/facebook.com\\\/alongavecanna\",\"https:\\\/\\\/www.instagram.com\\\/along.avec.anna\\\/\"]}]}<\/script>\n<!-- \/ Yoast SEO plugin. -->","yoast_head_json":{"title":"Opaline (Col) - Along Avec Anna","robots":{"index":"index","follow":"follow","max-snippet":"max-snippet:-1","max-image-preview":"max-image-preview:large","max-video-preview":"max-video-preview:-1"},"canonical":"https:\/\/www.alongavecanna.com\/fr\/produit\/opaline-col\/","og_locale":"fr_FR","og_type":"article","og_title":"Opaline (Col) - Along Avec Anna","og_description":"Opaline est un joli col en double mohair, qui se tricote du bas vers le haut et poss\u00e8de un \u00e9l\u00e9gant motif de dentelle. Il est assez haut pour que vous puissiez soit le porter en le pliant en deux, soit en le gardant en \u00e9paisseur simple selon le style que vous pr\u00e9f\u00e9rez. Les bordures sont faites en c\u00f4tes.","og_url":"https:\/\/www.alongavecanna.com\/fr\/produit\/opaline-col\/","og_site_name":"Along Avec Anna","article_publisher":"https:\/\/facebook.com\/alongavecanna","article_modified_time":"2026-03-20T12:32:21+00:00","og_image":[{"width":1152,"height":1728,"url":"https:\/\/www.alongavecanna.com\/wp-content\/uploads\/2026\/03\/AlongAvec-211.jpg","type":"image\/jpeg"}],"twitter_card":"summary_large_image","schema":{"@context":"https:\/\/schema.org","@graph":[{"@type":"WebPage","@id":"https:\/\/www.alongavecanna.com\/fr\/produit\/opaline-col\/","url":"https:\/\/www.alongavecanna.com\/fr\/produit\/opaline-col\/","name":"Opaline (Col) - Along Avec Anna","isPartOf":{"@id":"https:\/\/www.alongavecanna.com\/fr\/#website"},"primaryImageOfPage":{"@id":"https:\/\/www.alongavecanna.com\/fr\/produit\/opaline-col\/#primaryimage"},"image":{"@id":"https:\/\/www.alongavecanna.com\/fr\/produit\/opaline-col\/#primaryimage"},"thumbnailUrl":"https:\/\/www.alongavecanna.com\/wp-content\/uploads\/2026\/03\/AlongAvec-211.jpg","datePublished":"2026-03-20T08:53:44+00:00","dateModified":"2026-03-20T12:32:21+00:00","breadcrumb":{"@id":"https:\/\/www.alongavecanna.com\/fr\/produit\/opaline-col\/#breadcrumb"},"inLanguage":"fr-FR","potentialAction":[{"@type":"ReadAction","target":["https:\/\/www.alongavecanna.com\/fr\/produit\/opaline-col\/"]}]},{"@type":"ImageObject","inLanguage":"fr-FR","@id":"https:\/\/www.alongavecanna.com\/fr\/produit\/opaline-col\/#primaryimage","url":"https:\/\/www.alongavecanna.com\/wp-content\/uploads\/2026\/03\/AlongAvec-211.jpg","contentUrl":"https:\/\/www.alongavecanna.com\/wp-content\/uploads\/2026\/03\/AlongAvec-211.jpg","width":1152,"height":1728},{"@type":"BreadcrumbList","@id":"https:\/\/www.alongavecanna.com\/fr\/produit\/opaline-col\/#breadcrumb","itemListElement":[{"@type":"ListItem","position":1,"name":"Home","item":"https:\/\/www.alongavecanna.com\/fr\/"},{"@type":"ListItem","position":2,"name":"Produits","item":"https:\/\/www.alongavecanna.com\/fr\/shop\/"},{"@type":"ListItem","position":3,"name":"Opaline (Col)"}]},{"@type":"WebSite","@id":"https:\/\/www.alongavecanna.com\/fr\/#website","url":"https:\/\/www.alongavecanna.com\/fr\/","name":"Along Avec Anna","description":"Ethical yarn &amp; timeless knitting patterns","publisher":{"@id":"https:\/\/www.alongavecanna.com\/fr\/#organization"},"potentialAction":[{"@type":"SearchAction","target":{"@type":"EntryPoint","urlTemplate":"https:\/\/www.alongavecanna.com\/fr\/?s={search_term_string}"},"query-input":{"@type":"PropertyValueSpecification","valueRequired":true,"valueName":"search_term_string"}}],"inLanguage":"fr-FR"},{"@type":"Organization","@id":"https:\/\/www.alongavecanna.com\/fr\/#organization","name":"Along Avec Anna","url":"https:\/\/www.alongavecanna.com\/fr\/","logo":{"@type":"ImageObject","inLanguage":"fr-FR","@id":"https:\/\/www.alongavecanna.com\/fr\/#\/schema\/logo\/image\/","url":"https:\/\/www.alongavecanna.com\/wp-content\/uploads\/2023\/01\/logo-along-avec-anna.png","contentUrl":"https:\/\/www.alongavecanna.com\/wp-content\/uploads\/2023\/01\/logo-along-avec-anna.png","width":1728,"height":627,"caption":"Along Avec Anna"},"image":{"@id":"https:\/\/www.alongavecanna.com\/fr\/#\/schema\/logo\/image\/"},"sameAs":["https:\/\/facebook.com\/alongavecanna","https:\/\/www.instagram.com\/along.avec.anna\/"]}]}},"_links":{"self":[{"href":"https:\/\/www.alongavecanna.com\/fr\/wp-json\/wp\/v2\/product\/78788","targetHints":{"allow":["GET"]}}],"collection":[{"href":"https:\/\/www.alongavecanna.com\/fr\/wp-json\/wp\/v2\/product"}],"about":[{"href":"https:\/\/www.alongavecanna.com\/fr\/wp-json\/wp\/v2\/types\/product"}],"replies":[{"embeddable":true,"href":"https:\/\/www.alongavecanna.com\/fr\/wp-json\/wp\/v2\/comments?post=78788"}],"version-history":[{"count":1,"href":"https:\/\/www.alongavecanna.com\/fr\/wp-json\/wp\/v2\/product\/78788\/revisions"}],"predecessor-version":[{"id":78798,"href":"https:\/\/www.alongavecanna.com\/fr\/wp-json\/wp\/v2\/product\/78788\/revisions\/78798"}],"wp:featuredmedia":[{"embeddable":true,"href":"https:\/\/www.alongavecanna.com\/fr\/wp-json\/wp\/v2\/media\/78792"}],"wp:attachment":[{"href":"https:\/\/www.alongavecanna.com\/fr\/wp-json\/wp\/v2\/media?parent=78788"}],"wp:term":[{"taxonomy":"product_brand","embeddable":true,"href":"https:\/\/www.alongavecanna.com\/fr\/wp-json\/wp\/v2\/product_brand?post=78788"},{"taxonomy":"product_cat","embeddable":true,"href":"https:\/\/www.alongavecanna.com\/fr\/wp-json\/wp\/v2\/product_cat?post=78788"},{"taxonomy":"product_tag","embeddable":true,"href":"https:\/\/www.alongavecanna.com\/fr\/wp-json\/wp\/v2\/product_tag?post=78788"}],"curies":[{"name":"wp","href":"https:\/\/api.w.org\/{rel}","templated":true}]}}