{"id":76983,"date":"2025-11-13T14:53:20","date_gmt":"2025-11-13T14:53:20","guid":{"rendered":"https:\/\/www.alongavecanna.com\/?post_type=product&#038;p=76983"},"modified":"2025-11-13T14:59:10","modified_gmt":"2025-11-13T14:59:10","slug":"starcross-moufles","status":"publish","type":"product","link":"https:\/\/www.alongavecanna.com\/fr\/produit\/starcross-moufles\/","title":{"rendered":"Starcross (Moufles)"},"content":{"rendered":"<p><strong>Tailles<\/strong> : 1, 2 (3, 4)<br \/>\n<strong>Circonf\u00e9rence<\/strong> : 20, 21.5 (23.5, 26) cm.<\/p>\n<p><strong>Aisance conseill\u00e9e<\/strong> : environ 3 cm.<br \/>\nNote : La mesure doit \u00eatre prise au centre de la main, juste au-dessus de la s\u00e9paration avec le pouce. Pour changer de taille, faites varier votre taille d\u2019aiguilles et donc votre \u00e9chantillon. Les instructions sont alors identiques pour chacune des tailles.<\/p>\n<p><strong>\u00c9chantillon<\/strong> : 26, 24, (22, 20) mailles pour 10 cm en jacquard Stranded<\/p>\n<p><strong>Laines<\/strong><br \/>\n<em>Coloris Principal (CP)<\/em> : 2 pelotes de Double Merino &#8211; Along avec Anna<br \/>\n<em>Coloris Contrastant (CC)<\/em> : 1 pelote de Double Merino &#8211; Along avec Anna<\/p>\n<p>Version de pr\u00e9sentation<br \/>\nDouble Merino &#8211; Along avec Anna, coloris Giboul\u00e9es &amp; Tr\u00e9sor<\/p>\n<p><strong>Les aiguilles<\/strong> sont \u00e0 choisir selon la taille voulue et l\u2019\u00e9chantillon<br \/>\ncorrespondant.<br \/>\nLe prototype a \u00e9t\u00e9 tricot\u00e9 en aiguilles 3.75mm pour le jacquard et 3.5mm<br \/>\npour les c\u00f4tes afin d\u2019obtenir la taille 2 (21.5 cm de circonf\u00e9rence).<\/p>\n<p><strong>Mat\u00e9riel<\/strong> : anneaux marqueurs, aiguille \u00e0 laine pour rentrer les fils<\/p>\n","protected":false},"excerpt":{"rendered":"<p><strong>Les moufles Starcross<\/strong> se tricotent du poignet vers la pointe, sans couture. Elles poss\u00e8dent un beau motif de jacquard \u00e0 l\u2019inspiration scandinave.<br \/>\nElles font intervenir la technique du jacquard Stranded (\u00e0 fils tir\u00e9s) sur un petit diam\u00e8tre. Elles sont accessibles \u00e0 un niveau interm\u00e9diaire.<\/p>\n","protected":false},"featured_media":76984,"comment_status":"open","ping_status":"closed","template":"","meta":[],"product_brand":[],"product_cat":[371,380,376,381],"product_tag":[],"class_list":{"0":"post-76983","1":"product","2":"type-product","3":"status-publish","4":"has-post-thumbnail","6":"product_cat-accessoires-patrons","7":"product_cat-patrons-anglais","8":"product_cat-patrons-de-tricot","9":"product_cat-patrons-francais","11":"first","12":"instock","13":"downloadable","14":"virtual","15":"taxable","16":"purchasable","17":"product-type-simple"},"yoast_head":"<!-- This site is optimized with the Yoast SEO plugin v27.3 - https:\/\/yoast.com\/product\/yoast-seo-wordpress\/ -->\n<title>Starcross (Moufles) - Along Avec Anna<\/title>\n<meta name=\"robots\" content=\"index, follow, max-snippet:-1, max-image-preview:large, max-video-preview:-1\" \/>\n<link rel=\"canonical\" href=\"https:\/\/www.alongavecanna.com\/fr\/produit\/starcross-moufles\/\" \/>\n<meta property=\"og:locale\" content=\"fr_FR\" \/>\n<meta property=\"og:type\" content=\"article\" \/>\n<meta property=\"og:title\" content=\"Starcross (Moufles) - Along Avec Anna\" \/>\n<meta property=\"og:description\" content=\"Les moufles Starcross se tricotent du poignet vers la pointe, sans couture. Elles poss\u00e8dent un beau motif de jacquard \u00e0 l\u2019inspiration scandinave. Elles font intervenir la technique du jacquard Stranded (\u00e0 fils tir\u00e9s) sur un petit diam\u00e8tre. Elles sont accessibles \u00e0 un niveau interm\u00e9diaire.\" \/>\n<meta property=\"og:url\" content=\"https:\/\/www.alongavecanna.com\/fr\/produit\/starcross-moufles\/\" \/>\n<meta property=\"og:site_name\" content=\"Along Avec Anna\" \/>\n<meta property=\"article:publisher\" content=\"https:\/\/facebook.com\/alongavecanna\" \/>\n<meta property=\"article:modified_time\" content=\"2025-11-13T14:59:10+00:00\" \/>\n<meta name=\"twitter:card\" content=\"summary_large_image\" \/>\n<meta name=\"twitter:label1\" content=\"Dur\u00e9e de lecture estim\u00e9e\" \/>\n\t<meta name=\"twitter:data1\" content=\"1 minute\" \/>\n<script type=\"application\/ld+json\" class=\"yoast-schema-graph\">{\"@context\":\"https:\\\/\\\/schema.org\",\"@graph\":[{\"@type\":\"WebPage\",\"@id\":\"https:\\\/\\\/www.alongavecanna.com\\\/fr\\\/produit\\\/starcross-moufles\\\/\",\"url\":\"https:\\\/\\\/www.alongavecanna.com\\\/fr\\\/produit\\\/starcross-moufles\\\/\",\"name\":\"Starcross (Moufles) - Along Avec Anna\",\"isPartOf\":{\"@id\":\"https:\\\/\\\/www.alongavecanna.com\\\/fr\\\/#website\"},\"primaryImageOfPage\":{\"@id\":\"https:\\\/\\\/www.alongavecanna.com\\\/fr\\\/produit\\\/starcross-moufles\\\/#primaryimage\"},\"image\":{\"@id\":\"https:\\\/\\\/www.alongavecanna.com\\\/fr\\\/produit\\\/starcross-moufles\\\/#primaryimage\"},\"thumbnailUrl\":\"https:\\\/\\\/www.alongavecanna.com\\\/wp-content\\\/uploads\\\/2025\\\/11\\\/IMG_9638-scaled.jpg\",\"datePublished\":\"2025-11-13T14:53:20+00:00\",\"dateModified\":\"2025-11-13T14:59:10+00:00\",\"breadcrumb\":{\"@id\":\"https:\\\/\\\/www.alongavecanna.com\\\/fr\\\/produit\\\/starcross-moufles\\\/#breadcrumb\"},\"inLanguage\":\"fr-FR\",\"potentialAction\":[{\"@type\":\"ReadAction\",\"target\":[\"https:\\\/\\\/www.alongavecanna.com\\\/fr\\\/produit\\\/starcross-moufles\\\/\"]}]},{\"@type\":\"ImageObject\",\"inLanguage\":\"fr-FR\",\"@id\":\"https:\\\/\\\/www.alongavecanna.com\\\/fr\\\/produit\\\/starcross-moufles\\\/#primaryimage\",\"url\":\"https:\\\/\\\/www.alongavecanna.com\\\/wp-content\\\/uploads\\\/2025\\\/11\\\/IMG_9638-scaled.jpg\",\"contentUrl\":\"https:\\\/\\\/www.alongavecanna.com\\\/wp-content\\\/uploads\\\/2025\\\/11\\\/IMG_9638-scaled.jpg\",\"width\":1707,\"height\":2560},{\"@type\":\"BreadcrumbList\",\"@id\":\"https:\\\/\\\/www.alongavecanna.com\\\/fr\\\/produit\\\/starcross-moufles\\\/#breadcrumb\",\"itemListElement\":[{\"@type\":\"ListItem\",\"position\":1,\"name\":\"Home\",\"item\":\"https:\\\/\\\/www.alongavecanna.com\\\/fr\\\/\"},{\"@type\":\"ListItem\",\"position\":2,\"name\":\"Produits\",\"item\":\"https:\\\/\\\/www.alongavecanna.com\\\/fr\\\/shop\\\/\"},{\"@type\":\"ListItem\",\"position\":3,\"name\":\"Starcross (Moufles)\"}]},{\"@type\":\"WebSite\",\"@id\":\"https:\\\/\\\/www.alongavecanna.com\\\/fr\\\/#website\",\"url\":\"https:\\\/\\\/www.alongavecanna.com\\\/fr\\\/\",\"name\":\"Along Avec Anna\",\"description\":\"Ethical yarn &amp; timeless knitting patterns\",\"publisher\":{\"@id\":\"https:\\\/\\\/www.alongavecanna.com\\\/fr\\\/#organization\"},\"potentialAction\":[{\"@type\":\"SearchAction\",\"target\":{\"@type\":\"EntryPoint\",\"urlTemplate\":\"https:\\\/\\\/www.alongavecanna.com\\\/fr\\\/?s={search_term_string}\"},\"query-input\":{\"@type\":\"PropertyValueSpecification\",\"valueRequired\":true,\"valueName\":\"search_term_string\"}}],\"inLanguage\":\"fr-FR\"},{\"@type\":\"Organization\",\"@id\":\"https:\\\/\\\/www.alongavecanna.com\\\/fr\\\/#organization\",\"name\":\"Along Avec Anna\",\"url\":\"https:\\\/\\\/www.alongavecanna.com\\\/fr\\\/\",\"logo\":{\"@type\":\"ImageObject\",\"inLanguage\":\"fr-FR\",\"@id\":\"https:\\\/\\\/www.alongavecanna.com\\\/fr\\\/#\\\/schema\\\/logo\\\/image\\\/\",\"url\":\"https:\\\/\\\/www.alongavecanna.com\\\/wp-content\\\/uploads\\\/2023\\\/01\\\/logo-along-avec-anna.png\",\"contentUrl\":\"https:\\\/\\\/www.alongavecanna.com\\\/wp-content\\\/uploads\\\/2023\\\/01\\\/logo-along-avec-anna.png\",\"width\":1728,\"height\":627,\"caption\":\"Along Avec Anna\"},\"image\":{\"@id\":\"https:\\\/\\\/www.alongavecanna.com\\\/fr\\\/#\\\/schema\\\/logo\\\/image\\\/\"},\"sameAs\":[\"https:\\\/\\\/facebook.com\\\/alongavecanna\",\"https:\\\/\\\/www.instagram.com\\\/along.avec.anna\\\/\"]}]}<\/script>\n<!-- \/ Yoast SEO plugin. -->","yoast_head_json":{"title":"Starcross (Moufles) - Along Avec Anna","robots":{"index":"index","follow":"follow","max-snippet":"max-snippet:-1","max-image-preview":"max-image-preview:large","max-video-preview":"max-video-preview:-1"},"canonical":"https:\/\/www.alongavecanna.com\/fr\/produit\/starcross-moufles\/","og_locale":"fr_FR","og_type":"article","og_title":"Starcross (Moufles) - Along Avec Anna","og_description":"Les moufles Starcross se tricotent du poignet vers la pointe, sans couture. Elles poss\u00e8dent un beau motif de jacquard \u00e0 l\u2019inspiration scandinave. Elles font intervenir la technique du jacquard Stranded (\u00e0 fils tir\u00e9s) sur un petit diam\u00e8tre. Elles sont accessibles \u00e0 un niveau interm\u00e9diaire.","og_url":"https:\/\/www.alongavecanna.com\/fr\/produit\/starcross-moufles\/","og_site_name":"Along Avec Anna","article_publisher":"https:\/\/facebook.com\/alongavecanna","article_modified_time":"2025-11-13T14:59:10+00:00","twitter_card":"summary_large_image","twitter_misc":{"Dur\u00e9e de lecture estim\u00e9e":"1 minute"},"schema":{"@context":"https:\/\/schema.org","@graph":[{"@type":"WebPage","@id":"https:\/\/www.alongavecanna.com\/fr\/produit\/starcross-moufles\/","url":"https:\/\/www.alongavecanna.com\/fr\/produit\/starcross-moufles\/","name":"Starcross (Moufles) - Along Avec Anna","isPartOf":{"@id":"https:\/\/www.alongavecanna.com\/fr\/#website"},"primaryImageOfPage":{"@id":"https:\/\/www.alongavecanna.com\/fr\/produit\/starcross-moufles\/#primaryimage"},"image":{"@id":"https:\/\/www.alongavecanna.com\/fr\/produit\/starcross-moufles\/#primaryimage"},"thumbnailUrl":"https:\/\/www.alongavecanna.com\/wp-content\/uploads\/2025\/11\/IMG_9638-scaled.jpg","datePublished":"2025-11-13T14:53:20+00:00","dateModified":"2025-11-13T14:59:10+00:00","breadcrumb":{"@id":"https:\/\/www.alongavecanna.com\/fr\/produit\/starcross-moufles\/#breadcrumb"},"inLanguage":"fr-FR","potentialAction":[{"@type":"ReadAction","target":["https:\/\/www.alongavecanna.com\/fr\/produit\/starcross-moufles\/"]}]},{"@type":"ImageObject","inLanguage":"fr-FR","@id":"https:\/\/www.alongavecanna.com\/fr\/produit\/starcross-moufles\/#primaryimage","url":"https:\/\/www.alongavecanna.com\/wp-content\/uploads\/2025\/11\/IMG_9638-scaled.jpg","contentUrl":"https:\/\/www.alongavecanna.com\/wp-content\/uploads\/2025\/11\/IMG_9638-scaled.jpg","width":1707,"height":2560},{"@type":"BreadcrumbList","@id":"https:\/\/www.alongavecanna.com\/fr\/produit\/starcross-moufles\/#breadcrumb","itemListElement":[{"@type":"ListItem","position":1,"name":"Home","item":"https:\/\/www.alongavecanna.com\/fr\/"},{"@type":"ListItem","position":2,"name":"Produits","item":"https:\/\/www.alongavecanna.com\/fr\/shop\/"},{"@type":"ListItem","position":3,"name":"Starcross (Moufles)"}]},{"@type":"WebSite","@id":"https:\/\/www.alongavecanna.com\/fr\/#website","url":"https:\/\/www.alongavecanna.com\/fr\/","name":"Along Avec Anna","description":"Ethical yarn &amp; timeless knitting patterns","publisher":{"@id":"https:\/\/www.alongavecanna.com\/fr\/#organization"},"potentialAction":[{"@type":"SearchAction","target":{"@type":"EntryPoint","urlTemplate":"https:\/\/www.alongavecanna.com\/fr\/?s={search_term_string}"},"query-input":{"@type":"PropertyValueSpecification","valueRequired":true,"valueName":"search_term_string"}}],"inLanguage":"fr-FR"},{"@type":"Organization","@id":"https:\/\/www.alongavecanna.com\/fr\/#organization","name":"Along Avec Anna","url":"https:\/\/www.alongavecanna.com\/fr\/","logo":{"@type":"ImageObject","inLanguage":"fr-FR","@id":"https:\/\/www.alongavecanna.com\/fr\/#\/schema\/logo\/image\/","url":"https:\/\/www.alongavecanna.com\/wp-content\/uploads\/2023\/01\/logo-along-avec-anna.png","contentUrl":"https:\/\/www.alongavecanna.com\/wp-content\/uploads\/2023\/01\/logo-along-avec-anna.png","width":1728,"height":627,"caption":"Along Avec Anna"},"image":{"@id":"https:\/\/www.alongavecanna.com\/fr\/#\/schema\/logo\/image\/"},"sameAs":["https:\/\/facebook.com\/alongavecanna","https:\/\/www.instagram.com\/along.avec.anna\/"]}]}},"_links":{"self":[{"href":"https:\/\/www.alongavecanna.com\/fr\/wp-json\/wp\/v2\/product\/76983","targetHints":{"allow":["GET"]}}],"collection":[{"href":"https:\/\/www.alongavecanna.com\/fr\/wp-json\/wp\/v2\/product"}],"about":[{"href":"https:\/\/www.alongavecanna.com\/fr\/wp-json\/wp\/v2\/types\/product"}],"replies":[{"embeddable":true,"href":"https:\/\/www.alongavecanna.com\/fr\/wp-json\/wp\/v2\/comments?post=76983"}],"version-history":[{"count":1,"href":"https:\/\/www.alongavecanna.com\/fr\/wp-json\/wp\/v2\/product\/76983\/revisions"}],"predecessor-version":[{"id":76992,"href":"https:\/\/www.alongavecanna.com\/fr\/wp-json\/wp\/v2\/product\/76983\/revisions\/76992"}],"wp:featuredmedia":[{"embeddable":true,"href":"https:\/\/www.alongavecanna.com\/fr\/wp-json\/wp\/v2\/media\/76984"}],"wp:attachment":[{"href":"https:\/\/www.alongavecanna.com\/fr\/wp-json\/wp\/v2\/media?parent=76983"}],"wp:term":[{"taxonomy":"product_brand","embeddable":true,"href":"https:\/\/www.alongavecanna.com\/fr\/wp-json\/wp\/v2\/product_brand?post=76983"},{"taxonomy":"product_cat","embeddable":true,"href":"https:\/\/www.alongavecanna.com\/fr\/wp-json\/wp\/v2\/product_cat?post=76983"},{"taxonomy":"product_tag","embeddable":true,"href":"https:\/\/www.alongavecanna.com\/fr\/wp-json\/wp\/v2\/product_tag?post=76983"}],"curies":[{"name":"wp","href":"https:\/\/api.w.org\/{rel}","templated":true}]}}