{"id":75772,"date":"2025-09-05T16:17:19","date_gmt":"2025-09-05T16:17:19","guid":{"rendered":"https:\/\/www.alongavecanna.com\/?post_type=product&#038;p=75772"},"modified":"2025-11-30T18:57:33","modified_gmt":"2025-11-30T18:57:33","slug":"asc-dk-grey","status":"publish","type":"product","link":"https:\/\/www.alongavecanna.com\/fr\/produit\/asc-dk-grey\/","title":{"rendered":"Alpaga\/Soie\/Cachemire (DK) &#8211; Gris"},"content":{"rendered":"<p style=\"text-align: justify;\">Fil Alpaga\/Soie\/Cachemire d&rsquo;Along avec Anna. Ce fil est cruelty-free et Oeko Tex 100.<\/p>\n<ul style=\"text-align: justify;\">\n<li><span data-sheets-root=\"1\">70% baby alpaga, 20% soie, 10% cachemire<\/span><\/li>\n<li>Non Superwash<\/li>\n<li>\u00c9cheveau : 100g<\/li>\n<li>M\u00e8tre : 225m<\/li>\n<li>Tricoter en simple comme base DK<\/li>\n<li>Lavage \u00e0 la main<\/li>\n<\/ul>\n<p id=\"tw-target-text\" class=\"tw-data-text tw-text-large XcVN5d tw-ta\" dir=\"ltr\" style=\"text-align: justify;\" data-placeholder=\"Traduction\"><em>Note : \u00e9tant donn\u00e9 que les \u00e9crans d&rsquo;ordinateur affichent les couleurs diff\u00e9remment, nous ne pouvons garantir que la couleur du fil sur votre \u00e9cran d&rsquo;ordinateur capture avec pr\u00e9cision les vraies couleurs du produit.<\/em><\/p>\n","protected":false},"excerpt":{"rendered":"<p style=\"text-align: justify;\">Fil Alpaga\/Soie\/Cachemire d&rsquo;Along avec Anna. Ce fil est cruelty-free et Oeko Tex 100.<\/p>\n<ul style=\"text-align: justify;\">\n<li><span data-sheets-root=\"1\">70% baby alpaga, 20% soie, 10% cachemire<\/span><\/li>\n<li>Non Superwash<\/li>\n<li>\u00c9cheveau : 100g<\/li>\n<li>M\u00e8tre : 225m<\/li>\n<li>Tricoter en simple comme base DK<\/li>\n<li>Lavage \u00e0 la main<\/li>\n<\/ul>\n<p id=\"tw-target-text\" class=\"tw-data-text tw-text-large XcVN5d tw-ta\" dir=\"ltr\" style=\"text-align: justify;\" data-placeholder=\"Traduction\"><em>Note : \u00e9tant donn\u00e9 que les \u00e9crans d&rsquo;ordinateur affichent les couleurs diff\u00e9remment, nous ne pouvons garantir que la couleur du fil sur votre \u00e9cran d&rsquo;ordinateur capture avec pr\u00e9cision les vraies couleurs du produit.<\/em><\/p>\n","protected":false},"featured_media":75714,"comment_status":"open","ping_status":"closed","template":"","meta":[],"product_brand":[],"product_cat":[467,392,1389],"product_tag":[],"class_list":{"0":"post-75772","1":"product","2":"type-product","3":"status-publish","4":"has-post-thumbnail","6":"product_cat-dk-fr","7":"product_cat-laine-fr","8":"product_cat-laines-non-teintes","9":"product_shipping_class-small-parcel-laine-fr","11":"first","12":"instock","13":"taxable","14":"shipping-taxable","15":"purchasable","16":"product-type-simple"},"yoast_head":"<!-- This site is optimized with the Yoast SEO plugin v27.3 - https:\/\/yoast.com\/product\/yoast-seo-wordpress\/ -->\n<title>Alpaga\/Soie\/Cachemire (DK) - Gris - Along Avec Anna<\/title>\n<meta name=\"robots\" content=\"index, follow, max-snippet:-1, max-image-preview:large, max-video-preview:-1\" \/>\n<link rel=\"canonical\" href=\"https:\/\/www.alongavecanna.com\/fr\/produit\/asc-dk-grey\/\" \/>\n<meta property=\"og:locale\" content=\"fr_FR\" \/>\n<meta property=\"og:type\" content=\"article\" \/>\n<meta property=\"og:title\" content=\"Alpaga\/Soie\/Cachemire (DK) - Gris - Along Avec Anna\" \/>\n<meta property=\"og:description\" content=\"Fil Alpaga\/Soie\/Cachemire d&#039;Along avec Anna. Ce fil est cruelty-free et Oeko Tex 100.    70% baby alpaga, 20% soie, 10% cachemire  Non Superwash  \u00c9cheveau : 100g  M\u00e8tre : 225m  Tricoter en simple comme base DK  Lavage \u00e0 la main  Note : \u00e9tant donn\u00e9 que les \u00e9crans d&#039;ordinateur affichent les couleurs diff\u00e9remment, nous ne pouvons garantir que la couleur du fil sur votre \u00e9cran d&#039;ordinateur capture avec pr\u00e9cision les vraies couleurs du produit.\" \/>\n<meta property=\"og:url\" content=\"https:\/\/www.alongavecanna.com\/fr\/produit\/asc-dk-grey\/\" \/>\n<meta property=\"og:site_name\" content=\"Along Avec Anna\" \/>\n<meta property=\"article:publisher\" content=\"https:\/\/facebook.com\/alongavecanna\" \/>\n<meta property=\"article:modified_time\" content=\"2025-11-30T18:57:33+00:00\" \/>\n<meta property=\"og:image\" content=\"https:\/\/www.alongavecanna.com\/wp-content\/uploads\/2025\/09\/IMG_0921-scaled.jpg\" \/>\n\t<meta property=\"og:image:width\" content=\"1707\" \/>\n\t<meta property=\"og:image:height\" content=\"2560\" \/>\n\t<meta property=\"og:image:type\" content=\"image\/jpeg\" \/>\n<meta name=\"twitter:card\" content=\"summary_large_image\" \/>\n<script type=\"application\/ld+json\" class=\"yoast-schema-graph\">{\"@context\":\"https:\\\/\\\/schema.org\",\"@graph\":[{\"@type\":\"WebPage\",\"@id\":\"https:\\\/\\\/www.alongavecanna.com\\\/fr\\\/produit\\\/asc-dk-grey\\\/\",\"url\":\"https:\\\/\\\/www.alongavecanna.com\\\/fr\\\/produit\\\/asc-dk-grey\\\/\",\"name\":\"Alpaga\\\/Soie\\\/Cachemire (DK) - Gris - Along Avec Anna\",\"isPartOf\":{\"@id\":\"https:\\\/\\\/www.alongavecanna.com\\\/fr\\\/#website\"},\"primaryImageOfPage\":{\"@id\":\"https:\\\/\\\/www.alongavecanna.com\\\/fr\\\/produit\\\/asc-dk-grey\\\/#primaryimage\"},\"image\":{\"@id\":\"https:\\\/\\\/www.alongavecanna.com\\\/fr\\\/produit\\\/asc-dk-grey\\\/#primaryimage\"},\"thumbnailUrl\":\"https:\\\/\\\/www.alongavecanna.com\\\/wp-content\\\/uploads\\\/2025\\\/09\\\/IMG_0921-scaled.jpg\",\"datePublished\":\"2025-09-05T16:17:19+00:00\",\"dateModified\":\"2025-11-30T18:57:33+00:00\",\"breadcrumb\":{\"@id\":\"https:\\\/\\\/www.alongavecanna.com\\\/fr\\\/produit\\\/asc-dk-grey\\\/#breadcrumb\"},\"inLanguage\":\"fr-FR\",\"potentialAction\":[{\"@type\":\"ReadAction\",\"target\":[\"https:\\\/\\\/www.alongavecanna.com\\\/fr\\\/produit\\\/asc-dk-grey\\\/\"]}]},{\"@type\":\"ImageObject\",\"inLanguage\":\"fr-FR\",\"@id\":\"https:\\\/\\\/www.alongavecanna.com\\\/fr\\\/produit\\\/asc-dk-grey\\\/#primaryimage\",\"url\":\"https:\\\/\\\/www.alongavecanna.com\\\/wp-content\\\/uploads\\\/2025\\\/09\\\/IMG_0921-scaled.jpg\",\"contentUrl\":\"https:\\\/\\\/www.alongavecanna.com\\\/wp-content\\\/uploads\\\/2025\\\/09\\\/IMG_0921-scaled.jpg\",\"width\":1707,\"height\":2560},{\"@type\":\"BreadcrumbList\",\"@id\":\"https:\\\/\\\/www.alongavecanna.com\\\/fr\\\/produit\\\/asc-dk-grey\\\/#breadcrumb\",\"itemListElement\":[{\"@type\":\"ListItem\",\"position\":1,\"name\":\"Home\",\"item\":\"https:\\\/\\\/www.alongavecanna.com\\\/fr\\\/\"},{\"@type\":\"ListItem\",\"position\":2,\"name\":\"Produits\",\"item\":\"https:\\\/\\\/www.alongavecanna.com\\\/fr\\\/shop\\\/\"},{\"@type\":\"ListItem\",\"position\":3,\"name\":\"Alpaga\\\/Soie\\\/Cachemire (DK) &#8211; Gris\"}]},{\"@type\":\"WebSite\",\"@id\":\"https:\\\/\\\/www.alongavecanna.com\\\/fr\\\/#website\",\"url\":\"https:\\\/\\\/www.alongavecanna.com\\\/fr\\\/\",\"name\":\"Along Avec Anna\",\"description\":\"Ethical yarn &amp; timeless knitting patterns\",\"publisher\":{\"@id\":\"https:\\\/\\\/www.alongavecanna.com\\\/fr\\\/#organization\"},\"potentialAction\":[{\"@type\":\"SearchAction\",\"target\":{\"@type\":\"EntryPoint\",\"urlTemplate\":\"https:\\\/\\\/www.alongavecanna.com\\\/fr\\\/?s={search_term_string}\"},\"query-input\":{\"@type\":\"PropertyValueSpecification\",\"valueRequired\":true,\"valueName\":\"search_term_string\"}}],\"inLanguage\":\"fr-FR\"},{\"@type\":\"Organization\",\"@id\":\"https:\\\/\\\/www.alongavecanna.com\\\/fr\\\/#organization\",\"name\":\"Along Avec Anna\",\"url\":\"https:\\\/\\\/www.alongavecanna.com\\\/fr\\\/\",\"logo\":{\"@type\":\"ImageObject\",\"inLanguage\":\"fr-FR\",\"@id\":\"https:\\\/\\\/www.alongavecanna.com\\\/fr\\\/#\\\/schema\\\/logo\\\/image\\\/\",\"url\":\"https:\\\/\\\/www.alongavecanna.com\\\/wp-content\\\/uploads\\\/2023\\\/01\\\/logo-along-avec-anna.png\",\"contentUrl\":\"https:\\\/\\\/www.alongavecanna.com\\\/wp-content\\\/uploads\\\/2023\\\/01\\\/logo-along-avec-anna.png\",\"width\":1728,\"height\":627,\"caption\":\"Along Avec Anna\"},\"image\":{\"@id\":\"https:\\\/\\\/www.alongavecanna.com\\\/fr\\\/#\\\/schema\\\/logo\\\/image\\\/\"},\"sameAs\":[\"https:\\\/\\\/facebook.com\\\/alongavecanna\",\"https:\\\/\\\/www.instagram.com\\\/along.avec.anna\\\/\"]}]}<\/script>\n<!-- \/ Yoast SEO plugin. -->","yoast_head_json":{"title":"Alpaga\/Soie\/Cachemire (DK) - Gris - Along Avec Anna","robots":{"index":"index","follow":"follow","max-snippet":"max-snippet:-1","max-image-preview":"max-image-preview:large","max-video-preview":"max-video-preview:-1"},"canonical":"https:\/\/www.alongavecanna.com\/fr\/produit\/asc-dk-grey\/","og_locale":"fr_FR","og_type":"article","og_title":"Alpaga\/Soie\/Cachemire (DK) - Gris - Along Avec Anna","og_description":"Fil Alpaga\/Soie\/Cachemire d'Along avec Anna. Ce fil est cruelty-free et Oeko Tex 100.    70% baby alpaga, 20% soie, 10% cachemire  Non Superwash  \u00c9cheveau : 100g  M\u00e8tre : 225m  Tricoter en simple comme base DK  Lavage \u00e0 la main  Note : \u00e9tant donn\u00e9 que les \u00e9crans d'ordinateur affichent les couleurs diff\u00e9remment, nous ne pouvons garantir que la couleur du fil sur votre \u00e9cran d'ordinateur capture avec pr\u00e9cision les vraies couleurs du produit.","og_url":"https:\/\/www.alongavecanna.com\/fr\/produit\/asc-dk-grey\/","og_site_name":"Along Avec Anna","article_publisher":"https:\/\/facebook.com\/alongavecanna","article_modified_time":"2025-11-30T18:57:33+00:00","og_image":[{"width":1707,"height":2560,"url":"https:\/\/www.alongavecanna.com\/wp-content\/uploads\/2025\/09\/IMG_0921-scaled.jpg","type":"image\/jpeg"}],"twitter_card":"summary_large_image","schema":{"@context":"https:\/\/schema.org","@graph":[{"@type":"WebPage","@id":"https:\/\/www.alongavecanna.com\/fr\/produit\/asc-dk-grey\/","url":"https:\/\/www.alongavecanna.com\/fr\/produit\/asc-dk-grey\/","name":"Alpaga\/Soie\/Cachemire (DK) - Gris - Along Avec Anna","isPartOf":{"@id":"https:\/\/www.alongavecanna.com\/fr\/#website"},"primaryImageOfPage":{"@id":"https:\/\/www.alongavecanna.com\/fr\/produit\/asc-dk-grey\/#primaryimage"},"image":{"@id":"https:\/\/www.alongavecanna.com\/fr\/produit\/asc-dk-grey\/#primaryimage"},"thumbnailUrl":"https:\/\/www.alongavecanna.com\/wp-content\/uploads\/2025\/09\/IMG_0921-scaled.jpg","datePublished":"2025-09-05T16:17:19+00:00","dateModified":"2025-11-30T18:57:33+00:00","breadcrumb":{"@id":"https:\/\/www.alongavecanna.com\/fr\/produit\/asc-dk-grey\/#breadcrumb"},"inLanguage":"fr-FR","potentialAction":[{"@type":"ReadAction","target":["https:\/\/www.alongavecanna.com\/fr\/produit\/asc-dk-grey\/"]}]},{"@type":"ImageObject","inLanguage":"fr-FR","@id":"https:\/\/www.alongavecanna.com\/fr\/produit\/asc-dk-grey\/#primaryimage","url":"https:\/\/www.alongavecanna.com\/wp-content\/uploads\/2025\/09\/IMG_0921-scaled.jpg","contentUrl":"https:\/\/www.alongavecanna.com\/wp-content\/uploads\/2025\/09\/IMG_0921-scaled.jpg","width":1707,"height":2560},{"@type":"BreadcrumbList","@id":"https:\/\/www.alongavecanna.com\/fr\/produit\/asc-dk-grey\/#breadcrumb","itemListElement":[{"@type":"ListItem","position":1,"name":"Home","item":"https:\/\/www.alongavecanna.com\/fr\/"},{"@type":"ListItem","position":2,"name":"Produits","item":"https:\/\/www.alongavecanna.com\/fr\/shop\/"},{"@type":"ListItem","position":3,"name":"Alpaga\/Soie\/Cachemire (DK) &#8211; Gris"}]},{"@type":"WebSite","@id":"https:\/\/www.alongavecanna.com\/fr\/#website","url":"https:\/\/www.alongavecanna.com\/fr\/","name":"Along Avec Anna","description":"Ethical yarn &amp; timeless knitting patterns","publisher":{"@id":"https:\/\/www.alongavecanna.com\/fr\/#organization"},"potentialAction":[{"@type":"SearchAction","target":{"@type":"EntryPoint","urlTemplate":"https:\/\/www.alongavecanna.com\/fr\/?s={search_term_string}"},"query-input":{"@type":"PropertyValueSpecification","valueRequired":true,"valueName":"search_term_string"}}],"inLanguage":"fr-FR"},{"@type":"Organization","@id":"https:\/\/www.alongavecanna.com\/fr\/#organization","name":"Along Avec Anna","url":"https:\/\/www.alongavecanna.com\/fr\/","logo":{"@type":"ImageObject","inLanguage":"fr-FR","@id":"https:\/\/www.alongavecanna.com\/fr\/#\/schema\/logo\/image\/","url":"https:\/\/www.alongavecanna.com\/wp-content\/uploads\/2023\/01\/logo-along-avec-anna.png","contentUrl":"https:\/\/www.alongavecanna.com\/wp-content\/uploads\/2023\/01\/logo-along-avec-anna.png","width":1728,"height":627,"caption":"Along Avec Anna"},"image":{"@id":"https:\/\/www.alongavecanna.com\/fr\/#\/schema\/logo\/image\/"},"sameAs":["https:\/\/facebook.com\/alongavecanna","https:\/\/www.instagram.com\/along.avec.anna\/"]}]}},"_links":{"self":[{"href":"https:\/\/www.alongavecanna.com\/fr\/wp-json\/wp\/v2\/product\/75772","targetHints":{"allow":["GET"]}}],"collection":[{"href":"https:\/\/www.alongavecanna.com\/fr\/wp-json\/wp\/v2\/product"}],"about":[{"href":"https:\/\/www.alongavecanna.com\/fr\/wp-json\/wp\/v2\/types\/product"}],"replies":[{"embeddable":true,"href":"https:\/\/www.alongavecanna.com\/fr\/wp-json\/wp\/v2\/comments?post=75772"}],"version-history":[{"count":0,"href":"https:\/\/www.alongavecanna.com\/fr\/wp-json\/wp\/v2\/product\/75772\/revisions"}],"wp:featuredmedia":[{"embeddable":true,"href":"https:\/\/www.alongavecanna.com\/fr\/wp-json\/wp\/v2\/media\/75714"}],"wp:attachment":[{"href":"https:\/\/www.alongavecanna.com\/fr\/wp-json\/wp\/v2\/media?parent=75772"}],"wp:term":[{"taxonomy":"product_brand","embeddable":true,"href":"https:\/\/www.alongavecanna.com\/fr\/wp-json\/wp\/v2\/product_brand?post=75772"},{"taxonomy":"product_cat","embeddable":true,"href":"https:\/\/www.alongavecanna.com\/fr\/wp-json\/wp\/v2\/product_cat?post=75772"},{"taxonomy":"product_tag","embeddable":true,"href":"https:\/\/www.alongavecanna.com\/fr\/wp-json\/wp\/v2\/product_tag?post=75772"}],"curies":[{"name":"wp","href":"https:\/\/api.w.org\/{rel}","templated":true}]}}