{"id":73705,"date":"2025-04-11T20:03:59","date_gmt":"2025-04-11T20:03:59","guid":{"rendered":"https:\/\/www.alongavecanna.com\/?post_type=product&#038;p=73705"},"modified":"2025-10-08T13:21:58","modified_gmt":"2025-10-08T13:21:58","slug":"lucine-slipover","status":"publish","type":"product","link":"https:\/\/www.alongavecanna.com\/fr\/produit\/lucine-slipover\/","title":{"rendered":"Lucine Slipover"},"content":{"rendered":"<div class=\"notes markdown core_item_content__text_block core_item_content__text_block--notes\">\n<p style=\"text-align: justify;\"><strong>Tailles<\/strong> : 85.5, 90, 95.5, 100, 105.5 (110, 115.5, 120, 125.5, 135.5) 145.5, 150, 155.5, 160, 165.5 cm<\/p>\n<p style=\"text-align: justify;\"><strong>Aisance recommand\u00e9e<\/strong> : 5 \u00e0 15 cm<\/p>\n<p style=\"text-align: justify;\"><strong>Echantillon<\/strong> : 22 mailles x 30 rangs = 10 cm en jersey, en aiguilles 4mm\/US 6 (ou autre taille d\u00e9pendant de votre \u00e9chantillon)<\/p>\n<p style=\"text-align: justify;\"><strong>Laines<\/strong> : Deux fils \u00e0 tricoter ensemble &#8211; un fil de fingering &amp; un fil de lace mohair.<\/p>\n<p style=\"text-align: justify;\"><em>Fingering<\/em> : 525, 555, 580, 615, 685 (705, 755, 825, 855, 930) 970, 985, 1105, 1135, 1170 m\u00e8tres soit 3, 3, 3, 4, 4 (4, 4, 5, 5, 5)5, 5, 6, 6, 6 pelotes de Silk Mohair &#8211; Along avec Anna<\/p>\n<p style=\"text-align: justify;\"><em>Lace<\/em> : 540, 575, 600, 635, 715 (725, 785, 855, 880, 970) 1005, 1015, 1145, 1175, 1210 m\u00e8tres soit 3, 3, 3, 4, 4 (4, 4, 5, 5, 5)5, 5, 6, 6, 6 pelotes de Merino &#8211; Along avec Anna<\/p>\n<p style=\"text-align: justify;\"><strong>Version de pr\u00e9sentation<\/strong> :<br \/>\nTricot\u00e9 en taille 90 avec 10 cm d\u2019aisance, en Merino et Silk Mohair Along Avec Anna, coloris Poudre.<\/p>\n<p style=\"text-align: justify;\"><strong>Aiguilles pr\u00e9conis\u00e9es<\/strong> (si votre \u00e9chantillon correspond bien) : 4mm\/US 6 pour le corps<br \/>\n3.75mm\/US 5 pour les c\u00f4tes et les Icords<\/p>\n<p style=\"text-align: justify;\"><strong>Mat\u00e9riel<\/strong> : anneaux marqueurs, morceaux de laine pour mettre les mailles en attente, aiguille \u00e0 laine pour rentrer les fils<\/p>\n<\/div>\n","protected":false},"excerpt":{"rendered":"<p style=\"text-align: justify;\"><strong>Lucine (Slipover)<\/strong> est un gilet sans manche, en jersey, qui se ferme par deux jolis noeuds en I- cord sur le devant. Il est parfait \u00e0 porter sur une jolie blouse, chemise ou robe.<br \/>\nIl est tricot\u00e9 avec un fil de Merino (fingering) et un fil de Silk Mohair (lace) mais peut \u00e9galement \u00eatre tricot\u00e9 dans un seul fil de DK. Se tricote du haut vers le bas.<\/p>\n<p style=\"text-align: justify;\"><em>Ce patron est \u00e9galement disponible en version enfant sous le nom Lucine (Slipover) Little.<\/em><\/p>\n","protected":false},"featured_media":76017,"comment_status":"open","ping_status":"closed","template":"","meta":[],"product_brand":[],"product_cat":[380,376,370,377,381,463],"product_tag":[],"class_list":{"0":"post-73705","1":"product","2":"type-product","3":"status-publish","4":"has-post-thumbnail","6":"product_cat-patrons-anglais","7":"product_cat-patrons-de-tricot","8":"product_cat-patrons-debutants","9":"product_cat-patrons-femme","10":"product_cat-patrons-francais","11":"product_cat-tricots-de-saison","13":"first","14":"instock","15":"downloadable","16":"virtual","17":"taxable","18":"purchasable","19":"product-type-simple"},"yoast_head":"<!-- This site is optimized with the Yoast SEO plugin v27.5 - https:\/\/yoast.com\/product\/yoast-seo-wordpress\/ -->\n<title>Lucine Slipover - Along Avec Anna<\/title>\n<meta name=\"robots\" content=\"index, follow, max-snippet:-1, max-image-preview:large, max-video-preview:-1\" \/>\n<link rel=\"canonical\" href=\"https:\/\/www.alongavecanna.com\/fr\/produit\/lucine-slipover\/\" \/>\n<meta property=\"og:locale\" content=\"fr_FR\" \/>\n<meta property=\"og:type\" content=\"article\" \/>\n<meta property=\"og:title\" content=\"Lucine Slipover - Along Avec Anna\" \/>\n<meta property=\"og:description\" content=\"Lucine (Slipover) est un gilet sans manche, en jersey, qui se ferme par deux jolis noeuds en I- cord sur le devant. Il est parfait \u00e0 porter sur une jolie blouse, chemise ou robe. Il est tricot\u00e9 avec un fil de Merino (fingering) et un fil de Silk Mohair (lace) mais peut \u00e9galement \u00eatre tricot\u00e9 dans un seul fil de DK. Se tricote du haut vers le bas. Ce patron est \u00e9galement disponible en version enfant sous le nom Lucine (Slipover) Little.\" \/>\n<meta property=\"og:url\" content=\"https:\/\/www.alongavecanna.com\/fr\/produit\/lucine-slipover\/\" \/>\n<meta property=\"og:site_name\" content=\"Along Avec Anna\" \/>\n<meta property=\"article:publisher\" content=\"https:\/\/facebook.com\/alongavecanna\" \/>\n<meta property=\"article:modified_time\" content=\"2025-10-08T13:21:58+00:00\" \/>\n<meta property=\"og:image\" content=\"https:\/\/www.alongavecanna.com\/wp-content\/uploads\/2025\/04\/alongavecanna-176_Original.jpg\" \/>\n\t<meta property=\"og:image:width\" content=\"1024\" \/>\n\t<meta property=\"og:image:height\" content=\"1536\" \/>\n\t<meta property=\"og:image:type\" content=\"image\/jpeg\" \/>\n<meta name=\"twitter:card\" content=\"summary_large_image\" \/>\n<meta name=\"twitter:label1\" content=\"Dur\u00e9e de lecture estim\u00e9e\" \/>\n\t<meta name=\"twitter:data1\" content=\"1 minute\" \/>\n<script type=\"application\/ld+json\" class=\"yoast-schema-graph\">{\"@context\":\"https:\\\/\\\/schema.org\",\"@graph\":[{\"@type\":\"WebPage\",\"@id\":\"https:\\\/\\\/www.alongavecanna.com\\\/fr\\\/produit\\\/lucine-slipover\\\/\",\"url\":\"https:\\\/\\\/www.alongavecanna.com\\\/fr\\\/produit\\\/lucine-slipover\\\/\",\"name\":\"Lucine Slipover - Along Avec Anna\",\"isPartOf\":{\"@id\":\"https:\\\/\\\/www.alongavecanna.com\\\/fr\\\/#website\"},\"primaryImageOfPage\":{\"@id\":\"https:\\\/\\\/www.alongavecanna.com\\\/fr\\\/produit\\\/lucine-slipover\\\/#primaryimage\"},\"image\":{\"@id\":\"https:\\\/\\\/www.alongavecanna.com\\\/fr\\\/produit\\\/lucine-slipover\\\/#primaryimage\"},\"thumbnailUrl\":\"https:\\\/\\\/www.alongavecanna.com\\\/wp-content\\\/uploads\\\/2025\\\/04\\\/alongavecanna-176_Original.jpg\",\"datePublished\":\"2025-04-11T20:03:59+00:00\",\"dateModified\":\"2025-10-08T13:21:58+00:00\",\"breadcrumb\":{\"@id\":\"https:\\\/\\\/www.alongavecanna.com\\\/fr\\\/produit\\\/lucine-slipover\\\/#breadcrumb\"},\"inLanguage\":\"fr-FR\",\"potentialAction\":[{\"@type\":\"ReadAction\",\"target\":[\"https:\\\/\\\/www.alongavecanna.com\\\/fr\\\/produit\\\/lucine-slipover\\\/\"]}]},{\"@type\":\"ImageObject\",\"inLanguage\":\"fr-FR\",\"@id\":\"https:\\\/\\\/www.alongavecanna.com\\\/fr\\\/produit\\\/lucine-slipover\\\/#primaryimage\",\"url\":\"https:\\\/\\\/www.alongavecanna.com\\\/wp-content\\\/uploads\\\/2025\\\/04\\\/alongavecanna-176_Original.jpg\",\"contentUrl\":\"https:\\\/\\\/www.alongavecanna.com\\\/wp-content\\\/uploads\\\/2025\\\/04\\\/alongavecanna-176_Original.jpg\",\"width\":1024,\"height\":1536},{\"@type\":\"BreadcrumbList\",\"@id\":\"https:\\\/\\\/www.alongavecanna.com\\\/fr\\\/produit\\\/lucine-slipover\\\/#breadcrumb\",\"itemListElement\":[{\"@type\":\"ListItem\",\"position\":1,\"name\":\"Home\",\"item\":\"https:\\\/\\\/www.alongavecanna.com\\\/fr\\\/\"},{\"@type\":\"ListItem\",\"position\":2,\"name\":\"Produits\",\"item\":\"https:\\\/\\\/www.alongavecanna.com\\\/fr\\\/shop\\\/\"},{\"@type\":\"ListItem\",\"position\":3,\"name\":\"Lucine Slipover\"}]},{\"@type\":\"WebSite\",\"@id\":\"https:\\\/\\\/www.alongavecanna.com\\\/fr\\\/#website\",\"url\":\"https:\\\/\\\/www.alongavecanna.com\\\/fr\\\/\",\"name\":\"Along Avec Anna\",\"description\":\"Ethical yarn &amp; timeless knitting patterns\",\"publisher\":{\"@id\":\"https:\\\/\\\/www.alongavecanna.com\\\/fr\\\/#organization\"},\"potentialAction\":[{\"@type\":\"SearchAction\",\"target\":{\"@type\":\"EntryPoint\",\"urlTemplate\":\"https:\\\/\\\/www.alongavecanna.com\\\/fr\\\/?s={search_term_string}\"},\"query-input\":{\"@type\":\"PropertyValueSpecification\",\"valueRequired\":true,\"valueName\":\"search_term_string\"}}],\"inLanguage\":\"fr-FR\"},{\"@type\":\"Organization\",\"@id\":\"https:\\\/\\\/www.alongavecanna.com\\\/fr\\\/#organization\",\"name\":\"Along Avec Anna\",\"url\":\"https:\\\/\\\/www.alongavecanna.com\\\/fr\\\/\",\"logo\":{\"@type\":\"ImageObject\",\"inLanguage\":\"fr-FR\",\"@id\":\"https:\\\/\\\/www.alongavecanna.com\\\/fr\\\/#\\\/schema\\\/logo\\\/image\\\/\",\"url\":\"https:\\\/\\\/www.alongavecanna.com\\\/wp-content\\\/uploads\\\/2023\\\/01\\\/logo-along-avec-anna.png\",\"contentUrl\":\"https:\\\/\\\/www.alongavecanna.com\\\/wp-content\\\/uploads\\\/2023\\\/01\\\/logo-along-avec-anna.png\",\"width\":1728,\"height\":627,\"caption\":\"Along Avec Anna\"},\"image\":{\"@id\":\"https:\\\/\\\/www.alongavecanna.com\\\/fr\\\/#\\\/schema\\\/logo\\\/image\\\/\"},\"sameAs\":[\"https:\\\/\\\/facebook.com\\\/alongavecanna\",\"https:\\\/\\\/www.instagram.com\\\/along.avec.anna\\\/\"]}]}<\/script>\n<!-- \/ Yoast SEO plugin. -->","yoast_head_json":{"title":"Lucine Slipover - Along Avec Anna","robots":{"index":"index","follow":"follow","max-snippet":"max-snippet:-1","max-image-preview":"max-image-preview:large","max-video-preview":"max-video-preview:-1"},"canonical":"https:\/\/www.alongavecanna.com\/fr\/produit\/lucine-slipover\/","og_locale":"fr_FR","og_type":"article","og_title":"Lucine Slipover - Along Avec Anna","og_description":"Lucine (Slipover) est un gilet sans manche, en jersey, qui se ferme par deux jolis noeuds en I- cord sur le devant. Il est parfait \u00e0 porter sur une jolie blouse, chemise ou robe. Il est tricot\u00e9 avec un fil de Merino (fingering) et un fil de Silk Mohair (lace) mais peut \u00e9galement \u00eatre tricot\u00e9 dans un seul fil de DK. Se tricote du haut vers le bas. Ce patron est \u00e9galement disponible en version enfant sous le nom Lucine (Slipover) Little.","og_url":"https:\/\/www.alongavecanna.com\/fr\/produit\/lucine-slipover\/","og_site_name":"Along Avec Anna","article_publisher":"https:\/\/facebook.com\/alongavecanna","article_modified_time":"2025-10-08T13:21:58+00:00","og_image":[{"width":1024,"height":1536,"url":"https:\/\/www.alongavecanna.com\/wp-content\/uploads\/2025\/04\/alongavecanna-176_Original.jpg","type":"image\/jpeg"}],"twitter_card":"summary_large_image","twitter_misc":{"Dur\u00e9e de lecture estim\u00e9e":"1 minute"},"schema":{"@context":"https:\/\/schema.org","@graph":[{"@type":"WebPage","@id":"https:\/\/www.alongavecanna.com\/fr\/produit\/lucine-slipover\/","url":"https:\/\/www.alongavecanna.com\/fr\/produit\/lucine-slipover\/","name":"Lucine Slipover - Along Avec Anna","isPartOf":{"@id":"https:\/\/www.alongavecanna.com\/fr\/#website"},"primaryImageOfPage":{"@id":"https:\/\/www.alongavecanna.com\/fr\/produit\/lucine-slipover\/#primaryimage"},"image":{"@id":"https:\/\/www.alongavecanna.com\/fr\/produit\/lucine-slipover\/#primaryimage"},"thumbnailUrl":"https:\/\/www.alongavecanna.com\/wp-content\/uploads\/2025\/04\/alongavecanna-176_Original.jpg","datePublished":"2025-04-11T20:03:59+00:00","dateModified":"2025-10-08T13:21:58+00:00","breadcrumb":{"@id":"https:\/\/www.alongavecanna.com\/fr\/produit\/lucine-slipover\/#breadcrumb"},"inLanguage":"fr-FR","potentialAction":[{"@type":"ReadAction","target":["https:\/\/www.alongavecanna.com\/fr\/produit\/lucine-slipover\/"]}]},{"@type":"ImageObject","inLanguage":"fr-FR","@id":"https:\/\/www.alongavecanna.com\/fr\/produit\/lucine-slipover\/#primaryimage","url":"https:\/\/www.alongavecanna.com\/wp-content\/uploads\/2025\/04\/alongavecanna-176_Original.jpg","contentUrl":"https:\/\/www.alongavecanna.com\/wp-content\/uploads\/2025\/04\/alongavecanna-176_Original.jpg","width":1024,"height":1536},{"@type":"BreadcrumbList","@id":"https:\/\/www.alongavecanna.com\/fr\/produit\/lucine-slipover\/#breadcrumb","itemListElement":[{"@type":"ListItem","position":1,"name":"Home","item":"https:\/\/www.alongavecanna.com\/fr\/"},{"@type":"ListItem","position":2,"name":"Produits","item":"https:\/\/www.alongavecanna.com\/fr\/shop\/"},{"@type":"ListItem","position":3,"name":"Lucine Slipover"}]},{"@type":"WebSite","@id":"https:\/\/www.alongavecanna.com\/fr\/#website","url":"https:\/\/www.alongavecanna.com\/fr\/","name":"Along Avec Anna","description":"Ethical yarn &amp; timeless knitting patterns","publisher":{"@id":"https:\/\/www.alongavecanna.com\/fr\/#organization"},"potentialAction":[{"@type":"SearchAction","target":{"@type":"EntryPoint","urlTemplate":"https:\/\/www.alongavecanna.com\/fr\/?s={search_term_string}"},"query-input":{"@type":"PropertyValueSpecification","valueRequired":true,"valueName":"search_term_string"}}],"inLanguage":"fr-FR"},{"@type":"Organization","@id":"https:\/\/www.alongavecanna.com\/fr\/#organization","name":"Along Avec Anna","url":"https:\/\/www.alongavecanna.com\/fr\/","logo":{"@type":"ImageObject","inLanguage":"fr-FR","@id":"https:\/\/www.alongavecanna.com\/fr\/#\/schema\/logo\/image\/","url":"https:\/\/www.alongavecanna.com\/wp-content\/uploads\/2023\/01\/logo-along-avec-anna.png","contentUrl":"https:\/\/www.alongavecanna.com\/wp-content\/uploads\/2023\/01\/logo-along-avec-anna.png","width":1728,"height":627,"caption":"Along Avec Anna"},"image":{"@id":"https:\/\/www.alongavecanna.com\/fr\/#\/schema\/logo\/image\/"},"sameAs":["https:\/\/facebook.com\/alongavecanna","https:\/\/www.instagram.com\/along.avec.anna\/"]}]}},"_links":{"self":[{"href":"https:\/\/www.alongavecanna.com\/fr\/wp-json\/wp\/v2\/product\/73705","targetHints":{"allow":["GET"]}}],"collection":[{"href":"https:\/\/www.alongavecanna.com\/fr\/wp-json\/wp\/v2\/product"}],"about":[{"href":"https:\/\/www.alongavecanna.com\/fr\/wp-json\/wp\/v2\/types\/product"}],"replies":[{"embeddable":true,"href":"https:\/\/www.alongavecanna.com\/fr\/wp-json\/wp\/v2\/comments?post=73705"}],"version-history":[{"count":0,"href":"https:\/\/www.alongavecanna.com\/fr\/wp-json\/wp\/v2\/product\/73705\/revisions"}],"wp:featuredmedia":[{"embeddable":true,"href":"https:\/\/www.alongavecanna.com\/fr\/wp-json\/wp\/v2\/media\/76017"}],"wp:attachment":[{"href":"https:\/\/www.alongavecanna.com\/fr\/wp-json\/wp\/v2\/media?parent=73705"}],"wp:term":[{"taxonomy":"product_brand","embeddable":true,"href":"https:\/\/www.alongavecanna.com\/fr\/wp-json\/wp\/v2\/product_brand?post=73705"},{"taxonomy":"product_cat","embeddable":true,"href":"https:\/\/www.alongavecanna.com\/fr\/wp-json\/wp\/v2\/product_cat?post=73705"},{"taxonomy":"product_tag","embeddable":true,"href":"https:\/\/www.alongavecanna.com\/fr\/wp-json\/wp\/v2\/product_tag?post=73705"}],"curies":[{"name":"wp","href":"https:\/\/api.w.org\/{rel}","templated":true}]}}