{"id":72978,"date":"2025-03-06T22:08:57","date_gmt":"2025-03-06T22:08:57","guid":{"rendered":"https:\/\/www.alongavecanna.com\/?post_type=product&#038;p=72978"},"modified":"2025-03-06T23:09:10","modified_gmt":"2025-03-06T23:09:10","slug":"charlie-little","status":"publish","type":"product","link":"https:\/\/www.alongavecanna.com\/fr\/produit\/charlie-little\/","title":{"rendered":"Charlie (Little)"},"content":{"rendered":"<p style=\"text-align: justify;\"><strong>Tailles<\/strong> : naissance, 3, 6, 9 mois (12, 18, 24 mois)4, 6, 8 ans 10, 12 ans<\/p>\n<p style=\"text-align: justify;\"><strong>Echantillon<\/strong> : 23 mailles x 31 rangs = 10 cm en jersey, en aiguilles 3.75 mm\/US 5 (ou autre taille d\u00e9pendant de votre \u00e9chantillon)<\/p>\n<p style=\"text-align: justify;\"><strong>Laines<\/strong> : Un fil de DK &#8211; Double Merino, Along Avec Anna<br \/>\n<strong>CP<\/strong> : 180, 200, 230, 250 (280, 300, 330) 370, 445, 525 595, 655 m\u00e8tres<br \/>\n<strong>CC<\/strong> : 45, 50, 60, 65 (70, 80, 80) 95, 105, 130 150, 165 m\u00e8tres<\/p>\n<p style=\"text-align: justify;\">Soit<br \/>\n<strong>CP<\/strong>: 2, 2, 3, 3 (3, 3, 4) 4, 5, 5 6, 7 pelotes<br \/>\n<strong>CC<\/strong>: 1, 1, 1, 1 (1, 1, 1) 1, 1, 2 2,2pelotes de Double Merino Along avec Anna<\/p>\n<p style=\"text-align: justify;\"><em>Mod\u00e8le de pr\u00e9sentation<\/em> :<br \/>\nTricot\u00e9 en taille 6 ans, en Double Merino Along Avec Anna, coloris Emeraude et Colombe.<\/p>\n<p style=\"text-align: justify;\"><em>Notez<\/em> que si votre \u00e9chantillon en rangs est diff\u00e9rent du notre, vous pourriez utiliser plus\/moins de laine que notre recommandation.<\/p>\n<p style=\"text-align: justify;\"><strong>Aiguilles pr\u00e9conis\u00e9es<\/strong> (si votre \u00e9chantillon correspond bien) : 3.75mm\/US 5 pour le corps et les manches 3.5mm\/US 4 pour les c\u00f4tes<\/p>\n<p style=\"text-align: justify;\"><strong>Mat\u00e9riel<\/strong> : anneaux marqueurs, morceaux de laine pour mettre les mailles en attente, aiguille \u00e0 laine pour rentrer les fils, 5-7 boutons de 12 mm<\/p>\n","protected":false},"excerpt":{"rendered":"<p><strong>Charlie (Little)<\/strong> est un gilet marini\u00e8re tricot\u00e9 de haut en bas, qui sera un basique parfait de la garde-robe des enfants. Il est tr\u00e8s accessible aux d\u00e9butants.<\/p>\n","protected":false},"featured_media":72989,"comment_status":"open","ping_status":"closed","template":"","meta":[],"product_brand":[],"product_cat":[409,380,376,370,386,381],"product_tag":[],"class_list":{"0":"post-72978","1":"product","2":"type-product","3":"status-publish","4":"has-post-thumbnail","6":"product_cat-nouveautes-fr","7":"product_cat-patrons-anglais","8":"product_cat-patrons-de-tricot","9":"product_cat-patrons-debutants","10":"product_cat-patrons-enfant","11":"product_cat-patrons-francais","13":"first","14":"instock","15":"downloadable","16":"virtual","17":"taxable","18":"purchasable","19":"product-type-simple"},"yoast_head":"<!-- This site is optimized with the Yoast SEO plugin v27.5 - https:\/\/yoast.com\/product\/yoast-seo-wordpress\/ -->\n<title>Charlie (Little) - Along Avec Anna<\/title>\n<meta name=\"robots\" content=\"index, follow, max-snippet:-1, max-image-preview:large, max-video-preview:-1\" \/>\n<link rel=\"canonical\" href=\"https:\/\/www.alongavecanna.com\/fr\/produit\/charlie-little\/\" \/>\n<meta property=\"og:locale\" content=\"fr_FR\" \/>\n<meta property=\"og:type\" content=\"article\" \/>\n<meta property=\"og:title\" content=\"Charlie (Little) - Along Avec Anna\" \/>\n<meta property=\"og:description\" content=\"Charlie (Little) est un gilet marini\u00e8re tricot\u00e9 de haut en bas, qui sera un basique parfait de la garde-robe des enfants. Il est tr\u00e8s accessible aux d\u00e9butants.\" \/>\n<meta property=\"og:url\" content=\"https:\/\/www.alongavecanna.com\/fr\/produit\/charlie-little\/\" \/>\n<meta property=\"og:site_name\" content=\"Along Avec Anna\" \/>\n<meta property=\"article:publisher\" content=\"https:\/\/facebook.com\/alongavecanna\" \/>\n<meta property=\"article:modified_time\" content=\"2025-03-06T23:09:10+00:00\" \/>\n<meta property=\"og:image\" content=\"https:\/\/www.alongavecanna.com\/wp-content\/uploads\/2025\/03\/IMG_0442-scaled.jpg\" \/>\n\t<meta property=\"og:image:width\" content=\"1707\" \/>\n\t<meta property=\"og:image:height\" content=\"2560\" \/>\n\t<meta property=\"og:image:type\" content=\"image\/jpeg\" \/>\n<meta name=\"twitter:card\" content=\"summary_large_image\" \/>\n<meta name=\"twitter:label1\" content=\"Dur\u00e9e de lecture estim\u00e9e\" \/>\n\t<meta name=\"twitter:data1\" content=\"1 minute\" \/>\n<script type=\"application\/ld+json\" class=\"yoast-schema-graph\">{\"@context\":\"https:\\\/\\\/schema.org\",\"@graph\":[{\"@type\":\"WebPage\",\"@id\":\"https:\\\/\\\/www.alongavecanna.com\\\/fr\\\/produit\\\/charlie-little\\\/\",\"url\":\"https:\\\/\\\/www.alongavecanna.com\\\/fr\\\/produit\\\/charlie-little\\\/\",\"name\":\"Charlie (Little) - Along Avec Anna\",\"isPartOf\":{\"@id\":\"https:\\\/\\\/www.alongavecanna.com\\\/fr\\\/#website\"},\"primaryImageOfPage\":{\"@id\":\"https:\\\/\\\/www.alongavecanna.com\\\/fr\\\/produit\\\/charlie-little\\\/#primaryimage\"},\"image\":{\"@id\":\"https:\\\/\\\/www.alongavecanna.com\\\/fr\\\/produit\\\/charlie-little\\\/#primaryimage\"},\"thumbnailUrl\":\"https:\\\/\\\/www.alongavecanna.com\\\/wp-content\\\/uploads\\\/2025\\\/03\\\/IMG_0442-scaled.jpg\",\"datePublished\":\"2025-03-06T22:08:57+00:00\",\"dateModified\":\"2025-03-06T23:09:10+00:00\",\"breadcrumb\":{\"@id\":\"https:\\\/\\\/www.alongavecanna.com\\\/fr\\\/produit\\\/charlie-little\\\/#breadcrumb\"},\"inLanguage\":\"fr-FR\",\"potentialAction\":[{\"@type\":\"ReadAction\",\"target\":[\"https:\\\/\\\/www.alongavecanna.com\\\/fr\\\/produit\\\/charlie-little\\\/\"]}]},{\"@type\":\"ImageObject\",\"inLanguage\":\"fr-FR\",\"@id\":\"https:\\\/\\\/www.alongavecanna.com\\\/fr\\\/produit\\\/charlie-little\\\/#primaryimage\",\"url\":\"https:\\\/\\\/www.alongavecanna.com\\\/wp-content\\\/uploads\\\/2025\\\/03\\\/IMG_0442-scaled.jpg\",\"contentUrl\":\"https:\\\/\\\/www.alongavecanna.com\\\/wp-content\\\/uploads\\\/2025\\\/03\\\/IMG_0442-scaled.jpg\",\"width\":1707,\"height\":2560},{\"@type\":\"BreadcrumbList\",\"@id\":\"https:\\\/\\\/www.alongavecanna.com\\\/fr\\\/produit\\\/charlie-little\\\/#breadcrumb\",\"itemListElement\":[{\"@type\":\"ListItem\",\"position\":1,\"name\":\"Home\",\"item\":\"https:\\\/\\\/www.alongavecanna.com\\\/fr\\\/\"},{\"@type\":\"ListItem\",\"position\":2,\"name\":\"Produits\",\"item\":\"https:\\\/\\\/www.alongavecanna.com\\\/fr\\\/shop\\\/\"},{\"@type\":\"ListItem\",\"position\":3,\"name\":\"Charlie (Little)\"}]},{\"@type\":\"WebSite\",\"@id\":\"https:\\\/\\\/www.alongavecanna.com\\\/fr\\\/#website\",\"url\":\"https:\\\/\\\/www.alongavecanna.com\\\/fr\\\/\",\"name\":\"Along Avec Anna\",\"description\":\"Ethical yarn &amp; timeless knitting patterns\",\"publisher\":{\"@id\":\"https:\\\/\\\/www.alongavecanna.com\\\/fr\\\/#organization\"},\"potentialAction\":[{\"@type\":\"SearchAction\",\"target\":{\"@type\":\"EntryPoint\",\"urlTemplate\":\"https:\\\/\\\/www.alongavecanna.com\\\/fr\\\/?s={search_term_string}\"},\"query-input\":{\"@type\":\"PropertyValueSpecification\",\"valueRequired\":true,\"valueName\":\"search_term_string\"}}],\"inLanguage\":\"fr-FR\"},{\"@type\":\"Organization\",\"@id\":\"https:\\\/\\\/www.alongavecanna.com\\\/fr\\\/#organization\",\"name\":\"Along Avec Anna\",\"url\":\"https:\\\/\\\/www.alongavecanna.com\\\/fr\\\/\",\"logo\":{\"@type\":\"ImageObject\",\"inLanguage\":\"fr-FR\",\"@id\":\"https:\\\/\\\/www.alongavecanna.com\\\/fr\\\/#\\\/schema\\\/logo\\\/image\\\/\",\"url\":\"https:\\\/\\\/www.alongavecanna.com\\\/wp-content\\\/uploads\\\/2023\\\/01\\\/logo-along-avec-anna.png\",\"contentUrl\":\"https:\\\/\\\/www.alongavecanna.com\\\/wp-content\\\/uploads\\\/2023\\\/01\\\/logo-along-avec-anna.png\",\"width\":1728,\"height\":627,\"caption\":\"Along Avec Anna\"},\"image\":{\"@id\":\"https:\\\/\\\/www.alongavecanna.com\\\/fr\\\/#\\\/schema\\\/logo\\\/image\\\/\"},\"sameAs\":[\"https:\\\/\\\/facebook.com\\\/alongavecanna\",\"https:\\\/\\\/www.instagram.com\\\/along.avec.anna\\\/\"]}]}<\/script>\n<!-- \/ Yoast SEO plugin. -->","yoast_head_json":{"title":"Charlie (Little) - Along Avec Anna","robots":{"index":"index","follow":"follow","max-snippet":"max-snippet:-1","max-image-preview":"max-image-preview:large","max-video-preview":"max-video-preview:-1"},"canonical":"https:\/\/www.alongavecanna.com\/fr\/produit\/charlie-little\/","og_locale":"fr_FR","og_type":"article","og_title":"Charlie (Little) - Along Avec Anna","og_description":"Charlie (Little) est un gilet marini\u00e8re tricot\u00e9 de haut en bas, qui sera un basique parfait de la garde-robe des enfants. Il est tr\u00e8s accessible aux d\u00e9butants.","og_url":"https:\/\/www.alongavecanna.com\/fr\/produit\/charlie-little\/","og_site_name":"Along Avec Anna","article_publisher":"https:\/\/facebook.com\/alongavecanna","article_modified_time":"2025-03-06T23:09:10+00:00","og_image":[{"width":1707,"height":2560,"url":"https:\/\/www.alongavecanna.com\/wp-content\/uploads\/2025\/03\/IMG_0442-scaled.jpg","type":"image\/jpeg"}],"twitter_card":"summary_large_image","twitter_misc":{"Dur\u00e9e de lecture estim\u00e9e":"1 minute"},"schema":{"@context":"https:\/\/schema.org","@graph":[{"@type":"WebPage","@id":"https:\/\/www.alongavecanna.com\/fr\/produit\/charlie-little\/","url":"https:\/\/www.alongavecanna.com\/fr\/produit\/charlie-little\/","name":"Charlie (Little) - Along Avec Anna","isPartOf":{"@id":"https:\/\/www.alongavecanna.com\/fr\/#website"},"primaryImageOfPage":{"@id":"https:\/\/www.alongavecanna.com\/fr\/produit\/charlie-little\/#primaryimage"},"image":{"@id":"https:\/\/www.alongavecanna.com\/fr\/produit\/charlie-little\/#primaryimage"},"thumbnailUrl":"https:\/\/www.alongavecanna.com\/wp-content\/uploads\/2025\/03\/IMG_0442-scaled.jpg","datePublished":"2025-03-06T22:08:57+00:00","dateModified":"2025-03-06T23:09:10+00:00","breadcrumb":{"@id":"https:\/\/www.alongavecanna.com\/fr\/produit\/charlie-little\/#breadcrumb"},"inLanguage":"fr-FR","potentialAction":[{"@type":"ReadAction","target":["https:\/\/www.alongavecanna.com\/fr\/produit\/charlie-little\/"]}]},{"@type":"ImageObject","inLanguage":"fr-FR","@id":"https:\/\/www.alongavecanna.com\/fr\/produit\/charlie-little\/#primaryimage","url":"https:\/\/www.alongavecanna.com\/wp-content\/uploads\/2025\/03\/IMG_0442-scaled.jpg","contentUrl":"https:\/\/www.alongavecanna.com\/wp-content\/uploads\/2025\/03\/IMG_0442-scaled.jpg","width":1707,"height":2560},{"@type":"BreadcrumbList","@id":"https:\/\/www.alongavecanna.com\/fr\/produit\/charlie-little\/#breadcrumb","itemListElement":[{"@type":"ListItem","position":1,"name":"Home","item":"https:\/\/www.alongavecanna.com\/fr\/"},{"@type":"ListItem","position":2,"name":"Produits","item":"https:\/\/www.alongavecanna.com\/fr\/shop\/"},{"@type":"ListItem","position":3,"name":"Charlie (Little)"}]},{"@type":"WebSite","@id":"https:\/\/www.alongavecanna.com\/fr\/#website","url":"https:\/\/www.alongavecanna.com\/fr\/","name":"Along Avec Anna","description":"Ethical yarn &amp; timeless knitting patterns","publisher":{"@id":"https:\/\/www.alongavecanna.com\/fr\/#organization"},"potentialAction":[{"@type":"SearchAction","target":{"@type":"EntryPoint","urlTemplate":"https:\/\/www.alongavecanna.com\/fr\/?s={search_term_string}"},"query-input":{"@type":"PropertyValueSpecification","valueRequired":true,"valueName":"search_term_string"}}],"inLanguage":"fr-FR"},{"@type":"Organization","@id":"https:\/\/www.alongavecanna.com\/fr\/#organization","name":"Along Avec Anna","url":"https:\/\/www.alongavecanna.com\/fr\/","logo":{"@type":"ImageObject","inLanguage":"fr-FR","@id":"https:\/\/www.alongavecanna.com\/fr\/#\/schema\/logo\/image\/","url":"https:\/\/www.alongavecanna.com\/wp-content\/uploads\/2023\/01\/logo-along-avec-anna.png","contentUrl":"https:\/\/www.alongavecanna.com\/wp-content\/uploads\/2023\/01\/logo-along-avec-anna.png","width":1728,"height":627,"caption":"Along Avec Anna"},"image":{"@id":"https:\/\/www.alongavecanna.com\/fr\/#\/schema\/logo\/image\/"},"sameAs":["https:\/\/facebook.com\/alongavecanna","https:\/\/www.instagram.com\/along.avec.anna\/"]}]}},"_links":{"self":[{"href":"https:\/\/www.alongavecanna.com\/fr\/wp-json\/wp\/v2\/product\/72978","targetHints":{"allow":["GET"]}}],"collection":[{"href":"https:\/\/www.alongavecanna.com\/fr\/wp-json\/wp\/v2\/product"}],"about":[{"href":"https:\/\/www.alongavecanna.com\/fr\/wp-json\/wp\/v2\/types\/product"}],"replies":[{"embeddable":true,"href":"https:\/\/www.alongavecanna.com\/fr\/wp-json\/wp\/v2\/comments?post=72978"}],"version-history":[{"count":0,"href":"https:\/\/www.alongavecanna.com\/fr\/wp-json\/wp\/v2\/product\/72978\/revisions"}],"wp:featuredmedia":[{"embeddable":true,"href":"https:\/\/www.alongavecanna.com\/fr\/wp-json\/wp\/v2\/media\/72989"}],"wp:attachment":[{"href":"https:\/\/www.alongavecanna.com\/fr\/wp-json\/wp\/v2\/media?parent=72978"}],"wp:term":[{"taxonomy":"product_brand","embeddable":true,"href":"https:\/\/www.alongavecanna.com\/fr\/wp-json\/wp\/v2\/product_brand?post=72978"},{"taxonomy":"product_cat","embeddable":true,"href":"https:\/\/www.alongavecanna.com\/fr\/wp-json\/wp\/v2\/product_cat?post=72978"},{"taxonomy":"product_tag","embeddable":true,"href":"https:\/\/www.alongavecanna.com\/fr\/wp-json\/wp\/v2\/product_tag?post=72978"}],"curies":[{"name":"wp","href":"https:\/\/api.w.org\/{rel}","templated":true}]}}