{"id":71520,"date":"2024-12-26T15:05:20","date_gmt":"2024-12-26T15:05:20","guid":{"rendered":"https:\/\/www.alongavecanna.com\/?post_type=product&#038;p=71520"},"modified":"2024-12-26T21:07:54","modified_gmt":"2024-12-26T21:07:54","slug":"the-everyday-cardigan","status":"publish","type":"product","link":"https:\/\/www.alongavecanna.com\/fr\/produit\/the-everyday-cardigan\/","title":{"rendered":"The Everyday (Cardigan)"},"content":{"rendered":"<p style=\"text-align: justify;\"><strong>Tailles<\/strong> : (mensurations tour de poitrine v\u00eatement fini) :<br \/>\n101.5, 106.5, 116, 126.5 (136, 146.5, 156) 166.5, 176, 186.5 cm<\/p>\n<p style=\"text-align: justify;\"><strong>Echantillon<\/strong> : 15 mailles x 22 rangs = 10 cm en jersey, en aiguilles 6mm\/US 10 (ou autre taille d\u00e9pendant de votre \u00e9chantillon)<\/p>\n<p style=\"text-align: justify;\"><strong>Aisance recommand\u00e9e<\/strong> : 25 \u00e0 35 cm<\/p>\n<p style=\"text-align: justify;\"><strong>Laines<\/strong> : <strong>Trois fils \u00e0 tricoter ensemble<\/strong> &#8211; deux fils de lace mohair et un fil de DK.<\/p>\n<p style=\"text-align: justify;\"><strong>Lace<\/strong> : 1685, 1740, 1885, 1930 (2080, 2125, 2365) 2390, 2600, 2795 m\u00e8tres<br \/>\nsoit 8, 8, 9, 9 (10, 10, 11) 11, 12, 13 pelotes de Silk Mohair &#8211; Along Avec Anna<\/p>\n<p style=\"text-align: justify;\"><strong>DK<\/strong> : 840, 860, 945, 965 (1040, 1060, 1175) 1185, 1295, 1395m\u00e8tres<br \/>\nsoit 8, 9, 9, 10 (10, 11, 12) 12, 13, 14pelotes de Double Merino &#8211; Along Avec Anna<\/p>\n<p style=\"text-align: justify;\"><em>Version de pr\u00e9sentation<\/em> :<br \/>\nTricot\u00e9 en taille 106.5 avec 25.5 cm d\u2019aisance, en Silk Mohair et Double Merino, Along Avec Anna, coloris Colombe.<\/p>\n<p style=\"text-align: justify;\"><strong>Aiguilles pr\u00e9conis\u00e9es<\/strong> (si votre \u00e9chantillon correspond bien) :<br \/>\n6mm\/US 10 pour le corps et les manches<br \/>\n5mm\/US 9 pour les c\u00f4tes<\/p>\n<p style=\"text-align: justify;\"><strong>Mat\u00e9riel<\/strong> : Anneaux marqueurs, morceaux de laine pour mettre les mailles en attente, aiguille \u00e0 laine pour rentrer les fils<\/p>\n","protected":false},"excerpt":{"rendered":"<p style=\"text-align: justify;\"><strong>The Everyday Cardi<\/strong> est un joli gilet qui poss\u00e8de un col V, des manches en drop shoulders, larges et en forme ballon, ainsi qu\u2019un corps avec beaucoup d\u2019aisance. Il peut aussi bien se porter en hiver pour avoir bien chaud gr\u00e2ce \u00e0 son tissu \u00e9pais (trois fils), qu\u2019aux beaux jours pour ajouter une couche de chaleur et de douceur au dessus d\u2019un d\u00e9bardeur.<br \/>\nSe tricote <strong>du haut vers le bas<\/strong>.<\/p>\n","protected":false},"featured_media":71522,"comment_status":"open","ping_status":"closed","template":"","meta":[],"product_brand":[],"product_cat":[380,376,377,381],"product_tag":[],"class_list":{"0":"post-71520","1":"product","2":"type-product","3":"status-publish","4":"has-post-thumbnail","6":"product_cat-patrons-anglais","7":"product_cat-patrons-de-tricot","8":"product_cat-patrons-femme","9":"product_cat-patrons-francais","11":"first","12":"instock","13":"downloadable","14":"virtual","15":"taxable","16":"purchasable","17":"product-type-simple"},"yoast_head":"<!-- This site is optimized with the Yoast SEO plugin v27.4 - https:\/\/yoast.com\/product\/yoast-seo-wordpress\/ -->\n<title>The Everyday (Cardigan) - Along Avec Anna<\/title>\n<meta name=\"robots\" content=\"index, follow, max-snippet:-1, max-image-preview:large, max-video-preview:-1\" \/>\n<link rel=\"canonical\" href=\"https:\/\/www.alongavecanna.com\/fr\/produit\/the-everyday-cardigan\/\" \/>\n<meta property=\"og:locale\" content=\"fr_FR\" \/>\n<meta property=\"og:type\" content=\"article\" \/>\n<meta property=\"og:title\" content=\"The Everyday (Cardigan) - Along Avec Anna\" \/>\n<meta property=\"og:description\" content=\"The Everyday Cardi est un joli gilet qui poss\u00e8de un col V, des manches en drop shoulders, larges et en forme ballon, ainsi qu\u2019un corps avec beaucoup d\u2019aisance. Il peut aussi bien se porter en hiver pour avoir bien chaud gr\u00e2ce \u00e0 son tissu \u00e9pais (trois fils), qu\u2019aux beaux jours pour ajouter une couche de chaleur et de douceur au dessus d\u2019un d\u00e9bardeur. Se tricote du haut vers le bas.\" \/>\n<meta property=\"og:url\" content=\"https:\/\/www.alongavecanna.com\/fr\/produit\/the-everyday-cardigan\/\" \/>\n<meta property=\"og:site_name\" content=\"Along Avec Anna\" \/>\n<meta property=\"article:publisher\" content=\"https:\/\/facebook.com\/alongavecanna\" \/>\n<meta property=\"article:modified_time\" content=\"2024-12-26T21:07:54+00:00\" \/>\n<meta property=\"og:image\" content=\"https:\/\/www.alongavecanna.com\/wp-content\/uploads\/2024\/12\/Theeverydaycardi1.jpg\" \/>\n\t<meta property=\"og:image:width\" content=\"1024\" \/>\n\t<meta property=\"og:image:height\" content=\"1536\" \/>\n\t<meta property=\"og:image:type\" content=\"image\/jpeg\" \/>\n<meta name=\"twitter:card\" content=\"summary_large_image\" \/>\n<meta name=\"twitter:label1\" content=\"Dur\u00e9e de lecture estim\u00e9e\" \/>\n\t<meta name=\"twitter:data1\" content=\"1 minute\" \/>\n<script type=\"application\/ld+json\" class=\"yoast-schema-graph\">{\"@context\":\"https:\\\/\\\/schema.org\",\"@graph\":[{\"@type\":\"WebPage\",\"@id\":\"https:\\\/\\\/www.alongavecanna.com\\\/fr\\\/produit\\\/the-everyday-cardigan\\\/\",\"url\":\"https:\\\/\\\/www.alongavecanna.com\\\/fr\\\/produit\\\/the-everyday-cardigan\\\/\",\"name\":\"The Everyday (Cardigan) - Along Avec Anna\",\"isPartOf\":{\"@id\":\"https:\\\/\\\/www.alongavecanna.com\\\/fr\\\/#website\"},\"primaryImageOfPage\":{\"@id\":\"https:\\\/\\\/www.alongavecanna.com\\\/fr\\\/produit\\\/the-everyday-cardigan\\\/#primaryimage\"},\"image\":{\"@id\":\"https:\\\/\\\/www.alongavecanna.com\\\/fr\\\/produit\\\/the-everyday-cardigan\\\/#primaryimage\"},\"thumbnailUrl\":\"https:\\\/\\\/www.alongavecanna.com\\\/wp-content\\\/uploads\\\/2024\\\/12\\\/Theeverydaycardi1.jpg\",\"datePublished\":\"2024-12-26T15:05:20+00:00\",\"dateModified\":\"2024-12-26T21:07:54+00:00\",\"breadcrumb\":{\"@id\":\"https:\\\/\\\/www.alongavecanna.com\\\/fr\\\/produit\\\/the-everyday-cardigan\\\/#breadcrumb\"},\"inLanguage\":\"fr-FR\",\"potentialAction\":[{\"@type\":\"ReadAction\",\"target\":[\"https:\\\/\\\/www.alongavecanna.com\\\/fr\\\/produit\\\/the-everyday-cardigan\\\/\"]}]},{\"@type\":\"ImageObject\",\"inLanguage\":\"fr-FR\",\"@id\":\"https:\\\/\\\/www.alongavecanna.com\\\/fr\\\/produit\\\/the-everyday-cardigan\\\/#primaryimage\",\"url\":\"https:\\\/\\\/www.alongavecanna.com\\\/wp-content\\\/uploads\\\/2024\\\/12\\\/Theeverydaycardi1.jpg\",\"contentUrl\":\"https:\\\/\\\/www.alongavecanna.com\\\/wp-content\\\/uploads\\\/2024\\\/12\\\/Theeverydaycardi1.jpg\",\"width\":1024,\"height\":1536},{\"@type\":\"BreadcrumbList\",\"@id\":\"https:\\\/\\\/www.alongavecanna.com\\\/fr\\\/produit\\\/the-everyday-cardigan\\\/#breadcrumb\",\"itemListElement\":[{\"@type\":\"ListItem\",\"position\":1,\"name\":\"Home\",\"item\":\"https:\\\/\\\/www.alongavecanna.com\\\/fr\\\/\"},{\"@type\":\"ListItem\",\"position\":2,\"name\":\"Produits\",\"item\":\"https:\\\/\\\/www.alongavecanna.com\\\/fr\\\/shop\\\/\"},{\"@type\":\"ListItem\",\"position\":3,\"name\":\"The Everyday (Cardigan)\"}]},{\"@type\":\"WebSite\",\"@id\":\"https:\\\/\\\/www.alongavecanna.com\\\/fr\\\/#website\",\"url\":\"https:\\\/\\\/www.alongavecanna.com\\\/fr\\\/\",\"name\":\"Along Avec Anna\",\"description\":\"Ethical yarn &amp; timeless knitting patterns\",\"publisher\":{\"@id\":\"https:\\\/\\\/www.alongavecanna.com\\\/fr\\\/#organization\"},\"potentialAction\":[{\"@type\":\"SearchAction\",\"target\":{\"@type\":\"EntryPoint\",\"urlTemplate\":\"https:\\\/\\\/www.alongavecanna.com\\\/fr\\\/?s={search_term_string}\"},\"query-input\":{\"@type\":\"PropertyValueSpecification\",\"valueRequired\":true,\"valueName\":\"search_term_string\"}}],\"inLanguage\":\"fr-FR\"},{\"@type\":\"Organization\",\"@id\":\"https:\\\/\\\/www.alongavecanna.com\\\/fr\\\/#organization\",\"name\":\"Along Avec Anna\",\"url\":\"https:\\\/\\\/www.alongavecanna.com\\\/fr\\\/\",\"logo\":{\"@type\":\"ImageObject\",\"inLanguage\":\"fr-FR\",\"@id\":\"https:\\\/\\\/www.alongavecanna.com\\\/fr\\\/#\\\/schema\\\/logo\\\/image\\\/\",\"url\":\"https:\\\/\\\/www.alongavecanna.com\\\/wp-content\\\/uploads\\\/2023\\\/01\\\/logo-along-avec-anna.png\",\"contentUrl\":\"https:\\\/\\\/www.alongavecanna.com\\\/wp-content\\\/uploads\\\/2023\\\/01\\\/logo-along-avec-anna.png\",\"width\":1728,\"height\":627,\"caption\":\"Along Avec Anna\"},\"image\":{\"@id\":\"https:\\\/\\\/www.alongavecanna.com\\\/fr\\\/#\\\/schema\\\/logo\\\/image\\\/\"},\"sameAs\":[\"https:\\\/\\\/facebook.com\\\/alongavecanna\",\"https:\\\/\\\/www.instagram.com\\\/along.avec.anna\\\/\"]}]}<\/script>\n<!-- \/ Yoast SEO plugin. -->","yoast_head_json":{"title":"The Everyday (Cardigan) - Along Avec Anna","robots":{"index":"index","follow":"follow","max-snippet":"max-snippet:-1","max-image-preview":"max-image-preview:large","max-video-preview":"max-video-preview:-1"},"canonical":"https:\/\/www.alongavecanna.com\/fr\/produit\/the-everyday-cardigan\/","og_locale":"fr_FR","og_type":"article","og_title":"The Everyday (Cardigan) - Along Avec Anna","og_description":"The Everyday Cardi est un joli gilet qui poss\u00e8de un col V, des manches en drop shoulders, larges et en forme ballon, ainsi qu\u2019un corps avec beaucoup d\u2019aisance. Il peut aussi bien se porter en hiver pour avoir bien chaud gr\u00e2ce \u00e0 son tissu \u00e9pais (trois fils), qu\u2019aux beaux jours pour ajouter une couche de chaleur et de douceur au dessus d\u2019un d\u00e9bardeur. Se tricote du haut vers le bas.","og_url":"https:\/\/www.alongavecanna.com\/fr\/produit\/the-everyday-cardigan\/","og_site_name":"Along Avec Anna","article_publisher":"https:\/\/facebook.com\/alongavecanna","article_modified_time":"2024-12-26T21:07:54+00:00","og_image":[{"width":1024,"height":1536,"url":"https:\/\/www.alongavecanna.com\/wp-content\/uploads\/2024\/12\/Theeverydaycardi1.jpg","type":"image\/jpeg"}],"twitter_card":"summary_large_image","twitter_misc":{"Dur\u00e9e de lecture estim\u00e9e":"1 minute"},"schema":{"@context":"https:\/\/schema.org","@graph":[{"@type":"WebPage","@id":"https:\/\/www.alongavecanna.com\/fr\/produit\/the-everyday-cardigan\/","url":"https:\/\/www.alongavecanna.com\/fr\/produit\/the-everyday-cardigan\/","name":"The Everyday (Cardigan) - Along Avec Anna","isPartOf":{"@id":"https:\/\/www.alongavecanna.com\/fr\/#website"},"primaryImageOfPage":{"@id":"https:\/\/www.alongavecanna.com\/fr\/produit\/the-everyday-cardigan\/#primaryimage"},"image":{"@id":"https:\/\/www.alongavecanna.com\/fr\/produit\/the-everyday-cardigan\/#primaryimage"},"thumbnailUrl":"https:\/\/www.alongavecanna.com\/wp-content\/uploads\/2024\/12\/Theeverydaycardi1.jpg","datePublished":"2024-12-26T15:05:20+00:00","dateModified":"2024-12-26T21:07:54+00:00","breadcrumb":{"@id":"https:\/\/www.alongavecanna.com\/fr\/produit\/the-everyday-cardigan\/#breadcrumb"},"inLanguage":"fr-FR","potentialAction":[{"@type":"ReadAction","target":["https:\/\/www.alongavecanna.com\/fr\/produit\/the-everyday-cardigan\/"]}]},{"@type":"ImageObject","inLanguage":"fr-FR","@id":"https:\/\/www.alongavecanna.com\/fr\/produit\/the-everyday-cardigan\/#primaryimage","url":"https:\/\/www.alongavecanna.com\/wp-content\/uploads\/2024\/12\/Theeverydaycardi1.jpg","contentUrl":"https:\/\/www.alongavecanna.com\/wp-content\/uploads\/2024\/12\/Theeverydaycardi1.jpg","width":1024,"height":1536},{"@type":"BreadcrumbList","@id":"https:\/\/www.alongavecanna.com\/fr\/produit\/the-everyday-cardigan\/#breadcrumb","itemListElement":[{"@type":"ListItem","position":1,"name":"Home","item":"https:\/\/www.alongavecanna.com\/fr\/"},{"@type":"ListItem","position":2,"name":"Produits","item":"https:\/\/www.alongavecanna.com\/fr\/shop\/"},{"@type":"ListItem","position":3,"name":"The Everyday (Cardigan)"}]},{"@type":"WebSite","@id":"https:\/\/www.alongavecanna.com\/fr\/#website","url":"https:\/\/www.alongavecanna.com\/fr\/","name":"Along Avec Anna","description":"Ethical yarn &amp; timeless knitting patterns","publisher":{"@id":"https:\/\/www.alongavecanna.com\/fr\/#organization"},"potentialAction":[{"@type":"SearchAction","target":{"@type":"EntryPoint","urlTemplate":"https:\/\/www.alongavecanna.com\/fr\/?s={search_term_string}"},"query-input":{"@type":"PropertyValueSpecification","valueRequired":true,"valueName":"search_term_string"}}],"inLanguage":"fr-FR"},{"@type":"Organization","@id":"https:\/\/www.alongavecanna.com\/fr\/#organization","name":"Along Avec Anna","url":"https:\/\/www.alongavecanna.com\/fr\/","logo":{"@type":"ImageObject","inLanguage":"fr-FR","@id":"https:\/\/www.alongavecanna.com\/fr\/#\/schema\/logo\/image\/","url":"https:\/\/www.alongavecanna.com\/wp-content\/uploads\/2023\/01\/logo-along-avec-anna.png","contentUrl":"https:\/\/www.alongavecanna.com\/wp-content\/uploads\/2023\/01\/logo-along-avec-anna.png","width":1728,"height":627,"caption":"Along Avec Anna"},"image":{"@id":"https:\/\/www.alongavecanna.com\/fr\/#\/schema\/logo\/image\/"},"sameAs":["https:\/\/facebook.com\/alongavecanna","https:\/\/www.instagram.com\/along.avec.anna\/"]}]}},"_links":{"self":[{"href":"https:\/\/www.alongavecanna.com\/fr\/wp-json\/wp\/v2\/product\/71520","targetHints":{"allow":["GET"]}}],"collection":[{"href":"https:\/\/www.alongavecanna.com\/fr\/wp-json\/wp\/v2\/product"}],"about":[{"href":"https:\/\/www.alongavecanna.com\/fr\/wp-json\/wp\/v2\/types\/product"}],"replies":[{"embeddable":true,"href":"https:\/\/www.alongavecanna.com\/fr\/wp-json\/wp\/v2\/comments?post=71520"}],"version-history":[{"count":0,"href":"https:\/\/www.alongavecanna.com\/fr\/wp-json\/wp\/v2\/product\/71520\/revisions"}],"wp:featuredmedia":[{"embeddable":true,"href":"https:\/\/www.alongavecanna.com\/fr\/wp-json\/wp\/v2\/media\/71522"}],"wp:attachment":[{"href":"https:\/\/www.alongavecanna.com\/fr\/wp-json\/wp\/v2\/media?parent=71520"}],"wp:term":[{"taxonomy":"product_brand","embeddable":true,"href":"https:\/\/www.alongavecanna.com\/fr\/wp-json\/wp\/v2\/product_brand?post=71520"},{"taxonomy":"product_cat","embeddable":true,"href":"https:\/\/www.alongavecanna.com\/fr\/wp-json\/wp\/v2\/product_cat?post=71520"},{"taxonomy":"product_tag","embeddable":true,"href":"https:\/\/www.alongavecanna.com\/fr\/wp-json\/wp\/v2\/product_tag?post=71520"}],"curies":[{"name":"wp","href":"https:\/\/api.w.org\/{rel}","templated":true}]}}