{"id":66932,"date":"2024-05-30T20:38:03","date_gmt":"2024-05-30T20:38:03","guid":{"rendered":"https:\/\/www.alongavecanna.com\/?post_type=product&#038;p=66932"},"modified":"2024-06-28T10:29:08","modified_gmt":"2024-06-28T10:29:08","slug":"lavender-tank-top","status":"publish","type":"product","link":"https:\/\/www.alongavecanna.com\/fr\/produit\/lavender-tank-top\/","title":{"rendered":"Lavender Tank Top"},"content":{"rendered":"<p style=\"text-align: justify;\"><strong>Tailles <\/strong>: 83, 89, 95, 100.5, 106.5 (112.5, 118.5, 124.5, 130.5, 136.5) 142, 148, 154, 160 cm<\/p>\n<p style=\"text-align: justify;\"><strong>\u00c9chantillon <\/strong>: 16 m x 17 rangs = 6 x 7 cm au point de chevron, avec des aiguilles 3.75mm\/US5 (ou une autre taille en fonction de votre \u00e9chantillon)<\/p>\n<p style=\"text-align: justify;\"><strong>Aisance recommand\u00e9e <\/strong>: 5 \u00e0 10 cm d&rsquo;aisance positive<\/p>\n<p style=\"text-align: justify;\"><strong>Laines <\/strong>: DK (Double Merino, Along Avec Anna)<\/p>\n<p style=\"text-align: justify;\">CP &#8211; 290, 310, 335, 370, 395 (410, 435, 455, 485, 515) 550, 570, 610, 635 m\u00e8tres<\/p>\n<p style=\"text-align: justify;\">CC1 &#8211; 110, 120, 135, 150, 160 (175, 190, 200, 210, 225) 245, 255, 275, 285 m\u00e8tres<\/p>\n<p style=\"text-align: justify;\">CC2 &#8211; 80, 85, 90, 95, 105 (110, 120, 130, 135, 145) 160, 165, 175, 185 m\u00e8tres<\/p>\n<p style=\"text-align: justify;\">CC3 &#8211; 100, 110, 125, 145, 155 (165, 180, 185, 200, 215) 230, 240, 260, 270 m\u00e8tres<\/p>\n<p style=\"text-align: justify;\">Donc CP &#8211; 3, 3, 4, 4, 4 (4, 5, 5, 5, 5)6, 6, 6, 6, 6 pelotes<br \/>\nCC1 &#8211; 2, 2, 2, 2, 2(2, 2, 2, 2, 2, 3) 3, 3, 3, 3, 3 pelotes<br \/>\nCC2 &#8211; 1, 1, 1, 1, 1 (2, 2, 2, 2, 2) 2, 2, 2, 2, 2 pelotes<br \/>\nCC3 &#8211; 1, 2, 2, 2, 2 (2, 2, 2, 2, 2, 2) 3, 3, 3, 3, 3 pelotes de Double Merino Along avec Anna<\/p>\n<p style=\"text-align: justify;\">Il est utile de pr\u00e9ciser que les estimations de laine sont faites sur la base de la version avec la bande en jersey double. Si vous choisissez de r\u00e9aliser la finition en c\u00f4tes 1&#215;1, vous utiliserez moins de fil CP.<\/p>\n<p style=\"text-align: justify;\"><strong><em>Version de pr\u00e9sentation<\/em><\/strong> : Tricot\u00e9 en taille 89 avec 8cm d&rsquo;aisance positive<\/p>\n<p style=\"text-align: justify;\"><strong>Aiguilles recommand\u00e9es<\/strong> (ou une autre taille pour obtenir l&rsquo;\u00e9chantillon) : 3.75mm\/US 5 pour le corps<br \/>\n3.5mm\/US 4 pour les c\u00f4tes et la bande en jersey double<\/p>\n<p style=\"text-align: justify;\">Notions : Marqueurs de points, fil de r\u00e9cup\u00e9ration, aiguille \u00e0 tapisserie<\/p>\n","protected":false},"excerpt":{"rendered":"<p style=\"text-align: justify;\"><strong>Lavender<\/strong> est un magnifique d\u00e9bardeur avec une emmanchure profonde et ronde et un joli motif \u00e0 chevrons. Il est termin\u00e9 \u00e0 l&rsquo;ourlet par une bande en jersey double que vous nouez dans le dos. Vous pouvez \u00e9galement remplacer cette finition par des c\u00f4tes 1&#215;1.<br \/>\nTricot\u00e9 de haut en bas.<\/p>\n","protected":false},"featured_media":66925,"comment_status":"open","ping_status":"closed","template":"","meta":[],"product_brand":[],"product_cat":[380,376,377,381],"product_tag":[],"class_list":{"0":"post-66932","1":"product","2":"type-product","3":"status-publish","4":"has-post-thumbnail","6":"product_cat-patrons-anglais","7":"product_cat-patrons-de-tricot","8":"product_cat-patrons-femme","9":"product_cat-patrons-francais","11":"first","12":"instock","13":"downloadable","14":"virtual","15":"taxable","16":"purchasable","17":"product-type-simple"},"yoast_head":"<!-- This site is optimized with the Yoast SEO plugin v27.4 - https:\/\/yoast.com\/product\/yoast-seo-wordpress\/ -->\n<title>Lavender Tank Top - Along Avec Anna<\/title>\n<meta name=\"robots\" content=\"index, follow, max-snippet:-1, max-image-preview:large, max-video-preview:-1\" \/>\n<link rel=\"canonical\" href=\"https:\/\/www.alongavecanna.com\/fr\/produit\/lavender-tank-top\/\" \/>\n<meta property=\"og:locale\" content=\"fr_FR\" \/>\n<meta property=\"og:type\" content=\"article\" \/>\n<meta property=\"og:title\" content=\"Lavender Tank Top - Along Avec Anna\" \/>\n<meta property=\"og:description\" content=\"Lavender est un magnifique d\u00e9bardeur avec une emmanchure profonde et ronde et un joli motif \u00e0 chevrons. Il est termin\u00e9 \u00e0 l&#039;ourlet par une bande en jersey double que vous nouez dans le dos. Vous pouvez \u00e9galement remplacer cette finition par des c\u00f4tes 1x1. Tricot\u00e9 de haut en bas.\" \/>\n<meta property=\"og:url\" content=\"https:\/\/www.alongavecanna.com\/fr\/produit\/lavender-tank-top\/\" \/>\n<meta property=\"og:site_name\" content=\"Along Avec Anna\" \/>\n<meta property=\"article:publisher\" content=\"https:\/\/facebook.com\/alongavecanna\" \/>\n<meta property=\"article:modified_time\" content=\"2024-06-28T10:29:08+00:00\" \/>\n<meta property=\"og:image\" content=\"https:\/\/www.alongavecanna.com\/wp-content\/uploads\/2024\/05\/Annaspring-194.jpg\" \/>\n\t<meta property=\"og:image:width\" content=\"1024\" \/>\n\t<meta property=\"og:image:height\" content=\"1536\" \/>\n\t<meta property=\"og:image:type\" content=\"image\/jpeg\" \/>\n<meta name=\"twitter:card\" content=\"summary_large_image\" \/>\n<meta name=\"twitter:label1\" content=\"Dur\u00e9e de lecture estim\u00e9e\" \/>\n\t<meta name=\"twitter:data1\" content=\"1 minute\" \/>\n<script type=\"application\/ld+json\" class=\"yoast-schema-graph\">{\"@context\":\"https:\\\/\\\/schema.org\",\"@graph\":[{\"@type\":\"WebPage\",\"@id\":\"https:\\\/\\\/www.alongavecanna.com\\\/fr\\\/produit\\\/lavender-tank-top\\\/\",\"url\":\"https:\\\/\\\/www.alongavecanna.com\\\/fr\\\/produit\\\/lavender-tank-top\\\/\",\"name\":\"Lavender Tank Top - Along Avec Anna\",\"isPartOf\":{\"@id\":\"https:\\\/\\\/www.alongavecanna.com\\\/fr\\\/#website\"},\"primaryImageOfPage\":{\"@id\":\"https:\\\/\\\/www.alongavecanna.com\\\/fr\\\/produit\\\/lavender-tank-top\\\/#primaryimage\"},\"image\":{\"@id\":\"https:\\\/\\\/www.alongavecanna.com\\\/fr\\\/produit\\\/lavender-tank-top\\\/#primaryimage\"},\"thumbnailUrl\":\"https:\\\/\\\/www.alongavecanna.com\\\/wp-content\\\/uploads\\\/2024\\\/05\\\/Annaspring-194.jpg\",\"datePublished\":\"2024-05-30T20:38:03+00:00\",\"dateModified\":\"2024-06-28T10:29:08+00:00\",\"breadcrumb\":{\"@id\":\"https:\\\/\\\/www.alongavecanna.com\\\/fr\\\/produit\\\/lavender-tank-top\\\/#breadcrumb\"},\"inLanguage\":\"fr-FR\",\"potentialAction\":[{\"@type\":\"ReadAction\",\"target\":[\"https:\\\/\\\/www.alongavecanna.com\\\/fr\\\/produit\\\/lavender-tank-top\\\/\"]}]},{\"@type\":\"ImageObject\",\"inLanguage\":\"fr-FR\",\"@id\":\"https:\\\/\\\/www.alongavecanna.com\\\/fr\\\/produit\\\/lavender-tank-top\\\/#primaryimage\",\"url\":\"https:\\\/\\\/www.alongavecanna.com\\\/wp-content\\\/uploads\\\/2024\\\/05\\\/Annaspring-194.jpg\",\"contentUrl\":\"https:\\\/\\\/www.alongavecanna.com\\\/wp-content\\\/uploads\\\/2024\\\/05\\\/Annaspring-194.jpg\",\"width\":1024,\"height\":1536},{\"@type\":\"BreadcrumbList\",\"@id\":\"https:\\\/\\\/www.alongavecanna.com\\\/fr\\\/produit\\\/lavender-tank-top\\\/#breadcrumb\",\"itemListElement\":[{\"@type\":\"ListItem\",\"position\":1,\"name\":\"Home\",\"item\":\"https:\\\/\\\/www.alongavecanna.com\\\/fr\\\/\"},{\"@type\":\"ListItem\",\"position\":2,\"name\":\"Produits\",\"item\":\"https:\\\/\\\/www.alongavecanna.com\\\/fr\\\/shop\\\/\"},{\"@type\":\"ListItem\",\"position\":3,\"name\":\"Lavender Tank Top\"}]},{\"@type\":\"WebSite\",\"@id\":\"https:\\\/\\\/www.alongavecanna.com\\\/fr\\\/#website\",\"url\":\"https:\\\/\\\/www.alongavecanna.com\\\/fr\\\/\",\"name\":\"Along Avec Anna\",\"description\":\"Ethical yarn &amp; timeless knitting patterns\",\"publisher\":{\"@id\":\"https:\\\/\\\/www.alongavecanna.com\\\/fr\\\/#organization\"},\"potentialAction\":[{\"@type\":\"SearchAction\",\"target\":{\"@type\":\"EntryPoint\",\"urlTemplate\":\"https:\\\/\\\/www.alongavecanna.com\\\/fr\\\/?s={search_term_string}\"},\"query-input\":{\"@type\":\"PropertyValueSpecification\",\"valueRequired\":true,\"valueName\":\"search_term_string\"}}],\"inLanguage\":\"fr-FR\"},{\"@type\":\"Organization\",\"@id\":\"https:\\\/\\\/www.alongavecanna.com\\\/fr\\\/#organization\",\"name\":\"Along Avec Anna\",\"url\":\"https:\\\/\\\/www.alongavecanna.com\\\/fr\\\/\",\"logo\":{\"@type\":\"ImageObject\",\"inLanguage\":\"fr-FR\",\"@id\":\"https:\\\/\\\/www.alongavecanna.com\\\/fr\\\/#\\\/schema\\\/logo\\\/image\\\/\",\"url\":\"https:\\\/\\\/www.alongavecanna.com\\\/wp-content\\\/uploads\\\/2023\\\/01\\\/logo-along-avec-anna.png\",\"contentUrl\":\"https:\\\/\\\/www.alongavecanna.com\\\/wp-content\\\/uploads\\\/2023\\\/01\\\/logo-along-avec-anna.png\",\"width\":1728,\"height\":627,\"caption\":\"Along Avec Anna\"},\"image\":{\"@id\":\"https:\\\/\\\/www.alongavecanna.com\\\/fr\\\/#\\\/schema\\\/logo\\\/image\\\/\"},\"sameAs\":[\"https:\\\/\\\/facebook.com\\\/alongavecanna\",\"https:\\\/\\\/www.instagram.com\\\/along.avec.anna\\\/\"]}]}<\/script>\n<!-- \/ Yoast SEO plugin. -->","yoast_head_json":{"title":"Lavender Tank Top - Along Avec Anna","robots":{"index":"index","follow":"follow","max-snippet":"max-snippet:-1","max-image-preview":"max-image-preview:large","max-video-preview":"max-video-preview:-1"},"canonical":"https:\/\/www.alongavecanna.com\/fr\/produit\/lavender-tank-top\/","og_locale":"fr_FR","og_type":"article","og_title":"Lavender Tank Top - Along Avec Anna","og_description":"Lavender est un magnifique d\u00e9bardeur avec une emmanchure profonde et ronde et un joli motif \u00e0 chevrons. Il est termin\u00e9 \u00e0 l'ourlet par une bande en jersey double que vous nouez dans le dos. Vous pouvez \u00e9galement remplacer cette finition par des c\u00f4tes 1x1. Tricot\u00e9 de haut en bas.","og_url":"https:\/\/www.alongavecanna.com\/fr\/produit\/lavender-tank-top\/","og_site_name":"Along Avec Anna","article_publisher":"https:\/\/facebook.com\/alongavecanna","article_modified_time":"2024-06-28T10:29:08+00:00","og_image":[{"width":1024,"height":1536,"url":"https:\/\/www.alongavecanna.com\/wp-content\/uploads\/2024\/05\/Annaspring-194.jpg","type":"image\/jpeg"}],"twitter_card":"summary_large_image","twitter_misc":{"Dur\u00e9e de lecture estim\u00e9e":"1 minute"},"schema":{"@context":"https:\/\/schema.org","@graph":[{"@type":"WebPage","@id":"https:\/\/www.alongavecanna.com\/fr\/produit\/lavender-tank-top\/","url":"https:\/\/www.alongavecanna.com\/fr\/produit\/lavender-tank-top\/","name":"Lavender Tank Top - Along Avec Anna","isPartOf":{"@id":"https:\/\/www.alongavecanna.com\/fr\/#website"},"primaryImageOfPage":{"@id":"https:\/\/www.alongavecanna.com\/fr\/produit\/lavender-tank-top\/#primaryimage"},"image":{"@id":"https:\/\/www.alongavecanna.com\/fr\/produit\/lavender-tank-top\/#primaryimage"},"thumbnailUrl":"https:\/\/www.alongavecanna.com\/wp-content\/uploads\/2024\/05\/Annaspring-194.jpg","datePublished":"2024-05-30T20:38:03+00:00","dateModified":"2024-06-28T10:29:08+00:00","breadcrumb":{"@id":"https:\/\/www.alongavecanna.com\/fr\/produit\/lavender-tank-top\/#breadcrumb"},"inLanguage":"fr-FR","potentialAction":[{"@type":"ReadAction","target":["https:\/\/www.alongavecanna.com\/fr\/produit\/lavender-tank-top\/"]}]},{"@type":"ImageObject","inLanguage":"fr-FR","@id":"https:\/\/www.alongavecanna.com\/fr\/produit\/lavender-tank-top\/#primaryimage","url":"https:\/\/www.alongavecanna.com\/wp-content\/uploads\/2024\/05\/Annaspring-194.jpg","contentUrl":"https:\/\/www.alongavecanna.com\/wp-content\/uploads\/2024\/05\/Annaspring-194.jpg","width":1024,"height":1536},{"@type":"BreadcrumbList","@id":"https:\/\/www.alongavecanna.com\/fr\/produit\/lavender-tank-top\/#breadcrumb","itemListElement":[{"@type":"ListItem","position":1,"name":"Home","item":"https:\/\/www.alongavecanna.com\/fr\/"},{"@type":"ListItem","position":2,"name":"Produits","item":"https:\/\/www.alongavecanna.com\/fr\/shop\/"},{"@type":"ListItem","position":3,"name":"Lavender Tank Top"}]},{"@type":"WebSite","@id":"https:\/\/www.alongavecanna.com\/fr\/#website","url":"https:\/\/www.alongavecanna.com\/fr\/","name":"Along Avec Anna","description":"Ethical yarn &amp; timeless knitting patterns","publisher":{"@id":"https:\/\/www.alongavecanna.com\/fr\/#organization"},"potentialAction":[{"@type":"SearchAction","target":{"@type":"EntryPoint","urlTemplate":"https:\/\/www.alongavecanna.com\/fr\/?s={search_term_string}"},"query-input":{"@type":"PropertyValueSpecification","valueRequired":true,"valueName":"search_term_string"}}],"inLanguage":"fr-FR"},{"@type":"Organization","@id":"https:\/\/www.alongavecanna.com\/fr\/#organization","name":"Along Avec Anna","url":"https:\/\/www.alongavecanna.com\/fr\/","logo":{"@type":"ImageObject","inLanguage":"fr-FR","@id":"https:\/\/www.alongavecanna.com\/fr\/#\/schema\/logo\/image\/","url":"https:\/\/www.alongavecanna.com\/wp-content\/uploads\/2023\/01\/logo-along-avec-anna.png","contentUrl":"https:\/\/www.alongavecanna.com\/wp-content\/uploads\/2023\/01\/logo-along-avec-anna.png","width":1728,"height":627,"caption":"Along Avec Anna"},"image":{"@id":"https:\/\/www.alongavecanna.com\/fr\/#\/schema\/logo\/image\/"},"sameAs":["https:\/\/facebook.com\/alongavecanna","https:\/\/www.instagram.com\/along.avec.anna\/"]}]}},"_links":{"self":[{"href":"https:\/\/www.alongavecanna.com\/fr\/wp-json\/wp\/v2\/product\/66932","targetHints":{"allow":["GET"]}}],"collection":[{"href":"https:\/\/www.alongavecanna.com\/fr\/wp-json\/wp\/v2\/product"}],"about":[{"href":"https:\/\/www.alongavecanna.com\/fr\/wp-json\/wp\/v2\/types\/product"}],"replies":[{"embeddable":true,"href":"https:\/\/www.alongavecanna.com\/fr\/wp-json\/wp\/v2\/comments?post=66932"}],"version-history":[{"count":0,"href":"https:\/\/www.alongavecanna.com\/fr\/wp-json\/wp\/v2\/product\/66932\/revisions"}],"wp:featuredmedia":[{"embeddable":true,"href":"https:\/\/www.alongavecanna.com\/fr\/wp-json\/wp\/v2\/media\/66925"}],"wp:attachment":[{"href":"https:\/\/www.alongavecanna.com\/fr\/wp-json\/wp\/v2\/media?parent=66932"}],"wp:term":[{"taxonomy":"product_brand","embeddable":true,"href":"https:\/\/www.alongavecanna.com\/fr\/wp-json\/wp\/v2\/product_brand?post=66932"},{"taxonomy":"product_cat","embeddable":true,"href":"https:\/\/www.alongavecanna.com\/fr\/wp-json\/wp\/v2\/product_cat?post=66932"},{"taxonomy":"product_tag","embeddable":true,"href":"https:\/\/www.alongavecanna.com\/fr\/wp-json\/wp\/v2\/product_tag?post=66932"}],"curies":[{"name":"wp","href":"https:\/\/api.w.org\/{rel}","templated":true}]}}