{"id":66248,"date":"2024-05-09T20:55:06","date_gmt":"2024-05-09T20:55:06","guid":{"rendered":"https:\/\/www.alongavecanna.com\/?post_type=product&#038;p=66248"},"modified":"2024-05-15T16:54:45","modified_gmt":"2024-05-15T16:54:45","slug":"lover-jumper","status":"publish","type":"product","link":"https:\/\/www.alongavecanna.com\/fr\/produit\/lover-jumper\/","title":{"rendered":"Lover (Jumper)"},"content":{"rendered":"<p style=\"text-align: justify;\"><strong>Lover<\/strong> est un pull en yoke tricot\u00e9 en double mohair, qui poss\u00e8de un joli motif de chevron. Il fait intervenir la technique des rayures et de transition en jacquard. Il peut \u00eatre tricot\u00e9 en d\u00e9grad\u00e9 comme notre version, en rayures colourblock ou uni. Se tricote du haut vers le bas.<\/p>\n<p style=\"text-align: justify;\"><strong>Tailles<\/strong>: 95, 99, 103, 110.5, 114.5 (118, 125.5, 129.5, 133.5) 145, 152.5, 164, 175 cm de tour de poitrine (mesures finies)<\/p>\n<p style=\"text-align: justify;\"><strong>Echantillon<\/strong>: 21 mailles x 29 rangs = 10 cm en aiguilles 3.75mm\/US 5 (ou autre taille d\u00e9pendant de votre \u00e9chantillon)<\/p>\n<p style=\"text-align: justify;\"><strong>Laines : Deux fils \u00e0 tricoter ensemble &#8211; deux brins de Silk Mohair<\/strong><\/p>\n<p style=\"text-align: justify;\"><strong><em>Pour une version unicolore<br \/>\n<\/em><\/strong>Environ 1795, 1915, 2010, 2055, 2180 (2380, 2555, 2645, 2790) 3085, 3500, 3665, 3845 m\u00e8tres de Silk Mohair.<br \/>\nSoit 9, 10, 10, 10, 11 (12, 13, 13, 14) 15, 17, 18, 19 pelotes de Silk Mohair &#8211; Along Avec Anna.<\/p>\n<p style=\"text-align: justify;\"><strong><em>Pour une version d\u00e9grad\u00e9e<\/em><\/strong><br \/>\nC1 = 2, 3, 3, 3, 3 (3, 3, 3, 3) 4, 4, 4, 4, 4 pelotes<br \/>\nC2 = 3, 3, 3, 4, 4 (4, 4, 5, 5) 5, 6, 6, 6 pelotes<br \/>\nC3 = 2, 2, 3, 3, 3 (3, 4, 4, 4) 4, 5, 5, 5 pelotes<br \/>\nC4 = 1, 1, 2, 2, 2 (2, 2, 2, 2) 2, 2, 2, 3 pelotes<\/p>\n<p style=\"text-align: justify;\"><strong><em>Pour une version \u00e0 7 rayures<\/em><\/strong><br \/>\nC1 = 1, 1, 1, 1, 1 (1, 1, 2, 2) 2, 2, 2, 2, 2 pelotes<br \/>\nC2 = 1, 2, 2, 2, 2 (2, 2, 2, 2) 2, 2, 2, 3 pelotes<br \/>\nC3 = 2, 2, 2, 2, 2 (2, 3, 3, 3) 3, 3, 3, 4 pelotes<br \/>\nC4 = 2, 2, 2, 2, 2 (3, 3, 3, 3) 3, 4, 4, 4 pelotes<br \/>\nC5 = 2, 2, 2, 2, 2 (2, 2, 2, 2) 3, 3, 3, 3, 3 pelotes<br \/>\nC6 = 2, 2, 2, 2, 2 (2, 2, 2, 2) 3, 3, 3, 3, 3 pelotes<br \/>\nC7 = 1 pelote<\/p>\n<p style=\"text-align: justify;\"><em>Version de pr\u00e9sentation <\/em>:<br \/>\nTricot\u00e9 en Silk Mohair Colombe (C1), Drag\u00e9e (C2), Tourmaline (C3) &amp; R\u00eaverie (C4), avec 19 cm d&rsquo;aisance positive.<\/p>\n<p style=\"text-align: justify;\"><strong>Aiguilles recommand\u00e9es<\/strong>:<br \/>\npour le corps et les manches 3.75mm \/US 5<br \/>\npour les c\u00f4tes et les ourlets 3.5mm\/US 4<\/p>\n<p style=\"text-align: justify;\"><strong>Aisance recommand\u00e9e<\/strong>: 15 &#8211; 25 cm d&rsquo;aisance positive<\/p>\n<p style=\"text-align: justify;\"><strong>Mat\u00e9riel <\/strong>: Marqueurs, morceaux de laine pour mettre les mailles en attente, aiguille \u00e0 laine pour rentrer les fils<\/p>\n","protected":false},"excerpt":{"rendered":"<p style=\"text-align: justify;\"><strong>Lover<\/strong> est un pull en yoke tricot\u00e9 en double mohair, qui poss\u00e8de un joli motif de chevron. Il fait intervenir la technique des rayures et de transition en jacquard. Il peut \u00eatre tricot\u00e9 en d\u00e9grad\u00e9 comme notre version, en rayures colourblock ou uni. Se tricote du haut vers le bas.<\/p>\n","protected":false},"featured_media":66255,"comment_status":"open","ping_status":"closed","template":"","meta":[],"product_brand":[],"product_cat":[380,376,381,463],"product_tag":[],"class_list":{"0":"post-66248","1":"product","2":"type-product","3":"status-publish","4":"has-post-thumbnail","6":"product_cat-patrons-anglais","7":"product_cat-patrons-de-tricot","8":"product_cat-patrons-francais","9":"product_cat-tricots-de-saison","11":"first","12":"instock","13":"downloadable","14":"virtual","15":"taxable","16":"purchasable","17":"product-type-simple"},"yoast_head":"<!-- This site is optimized with the Yoast SEO plugin v27.4 - https:\/\/yoast.com\/product\/yoast-seo-wordpress\/ -->\n<title>Lover (Jumper) - Along Avec Anna<\/title>\n<meta name=\"robots\" content=\"index, follow, max-snippet:-1, max-image-preview:large, max-video-preview:-1\" \/>\n<link rel=\"canonical\" href=\"https:\/\/www.alongavecanna.com\/fr\/produit\/lover-jumper\/\" \/>\n<meta property=\"og:locale\" content=\"fr_FR\" \/>\n<meta property=\"og:type\" content=\"article\" \/>\n<meta property=\"og:title\" content=\"Lover (Jumper) - Along Avec Anna\" \/>\n<meta property=\"og:description\" content=\"Lover est un pull en yoke tricot\u00e9 en double mohair, qui poss\u00e8de un joli motif de chevron. Il fait intervenir la technique des rayures et de transition en jacquard. Il peut \u00eatre tricot\u00e9 en d\u00e9grad\u00e9 comme notre version, en rayures colourblock ou uni. Se tricote du haut vers le bas.\" \/>\n<meta property=\"og:url\" content=\"https:\/\/www.alongavecanna.com\/fr\/produit\/lover-jumper\/\" \/>\n<meta property=\"og:site_name\" content=\"Along Avec Anna\" \/>\n<meta property=\"article:publisher\" content=\"https:\/\/facebook.com\/alongavecanna\" \/>\n<meta property=\"article:modified_time\" content=\"2024-05-15T16:54:45+00:00\" \/>\n<meta property=\"og:image\" content=\"https:\/\/www.alongavecanna.com\/wp-content\/uploads\/2024\/05\/IMG_5443.jpg\" \/>\n\t<meta property=\"og:image:width\" content=\"1024\" \/>\n\t<meta property=\"og:image:height\" content=\"1536\" \/>\n\t<meta property=\"og:image:type\" content=\"image\/jpeg\" \/>\n<meta name=\"twitter:card\" content=\"summary_large_image\" \/>\n<meta name=\"twitter:label1\" content=\"Dur\u00e9e de lecture estim\u00e9e\" \/>\n\t<meta name=\"twitter:data1\" content=\"1 minute\" \/>\n<script type=\"application\/ld+json\" class=\"yoast-schema-graph\">{\"@context\":\"https:\\\/\\\/schema.org\",\"@graph\":[{\"@type\":\"WebPage\",\"@id\":\"https:\\\/\\\/www.alongavecanna.com\\\/fr\\\/produit\\\/lover-jumper\\\/\",\"url\":\"https:\\\/\\\/www.alongavecanna.com\\\/fr\\\/produit\\\/lover-jumper\\\/\",\"name\":\"Lover (Jumper) - Along Avec Anna\",\"isPartOf\":{\"@id\":\"https:\\\/\\\/www.alongavecanna.com\\\/fr\\\/#website\"},\"primaryImageOfPage\":{\"@id\":\"https:\\\/\\\/www.alongavecanna.com\\\/fr\\\/produit\\\/lover-jumper\\\/#primaryimage\"},\"image\":{\"@id\":\"https:\\\/\\\/www.alongavecanna.com\\\/fr\\\/produit\\\/lover-jumper\\\/#primaryimage\"},\"thumbnailUrl\":\"https:\\\/\\\/www.alongavecanna.com\\\/wp-content\\\/uploads\\\/2024\\\/05\\\/IMG_5443.jpg\",\"datePublished\":\"2024-05-09T20:55:06+00:00\",\"dateModified\":\"2024-05-15T16:54:45+00:00\",\"breadcrumb\":{\"@id\":\"https:\\\/\\\/www.alongavecanna.com\\\/fr\\\/produit\\\/lover-jumper\\\/#breadcrumb\"},\"inLanguage\":\"fr-FR\",\"potentialAction\":[{\"@type\":\"ReadAction\",\"target\":[\"https:\\\/\\\/www.alongavecanna.com\\\/fr\\\/produit\\\/lover-jumper\\\/\"]}]},{\"@type\":\"ImageObject\",\"inLanguage\":\"fr-FR\",\"@id\":\"https:\\\/\\\/www.alongavecanna.com\\\/fr\\\/produit\\\/lover-jumper\\\/#primaryimage\",\"url\":\"https:\\\/\\\/www.alongavecanna.com\\\/wp-content\\\/uploads\\\/2024\\\/05\\\/IMG_5443.jpg\",\"contentUrl\":\"https:\\\/\\\/www.alongavecanna.com\\\/wp-content\\\/uploads\\\/2024\\\/05\\\/IMG_5443.jpg\",\"width\":1024,\"height\":1536},{\"@type\":\"BreadcrumbList\",\"@id\":\"https:\\\/\\\/www.alongavecanna.com\\\/fr\\\/produit\\\/lover-jumper\\\/#breadcrumb\",\"itemListElement\":[{\"@type\":\"ListItem\",\"position\":1,\"name\":\"Home\",\"item\":\"https:\\\/\\\/www.alongavecanna.com\\\/fr\\\/\"},{\"@type\":\"ListItem\",\"position\":2,\"name\":\"Produits\",\"item\":\"https:\\\/\\\/www.alongavecanna.com\\\/fr\\\/shop\\\/\"},{\"@type\":\"ListItem\",\"position\":3,\"name\":\"Lover (Jumper)\"}]},{\"@type\":\"WebSite\",\"@id\":\"https:\\\/\\\/www.alongavecanna.com\\\/fr\\\/#website\",\"url\":\"https:\\\/\\\/www.alongavecanna.com\\\/fr\\\/\",\"name\":\"Along Avec Anna\",\"description\":\"Ethical yarn &amp; timeless knitting patterns\",\"publisher\":{\"@id\":\"https:\\\/\\\/www.alongavecanna.com\\\/fr\\\/#organization\"},\"potentialAction\":[{\"@type\":\"SearchAction\",\"target\":{\"@type\":\"EntryPoint\",\"urlTemplate\":\"https:\\\/\\\/www.alongavecanna.com\\\/fr\\\/?s={search_term_string}\"},\"query-input\":{\"@type\":\"PropertyValueSpecification\",\"valueRequired\":true,\"valueName\":\"search_term_string\"}}],\"inLanguage\":\"fr-FR\"},{\"@type\":\"Organization\",\"@id\":\"https:\\\/\\\/www.alongavecanna.com\\\/fr\\\/#organization\",\"name\":\"Along Avec Anna\",\"url\":\"https:\\\/\\\/www.alongavecanna.com\\\/fr\\\/\",\"logo\":{\"@type\":\"ImageObject\",\"inLanguage\":\"fr-FR\",\"@id\":\"https:\\\/\\\/www.alongavecanna.com\\\/fr\\\/#\\\/schema\\\/logo\\\/image\\\/\",\"url\":\"https:\\\/\\\/www.alongavecanna.com\\\/wp-content\\\/uploads\\\/2023\\\/01\\\/logo-along-avec-anna.png\",\"contentUrl\":\"https:\\\/\\\/www.alongavecanna.com\\\/wp-content\\\/uploads\\\/2023\\\/01\\\/logo-along-avec-anna.png\",\"width\":1728,\"height\":627,\"caption\":\"Along Avec Anna\"},\"image\":{\"@id\":\"https:\\\/\\\/www.alongavecanna.com\\\/fr\\\/#\\\/schema\\\/logo\\\/image\\\/\"},\"sameAs\":[\"https:\\\/\\\/facebook.com\\\/alongavecanna\",\"https:\\\/\\\/www.instagram.com\\\/along.avec.anna\\\/\"]}]}<\/script>\n<!-- \/ Yoast SEO plugin. -->","yoast_head_json":{"title":"Lover (Jumper) - Along Avec Anna","robots":{"index":"index","follow":"follow","max-snippet":"max-snippet:-1","max-image-preview":"max-image-preview:large","max-video-preview":"max-video-preview:-1"},"canonical":"https:\/\/www.alongavecanna.com\/fr\/produit\/lover-jumper\/","og_locale":"fr_FR","og_type":"article","og_title":"Lover (Jumper) - Along Avec Anna","og_description":"Lover est un pull en yoke tricot\u00e9 en double mohair, qui poss\u00e8de un joli motif de chevron. Il fait intervenir la technique des rayures et de transition en jacquard. Il peut \u00eatre tricot\u00e9 en d\u00e9grad\u00e9 comme notre version, en rayures colourblock ou uni. Se tricote du haut vers le bas.","og_url":"https:\/\/www.alongavecanna.com\/fr\/produit\/lover-jumper\/","og_site_name":"Along Avec Anna","article_publisher":"https:\/\/facebook.com\/alongavecanna","article_modified_time":"2024-05-15T16:54:45+00:00","og_image":[{"width":1024,"height":1536,"url":"https:\/\/www.alongavecanna.com\/wp-content\/uploads\/2024\/05\/IMG_5443.jpg","type":"image\/jpeg"}],"twitter_card":"summary_large_image","twitter_misc":{"Dur\u00e9e de lecture estim\u00e9e":"1 minute"},"schema":{"@context":"https:\/\/schema.org","@graph":[{"@type":"WebPage","@id":"https:\/\/www.alongavecanna.com\/fr\/produit\/lover-jumper\/","url":"https:\/\/www.alongavecanna.com\/fr\/produit\/lover-jumper\/","name":"Lover (Jumper) - Along Avec Anna","isPartOf":{"@id":"https:\/\/www.alongavecanna.com\/fr\/#website"},"primaryImageOfPage":{"@id":"https:\/\/www.alongavecanna.com\/fr\/produit\/lover-jumper\/#primaryimage"},"image":{"@id":"https:\/\/www.alongavecanna.com\/fr\/produit\/lover-jumper\/#primaryimage"},"thumbnailUrl":"https:\/\/www.alongavecanna.com\/wp-content\/uploads\/2024\/05\/IMG_5443.jpg","datePublished":"2024-05-09T20:55:06+00:00","dateModified":"2024-05-15T16:54:45+00:00","breadcrumb":{"@id":"https:\/\/www.alongavecanna.com\/fr\/produit\/lover-jumper\/#breadcrumb"},"inLanguage":"fr-FR","potentialAction":[{"@type":"ReadAction","target":["https:\/\/www.alongavecanna.com\/fr\/produit\/lover-jumper\/"]}]},{"@type":"ImageObject","inLanguage":"fr-FR","@id":"https:\/\/www.alongavecanna.com\/fr\/produit\/lover-jumper\/#primaryimage","url":"https:\/\/www.alongavecanna.com\/wp-content\/uploads\/2024\/05\/IMG_5443.jpg","contentUrl":"https:\/\/www.alongavecanna.com\/wp-content\/uploads\/2024\/05\/IMG_5443.jpg","width":1024,"height":1536},{"@type":"BreadcrumbList","@id":"https:\/\/www.alongavecanna.com\/fr\/produit\/lover-jumper\/#breadcrumb","itemListElement":[{"@type":"ListItem","position":1,"name":"Home","item":"https:\/\/www.alongavecanna.com\/fr\/"},{"@type":"ListItem","position":2,"name":"Produits","item":"https:\/\/www.alongavecanna.com\/fr\/shop\/"},{"@type":"ListItem","position":3,"name":"Lover (Jumper)"}]},{"@type":"WebSite","@id":"https:\/\/www.alongavecanna.com\/fr\/#website","url":"https:\/\/www.alongavecanna.com\/fr\/","name":"Along Avec Anna","description":"Ethical yarn &amp; timeless knitting patterns","publisher":{"@id":"https:\/\/www.alongavecanna.com\/fr\/#organization"},"potentialAction":[{"@type":"SearchAction","target":{"@type":"EntryPoint","urlTemplate":"https:\/\/www.alongavecanna.com\/fr\/?s={search_term_string}"},"query-input":{"@type":"PropertyValueSpecification","valueRequired":true,"valueName":"search_term_string"}}],"inLanguage":"fr-FR"},{"@type":"Organization","@id":"https:\/\/www.alongavecanna.com\/fr\/#organization","name":"Along Avec Anna","url":"https:\/\/www.alongavecanna.com\/fr\/","logo":{"@type":"ImageObject","inLanguage":"fr-FR","@id":"https:\/\/www.alongavecanna.com\/fr\/#\/schema\/logo\/image\/","url":"https:\/\/www.alongavecanna.com\/wp-content\/uploads\/2023\/01\/logo-along-avec-anna.png","contentUrl":"https:\/\/www.alongavecanna.com\/wp-content\/uploads\/2023\/01\/logo-along-avec-anna.png","width":1728,"height":627,"caption":"Along Avec Anna"},"image":{"@id":"https:\/\/www.alongavecanna.com\/fr\/#\/schema\/logo\/image\/"},"sameAs":["https:\/\/facebook.com\/alongavecanna","https:\/\/www.instagram.com\/along.avec.anna\/"]}]}},"_links":{"self":[{"href":"https:\/\/www.alongavecanna.com\/fr\/wp-json\/wp\/v2\/product\/66248","targetHints":{"allow":["GET"]}}],"collection":[{"href":"https:\/\/www.alongavecanna.com\/fr\/wp-json\/wp\/v2\/product"}],"about":[{"href":"https:\/\/www.alongavecanna.com\/fr\/wp-json\/wp\/v2\/types\/product"}],"replies":[{"embeddable":true,"href":"https:\/\/www.alongavecanna.com\/fr\/wp-json\/wp\/v2\/comments?post=66248"}],"version-history":[{"count":0,"href":"https:\/\/www.alongavecanna.com\/fr\/wp-json\/wp\/v2\/product\/66248\/revisions"}],"wp:featuredmedia":[{"embeddable":true,"href":"https:\/\/www.alongavecanna.com\/fr\/wp-json\/wp\/v2\/media\/66255"}],"wp:attachment":[{"href":"https:\/\/www.alongavecanna.com\/fr\/wp-json\/wp\/v2\/media?parent=66248"}],"wp:term":[{"taxonomy":"product_brand","embeddable":true,"href":"https:\/\/www.alongavecanna.com\/fr\/wp-json\/wp\/v2\/product_brand?post=66248"},{"taxonomy":"product_cat","embeddable":true,"href":"https:\/\/www.alongavecanna.com\/fr\/wp-json\/wp\/v2\/product_cat?post=66248"},{"taxonomy":"product_tag","embeddable":true,"href":"https:\/\/www.alongavecanna.com\/fr\/wp-json\/wp\/v2\/product_tag?post=66248"}],"curies":[{"name":"wp","href":"https:\/\/api.w.org\/{rel}","templated":true}]}}