{"id":63448,"date":"2024-02-08T19:24:02","date_gmt":"2024-02-08T19:24:02","guid":{"rendered":"https:\/\/www.alongavecanna.com\/product\/repulsif-a-mites-bois-de-cedre-et-lavande\/"},"modified":"2025-07-10T08:49:40","modified_gmt":"2025-07-10T08:49:40","slug":"repulsif-a-mites-bois-de-cedre-et-lavande","status":"publish","type":"product","link":"https:\/\/www.alongavecanna.com\/fr\/produit\/repulsif-a-mites-bois-de-cedre-et-lavande\/","title":{"rendered":"R\u00e9pulsif \u00e0 mites &#8211; Bois de c\u00e8dre et lavande"},"content":{"rendered":"<div style=\"text-align: justify;\">Notre <strong>r\u00e9pulsif \u00e0 mites<\/strong> utilise des ingr\u00e9dients naturels, tels que des huiles essentielles, pour repousser les mites. Notez qu&rsquo;il s&rsquo;agit d&rsquo;une d\u00e9fense naturelle contre les mites, et non d&rsquo;un traitement si vous avez d\u00e9j\u00e0 un probl\u00e8me de mites.<\/div>\n<div style=\"text-align: justify;\"><\/div>\n<div style=\"text-align: justify;\">Sans danger pour les animaux domestiques et les enfants.<\/div>\n<div style=\"text-align: justify;\"><\/div>\n<div style=\"text-align: justify;\">Flacon de 100ml. T\u00eate d&rsquo;atomiseur r\u00e9utilisable et flacon en fer blanc recyclable \u00e0 l&rsquo;infini.<\/div>\n<div style=\"text-align: justify;\"><\/div>\n<div style=\"text-align: justify;\">Vegan et sans cruaut\u00e9 animale.<\/div>\n<div style=\"text-align: justify;\"><\/div>\n<div style=\"text-align: justify;\">Fabriqu\u00e9 dans le Devon, au Royaume-Uni.<\/div>\n<div><\/div>\n<div>\n<div style=\"text-align: justify;\">\n<p><strong><br \/>\nDIRECTIONS<\/strong><\/p>\n<\/div>\n<div style=\"text-align: justify;\">\n<p>Vaporisez sur vos tissus et dans votre garde-robe. Les mites se tiennent \u00e0 l&rsquo;\u00e9cart des huiles essentielles de bois de c\u00e8dre et de lavande. Refaire la pulv\u00e9risation environ tous les mois.<\/p>\n<\/div>\n<p style=\"text-align: justify;\"><strong>INGREDIENTS<\/strong><br \/>\nAqua, tensioactif anionique, conservateur, huiles essentielles de c\u00e8dre et de lavande.<\/p>\n<div>\n<p><strong>AVERTISSEMENT<\/strong><\/p>\n<div style=\"text-align: justify;\">Ne pas consommer. Ne pas vaporiser directement sur la peau. A utiliser uniquement sur les v\u00eatements.<\/div>\n<div style=\"text-align: justify;\"><\/div>\n<\/div>\n<\/div>\n","protected":false},"excerpt":{"rendered":"<div style=\"text-align: justify;\">Notre r\u00e9pulsif \u00e0 mites utilise des ingr\u00e9dients naturels, tels que des huiles essentielles, pour repousser les mites. Notez qu&rsquo;il s&rsquo;agit d&rsquo;une d\u00e9fense naturelle contre les mites, et non d&rsquo;un traitement si vous avez d\u00e9j\u00e0 un probl\u00e8me de mites.<\/div>\n<div style=\"text-align: justify;\"><\/div>\n<div style=\"text-align: justify;\">Sans danger pour les animaux domestiques et les enfants.<\/div>\n<div style=\"text-align: justify;\"><\/div>\n<div style=\"text-align: justify;\">Flacon de 100ml. T\u00eate d&rsquo;atomiseur r\u00e9utilisable et flacon en fer blanc recyclable \u00e0 l&rsquo;infini.<\/div>\n<div style=\"text-align: justify;\"><\/div>\n<div style=\"text-align: justify;\">Vegan et sans cruaut\u00e9 animale.<\/div>\n<div style=\"text-align: justify;\"><\/div>\n<div style=\"text-align: justify;\">\n<p>Fabriqu\u00e9 dans le Devon, au Royaume-Uni.<\/p>\n<\/div>\n","protected":false},"featured_media":63460,"comment_status":"open","ping_status":"closed","template":"","meta":[],"product_brand":[],"product_cat":[378,385,474],"product_tag":[],"class_list":{"0":"post-63448","1":"product","2":"type-product","3":"status-publish","4":"has-post-thumbnail","6":"product_cat-boutique","7":"product_cat-entretien-des-tricots","8":"product_cat-tout-ce-dont-vous-avez-besoin","10":"first","11":"instock","12":"taxable","13":"shipping-taxable","14":"purchasable","15":"product-type-simple"},"yoast_head":"<!-- This site is optimized with the Yoast SEO plugin v27.4 - https:\/\/yoast.com\/product\/yoast-seo-wordpress\/ -->\n<title>R\u00e9pulsif \u00e0 mites - Bois de c\u00e8dre et lavande - Along Avec Anna<\/title>\n<meta name=\"robots\" content=\"index, follow, max-snippet:-1, max-image-preview:large, max-video-preview:-1\" \/>\n<link rel=\"canonical\" href=\"https:\/\/www.alongavecanna.com\/fr\/produit\/repulsif-a-mites-bois-de-cedre-et-lavande\/\" \/>\n<meta property=\"og:locale\" content=\"fr_FR\" \/>\n<meta property=\"og:type\" content=\"article\" \/>\n<meta property=\"og:title\" content=\"R\u00e9pulsif \u00e0 mites - Bois de c\u00e8dre et lavande - Along Avec Anna\" \/>\n<meta property=\"og:description\" content=\"Notre r\u00e9pulsif \u00e0 mites utilise des ingr\u00e9dients naturels, tels que des huiles essentielles, pour repousser les mites. Notez qu&#039;il s&#039;agit d&#039;une d\u00e9fense naturelle contre les mites, et non d&#039;un traitement si vous avez d\u00e9j\u00e0 un probl\u00e8me de mites.  Sans danger pour les animaux domestiques et les enfants.  Flacon de 100ml. T\u00eate d&#039;atomiseur r\u00e9utilisable et flacon en fer blanc recyclable \u00e0 l&#039;infini.  Vegan et sans cruaut\u00e9 animale.    Fabriqu\u00e9 dans le Devon, au Royaume-Uni.\" \/>\n<meta property=\"og:url\" content=\"https:\/\/www.alongavecanna.com\/fr\/produit\/repulsif-a-mites-bois-de-cedre-et-lavande\/\" \/>\n<meta property=\"og:site_name\" content=\"Along Avec Anna\" \/>\n<meta property=\"article:publisher\" content=\"https:\/\/facebook.com\/alongavecanna\" \/>\n<meta property=\"article:modified_time\" content=\"2025-07-10T08:49:40+00:00\" \/>\n<meta property=\"og:image\" content=\"https:\/\/www.alongavecanna.com\/wp-content\/uploads\/2024\/02\/Moht_repellent_Along_avec_anna_10-683x1024.png\" \/>\n\t<meta property=\"og:image:width\" content=\"683\" \/>\n\t<meta property=\"og:image:height\" content=\"1024\" \/>\n\t<meta property=\"og:image:type\" content=\"image\/png\" \/>\n<meta name=\"twitter:card\" content=\"summary_large_image\" \/>\n<meta name=\"twitter:label1\" content=\"Dur\u00e9e de lecture estim\u00e9e\" \/>\n\t<meta name=\"twitter:data1\" content=\"1 minute\" \/>\n<script type=\"application\/ld+json\" class=\"yoast-schema-graph\">{\"@context\":\"https:\\\/\\\/schema.org\",\"@graph\":[{\"@type\":\"WebPage\",\"@id\":\"https:\\\/\\\/www.alongavecanna.com\\\/fr\\\/produit\\\/repulsif-a-mites-bois-de-cedre-et-lavande\\\/\",\"url\":\"https:\\\/\\\/www.alongavecanna.com\\\/fr\\\/produit\\\/repulsif-a-mites-bois-de-cedre-et-lavande\\\/\",\"name\":\"R\u00e9pulsif \u00e0 mites - Bois de c\u00e8dre et lavande - Along Avec Anna\",\"isPartOf\":{\"@id\":\"https:\\\/\\\/www.alongavecanna.com\\\/fr\\\/#website\"},\"primaryImageOfPage\":{\"@id\":\"https:\\\/\\\/www.alongavecanna.com\\\/fr\\\/produit\\\/repulsif-a-mites-bois-de-cedre-et-lavande\\\/#primaryimage\"},\"image\":{\"@id\":\"https:\\\/\\\/www.alongavecanna.com\\\/fr\\\/produit\\\/repulsif-a-mites-bois-de-cedre-et-lavande\\\/#primaryimage\"},\"thumbnailUrl\":\"https:\\\/\\\/www.alongavecanna.com\\\/wp-content\\\/uploads\\\/2024\\\/02\\\/Moht_repellent_Along_avec_anna_10.png\",\"datePublished\":\"2024-02-08T19:24:02+00:00\",\"dateModified\":\"2025-07-10T08:49:40+00:00\",\"breadcrumb\":{\"@id\":\"https:\\\/\\\/www.alongavecanna.com\\\/fr\\\/produit\\\/repulsif-a-mites-bois-de-cedre-et-lavande\\\/#breadcrumb\"},\"inLanguage\":\"fr-FR\",\"potentialAction\":[{\"@type\":\"ReadAction\",\"target\":[\"https:\\\/\\\/www.alongavecanna.com\\\/fr\\\/produit\\\/repulsif-a-mites-bois-de-cedre-et-lavande\\\/\"]}]},{\"@type\":\"ImageObject\",\"inLanguage\":\"fr-FR\",\"@id\":\"https:\\\/\\\/www.alongavecanna.com\\\/fr\\\/produit\\\/repulsif-a-mites-bois-de-cedre-et-lavande\\\/#primaryimage\",\"url\":\"https:\\\/\\\/www.alongavecanna.com\\\/wp-content\\\/uploads\\\/2024\\\/02\\\/Moht_repellent_Along_avec_anna_10.png\",\"contentUrl\":\"https:\\\/\\\/www.alongavecanna.com\\\/wp-content\\\/uploads\\\/2024\\\/02\\\/Moht_repellent_Along_avec_anna_10.png\",\"width\":1365,\"height\":2048},{\"@type\":\"BreadcrumbList\",\"@id\":\"https:\\\/\\\/www.alongavecanna.com\\\/fr\\\/produit\\\/repulsif-a-mites-bois-de-cedre-et-lavande\\\/#breadcrumb\",\"itemListElement\":[{\"@type\":\"ListItem\",\"position\":1,\"name\":\"Home\",\"item\":\"https:\\\/\\\/www.alongavecanna.com\\\/fr\\\/\"},{\"@type\":\"ListItem\",\"position\":2,\"name\":\"Produits\",\"item\":\"https:\\\/\\\/www.alongavecanna.com\\\/fr\\\/shop\\\/\"},{\"@type\":\"ListItem\",\"position\":3,\"name\":\"R\u00e9pulsif \u00e0 mites &#8211; Bois de c\u00e8dre et lavande\"}]},{\"@type\":\"WebSite\",\"@id\":\"https:\\\/\\\/www.alongavecanna.com\\\/fr\\\/#website\",\"url\":\"https:\\\/\\\/www.alongavecanna.com\\\/fr\\\/\",\"name\":\"Along Avec Anna\",\"description\":\"Ethical yarn &amp; timeless knitting patterns\",\"publisher\":{\"@id\":\"https:\\\/\\\/www.alongavecanna.com\\\/fr\\\/#organization\"},\"potentialAction\":[{\"@type\":\"SearchAction\",\"target\":{\"@type\":\"EntryPoint\",\"urlTemplate\":\"https:\\\/\\\/www.alongavecanna.com\\\/fr\\\/?s={search_term_string}\"},\"query-input\":{\"@type\":\"PropertyValueSpecification\",\"valueRequired\":true,\"valueName\":\"search_term_string\"}}],\"inLanguage\":\"fr-FR\"},{\"@type\":\"Organization\",\"@id\":\"https:\\\/\\\/www.alongavecanna.com\\\/fr\\\/#organization\",\"name\":\"Along Avec Anna\",\"url\":\"https:\\\/\\\/www.alongavecanna.com\\\/fr\\\/\",\"logo\":{\"@type\":\"ImageObject\",\"inLanguage\":\"fr-FR\",\"@id\":\"https:\\\/\\\/www.alongavecanna.com\\\/fr\\\/#\\\/schema\\\/logo\\\/image\\\/\",\"url\":\"https:\\\/\\\/www.alongavecanna.com\\\/wp-content\\\/uploads\\\/2023\\\/01\\\/logo-along-avec-anna.png\",\"contentUrl\":\"https:\\\/\\\/www.alongavecanna.com\\\/wp-content\\\/uploads\\\/2023\\\/01\\\/logo-along-avec-anna.png\",\"width\":1728,\"height\":627,\"caption\":\"Along Avec Anna\"},\"image\":{\"@id\":\"https:\\\/\\\/www.alongavecanna.com\\\/fr\\\/#\\\/schema\\\/logo\\\/image\\\/\"},\"sameAs\":[\"https:\\\/\\\/facebook.com\\\/alongavecanna\",\"https:\\\/\\\/www.instagram.com\\\/along.avec.anna\\\/\"]}]}<\/script>\n<!-- \/ Yoast SEO plugin. -->","yoast_head_json":{"title":"R\u00e9pulsif \u00e0 mites - Bois de c\u00e8dre et lavande - Along Avec Anna","robots":{"index":"index","follow":"follow","max-snippet":"max-snippet:-1","max-image-preview":"max-image-preview:large","max-video-preview":"max-video-preview:-1"},"canonical":"https:\/\/www.alongavecanna.com\/fr\/produit\/repulsif-a-mites-bois-de-cedre-et-lavande\/","og_locale":"fr_FR","og_type":"article","og_title":"R\u00e9pulsif \u00e0 mites - Bois de c\u00e8dre et lavande - Along Avec Anna","og_description":"Notre r\u00e9pulsif \u00e0 mites utilise des ingr\u00e9dients naturels, tels que des huiles essentielles, pour repousser les mites. Notez qu'il s'agit d'une d\u00e9fense naturelle contre les mites, et non d'un traitement si vous avez d\u00e9j\u00e0 un probl\u00e8me de mites.  Sans danger pour les animaux domestiques et les enfants.  Flacon de 100ml. T\u00eate d'atomiseur r\u00e9utilisable et flacon en fer blanc recyclable \u00e0 l'infini.  Vegan et sans cruaut\u00e9 animale.    Fabriqu\u00e9 dans le Devon, au Royaume-Uni.","og_url":"https:\/\/www.alongavecanna.com\/fr\/produit\/repulsif-a-mites-bois-de-cedre-et-lavande\/","og_site_name":"Along Avec Anna","article_publisher":"https:\/\/facebook.com\/alongavecanna","article_modified_time":"2025-07-10T08:49:40+00:00","og_image":[{"width":683,"height":1024,"url":"https:\/\/www.alongavecanna.com\/wp-content\/uploads\/2024\/02\/Moht_repellent_Along_avec_anna_10-683x1024.png","type":"image\/png"}],"twitter_card":"summary_large_image","twitter_misc":{"Dur\u00e9e de lecture estim\u00e9e":"1 minute"},"schema":{"@context":"https:\/\/schema.org","@graph":[{"@type":"WebPage","@id":"https:\/\/www.alongavecanna.com\/fr\/produit\/repulsif-a-mites-bois-de-cedre-et-lavande\/","url":"https:\/\/www.alongavecanna.com\/fr\/produit\/repulsif-a-mites-bois-de-cedre-et-lavande\/","name":"R\u00e9pulsif \u00e0 mites - Bois de c\u00e8dre et lavande - Along Avec Anna","isPartOf":{"@id":"https:\/\/www.alongavecanna.com\/fr\/#website"},"primaryImageOfPage":{"@id":"https:\/\/www.alongavecanna.com\/fr\/produit\/repulsif-a-mites-bois-de-cedre-et-lavande\/#primaryimage"},"image":{"@id":"https:\/\/www.alongavecanna.com\/fr\/produit\/repulsif-a-mites-bois-de-cedre-et-lavande\/#primaryimage"},"thumbnailUrl":"https:\/\/www.alongavecanna.com\/wp-content\/uploads\/2024\/02\/Moht_repellent_Along_avec_anna_10.png","datePublished":"2024-02-08T19:24:02+00:00","dateModified":"2025-07-10T08:49:40+00:00","breadcrumb":{"@id":"https:\/\/www.alongavecanna.com\/fr\/produit\/repulsif-a-mites-bois-de-cedre-et-lavande\/#breadcrumb"},"inLanguage":"fr-FR","potentialAction":[{"@type":"ReadAction","target":["https:\/\/www.alongavecanna.com\/fr\/produit\/repulsif-a-mites-bois-de-cedre-et-lavande\/"]}]},{"@type":"ImageObject","inLanguage":"fr-FR","@id":"https:\/\/www.alongavecanna.com\/fr\/produit\/repulsif-a-mites-bois-de-cedre-et-lavande\/#primaryimage","url":"https:\/\/www.alongavecanna.com\/wp-content\/uploads\/2024\/02\/Moht_repellent_Along_avec_anna_10.png","contentUrl":"https:\/\/www.alongavecanna.com\/wp-content\/uploads\/2024\/02\/Moht_repellent_Along_avec_anna_10.png","width":1365,"height":2048},{"@type":"BreadcrumbList","@id":"https:\/\/www.alongavecanna.com\/fr\/produit\/repulsif-a-mites-bois-de-cedre-et-lavande\/#breadcrumb","itemListElement":[{"@type":"ListItem","position":1,"name":"Home","item":"https:\/\/www.alongavecanna.com\/fr\/"},{"@type":"ListItem","position":2,"name":"Produits","item":"https:\/\/www.alongavecanna.com\/fr\/shop\/"},{"@type":"ListItem","position":3,"name":"R\u00e9pulsif \u00e0 mites &#8211; Bois de c\u00e8dre et lavande"}]},{"@type":"WebSite","@id":"https:\/\/www.alongavecanna.com\/fr\/#website","url":"https:\/\/www.alongavecanna.com\/fr\/","name":"Along Avec Anna","description":"Ethical yarn &amp; timeless knitting patterns","publisher":{"@id":"https:\/\/www.alongavecanna.com\/fr\/#organization"},"potentialAction":[{"@type":"SearchAction","target":{"@type":"EntryPoint","urlTemplate":"https:\/\/www.alongavecanna.com\/fr\/?s={search_term_string}"},"query-input":{"@type":"PropertyValueSpecification","valueRequired":true,"valueName":"search_term_string"}}],"inLanguage":"fr-FR"},{"@type":"Organization","@id":"https:\/\/www.alongavecanna.com\/fr\/#organization","name":"Along Avec Anna","url":"https:\/\/www.alongavecanna.com\/fr\/","logo":{"@type":"ImageObject","inLanguage":"fr-FR","@id":"https:\/\/www.alongavecanna.com\/fr\/#\/schema\/logo\/image\/","url":"https:\/\/www.alongavecanna.com\/wp-content\/uploads\/2023\/01\/logo-along-avec-anna.png","contentUrl":"https:\/\/www.alongavecanna.com\/wp-content\/uploads\/2023\/01\/logo-along-avec-anna.png","width":1728,"height":627,"caption":"Along Avec Anna"},"image":{"@id":"https:\/\/www.alongavecanna.com\/fr\/#\/schema\/logo\/image\/"},"sameAs":["https:\/\/facebook.com\/alongavecanna","https:\/\/www.instagram.com\/along.avec.anna\/"]}]}},"_links":{"self":[{"href":"https:\/\/www.alongavecanna.com\/fr\/wp-json\/wp\/v2\/product\/63448","targetHints":{"allow":["GET"]}}],"collection":[{"href":"https:\/\/www.alongavecanna.com\/fr\/wp-json\/wp\/v2\/product"}],"about":[{"href":"https:\/\/www.alongavecanna.com\/fr\/wp-json\/wp\/v2\/types\/product"}],"replies":[{"embeddable":true,"href":"https:\/\/www.alongavecanna.com\/fr\/wp-json\/wp\/v2\/comments?post=63448"}],"version-history":[{"count":0,"href":"https:\/\/www.alongavecanna.com\/fr\/wp-json\/wp\/v2\/product\/63448\/revisions"}],"wp:featuredmedia":[{"embeddable":true,"href":"https:\/\/www.alongavecanna.com\/fr\/wp-json\/wp\/v2\/media\/63460"}],"wp:attachment":[{"href":"https:\/\/www.alongavecanna.com\/fr\/wp-json\/wp\/v2\/media?parent=63448"}],"wp:term":[{"taxonomy":"product_brand","embeddable":true,"href":"https:\/\/www.alongavecanna.com\/fr\/wp-json\/wp\/v2\/product_brand?post=63448"},{"taxonomy":"product_cat","embeddable":true,"href":"https:\/\/www.alongavecanna.com\/fr\/wp-json\/wp\/v2\/product_cat?post=63448"},{"taxonomy":"product_tag","embeddable":true,"href":"https:\/\/www.alongavecanna.com\/fr\/wp-json\/wp\/v2\/product_tag?post=63448"}],"curies":[{"name":"wp","href":"https:\/\/api.w.org\/{rel}","templated":true}]}}