{"id":61301,"date":"2023-11-24T23:24:56","date_gmt":"2023-11-24T23:24:56","guid":{"rendered":"https:\/\/www.alongavecanna.com\/?post_type=product&#038;p=61301"},"modified":"2023-11-27T16:33:09","modified_gmt":"2023-11-27T16:33:09","slug":"marieke-dk-edition","status":"publish","type":"product","link":"https:\/\/www.alongavecanna.com\/fr\/produit\/marieke-dk-edition\/","title":{"rendered":"Marieke (\u00e9dition DK)"},"content":{"rendered":"<p style=\"text-align: justify;\"><strong>Tailles<\/strong> &#8211; Mesures finies :<br \/>\n85.5, 89, 96.5, 100, 103.5 (109, 116.5, 122, 125.5) [134.5, 145.5, 156.5, 165.5] cm de tour de poitrine<\/p>\n<p style=\"text-align: justify;\"><strong>Echantillon <\/strong>: 22 m x 30 rangs = 10cm en jersey en rond en utilisant des aiguilles 4mm\/US 6 (ou une autre taille en fonction de votre \u00e9chantillon)<\/p>\n<p><strong>Aisance recommand\u00e9e<\/strong>: entre 5 et 15 cm d&rsquo;aisance positive<\/p>\n<p style=\"text-align: justify;\"><strong>Laines<\/strong>: Fil de poids DK &#8211; deux options :<\/p>\n<p style=\"text-align: justify;\">1) <strong>Deux fils tenus ensemble<\/strong>: un fil de Merino (Fingering) et un fil de Silk Mohair.<br \/>\n<strong>MC<\/strong>: 990, 1050, 1120, 1190, 1255 (1340, 1435, 1505, 1575) [1740, 1925, 2085, 2215] m\u00e8tres de Merino Fingering soit 5, 6, 6, 6, 7(7, 8, 8, 8) [9, 10, 11, 12] pelotes de Merino &#8211; Along avec Anna<\/p>\n<p style=\"text-align: justify;\">et 925, 965, 1025, 1090, 1155 (1235, 1320, 1385, 1455) [1605, 1775, 1920, 2035] m\u00e8tres de fil de poids dentelle donc 5, 5, 5, 6, 6(6, 7, 7, 7) [8, 9, 10, 10] pelotes de Silk Mohair &#8211; Along Avec Anna<\/p>\n<p style=\"text-align: justify;\"><strong>CC<\/strong>: 65, 65, 70, 75, 75 (80, 85, 90, 90) [95, 105, 105, 105] m\u00e8tres donc 1 pelote de Merino, et 1 pelote de Silk Mohair &#8211; Along Avec Anna<\/p>\n<p style=\"text-align: justify;\">2) <strong>Un brin de fil de poids DK <\/strong>: Double Merino &#8211; Along avec Anna (en 3.75mm \/ US 5)<\/p>\n<p style=\"text-align: justify;\"><strong>CP <\/strong>: 920, 970, 1040, 1105, 1155 (1205, 1265, 1325, 1385) [1530, 1695, 1835, 1940] m\u00e8tres donc 9, 9, 10, 11, 11 (12, 12,<br \/>\n13, 13) [15, 16, 17, 18] pelotes de Double Merino<\/p>\n<p style=\"text-align: justify;\"><strong>CC <\/strong>: 65, 65, 70, 75, 75 (80, 85, 90, 90) [95, 105, 105, 105] m\u00e8tres donc 1 pelote de Double Merino<\/p>\n<p style=\"text-align: justify;\"><em>Version de pr\u00e9sentation <\/em>: Tricot\u00e9 en Merino &amp; Silk Mohair Emeraude (MC) et Colombe (CC), avec 10 cm d&rsquo;aisance positive.<\/p>\n<p style=\"text-align: justify;\"><strong>Aiguilles <\/strong>: Aiguilles recommand\u00e9es (si vous obtenez l&rsquo;\u00e9chantillon) : 4mm\/US 6 pour le corps et les manches 3.75mm\/US 5 pour les c\u00f4tes<\/p>\n<div class=\"page\" title=\"Page 3\">\n<div class=\"section\">\n<div class=\"layoutArea\">\n<div class=\"column\">\n<p><strong>Mat\u00e9riel <\/strong>: anneaux marqueurs, morceaux de laine pour mettre les mailles en attente, aiguille \u00e0 laine pour rentrer les fils<\/p>\n<\/div>\n<\/div>\n<\/div>\n<\/div>\n","protected":false},"excerpt":{"rendered":"<p style=\"text-align: justify;\"><strong>Marieke (DK Edition<\/strong> ) est un pull avec un magnifique empi\u00e8cement en jacquard. Le motif commence au niveau de l\u2019encolure et descend jusqu\u2019aux \u00e9paules. Tricot\u00e9 du haut vers le bas.<\/p>\n<p>Le mod\u00e8le peut \u00eatre tricot\u00e9 avec une couleur principale et une, deux ou m\u00eame trois couleurs contrast\u00e9es. Des variantes de ce mod\u00e8le sont disponibles : un pull pour enfant appel\u00e9 \u00ab\u00a0Marieke (Little)\u00a0\u00bb et une version adulte printani\u00e8re \u00ab\u00a0Marieke (Lady)\u00a0\u00bb.<\/p>\n","protected":false},"featured_media":61300,"comment_status":"open","ping_status":"closed","template":"","meta":[],"product_brand":[],"product_cat":[380,376,370,377,381],"product_tag":[],"class_list":{"0":"post-61301","1":"product","2":"type-product","3":"status-publish","4":"has-post-thumbnail","6":"product_cat-patrons-anglais","7":"product_cat-patrons-de-tricot","8":"product_cat-patrons-debutants","9":"product_cat-patrons-femme","10":"product_cat-patrons-francais","12":"first","13":"instock","14":"downloadable","15":"virtual","16":"taxable","17":"purchasable","18":"product-type-simple"},"yoast_head":"<!-- This site is optimized with the Yoast SEO plugin v27.4 - https:\/\/yoast.com\/product\/yoast-seo-wordpress\/ -->\n<title>Marieke (\u00e9dition DK) - Along Avec Anna<\/title>\n<meta name=\"robots\" content=\"index, follow, max-snippet:-1, max-image-preview:large, max-video-preview:-1\" \/>\n<link rel=\"canonical\" href=\"https:\/\/www.alongavecanna.com\/fr\/produit\/marieke-dk-edition\/\" \/>\n<meta property=\"og:locale\" content=\"fr_FR\" \/>\n<meta property=\"og:type\" content=\"article\" \/>\n<meta property=\"og:title\" content=\"Marieke (\u00e9dition DK) - Along Avec Anna\" \/>\n<meta property=\"og:description\" content=\"Marieke (DK Edition ) est un pull avec un magnifique empi\u00e8cement en jacquard. Le motif commence au niveau de l\u2019encolure et descend jusqu\u2019aux \u00e9paules. Tricot\u00e9 du haut vers le bas. Le mod\u00e8le peut \u00eatre tricot\u00e9 avec une couleur principale et une, deux ou m\u00eame trois couleurs contrast\u00e9es. Des variantes de ce mod\u00e8le sont disponibles : un pull pour enfant appel\u00e9 &quot;Marieke (Little)&quot; et une version adulte printani\u00e8re &quot;Marieke (Lady)&quot;.\" \/>\n<meta property=\"og:url\" content=\"https:\/\/www.alongavecanna.com\/fr\/produit\/marieke-dk-edition\/\" \/>\n<meta property=\"og:site_name\" content=\"Along Avec Anna\" \/>\n<meta property=\"article:publisher\" content=\"https:\/\/facebook.com\/alongavecanna\" \/>\n<meta property=\"article:modified_time\" content=\"2023-11-27T16:33:09+00:00\" \/>\n<meta property=\"og:image\" content=\"https:\/\/www.alongavecanna.com\/wp-content\/uploads\/2023\/11\/anna-48-scaled.jpg\" \/>\n\t<meta property=\"og:image:width\" content=\"1706\" \/>\n\t<meta property=\"og:image:height\" content=\"2560\" \/>\n\t<meta property=\"og:image:type\" content=\"image\/jpeg\" \/>\n<meta name=\"twitter:card\" content=\"summary_large_image\" \/>\n<meta name=\"twitter:label1\" content=\"Dur\u00e9e de lecture estim\u00e9e\" \/>\n\t<meta name=\"twitter:data1\" content=\"1 minute\" \/>\n<script type=\"application\/ld+json\" class=\"yoast-schema-graph\">{\"@context\":\"https:\\\/\\\/schema.org\",\"@graph\":[{\"@type\":\"WebPage\",\"@id\":\"https:\\\/\\\/www.alongavecanna.com\\\/fr\\\/produit\\\/marieke-dk-edition\\\/\",\"url\":\"https:\\\/\\\/www.alongavecanna.com\\\/fr\\\/produit\\\/marieke-dk-edition\\\/\",\"name\":\"Marieke (\u00e9dition DK) - Along Avec Anna\",\"isPartOf\":{\"@id\":\"https:\\\/\\\/www.alongavecanna.com\\\/fr\\\/#website\"},\"primaryImageOfPage\":{\"@id\":\"https:\\\/\\\/www.alongavecanna.com\\\/fr\\\/produit\\\/marieke-dk-edition\\\/#primaryimage\"},\"image\":{\"@id\":\"https:\\\/\\\/www.alongavecanna.com\\\/fr\\\/produit\\\/marieke-dk-edition\\\/#primaryimage\"},\"thumbnailUrl\":\"https:\\\/\\\/www.alongavecanna.com\\\/wp-content\\\/uploads\\\/2023\\\/11\\\/anna-48-scaled.jpg\",\"datePublished\":\"2023-11-24T23:24:56+00:00\",\"dateModified\":\"2023-11-27T16:33:09+00:00\",\"breadcrumb\":{\"@id\":\"https:\\\/\\\/www.alongavecanna.com\\\/fr\\\/produit\\\/marieke-dk-edition\\\/#breadcrumb\"},\"inLanguage\":\"fr-FR\",\"potentialAction\":[{\"@type\":\"ReadAction\",\"target\":[\"https:\\\/\\\/www.alongavecanna.com\\\/fr\\\/produit\\\/marieke-dk-edition\\\/\"]}]},{\"@type\":\"ImageObject\",\"inLanguage\":\"fr-FR\",\"@id\":\"https:\\\/\\\/www.alongavecanna.com\\\/fr\\\/produit\\\/marieke-dk-edition\\\/#primaryimage\",\"url\":\"https:\\\/\\\/www.alongavecanna.com\\\/wp-content\\\/uploads\\\/2023\\\/11\\\/anna-48-scaled.jpg\",\"contentUrl\":\"https:\\\/\\\/www.alongavecanna.com\\\/wp-content\\\/uploads\\\/2023\\\/11\\\/anna-48-scaled.jpg\",\"width\":1706,\"height\":2560},{\"@type\":\"BreadcrumbList\",\"@id\":\"https:\\\/\\\/www.alongavecanna.com\\\/fr\\\/produit\\\/marieke-dk-edition\\\/#breadcrumb\",\"itemListElement\":[{\"@type\":\"ListItem\",\"position\":1,\"name\":\"Home\",\"item\":\"https:\\\/\\\/www.alongavecanna.com\\\/fr\\\/\"},{\"@type\":\"ListItem\",\"position\":2,\"name\":\"Produits\",\"item\":\"https:\\\/\\\/www.alongavecanna.com\\\/fr\\\/shop\\\/\"},{\"@type\":\"ListItem\",\"position\":3,\"name\":\"Marieke (\u00e9dition DK)\"}]},{\"@type\":\"WebSite\",\"@id\":\"https:\\\/\\\/www.alongavecanna.com\\\/fr\\\/#website\",\"url\":\"https:\\\/\\\/www.alongavecanna.com\\\/fr\\\/\",\"name\":\"Along Avec Anna\",\"description\":\"Ethical yarn &amp; timeless knitting patterns\",\"publisher\":{\"@id\":\"https:\\\/\\\/www.alongavecanna.com\\\/fr\\\/#organization\"},\"potentialAction\":[{\"@type\":\"SearchAction\",\"target\":{\"@type\":\"EntryPoint\",\"urlTemplate\":\"https:\\\/\\\/www.alongavecanna.com\\\/fr\\\/?s={search_term_string}\"},\"query-input\":{\"@type\":\"PropertyValueSpecification\",\"valueRequired\":true,\"valueName\":\"search_term_string\"}}],\"inLanguage\":\"fr-FR\"},{\"@type\":\"Organization\",\"@id\":\"https:\\\/\\\/www.alongavecanna.com\\\/fr\\\/#organization\",\"name\":\"Along Avec Anna\",\"url\":\"https:\\\/\\\/www.alongavecanna.com\\\/fr\\\/\",\"logo\":{\"@type\":\"ImageObject\",\"inLanguage\":\"fr-FR\",\"@id\":\"https:\\\/\\\/www.alongavecanna.com\\\/fr\\\/#\\\/schema\\\/logo\\\/image\\\/\",\"url\":\"https:\\\/\\\/www.alongavecanna.com\\\/wp-content\\\/uploads\\\/2023\\\/01\\\/logo-along-avec-anna.png\",\"contentUrl\":\"https:\\\/\\\/www.alongavecanna.com\\\/wp-content\\\/uploads\\\/2023\\\/01\\\/logo-along-avec-anna.png\",\"width\":1728,\"height\":627,\"caption\":\"Along Avec Anna\"},\"image\":{\"@id\":\"https:\\\/\\\/www.alongavecanna.com\\\/fr\\\/#\\\/schema\\\/logo\\\/image\\\/\"},\"sameAs\":[\"https:\\\/\\\/facebook.com\\\/alongavecanna\",\"https:\\\/\\\/www.instagram.com\\\/along.avec.anna\\\/\"]}]}<\/script>\n<!-- \/ Yoast SEO plugin. -->","yoast_head_json":{"title":"Marieke (\u00e9dition DK) - Along Avec Anna","robots":{"index":"index","follow":"follow","max-snippet":"max-snippet:-1","max-image-preview":"max-image-preview:large","max-video-preview":"max-video-preview:-1"},"canonical":"https:\/\/www.alongavecanna.com\/fr\/produit\/marieke-dk-edition\/","og_locale":"fr_FR","og_type":"article","og_title":"Marieke (\u00e9dition DK) - Along Avec Anna","og_description":"Marieke (DK Edition ) est un pull avec un magnifique empi\u00e8cement en jacquard. Le motif commence au niveau de l\u2019encolure et descend jusqu\u2019aux \u00e9paules. Tricot\u00e9 du haut vers le bas. Le mod\u00e8le peut \u00eatre tricot\u00e9 avec une couleur principale et une, deux ou m\u00eame trois couleurs contrast\u00e9es. Des variantes de ce mod\u00e8le sont disponibles : un pull pour enfant appel\u00e9 \"Marieke (Little)\" et une version adulte printani\u00e8re \"Marieke (Lady)\".","og_url":"https:\/\/www.alongavecanna.com\/fr\/produit\/marieke-dk-edition\/","og_site_name":"Along Avec Anna","article_publisher":"https:\/\/facebook.com\/alongavecanna","article_modified_time":"2023-11-27T16:33:09+00:00","og_image":[{"width":1706,"height":2560,"url":"https:\/\/www.alongavecanna.com\/wp-content\/uploads\/2023\/11\/anna-48-scaled.jpg","type":"image\/jpeg"}],"twitter_card":"summary_large_image","twitter_misc":{"Dur\u00e9e de lecture estim\u00e9e":"1 minute"},"schema":{"@context":"https:\/\/schema.org","@graph":[{"@type":"WebPage","@id":"https:\/\/www.alongavecanna.com\/fr\/produit\/marieke-dk-edition\/","url":"https:\/\/www.alongavecanna.com\/fr\/produit\/marieke-dk-edition\/","name":"Marieke (\u00e9dition DK) - Along Avec Anna","isPartOf":{"@id":"https:\/\/www.alongavecanna.com\/fr\/#website"},"primaryImageOfPage":{"@id":"https:\/\/www.alongavecanna.com\/fr\/produit\/marieke-dk-edition\/#primaryimage"},"image":{"@id":"https:\/\/www.alongavecanna.com\/fr\/produit\/marieke-dk-edition\/#primaryimage"},"thumbnailUrl":"https:\/\/www.alongavecanna.com\/wp-content\/uploads\/2023\/11\/anna-48-scaled.jpg","datePublished":"2023-11-24T23:24:56+00:00","dateModified":"2023-11-27T16:33:09+00:00","breadcrumb":{"@id":"https:\/\/www.alongavecanna.com\/fr\/produit\/marieke-dk-edition\/#breadcrumb"},"inLanguage":"fr-FR","potentialAction":[{"@type":"ReadAction","target":["https:\/\/www.alongavecanna.com\/fr\/produit\/marieke-dk-edition\/"]}]},{"@type":"ImageObject","inLanguage":"fr-FR","@id":"https:\/\/www.alongavecanna.com\/fr\/produit\/marieke-dk-edition\/#primaryimage","url":"https:\/\/www.alongavecanna.com\/wp-content\/uploads\/2023\/11\/anna-48-scaled.jpg","contentUrl":"https:\/\/www.alongavecanna.com\/wp-content\/uploads\/2023\/11\/anna-48-scaled.jpg","width":1706,"height":2560},{"@type":"BreadcrumbList","@id":"https:\/\/www.alongavecanna.com\/fr\/produit\/marieke-dk-edition\/#breadcrumb","itemListElement":[{"@type":"ListItem","position":1,"name":"Home","item":"https:\/\/www.alongavecanna.com\/fr\/"},{"@type":"ListItem","position":2,"name":"Produits","item":"https:\/\/www.alongavecanna.com\/fr\/shop\/"},{"@type":"ListItem","position":3,"name":"Marieke (\u00e9dition DK)"}]},{"@type":"WebSite","@id":"https:\/\/www.alongavecanna.com\/fr\/#website","url":"https:\/\/www.alongavecanna.com\/fr\/","name":"Along Avec Anna","description":"Ethical yarn &amp; timeless knitting patterns","publisher":{"@id":"https:\/\/www.alongavecanna.com\/fr\/#organization"},"potentialAction":[{"@type":"SearchAction","target":{"@type":"EntryPoint","urlTemplate":"https:\/\/www.alongavecanna.com\/fr\/?s={search_term_string}"},"query-input":{"@type":"PropertyValueSpecification","valueRequired":true,"valueName":"search_term_string"}}],"inLanguage":"fr-FR"},{"@type":"Organization","@id":"https:\/\/www.alongavecanna.com\/fr\/#organization","name":"Along Avec Anna","url":"https:\/\/www.alongavecanna.com\/fr\/","logo":{"@type":"ImageObject","inLanguage":"fr-FR","@id":"https:\/\/www.alongavecanna.com\/fr\/#\/schema\/logo\/image\/","url":"https:\/\/www.alongavecanna.com\/wp-content\/uploads\/2023\/01\/logo-along-avec-anna.png","contentUrl":"https:\/\/www.alongavecanna.com\/wp-content\/uploads\/2023\/01\/logo-along-avec-anna.png","width":1728,"height":627,"caption":"Along Avec Anna"},"image":{"@id":"https:\/\/www.alongavecanna.com\/fr\/#\/schema\/logo\/image\/"},"sameAs":["https:\/\/facebook.com\/alongavecanna","https:\/\/www.instagram.com\/along.avec.anna\/"]}]}},"_links":{"self":[{"href":"https:\/\/www.alongavecanna.com\/fr\/wp-json\/wp\/v2\/product\/61301","targetHints":{"allow":["GET"]}}],"collection":[{"href":"https:\/\/www.alongavecanna.com\/fr\/wp-json\/wp\/v2\/product"}],"about":[{"href":"https:\/\/www.alongavecanna.com\/fr\/wp-json\/wp\/v2\/types\/product"}],"replies":[{"embeddable":true,"href":"https:\/\/www.alongavecanna.com\/fr\/wp-json\/wp\/v2\/comments?post=61301"}],"version-history":[{"count":0,"href":"https:\/\/www.alongavecanna.com\/fr\/wp-json\/wp\/v2\/product\/61301\/revisions"}],"wp:featuredmedia":[{"embeddable":true,"href":"https:\/\/www.alongavecanna.com\/fr\/wp-json\/wp\/v2\/media\/61300"}],"wp:attachment":[{"href":"https:\/\/www.alongavecanna.com\/fr\/wp-json\/wp\/v2\/media?parent=61301"}],"wp:term":[{"taxonomy":"product_brand","embeddable":true,"href":"https:\/\/www.alongavecanna.com\/fr\/wp-json\/wp\/v2\/product_brand?post=61301"},{"taxonomy":"product_cat","embeddable":true,"href":"https:\/\/www.alongavecanna.com\/fr\/wp-json\/wp\/v2\/product_cat?post=61301"},{"taxonomy":"product_tag","embeddable":true,"href":"https:\/\/www.alongavecanna.com\/fr\/wp-json\/wp\/v2\/product_tag?post=61301"}],"curies":[{"name":"wp","href":"https:\/\/api.w.org\/{rel}","templated":true}]}}