{"id":61071,"date":"2023-11-07T14:25:48","date_gmt":"2023-11-07T14:25:48","guid":{"rendered":"https:\/\/www.alongavecanna.com\/?post_type=product&#038;p=61071"},"modified":"2024-01-18T22:19:55","modified_gmt":"2024-01-18T22:19:55","slug":"broderie-sur-tricot","status":"publish","type":"product","link":"https:\/\/www.alongavecanna.com\/fr\/produit\/broderie-sur-tricot\/","title":{"rendered":"Embroidery on knits (en Anglais)"},"content":{"rendered":"<ul>\n<li style=\"font-weight: 400;\"><span style=\"font-weight: 400;\">200 pages<\/span><\/li>\n<li style=\"font-weight: 400;\"><span style=\"font-weight: 400;\">18 projets de broderie (tous les mod\u00e8les sont pr\u00e9sent\u00e9s sur un poster d\u00e9pliant s\u00e9par\u00e9 au format A1)<\/span><\/li>\n<li style=\"font-weight: 400;\"><span style=\"font-weight: 400;\">Photographie de Simone Hawlisch<\/span><\/li>\n<\/ul>\n","protected":false},"excerpt":{"rendered":"<p style=\"text-align: justify;\"><span style=\"font-weight: 400;\">Transformez vos tricots avec une poign\u00e9e de points de broderie simples : un cardigan douillet orn\u00e9 de fleurs \u00e9clatantes, une libellule sur le devant d&rsquo;un pull et des moufles avec des plantes grimpant sur le dos de la main. Ce livre de broderie intemporel propose 18 mod\u00e8les inspir\u00e9s de la nature, g\u00e9n\u00e9reusement compl\u00e9t\u00e9s par des conseils et des id\u00e9es sur la fa\u00e7on de les utiliser. <\/span><i><span style=\"font-weight: 400;\">Broderie sur tricot<\/span><\/i><span style=\"font-weight: 400;\"> est un guide approfondi de la couture contemporaine avec et sur la laine, expliquant chaque \u00e9tape du processus &#8211; de la planification au projet fini. C&rsquo;est une source d&rsquo;inspiration et de connaissances pour les d\u00e9butants et les experts en couture. <\/span><\/p>\n<p style=\"text-align: justify;\"><span style=\"font-weight: 400;\">\u00ab\u00a0Mon objectif est de vous fournir une source de connaissances et d&rsquo;inspiration que vous pourrez suivre.<\/span><\/p>\n<p style=\"text-align: justify;\"><b>Judit Gummlich <\/b><span style=\"font-weight: 400;\">est une cr\u00e9atrice aux multiples talents qui a travaill\u00e9 dans les d\u00e9partements de costumes de th\u00e9\u00e2tre pendant plus de 20 ans. Elle est passionn\u00e9e de tricot, de jardinage, d&rsquo;apiculture et de nature. Judit vit avec son mari, ses abeilles et ses deux chats \u00e0 Hambourg, en Allemagne. <\/span><i><span style=\"font-weight: 400;\">Broderie sur tricot <\/span><\/i><span style=\"font-weight: 400;\">est son premier livre.<\/span><\/p>\n<p><em>Judit a brod\u00e9 notre pull Trescao et notre cardigan Trescao dans ce livre.<\/em><\/p>\n","protected":false},"featured_media":62905,"comment_status":"open","ping_status":"closed","template":"","meta":[],"product_brand":[],"product_cat":[401],"product_tag":[],"class_list":{"0":"post-61071","1":"product","2":"type-product","3":"status-publish","4":"has-post-thumbnail","6":"product_cat-livres","7":"product_shipping_class-small-parcel-livre-fr","9":"first","10":"outofstock","11":"taxable","12":"shipping-taxable","13":"purchasable","14":"product-type-simple"},"yoast_head":"<!-- This site is optimized with the Yoast SEO plugin v27.4 - https:\/\/yoast.com\/product\/yoast-seo-wordpress\/ -->\n<title>Embroidery on knits (en Anglais) - Along Avec Anna<\/title>\n<meta name=\"robots\" content=\"index, follow, max-snippet:-1, max-image-preview:large, max-video-preview:-1\" \/>\n<link rel=\"canonical\" href=\"https:\/\/www.alongavecanna.com\/fr\/produit\/broderie-sur-tricot\/\" \/>\n<meta property=\"og:locale\" content=\"fr_FR\" \/>\n<meta property=\"og:type\" content=\"article\" \/>\n<meta property=\"og:title\" content=\"Embroidery on knits (en Anglais) - Along Avec Anna\" \/>\n<meta property=\"og:description\" content=\"Transformez vos tricots avec une poign\u00e9e de points de broderie simples : un cardigan douillet orn\u00e9 de fleurs \u00e9clatantes, une libellule sur le devant d&#039;un pull et des moufles avec des plantes grimpant sur le dos de la main. Ce livre de broderie intemporel propose 18 mod\u00e8les inspir\u00e9s de la nature, g\u00e9n\u00e9reusement compl\u00e9t\u00e9s par des conseils et des id\u00e9es sur la fa\u00e7on de les utiliser. Broderie sur tricot est un guide approfondi de la couture contemporaine avec et sur la laine, expliquant chaque \u00e9tape du processus - de la planification au projet fini. C&#039;est une source d&#039;inspiration et de connaissances pour les d\u00e9butants et les experts en couture.  &quot;Mon objectif est de vous fournir une source de connaissances et d&#039;inspiration que vous pourrez suivre. Judit Gummlich est une cr\u00e9atrice aux multiples talents qui a travaill\u00e9 dans les d\u00e9partements de costumes de th\u00e9\u00e2tre pendant plus de 20 ans. Elle est passionn\u00e9e de tricot, de jardinage, d&#039;apiculture et de nature. Judit vit avec son mari, ses abeilles et ses deux chats \u00e0 Hambourg, en Allemagne. Broderie sur tricot est son premier livre. Judit a brod\u00e9 notre pull Trescao et notre cardigan Trescao dans ce livre.\" \/>\n<meta property=\"og:url\" content=\"https:\/\/www.alongavecanna.com\/fr\/produit\/broderie-sur-tricot\/\" \/>\n<meta property=\"og:site_name\" content=\"Along Avec Anna\" \/>\n<meta property=\"article:publisher\" content=\"https:\/\/facebook.com\/alongavecanna\" \/>\n<meta property=\"article:modified_time\" content=\"2024-01-18T22:19:55+00:00\" \/>\n<meta property=\"og:image\" content=\"https:\/\/www.alongavecanna.com\/wp-content\/uploads\/2023\/11\/EmbroideryOnKnits_1080x1350_b0514878-351c-4290-afa0-62214800d7a1.jpg.webp\" \/>\n\t<meta property=\"og:image:width\" content=\"1080\" \/>\n\t<meta property=\"og:image:height\" content=\"1350\" \/>\n\t<meta property=\"og:image:type\" content=\"image\/webp\" \/>\n<meta name=\"twitter:card\" content=\"summary_large_image\" \/>\n<script type=\"application\/ld+json\" class=\"yoast-schema-graph\">{\"@context\":\"https:\\\/\\\/schema.org\",\"@graph\":[{\"@type\":\"WebPage\",\"@id\":\"https:\\\/\\\/www.alongavecanna.com\\\/fr\\\/produit\\\/broderie-sur-tricot\\\/\",\"url\":\"https:\\\/\\\/www.alongavecanna.com\\\/fr\\\/produit\\\/broderie-sur-tricot\\\/\",\"name\":\"Embroidery on knits (en Anglais) - Along Avec Anna\",\"isPartOf\":{\"@id\":\"https:\\\/\\\/www.alongavecanna.com\\\/fr\\\/#website\"},\"primaryImageOfPage\":{\"@id\":\"https:\\\/\\\/www.alongavecanna.com\\\/fr\\\/produit\\\/broderie-sur-tricot\\\/#primaryimage\"},\"image\":{\"@id\":\"https:\\\/\\\/www.alongavecanna.com\\\/fr\\\/produit\\\/broderie-sur-tricot\\\/#primaryimage\"},\"thumbnailUrl\":\"https:\\\/\\\/www.alongavecanna.com\\\/wp-content\\\/uploads\\\/2023\\\/11\\\/EmbroideryOnKnits_1080x1350_b0514878-351c-4290-afa0-62214800d7a1.jpg.webp\",\"datePublished\":\"2023-11-07T14:25:48+00:00\",\"dateModified\":\"2024-01-18T22:19:55+00:00\",\"breadcrumb\":{\"@id\":\"https:\\\/\\\/www.alongavecanna.com\\\/fr\\\/produit\\\/broderie-sur-tricot\\\/#breadcrumb\"},\"inLanguage\":\"fr-FR\",\"potentialAction\":[{\"@type\":\"ReadAction\",\"target\":[\"https:\\\/\\\/www.alongavecanna.com\\\/fr\\\/produit\\\/broderie-sur-tricot\\\/\"]}]},{\"@type\":\"ImageObject\",\"inLanguage\":\"fr-FR\",\"@id\":\"https:\\\/\\\/www.alongavecanna.com\\\/fr\\\/produit\\\/broderie-sur-tricot\\\/#primaryimage\",\"url\":\"https:\\\/\\\/www.alongavecanna.com\\\/wp-content\\\/uploads\\\/2023\\\/11\\\/EmbroideryOnKnits_1080x1350_b0514878-351c-4290-afa0-62214800d7a1.jpg.webp\",\"contentUrl\":\"https:\\\/\\\/www.alongavecanna.com\\\/wp-content\\\/uploads\\\/2023\\\/11\\\/EmbroideryOnKnits_1080x1350_b0514878-351c-4290-afa0-62214800d7a1.jpg.webp\",\"width\":1080,\"height\":1350},{\"@type\":\"BreadcrumbList\",\"@id\":\"https:\\\/\\\/www.alongavecanna.com\\\/fr\\\/produit\\\/broderie-sur-tricot\\\/#breadcrumb\",\"itemListElement\":[{\"@type\":\"ListItem\",\"position\":1,\"name\":\"Home\",\"item\":\"https:\\\/\\\/www.alongavecanna.com\\\/fr\\\/\"},{\"@type\":\"ListItem\",\"position\":2,\"name\":\"Produits\",\"item\":\"https:\\\/\\\/www.alongavecanna.com\\\/fr\\\/shop\\\/\"},{\"@type\":\"ListItem\",\"position\":3,\"name\":\"Embroidery on knits (en Anglais)\"}]},{\"@type\":\"WebSite\",\"@id\":\"https:\\\/\\\/www.alongavecanna.com\\\/fr\\\/#website\",\"url\":\"https:\\\/\\\/www.alongavecanna.com\\\/fr\\\/\",\"name\":\"Along Avec Anna\",\"description\":\"Ethical yarn &amp; timeless knitting patterns\",\"publisher\":{\"@id\":\"https:\\\/\\\/www.alongavecanna.com\\\/fr\\\/#organization\"},\"potentialAction\":[{\"@type\":\"SearchAction\",\"target\":{\"@type\":\"EntryPoint\",\"urlTemplate\":\"https:\\\/\\\/www.alongavecanna.com\\\/fr\\\/?s={search_term_string}\"},\"query-input\":{\"@type\":\"PropertyValueSpecification\",\"valueRequired\":true,\"valueName\":\"search_term_string\"}}],\"inLanguage\":\"fr-FR\"},{\"@type\":\"Organization\",\"@id\":\"https:\\\/\\\/www.alongavecanna.com\\\/fr\\\/#organization\",\"name\":\"Along Avec Anna\",\"url\":\"https:\\\/\\\/www.alongavecanna.com\\\/fr\\\/\",\"logo\":{\"@type\":\"ImageObject\",\"inLanguage\":\"fr-FR\",\"@id\":\"https:\\\/\\\/www.alongavecanna.com\\\/fr\\\/#\\\/schema\\\/logo\\\/image\\\/\",\"url\":\"https:\\\/\\\/www.alongavecanna.com\\\/wp-content\\\/uploads\\\/2023\\\/01\\\/logo-along-avec-anna.png\",\"contentUrl\":\"https:\\\/\\\/www.alongavecanna.com\\\/wp-content\\\/uploads\\\/2023\\\/01\\\/logo-along-avec-anna.png\",\"width\":1728,\"height\":627,\"caption\":\"Along Avec Anna\"},\"image\":{\"@id\":\"https:\\\/\\\/www.alongavecanna.com\\\/fr\\\/#\\\/schema\\\/logo\\\/image\\\/\"},\"sameAs\":[\"https:\\\/\\\/facebook.com\\\/alongavecanna\",\"https:\\\/\\\/www.instagram.com\\\/along.avec.anna\\\/\"]}]}<\/script>\n<!-- \/ Yoast SEO plugin. -->","yoast_head_json":{"title":"Embroidery on knits (en Anglais) - Along Avec Anna","robots":{"index":"index","follow":"follow","max-snippet":"max-snippet:-1","max-image-preview":"max-image-preview:large","max-video-preview":"max-video-preview:-1"},"canonical":"https:\/\/www.alongavecanna.com\/fr\/produit\/broderie-sur-tricot\/","og_locale":"fr_FR","og_type":"article","og_title":"Embroidery on knits (en Anglais) - Along Avec Anna","og_description":"Transformez vos tricots avec une poign\u00e9e de points de broderie simples : un cardigan douillet orn\u00e9 de fleurs \u00e9clatantes, une libellule sur le devant d'un pull et des moufles avec des plantes grimpant sur le dos de la main. Ce livre de broderie intemporel propose 18 mod\u00e8les inspir\u00e9s de la nature, g\u00e9n\u00e9reusement compl\u00e9t\u00e9s par des conseils et des id\u00e9es sur la fa\u00e7on de les utiliser. Broderie sur tricot est un guide approfondi de la couture contemporaine avec et sur la laine, expliquant chaque \u00e9tape du processus - de la planification au projet fini. C'est une source d'inspiration et de connaissances pour les d\u00e9butants et les experts en couture.  \"Mon objectif est de vous fournir une source de connaissances et d'inspiration que vous pourrez suivre. Judit Gummlich est une cr\u00e9atrice aux multiples talents qui a travaill\u00e9 dans les d\u00e9partements de costumes de th\u00e9\u00e2tre pendant plus de 20 ans. Elle est passionn\u00e9e de tricot, de jardinage, d'apiculture et de nature. Judit vit avec son mari, ses abeilles et ses deux chats \u00e0 Hambourg, en Allemagne. Broderie sur tricot est son premier livre. Judit a brod\u00e9 notre pull Trescao et notre cardigan Trescao dans ce livre.","og_url":"https:\/\/www.alongavecanna.com\/fr\/produit\/broderie-sur-tricot\/","og_site_name":"Along Avec Anna","article_publisher":"https:\/\/facebook.com\/alongavecanna","article_modified_time":"2024-01-18T22:19:55+00:00","og_image":[{"width":1080,"height":1350,"url":"https:\/\/www.alongavecanna.com\/wp-content\/uploads\/2023\/11\/EmbroideryOnKnits_1080x1350_b0514878-351c-4290-afa0-62214800d7a1.jpg.webp","type":"image\/webp"}],"twitter_card":"summary_large_image","schema":{"@context":"https:\/\/schema.org","@graph":[{"@type":"WebPage","@id":"https:\/\/www.alongavecanna.com\/fr\/produit\/broderie-sur-tricot\/","url":"https:\/\/www.alongavecanna.com\/fr\/produit\/broderie-sur-tricot\/","name":"Embroidery on knits (en Anglais) - Along Avec Anna","isPartOf":{"@id":"https:\/\/www.alongavecanna.com\/fr\/#website"},"primaryImageOfPage":{"@id":"https:\/\/www.alongavecanna.com\/fr\/produit\/broderie-sur-tricot\/#primaryimage"},"image":{"@id":"https:\/\/www.alongavecanna.com\/fr\/produit\/broderie-sur-tricot\/#primaryimage"},"thumbnailUrl":"https:\/\/www.alongavecanna.com\/wp-content\/uploads\/2023\/11\/EmbroideryOnKnits_1080x1350_b0514878-351c-4290-afa0-62214800d7a1.jpg.webp","datePublished":"2023-11-07T14:25:48+00:00","dateModified":"2024-01-18T22:19:55+00:00","breadcrumb":{"@id":"https:\/\/www.alongavecanna.com\/fr\/produit\/broderie-sur-tricot\/#breadcrumb"},"inLanguage":"fr-FR","potentialAction":[{"@type":"ReadAction","target":["https:\/\/www.alongavecanna.com\/fr\/produit\/broderie-sur-tricot\/"]}]},{"@type":"ImageObject","inLanguage":"fr-FR","@id":"https:\/\/www.alongavecanna.com\/fr\/produit\/broderie-sur-tricot\/#primaryimage","url":"https:\/\/www.alongavecanna.com\/wp-content\/uploads\/2023\/11\/EmbroideryOnKnits_1080x1350_b0514878-351c-4290-afa0-62214800d7a1.jpg.webp","contentUrl":"https:\/\/www.alongavecanna.com\/wp-content\/uploads\/2023\/11\/EmbroideryOnKnits_1080x1350_b0514878-351c-4290-afa0-62214800d7a1.jpg.webp","width":1080,"height":1350},{"@type":"BreadcrumbList","@id":"https:\/\/www.alongavecanna.com\/fr\/produit\/broderie-sur-tricot\/#breadcrumb","itemListElement":[{"@type":"ListItem","position":1,"name":"Home","item":"https:\/\/www.alongavecanna.com\/fr\/"},{"@type":"ListItem","position":2,"name":"Produits","item":"https:\/\/www.alongavecanna.com\/fr\/shop\/"},{"@type":"ListItem","position":3,"name":"Embroidery on knits (en Anglais)"}]},{"@type":"WebSite","@id":"https:\/\/www.alongavecanna.com\/fr\/#website","url":"https:\/\/www.alongavecanna.com\/fr\/","name":"Along Avec Anna","description":"Ethical yarn &amp; timeless knitting patterns","publisher":{"@id":"https:\/\/www.alongavecanna.com\/fr\/#organization"},"potentialAction":[{"@type":"SearchAction","target":{"@type":"EntryPoint","urlTemplate":"https:\/\/www.alongavecanna.com\/fr\/?s={search_term_string}"},"query-input":{"@type":"PropertyValueSpecification","valueRequired":true,"valueName":"search_term_string"}}],"inLanguage":"fr-FR"},{"@type":"Organization","@id":"https:\/\/www.alongavecanna.com\/fr\/#organization","name":"Along Avec Anna","url":"https:\/\/www.alongavecanna.com\/fr\/","logo":{"@type":"ImageObject","inLanguage":"fr-FR","@id":"https:\/\/www.alongavecanna.com\/fr\/#\/schema\/logo\/image\/","url":"https:\/\/www.alongavecanna.com\/wp-content\/uploads\/2023\/01\/logo-along-avec-anna.png","contentUrl":"https:\/\/www.alongavecanna.com\/wp-content\/uploads\/2023\/01\/logo-along-avec-anna.png","width":1728,"height":627,"caption":"Along Avec Anna"},"image":{"@id":"https:\/\/www.alongavecanna.com\/fr\/#\/schema\/logo\/image\/"},"sameAs":["https:\/\/facebook.com\/alongavecanna","https:\/\/www.instagram.com\/along.avec.anna\/"]}]}},"_links":{"self":[{"href":"https:\/\/www.alongavecanna.com\/fr\/wp-json\/wp\/v2\/product\/61071","targetHints":{"allow":["GET"]}}],"collection":[{"href":"https:\/\/www.alongavecanna.com\/fr\/wp-json\/wp\/v2\/product"}],"about":[{"href":"https:\/\/www.alongavecanna.com\/fr\/wp-json\/wp\/v2\/types\/product"}],"replies":[{"embeddable":true,"href":"https:\/\/www.alongavecanna.com\/fr\/wp-json\/wp\/v2\/comments?post=61071"}],"version-history":[{"count":0,"href":"https:\/\/www.alongavecanna.com\/fr\/wp-json\/wp\/v2\/product\/61071\/revisions"}],"wp:featuredmedia":[{"embeddable":true,"href":"https:\/\/www.alongavecanna.com\/fr\/wp-json\/wp\/v2\/media\/62905"}],"wp:attachment":[{"href":"https:\/\/www.alongavecanna.com\/fr\/wp-json\/wp\/v2\/media?parent=61071"}],"wp:term":[{"taxonomy":"product_brand","embeddable":true,"href":"https:\/\/www.alongavecanna.com\/fr\/wp-json\/wp\/v2\/product_brand?post=61071"},{"taxonomy":"product_cat","embeddable":true,"href":"https:\/\/www.alongavecanna.com\/fr\/wp-json\/wp\/v2\/product_cat?post=61071"},{"taxonomy":"product_tag","embeddable":true,"href":"https:\/\/www.alongavecanna.com\/fr\/wp-json\/wp\/v2\/product_tag?post=61071"}],"curies":[{"name":"wp","href":"https:\/\/api.w.org\/{rel}","templated":true}]}}