{"id":58553,"date":"2023-07-06T21:19:43","date_gmt":"2023-07-06T21:19:43","guid":{"rendered":"https:\/\/www.alongavecanna.com\/?post_type=product&#038;p=58553"},"modified":"2025-09-06T10:47:33","modified_gmt":"2025-09-06T10:47:33","slug":"plumeria-petit","status":"publish","type":"product","link":"https:\/\/www.alongavecanna.com\/fr\/produit\/plumeria-petit\/","title":{"rendered":"Plumeria Little"},"content":{"rendered":"<p style=\"text-align: justify;\"><strong>Plumeria (Little)<\/strong> est un magnifique d\u00e9bardeur avec une profonde emmanchure ronde et des rayures sur tout le corps. Il s&rsquo;agit d&rsquo;un mod\u00e8le pour d\u00e9butants. Tricot\u00e9 de haut en bas.<\/p>\n<p style=\"text-align: justify;\">Une version adulte de ce mod\u00e8le est disponible sous le nom de \u00ab\u00a0<em>D\u00e9bardeur Plumeria<\/em>\u00ab\u00a0.<\/p>\n<p style=\"text-align: justify;\"><strong>TAILLES <\/strong>: 3, 6, 12 mois (2, 4, 6) 8, 10, 12 ans<\/p>\n<p style=\"text-align: justify;\"><strong>\u00c9CHANTILLON <\/strong>: Avec des aiguilles 3.75 mm\/US 5 (ou une autre taille en fonction de votre \u00e9chantillon) : 22 m x 32 rangs=10cm<\/p>\n<p style=\"text-align: justify;\">FIL<strong>(S)<\/strong> &#8211; Fil de poids DK (Double Merino, Along Avec Anna) :<br \/>\nCP &#8211; 100, 115, 135 (175, 210, 230) 270, 300, 315 m\u00e8tres<br \/>\nCC &#8211; 55, 65, 70 (95, 105, 120) 135, 145, 150 m\u00e8tres<\/p>\n<p style=\"text-align: justify;\">Donc 1, 2, 2 (2, 2, 3) 3, 3, 3 balles de Double Merino Along avec Anna<br \/>\npour CP et 1, 1, 1 (1, 1, 2) 2, 2, 2 balles pour CC<\/p>\n<p style=\"text-align: justify;\"><em>Version de pr\u00e9sentation <\/em>: Taille 8 ans &#8211; Tricot\u00e9 en Double Merino Along Avec Anna, en Drag\u00e9e et Tomette.<\/p>\n<p style=\"text-align: justify;\"><strong>AIGUILLES <\/strong>: aiguilles recommand\u00e9es (pour obtenir la jauge) &#8211; 3.75mm\/US 5 pour le corps 3.5mm\/US 4 pour les c\u00f4tes<\/p>\n<p style=\"text-align: justify;\"><strong>NOTIONS<\/strong>: marqueurs de points, chutes de fil ou supports de points, aiguille \u00e0 tapisserie.<\/p>\n","protected":false},"excerpt":{"rendered":"<p style=\"text-align: justify;\"><strong>Plumeria (Little)<\/strong> est un magnifique d\u00e9bardeur avec une profonde emmanchure ronde et des rayures sur tout le corps. Il s&rsquo;agit d&rsquo;un mod\u00e8le pour d\u00e9butants. Tricot\u00e9 de haut en bas.<\/p>\n<p style=\"text-align: justify;\">Une version adulte de ce mod\u00e8le est disponible sous le nom de \u00ab\u00a0<em>D\u00e9bardeur Plumeria<\/em>\u00ab\u00a0.<\/p>\n","protected":false},"featured_media":58555,"comment_status":"open","ping_status":"closed","template":"","meta":[],"product_brand":[],"product_cat":[380,376,370,386,381],"product_tag":[],"class_list":{"0":"post-58553","1":"product","2":"type-product","3":"status-publish","4":"has-post-thumbnail","6":"product_cat-patrons-anglais","7":"product_cat-patrons-de-tricot","8":"product_cat-patrons-debutants","9":"product_cat-patrons-enfant","10":"product_cat-patrons-francais","12":"first","13":"instock","14":"downloadable","15":"virtual","16":"taxable","17":"purchasable","18":"product-type-simple"},"yoast_head":"<!-- This site is optimized with the Yoast SEO plugin v27.4 - https:\/\/yoast.com\/product\/yoast-seo-wordpress\/ -->\n<title>Plumeria Little - Along Avec Anna<\/title>\n<meta name=\"robots\" content=\"index, follow, max-snippet:-1, max-image-preview:large, max-video-preview:-1\" \/>\n<link rel=\"canonical\" href=\"https:\/\/www.alongavecanna.com\/fr\/produit\/plumeria-petit\/\" \/>\n<meta property=\"og:locale\" content=\"fr_FR\" \/>\n<meta property=\"og:type\" content=\"article\" \/>\n<meta property=\"og:title\" content=\"Plumeria Little - Along Avec Anna\" \/>\n<meta property=\"og:description\" content=\"Plumeria (Little) est un magnifique d\u00e9bardeur avec une profonde emmanchure ronde et des rayures sur tout le corps. Il s&#039;agit d&#039;un mod\u00e8le pour d\u00e9butants. Tricot\u00e9 de haut en bas. Une version adulte de ce mod\u00e8le est disponible sous le nom de &quot;D\u00e9bardeur Plumeria&quot;.\" \/>\n<meta property=\"og:url\" content=\"https:\/\/www.alongavecanna.com\/fr\/produit\/plumeria-petit\/\" \/>\n<meta property=\"og:site_name\" content=\"Along Avec Anna\" \/>\n<meta property=\"article:publisher\" content=\"https:\/\/facebook.com\/alongavecanna\" \/>\n<meta property=\"article:modified_time\" content=\"2025-09-06T10:47:33+00:00\" \/>\n<meta property=\"og:image\" content=\"https:\/\/www.alongavecanna.com\/wp-content\/uploads\/2023\/07\/Plumeria_Little_alongavecanna_2.JPG-scaled.jpg\" \/>\n\t<meta property=\"og:image:width\" content=\"1707\" \/>\n\t<meta property=\"og:image:height\" content=\"2560\" \/>\n\t<meta property=\"og:image:type\" content=\"image\/jpeg\" \/>\n<meta name=\"twitter:card\" content=\"summary_large_image\" \/>\n<meta name=\"twitter:label1\" content=\"Dur\u00e9e de lecture estim\u00e9e\" \/>\n\t<meta name=\"twitter:data1\" content=\"1 minute\" \/>\n<script type=\"application\/ld+json\" class=\"yoast-schema-graph\">{\"@context\":\"https:\\\/\\\/schema.org\",\"@graph\":[{\"@type\":\"WebPage\",\"@id\":\"https:\\\/\\\/www.alongavecanna.com\\\/fr\\\/produit\\\/plumeria-petit\\\/\",\"url\":\"https:\\\/\\\/www.alongavecanna.com\\\/fr\\\/produit\\\/plumeria-petit\\\/\",\"name\":\"Plumeria Little - Along Avec Anna\",\"isPartOf\":{\"@id\":\"https:\\\/\\\/www.alongavecanna.com\\\/fr\\\/#website\"},\"primaryImageOfPage\":{\"@id\":\"https:\\\/\\\/www.alongavecanna.com\\\/fr\\\/produit\\\/plumeria-petit\\\/#primaryimage\"},\"image\":{\"@id\":\"https:\\\/\\\/www.alongavecanna.com\\\/fr\\\/produit\\\/plumeria-petit\\\/#primaryimage\"},\"thumbnailUrl\":\"https:\\\/\\\/www.alongavecanna.com\\\/wp-content\\\/uploads\\\/2023\\\/07\\\/Plumeria_Little_alongavecanna_2.JPG-scaled.jpg\",\"datePublished\":\"2023-07-06T21:19:43+00:00\",\"dateModified\":\"2025-09-06T10:47:33+00:00\",\"breadcrumb\":{\"@id\":\"https:\\\/\\\/www.alongavecanna.com\\\/fr\\\/produit\\\/plumeria-petit\\\/#breadcrumb\"},\"inLanguage\":\"fr-FR\",\"potentialAction\":[{\"@type\":\"ReadAction\",\"target\":[\"https:\\\/\\\/www.alongavecanna.com\\\/fr\\\/produit\\\/plumeria-petit\\\/\"]}]},{\"@type\":\"ImageObject\",\"inLanguage\":\"fr-FR\",\"@id\":\"https:\\\/\\\/www.alongavecanna.com\\\/fr\\\/produit\\\/plumeria-petit\\\/#primaryimage\",\"url\":\"https:\\\/\\\/www.alongavecanna.com\\\/wp-content\\\/uploads\\\/2023\\\/07\\\/Plumeria_Little_alongavecanna_2.JPG-scaled.jpg\",\"contentUrl\":\"https:\\\/\\\/www.alongavecanna.com\\\/wp-content\\\/uploads\\\/2023\\\/07\\\/Plumeria_Little_alongavecanna_2.JPG-scaled.jpg\",\"width\":1707,\"height\":2560},{\"@type\":\"BreadcrumbList\",\"@id\":\"https:\\\/\\\/www.alongavecanna.com\\\/fr\\\/produit\\\/plumeria-petit\\\/#breadcrumb\",\"itemListElement\":[{\"@type\":\"ListItem\",\"position\":1,\"name\":\"Home\",\"item\":\"https:\\\/\\\/www.alongavecanna.com\\\/fr\\\/\"},{\"@type\":\"ListItem\",\"position\":2,\"name\":\"Produits\",\"item\":\"https:\\\/\\\/www.alongavecanna.com\\\/fr\\\/shop\\\/\"},{\"@type\":\"ListItem\",\"position\":3,\"name\":\"Plumeria Little\"}]},{\"@type\":\"WebSite\",\"@id\":\"https:\\\/\\\/www.alongavecanna.com\\\/fr\\\/#website\",\"url\":\"https:\\\/\\\/www.alongavecanna.com\\\/fr\\\/\",\"name\":\"Along Avec Anna\",\"description\":\"Ethical yarn &amp; timeless knitting patterns\",\"publisher\":{\"@id\":\"https:\\\/\\\/www.alongavecanna.com\\\/fr\\\/#organization\"},\"potentialAction\":[{\"@type\":\"SearchAction\",\"target\":{\"@type\":\"EntryPoint\",\"urlTemplate\":\"https:\\\/\\\/www.alongavecanna.com\\\/fr\\\/?s={search_term_string}\"},\"query-input\":{\"@type\":\"PropertyValueSpecification\",\"valueRequired\":true,\"valueName\":\"search_term_string\"}}],\"inLanguage\":\"fr-FR\"},{\"@type\":\"Organization\",\"@id\":\"https:\\\/\\\/www.alongavecanna.com\\\/fr\\\/#organization\",\"name\":\"Along Avec Anna\",\"url\":\"https:\\\/\\\/www.alongavecanna.com\\\/fr\\\/\",\"logo\":{\"@type\":\"ImageObject\",\"inLanguage\":\"fr-FR\",\"@id\":\"https:\\\/\\\/www.alongavecanna.com\\\/fr\\\/#\\\/schema\\\/logo\\\/image\\\/\",\"url\":\"https:\\\/\\\/www.alongavecanna.com\\\/wp-content\\\/uploads\\\/2023\\\/01\\\/logo-along-avec-anna.png\",\"contentUrl\":\"https:\\\/\\\/www.alongavecanna.com\\\/wp-content\\\/uploads\\\/2023\\\/01\\\/logo-along-avec-anna.png\",\"width\":1728,\"height\":627,\"caption\":\"Along Avec Anna\"},\"image\":{\"@id\":\"https:\\\/\\\/www.alongavecanna.com\\\/fr\\\/#\\\/schema\\\/logo\\\/image\\\/\"},\"sameAs\":[\"https:\\\/\\\/facebook.com\\\/alongavecanna\",\"https:\\\/\\\/www.instagram.com\\\/along.avec.anna\\\/\"]}]}<\/script>\n<!-- \/ Yoast SEO plugin. -->","yoast_head_json":{"title":"Plumeria Little - Along Avec Anna","robots":{"index":"index","follow":"follow","max-snippet":"max-snippet:-1","max-image-preview":"max-image-preview:large","max-video-preview":"max-video-preview:-1"},"canonical":"https:\/\/www.alongavecanna.com\/fr\/produit\/plumeria-petit\/","og_locale":"fr_FR","og_type":"article","og_title":"Plumeria Little - Along Avec Anna","og_description":"Plumeria (Little) est un magnifique d\u00e9bardeur avec une profonde emmanchure ronde et des rayures sur tout le corps. Il s'agit d'un mod\u00e8le pour d\u00e9butants. Tricot\u00e9 de haut en bas. Une version adulte de ce mod\u00e8le est disponible sous le nom de \"D\u00e9bardeur Plumeria\".","og_url":"https:\/\/www.alongavecanna.com\/fr\/produit\/plumeria-petit\/","og_site_name":"Along Avec Anna","article_publisher":"https:\/\/facebook.com\/alongavecanna","article_modified_time":"2025-09-06T10:47:33+00:00","og_image":[{"width":1707,"height":2560,"url":"https:\/\/www.alongavecanna.com\/wp-content\/uploads\/2023\/07\/Plumeria_Little_alongavecanna_2.JPG-scaled.jpg","type":"image\/jpeg"}],"twitter_card":"summary_large_image","twitter_misc":{"Dur\u00e9e de lecture estim\u00e9e":"1 minute"},"schema":{"@context":"https:\/\/schema.org","@graph":[{"@type":"WebPage","@id":"https:\/\/www.alongavecanna.com\/fr\/produit\/plumeria-petit\/","url":"https:\/\/www.alongavecanna.com\/fr\/produit\/plumeria-petit\/","name":"Plumeria Little - Along Avec Anna","isPartOf":{"@id":"https:\/\/www.alongavecanna.com\/fr\/#website"},"primaryImageOfPage":{"@id":"https:\/\/www.alongavecanna.com\/fr\/produit\/plumeria-petit\/#primaryimage"},"image":{"@id":"https:\/\/www.alongavecanna.com\/fr\/produit\/plumeria-petit\/#primaryimage"},"thumbnailUrl":"https:\/\/www.alongavecanna.com\/wp-content\/uploads\/2023\/07\/Plumeria_Little_alongavecanna_2.JPG-scaled.jpg","datePublished":"2023-07-06T21:19:43+00:00","dateModified":"2025-09-06T10:47:33+00:00","breadcrumb":{"@id":"https:\/\/www.alongavecanna.com\/fr\/produit\/plumeria-petit\/#breadcrumb"},"inLanguage":"fr-FR","potentialAction":[{"@type":"ReadAction","target":["https:\/\/www.alongavecanna.com\/fr\/produit\/plumeria-petit\/"]}]},{"@type":"ImageObject","inLanguage":"fr-FR","@id":"https:\/\/www.alongavecanna.com\/fr\/produit\/plumeria-petit\/#primaryimage","url":"https:\/\/www.alongavecanna.com\/wp-content\/uploads\/2023\/07\/Plumeria_Little_alongavecanna_2.JPG-scaled.jpg","contentUrl":"https:\/\/www.alongavecanna.com\/wp-content\/uploads\/2023\/07\/Plumeria_Little_alongavecanna_2.JPG-scaled.jpg","width":1707,"height":2560},{"@type":"BreadcrumbList","@id":"https:\/\/www.alongavecanna.com\/fr\/produit\/plumeria-petit\/#breadcrumb","itemListElement":[{"@type":"ListItem","position":1,"name":"Home","item":"https:\/\/www.alongavecanna.com\/fr\/"},{"@type":"ListItem","position":2,"name":"Produits","item":"https:\/\/www.alongavecanna.com\/fr\/shop\/"},{"@type":"ListItem","position":3,"name":"Plumeria Little"}]},{"@type":"WebSite","@id":"https:\/\/www.alongavecanna.com\/fr\/#website","url":"https:\/\/www.alongavecanna.com\/fr\/","name":"Along Avec Anna","description":"Ethical yarn &amp; timeless knitting patterns","publisher":{"@id":"https:\/\/www.alongavecanna.com\/fr\/#organization"},"potentialAction":[{"@type":"SearchAction","target":{"@type":"EntryPoint","urlTemplate":"https:\/\/www.alongavecanna.com\/fr\/?s={search_term_string}"},"query-input":{"@type":"PropertyValueSpecification","valueRequired":true,"valueName":"search_term_string"}}],"inLanguage":"fr-FR"},{"@type":"Organization","@id":"https:\/\/www.alongavecanna.com\/fr\/#organization","name":"Along Avec Anna","url":"https:\/\/www.alongavecanna.com\/fr\/","logo":{"@type":"ImageObject","inLanguage":"fr-FR","@id":"https:\/\/www.alongavecanna.com\/fr\/#\/schema\/logo\/image\/","url":"https:\/\/www.alongavecanna.com\/wp-content\/uploads\/2023\/01\/logo-along-avec-anna.png","contentUrl":"https:\/\/www.alongavecanna.com\/wp-content\/uploads\/2023\/01\/logo-along-avec-anna.png","width":1728,"height":627,"caption":"Along Avec Anna"},"image":{"@id":"https:\/\/www.alongavecanna.com\/fr\/#\/schema\/logo\/image\/"},"sameAs":["https:\/\/facebook.com\/alongavecanna","https:\/\/www.instagram.com\/along.avec.anna\/"]}]}},"_links":{"self":[{"href":"https:\/\/www.alongavecanna.com\/fr\/wp-json\/wp\/v2\/product\/58553","targetHints":{"allow":["GET"]}}],"collection":[{"href":"https:\/\/www.alongavecanna.com\/fr\/wp-json\/wp\/v2\/product"}],"about":[{"href":"https:\/\/www.alongavecanna.com\/fr\/wp-json\/wp\/v2\/types\/product"}],"replies":[{"embeddable":true,"href":"https:\/\/www.alongavecanna.com\/fr\/wp-json\/wp\/v2\/comments?post=58553"}],"version-history":[{"count":0,"href":"https:\/\/www.alongavecanna.com\/fr\/wp-json\/wp\/v2\/product\/58553\/revisions"}],"wp:featuredmedia":[{"embeddable":true,"href":"https:\/\/www.alongavecanna.com\/fr\/wp-json\/wp\/v2\/media\/58555"}],"wp:attachment":[{"href":"https:\/\/www.alongavecanna.com\/fr\/wp-json\/wp\/v2\/media?parent=58553"}],"wp:term":[{"taxonomy":"product_brand","embeddable":true,"href":"https:\/\/www.alongavecanna.com\/fr\/wp-json\/wp\/v2\/product_brand?post=58553"},{"taxonomy":"product_cat","embeddable":true,"href":"https:\/\/www.alongavecanna.com\/fr\/wp-json\/wp\/v2\/product_cat?post=58553"},{"taxonomy":"product_tag","embeddable":true,"href":"https:\/\/www.alongavecanna.com\/fr\/wp-json\/wp\/v2\/product_tag?post=58553"}],"curies":[{"name":"wp","href":"https:\/\/api.w.org\/{rel}","templated":true}]}}