{"id":58470,"date":"2023-07-05T11:16:11","date_gmt":"2023-07-05T11:16:11","guid":{"rendered":"https:\/\/www.alongavecanna.com\/?post_type=product&#038;p=58470"},"modified":"2024-11-29T17:53:53","modified_gmt":"2024-11-29T17:53:53","slug":"tricot-pro-symfonie-double-pointe","status":"publish","type":"product","link":"https:\/\/www.alongavecanna.com\/fr\/produit\/tricot-pro-symfonie-double-pointe\/","title":{"rendered":"Knit Pro &#8211; Symfonie Double pointes"},"content":{"rendered":"<p><strong>D\u00c9TAILS<\/strong><\/p>\n<p>Mat\u00e9riel : Bois<br \/>\nD\u00e9tail du mat\u00e9riel : Bouleau stratifi\u00e9 densifi\u00e9<br \/>\nCouleur : Multicolore<br \/>\nLongueur : 20 cm \/ 8&Prime;<\/p>\n","protected":false},"excerpt":{"rendered":"<p style=\"text-align: justify;\">De belles et solides aiguilles \u00e0 double pointe de la s\u00e9rie multicolore Symfonie de KnitPro.<\/p>\n<p style=\"text-align: justify;\">Les aiguilles sont faciles \u00e0 utiliser, confortables \u00e0 manipuler et belles \u00e0 regarder. EIles sont fabriqu\u00e9es en bois de bouleau, qui est stratifi\u00e9 et teint\u00e9 sp\u00e9cifiquement pour leur donner leur belle surface.<\/p>\n<p style=\"text-align: justify;\">Les d\u00e9licieuses aiguilles trait\u00e9es sont agr\u00e9ables et confortables \u00e0 tenir en main, ce qui vous permet de tricoter pendant de nombreuses heures sans avoir les mains douloureuses.<\/p>\n<p style=\"text-align: justify;\">Les aiguilles sont vendues par lots de 5.<\/p>\n","protected":false},"featured_media":58483,"comment_status":"open","ping_status":"closed","template":"","meta":[],"product_brand":[],"product_cat":[384,378],"product_tag":[],"class_list":{"0":"post-58470","1":"product","2":"type-product","3":"status-publish","4":"has-post-thumbnail","6":"product_cat-aiguilles","7":"product_cat-boutique","8":"product_shipping_class-large-items-large-letter-fr","10":"first","11":"instock","12":"taxable","13":"shipping-taxable","14":"purchasable","15":"product-type-variable","16":"has-default-attributes"},"yoast_head":"<!-- This site is optimized with the Yoast SEO plugin v27.4 - https:\/\/yoast.com\/product\/yoast-seo-wordpress\/ -->\n<title>Knit Pro - Symfonie Double pointes - Along Avec Anna<\/title>\n<meta name=\"robots\" content=\"index, follow, max-snippet:-1, max-image-preview:large, max-video-preview:-1\" \/>\n<link rel=\"canonical\" href=\"https:\/\/www.alongavecanna.com\/fr\/produit\/tricot-pro-symfonie-double-pointe\/\" \/>\n<meta property=\"og:locale\" content=\"fr_FR\" \/>\n<meta property=\"og:type\" content=\"article\" \/>\n<meta property=\"og:title\" content=\"Knit Pro - Symfonie Double pointes - Along Avec Anna\" \/>\n<meta property=\"og:description\" content=\"De belles et solides aiguilles \u00e0 double pointe de la s\u00e9rie multicolore Symfonie de KnitPro. Les aiguilles sont faciles \u00e0 utiliser, confortables \u00e0 manipuler et belles \u00e0 regarder. EIles sont fabriqu\u00e9es en bois de bouleau, qui est stratifi\u00e9 et teint\u00e9 sp\u00e9cifiquement pour leur donner leur belle surface. Les d\u00e9licieuses aiguilles trait\u00e9es sont agr\u00e9ables et confortables \u00e0 tenir en main, ce qui vous permet de tricoter pendant de nombreuses heures sans avoir les mains douloureuses. Les aiguilles sont vendues par lots de 5.\" \/>\n<meta property=\"og:url\" content=\"https:\/\/www.alongavecanna.com\/fr\/produit\/tricot-pro-symfonie-double-pointe\/\" \/>\n<meta property=\"og:site_name\" content=\"Along Avec Anna\" \/>\n<meta property=\"article:publisher\" content=\"https:\/\/facebook.com\/alongavecanna\" \/>\n<meta property=\"article:modified_time\" content=\"2024-11-29T17:53:53+00:00\" \/>\n<meta property=\"og:image\" content=\"https:\/\/www.alongavecanna.com\/wp-content\/uploads\/2023\/07\/symfonie-double-pointed-knitting-needles3.jpg\" \/>\n\t<meta property=\"og:image:width\" content=\"800\" \/>\n\t<meta property=\"og:image:height\" content=\"800\" \/>\n\t<meta property=\"og:image:type\" content=\"image\/jpeg\" \/>\n<meta name=\"twitter:card\" content=\"summary_large_image\" \/>\n<script type=\"application\/ld+json\" class=\"yoast-schema-graph\">{\"@context\":\"https:\\\/\\\/schema.org\",\"@graph\":[{\"@type\":\"WebPage\",\"@id\":\"https:\\\/\\\/www.alongavecanna.com\\\/fr\\\/produit\\\/tricot-pro-symfonie-double-pointe\\\/\",\"url\":\"https:\\\/\\\/www.alongavecanna.com\\\/fr\\\/produit\\\/tricot-pro-symfonie-double-pointe\\\/\",\"name\":\"Knit Pro - Symfonie Double pointes - Along Avec Anna\",\"isPartOf\":{\"@id\":\"https:\\\/\\\/www.alongavecanna.com\\\/fr\\\/#website\"},\"primaryImageOfPage\":{\"@id\":\"https:\\\/\\\/www.alongavecanna.com\\\/fr\\\/produit\\\/tricot-pro-symfonie-double-pointe\\\/#primaryimage\"},\"image\":{\"@id\":\"https:\\\/\\\/www.alongavecanna.com\\\/fr\\\/produit\\\/tricot-pro-symfonie-double-pointe\\\/#primaryimage\"},\"thumbnailUrl\":\"https:\\\/\\\/www.alongavecanna.com\\\/wp-content\\\/uploads\\\/2023\\\/07\\\/symfonie-double-pointed-knitting-needles3.jpg\",\"datePublished\":\"2023-07-05T11:16:11+00:00\",\"dateModified\":\"2024-11-29T17:53:53+00:00\",\"breadcrumb\":{\"@id\":\"https:\\\/\\\/www.alongavecanna.com\\\/fr\\\/produit\\\/tricot-pro-symfonie-double-pointe\\\/#breadcrumb\"},\"inLanguage\":\"fr-FR\",\"potentialAction\":[{\"@type\":\"ReadAction\",\"target\":[\"https:\\\/\\\/www.alongavecanna.com\\\/fr\\\/produit\\\/tricot-pro-symfonie-double-pointe\\\/\"]}]},{\"@type\":\"ImageObject\",\"inLanguage\":\"fr-FR\",\"@id\":\"https:\\\/\\\/www.alongavecanna.com\\\/fr\\\/produit\\\/tricot-pro-symfonie-double-pointe\\\/#primaryimage\",\"url\":\"https:\\\/\\\/www.alongavecanna.com\\\/wp-content\\\/uploads\\\/2023\\\/07\\\/symfonie-double-pointed-knitting-needles3.jpg\",\"contentUrl\":\"https:\\\/\\\/www.alongavecanna.com\\\/wp-content\\\/uploads\\\/2023\\\/07\\\/symfonie-double-pointed-knitting-needles3.jpg\",\"width\":800,\"height\":800},{\"@type\":\"BreadcrumbList\",\"@id\":\"https:\\\/\\\/www.alongavecanna.com\\\/fr\\\/produit\\\/tricot-pro-symfonie-double-pointe\\\/#breadcrumb\",\"itemListElement\":[{\"@type\":\"ListItem\",\"position\":1,\"name\":\"Home\",\"item\":\"https:\\\/\\\/www.alongavecanna.com\\\/fr\\\/\"},{\"@type\":\"ListItem\",\"position\":2,\"name\":\"Produits\",\"item\":\"https:\\\/\\\/www.alongavecanna.com\\\/fr\\\/shop\\\/\"},{\"@type\":\"ListItem\",\"position\":3,\"name\":\"Knit Pro &#8211; Symfonie Double pointes\"}]},{\"@type\":\"WebSite\",\"@id\":\"https:\\\/\\\/www.alongavecanna.com\\\/fr\\\/#website\",\"url\":\"https:\\\/\\\/www.alongavecanna.com\\\/fr\\\/\",\"name\":\"Along Avec Anna\",\"description\":\"Ethical yarn &amp; timeless knitting patterns\",\"publisher\":{\"@id\":\"https:\\\/\\\/www.alongavecanna.com\\\/fr\\\/#organization\"},\"potentialAction\":[{\"@type\":\"SearchAction\",\"target\":{\"@type\":\"EntryPoint\",\"urlTemplate\":\"https:\\\/\\\/www.alongavecanna.com\\\/fr\\\/?s={search_term_string}\"},\"query-input\":{\"@type\":\"PropertyValueSpecification\",\"valueRequired\":true,\"valueName\":\"search_term_string\"}}],\"inLanguage\":\"fr-FR\"},{\"@type\":\"Organization\",\"@id\":\"https:\\\/\\\/www.alongavecanna.com\\\/fr\\\/#organization\",\"name\":\"Along Avec Anna\",\"url\":\"https:\\\/\\\/www.alongavecanna.com\\\/fr\\\/\",\"logo\":{\"@type\":\"ImageObject\",\"inLanguage\":\"fr-FR\",\"@id\":\"https:\\\/\\\/www.alongavecanna.com\\\/fr\\\/#\\\/schema\\\/logo\\\/image\\\/\",\"url\":\"https:\\\/\\\/www.alongavecanna.com\\\/wp-content\\\/uploads\\\/2023\\\/01\\\/logo-along-avec-anna.png\",\"contentUrl\":\"https:\\\/\\\/www.alongavecanna.com\\\/wp-content\\\/uploads\\\/2023\\\/01\\\/logo-along-avec-anna.png\",\"width\":1728,\"height\":627,\"caption\":\"Along Avec Anna\"},\"image\":{\"@id\":\"https:\\\/\\\/www.alongavecanna.com\\\/fr\\\/#\\\/schema\\\/logo\\\/image\\\/\"},\"sameAs\":[\"https:\\\/\\\/facebook.com\\\/alongavecanna\",\"https:\\\/\\\/www.instagram.com\\\/along.avec.anna\\\/\"]}]}<\/script>\n<!-- \/ Yoast SEO plugin. -->","yoast_head_json":{"title":"Knit Pro - Symfonie Double pointes - Along Avec Anna","robots":{"index":"index","follow":"follow","max-snippet":"max-snippet:-1","max-image-preview":"max-image-preview:large","max-video-preview":"max-video-preview:-1"},"canonical":"https:\/\/www.alongavecanna.com\/fr\/produit\/tricot-pro-symfonie-double-pointe\/","og_locale":"fr_FR","og_type":"article","og_title":"Knit Pro - Symfonie Double pointes - Along Avec Anna","og_description":"De belles et solides aiguilles \u00e0 double pointe de la s\u00e9rie multicolore Symfonie de KnitPro. Les aiguilles sont faciles \u00e0 utiliser, confortables \u00e0 manipuler et belles \u00e0 regarder. EIles sont fabriqu\u00e9es en bois de bouleau, qui est stratifi\u00e9 et teint\u00e9 sp\u00e9cifiquement pour leur donner leur belle surface. Les d\u00e9licieuses aiguilles trait\u00e9es sont agr\u00e9ables et confortables \u00e0 tenir en main, ce qui vous permet de tricoter pendant de nombreuses heures sans avoir les mains douloureuses. Les aiguilles sont vendues par lots de 5.","og_url":"https:\/\/www.alongavecanna.com\/fr\/produit\/tricot-pro-symfonie-double-pointe\/","og_site_name":"Along Avec Anna","article_publisher":"https:\/\/facebook.com\/alongavecanna","article_modified_time":"2024-11-29T17:53:53+00:00","og_image":[{"width":800,"height":800,"url":"https:\/\/www.alongavecanna.com\/wp-content\/uploads\/2023\/07\/symfonie-double-pointed-knitting-needles3.jpg","type":"image\/jpeg"}],"twitter_card":"summary_large_image","schema":{"@context":"https:\/\/schema.org","@graph":[{"@type":"WebPage","@id":"https:\/\/www.alongavecanna.com\/fr\/produit\/tricot-pro-symfonie-double-pointe\/","url":"https:\/\/www.alongavecanna.com\/fr\/produit\/tricot-pro-symfonie-double-pointe\/","name":"Knit Pro - Symfonie Double pointes - Along Avec Anna","isPartOf":{"@id":"https:\/\/www.alongavecanna.com\/fr\/#website"},"primaryImageOfPage":{"@id":"https:\/\/www.alongavecanna.com\/fr\/produit\/tricot-pro-symfonie-double-pointe\/#primaryimage"},"image":{"@id":"https:\/\/www.alongavecanna.com\/fr\/produit\/tricot-pro-symfonie-double-pointe\/#primaryimage"},"thumbnailUrl":"https:\/\/www.alongavecanna.com\/wp-content\/uploads\/2023\/07\/symfonie-double-pointed-knitting-needles3.jpg","datePublished":"2023-07-05T11:16:11+00:00","dateModified":"2024-11-29T17:53:53+00:00","breadcrumb":{"@id":"https:\/\/www.alongavecanna.com\/fr\/produit\/tricot-pro-symfonie-double-pointe\/#breadcrumb"},"inLanguage":"fr-FR","potentialAction":[{"@type":"ReadAction","target":["https:\/\/www.alongavecanna.com\/fr\/produit\/tricot-pro-symfonie-double-pointe\/"]}]},{"@type":"ImageObject","inLanguage":"fr-FR","@id":"https:\/\/www.alongavecanna.com\/fr\/produit\/tricot-pro-symfonie-double-pointe\/#primaryimage","url":"https:\/\/www.alongavecanna.com\/wp-content\/uploads\/2023\/07\/symfonie-double-pointed-knitting-needles3.jpg","contentUrl":"https:\/\/www.alongavecanna.com\/wp-content\/uploads\/2023\/07\/symfonie-double-pointed-knitting-needles3.jpg","width":800,"height":800},{"@type":"BreadcrumbList","@id":"https:\/\/www.alongavecanna.com\/fr\/produit\/tricot-pro-symfonie-double-pointe\/#breadcrumb","itemListElement":[{"@type":"ListItem","position":1,"name":"Home","item":"https:\/\/www.alongavecanna.com\/fr\/"},{"@type":"ListItem","position":2,"name":"Produits","item":"https:\/\/www.alongavecanna.com\/fr\/shop\/"},{"@type":"ListItem","position":3,"name":"Knit Pro &#8211; Symfonie Double pointes"}]},{"@type":"WebSite","@id":"https:\/\/www.alongavecanna.com\/fr\/#website","url":"https:\/\/www.alongavecanna.com\/fr\/","name":"Along Avec Anna","description":"Ethical yarn &amp; timeless knitting patterns","publisher":{"@id":"https:\/\/www.alongavecanna.com\/fr\/#organization"},"potentialAction":[{"@type":"SearchAction","target":{"@type":"EntryPoint","urlTemplate":"https:\/\/www.alongavecanna.com\/fr\/?s={search_term_string}"},"query-input":{"@type":"PropertyValueSpecification","valueRequired":true,"valueName":"search_term_string"}}],"inLanguage":"fr-FR"},{"@type":"Organization","@id":"https:\/\/www.alongavecanna.com\/fr\/#organization","name":"Along Avec Anna","url":"https:\/\/www.alongavecanna.com\/fr\/","logo":{"@type":"ImageObject","inLanguage":"fr-FR","@id":"https:\/\/www.alongavecanna.com\/fr\/#\/schema\/logo\/image\/","url":"https:\/\/www.alongavecanna.com\/wp-content\/uploads\/2023\/01\/logo-along-avec-anna.png","contentUrl":"https:\/\/www.alongavecanna.com\/wp-content\/uploads\/2023\/01\/logo-along-avec-anna.png","width":1728,"height":627,"caption":"Along Avec Anna"},"image":{"@id":"https:\/\/www.alongavecanna.com\/fr\/#\/schema\/logo\/image\/"},"sameAs":["https:\/\/facebook.com\/alongavecanna","https:\/\/www.instagram.com\/along.avec.anna\/"]}]}},"_links":{"self":[{"href":"https:\/\/www.alongavecanna.com\/fr\/wp-json\/wp\/v2\/product\/58470","targetHints":{"allow":["GET"]}}],"collection":[{"href":"https:\/\/www.alongavecanna.com\/fr\/wp-json\/wp\/v2\/product"}],"about":[{"href":"https:\/\/www.alongavecanna.com\/fr\/wp-json\/wp\/v2\/types\/product"}],"replies":[{"embeddable":true,"href":"https:\/\/www.alongavecanna.com\/fr\/wp-json\/wp\/v2\/comments?post=58470"}],"version-history":[{"count":0,"href":"https:\/\/www.alongavecanna.com\/fr\/wp-json\/wp\/v2\/product\/58470\/revisions"}],"wp:featuredmedia":[{"embeddable":true,"href":"https:\/\/www.alongavecanna.com\/fr\/wp-json\/wp\/v2\/media\/58483"}],"wp:attachment":[{"href":"https:\/\/www.alongavecanna.com\/fr\/wp-json\/wp\/v2\/media?parent=58470"}],"wp:term":[{"taxonomy":"product_brand","embeddable":true,"href":"https:\/\/www.alongavecanna.com\/fr\/wp-json\/wp\/v2\/product_brand?post=58470"},{"taxonomy":"product_cat","embeddable":true,"href":"https:\/\/www.alongavecanna.com\/fr\/wp-json\/wp\/v2\/product_cat?post=58470"},{"taxonomy":"product_tag","embeddable":true,"href":"https:\/\/www.alongavecanna.com\/fr\/wp-json\/wp\/v2\/product_tag?post=58470"}],"curies":[{"name":"wp","href":"https:\/\/api.w.org\/{rel}","templated":true}]}}