{"id":57638,"date":"2023-05-23T12:59:53","date_gmt":"2023-05-23T12:59:53","guid":{"rendered":"https:\/\/www.alongavecanna.com\/?post_type=product&#038;p=57638"},"modified":"2023-10-12T20:42:09","modified_gmt":"2023-10-12T20:42:09","slug":"52-weeks-of-socks-vol-2","status":"publish","type":"product","link":"https:\/\/www.alongavecanna.com\/fr\/produit\/52-weeks-of-socks-vol-2\/","title":{"rendered":"52 Weeks of Socks &#8211; Vol II (En Anglais)"},"content":{"rendered":"<p>Elles sont amusantes \u00e0 faire, rapides \u00e0 terminer et toujours n\u00e9cessaires &#8211; pas \u00e9tonnant que tant de tricoteuses aiment les chaussettes !<\/p>\n<p><em>52 Weeks of Socks, Vol. II<\/em> offre encore plus d&rsquo;inspiration \u00e0 tous les amateurs de chaussettes. Il s&rsquo;agit d&rsquo;une collection color\u00e9e et abondante de motifs provenant d&rsquo;un groupe diversifi\u00e9 de cr\u00e9ateurs internationaux. Utilisant une grande vari\u00e9t\u00e9 de techniques et de fils, ce livre s&rsquo;adresse aussi bien aux d\u00e9butantes qu&rsquo;aux tricoteuses confirm\u00e9es.<\/p>\n<p>Les patrons sont \u00e9crits par 47 designers talentueux du monde entier :<br \/>\nJenny Ansah, Christelle Bagea, Alma Bali, Sveina Bj\u00f6rk J\u00f3hannesd\u00f3ttir, Emma Brace, Aleks Byrd, Arantxa Casado, Fay Dashper-Hughes, Kristin Drysdale, Emma Ducher, Avery Erb, Lindsey Fowler, Fabienne Gassmann, Emilie Hallet , Sarah Heymann, Bailey Jacobs, Elena Solier Jans\u00e0, Yuri Kader Kojima, Kaori Katsurada, Keiko Kikuno, Jenna Kostet, Pauliina Kuunsola, Summer Lee, Marie-Christine L\u00e9vesque, Lotta H L\u00f6thgren, Agata Mackiewicz, Rebekka Mauser, Laura Moorats, Heather Nolan, Paula Pereira, Rosa Pomar, Amelia Putri, Anna Radchenko, Heli Rajavaara, Ashley Ratnam, Luc\u00eda Ruiz de Aguirre Rodr\u00edguez, Sofia Sackett, Ara Stella, Charlotte Stone, Pope Vergara, Anke von Ahrentschildt, Barbara von Stieglitz, Veera V\u00e4lim\u00e4ki, Lori Wagner, Nancy Wheeler, Paula Wi\u015bniewska et Yucca \/ Yuka Takahashi.<\/p>\n","protected":false},"excerpt":{"rendered":"<div class=\"product__text\">\n<div class=\"product__text\">\n<p>Si vous avez aim\u00e9 le premier livre de chaussettes de Laine, vous adorerez celui-ci ! 52 Weeks of Socks, Vol. II II est un ouvrage plus color\u00e9 et encore plus polyvalent que son pr\u00e9d\u00e9cesseur. Il y en a pour tous les go\u00fbts : dentelle, c\u00e2bles, rayures, volants, couleurs, et m\u00eame une paire orn\u00e9e de perles !<\/p>\n<\/div>\n<\/div>\n","protected":false},"featured_media":57636,"comment_status":"open","ping_status":"closed","template":"","meta":[],"product_brand":[],"product_cat":[401],"product_tag":[],"class_list":{"0":"post-57638","1":"product","2":"type-product","3":"status-publish","4":"has-post-thumbnail","6":"product_cat-livres","7":"product_shipping_class-small-parcel-livre-fr","9":"first","10":"instock","11":"taxable","12":"shipping-taxable","13":"purchasable","14":"product-type-simple"},"yoast_head":"<!-- This site is optimized with the Yoast SEO plugin v27.4 - https:\/\/yoast.com\/product\/yoast-seo-wordpress\/ -->\n<title>52 Weeks of Socks - Vol II (En Anglais) - Along Avec Anna<\/title>\n<meta name=\"robots\" content=\"index, follow, max-snippet:-1, max-image-preview:large, max-video-preview:-1\" \/>\n<link rel=\"canonical\" href=\"https:\/\/www.alongavecanna.com\/fr\/produit\/52-weeks-of-socks-vol-2\/\" \/>\n<meta property=\"og:locale\" content=\"fr_FR\" \/>\n<meta property=\"og:type\" content=\"article\" \/>\n<meta property=\"og:title\" content=\"52 Weeks of Socks - Vol II (En Anglais) - Along Avec Anna\" \/>\n<meta property=\"og:description\" content=\"Si vous avez aim\u00e9 le premier livre de chaussettes de Laine, vous adorerez celui-ci ! 52 Weeks of Socks, Vol. II II est un ouvrage plus color\u00e9 et encore plus polyvalent que son pr\u00e9d\u00e9cesseur. Il y en a pour tous les go\u00fbts : dentelle, c\u00e2bles, rayures, volants, couleurs, et m\u00eame une paire orn\u00e9e de perles !\" \/>\n<meta property=\"og:url\" content=\"https:\/\/www.alongavecanna.com\/fr\/produit\/52-weeks-of-socks-vol-2\/\" \/>\n<meta property=\"og:site_name\" content=\"Along Avec Anna\" \/>\n<meta property=\"article:publisher\" content=\"https:\/\/facebook.com\/alongavecanna\" \/>\n<meta property=\"article:modified_time\" content=\"2023-10-12T20:42:09+00:00\" \/>\n<meta property=\"og:image\" content=\"https:\/\/www.alongavecanna.com\/wp-content\/uploads\/2023\/05\/52WOS2_kansi_1080x1350_a8d119c4-f7da-415e-8b0c-3a7f3cc75747.jpg.webp\" \/>\n\t<meta property=\"og:image:width\" content=\"1080\" \/>\n\t<meta property=\"og:image:height\" content=\"1350\" \/>\n\t<meta property=\"og:image:type\" content=\"image\/webp\" \/>\n<meta name=\"twitter:card\" content=\"summary_large_image\" \/>\n<meta name=\"twitter:label1\" content=\"Dur\u00e9e de lecture estim\u00e9e\" \/>\n\t<meta name=\"twitter:data1\" content=\"1 minute\" \/>\n<script type=\"application\/ld+json\" class=\"yoast-schema-graph\">{\"@context\":\"https:\\\/\\\/schema.org\",\"@graph\":[{\"@type\":\"WebPage\",\"@id\":\"https:\\\/\\\/www.alongavecanna.com\\\/fr\\\/produit\\\/52-weeks-of-socks-vol-2\\\/\",\"url\":\"https:\\\/\\\/www.alongavecanna.com\\\/fr\\\/produit\\\/52-weeks-of-socks-vol-2\\\/\",\"name\":\"52 Weeks of Socks - Vol II (En Anglais) - Along Avec Anna\",\"isPartOf\":{\"@id\":\"https:\\\/\\\/www.alongavecanna.com\\\/fr\\\/#website\"},\"primaryImageOfPage\":{\"@id\":\"https:\\\/\\\/www.alongavecanna.com\\\/fr\\\/produit\\\/52-weeks-of-socks-vol-2\\\/#primaryimage\"},\"image\":{\"@id\":\"https:\\\/\\\/www.alongavecanna.com\\\/fr\\\/produit\\\/52-weeks-of-socks-vol-2\\\/#primaryimage\"},\"thumbnailUrl\":\"https:\\\/\\\/www.alongavecanna.com\\\/wp-content\\\/uploads\\\/2023\\\/05\\\/52WOS2_kansi_1080x1350_a8d119c4-f7da-415e-8b0c-3a7f3cc75747.jpg.webp\",\"datePublished\":\"2023-05-23T12:59:53+00:00\",\"dateModified\":\"2023-10-12T20:42:09+00:00\",\"breadcrumb\":{\"@id\":\"https:\\\/\\\/www.alongavecanna.com\\\/fr\\\/produit\\\/52-weeks-of-socks-vol-2\\\/#breadcrumb\"},\"inLanguage\":\"fr-FR\",\"potentialAction\":[{\"@type\":\"ReadAction\",\"target\":[\"https:\\\/\\\/www.alongavecanna.com\\\/fr\\\/produit\\\/52-weeks-of-socks-vol-2\\\/\"]}]},{\"@type\":\"ImageObject\",\"inLanguage\":\"fr-FR\",\"@id\":\"https:\\\/\\\/www.alongavecanna.com\\\/fr\\\/produit\\\/52-weeks-of-socks-vol-2\\\/#primaryimage\",\"url\":\"https:\\\/\\\/www.alongavecanna.com\\\/wp-content\\\/uploads\\\/2023\\\/05\\\/52WOS2_kansi_1080x1350_a8d119c4-f7da-415e-8b0c-3a7f3cc75747.jpg.webp\",\"contentUrl\":\"https:\\\/\\\/www.alongavecanna.com\\\/wp-content\\\/uploads\\\/2023\\\/05\\\/52WOS2_kansi_1080x1350_a8d119c4-f7da-415e-8b0c-3a7f3cc75747.jpg.webp\",\"width\":1080,\"height\":1350},{\"@type\":\"BreadcrumbList\",\"@id\":\"https:\\\/\\\/www.alongavecanna.com\\\/fr\\\/produit\\\/52-weeks-of-socks-vol-2\\\/#breadcrumb\",\"itemListElement\":[{\"@type\":\"ListItem\",\"position\":1,\"name\":\"Home\",\"item\":\"https:\\\/\\\/www.alongavecanna.com\\\/fr\\\/\"},{\"@type\":\"ListItem\",\"position\":2,\"name\":\"Produits\",\"item\":\"https:\\\/\\\/www.alongavecanna.com\\\/fr\\\/shop\\\/\"},{\"@type\":\"ListItem\",\"position\":3,\"name\":\"52 Weeks of Socks &#8211; Vol II (En Anglais)\"}]},{\"@type\":\"WebSite\",\"@id\":\"https:\\\/\\\/www.alongavecanna.com\\\/fr\\\/#website\",\"url\":\"https:\\\/\\\/www.alongavecanna.com\\\/fr\\\/\",\"name\":\"Along Avec Anna\",\"description\":\"Ethical yarn &amp; timeless knitting patterns\",\"publisher\":{\"@id\":\"https:\\\/\\\/www.alongavecanna.com\\\/fr\\\/#organization\"},\"potentialAction\":[{\"@type\":\"SearchAction\",\"target\":{\"@type\":\"EntryPoint\",\"urlTemplate\":\"https:\\\/\\\/www.alongavecanna.com\\\/fr\\\/?s={search_term_string}\"},\"query-input\":{\"@type\":\"PropertyValueSpecification\",\"valueRequired\":true,\"valueName\":\"search_term_string\"}}],\"inLanguage\":\"fr-FR\"},{\"@type\":\"Organization\",\"@id\":\"https:\\\/\\\/www.alongavecanna.com\\\/fr\\\/#organization\",\"name\":\"Along Avec Anna\",\"url\":\"https:\\\/\\\/www.alongavecanna.com\\\/fr\\\/\",\"logo\":{\"@type\":\"ImageObject\",\"inLanguage\":\"fr-FR\",\"@id\":\"https:\\\/\\\/www.alongavecanna.com\\\/fr\\\/#\\\/schema\\\/logo\\\/image\\\/\",\"url\":\"https:\\\/\\\/www.alongavecanna.com\\\/wp-content\\\/uploads\\\/2023\\\/01\\\/logo-along-avec-anna.png\",\"contentUrl\":\"https:\\\/\\\/www.alongavecanna.com\\\/wp-content\\\/uploads\\\/2023\\\/01\\\/logo-along-avec-anna.png\",\"width\":1728,\"height\":627,\"caption\":\"Along Avec Anna\"},\"image\":{\"@id\":\"https:\\\/\\\/www.alongavecanna.com\\\/fr\\\/#\\\/schema\\\/logo\\\/image\\\/\"},\"sameAs\":[\"https:\\\/\\\/facebook.com\\\/alongavecanna\",\"https:\\\/\\\/www.instagram.com\\\/along.avec.anna\\\/\"]}]}<\/script>\n<!-- \/ Yoast SEO plugin. -->","yoast_head_json":{"title":"52 Weeks of Socks - Vol II (En Anglais) - Along Avec Anna","robots":{"index":"index","follow":"follow","max-snippet":"max-snippet:-1","max-image-preview":"max-image-preview:large","max-video-preview":"max-video-preview:-1"},"canonical":"https:\/\/www.alongavecanna.com\/fr\/produit\/52-weeks-of-socks-vol-2\/","og_locale":"fr_FR","og_type":"article","og_title":"52 Weeks of Socks - Vol II (En Anglais) - Along Avec Anna","og_description":"Si vous avez aim\u00e9 le premier livre de chaussettes de Laine, vous adorerez celui-ci ! 52 Weeks of Socks, Vol. II II est un ouvrage plus color\u00e9 et encore plus polyvalent que son pr\u00e9d\u00e9cesseur. Il y en a pour tous les go\u00fbts : dentelle, c\u00e2bles, rayures, volants, couleurs, et m\u00eame une paire orn\u00e9e de perles !","og_url":"https:\/\/www.alongavecanna.com\/fr\/produit\/52-weeks-of-socks-vol-2\/","og_site_name":"Along Avec Anna","article_publisher":"https:\/\/facebook.com\/alongavecanna","article_modified_time":"2023-10-12T20:42:09+00:00","og_image":[{"width":1080,"height":1350,"url":"https:\/\/www.alongavecanna.com\/wp-content\/uploads\/2023\/05\/52WOS2_kansi_1080x1350_a8d119c4-f7da-415e-8b0c-3a7f3cc75747.jpg.webp","type":"image\/webp"}],"twitter_card":"summary_large_image","twitter_misc":{"Dur\u00e9e de lecture estim\u00e9e":"1 minute"},"schema":{"@context":"https:\/\/schema.org","@graph":[{"@type":"WebPage","@id":"https:\/\/www.alongavecanna.com\/fr\/produit\/52-weeks-of-socks-vol-2\/","url":"https:\/\/www.alongavecanna.com\/fr\/produit\/52-weeks-of-socks-vol-2\/","name":"52 Weeks of Socks - Vol II (En Anglais) - Along Avec Anna","isPartOf":{"@id":"https:\/\/www.alongavecanna.com\/fr\/#website"},"primaryImageOfPage":{"@id":"https:\/\/www.alongavecanna.com\/fr\/produit\/52-weeks-of-socks-vol-2\/#primaryimage"},"image":{"@id":"https:\/\/www.alongavecanna.com\/fr\/produit\/52-weeks-of-socks-vol-2\/#primaryimage"},"thumbnailUrl":"https:\/\/www.alongavecanna.com\/wp-content\/uploads\/2023\/05\/52WOS2_kansi_1080x1350_a8d119c4-f7da-415e-8b0c-3a7f3cc75747.jpg.webp","datePublished":"2023-05-23T12:59:53+00:00","dateModified":"2023-10-12T20:42:09+00:00","breadcrumb":{"@id":"https:\/\/www.alongavecanna.com\/fr\/produit\/52-weeks-of-socks-vol-2\/#breadcrumb"},"inLanguage":"fr-FR","potentialAction":[{"@type":"ReadAction","target":["https:\/\/www.alongavecanna.com\/fr\/produit\/52-weeks-of-socks-vol-2\/"]}]},{"@type":"ImageObject","inLanguage":"fr-FR","@id":"https:\/\/www.alongavecanna.com\/fr\/produit\/52-weeks-of-socks-vol-2\/#primaryimage","url":"https:\/\/www.alongavecanna.com\/wp-content\/uploads\/2023\/05\/52WOS2_kansi_1080x1350_a8d119c4-f7da-415e-8b0c-3a7f3cc75747.jpg.webp","contentUrl":"https:\/\/www.alongavecanna.com\/wp-content\/uploads\/2023\/05\/52WOS2_kansi_1080x1350_a8d119c4-f7da-415e-8b0c-3a7f3cc75747.jpg.webp","width":1080,"height":1350},{"@type":"BreadcrumbList","@id":"https:\/\/www.alongavecanna.com\/fr\/produit\/52-weeks-of-socks-vol-2\/#breadcrumb","itemListElement":[{"@type":"ListItem","position":1,"name":"Home","item":"https:\/\/www.alongavecanna.com\/fr\/"},{"@type":"ListItem","position":2,"name":"Produits","item":"https:\/\/www.alongavecanna.com\/fr\/shop\/"},{"@type":"ListItem","position":3,"name":"52 Weeks of Socks &#8211; Vol II (En Anglais)"}]},{"@type":"WebSite","@id":"https:\/\/www.alongavecanna.com\/fr\/#website","url":"https:\/\/www.alongavecanna.com\/fr\/","name":"Along Avec Anna","description":"Ethical yarn &amp; timeless knitting patterns","publisher":{"@id":"https:\/\/www.alongavecanna.com\/fr\/#organization"},"potentialAction":[{"@type":"SearchAction","target":{"@type":"EntryPoint","urlTemplate":"https:\/\/www.alongavecanna.com\/fr\/?s={search_term_string}"},"query-input":{"@type":"PropertyValueSpecification","valueRequired":true,"valueName":"search_term_string"}}],"inLanguage":"fr-FR"},{"@type":"Organization","@id":"https:\/\/www.alongavecanna.com\/fr\/#organization","name":"Along Avec Anna","url":"https:\/\/www.alongavecanna.com\/fr\/","logo":{"@type":"ImageObject","inLanguage":"fr-FR","@id":"https:\/\/www.alongavecanna.com\/fr\/#\/schema\/logo\/image\/","url":"https:\/\/www.alongavecanna.com\/wp-content\/uploads\/2023\/01\/logo-along-avec-anna.png","contentUrl":"https:\/\/www.alongavecanna.com\/wp-content\/uploads\/2023\/01\/logo-along-avec-anna.png","width":1728,"height":627,"caption":"Along Avec Anna"},"image":{"@id":"https:\/\/www.alongavecanna.com\/fr\/#\/schema\/logo\/image\/"},"sameAs":["https:\/\/facebook.com\/alongavecanna","https:\/\/www.instagram.com\/along.avec.anna\/"]}]}},"_links":{"self":[{"href":"https:\/\/www.alongavecanna.com\/fr\/wp-json\/wp\/v2\/product\/57638","targetHints":{"allow":["GET"]}}],"collection":[{"href":"https:\/\/www.alongavecanna.com\/fr\/wp-json\/wp\/v2\/product"}],"about":[{"href":"https:\/\/www.alongavecanna.com\/fr\/wp-json\/wp\/v2\/types\/product"}],"replies":[{"embeddable":true,"href":"https:\/\/www.alongavecanna.com\/fr\/wp-json\/wp\/v2\/comments?post=57638"}],"version-history":[{"count":0,"href":"https:\/\/www.alongavecanna.com\/fr\/wp-json\/wp\/v2\/product\/57638\/revisions"}],"wp:featuredmedia":[{"embeddable":true,"href":"https:\/\/www.alongavecanna.com\/fr\/wp-json\/wp\/v2\/media\/57636"}],"wp:attachment":[{"href":"https:\/\/www.alongavecanna.com\/fr\/wp-json\/wp\/v2\/media?parent=57638"}],"wp:term":[{"taxonomy":"product_brand","embeddable":true,"href":"https:\/\/www.alongavecanna.com\/fr\/wp-json\/wp\/v2\/product_brand?post=57638"},{"taxonomy":"product_cat","embeddable":true,"href":"https:\/\/www.alongavecanna.com\/fr\/wp-json\/wp\/v2\/product_cat?post=57638"},{"taxonomy":"product_tag","embeddable":true,"href":"https:\/\/www.alongavecanna.com\/fr\/wp-json\/wp\/v2\/product_tag?post=57638"}],"curies":[{"name":"wp","href":"https:\/\/api.w.org\/{rel}","templated":true}]}}