{"id":57600,"date":"2023-05-23T12:51:02","date_gmt":"2023-05-23T12:51:02","guid":{"rendered":"https:\/\/www.alongavecanna.com\/?post_type=product&#038;p=57600"},"modified":"2023-06-29T22:55:29","modified_gmt":"2023-06-29T22:55:29","slug":"52-weeks-of-socks","status":"publish","type":"product","link":"https:\/\/www.alongavecanna.com\/fr\/produit\/52-weeks-of-socks\/","title":{"rendered":"52 Weeks of Socks"},"content":{"rendered":"<p><em>52 Weeks of Socks<\/em> est le premier livre reli\u00e9 de Laine Publishing. Cette publication contient 52 mod\u00e8les de tricot de 46 cr\u00e9ateurs et constitue une v\u00e9ritable encyclop\u00e9die de la chaussette. Les patrons sont magnifiquement photographi\u00e9s et pr\u00e9sent\u00e9s sur 256 pages dans le style qui a fait la r\u00e9putation de Laine.<\/p>\n<p>Le livre contient des mod\u00e8les des cr\u00e9atrices suivantes : Heidi Alander, Fiona Alice, Gina Baglia, Ainur Berkimbayeva, Katrine Birkenwasser, Karen Borrel, Sachiko Burgin, Diana Clinch, Verena Cohrs, Valentina Consalvi, Rachel Coopey, Nele Druyts, Marion Em, Lindsey Fowler, Fabienne Gassmann, Lucinda Guy, Dawn Henderson, Anja Heumann, Tiina Huhtaniemi, Caitlin Hunter, Mieka John, Amanda Jones, Jos\u00e9phine &amp; les graines, Pauliina Karru, Isabell Kraemer, Tatiana Kulikova, Joji Locatelli, Erika L\u00f3pez, Andrea Mowry, Paula Pereira, Rosa Pomar, Elena Potemkina, Amelia Putri, Emily Joy Rickard, Mona Schmidt, Nataliya Sinelshchikova, Marceline Smith, Minna Sorvala, Helen Stewart, Charlotte Stone, Becky S\u00f8rensen, Niina Tanskanen, Natalia Vasilieva, Kristine Vejar, Kajsa Vuorela et Mariya Zyaparova.<\/p>\n","protected":false},"excerpt":{"rendered":"<div class=\"product__text\">\n<div class=\"product__text\">\n<p><span class=\"metafield-multi_line_text_field\">52 Weeks of Socks est le premier livre reli\u00e9 de Laine Publishing. Cette publication contient 52 mod\u00e8les de tricot de 46 cr\u00e9ateurs et constitue une v\u00e9ritable encyclop\u00e9die de la chaussette. Les patrons sont magnifiquement photographi\u00e9s et pr\u00e9sent\u00e9s sur 256 pages dans le style qui a fait la r\u00e9putation de Laine.<\/span><\/p>\n<\/div>\n<div id=\"price-template--15543174430878__main\" class=\"no-js-hidden\" role=\"status\">\n<div class=\"price price--large price--show-badge\">\n<div class=\"price__container\">\n<div class=\"price__regular\"><\/div>\n<\/div>\n<\/div>\n<\/div>\n<\/div>\n","protected":false},"featured_media":57618,"comment_status":"open","ping_status":"closed","template":"","meta":[],"product_brand":[],"product_cat":[401],"product_tag":[],"class_list":{"0":"post-57600","1":"product","2":"type-product","3":"status-publish","4":"has-post-thumbnail","6":"product_cat-livres","7":"product_shipping_class-small-parcel-livre-fr","9":"first","10":"instock","11":"taxable","12":"shipping-taxable","13":"purchasable","14":"product-type-simple"},"yoast_head":"<!-- This site is optimized with the Yoast SEO plugin v27.4 - https:\/\/yoast.com\/product\/yoast-seo-wordpress\/ -->\n<title>52 Weeks of Socks - Along Avec Anna<\/title>\n<meta name=\"robots\" content=\"index, follow, max-snippet:-1, max-image-preview:large, max-video-preview:-1\" \/>\n<link rel=\"canonical\" href=\"https:\/\/www.alongavecanna.com\/fr\/produit\/52-weeks-of-socks\/\" \/>\n<meta property=\"og:locale\" content=\"fr_FR\" \/>\n<meta property=\"og:type\" content=\"article\" \/>\n<meta property=\"og:title\" content=\"52 Weeks of Socks - Along Avec Anna\" \/>\n<meta property=\"og:description\" content=\"52 Weeks of Socks est le premier livre reli\u00e9 de Laine Publishing. Cette publication contient 52 mod\u00e8les de tricot de 46 cr\u00e9ateurs et constitue une v\u00e9ritable encyclop\u00e9die de la chaussette. Les patrons sont magnifiquement photographi\u00e9s et pr\u00e9sent\u00e9s sur 256 pages dans le style qui a fait la r\u00e9putation de Laine.\" \/>\n<meta property=\"og:url\" content=\"https:\/\/www.alongavecanna.com\/fr\/produit\/52-weeks-of-socks\/\" \/>\n<meta property=\"og:site_name\" content=\"Along Avec Anna\" \/>\n<meta property=\"article:publisher\" content=\"https:\/\/facebook.com\/alongavecanna\" \/>\n<meta property=\"article:modified_time\" content=\"2023-06-29T22:55:29+00:00\" \/>\n<meta property=\"og:image\" content=\"https:\/\/www.alongavecanna.com\/wp-content\/uploads\/2023\/05\/52WeeksofSocks_kansi_uusi_1080x1350_6c97bdb2-dafd-4c6e-96f7-fc29b9de25e9.jpg\" \/>\n\t<meta property=\"og:image:width\" content=\"1080\" \/>\n\t<meta property=\"og:image:height\" content=\"1350\" \/>\n\t<meta property=\"og:image:type\" content=\"image\/jpeg\" \/>\n<meta name=\"twitter:card\" content=\"summary_large_image\" \/>\n<meta name=\"twitter:label1\" content=\"Dur\u00e9e de lecture estim\u00e9e\" \/>\n\t<meta name=\"twitter:data1\" content=\"1 minute\" \/>\n<script type=\"application\/ld+json\" class=\"yoast-schema-graph\">{\"@context\":\"https:\\\/\\\/schema.org\",\"@graph\":[{\"@type\":\"WebPage\",\"@id\":\"https:\\\/\\\/www.alongavecanna.com\\\/fr\\\/produit\\\/52-weeks-of-socks\\\/\",\"url\":\"https:\\\/\\\/www.alongavecanna.com\\\/fr\\\/produit\\\/52-weeks-of-socks\\\/\",\"name\":\"52 Weeks of Socks - Along Avec Anna\",\"isPartOf\":{\"@id\":\"https:\\\/\\\/www.alongavecanna.com\\\/fr\\\/#website\"},\"primaryImageOfPage\":{\"@id\":\"https:\\\/\\\/www.alongavecanna.com\\\/fr\\\/produit\\\/52-weeks-of-socks\\\/#primaryimage\"},\"image\":{\"@id\":\"https:\\\/\\\/www.alongavecanna.com\\\/fr\\\/produit\\\/52-weeks-of-socks\\\/#primaryimage\"},\"thumbnailUrl\":\"https:\\\/\\\/www.alongavecanna.com\\\/wp-content\\\/uploads\\\/2023\\\/05\\\/52WeeksofSocks_kansi_uusi_1080x1350_6c97bdb2-dafd-4c6e-96f7-fc29b9de25e9.jpg\",\"datePublished\":\"2023-05-23T12:51:02+00:00\",\"dateModified\":\"2023-06-29T22:55:29+00:00\",\"breadcrumb\":{\"@id\":\"https:\\\/\\\/www.alongavecanna.com\\\/fr\\\/produit\\\/52-weeks-of-socks\\\/#breadcrumb\"},\"inLanguage\":\"fr-FR\",\"potentialAction\":[{\"@type\":\"ReadAction\",\"target\":[\"https:\\\/\\\/www.alongavecanna.com\\\/fr\\\/produit\\\/52-weeks-of-socks\\\/\"]}]},{\"@type\":\"ImageObject\",\"inLanguage\":\"fr-FR\",\"@id\":\"https:\\\/\\\/www.alongavecanna.com\\\/fr\\\/produit\\\/52-weeks-of-socks\\\/#primaryimage\",\"url\":\"https:\\\/\\\/www.alongavecanna.com\\\/wp-content\\\/uploads\\\/2023\\\/05\\\/52WeeksofSocks_kansi_uusi_1080x1350_6c97bdb2-dafd-4c6e-96f7-fc29b9de25e9.jpg\",\"contentUrl\":\"https:\\\/\\\/www.alongavecanna.com\\\/wp-content\\\/uploads\\\/2023\\\/05\\\/52WeeksofSocks_kansi_uusi_1080x1350_6c97bdb2-dafd-4c6e-96f7-fc29b9de25e9.jpg\",\"width\":1080,\"height\":1350},{\"@type\":\"BreadcrumbList\",\"@id\":\"https:\\\/\\\/www.alongavecanna.com\\\/fr\\\/produit\\\/52-weeks-of-socks\\\/#breadcrumb\",\"itemListElement\":[{\"@type\":\"ListItem\",\"position\":1,\"name\":\"Home\",\"item\":\"https:\\\/\\\/www.alongavecanna.com\\\/fr\\\/\"},{\"@type\":\"ListItem\",\"position\":2,\"name\":\"Produits\",\"item\":\"https:\\\/\\\/www.alongavecanna.com\\\/fr\\\/shop\\\/\"},{\"@type\":\"ListItem\",\"position\":3,\"name\":\"52 Weeks of Socks\"}]},{\"@type\":\"WebSite\",\"@id\":\"https:\\\/\\\/www.alongavecanna.com\\\/fr\\\/#website\",\"url\":\"https:\\\/\\\/www.alongavecanna.com\\\/fr\\\/\",\"name\":\"Along Avec Anna\",\"description\":\"Ethical yarn &amp; timeless knitting patterns\",\"publisher\":{\"@id\":\"https:\\\/\\\/www.alongavecanna.com\\\/fr\\\/#organization\"},\"potentialAction\":[{\"@type\":\"SearchAction\",\"target\":{\"@type\":\"EntryPoint\",\"urlTemplate\":\"https:\\\/\\\/www.alongavecanna.com\\\/fr\\\/?s={search_term_string}\"},\"query-input\":{\"@type\":\"PropertyValueSpecification\",\"valueRequired\":true,\"valueName\":\"search_term_string\"}}],\"inLanguage\":\"fr-FR\"},{\"@type\":\"Organization\",\"@id\":\"https:\\\/\\\/www.alongavecanna.com\\\/fr\\\/#organization\",\"name\":\"Along Avec Anna\",\"url\":\"https:\\\/\\\/www.alongavecanna.com\\\/fr\\\/\",\"logo\":{\"@type\":\"ImageObject\",\"inLanguage\":\"fr-FR\",\"@id\":\"https:\\\/\\\/www.alongavecanna.com\\\/fr\\\/#\\\/schema\\\/logo\\\/image\\\/\",\"url\":\"https:\\\/\\\/www.alongavecanna.com\\\/wp-content\\\/uploads\\\/2023\\\/01\\\/logo-along-avec-anna.png\",\"contentUrl\":\"https:\\\/\\\/www.alongavecanna.com\\\/wp-content\\\/uploads\\\/2023\\\/01\\\/logo-along-avec-anna.png\",\"width\":1728,\"height\":627,\"caption\":\"Along Avec Anna\"},\"image\":{\"@id\":\"https:\\\/\\\/www.alongavecanna.com\\\/fr\\\/#\\\/schema\\\/logo\\\/image\\\/\"},\"sameAs\":[\"https:\\\/\\\/facebook.com\\\/alongavecanna\",\"https:\\\/\\\/www.instagram.com\\\/along.avec.anna\\\/\"]}]}<\/script>\n<!-- \/ Yoast SEO plugin. -->","yoast_head_json":{"title":"52 Weeks of Socks - Along Avec Anna","robots":{"index":"index","follow":"follow","max-snippet":"max-snippet:-1","max-image-preview":"max-image-preview:large","max-video-preview":"max-video-preview:-1"},"canonical":"https:\/\/www.alongavecanna.com\/fr\/produit\/52-weeks-of-socks\/","og_locale":"fr_FR","og_type":"article","og_title":"52 Weeks of Socks - Along Avec Anna","og_description":"52 Weeks of Socks est le premier livre reli\u00e9 de Laine Publishing. Cette publication contient 52 mod\u00e8les de tricot de 46 cr\u00e9ateurs et constitue une v\u00e9ritable encyclop\u00e9die de la chaussette. Les patrons sont magnifiquement photographi\u00e9s et pr\u00e9sent\u00e9s sur 256 pages dans le style qui a fait la r\u00e9putation de Laine.","og_url":"https:\/\/www.alongavecanna.com\/fr\/produit\/52-weeks-of-socks\/","og_site_name":"Along Avec Anna","article_publisher":"https:\/\/facebook.com\/alongavecanna","article_modified_time":"2023-06-29T22:55:29+00:00","og_image":[{"width":1080,"height":1350,"url":"https:\/\/www.alongavecanna.com\/wp-content\/uploads\/2023\/05\/52WeeksofSocks_kansi_uusi_1080x1350_6c97bdb2-dafd-4c6e-96f7-fc29b9de25e9.jpg","type":"image\/jpeg"}],"twitter_card":"summary_large_image","twitter_misc":{"Dur\u00e9e de lecture estim\u00e9e":"1 minute"},"schema":{"@context":"https:\/\/schema.org","@graph":[{"@type":"WebPage","@id":"https:\/\/www.alongavecanna.com\/fr\/produit\/52-weeks-of-socks\/","url":"https:\/\/www.alongavecanna.com\/fr\/produit\/52-weeks-of-socks\/","name":"52 Weeks of Socks - Along Avec Anna","isPartOf":{"@id":"https:\/\/www.alongavecanna.com\/fr\/#website"},"primaryImageOfPage":{"@id":"https:\/\/www.alongavecanna.com\/fr\/produit\/52-weeks-of-socks\/#primaryimage"},"image":{"@id":"https:\/\/www.alongavecanna.com\/fr\/produit\/52-weeks-of-socks\/#primaryimage"},"thumbnailUrl":"https:\/\/www.alongavecanna.com\/wp-content\/uploads\/2023\/05\/52WeeksofSocks_kansi_uusi_1080x1350_6c97bdb2-dafd-4c6e-96f7-fc29b9de25e9.jpg","datePublished":"2023-05-23T12:51:02+00:00","dateModified":"2023-06-29T22:55:29+00:00","breadcrumb":{"@id":"https:\/\/www.alongavecanna.com\/fr\/produit\/52-weeks-of-socks\/#breadcrumb"},"inLanguage":"fr-FR","potentialAction":[{"@type":"ReadAction","target":["https:\/\/www.alongavecanna.com\/fr\/produit\/52-weeks-of-socks\/"]}]},{"@type":"ImageObject","inLanguage":"fr-FR","@id":"https:\/\/www.alongavecanna.com\/fr\/produit\/52-weeks-of-socks\/#primaryimage","url":"https:\/\/www.alongavecanna.com\/wp-content\/uploads\/2023\/05\/52WeeksofSocks_kansi_uusi_1080x1350_6c97bdb2-dafd-4c6e-96f7-fc29b9de25e9.jpg","contentUrl":"https:\/\/www.alongavecanna.com\/wp-content\/uploads\/2023\/05\/52WeeksofSocks_kansi_uusi_1080x1350_6c97bdb2-dafd-4c6e-96f7-fc29b9de25e9.jpg","width":1080,"height":1350},{"@type":"BreadcrumbList","@id":"https:\/\/www.alongavecanna.com\/fr\/produit\/52-weeks-of-socks\/#breadcrumb","itemListElement":[{"@type":"ListItem","position":1,"name":"Home","item":"https:\/\/www.alongavecanna.com\/fr\/"},{"@type":"ListItem","position":2,"name":"Produits","item":"https:\/\/www.alongavecanna.com\/fr\/shop\/"},{"@type":"ListItem","position":3,"name":"52 Weeks of Socks"}]},{"@type":"WebSite","@id":"https:\/\/www.alongavecanna.com\/fr\/#website","url":"https:\/\/www.alongavecanna.com\/fr\/","name":"Along Avec Anna","description":"Ethical yarn &amp; timeless knitting patterns","publisher":{"@id":"https:\/\/www.alongavecanna.com\/fr\/#organization"},"potentialAction":[{"@type":"SearchAction","target":{"@type":"EntryPoint","urlTemplate":"https:\/\/www.alongavecanna.com\/fr\/?s={search_term_string}"},"query-input":{"@type":"PropertyValueSpecification","valueRequired":true,"valueName":"search_term_string"}}],"inLanguage":"fr-FR"},{"@type":"Organization","@id":"https:\/\/www.alongavecanna.com\/fr\/#organization","name":"Along Avec Anna","url":"https:\/\/www.alongavecanna.com\/fr\/","logo":{"@type":"ImageObject","inLanguage":"fr-FR","@id":"https:\/\/www.alongavecanna.com\/fr\/#\/schema\/logo\/image\/","url":"https:\/\/www.alongavecanna.com\/wp-content\/uploads\/2023\/01\/logo-along-avec-anna.png","contentUrl":"https:\/\/www.alongavecanna.com\/wp-content\/uploads\/2023\/01\/logo-along-avec-anna.png","width":1728,"height":627,"caption":"Along Avec Anna"},"image":{"@id":"https:\/\/www.alongavecanna.com\/fr\/#\/schema\/logo\/image\/"},"sameAs":["https:\/\/facebook.com\/alongavecanna","https:\/\/www.instagram.com\/along.avec.anna\/"]}]}},"_links":{"self":[{"href":"https:\/\/www.alongavecanna.com\/fr\/wp-json\/wp\/v2\/product\/57600","targetHints":{"allow":["GET"]}}],"collection":[{"href":"https:\/\/www.alongavecanna.com\/fr\/wp-json\/wp\/v2\/product"}],"about":[{"href":"https:\/\/www.alongavecanna.com\/fr\/wp-json\/wp\/v2\/types\/product"}],"replies":[{"embeddable":true,"href":"https:\/\/www.alongavecanna.com\/fr\/wp-json\/wp\/v2\/comments?post=57600"}],"version-history":[{"count":0,"href":"https:\/\/www.alongavecanna.com\/fr\/wp-json\/wp\/v2\/product\/57600\/revisions"}],"wp:featuredmedia":[{"embeddable":true,"href":"https:\/\/www.alongavecanna.com\/fr\/wp-json\/wp\/v2\/media\/57618"}],"wp:attachment":[{"href":"https:\/\/www.alongavecanna.com\/fr\/wp-json\/wp\/v2\/media?parent=57600"}],"wp:term":[{"taxonomy":"product_brand","embeddable":true,"href":"https:\/\/www.alongavecanna.com\/fr\/wp-json\/wp\/v2\/product_brand?post=57600"},{"taxonomy":"product_cat","embeddable":true,"href":"https:\/\/www.alongavecanna.com\/fr\/wp-json\/wp\/v2\/product_cat?post=57600"},{"taxonomy":"product_tag","embeddable":true,"href":"https:\/\/www.alongavecanna.com\/fr\/wp-json\/wp\/v2\/product_tag?post=57600"}],"curies":[{"name":"wp","href":"https:\/\/api.w.org\/{rel}","templated":true}]}}