{"id":57580,"date":"2023-05-23T12:41:12","date_gmt":"2023-05-23T12:41:12","guid":{"rendered":"https:\/\/www.alongavecanna.com\/?post_type=product&#038;p=57580"},"modified":"2023-06-29T22:56:28","modified_gmt":"2023-06-29T22:56:28","slug":"mouche__amis","status":"publish","type":"product","link":"https:\/\/www.alongavecanna.com\/fr\/produit\/mouche__amis\/","title":{"rendered":"Mouche &amp; Friends"},"content":{"rendered":"<p><em>Mouche &amp; Friends: Seamless Toys to Knit and Love<\/em> est le premier livre de <strong>Cinthia Vallet <\/strong>qui comprend les patrons de 12 animaux-jouets tricot\u00e9s, ainsi que leurs v\u00eatements et accessoires. Cinthia donne vie \u00e0 ses personnages avec de petites histoires, cr\u00e9ant ainsi une charmante combinaison entre un livre de tricot et un livre d&rsquo;histoires pour enfants. Viens rencontrer Mouche l&rsquo;ours et ses amis : Henri l&rsquo;orang-outan, Agi le mouton, Billie le raton laveur, et bien d&rsquo;autres !<\/p>\n<p>Le processus de fabrication des jouets de Cinthia est unique et totalement transparent, ce qui garantit une exp\u00e9rience de tricotage fluide. Les animaux sont tricot\u00e9s avec des fibres naturelles et travaill\u00e9s en rond, en commen\u00e7ant par le nez et en tricotant jusqu&rsquo;aux pieds &#8211; faire grandir un jouet plut\u00f4t que de le construire. Il est fascinant de voir comment ces petites cr\u00e9atures prennent vie en tricotant.<\/p>\n<p>Ce livre s&rsquo;adresse aux tricoteuses de toutes sortes. Cinthia accompagne ses lecteurs pas \u00e0 pas dans les techniques gr\u00e2ce \u00e0 des tutoriels clairs et illustr\u00e9s, ce qui rend le tricot facile et agr\u00e9able. Elle partage \u00e9galement ses conseils sur le travail des petites circonf\u00e9rences, le choix des fils et la pr\u00e9paration d&rsquo;une bo\u00eete \u00e0 outils pour la fabrication de jouets.<\/p>\n<p>Disponible en anglais, couverture rigide.<\/p>\n","protected":false},"excerpt":{"rendered":"<div class=\"product__text\">\n<p style=\"text-align: justify;\">Mouche &amp; Friends : Seamless Toys to Knit and Love est une charmante collection de 12 animaux-jouets tricot\u00e9s, ainsi que leurs v\u00eatements et accessoires. Le processus de fabrication de jouets de Cinthia Vallet est unique et totalement transparent, et elle vous guide pas \u00e0 pas \u00e0 travers les techniques.<\/p>\n<\/div>\n","protected":false},"featured_media":57598,"comment_status":"open","ping_status":"closed","template":"","meta":[],"product_brand":[],"product_cat":[401],"product_tag":[],"class_list":{"0":"post-57580","1":"product","2":"type-product","3":"status-publish","4":"has-post-thumbnail","6":"product_cat-livres","7":"product_shipping_class-livre-large-letter-fr","9":"first","10":"outofstock","11":"taxable","12":"shipping-taxable","13":"purchasable","14":"product-type-simple"},"yoast_head":"<!-- This site is optimized with the Yoast SEO plugin v27.4 - https:\/\/yoast.com\/product\/yoast-seo-wordpress\/ -->\n<title>Mouche &amp; Friends - Along Avec Anna<\/title>\n<meta name=\"robots\" content=\"index, follow, max-snippet:-1, max-image-preview:large, max-video-preview:-1\" \/>\n<link rel=\"canonical\" href=\"https:\/\/www.alongavecanna.com\/fr\/produit\/mouche__amis\/\" \/>\n<meta property=\"og:locale\" content=\"fr_FR\" \/>\n<meta property=\"og:type\" content=\"article\" \/>\n<meta property=\"og:title\" content=\"Mouche &amp; Friends - Along Avec Anna\" \/>\n<meta property=\"og:description\" content=\"Mouche &amp; Friends : Seamless Toys to Knit and Love est une charmante collection de 12 animaux-jouets tricot\u00e9s, ainsi que leurs v\u00eatements et accessoires. Le processus de fabrication de jouets de Cinthia Vallet est unique et totalement transparent, et elle vous guide pas \u00e0 pas \u00e0 travers les techniques.\" \/>\n<meta property=\"og:url\" content=\"https:\/\/www.alongavecanna.com\/fr\/produit\/mouche__amis\/\" \/>\n<meta property=\"og:site_name\" content=\"Along Avec Anna\" \/>\n<meta property=\"article:publisher\" content=\"https:\/\/facebook.com\/alongavecanna\" \/>\n<meta property=\"article:modified_time\" content=\"2023-06-29T22:56:28+00:00\" \/>\n<meta property=\"og:image\" content=\"https:\/\/www.alongavecanna.com\/wp-content\/uploads\/2023\/05\/Mouche_kansi_ENG_1080x1350_985deb24-706c-449b-9141-5c58d6726ada.jpg.webp\" \/>\n\t<meta property=\"og:image:width\" content=\"1080\" \/>\n\t<meta property=\"og:image:height\" content=\"1350\" \/>\n\t<meta property=\"og:image:type\" content=\"image\/webp\" \/>\n<meta name=\"twitter:card\" content=\"summary_large_image\" \/>\n<meta name=\"twitter:label1\" content=\"Dur\u00e9e de lecture estim\u00e9e\" \/>\n\t<meta name=\"twitter:data1\" content=\"1 minute\" \/>\n<script type=\"application\/ld+json\" class=\"yoast-schema-graph\">{\"@context\":\"https:\\\/\\\/schema.org\",\"@graph\":[{\"@type\":\"WebPage\",\"@id\":\"https:\\\/\\\/www.alongavecanna.com\\\/fr\\\/produit\\\/mouche__amis\\\/\",\"url\":\"https:\\\/\\\/www.alongavecanna.com\\\/fr\\\/produit\\\/mouche__amis\\\/\",\"name\":\"Mouche &amp; Friends - Along Avec Anna\",\"isPartOf\":{\"@id\":\"https:\\\/\\\/www.alongavecanna.com\\\/fr\\\/#website\"},\"primaryImageOfPage\":{\"@id\":\"https:\\\/\\\/www.alongavecanna.com\\\/fr\\\/produit\\\/mouche__amis\\\/#primaryimage\"},\"image\":{\"@id\":\"https:\\\/\\\/www.alongavecanna.com\\\/fr\\\/produit\\\/mouche__amis\\\/#primaryimage\"},\"thumbnailUrl\":\"https:\\\/\\\/www.alongavecanna.com\\\/wp-content\\\/uploads\\\/2023\\\/05\\\/Mouche_kansi_ENG_1080x1350_985deb24-706c-449b-9141-5c58d6726ada.jpg.webp\",\"datePublished\":\"2023-05-23T12:41:12+00:00\",\"dateModified\":\"2023-06-29T22:56:28+00:00\",\"breadcrumb\":{\"@id\":\"https:\\\/\\\/www.alongavecanna.com\\\/fr\\\/produit\\\/mouche__amis\\\/#breadcrumb\"},\"inLanguage\":\"fr-FR\",\"potentialAction\":[{\"@type\":\"ReadAction\",\"target\":[\"https:\\\/\\\/www.alongavecanna.com\\\/fr\\\/produit\\\/mouche__amis\\\/\"]}]},{\"@type\":\"ImageObject\",\"inLanguage\":\"fr-FR\",\"@id\":\"https:\\\/\\\/www.alongavecanna.com\\\/fr\\\/produit\\\/mouche__amis\\\/#primaryimage\",\"url\":\"https:\\\/\\\/www.alongavecanna.com\\\/wp-content\\\/uploads\\\/2023\\\/05\\\/Mouche_kansi_ENG_1080x1350_985deb24-706c-449b-9141-5c58d6726ada.jpg.webp\",\"contentUrl\":\"https:\\\/\\\/www.alongavecanna.com\\\/wp-content\\\/uploads\\\/2023\\\/05\\\/Mouche_kansi_ENG_1080x1350_985deb24-706c-449b-9141-5c58d6726ada.jpg.webp\",\"width\":1080,\"height\":1350},{\"@type\":\"BreadcrumbList\",\"@id\":\"https:\\\/\\\/www.alongavecanna.com\\\/fr\\\/produit\\\/mouche__amis\\\/#breadcrumb\",\"itemListElement\":[{\"@type\":\"ListItem\",\"position\":1,\"name\":\"Home\",\"item\":\"https:\\\/\\\/www.alongavecanna.com\\\/fr\\\/\"},{\"@type\":\"ListItem\",\"position\":2,\"name\":\"Produits\",\"item\":\"https:\\\/\\\/www.alongavecanna.com\\\/fr\\\/shop\\\/\"},{\"@type\":\"ListItem\",\"position\":3,\"name\":\"Mouche &amp; Friends\"}]},{\"@type\":\"WebSite\",\"@id\":\"https:\\\/\\\/www.alongavecanna.com\\\/fr\\\/#website\",\"url\":\"https:\\\/\\\/www.alongavecanna.com\\\/fr\\\/\",\"name\":\"Along Avec Anna\",\"description\":\"Ethical yarn &amp; timeless knitting patterns\",\"publisher\":{\"@id\":\"https:\\\/\\\/www.alongavecanna.com\\\/fr\\\/#organization\"},\"potentialAction\":[{\"@type\":\"SearchAction\",\"target\":{\"@type\":\"EntryPoint\",\"urlTemplate\":\"https:\\\/\\\/www.alongavecanna.com\\\/fr\\\/?s={search_term_string}\"},\"query-input\":{\"@type\":\"PropertyValueSpecification\",\"valueRequired\":true,\"valueName\":\"search_term_string\"}}],\"inLanguage\":\"fr-FR\"},{\"@type\":\"Organization\",\"@id\":\"https:\\\/\\\/www.alongavecanna.com\\\/fr\\\/#organization\",\"name\":\"Along Avec Anna\",\"url\":\"https:\\\/\\\/www.alongavecanna.com\\\/fr\\\/\",\"logo\":{\"@type\":\"ImageObject\",\"inLanguage\":\"fr-FR\",\"@id\":\"https:\\\/\\\/www.alongavecanna.com\\\/fr\\\/#\\\/schema\\\/logo\\\/image\\\/\",\"url\":\"https:\\\/\\\/www.alongavecanna.com\\\/wp-content\\\/uploads\\\/2023\\\/01\\\/logo-along-avec-anna.png\",\"contentUrl\":\"https:\\\/\\\/www.alongavecanna.com\\\/wp-content\\\/uploads\\\/2023\\\/01\\\/logo-along-avec-anna.png\",\"width\":1728,\"height\":627,\"caption\":\"Along Avec Anna\"},\"image\":{\"@id\":\"https:\\\/\\\/www.alongavecanna.com\\\/fr\\\/#\\\/schema\\\/logo\\\/image\\\/\"},\"sameAs\":[\"https:\\\/\\\/facebook.com\\\/alongavecanna\",\"https:\\\/\\\/www.instagram.com\\\/along.avec.anna\\\/\"]}]}<\/script>\n<!-- \/ Yoast SEO plugin. -->","yoast_head_json":{"title":"Mouche &amp; Friends - Along Avec Anna","robots":{"index":"index","follow":"follow","max-snippet":"max-snippet:-1","max-image-preview":"max-image-preview:large","max-video-preview":"max-video-preview:-1"},"canonical":"https:\/\/www.alongavecanna.com\/fr\/produit\/mouche__amis\/","og_locale":"fr_FR","og_type":"article","og_title":"Mouche &amp; Friends - Along Avec Anna","og_description":"Mouche &amp; Friends : Seamless Toys to Knit and Love est une charmante collection de 12 animaux-jouets tricot\u00e9s, ainsi que leurs v\u00eatements et accessoires. Le processus de fabrication de jouets de Cinthia Vallet est unique et totalement transparent, et elle vous guide pas \u00e0 pas \u00e0 travers les techniques.","og_url":"https:\/\/www.alongavecanna.com\/fr\/produit\/mouche__amis\/","og_site_name":"Along Avec Anna","article_publisher":"https:\/\/facebook.com\/alongavecanna","article_modified_time":"2023-06-29T22:56:28+00:00","og_image":[{"width":1080,"height":1350,"url":"https:\/\/www.alongavecanna.com\/wp-content\/uploads\/2023\/05\/Mouche_kansi_ENG_1080x1350_985deb24-706c-449b-9141-5c58d6726ada.jpg.webp","type":"image\/webp"}],"twitter_card":"summary_large_image","twitter_misc":{"Dur\u00e9e de lecture estim\u00e9e":"1 minute"},"schema":{"@context":"https:\/\/schema.org","@graph":[{"@type":"WebPage","@id":"https:\/\/www.alongavecanna.com\/fr\/produit\/mouche__amis\/","url":"https:\/\/www.alongavecanna.com\/fr\/produit\/mouche__amis\/","name":"Mouche &amp; Friends - Along Avec Anna","isPartOf":{"@id":"https:\/\/www.alongavecanna.com\/fr\/#website"},"primaryImageOfPage":{"@id":"https:\/\/www.alongavecanna.com\/fr\/produit\/mouche__amis\/#primaryimage"},"image":{"@id":"https:\/\/www.alongavecanna.com\/fr\/produit\/mouche__amis\/#primaryimage"},"thumbnailUrl":"https:\/\/www.alongavecanna.com\/wp-content\/uploads\/2023\/05\/Mouche_kansi_ENG_1080x1350_985deb24-706c-449b-9141-5c58d6726ada.jpg.webp","datePublished":"2023-05-23T12:41:12+00:00","dateModified":"2023-06-29T22:56:28+00:00","breadcrumb":{"@id":"https:\/\/www.alongavecanna.com\/fr\/produit\/mouche__amis\/#breadcrumb"},"inLanguage":"fr-FR","potentialAction":[{"@type":"ReadAction","target":["https:\/\/www.alongavecanna.com\/fr\/produit\/mouche__amis\/"]}]},{"@type":"ImageObject","inLanguage":"fr-FR","@id":"https:\/\/www.alongavecanna.com\/fr\/produit\/mouche__amis\/#primaryimage","url":"https:\/\/www.alongavecanna.com\/wp-content\/uploads\/2023\/05\/Mouche_kansi_ENG_1080x1350_985deb24-706c-449b-9141-5c58d6726ada.jpg.webp","contentUrl":"https:\/\/www.alongavecanna.com\/wp-content\/uploads\/2023\/05\/Mouche_kansi_ENG_1080x1350_985deb24-706c-449b-9141-5c58d6726ada.jpg.webp","width":1080,"height":1350},{"@type":"BreadcrumbList","@id":"https:\/\/www.alongavecanna.com\/fr\/produit\/mouche__amis\/#breadcrumb","itemListElement":[{"@type":"ListItem","position":1,"name":"Home","item":"https:\/\/www.alongavecanna.com\/fr\/"},{"@type":"ListItem","position":2,"name":"Produits","item":"https:\/\/www.alongavecanna.com\/fr\/shop\/"},{"@type":"ListItem","position":3,"name":"Mouche &amp; Friends"}]},{"@type":"WebSite","@id":"https:\/\/www.alongavecanna.com\/fr\/#website","url":"https:\/\/www.alongavecanna.com\/fr\/","name":"Along Avec Anna","description":"Ethical yarn &amp; timeless knitting patterns","publisher":{"@id":"https:\/\/www.alongavecanna.com\/fr\/#organization"},"potentialAction":[{"@type":"SearchAction","target":{"@type":"EntryPoint","urlTemplate":"https:\/\/www.alongavecanna.com\/fr\/?s={search_term_string}"},"query-input":{"@type":"PropertyValueSpecification","valueRequired":true,"valueName":"search_term_string"}}],"inLanguage":"fr-FR"},{"@type":"Organization","@id":"https:\/\/www.alongavecanna.com\/fr\/#organization","name":"Along Avec Anna","url":"https:\/\/www.alongavecanna.com\/fr\/","logo":{"@type":"ImageObject","inLanguage":"fr-FR","@id":"https:\/\/www.alongavecanna.com\/fr\/#\/schema\/logo\/image\/","url":"https:\/\/www.alongavecanna.com\/wp-content\/uploads\/2023\/01\/logo-along-avec-anna.png","contentUrl":"https:\/\/www.alongavecanna.com\/wp-content\/uploads\/2023\/01\/logo-along-avec-anna.png","width":1728,"height":627,"caption":"Along Avec Anna"},"image":{"@id":"https:\/\/www.alongavecanna.com\/fr\/#\/schema\/logo\/image\/"},"sameAs":["https:\/\/facebook.com\/alongavecanna","https:\/\/www.instagram.com\/along.avec.anna\/"]}]}},"_links":{"self":[{"href":"https:\/\/www.alongavecanna.com\/fr\/wp-json\/wp\/v2\/product\/57580","targetHints":{"allow":["GET"]}}],"collection":[{"href":"https:\/\/www.alongavecanna.com\/fr\/wp-json\/wp\/v2\/product"}],"about":[{"href":"https:\/\/www.alongavecanna.com\/fr\/wp-json\/wp\/v2\/types\/product"}],"replies":[{"embeddable":true,"href":"https:\/\/www.alongavecanna.com\/fr\/wp-json\/wp\/v2\/comments?post=57580"}],"version-history":[{"count":0,"href":"https:\/\/www.alongavecanna.com\/fr\/wp-json\/wp\/v2\/product\/57580\/revisions"}],"wp:featuredmedia":[{"embeddable":true,"href":"https:\/\/www.alongavecanna.com\/fr\/wp-json\/wp\/v2\/media\/57598"}],"wp:attachment":[{"href":"https:\/\/www.alongavecanna.com\/fr\/wp-json\/wp\/v2\/media?parent=57580"}],"wp:term":[{"taxonomy":"product_brand","embeddable":true,"href":"https:\/\/www.alongavecanna.com\/fr\/wp-json\/wp\/v2\/product_brand?post=57580"},{"taxonomy":"product_cat","embeddable":true,"href":"https:\/\/www.alongavecanna.com\/fr\/wp-json\/wp\/v2\/product_cat?post=57580"},{"taxonomy":"product_tag","embeddable":true,"href":"https:\/\/www.alongavecanna.com\/fr\/wp-json\/wp\/v2\/product_tag?post=57580"}],"curies":[{"name":"wp","href":"https:\/\/api.w.org\/{rel}","templated":true}]}}