{"id":57560,"date":"2023-05-23T12:25:19","date_gmt":"2023-05-23T12:25:19","guid":{"rendered":"https:\/\/www.alongavecanna.com\/?post_type=product&#038;p=57560"},"modified":"2023-06-29T22:57:03","modified_gmt":"2023-06-29T22:57:03","slug":"faire-des-memoires-des-tricots-intemporels-pour-les-enfants","status":"publish","type":"product","link":"https:\/\/www.alongavecanna.com\/fr\/produit\/faire-des-memoires-des-tricots-intemporels-pour-les-enfants\/","title":{"rendered":"Making Memories : Timeless knits for children"},"content":{"rendered":"<p><em>Making Memories: Timeless Knits for Children<\/em> est une charmante collection de <strong>Claudia Quintanilla<\/strong>. Il comprend 25 tricots pour enfants &#8211; des cardigans, des pulls et deux couvertures douillettes \u00e0 des pi\u00e8ces plus petites, comme des chaussettes et des moufles. La majorit\u00e9 des mod\u00e8les sont class\u00e9s du nouveau-n\u00e9 \u00e0 l&rsquo;enfant de 10 ans et pr\u00e9sentent diff\u00e9rents fils ainsi que des techniques de tricot. Que diriez-vous d&rsquo;un pull-over color\u00e9, d&rsquo;une \u00e9charpe en dentelle ou d&rsquo;un cardigan brod\u00e9 ? Les tricots classiques, combin\u00e9s \u00e0 une photographie de r\u00eave et \u00e0 des illustrations ludiques, cr\u00e9ent un livre de tricots pour enfants unique en son genre.<\/p>\n<p>Claudia Quintanilla est propri\u00e9taire d&rsquo;un magasin de fils et cr\u00e9atrice de tricots \u00e0 Toronto, au Canada. Originaire du Salvador, Claudia a trouv\u00e9 dans le climat plus froid du Canada le cadre id\u00e9al pour tricoter. Cependant, ce n&rsquo;est que lorsqu&rsquo;elle est rest\u00e9e \u00e0 la maison pour s&rsquo;occuper de sa petite fille qu&rsquo;elle a trouv\u00e9 dans le tricot la rare combinaison de plaisir, de tranquillit\u00e9 et de passion. Ce parcours a abouti \u00e0 la cr\u00e9ation d&rsquo;une boutique de fils en brique et en local, <a href=\"https:\/\/eweknit.co\/\">Eweknit &amp; Craft<\/a>, bas\u00e9e \u00e0 Toronto. Making Memories est son deuxi\u00e8me livre.<\/p>\n<ul>\n<li>184 pages<\/li>\n<li>Couverture rigide<\/li>\n<\/ul>\n","protected":false},"excerpt":{"rendered":"<div class=\"product__text\">\n<p style=\"text-align: justify;\"><em>Making Memories : Timeless Knits for Children<\/em> est une charmante collection de <strong>Claudia Quintanilla<\/strong>. Il comprend 25 tricots pour enfants &#8211; des cardigans, des pulls et deux couvertures douillettes \u00e0 des pi\u00e8ces plus petites, comme des chaussettes et des moufles. La majorit\u00e9 des mod\u00e8les sont class\u00e9s du nouveau-n\u00e9 \u00e0 l&rsquo;enfant de 10 ans et pr\u00e9sentent diff\u00e9rents fils ainsi que des techniques de tricot. Que diriez-vous d&rsquo;un pull-over color\u00e9, d&rsquo;une \u00e9charpe en dentelle ou d&rsquo;un cardigan brod\u00e9 ? Les tricots classiques, combin\u00e9s \u00e0 une photographie de r\u00eave et \u00e0 des illustrations ludiques, cr\u00e9ent un livre de tricots pour enfants unique en son genre.<\/p>\n<\/div>\n","protected":false},"featured_media":57578,"comment_status":"open","ping_status":"closed","template":"","meta":[],"product_brand":[],"product_cat":[401],"product_tag":[],"class_list":{"0":"post-57560","1":"product","2":"type-product","3":"status-publish","4":"has-post-thumbnail","6":"product_cat-livres","7":"product_shipping_class-livre-large-letter-fr","9":"first","10":"instock","11":"taxable","12":"shipping-taxable","13":"purchasable","14":"product-type-simple"},"yoast_head":"<!-- This site is optimized with the Yoast SEO plugin v27.4 - https:\/\/yoast.com\/product\/yoast-seo-wordpress\/ -->\n<title>Making Memories : Timeless knits for children - Along Avec Anna<\/title>\n<meta name=\"robots\" content=\"index, follow, max-snippet:-1, max-image-preview:large, max-video-preview:-1\" \/>\n<link rel=\"canonical\" href=\"https:\/\/www.alongavecanna.com\/fr\/produit\/faire-des-memoires-des-tricots-intemporels-pour-les-enfants\/\" \/>\n<meta property=\"og:locale\" content=\"fr_FR\" \/>\n<meta property=\"og:type\" content=\"article\" \/>\n<meta property=\"og:title\" content=\"Making Memories : Timeless knits for children - Along Avec Anna\" \/>\n<meta property=\"og:description\" content=\"Making Memories : Timeless Knits for Children est une charmante collection de Claudia Quintanilla. Il comprend 25 tricots pour enfants - des cardigans, des pulls et deux couvertures douillettes \u00e0 des pi\u00e8ces plus petites, comme des chaussettes et des moufles. La majorit\u00e9 des mod\u00e8les sont class\u00e9s du nouveau-n\u00e9 \u00e0 l&#039;enfant de 10 ans et pr\u00e9sentent diff\u00e9rents fils ainsi que des techniques de tricot. Que diriez-vous d&#039;un pull-over color\u00e9, d&#039;une \u00e9charpe en dentelle ou d&#039;un cardigan brod\u00e9 ? Les tricots classiques, combin\u00e9s \u00e0 une photographie de r\u00eave et \u00e0 des illustrations ludiques, cr\u00e9ent un livre de tricots pour enfants unique en son genre.\" \/>\n<meta property=\"og:url\" content=\"https:\/\/www.alongavecanna.com\/fr\/produit\/faire-des-memoires-des-tricots-intemporels-pour-les-enfants\/\" \/>\n<meta property=\"og:site_name\" content=\"Along Avec Anna\" \/>\n<meta property=\"article:publisher\" content=\"https:\/\/facebook.com\/alongavecanna\" \/>\n<meta property=\"article:modified_time\" content=\"2023-06-29T22:57:03+00:00\" \/>\n<meta property=\"og:image\" content=\"https:\/\/www.alongavecanna.com\/wp-content\/uploads\/2023\/05\/ClaudiaQ_kansi_1080x1350_1a17acca-3c02-476c-9f8d-6d74418d58ce.jpg.webp\" \/>\n\t<meta property=\"og:image:width\" content=\"1080\" \/>\n\t<meta property=\"og:image:height\" content=\"1350\" \/>\n\t<meta property=\"og:image:type\" content=\"image\/webp\" \/>\n<meta name=\"twitter:card\" content=\"summary_large_image\" \/>\n<meta name=\"twitter:label1\" content=\"Dur\u00e9e de lecture estim\u00e9e\" \/>\n\t<meta name=\"twitter:data1\" content=\"1 minute\" \/>\n<script type=\"application\/ld+json\" class=\"yoast-schema-graph\">{\"@context\":\"https:\\\/\\\/schema.org\",\"@graph\":[{\"@type\":\"WebPage\",\"@id\":\"https:\\\/\\\/www.alongavecanna.com\\\/fr\\\/produit\\\/faire-des-memoires-des-tricots-intemporels-pour-les-enfants\\\/\",\"url\":\"https:\\\/\\\/www.alongavecanna.com\\\/fr\\\/produit\\\/faire-des-memoires-des-tricots-intemporels-pour-les-enfants\\\/\",\"name\":\"Making Memories : Timeless knits for children - Along Avec Anna\",\"isPartOf\":{\"@id\":\"https:\\\/\\\/www.alongavecanna.com\\\/fr\\\/#website\"},\"primaryImageOfPage\":{\"@id\":\"https:\\\/\\\/www.alongavecanna.com\\\/fr\\\/produit\\\/faire-des-memoires-des-tricots-intemporels-pour-les-enfants\\\/#primaryimage\"},\"image\":{\"@id\":\"https:\\\/\\\/www.alongavecanna.com\\\/fr\\\/produit\\\/faire-des-memoires-des-tricots-intemporels-pour-les-enfants\\\/#primaryimage\"},\"thumbnailUrl\":\"https:\\\/\\\/www.alongavecanna.com\\\/wp-content\\\/uploads\\\/2023\\\/05\\\/ClaudiaQ_kansi_1080x1350_1a17acca-3c02-476c-9f8d-6d74418d58ce.jpg.webp\",\"datePublished\":\"2023-05-23T12:25:19+00:00\",\"dateModified\":\"2023-06-29T22:57:03+00:00\",\"breadcrumb\":{\"@id\":\"https:\\\/\\\/www.alongavecanna.com\\\/fr\\\/produit\\\/faire-des-memoires-des-tricots-intemporels-pour-les-enfants\\\/#breadcrumb\"},\"inLanguage\":\"fr-FR\",\"potentialAction\":[{\"@type\":\"ReadAction\",\"target\":[\"https:\\\/\\\/www.alongavecanna.com\\\/fr\\\/produit\\\/faire-des-memoires-des-tricots-intemporels-pour-les-enfants\\\/\"]}]},{\"@type\":\"ImageObject\",\"inLanguage\":\"fr-FR\",\"@id\":\"https:\\\/\\\/www.alongavecanna.com\\\/fr\\\/produit\\\/faire-des-memoires-des-tricots-intemporels-pour-les-enfants\\\/#primaryimage\",\"url\":\"https:\\\/\\\/www.alongavecanna.com\\\/wp-content\\\/uploads\\\/2023\\\/05\\\/ClaudiaQ_kansi_1080x1350_1a17acca-3c02-476c-9f8d-6d74418d58ce.jpg.webp\",\"contentUrl\":\"https:\\\/\\\/www.alongavecanna.com\\\/wp-content\\\/uploads\\\/2023\\\/05\\\/ClaudiaQ_kansi_1080x1350_1a17acca-3c02-476c-9f8d-6d74418d58ce.jpg.webp\",\"width\":1080,\"height\":1350},{\"@type\":\"BreadcrumbList\",\"@id\":\"https:\\\/\\\/www.alongavecanna.com\\\/fr\\\/produit\\\/faire-des-memoires-des-tricots-intemporels-pour-les-enfants\\\/#breadcrumb\",\"itemListElement\":[{\"@type\":\"ListItem\",\"position\":1,\"name\":\"Home\",\"item\":\"https:\\\/\\\/www.alongavecanna.com\\\/fr\\\/\"},{\"@type\":\"ListItem\",\"position\":2,\"name\":\"Produits\",\"item\":\"https:\\\/\\\/www.alongavecanna.com\\\/fr\\\/shop\\\/\"},{\"@type\":\"ListItem\",\"position\":3,\"name\":\"Making Memories : Timeless knits for children\"}]},{\"@type\":\"WebSite\",\"@id\":\"https:\\\/\\\/www.alongavecanna.com\\\/fr\\\/#website\",\"url\":\"https:\\\/\\\/www.alongavecanna.com\\\/fr\\\/\",\"name\":\"Along Avec Anna\",\"description\":\"Ethical yarn &amp; timeless knitting patterns\",\"publisher\":{\"@id\":\"https:\\\/\\\/www.alongavecanna.com\\\/fr\\\/#organization\"},\"potentialAction\":[{\"@type\":\"SearchAction\",\"target\":{\"@type\":\"EntryPoint\",\"urlTemplate\":\"https:\\\/\\\/www.alongavecanna.com\\\/fr\\\/?s={search_term_string}\"},\"query-input\":{\"@type\":\"PropertyValueSpecification\",\"valueRequired\":true,\"valueName\":\"search_term_string\"}}],\"inLanguage\":\"fr-FR\"},{\"@type\":\"Organization\",\"@id\":\"https:\\\/\\\/www.alongavecanna.com\\\/fr\\\/#organization\",\"name\":\"Along Avec Anna\",\"url\":\"https:\\\/\\\/www.alongavecanna.com\\\/fr\\\/\",\"logo\":{\"@type\":\"ImageObject\",\"inLanguage\":\"fr-FR\",\"@id\":\"https:\\\/\\\/www.alongavecanna.com\\\/fr\\\/#\\\/schema\\\/logo\\\/image\\\/\",\"url\":\"https:\\\/\\\/www.alongavecanna.com\\\/wp-content\\\/uploads\\\/2023\\\/01\\\/logo-along-avec-anna.png\",\"contentUrl\":\"https:\\\/\\\/www.alongavecanna.com\\\/wp-content\\\/uploads\\\/2023\\\/01\\\/logo-along-avec-anna.png\",\"width\":1728,\"height\":627,\"caption\":\"Along Avec Anna\"},\"image\":{\"@id\":\"https:\\\/\\\/www.alongavecanna.com\\\/fr\\\/#\\\/schema\\\/logo\\\/image\\\/\"},\"sameAs\":[\"https:\\\/\\\/facebook.com\\\/alongavecanna\",\"https:\\\/\\\/www.instagram.com\\\/along.avec.anna\\\/\"]}]}<\/script>\n<!-- \/ Yoast SEO plugin. -->","yoast_head_json":{"title":"Making Memories : Timeless knits for children - Along Avec Anna","robots":{"index":"index","follow":"follow","max-snippet":"max-snippet:-1","max-image-preview":"max-image-preview:large","max-video-preview":"max-video-preview:-1"},"canonical":"https:\/\/www.alongavecanna.com\/fr\/produit\/faire-des-memoires-des-tricots-intemporels-pour-les-enfants\/","og_locale":"fr_FR","og_type":"article","og_title":"Making Memories : Timeless knits for children - Along Avec Anna","og_description":"Making Memories : Timeless Knits for Children est une charmante collection de Claudia Quintanilla. Il comprend 25 tricots pour enfants - des cardigans, des pulls et deux couvertures douillettes \u00e0 des pi\u00e8ces plus petites, comme des chaussettes et des moufles. La majorit\u00e9 des mod\u00e8les sont class\u00e9s du nouveau-n\u00e9 \u00e0 l'enfant de 10 ans et pr\u00e9sentent diff\u00e9rents fils ainsi que des techniques de tricot. Que diriez-vous d'un pull-over color\u00e9, d'une \u00e9charpe en dentelle ou d'un cardigan brod\u00e9 ? Les tricots classiques, combin\u00e9s \u00e0 une photographie de r\u00eave et \u00e0 des illustrations ludiques, cr\u00e9ent un livre de tricots pour enfants unique en son genre.","og_url":"https:\/\/www.alongavecanna.com\/fr\/produit\/faire-des-memoires-des-tricots-intemporels-pour-les-enfants\/","og_site_name":"Along Avec Anna","article_publisher":"https:\/\/facebook.com\/alongavecanna","article_modified_time":"2023-06-29T22:57:03+00:00","og_image":[{"width":1080,"height":1350,"url":"https:\/\/www.alongavecanna.com\/wp-content\/uploads\/2023\/05\/ClaudiaQ_kansi_1080x1350_1a17acca-3c02-476c-9f8d-6d74418d58ce.jpg.webp","type":"image\/webp"}],"twitter_card":"summary_large_image","twitter_misc":{"Dur\u00e9e de lecture estim\u00e9e":"1 minute"},"schema":{"@context":"https:\/\/schema.org","@graph":[{"@type":"WebPage","@id":"https:\/\/www.alongavecanna.com\/fr\/produit\/faire-des-memoires-des-tricots-intemporels-pour-les-enfants\/","url":"https:\/\/www.alongavecanna.com\/fr\/produit\/faire-des-memoires-des-tricots-intemporels-pour-les-enfants\/","name":"Making Memories : Timeless knits for children - Along Avec Anna","isPartOf":{"@id":"https:\/\/www.alongavecanna.com\/fr\/#website"},"primaryImageOfPage":{"@id":"https:\/\/www.alongavecanna.com\/fr\/produit\/faire-des-memoires-des-tricots-intemporels-pour-les-enfants\/#primaryimage"},"image":{"@id":"https:\/\/www.alongavecanna.com\/fr\/produit\/faire-des-memoires-des-tricots-intemporels-pour-les-enfants\/#primaryimage"},"thumbnailUrl":"https:\/\/www.alongavecanna.com\/wp-content\/uploads\/2023\/05\/ClaudiaQ_kansi_1080x1350_1a17acca-3c02-476c-9f8d-6d74418d58ce.jpg.webp","datePublished":"2023-05-23T12:25:19+00:00","dateModified":"2023-06-29T22:57:03+00:00","breadcrumb":{"@id":"https:\/\/www.alongavecanna.com\/fr\/produit\/faire-des-memoires-des-tricots-intemporels-pour-les-enfants\/#breadcrumb"},"inLanguage":"fr-FR","potentialAction":[{"@type":"ReadAction","target":["https:\/\/www.alongavecanna.com\/fr\/produit\/faire-des-memoires-des-tricots-intemporels-pour-les-enfants\/"]}]},{"@type":"ImageObject","inLanguage":"fr-FR","@id":"https:\/\/www.alongavecanna.com\/fr\/produit\/faire-des-memoires-des-tricots-intemporels-pour-les-enfants\/#primaryimage","url":"https:\/\/www.alongavecanna.com\/wp-content\/uploads\/2023\/05\/ClaudiaQ_kansi_1080x1350_1a17acca-3c02-476c-9f8d-6d74418d58ce.jpg.webp","contentUrl":"https:\/\/www.alongavecanna.com\/wp-content\/uploads\/2023\/05\/ClaudiaQ_kansi_1080x1350_1a17acca-3c02-476c-9f8d-6d74418d58ce.jpg.webp","width":1080,"height":1350},{"@type":"BreadcrumbList","@id":"https:\/\/www.alongavecanna.com\/fr\/produit\/faire-des-memoires-des-tricots-intemporels-pour-les-enfants\/#breadcrumb","itemListElement":[{"@type":"ListItem","position":1,"name":"Home","item":"https:\/\/www.alongavecanna.com\/fr\/"},{"@type":"ListItem","position":2,"name":"Produits","item":"https:\/\/www.alongavecanna.com\/fr\/shop\/"},{"@type":"ListItem","position":3,"name":"Making Memories : Timeless knits for children"}]},{"@type":"WebSite","@id":"https:\/\/www.alongavecanna.com\/fr\/#website","url":"https:\/\/www.alongavecanna.com\/fr\/","name":"Along Avec Anna","description":"Ethical yarn &amp; timeless knitting patterns","publisher":{"@id":"https:\/\/www.alongavecanna.com\/fr\/#organization"},"potentialAction":[{"@type":"SearchAction","target":{"@type":"EntryPoint","urlTemplate":"https:\/\/www.alongavecanna.com\/fr\/?s={search_term_string}"},"query-input":{"@type":"PropertyValueSpecification","valueRequired":true,"valueName":"search_term_string"}}],"inLanguage":"fr-FR"},{"@type":"Organization","@id":"https:\/\/www.alongavecanna.com\/fr\/#organization","name":"Along Avec Anna","url":"https:\/\/www.alongavecanna.com\/fr\/","logo":{"@type":"ImageObject","inLanguage":"fr-FR","@id":"https:\/\/www.alongavecanna.com\/fr\/#\/schema\/logo\/image\/","url":"https:\/\/www.alongavecanna.com\/wp-content\/uploads\/2023\/01\/logo-along-avec-anna.png","contentUrl":"https:\/\/www.alongavecanna.com\/wp-content\/uploads\/2023\/01\/logo-along-avec-anna.png","width":1728,"height":627,"caption":"Along Avec Anna"},"image":{"@id":"https:\/\/www.alongavecanna.com\/fr\/#\/schema\/logo\/image\/"},"sameAs":["https:\/\/facebook.com\/alongavecanna","https:\/\/www.instagram.com\/along.avec.anna\/"]}]}},"_links":{"self":[{"href":"https:\/\/www.alongavecanna.com\/fr\/wp-json\/wp\/v2\/product\/57560","targetHints":{"allow":["GET"]}}],"collection":[{"href":"https:\/\/www.alongavecanna.com\/fr\/wp-json\/wp\/v2\/product"}],"about":[{"href":"https:\/\/www.alongavecanna.com\/fr\/wp-json\/wp\/v2\/types\/product"}],"replies":[{"embeddable":true,"href":"https:\/\/www.alongavecanna.com\/fr\/wp-json\/wp\/v2\/comments?post=57560"}],"version-history":[{"count":0,"href":"https:\/\/www.alongavecanna.com\/fr\/wp-json\/wp\/v2\/product\/57560\/revisions"}],"wp:featuredmedia":[{"embeddable":true,"href":"https:\/\/www.alongavecanna.com\/fr\/wp-json\/wp\/v2\/media\/57578"}],"wp:attachment":[{"href":"https:\/\/www.alongavecanna.com\/fr\/wp-json\/wp\/v2\/media?parent=57560"}],"wp:term":[{"taxonomy":"product_brand","embeddable":true,"href":"https:\/\/www.alongavecanna.com\/fr\/wp-json\/wp\/v2\/product_brand?post=57560"},{"taxonomy":"product_cat","embeddable":true,"href":"https:\/\/www.alongavecanna.com\/fr\/wp-json\/wp\/v2\/product_cat?post=57560"},{"taxonomy":"product_tag","embeddable":true,"href":"https:\/\/www.alongavecanna.com\/fr\/wp-json\/wp\/v2\/product_tag?post=57560"}],"curies":[{"name":"wp","href":"https:\/\/api.w.org\/{rel}","templated":true}]}}