{"id":57238,"date":"2023-04-25T16:52:30","date_gmt":"2023-04-25T16:52:30","guid":{"rendered":"https:\/\/www.alongavecanna.com\/?post_type=product&#038;p=57238"},"modified":"2023-11-05T18:08:43","modified_gmt":"2023-11-05T18:08:43","slug":"pom-pom-issue-32-spring-2022","status":"publish","type":"product","link":"https:\/\/www.alongavecanna.com\/fr\/produit\/pom-pom-issue-32-spring-2022\/","title":{"rendered":"Pom Pom &#8211; Num\u00e9ro 40 (printemps 2022 &#8211; en Anglais)"},"content":{"rendered":"<p style=\"text-align: justify;\"><span style=\"font-weight: 400;\">Pour notre 40e num\u00e9ro, nous avons concoct\u00e9 un monde de r\u00eave en tricot ! Notre derni\u00e8re collection vous transportera dans un lieu de bonheur rempli de fils, avec des motifs joyeux et fantaisistes, sans compromettre l&rsquo;\u00e9l\u00e9gance ou la facilit\u00e9 d&rsquo;utilisation. Les mod\u00e8les font r\u00e9f\u00e9rence \u00e0 la nature apparemment d\u00e9structur\u00e9e des r\u00eaves par le biais de tissus flottants et d&#8217;embellissements \u00e9th\u00e9r\u00e9s, de jauges l\u00e2ches et en encourageant doucement le cr\u00e9ateur \u00e0 utiliser son intuition lorsqu&rsquo;il s&rsquo;agit de jouer avec les couleurs. Comme pour tout ce qui semble facile, une grande quantit\u00e9 d&rsquo;imagination et de r\u00e9flexion intelligente est \u00e0 la base de ces cr\u00e9ations et encourage le type d&rsquo;\u00e9vasion cr\u00e9ative que nous ch\u00e9rissons dans le domaine de l&rsquo;artisanat. Les mod\u00e8les de cette collection varient en intensit\u00e9, de ceux qui vous permettront de r\u00e9aliser vos fantasmes de tricot \u00e0 d&rsquo;autres que vous pourrez terminer les yeux ferm\u00e9s. Mais rassurez-vous, chacun d&rsquo;entre eux vous apportera une satisfaction diff\u00e9rente. <\/span><\/p>\n<p style=\"text-align: justify;\">Avec des cr\u00e9ations de : AIMEE SHER \/\/ ALLISON LUTES \/\/ EDDA LILJA GU \u00d0MUNDSD\u00d3TTIR \/\/ HANNA L\u00dcBBEN \/\/ JULIE DUBREUX \/\/ MARIE R\u00c9GNIER \/\/ MARZENA KO\u0141ACZEK \/\/ POPE VERGARA \/\/ REED KEYES.<\/p>\n<p style=\"text-align: justify;\"><span style=\"font-weight: 400;\">Outre les 10 mod\u00e8les de tricot, notre collection printemps 2022 contient un article intitul\u00e9 \u00ab\u00a0Making a World\u00a0\u00bb de Lilith Green, dans lequel Lilith parle de son exp\u00e9rience de l&rsquo;autisme et de la fa\u00e7on dont l&rsquo;acte de fabriquer constitue un refuge dans un monde qui donne la priorit\u00e9 aux personnes neurotypiques. Si votre objectif est de vous essayer \u00e0 un m\u00e9tier autre que le tricot, apprenez \u00e0 fabriquer des paj\u0105ki polonais d\u00e9coratifs avec Karolina Merska, ou utilisez la recette de Stephanie Ganz pour pr\u00e9parer des choux \u00e0 la cr\u00e8me au ch\u00e8vrefeuille &#8211; c&rsquo;est divin !<\/span><\/p>\n","protected":false},"excerpt":{"rendered":"<p style=\"text-align: justify;\"><span style=\"font-weight: 400;\">Pour notre 40e num\u00e9ro, nous avons concoct\u00e9 un monde de r\u00eave en tricot ! Notre derni\u00e8re collection vous transportera dans un lieu de bonheur rempli de fils, avec des motifs joyeux et fantaisistes, sans compromettre l&rsquo;\u00e9l\u00e9gance ou la facilit\u00e9 d&rsquo;utilisation. Les mod\u00e8les font r\u00e9f\u00e9rence \u00e0 la nature apparemment d\u00e9structur\u00e9e des r\u00eaves par le biais de tissus flottants et d&#8217;embellissements \u00e9th\u00e9r\u00e9s, de jauges l\u00e2ches et en encourageant doucement le cr\u00e9ateur \u00e0 utiliser son intuition lorsqu&rsquo;il s&rsquo;agit de jouer avec les couleurs. <\/span><\/p>\n<p style=\"text-align: justify;\"><span style=\"font-weight: 400;\">Comme pour tout ce qui semble facile, une grande quantit\u00e9 d&rsquo;imagination et de r\u00e9flexion intelligente est \u00e0 la base de ces cr\u00e9ations et encourage le type d&rsquo;\u00e9vasion cr\u00e9ative que nous ch\u00e9rissons dans le domaine de l&rsquo;artisanat. Les mod\u00e8les de cette collection varient en intensit\u00e9, de ceux qui vous permettront de r\u00e9aliser vos fantasmes de tricot \u00e0 d&rsquo;autres que vous pourrez terminer les yeux ferm\u00e9s. Mais rassurez-vous, chacun d&rsquo;entre eux vous apportera une satisfaction diff\u00e9rente. <\/span><\/p>\n<p style=\"text-align: justify;\">Avec des cr\u00e9ations de : AIMEE SHER \/\/ ALLISON LUTES \/\/ EDDA LILJA GU \u00d0MUNDSD\u00d3TTIR \/\/ HANNA L\u00dcBBEN \/\/ JULIE DUBREUX \/\/ MARIE R\u00c9GNIER \/\/ MARZENA KO\u0141ACZEK \/\/ POPE VERGARA \/\/ REED KEYES.<\/p>\n","protected":false},"featured_media":57262,"comment_status":"open","ping_status":"closed","template":"","meta":[],"product_brand":[],"product_cat":[401],"product_tag":[],"class_list":{"0":"post-57238","1":"product","2":"type-product","3":"status-publish","4":"has-post-thumbnail","6":"product_cat-livres","7":"product_shipping_class-grande-lettre-magazines-livres-500g","9":"first","10":"outofstock","11":"purchasable","12":"product-type-simple"},"yoast_head":"<!-- This site is optimized with the Yoast SEO plugin v27.4 - https:\/\/yoast.com\/product\/yoast-seo-wordpress\/ -->\n<title>Pom Pom - Num\u00e9ro 40 (printemps 2022 - en Anglais) - Along Avec Anna<\/title>\n<meta name=\"robots\" content=\"index, follow, max-snippet:-1, max-image-preview:large, max-video-preview:-1\" \/>\n<link rel=\"canonical\" href=\"https:\/\/www.alongavecanna.com\/fr\/produit\/pom-pom-issue-32-spring-2022\/\" \/>\n<meta property=\"og:locale\" content=\"fr_FR\" \/>\n<meta property=\"og:type\" content=\"article\" \/>\n<meta property=\"og:title\" content=\"Pom Pom - Num\u00e9ro 40 (printemps 2022 - en Anglais) - Along Avec Anna\" \/>\n<meta property=\"og:description\" content=\"Pour notre 40e num\u00e9ro, nous avons concoct\u00e9 un monde de r\u00eave en tricot ! Notre derni\u00e8re collection vous transportera dans un lieu de bonheur rempli de fils, avec des motifs joyeux et fantaisistes, sans compromettre l&#039;\u00e9l\u00e9gance ou la facilit\u00e9 d&#039;utilisation. Les mod\u00e8les font r\u00e9f\u00e9rence \u00e0 la nature apparemment d\u00e9structur\u00e9e des r\u00eaves par le biais de tissus flottants et d&#039;embellissements \u00e9th\u00e9r\u00e9s, de jauges l\u00e2ches et en encourageant doucement le cr\u00e9ateur \u00e0 utiliser son intuition lorsqu&#039;il s&#039;agit de jouer avec les couleurs.  Comme pour tout ce qui semble facile, une grande quantit\u00e9 d&#039;imagination et de r\u00e9flexion intelligente est \u00e0 la base de ces cr\u00e9ations et encourage le type d&#039;\u00e9vasion cr\u00e9ative que nous ch\u00e9rissons dans le domaine de l&#039;artisanat. Les mod\u00e8les de cette collection varient en intensit\u00e9, de ceux qui vous permettront de r\u00e9aliser vos fantasmes de tricot \u00e0 d&#039;autres que vous pourrez terminer les yeux ferm\u00e9s. Mais rassurez-vous, chacun d&#039;entre eux vous apportera une satisfaction diff\u00e9rente.  Avec des cr\u00e9ations de : AIMEE SHER \/\/ ALLISON LUTES \/\/ EDDA LILJA GU \u00d0MUNDSD\u00d3TTIR \/\/ HANNA L\u00dcBBEN \/\/ JULIE DUBREUX \/\/ MARIE R\u00c9GNIER \/\/ MARZENA KO\u0141ACZEK \/\/ POPE VERGARA \/\/ REED KEYES.\" \/>\n<meta property=\"og:url\" content=\"https:\/\/www.alongavecanna.com\/fr\/produit\/pom-pom-issue-32-spring-2022\/\" \/>\n<meta property=\"og:site_name\" content=\"Along Avec Anna\" \/>\n<meta property=\"article:publisher\" content=\"https:\/\/facebook.com\/alongavecanna\" \/>\n<meta property=\"article:modified_time\" content=\"2023-11-05T18:08:43+00:00\" \/>\n<meta property=\"og:image\" content=\"https:\/\/www.alongavecanna.com\/wp-content\/uploads\/2023\/04\/CoverImage40_2048x2048.jpg.webp\" \/>\n\t<meta property=\"og:image:width\" content=\"1365\" \/>\n\t<meta property=\"og:image:height\" content=\"2048\" \/>\n\t<meta property=\"og:image:type\" content=\"image\/webp\" \/>\n<meta name=\"twitter:card\" content=\"summary_large_image\" \/>\n<meta name=\"twitter:label1\" content=\"Dur\u00e9e de lecture estim\u00e9e\" \/>\n\t<meta name=\"twitter:data1\" content=\"1 minute\" \/>\n<script type=\"application\/ld+json\" class=\"yoast-schema-graph\">{\"@context\":\"https:\\\/\\\/schema.org\",\"@graph\":[{\"@type\":\"WebPage\",\"@id\":\"https:\\\/\\\/www.alongavecanna.com\\\/fr\\\/produit\\\/pom-pom-issue-32-spring-2022\\\/\",\"url\":\"https:\\\/\\\/www.alongavecanna.com\\\/fr\\\/produit\\\/pom-pom-issue-32-spring-2022\\\/\",\"name\":\"Pom Pom - Num\u00e9ro 40 (printemps 2022 - en Anglais) - Along Avec Anna\",\"isPartOf\":{\"@id\":\"https:\\\/\\\/www.alongavecanna.com\\\/fr\\\/#website\"},\"primaryImageOfPage\":{\"@id\":\"https:\\\/\\\/www.alongavecanna.com\\\/fr\\\/produit\\\/pom-pom-issue-32-spring-2022\\\/#primaryimage\"},\"image\":{\"@id\":\"https:\\\/\\\/www.alongavecanna.com\\\/fr\\\/produit\\\/pom-pom-issue-32-spring-2022\\\/#primaryimage\"},\"thumbnailUrl\":\"https:\\\/\\\/www.alongavecanna.com\\\/wp-content\\\/uploads\\\/2023\\\/04\\\/CoverImage40_2048x2048.jpg.webp\",\"datePublished\":\"2023-04-25T16:52:30+00:00\",\"dateModified\":\"2023-11-05T18:08:43+00:00\",\"breadcrumb\":{\"@id\":\"https:\\\/\\\/www.alongavecanna.com\\\/fr\\\/produit\\\/pom-pom-issue-32-spring-2022\\\/#breadcrumb\"},\"inLanguage\":\"fr-FR\",\"potentialAction\":[{\"@type\":\"ReadAction\",\"target\":[\"https:\\\/\\\/www.alongavecanna.com\\\/fr\\\/produit\\\/pom-pom-issue-32-spring-2022\\\/\"]}]},{\"@type\":\"ImageObject\",\"inLanguage\":\"fr-FR\",\"@id\":\"https:\\\/\\\/www.alongavecanna.com\\\/fr\\\/produit\\\/pom-pom-issue-32-spring-2022\\\/#primaryimage\",\"url\":\"https:\\\/\\\/www.alongavecanna.com\\\/wp-content\\\/uploads\\\/2023\\\/04\\\/CoverImage40_2048x2048.jpg.webp\",\"contentUrl\":\"https:\\\/\\\/www.alongavecanna.com\\\/wp-content\\\/uploads\\\/2023\\\/04\\\/CoverImage40_2048x2048.jpg.webp\",\"width\":1365,\"height\":2048},{\"@type\":\"BreadcrumbList\",\"@id\":\"https:\\\/\\\/www.alongavecanna.com\\\/fr\\\/produit\\\/pom-pom-issue-32-spring-2022\\\/#breadcrumb\",\"itemListElement\":[{\"@type\":\"ListItem\",\"position\":1,\"name\":\"Home\",\"item\":\"https:\\\/\\\/www.alongavecanna.com\\\/fr\\\/\"},{\"@type\":\"ListItem\",\"position\":2,\"name\":\"Produits\",\"item\":\"https:\\\/\\\/www.alongavecanna.com\\\/fr\\\/shop\\\/\"},{\"@type\":\"ListItem\",\"position\":3,\"name\":\"Pom Pom &#8211; Num\u00e9ro 40 (printemps 2022 &#8211; en Anglais)\"}]},{\"@type\":\"WebSite\",\"@id\":\"https:\\\/\\\/www.alongavecanna.com\\\/fr\\\/#website\",\"url\":\"https:\\\/\\\/www.alongavecanna.com\\\/fr\\\/\",\"name\":\"Along Avec Anna\",\"description\":\"Ethical yarn &amp; timeless knitting patterns\",\"publisher\":{\"@id\":\"https:\\\/\\\/www.alongavecanna.com\\\/fr\\\/#organization\"},\"potentialAction\":[{\"@type\":\"SearchAction\",\"target\":{\"@type\":\"EntryPoint\",\"urlTemplate\":\"https:\\\/\\\/www.alongavecanna.com\\\/fr\\\/?s={search_term_string}\"},\"query-input\":{\"@type\":\"PropertyValueSpecification\",\"valueRequired\":true,\"valueName\":\"search_term_string\"}}],\"inLanguage\":\"fr-FR\"},{\"@type\":\"Organization\",\"@id\":\"https:\\\/\\\/www.alongavecanna.com\\\/fr\\\/#organization\",\"name\":\"Along Avec Anna\",\"url\":\"https:\\\/\\\/www.alongavecanna.com\\\/fr\\\/\",\"logo\":{\"@type\":\"ImageObject\",\"inLanguage\":\"fr-FR\",\"@id\":\"https:\\\/\\\/www.alongavecanna.com\\\/fr\\\/#\\\/schema\\\/logo\\\/image\\\/\",\"url\":\"https:\\\/\\\/www.alongavecanna.com\\\/wp-content\\\/uploads\\\/2023\\\/01\\\/logo-along-avec-anna.png\",\"contentUrl\":\"https:\\\/\\\/www.alongavecanna.com\\\/wp-content\\\/uploads\\\/2023\\\/01\\\/logo-along-avec-anna.png\",\"width\":1728,\"height\":627,\"caption\":\"Along Avec Anna\"},\"image\":{\"@id\":\"https:\\\/\\\/www.alongavecanna.com\\\/fr\\\/#\\\/schema\\\/logo\\\/image\\\/\"},\"sameAs\":[\"https:\\\/\\\/facebook.com\\\/alongavecanna\",\"https:\\\/\\\/www.instagram.com\\\/along.avec.anna\\\/\"]}]}<\/script>\n<!-- \/ Yoast SEO plugin. -->","yoast_head_json":{"title":"Pom Pom - Num\u00e9ro 40 (printemps 2022 - en Anglais) - Along Avec Anna","robots":{"index":"index","follow":"follow","max-snippet":"max-snippet:-1","max-image-preview":"max-image-preview:large","max-video-preview":"max-video-preview:-1"},"canonical":"https:\/\/www.alongavecanna.com\/fr\/produit\/pom-pom-issue-32-spring-2022\/","og_locale":"fr_FR","og_type":"article","og_title":"Pom Pom - Num\u00e9ro 40 (printemps 2022 - en Anglais) - Along Avec Anna","og_description":"Pour notre 40e num\u00e9ro, nous avons concoct\u00e9 un monde de r\u00eave en tricot ! Notre derni\u00e8re collection vous transportera dans un lieu de bonheur rempli de fils, avec des motifs joyeux et fantaisistes, sans compromettre l'\u00e9l\u00e9gance ou la facilit\u00e9 d'utilisation. Les mod\u00e8les font r\u00e9f\u00e9rence \u00e0 la nature apparemment d\u00e9structur\u00e9e des r\u00eaves par le biais de tissus flottants et d'embellissements \u00e9th\u00e9r\u00e9s, de jauges l\u00e2ches et en encourageant doucement le cr\u00e9ateur \u00e0 utiliser son intuition lorsqu'il s'agit de jouer avec les couleurs.  Comme pour tout ce qui semble facile, une grande quantit\u00e9 d'imagination et de r\u00e9flexion intelligente est \u00e0 la base de ces cr\u00e9ations et encourage le type d'\u00e9vasion cr\u00e9ative que nous ch\u00e9rissons dans le domaine de l'artisanat. Les mod\u00e8les de cette collection varient en intensit\u00e9, de ceux qui vous permettront de r\u00e9aliser vos fantasmes de tricot \u00e0 d'autres que vous pourrez terminer les yeux ferm\u00e9s. Mais rassurez-vous, chacun d'entre eux vous apportera une satisfaction diff\u00e9rente.  Avec des cr\u00e9ations de : AIMEE SHER \/\/ ALLISON LUTES \/\/ EDDA LILJA GU \u00d0MUNDSD\u00d3TTIR \/\/ HANNA L\u00dcBBEN \/\/ JULIE DUBREUX \/\/ MARIE R\u00c9GNIER \/\/ MARZENA KO\u0141ACZEK \/\/ POPE VERGARA \/\/ REED KEYES.","og_url":"https:\/\/www.alongavecanna.com\/fr\/produit\/pom-pom-issue-32-spring-2022\/","og_site_name":"Along Avec Anna","article_publisher":"https:\/\/facebook.com\/alongavecanna","article_modified_time":"2023-11-05T18:08:43+00:00","og_image":[{"width":1365,"height":2048,"url":"https:\/\/www.alongavecanna.com\/wp-content\/uploads\/2023\/04\/CoverImage40_2048x2048.jpg.webp","type":"image\/webp"}],"twitter_card":"summary_large_image","twitter_misc":{"Dur\u00e9e de lecture estim\u00e9e":"1 minute"},"schema":{"@context":"https:\/\/schema.org","@graph":[{"@type":"WebPage","@id":"https:\/\/www.alongavecanna.com\/fr\/produit\/pom-pom-issue-32-spring-2022\/","url":"https:\/\/www.alongavecanna.com\/fr\/produit\/pom-pom-issue-32-spring-2022\/","name":"Pom Pom - Num\u00e9ro 40 (printemps 2022 - en Anglais) - Along Avec Anna","isPartOf":{"@id":"https:\/\/www.alongavecanna.com\/fr\/#website"},"primaryImageOfPage":{"@id":"https:\/\/www.alongavecanna.com\/fr\/produit\/pom-pom-issue-32-spring-2022\/#primaryimage"},"image":{"@id":"https:\/\/www.alongavecanna.com\/fr\/produit\/pom-pom-issue-32-spring-2022\/#primaryimage"},"thumbnailUrl":"https:\/\/www.alongavecanna.com\/wp-content\/uploads\/2023\/04\/CoverImage40_2048x2048.jpg.webp","datePublished":"2023-04-25T16:52:30+00:00","dateModified":"2023-11-05T18:08:43+00:00","breadcrumb":{"@id":"https:\/\/www.alongavecanna.com\/fr\/produit\/pom-pom-issue-32-spring-2022\/#breadcrumb"},"inLanguage":"fr-FR","potentialAction":[{"@type":"ReadAction","target":["https:\/\/www.alongavecanna.com\/fr\/produit\/pom-pom-issue-32-spring-2022\/"]}]},{"@type":"ImageObject","inLanguage":"fr-FR","@id":"https:\/\/www.alongavecanna.com\/fr\/produit\/pom-pom-issue-32-spring-2022\/#primaryimage","url":"https:\/\/www.alongavecanna.com\/wp-content\/uploads\/2023\/04\/CoverImage40_2048x2048.jpg.webp","contentUrl":"https:\/\/www.alongavecanna.com\/wp-content\/uploads\/2023\/04\/CoverImage40_2048x2048.jpg.webp","width":1365,"height":2048},{"@type":"BreadcrumbList","@id":"https:\/\/www.alongavecanna.com\/fr\/produit\/pom-pom-issue-32-spring-2022\/#breadcrumb","itemListElement":[{"@type":"ListItem","position":1,"name":"Home","item":"https:\/\/www.alongavecanna.com\/fr\/"},{"@type":"ListItem","position":2,"name":"Produits","item":"https:\/\/www.alongavecanna.com\/fr\/shop\/"},{"@type":"ListItem","position":3,"name":"Pom Pom &#8211; Num\u00e9ro 40 (printemps 2022 &#8211; en Anglais)"}]},{"@type":"WebSite","@id":"https:\/\/www.alongavecanna.com\/fr\/#website","url":"https:\/\/www.alongavecanna.com\/fr\/","name":"Along Avec Anna","description":"Ethical yarn &amp; timeless knitting patterns","publisher":{"@id":"https:\/\/www.alongavecanna.com\/fr\/#organization"},"potentialAction":[{"@type":"SearchAction","target":{"@type":"EntryPoint","urlTemplate":"https:\/\/www.alongavecanna.com\/fr\/?s={search_term_string}"},"query-input":{"@type":"PropertyValueSpecification","valueRequired":true,"valueName":"search_term_string"}}],"inLanguage":"fr-FR"},{"@type":"Organization","@id":"https:\/\/www.alongavecanna.com\/fr\/#organization","name":"Along Avec Anna","url":"https:\/\/www.alongavecanna.com\/fr\/","logo":{"@type":"ImageObject","inLanguage":"fr-FR","@id":"https:\/\/www.alongavecanna.com\/fr\/#\/schema\/logo\/image\/","url":"https:\/\/www.alongavecanna.com\/wp-content\/uploads\/2023\/01\/logo-along-avec-anna.png","contentUrl":"https:\/\/www.alongavecanna.com\/wp-content\/uploads\/2023\/01\/logo-along-avec-anna.png","width":1728,"height":627,"caption":"Along Avec Anna"},"image":{"@id":"https:\/\/www.alongavecanna.com\/fr\/#\/schema\/logo\/image\/"},"sameAs":["https:\/\/facebook.com\/alongavecanna","https:\/\/www.instagram.com\/along.avec.anna\/"]}]}},"_links":{"self":[{"href":"https:\/\/www.alongavecanna.com\/fr\/wp-json\/wp\/v2\/product\/57238","targetHints":{"allow":["GET"]}}],"collection":[{"href":"https:\/\/www.alongavecanna.com\/fr\/wp-json\/wp\/v2\/product"}],"about":[{"href":"https:\/\/www.alongavecanna.com\/fr\/wp-json\/wp\/v2\/types\/product"}],"replies":[{"embeddable":true,"href":"https:\/\/www.alongavecanna.com\/fr\/wp-json\/wp\/v2\/comments?post=57238"}],"version-history":[{"count":0,"href":"https:\/\/www.alongavecanna.com\/fr\/wp-json\/wp\/v2\/product\/57238\/revisions"}],"wp:featuredmedia":[{"embeddable":true,"href":"https:\/\/www.alongavecanna.com\/fr\/wp-json\/wp\/v2\/media\/57262"}],"wp:attachment":[{"href":"https:\/\/www.alongavecanna.com\/fr\/wp-json\/wp\/v2\/media?parent=57238"}],"wp:term":[{"taxonomy":"product_brand","embeddable":true,"href":"https:\/\/www.alongavecanna.com\/fr\/wp-json\/wp\/v2\/product_brand?post=57238"},{"taxonomy":"product_cat","embeddable":true,"href":"https:\/\/www.alongavecanna.com\/fr\/wp-json\/wp\/v2\/product_cat?post=57238"},{"taxonomy":"product_tag","embeddable":true,"href":"https:\/\/www.alongavecanna.com\/fr\/wp-json\/wp\/v2\/product_tag?post=57238"}],"curies":[{"name":"wp","href":"https:\/\/api.w.org\/{rel}","templated":true}]}}