{"id":57175,"date":"2023-04-25T16:24:08","date_gmt":"2023-04-25T16:24:08","guid":{"rendered":"https:\/\/www.alongavecanna.com\/?post_type=product&#038;p=57175"},"modified":"2023-04-25T16:39:16","modified_gmt":"2023-04-25T16:39:16","slug":"chaussettes-pretes-a-lemploi","status":"publish","type":"product","link":"https:\/\/www.alongavecanna.com\/fr\/produit\/chaussettes-pretes-a-lemploi\/","title":{"rendered":"Ready Set Socks (en Anglais)"},"content":{"rendered":"<p style=\"text-align: justify;\">Il n&rsquo;y a rien de tel que la sensation de bien-\u00eatre et de confort que procurent les chaussettes tricot\u00e9es \u00e0 la main ! Rapides et agr\u00e9ables \u00e0 confectionner, petites et portables, les chaussettes restent l&rsquo;un des articles les plus fr\u00e9quemment tricot\u00e9s \u00e0 la main aujourd&rsquo;hui.<\/p>\n<p>Fruit d&rsquo;une collaboration avec la l\u00e9gendaire <a class=\"text-link\" href=\"http:\/\/www.coopknits.co.uk\/\" target=\"_blank\" rel=\"noopener\">Rachel Coopey<\/a>, <em>Ready Set Socks<\/em> est notre guide ultime de la fabrication de chaussettes ! Pr\u00e9parez-vous \u00e0 exp\u00e9rimenter, \u00e0 d\u00e9couvrir la magie de la rotation d&rsquo;un talon et \u00e0 devenir un tricoteur de chaussettes chevronn\u00e9.<\/p>\n<p>Le livre comprend dix mod\u00e8les uniques dans les versions 4 plis \/ fingering et DK-weight. Des chaussettes simples et rapides aux chaussettes c\u00f4tel\u00e9es, en passant par des combinaisons de couleurs de tricot mosa\u00efque, vous serez s\u00fbre de trouver votre paire parfaite gr\u00e2ce \u00e0 ce recueil de mod\u00e8les auxquels vous reviendrez encore et encore.<\/p>\n<ul>\n<li>160 pages<\/li>\n<li>Largeur : 245 mm<\/li>\n<li>Hauteur : 217 mm<\/li>\n<li>Couverture souple, reli\u00e9e sans couture<\/li>\n<li>Imprim\u00e9 au Royaume-Uni<\/li>\n<\/ul>\n","protected":false},"excerpt":{"rendered":"<p style=\"text-align: justify;\">Il n&rsquo;y a rien de tel que la sensation de bien-\u00eatre et de confort que procurent les chaussettes tricot\u00e9es \u00e0 la main ! Rapides et agr\u00e9ables \u00e0 confectionner, petites et portables, les chaussettes restent l&rsquo;un des articles les plus fr\u00e9quemment tricot\u00e9s \u00e0 la main aujourd&rsquo;hui.<\/p>\n<p>Fruit d&rsquo;une collaboration avec la l\u00e9gendaire <a class=\"text-link\" href=\"http:\/\/www.coopknits.co.uk\/\" target=\"_blank\" rel=\"noopener\">Rachel Coopey<\/a>, <em>Ready Set Socks<\/em> est notre guide ultime de la fabrication de chaussettes ! Pr\u00e9parez-vous \u00e0 exp\u00e9rimenter, \u00e0 d\u00e9couvrir la magie de la rotation d&rsquo;un talon et \u00e0 devenir un tricoteur de chaussettes chevronn\u00e9.<\/p>\n<p>Le livre comprend dix mod\u00e8les uniques dans les versions 4 plis \/ fingering et DK-weight. Qu&rsquo;il s&rsquo;agisse de chaussettes simples et rapides, de chaussettes c\u00f4tel\u00e9es ou de combinaisons de couleurs en mosa\u00efque, vous serez s\u00fbre de trouver la paire parfaite gr\u00e2ce \u00e0 ce recueil de mod\u00e8les auxquels vous reviendrez encore et encore.<\/p>\n","protected":false},"featured_media":57203,"comment_status":"open","ping_status":"closed","template":"","meta":[],"product_brand":[],"product_cat":[401],"product_tag":[],"class_list":{"0":"post-57175","1":"product","2":"type-product","3":"status-publish","4":"has-post-thumbnail","6":"product_cat-livres","7":"product_shipping_class-livre-large-letter-fr","9":"first","10":"instock","11":"taxable","12":"shipping-taxable","13":"purchasable","14":"product-type-simple"},"yoast_head":"<!-- This site is optimized with the Yoast SEO plugin v27.4 - https:\/\/yoast.com\/product\/yoast-seo-wordpress\/ -->\n<title>Ready Set Socks (en Anglais) - Along Avec Anna<\/title>\n<meta name=\"robots\" content=\"index, follow, max-snippet:-1, max-image-preview:large, max-video-preview:-1\" \/>\n<link rel=\"canonical\" href=\"https:\/\/www.alongavecanna.com\/fr\/produit\/chaussettes-pretes-a-lemploi\/\" \/>\n<meta property=\"og:locale\" content=\"fr_FR\" \/>\n<meta property=\"og:type\" content=\"article\" \/>\n<meta property=\"og:title\" content=\"Ready Set Socks (en Anglais) - Along Avec Anna\" \/>\n<meta property=\"og:description\" content=\"Il n&#039;y a rien de tel que la sensation de bien-\u00eatre et de confort que procurent les chaussettes tricot\u00e9es \u00e0 la main ! Rapides et agr\u00e9ables \u00e0 confectionner, petites et portables, les chaussettes restent l&#039;un des articles les plus fr\u00e9quemment tricot\u00e9s \u00e0 la main aujourd&#039;hui. Fruit d&#039;une collaboration avec la l\u00e9gendaire Rachel Coopey, Ready Set Socks est notre guide ultime de la fabrication de chaussettes ! Pr\u00e9parez-vous \u00e0 exp\u00e9rimenter, \u00e0 d\u00e9couvrir la magie de la rotation d&#039;un talon et \u00e0 devenir un tricoteur de chaussettes chevronn\u00e9.  Le livre comprend dix mod\u00e8les uniques dans les versions 4 plis \/ fingering et DK-weight. Qu&#039;il s&#039;agisse de chaussettes simples et rapides, de chaussettes c\u00f4tel\u00e9es ou de combinaisons de couleurs en mosa\u00efque, vous serez s\u00fbre de trouver la paire parfaite gr\u00e2ce \u00e0 ce recueil de mod\u00e8les auxquels vous reviendrez encore et encore.\" \/>\n<meta property=\"og:url\" content=\"https:\/\/www.alongavecanna.com\/fr\/produit\/chaussettes-pretes-a-lemploi\/\" \/>\n<meta property=\"og:site_name\" content=\"Along Avec Anna\" \/>\n<meta property=\"article:publisher\" content=\"https:\/\/facebook.com\/alongavecanna\" \/>\n<meta property=\"article:modified_time\" content=\"2023-04-25T16:39:16+00:00\" \/>\n<meta property=\"og:image\" content=\"https:\/\/www.alongavecanna.com\/wp-content\/uploads\/2023\/04\/ReadySetSocksproductimage_1_2048x2048.png.webp\" \/>\n\t<meta property=\"og:image:width\" content=\"960\" \/>\n\t<meta property=\"og:image:height\" content=\"1440\" \/>\n\t<meta property=\"og:image:type\" content=\"image\/webp\" \/>\n<meta name=\"twitter:card\" content=\"summary_large_image\" \/>\n<meta name=\"twitter:label1\" content=\"Dur\u00e9e de lecture estim\u00e9e\" \/>\n\t<meta name=\"twitter:data1\" content=\"1 minute\" \/>\n<script type=\"application\/ld+json\" class=\"yoast-schema-graph\">{\"@context\":\"https:\\\/\\\/schema.org\",\"@graph\":[{\"@type\":\"WebPage\",\"@id\":\"https:\\\/\\\/www.alongavecanna.com\\\/fr\\\/produit\\\/chaussettes-pretes-a-lemploi\\\/\",\"url\":\"https:\\\/\\\/www.alongavecanna.com\\\/fr\\\/produit\\\/chaussettes-pretes-a-lemploi\\\/\",\"name\":\"Ready Set Socks (en Anglais) - Along Avec Anna\",\"isPartOf\":{\"@id\":\"https:\\\/\\\/www.alongavecanna.com\\\/fr\\\/#website\"},\"primaryImageOfPage\":{\"@id\":\"https:\\\/\\\/www.alongavecanna.com\\\/fr\\\/produit\\\/chaussettes-pretes-a-lemploi\\\/#primaryimage\"},\"image\":{\"@id\":\"https:\\\/\\\/www.alongavecanna.com\\\/fr\\\/produit\\\/chaussettes-pretes-a-lemploi\\\/#primaryimage\"},\"thumbnailUrl\":\"https:\\\/\\\/www.alongavecanna.com\\\/wp-content\\\/uploads\\\/2023\\\/04\\\/ReadySetSocksproductimage_1_2048x2048.png.webp\",\"datePublished\":\"2023-04-25T16:24:08+00:00\",\"dateModified\":\"2023-04-25T16:39:16+00:00\",\"breadcrumb\":{\"@id\":\"https:\\\/\\\/www.alongavecanna.com\\\/fr\\\/produit\\\/chaussettes-pretes-a-lemploi\\\/#breadcrumb\"},\"inLanguage\":\"fr-FR\",\"potentialAction\":[{\"@type\":\"ReadAction\",\"target\":[\"https:\\\/\\\/www.alongavecanna.com\\\/fr\\\/produit\\\/chaussettes-pretes-a-lemploi\\\/\"]}]},{\"@type\":\"ImageObject\",\"inLanguage\":\"fr-FR\",\"@id\":\"https:\\\/\\\/www.alongavecanna.com\\\/fr\\\/produit\\\/chaussettes-pretes-a-lemploi\\\/#primaryimage\",\"url\":\"https:\\\/\\\/www.alongavecanna.com\\\/wp-content\\\/uploads\\\/2023\\\/04\\\/ReadySetSocksproductimage_1_2048x2048.png.webp\",\"contentUrl\":\"https:\\\/\\\/www.alongavecanna.com\\\/wp-content\\\/uploads\\\/2023\\\/04\\\/ReadySetSocksproductimage_1_2048x2048.png.webp\",\"width\":960,\"height\":1440},{\"@type\":\"BreadcrumbList\",\"@id\":\"https:\\\/\\\/www.alongavecanna.com\\\/fr\\\/produit\\\/chaussettes-pretes-a-lemploi\\\/#breadcrumb\",\"itemListElement\":[{\"@type\":\"ListItem\",\"position\":1,\"name\":\"Home\",\"item\":\"https:\\\/\\\/www.alongavecanna.com\\\/fr\\\/\"},{\"@type\":\"ListItem\",\"position\":2,\"name\":\"Produits\",\"item\":\"https:\\\/\\\/www.alongavecanna.com\\\/fr\\\/shop\\\/\"},{\"@type\":\"ListItem\",\"position\":3,\"name\":\"Ready Set Socks (en Anglais)\"}]},{\"@type\":\"WebSite\",\"@id\":\"https:\\\/\\\/www.alongavecanna.com\\\/fr\\\/#website\",\"url\":\"https:\\\/\\\/www.alongavecanna.com\\\/fr\\\/\",\"name\":\"Along Avec Anna\",\"description\":\"Ethical yarn &amp; timeless knitting patterns\",\"publisher\":{\"@id\":\"https:\\\/\\\/www.alongavecanna.com\\\/fr\\\/#organization\"},\"potentialAction\":[{\"@type\":\"SearchAction\",\"target\":{\"@type\":\"EntryPoint\",\"urlTemplate\":\"https:\\\/\\\/www.alongavecanna.com\\\/fr\\\/?s={search_term_string}\"},\"query-input\":{\"@type\":\"PropertyValueSpecification\",\"valueRequired\":true,\"valueName\":\"search_term_string\"}}],\"inLanguage\":\"fr-FR\"},{\"@type\":\"Organization\",\"@id\":\"https:\\\/\\\/www.alongavecanna.com\\\/fr\\\/#organization\",\"name\":\"Along Avec Anna\",\"url\":\"https:\\\/\\\/www.alongavecanna.com\\\/fr\\\/\",\"logo\":{\"@type\":\"ImageObject\",\"inLanguage\":\"fr-FR\",\"@id\":\"https:\\\/\\\/www.alongavecanna.com\\\/fr\\\/#\\\/schema\\\/logo\\\/image\\\/\",\"url\":\"https:\\\/\\\/www.alongavecanna.com\\\/wp-content\\\/uploads\\\/2023\\\/01\\\/logo-along-avec-anna.png\",\"contentUrl\":\"https:\\\/\\\/www.alongavecanna.com\\\/wp-content\\\/uploads\\\/2023\\\/01\\\/logo-along-avec-anna.png\",\"width\":1728,\"height\":627,\"caption\":\"Along Avec Anna\"},\"image\":{\"@id\":\"https:\\\/\\\/www.alongavecanna.com\\\/fr\\\/#\\\/schema\\\/logo\\\/image\\\/\"},\"sameAs\":[\"https:\\\/\\\/facebook.com\\\/alongavecanna\",\"https:\\\/\\\/www.instagram.com\\\/along.avec.anna\\\/\"]}]}<\/script>\n<!-- \/ Yoast SEO plugin. -->","yoast_head_json":{"title":"Ready Set Socks (en Anglais) - Along Avec Anna","robots":{"index":"index","follow":"follow","max-snippet":"max-snippet:-1","max-image-preview":"max-image-preview:large","max-video-preview":"max-video-preview:-1"},"canonical":"https:\/\/www.alongavecanna.com\/fr\/produit\/chaussettes-pretes-a-lemploi\/","og_locale":"fr_FR","og_type":"article","og_title":"Ready Set Socks (en Anglais) - Along Avec Anna","og_description":"Il n'y a rien de tel que la sensation de bien-\u00eatre et de confort que procurent les chaussettes tricot\u00e9es \u00e0 la main ! Rapides et agr\u00e9ables \u00e0 confectionner, petites et portables, les chaussettes restent l'un des articles les plus fr\u00e9quemment tricot\u00e9s \u00e0 la main aujourd'hui. Fruit d'une collaboration avec la l\u00e9gendaire Rachel Coopey, Ready Set Socks est notre guide ultime de la fabrication de chaussettes ! Pr\u00e9parez-vous \u00e0 exp\u00e9rimenter, \u00e0 d\u00e9couvrir la magie de la rotation d'un talon et \u00e0 devenir un tricoteur de chaussettes chevronn\u00e9.  Le livre comprend dix mod\u00e8les uniques dans les versions 4 plis \/ fingering et DK-weight. Qu'il s'agisse de chaussettes simples et rapides, de chaussettes c\u00f4tel\u00e9es ou de combinaisons de couleurs en mosa\u00efque, vous serez s\u00fbre de trouver la paire parfaite gr\u00e2ce \u00e0 ce recueil de mod\u00e8les auxquels vous reviendrez encore et encore.","og_url":"https:\/\/www.alongavecanna.com\/fr\/produit\/chaussettes-pretes-a-lemploi\/","og_site_name":"Along Avec Anna","article_publisher":"https:\/\/facebook.com\/alongavecanna","article_modified_time":"2023-04-25T16:39:16+00:00","og_image":[{"width":960,"height":1440,"url":"https:\/\/www.alongavecanna.com\/wp-content\/uploads\/2023\/04\/ReadySetSocksproductimage_1_2048x2048.png.webp","type":"image\/webp"}],"twitter_card":"summary_large_image","twitter_misc":{"Dur\u00e9e de lecture estim\u00e9e":"1 minute"},"schema":{"@context":"https:\/\/schema.org","@graph":[{"@type":"WebPage","@id":"https:\/\/www.alongavecanna.com\/fr\/produit\/chaussettes-pretes-a-lemploi\/","url":"https:\/\/www.alongavecanna.com\/fr\/produit\/chaussettes-pretes-a-lemploi\/","name":"Ready Set Socks (en Anglais) - Along Avec Anna","isPartOf":{"@id":"https:\/\/www.alongavecanna.com\/fr\/#website"},"primaryImageOfPage":{"@id":"https:\/\/www.alongavecanna.com\/fr\/produit\/chaussettes-pretes-a-lemploi\/#primaryimage"},"image":{"@id":"https:\/\/www.alongavecanna.com\/fr\/produit\/chaussettes-pretes-a-lemploi\/#primaryimage"},"thumbnailUrl":"https:\/\/www.alongavecanna.com\/wp-content\/uploads\/2023\/04\/ReadySetSocksproductimage_1_2048x2048.png.webp","datePublished":"2023-04-25T16:24:08+00:00","dateModified":"2023-04-25T16:39:16+00:00","breadcrumb":{"@id":"https:\/\/www.alongavecanna.com\/fr\/produit\/chaussettes-pretes-a-lemploi\/#breadcrumb"},"inLanguage":"fr-FR","potentialAction":[{"@type":"ReadAction","target":["https:\/\/www.alongavecanna.com\/fr\/produit\/chaussettes-pretes-a-lemploi\/"]}]},{"@type":"ImageObject","inLanguage":"fr-FR","@id":"https:\/\/www.alongavecanna.com\/fr\/produit\/chaussettes-pretes-a-lemploi\/#primaryimage","url":"https:\/\/www.alongavecanna.com\/wp-content\/uploads\/2023\/04\/ReadySetSocksproductimage_1_2048x2048.png.webp","contentUrl":"https:\/\/www.alongavecanna.com\/wp-content\/uploads\/2023\/04\/ReadySetSocksproductimage_1_2048x2048.png.webp","width":960,"height":1440},{"@type":"BreadcrumbList","@id":"https:\/\/www.alongavecanna.com\/fr\/produit\/chaussettes-pretes-a-lemploi\/#breadcrumb","itemListElement":[{"@type":"ListItem","position":1,"name":"Home","item":"https:\/\/www.alongavecanna.com\/fr\/"},{"@type":"ListItem","position":2,"name":"Produits","item":"https:\/\/www.alongavecanna.com\/fr\/shop\/"},{"@type":"ListItem","position":3,"name":"Ready Set Socks (en Anglais)"}]},{"@type":"WebSite","@id":"https:\/\/www.alongavecanna.com\/fr\/#website","url":"https:\/\/www.alongavecanna.com\/fr\/","name":"Along Avec Anna","description":"Ethical yarn &amp; timeless knitting patterns","publisher":{"@id":"https:\/\/www.alongavecanna.com\/fr\/#organization"},"potentialAction":[{"@type":"SearchAction","target":{"@type":"EntryPoint","urlTemplate":"https:\/\/www.alongavecanna.com\/fr\/?s={search_term_string}"},"query-input":{"@type":"PropertyValueSpecification","valueRequired":true,"valueName":"search_term_string"}}],"inLanguage":"fr-FR"},{"@type":"Organization","@id":"https:\/\/www.alongavecanna.com\/fr\/#organization","name":"Along Avec Anna","url":"https:\/\/www.alongavecanna.com\/fr\/","logo":{"@type":"ImageObject","inLanguage":"fr-FR","@id":"https:\/\/www.alongavecanna.com\/fr\/#\/schema\/logo\/image\/","url":"https:\/\/www.alongavecanna.com\/wp-content\/uploads\/2023\/01\/logo-along-avec-anna.png","contentUrl":"https:\/\/www.alongavecanna.com\/wp-content\/uploads\/2023\/01\/logo-along-avec-anna.png","width":1728,"height":627,"caption":"Along Avec Anna"},"image":{"@id":"https:\/\/www.alongavecanna.com\/fr\/#\/schema\/logo\/image\/"},"sameAs":["https:\/\/facebook.com\/alongavecanna","https:\/\/www.instagram.com\/along.avec.anna\/"]}]}},"_links":{"self":[{"href":"https:\/\/www.alongavecanna.com\/fr\/wp-json\/wp\/v2\/product\/57175","targetHints":{"allow":["GET"]}}],"collection":[{"href":"https:\/\/www.alongavecanna.com\/fr\/wp-json\/wp\/v2\/product"}],"about":[{"href":"https:\/\/www.alongavecanna.com\/fr\/wp-json\/wp\/v2\/types\/product"}],"replies":[{"embeddable":true,"href":"https:\/\/www.alongavecanna.com\/fr\/wp-json\/wp\/v2\/comments?post=57175"}],"version-history":[{"count":0,"href":"https:\/\/www.alongavecanna.com\/fr\/wp-json\/wp\/v2\/product\/57175\/revisions"}],"wp:featuredmedia":[{"embeddable":true,"href":"https:\/\/www.alongavecanna.com\/fr\/wp-json\/wp\/v2\/media\/57203"}],"wp:attachment":[{"href":"https:\/\/www.alongavecanna.com\/fr\/wp-json\/wp\/v2\/media?parent=57175"}],"wp:term":[{"taxonomy":"product_brand","embeddable":true,"href":"https:\/\/www.alongavecanna.com\/fr\/wp-json\/wp\/v2\/product_brand?post=57175"},{"taxonomy":"product_cat","embeddable":true,"href":"https:\/\/www.alongavecanna.com\/fr\/wp-json\/wp\/v2\/product_cat?post=57175"},{"taxonomy":"product_tag","embeddable":true,"href":"https:\/\/www.alongavecanna.com\/fr\/wp-json\/wp\/v2\/product_tag?post=57175"}],"curies":[{"name":"wp","href":"https:\/\/api.w.org\/{rel}","templated":true}]}}