{"id":57169,"date":"2023-04-25T10:38:31","date_gmt":"2023-04-25T10:38:31","guid":{"rendered":"https:\/\/www.alongavecanna.com\/product\/mini-pom-happy-knits-for-little-kids\/"},"modified":"2023-04-25T16:33:10","modified_gmt":"2023-04-25T16:33:10","slug":"mini-pom","status":"publish","type":"product","link":"https:\/\/www.alongavecanna.com\/fr\/produit\/mini-pom\/","title":{"rendered":"Mini Pom &#8211; Happy Knits for Little Kids (en Anglais)"},"content":{"rendered":"<p style=\"text-align: justify;\"><em>Mini Pom<\/em> est une collection de 11 mod\u00e8les de tricot et de crochet polyvalents pour les enfants de 0 \u00e0 10 ans. il r\u00e9imagine des mod\u00e8les classiques pour adultes issus des archives de Pom Pom pour nos petits amis, ainsi que des mod\u00e8les sp\u00e9cialement con\u00e7us pour les enfants, le tout dans le style amusant et moderne qui a fait notre r\u00e9putation.<\/p>\n<p>Chacun de ces mod\u00e8les a \u00e9t\u00e9 choisi et con\u00e7u en tenant compte de la croissance du corps et de la fa\u00e7on dont il bouge. De <em>Mini Woodwardia<\/em>, notre pull-over raglan classique et polyvalent, \u00e0 <em>Mini Batternberg<\/em>, un cardigan carr\u00e9 inspir\u00e9 par le plus fantaisiste des desserts, en passant par <em>Mini Skipworth<\/em>, les parfaites petites moufles pour les jours les plus froids, ce sont des mod\u00e8les que nous savons que vous voudrez retrouver encore et encore !<\/p>\n<p style=\"text-align: justify;\">Avec des cr\u00e9ations de : LYDIA GLUCK \/\/ MEGHAN FERNANDES \/\/ SOPHIE HEATHSCOTT \/\/ FIONA ALICE \/\/ RACHEL COOPEY \/\/ GINA FAMA R\u00d6CKENWAGNER \/\/ TOSHIYUKI SHIMADA \/\/ KIYOMI + SACHIKO BURGIN<\/p>\n<p>Nous avons \u00e9galement fourni des pages de coloriage pour tous les motifs du livre, afin que les enfants (et les adultes !) puissent exp\u00e9rimenter et cr\u00e9er leurs propres motifs. Et n&rsquo;oublie pas que chaque exemplaire est accompagn\u00e9 d&rsquo;un t\u00e9l\u00e9chargement num\u00e9rique gratuit, ce qui te permet d&rsquo;imprimer facilement ces pages pour explorer encore plus de couleurs !<\/p>\n<ul>\n<li>136 pages<\/li>\n<li>Largeur : 245 mm<\/li>\n<li>Hauteur : 217 mm<\/li>\n<li>Couverture souple, reli\u00e9e sans couture<\/li>\n<li>Imprim\u00e9 au Royaume-Uni<\/li>\n<\/ul>\n<p class=\"p1\"><strong>Publi\u00e9 le<\/strong> 22 novembre 2022<\/p>\n","protected":false},"excerpt":{"rendered":"<p style=\"text-align: justify;\"><em>Mini Pom<\/em> est une collection de 11 mod\u00e8les de tricot et de crochet polyvalents pour les enfants de 0 \u00e0 10 ans. Il r\u00e9imagine des mod\u00e8les classiques pour adultes issus des archives de Pom Pom pour nos petits amis, ainsi que des mod\u00e8les sp\u00e9cialement con\u00e7us pour les enfants, le tout dans le style amusant et moderne qui a fait notre r\u00e9putation.<\/p>\n<p>Chacun de ces mod\u00e8les a \u00e9t\u00e9 choisi et con\u00e7u en tenant compte de la croissance du corps et de la fa\u00e7on dont il bouge. De <em>Mini Woodwardia<\/em>, notre pull-over raglan classique et polyvalent, \u00e0 <em>Mini Batternberg<\/em>, un cardigan carr\u00e9 inspir\u00e9 du plus fantaisiste des desserts, en passant par <em>Mini Skipworth<\/em>, les parfaites petites mitaines pour les jours les plus froids, ce sont des mod\u00e8les que nous savons que vous voudrez retrouver encore et encore !<\/p>\n<p style=\"text-align: justify;\">Avec des cr\u00e9ations de : LYDIA GLUCK \/\/ MEGHAN FERNANDES \/\/ SOPHIE HEATHSCOTT \/\/ FIONA ALICE \/\/ RACHEL COOPEY \/\/ GINA FAMA R\u00d6CKENWAGNER \/\/ TOSHIYUKI SHIMADA \/\/ KIYOMI + SACHIKO BURGIN<\/p>\n<p>Nous avons \u00e9galement fourni des pages de coloriage pour tous les motifs du livre, afin que les enfants (et les adultes !) puissent exp\u00e9rimenter et cr\u00e9er leurs propres motifs. Et n&rsquo;oublie pas que chaque exemplaire est accompagn\u00e9 d&rsquo;un t\u00e9l\u00e9chargement num\u00e9rique gratuit, ce qui te permet d&rsquo;imprimer facilement ces pages pour explorer encore plus de couleurs !<\/p>\n","protected":false},"featured_media":57168,"comment_status":"open","ping_status":"closed","template":"","meta":[],"product_brand":[],"product_cat":[401],"product_tag":[],"class_list":{"0":"post-57169","1":"product","2":"type-product","3":"status-publish","4":"has-post-thumbnail","6":"product_cat-livres","7":"product_shipping_class-grande-lettre-magazines-livres-500g","9":"first","10":"instock","11":"taxable","12":"shipping-taxable","13":"purchasable","14":"product-type-simple"},"yoast_head":"<!-- This site is optimized with the Yoast SEO plugin v27.4 - https:\/\/yoast.com\/product\/yoast-seo-wordpress\/ -->\n<title>Mini Pom - Happy Knits for Little Kids (en Anglais) - Along Avec Anna<\/title>\n<meta name=\"robots\" content=\"index, follow, max-snippet:-1, max-image-preview:large, max-video-preview:-1\" \/>\n<link rel=\"canonical\" href=\"https:\/\/www.alongavecanna.com\/fr\/produit\/mini-pom\/\" \/>\n<meta property=\"og:locale\" content=\"fr_FR\" \/>\n<meta property=\"og:type\" content=\"article\" \/>\n<meta property=\"og:title\" content=\"Mini Pom - Happy Knits for Little Kids (en Anglais) - Along Avec Anna\" \/>\n<meta property=\"og:description\" content=\"Mini Pom est une collection de 11 mod\u00e8les de tricot et de crochet polyvalents pour les enfants de 0 \u00e0 10 ans. Il r\u00e9imagine des mod\u00e8les classiques pour adultes issus des archives de Pom Pom pour nos petits amis, ainsi que des mod\u00e8les sp\u00e9cialement con\u00e7us pour les enfants, le tout dans le style amusant et moderne qui a fait notre r\u00e9putation. Chacun de ces mod\u00e8les a \u00e9t\u00e9 choisi et con\u00e7u en tenant compte de la croissance du corps et de la fa\u00e7on dont il bouge. De Mini Woodwardia, notre pull-over raglan classique et polyvalent, \u00e0 Mini Batternberg, un cardigan carr\u00e9 inspir\u00e9 du plus fantaisiste des desserts, en passant par Mini Skipworth, les parfaites petites mitaines pour les jours les plus froids, ce sont des mod\u00e8les que nous savons que vous voudrez retrouver encore et encore ! Avec des cr\u00e9ations de : LYDIA GLUCK \/\/ MEGHAN FERNANDES \/\/ SOPHIE HEATHSCOTT \/\/ FIONA ALICE \/\/ RACHEL COOPEY \/\/ GINA FAMA R\u00d6CKENWAGNER \/\/ TOSHIYUKI SHIMADA \/\/ KIYOMI + SACHIKO BURGIN Nous avons \u00e9galement fourni des pages de coloriage pour tous les motifs du livre, afin que les enfants (et les adultes !) puissent exp\u00e9rimenter et cr\u00e9er leurs propres motifs. Et n&#039;oublie pas que chaque exemplaire est accompagn\u00e9 d&#039;un t\u00e9l\u00e9chargement num\u00e9rique gratuit, ce qui te permet d&#039;imprimer facilement ces pages pour explorer encore plus de couleurs !\" \/>\n<meta property=\"og:url\" content=\"https:\/\/www.alongavecanna.com\/fr\/produit\/mini-pom\/\" \/>\n<meta property=\"og:site_name\" content=\"Along Avec Anna\" \/>\n<meta property=\"article:publisher\" content=\"https:\/\/facebook.com\/alongavecanna\" \/>\n<meta property=\"article:modified_time\" content=\"2023-04-25T16:33:10+00:00\" \/>\n<meta property=\"og:image\" content=\"https:\/\/www.alongavecanna.com\/wp-content\/uploads\/2023\/04\/MiniPomProductImage_2048x2048.png.webp\" \/>\n\t<meta property=\"og:image:width\" content=\"960\" \/>\n\t<meta property=\"og:image:height\" content=\"1440\" \/>\n\t<meta property=\"og:image:type\" content=\"image\/webp\" \/>\n<meta name=\"twitter:card\" content=\"summary_large_image\" \/>\n<meta name=\"twitter:label1\" content=\"Dur\u00e9e de lecture estim\u00e9e\" \/>\n\t<meta name=\"twitter:data1\" content=\"1 minute\" \/>\n<script type=\"application\/ld+json\" class=\"yoast-schema-graph\">{\"@context\":\"https:\\\/\\\/schema.org\",\"@graph\":[{\"@type\":\"WebPage\",\"@id\":\"https:\\\/\\\/www.alongavecanna.com\\\/fr\\\/produit\\\/mini-pom\\\/\",\"url\":\"https:\\\/\\\/www.alongavecanna.com\\\/fr\\\/produit\\\/mini-pom\\\/\",\"name\":\"Mini Pom - Happy Knits for Little Kids (en Anglais) - Along Avec Anna\",\"isPartOf\":{\"@id\":\"https:\\\/\\\/www.alongavecanna.com\\\/fr\\\/#website\"},\"primaryImageOfPage\":{\"@id\":\"https:\\\/\\\/www.alongavecanna.com\\\/fr\\\/produit\\\/mini-pom\\\/#primaryimage\"},\"image\":{\"@id\":\"https:\\\/\\\/www.alongavecanna.com\\\/fr\\\/produit\\\/mini-pom\\\/#primaryimage\"},\"thumbnailUrl\":\"https:\\\/\\\/www.alongavecanna.com\\\/wp-content\\\/uploads\\\/2023\\\/04\\\/MiniPomProductImage_2048x2048.png.webp\",\"datePublished\":\"2023-04-25T10:38:31+00:00\",\"dateModified\":\"2023-04-25T16:33:10+00:00\",\"breadcrumb\":{\"@id\":\"https:\\\/\\\/www.alongavecanna.com\\\/fr\\\/produit\\\/mini-pom\\\/#breadcrumb\"},\"inLanguage\":\"fr-FR\",\"potentialAction\":[{\"@type\":\"ReadAction\",\"target\":[\"https:\\\/\\\/www.alongavecanna.com\\\/fr\\\/produit\\\/mini-pom\\\/\"]}]},{\"@type\":\"ImageObject\",\"inLanguage\":\"fr-FR\",\"@id\":\"https:\\\/\\\/www.alongavecanna.com\\\/fr\\\/produit\\\/mini-pom\\\/#primaryimage\",\"url\":\"https:\\\/\\\/www.alongavecanna.com\\\/wp-content\\\/uploads\\\/2023\\\/04\\\/MiniPomProductImage_2048x2048.png.webp\",\"contentUrl\":\"https:\\\/\\\/www.alongavecanna.com\\\/wp-content\\\/uploads\\\/2023\\\/04\\\/MiniPomProductImage_2048x2048.png.webp\",\"width\":960,\"height\":1440},{\"@type\":\"BreadcrumbList\",\"@id\":\"https:\\\/\\\/www.alongavecanna.com\\\/fr\\\/produit\\\/mini-pom\\\/#breadcrumb\",\"itemListElement\":[{\"@type\":\"ListItem\",\"position\":1,\"name\":\"Home\",\"item\":\"https:\\\/\\\/www.alongavecanna.com\\\/fr\\\/\"},{\"@type\":\"ListItem\",\"position\":2,\"name\":\"Produits\",\"item\":\"https:\\\/\\\/www.alongavecanna.com\\\/fr\\\/shop\\\/\"},{\"@type\":\"ListItem\",\"position\":3,\"name\":\"Mini Pom &#8211; Happy Knits for Little Kids (en Anglais)\"}]},{\"@type\":\"WebSite\",\"@id\":\"https:\\\/\\\/www.alongavecanna.com\\\/fr\\\/#website\",\"url\":\"https:\\\/\\\/www.alongavecanna.com\\\/fr\\\/\",\"name\":\"Along Avec Anna\",\"description\":\"Ethical yarn &amp; timeless knitting patterns\",\"publisher\":{\"@id\":\"https:\\\/\\\/www.alongavecanna.com\\\/fr\\\/#organization\"},\"potentialAction\":[{\"@type\":\"SearchAction\",\"target\":{\"@type\":\"EntryPoint\",\"urlTemplate\":\"https:\\\/\\\/www.alongavecanna.com\\\/fr\\\/?s={search_term_string}\"},\"query-input\":{\"@type\":\"PropertyValueSpecification\",\"valueRequired\":true,\"valueName\":\"search_term_string\"}}],\"inLanguage\":\"fr-FR\"},{\"@type\":\"Organization\",\"@id\":\"https:\\\/\\\/www.alongavecanna.com\\\/fr\\\/#organization\",\"name\":\"Along Avec Anna\",\"url\":\"https:\\\/\\\/www.alongavecanna.com\\\/fr\\\/\",\"logo\":{\"@type\":\"ImageObject\",\"inLanguage\":\"fr-FR\",\"@id\":\"https:\\\/\\\/www.alongavecanna.com\\\/fr\\\/#\\\/schema\\\/logo\\\/image\\\/\",\"url\":\"https:\\\/\\\/www.alongavecanna.com\\\/wp-content\\\/uploads\\\/2023\\\/01\\\/logo-along-avec-anna.png\",\"contentUrl\":\"https:\\\/\\\/www.alongavecanna.com\\\/wp-content\\\/uploads\\\/2023\\\/01\\\/logo-along-avec-anna.png\",\"width\":1728,\"height\":627,\"caption\":\"Along Avec Anna\"},\"image\":{\"@id\":\"https:\\\/\\\/www.alongavecanna.com\\\/fr\\\/#\\\/schema\\\/logo\\\/image\\\/\"},\"sameAs\":[\"https:\\\/\\\/facebook.com\\\/alongavecanna\",\"https:\\\/\\\/www.instagram.com\\\/along.avec.anna\\\/\"]}]}<\/script>\n<!-- \/ Yoast SEO plugin. -->","yoast_head_json":{"title":"Mini Pom - Happy Knits for Little Kids (en Anglais) - Along Avec Anna","robots":{"index":"index","follow":"follow","max-snippet":"max-snippet:-1","max-image-preview":"max-image-preview:large","max-video-preview":"max-video-preview:-1"},"canonical":"https:\/\/www.alongavecanna.com\/fr\/produit\/mini-pom\/","og_locale":"fr_FR","og_type":"article","og_title":"Mini Pom - Happy Knits for Little Kids (en Anglais) - Along Avec Anna","og_description":"Mini Pom est une collection de 11 mod\u00e8les de tricot et de crochet polyvalents pour les enfants de 0 \u00e0 10 ans. Il r\u00e9imagine des mod\u00e8les classiques pour adultes issus des archives de Pom Pom pour nos petits amis, ainsi que des mod\u00e8les sp\u00e9cialement con\u00e7us pour les enfants, le tout dans le style amusant et moderne qui a fait notre r\u00e9putation. Chacun de ces mod\u00e8les a \u00e9t\u00e9 choisi et con\u00e7u en tenant compte de la croissance du corps et de la fa\u00e7on dont il bouge. De Mini Woodwardia, notre pull-over raglan classique et polyvalent, \u00e0 Mini Batternberg, un cardigan carr\u00e9 inspir\u00e9 du plus fantaisiste des desserts, en passant par Mini Skipworth, les parfaites petites mitaines pour les jours les plus froids, ce sont des mod\u00e8les que nous savons que vous voudrez retrouver encore et encore ! Avec des cr\u00e9ations de : LYDIA GLUCK \/\/ MEGHAN FERNANDES \/\/ SOPHIE HEATHSCOTT \/\/ FIONA ALICE \/\/ RACHEL COOPEY \/\/ GINA FAMA R\u00d6CKENWAGNER \/\/ TOSHIYUKI SHIMADA \/\/ KIYOMI + SACHIKO BURGIN Nous avons \u00e9galement fourni des pages de coloriage pour tous les motifs du livre, afin que les enfants (et les adultes !) puissent exp\u00e9rimenter et cr\u00e9er leurs propres motifs. Et n'oublie pas que chaque exemplaire est accompagn\u00e9 d'un t\u00e9l\u00e9chargement num\u00e9rique gratuit, ce qui te permet d'imprimer facilement ces pages pour explorer encore plus de couleurs !","og_url":"https:\/\/www.alongavecanna.com\/fr\/produit\/mini-pom\/","og_site_name":"Along Avec Anna","article_publisher":"https:\/\/facebook.com\/alongavecanna","article_modified_time":"2023-04-25T16:33:10+00:00","og_image":[{"width":960,"height":1440,"url":"https:\/\/www.alongavecanna.com\/wp-content\/uploads\/2023\/04\/MiniPomProductImage_2048x2048.png.webp","type":"image\/webp"}],"twitter_card":"summary_large_image","twitter_misc":{"Dur\u00e9e de lecture estim\u00e9e":"1 minute"},"schema":{"@context":"https:\/\/schema.org","@graph":[{"@type":"WebPage","@id":"https:\/\/www.alongavecanna.com\/fr\/produit\/mini-pom\/","url":"https:\/\/www.alongavecanna.com\/fr\/produit\/mini-pom\/","name":"Mini Pom - Happy Knits for Little Kids (en Anglais) - Along Avec Anna","isPartOf":{"@id":"https:\/\/www.alongavecanna.com\/fr\/#website"},"primaryImageOfPage":{"@id":"https:\/\/www.alongavecanna.com\/fr\/produit\/mini-pom\/#primaryimage"},"image":{"@id":"https:\/\/www.alongavecanna.com\/fr\/produit\/mini-pom\/#primaryimage"},"thumbnailUrl":"https:\/\/www.alongavecanna.com\/wp-content\/uploads\/2023\/04\/MiniPomProductImage_2048x2048.png.webp","datePublished":"2023-04-25T10:38:31+00:00","dateModified":"2023-04-25T16:33:10+00:00","breadcrumb":{"@id":"https:\/\/www.alongavecanna.com\/fr\/produit\/mini-pom\/#breadcrumb"},"inLanguage":"fr-FR","potentialAction":[{"@type":"ReadAction","target":["https:\/\/www.alongavecanna.com\/fr\/produit\/mini-pom\/"]}]},{"@type":"ImageObject","inLanguage":"fr-FR","@id":"https:\/\/www.alongavecanna.com\/fr\/produit\/mini-pom\/#primaryimage","url":"https:\/\/www.alongavecanna.com\/wp-content\/uploads\/2023\/04\/MiniPomProductImage_2048x2048.png.webp","contentUrl":"https:\/\/www.alongavecanna.com\/wp-content\/uploads\/2023\/04\/MiniPomProductImage_2048x2048.png.webp","width":960,"height":1440},{"@type":"BreadcrumbList","@id":"https:\/\/www.alongavecanna.com\/fr\/produit\/mini-pom\/#breadcrumb","itemListElement":[{"@type":"ListItem","position":1,"name":"Home","item":"https:\/\/www.alongavecanna.com\/fr\/"},{"@type":"ListItem","position":2,"name":"Produits","item":"https:\/\/www.alongavecanna.com\/fr\/shop\/"},{"@type":"ListItem","position":3,"name":"Mini Pom &#8211; Happy Knits for Little Kids (en Anglais)"}]},{"@type":"WebSite","@id":"https:\/\/www.alongavecanna.com\/fr\/#website","url":"https:\/\/www.alongavecanna.com\/fr\/","name":"Along Avec Anna","description":"Ethical yarn &amp; timeless knitting patterns","publisher":{"@id":"https:\/\/www.alongavecanna.com\/fr\/#organization"},"potentialAction":[{"@type":"SearchAction","target":{"@type":"EntryPoint","urlTemplate":"https:\/\/www.alongavecanna.com\/fr\/?s={search_term_string}"},"query-input":{"@type":"PropertyValueSpecification","valueRequired":true,"valueName":"search_term_string"}}],"inLanguage":"fr-FR"},{"@type":"Organization","@id":"https:\/\/www.alongavecanna.com\/fr\/#organization","name":"Along Avec Anna","url":"https:\/\/www.alongavecanna.com\/fr\/","logo":{"@type":"ImageObject","inLanguage":"fr-FR","@id":"https:\/\/www.alongavecanna.com\/fr\/#\/schema\/logo\/image\/","url":"https:\/\/www.alongavecanna.com\/wp-content\/uploads\/2023\/01\/logo-along-avec-anna.png","contentUrl":"https:\/\/www.alongavecanna.com\/wp-content\/uploads\/2023\/01\/logo-along-avec-anna.png","width":1728,"height":627,"caption":"Along Avec Anna"},"image":{"@id":"https:\/\/www.alongavecanna.com\/fr\/#\/schema\/logo\/image\/"},"sameAs":["https:\/\/facebook.com\/alongavecanna","https:\/\/www.instagram.com\/along.avec.anna\/"]}]}},"_links":{"self":[{"href":"https:\/\/www.alongavecanna.com\/fr\/wp-json\/wp\/v2\/product\/57169","targetHints":{"allow":["GET"]}}],"collection":[{"href":"https:\/\/www.alongavecanna.com\/fr\/wp-json\/wp\/v2\/product"}],"about":[{"href":"https:\/\/www.alongavecanna.com\/fr\/wp-json\/wp\/v2\/types\/product"}],"replies":[{"embeddable":true,"href":"https:\/\/www.alongavecanna.com\/fr\/wp-json\/wp\/v2\/comments?post=57169"}],"version-history":[{"count":0,"href":"https:\/\/www.alongavecanna.com\/fr\/wp-json\/wp\/v2\/product\/57169\/revisions"}],"wp:featuredmedia":[{"embeddable":true,"href":"https:\/\/www.alongavecanna.com\/fr\/wp-json\/wp\/v2\/media\/57168"}],"wp:attachment":[{"href":"https:\/\/www.alongavecanna.com\/fr\/wp-json\/wp\/v2\/media?parent=57169"}],"wp:term":[{"taxonomy":"product_brand","embeddable":true,"href":"https:\/\/www.alongavecanna.com\/fr\/wp-json\/wp\/v2\/product_brand?post=57169"},{"taxonomy":"product_cat","embeddable":true,"href":"https:\/\/www.alongavecanna.com\/fr\/wp-json\/wp\/v2\/product_cat?post=57169"},{"taxonomy":"product_tag","embeddable":true,"href":"https:\/\/www.alongavecanna.com\/fr\/wp-json\/wp\/v2\/product_tag?post=57169"}],"curies":[{"name":"wp","href":"https:\/\/api.w.org\/{rel}","templated":true}]}}