{"id":56737,"date":"2023-04-12T10:44:53","date_gmt":"2023-04-12T10:44:53","guid":{"rendered":"https:\/\/www.alongavecanna.com\/?post_type=product&#038;p=56737"},"modified":"2023-04-15T19:20:06","modified_gmt":"2023-04-15T19:20:06","slug":"the-believe-set","status":"publish","type":"product","link":"https:\/\/www.alongavecanna.com\/fr\/produit\/the-believe-set\/","title":{"rendered":"The Believe Set &#8211; Set cadeau (13cm)"},"content":{"rendered":"<p><strong>GAMME DE TAILLES DISPONIBLES :<\/strong><\/p>\n<ul>\n<li><strong>MM : <\/strong>3.00, 3.50, 4.00, 4.50, 5.00, 5.50 &amp; 6.00<\/li>\n<li><strong>US : <\/strong>2.5, 4, 6, 7, 8, 9 &amp; 10<\/li>\n<\/ul>\n<p><strong>CABLES :<\/strong><\/p>\n<p>3 c\u00e2bles pivotants (rotation de 360 degr\u00e9s) : 1 c\u00e2ble de 60 cm (24&Prime;), 80 cm (32&Prime;) et 100 cm (40&Prime;).<\/p>\n<p><strong>ACCESSOIRES :<\/strong><\/p>\n<ul>\n<li>1 paire de connecteurs de c\u00e2bles<\/li>\n<li>1 Jauge d&rsquo;aiguille<\/li>\n<li>2 cl\u00e9s de c\u00e2ble<\/li>\n<li>2 aiguilles \u00e0 repriser<\/li>\n<li>4 Capuchons d&rsquo;extr\u00e9mit\u00e9<\/li>\n<li>10 Marqueurs de points fendus<\/li>\n<li>10 marqueurs de point de verrouillage<\/li>\n<li>30 marqueurs de points ronds<\/li>\n<\/ul>\n<p>&nbsp;<\/p>\n<p><strong>EMBALLAGE :<\/strong><\/p>\n<p>\u00c9tui en tissu avec motifs floraux<\/p>\n","protected":false},"excerpt":{"rendered":"<p class=\"head-bold\"><strong>SET D&rsquo;AIGUILLES INTERCHANGEABLES 13CM (5&Prime;)<\/strong><\/p>\n<p>Le set d&rsquo;aiguilles \u00e0 dentelle Believe contient les 7 tailles les plus populaires dont les tricoteuses ont le plus souvent besoin. Les pointes d&rsquo;aiguille circulaires interchangeables, les 3 c\u00e2bles pivotants et le vaste assortiment d&rsquo;accessoires sont emball\u00e9s dans un \u00e9tui rectangulaire en tissu arborant les graphiques du th\u00e8me Mindful.<\/p>\n<p>Pour une organisation syst\u00e9matique, une pochette amovible en tissu multi-usages est propos\u00e9e pour ranger tous les c\u00e2bles et accessoires, et toutes les aiguilles peuvent \u00eatre rang\u00e9es proprement dans des emplacements d\u00e9sign\u00e9s avec \u00e9tiquetage de la taille.<\/p>\n","protected":false},"featured_media":56745,"comment_status":"open","ping_status":"closed","template":"","meta":[],"product_brand":[],"product_cat":[384,378,474],"product_tag":[],"class_list":{"0":"post-56737","1":"product","2":"type-product","3":"status-publish","4":"has-post-thumbnail","6":"product_cat-aiguilles","7":"product_cat-boutique","8":"product_cat-tout-ce-dont-vous-avez-besoin","9":"product_shipping_class-small-parcel-laine-fr","11":"first","12":"instock","13":"taxable","14":"shipping-taxable","15":"purchasable","16":"product-type-simple"},"yoast_head":"<!-- This site is optimized with the Yoast SEO plugin v27.4 - https:\/\/yoast.com\/product\/yoast-seo-wordpress\/ -->\n<title>The Believe Set - Set cadeau (13cm) - Along Avec Anna<\/title>\n<meta name=\"robots\" content=\"index, follow, max-snippet:-1, max-image-preview:large, max-video-preview:-1\" \/>\n<link rel=\"canonical\" href=\"https:\/\/www.alongavecanna.com\/fr\/produit\/the-believe-set\/\" \/>\n<meta property=\"og:locale\" content=\"fr_FR\" \/>\n<meta property=\"og:type\" content=\"article\" \/>\n<meta property=\"og:title\" content=\"The Believe Set - Set cadeau (13cm) - Along Avec Anna\" \/>\n<meta property=\"og:description\" content=\"SET D&#039;AIGUILLES INTERCHANGEABLES 13CM (5&quot;) Le set d&#039;aiguilles \u00e0 dentelle Believe contient les 7 tailles les plus populaires dont les tricoteuses ont le plus souvent besoin. Les pointes d&#039;aiguille circulaires interchangeables, les 3 c\u00e2bles pivotants et le vaste assortiment d&#039;accessoires sont emball\u00e9s dans un \u00e9tui rectangulaire en tissu arborant les graphiques du th\u00e8me Mindful.  Pour une organisation syst\u00e9matique, une pochette amovible en tissu multi-usages est propos\u00e9e pour ranger tous les c\u00e2bles et accessoires, et toutes les aiguilles peuvent \u00eatre rang\u00e9es proprement dans des emplacements d\u00e9sign\u00e9s avec \u00e9tiquetage de la taille.\" \/>\n<meta property=\"og:url\" content=\"https:\/\/www.alongavecanna.com\/fr\/produit\/the-believe-set\/\" \/>\n<meta property=\"og:site_name\" content=\"Along Avec Anna\" \/>\n<meta property=\"article:publisher\" content=\"https:\/\/facebook.com\/alongavecanna\" \/>\n<meta property=\"article:modified_time\" content=\"2023-04-15T19:20:06+00:00\" \/>\n<meta property=\"og:image\" content=\"https:\/\/www.alongavecanna.com\/wp-content\/uploads\/2023\/04\/the-believe-set-1.jpg\" \/>\n\t<meta property=\"og:image:width\" content=\"1000\" \/>\n\t<meta property=\"og:image:height\" content=\"1000\" \/>\n\t<meta property=\"og:image:type\" content=\"image\/jpeg\" \/>\n<meta name=\"twitter:card\" content=\"summary_large_image\" \/>\n<script type=\"application\/ld+json\" class=\"yoast-schema-graph\">{\"@context\":\"https:\\\/\\\/schema.org\",\"@graph\":[{\"@type\":\"WebPage\",\"@id\":\"https:\\\/\\\/www.alongavecanna.com\\\/fr\\\/produit\\\/the-believe-set\\\/\",\"url\":\"https:\\\/\\\/www.alongavecanna.com\\\/fr\\\/produit\\\/the-believe-set\\\/\",\"name\":\"The Believe Set - Set cadeau (13cm) - Along Avec Anna\",\"isPartOf\":{\"@id\":\"https:\\\/\\\/www.alongavecanna.com\\\/fr\\\/#website\"},\"primaryImageOfPage\":{\"@id\":\"https:\\\/\\\/www.alongavecanna.com\\\/fr\\\/produit\\\/the-believe-set\\\/#primaryimage\"},\"image\":{\"@id\":\"https:\\\/\\\/www.alongavecanna.com\\\/fr\\\/produit\\\/the-believe-set\\\/#primaryimage\"},\"thumbnailUrl\":\"https:\\\/\\\/www.alongavecanna.com\\\/wp-content\\\/uploads\\\/2023\\\/04\\\/the-believe-set-1.jpg\",\"datePublished\":\"2023-04-12T10:44:53+00:00\",\"dateModified\":\"2023-04-15T19:20:06+00:00\",\"breadcrumb\":{\"@id\":\"https:\\\/\\\/www.alongavecanna.com\\\/fr\\\/produit\\\/the-believe-set\\\/#breadcrumb\"},\"inLanguage\":\"fr-FR\",\"potentialAction\":[{\"@type\":\"ReadAction\",\"target\":[\"https:\\\/\\\/www.alongavecanna.com\\\/fr\\\/produit\\\/the-believe-set\\\/\"]}]},{\"@type\":\"ImageObject\",\"inLanguage\":\"fr-FR\",\"@id\":\"https:\\\/\\\/www.alongavecanna.com\\\/fr\\\/produit\\\/the-believe-set\\\/#primaryimage\",\"url\":\"https:\\\/\\\/www.alongavecanna.com\\\/wp-content\\\/uploads\\\/2023\\\/04\\\/the-believe-set-1.jpg\",\"contentUrl\":\"https:\\\/\\\/www.alongavecanna.com\\\/wp-content\\\/uploads\\\/2023\\\/04\\\/the-believe-set-1.jpg\",\"width\":1000,\"height\":1000},{\"@type\":\"BreadcrumbList\",\"@id\":\"https:\\\/\\\/www.alongavecanna.com\\\/fr\\\/produit\\\/the-believe-set\\\/#breadcrumb\",\"itemListElement\":[{\"@type\":\"ListItem\",\"position\":1,\"name\":\"Home\",\"item\":\"https:\\\/\\\/www.alongavecanna.com\\\/fr\\\/\"},{\"@type\":\"ListItem\",\"position\":2,\"name\":\"Produits\",\"item\":\"https:\\\/\\\/www.alongavecanna.com\\\/fr\\\/shop\\\/\"},{\"@type\":\"ListItem\",\"position\":3,\"name\":\"The Believe Set &#8211; Set cadeau (13cm)\"}]},{\"@type\":\"WebSite\",\"@id\":\"https:\\\/\\\/www.alongavecanna.com\\\/fr\\\/#website\",\"url\":\"https:\\\/\\\/www.alongavecanna.com\\\/fr\\\/\",\"name\":\"Along Avec Anna\",\"description\":\"Ethical yarn &amp; timeless knitting patterns\",\"publisher\":{\"@id\":\"https:\\\/\\\/www.alongavecanna.com\\\/fr\\\/#organization\"},\"potentialAction\":[{\"@type\":\"SearchAction\",\"target\":{\"@type\":\"EntryPoint\",\"urlTemplate\":\"https:\\\/\\\/www.alongavecanna.com\\\/fr\\\/?s={search_term_string}\"},\"query-input\":{\"@type\":\"PropertyValueSpecification\",\"valueRequired\":true,\"valueName\":\"search_term_string\"}}],\"inLanguage\":\"fr-FR\"},{\"@type\":\"Organization\",\"@id\":\"https:\\\/\\\/www.alongavecanna.com\\\/fr\\\/#organization\",\"name\":\"Along Avec Anna\",\"url\":\"https:\\\/\\\/www.alongavecanna.com\\\/fr\\\/\",\"logo\":{\"@type\":\"ImageObject\",\"inLanguage\":\"fr-FR\",\"@id\":\"https:\\\/\\\/www.alongavecanna.com\\\/fr\\\/#\\\/schema\\\/logo\\\/image\\\/\",\"url\":\"https:\\\/\\\/www.alongavecanna.com\\\/wp-content\\\/uploads\\\/2023\\\/01\\\/logo-along-avec-anna.png\",\"contentUrl\":\"https:\\\/\\\/www.alongavecanna.com\\\/wp-content\\\/uploads\\\/2023\\\/01\\\/logo-along-avec-anna.png\",\"width\":1728,\"height\":627,\"caption\":\"Along Avec Anna\"},\"image\":{\"@id\":\"https:\\\/\\\/www.alongavecanna.com\\\/fr\\\/#\\\/schema\\\/logo\\\/image\\\/\"},\"sameAs\":[\"https:\\\/\\\/facebook.com\\\/alongavecanna\",\"https:\\\/\\\/www.instagram.com\\\/along.avec.anna\\\/\"]}]}<\/script>\n<!-- \/ Yoast SEO plugin. -->","yoast_head_json":{"title":"The Believe Set - Set cadeau (13cm) - Along Avec Anna","robots":{"index":"index","follow":"follow","max-snippet":"max-snippet:-1","max-image-preview":"max-image-preview:large","max-video-preview":"max-video-preview:-1"},"canonical":"https:\/\/www.alongavecanna.com\/fr\/produit\/the-believe-set\/","og_locale":"fr_FR","og_type":"article","og_title":"The Believe Set - Set cadeau (13cm) - Along Avec Anna","og_description":"SET D'AIGUILLES INTERCHANGEABLES 13CM (5\") Le set d'aiguilles \u00e0 dentelle Believe contient les 7 tailles les plus populaires dont les tricoteuses ont le plus souvent besoin. Les pointes d'aiguille circulaires interchangeables, les 3 c\u00e2bles pivotants et le vaste assortiment d'accessoires sont emball\u00e9s dans un \u00e9tui rectangulaire en tissu arborant les graphiques du th\u00e8me Mindful.  Pour une organisation syst\u00e9matique, une pochette amovible en tissu multi-usages est propos\u00e9e pour ranger tous les c\u00e2bles et accessoires, et toutes les aiguilles peuvent \u00eatre rang\u00e9es proprement dans des emplacements d\u00e9sign\u00e9s avec \u00e9tiquetage de la taille.","og_url":"https:\/\/www.alongavecanna.com\/fr\/produit\/the-believe-set\/","og_site_name":"Along Avec Anna","article_publisher":"https:\/\/facebook.com\/alongavecanna","article_modified_time":"2023-04-15T19:20:06+00:00","og_image":[{"width":1000,"height":1000,"url":"https:\/\/www.alongavecanna.com\/wp-content\/uploads\/2023\/04\/the-believe-set-1.jpg","type":"image\/jpeg"}],"twitter_card":"summary_large_image","schema":{"@context":"https:\/\/schema.org","@graph":[{"@type":"WebPage","@id":"https:\/\/www.alongavecanna.com\/fr\/produit\/the-believe-set\/","url":"https:\/\/www.alongavecanna.com\/fr\/produit\/the-believe-set\/","name":"The Believe Set - Set cadeau (13cm) - Along Avec Anna","isPartOf":{"@id":"https:\/\/www.alongavecanna.com\/fr\/#website"},"primaryImageOfPage":{"@id":"https:\/\/www.alongavecanna.com\/fr\/produit\/the-believe-set\/#primaryimage"},"image":{"@id":"https:\/\/www.alongavecanna.com\/fr\/produit\/the-believe-set\/#primaryimage"},"thumbnailUrl":"https:\/\/www.alongavecanna.com\/wp-content\/uploads\/2023\/04\/the-believe-set-1.jpg","datePublished":"2023-04-12T10:44:53+00:00","dateModified":"2023-04-15T19:20:06+00:00","breadcrumb":{"@id":"https:\/\/www.alongavecanna.com\/fr\/produit\/the-believe-set\/#breadcrumb"},"inLanguage":"fr-FR","potentialAction":[{"@type":"ReadAction","target":["https:\/\/www.alongavecanna.com\/fr\/produit\/the-believe-set\/"]}]},{"@type":"ImageObject","inLanguage":"fr-FR","@id":"https:\/\/www.alongavecanna.com\/fr\/produit\/the-believe-set\/#primaryimage","url":"https:\/\/www.alongavecanna.com\/wp-content\/uploads\/2023\/04\/the-believe-set-1.jpg","contentUrl":"https:\/\/www.alongavecanna.com\/wp-content\/uploads\/2023\/04\/the-believe-set-1.jpg","width":1000,"height":1000},{"@type":"BreadcrumbList","@id":"https:\/\/www.alongavecanna.com\/fr\/produit\/the-believe-set\/#breadcrumb","itemListElement":[{"@type":"ListItem","position":1,"name":"Home","item":"https:\/\/www.alongavecanna.com\/fr\/"},{"@type":"ListItem","position":2,"name":"Produits","item":"https:\/\/www.alongavecanna.com\/fr\/shop\/"},{"@type":"ListItem","position":3,"name":"The Believe Set &#8211; Set cadeau (13cm)"}]},{"@type":"WebSite","@id":"https:\/\/www.alongavecanna.com\/fr\/#website","url":"https:\/\/www.alongavecanna.com\/fr\/","name":"Along Avec Anna","description":"Ethical yarn &amp; timeless knitting patterns","publisher":{"@id":"https:\/\/www.alongavecanna.com\/fr\/#organization"},"potentialAction":[{"@type":"SearchAction","target":{"@type":"EntryPoint","urlTemplate":"https:\/\/www.alongavecanna.com\/fr\/?s={search_term_string}"},"query-input":{"@type":"PropertyValueSpecification","valueRequired":true,"valueName":"search_term_string"}}],"inLanguage":"fr-FR"},{"@type":"Organization","@id":"https:\/\/www.alongavecanna.com\/fr\/#organization","name":"Along Avec Anna","url":"https:\/\/www.alongavecanna.com\/fr\/","logo":{"@type":"ImageObject","inLanguage":"fr-FR","@id":"https:\/\/www.alongavecanna.com\/fr\/#\/schema\/logo\/image\/","url":"https:\/\/www.alongavecanna.com\/wp-content\/uploads\/2023\/01\/logo-along-avec-anna.png","contentUrl":"https:\/\/www.alongavecanna.com\/wp-content\/uploads\/2023\/01\/logo-along-avec-anna.png","width":1728,"height":627,"caption":"Along Avec Anna"},"image":{"@id":"https:\/\/www.alongavecanna.com\/fr\/#\/schema\/logo\/image\/"},"sameAs":["https:\/\/facebook.com\/alongavecanna","https:\/\/www.instagram.com\/along.avec.anna\/"]}]}},"_links":{"self":[{"href":"https:\/\/www.alongavecanna.com\/fr\/wp-json\/wp\/v2\/product\/56737","targetHints":{"allow":["GET"]}}],"collection":[{"href":"https:\/\/www.alongavecanna.com\/fr\/wp-json\/wp\/v2\/product"}],"about":[{"href":"https:\/\/www.alongavecanna.com\/fr\/wp-json\/wp\/v2\/types\/product"}],"replies":[{"embeddable":true,"href":"https:\/\/www.alongavecanna.com\/fr\/wp-json\/wp\/v2\/comments?post=56737"}],"version-history":[{"count":0,"href":"https:\/\/www.alongavecanna.com\/fr\/wp-json\/wp\/v2\/product\/56737\/revisions"}],"wp:featuredmedia":[{"embeddable":true,"href":"https:\/\/www.alongavecanna.com\/fr\/wp-json\/wp\/v2\/media\/56745"}],"wp:attachment":[{"href":"https:\/\/www.alongavecanna.com\/fr\/wp-json\/wp\/v2\/media?parent=56737"}],"wp:term":[{"taxonomy":"product_brand","embeddable":true,"href":"https:\/\/www.alongavecanna.com\/fr\/wp-json\/wp\/v2\/product_brand?post=56737"},{"taxonomy":"product_cat","embeddable":true,"href":"https:\/\/www.alongavecanna.com\/fr\/wp-json\/wp\/v2\/product_cat?post=56737"},{"taxonomy":"product_tag","embeddable":true,"href":"https:\/\/www.alongavecanna.com\/fr\/wp-json\/wp\/v2\/product_tag?post=56737"}],"curies":[{"name":"wp","href":"https:\/\/api.w.org\/{rel}","templated":true}]}}