{"id":56722,"date":"2023-04-12T10:11:22","date_gmt":"2023-04-12T10:11:22","guid":{"rendered":"https:\/\/www.alongavecanna.com\/product\/56722\/"},"modified":"2023-12-12T13:24:12","modified_gmt":"2023-12-12T13:24:12","slug":"joy-of-knitting","status":"publish","type":"product","link":"https:\/\/www.alongavecanna.com\/fr\/produit\/joy-of-knitting\/","title":{"rendered":"Joy of Knitting &#8211; Set cadeau"},"content":{"rendered":"<p style=\"text-align: justify\"><strong>Contenu de l&rsquo;ensemble :<\/strong><\/p>\n<ul style=\"text-align: justify\">\n<li>7 paires de pointes d&rsquo;aiguille interchangeables Cubic de tailles 4.0, 4.5, 5.0, 5.5, 6.0, 7.0 &amp; 8.0mm (US 6, 7, 8, 9, 10, 10.75 &amp; 11) avec connecteurs dor\u00e9s.<\/li>\n<li>3 c\u00e2bles pivotants \u00e0 360\u00b0 en acier inoxydable avec rev\u00eatement en nylon dans les tailles 60cm (24&Prime;), 80cm (32&Prime;) et 100cm (40&Prime;).<\/li>\n<li>6 embouts et 2 cl\u00e9s de c\u00e2ble.<\/li>\n<li>30 marqueurs de points en m\u00e9tal (10 en rouge, orange et violet).<\/li>\n<li>3 aiguilles \u00e0 laine et 3 porte-points en petites, moyennes et grandes tailles.<\/li>\n<\/ul>\n<p style=\"text-align: justify\"><strong>PLUS<\/strong>: une petite pochette assortie, brod\u00e9e \u00e0 l&rsquo;aiguille, pour tous les accessoires utiles.<\/p>\n","protected":false},"excerpt":{"rendered":"<p style=\"text-align: justify\"><strong>Knit Pro<\/strong> a sorti un kit sp\u00e9cial d&rsquo;aiguilles \u00e0 tricoter pour la f\u00eate des m\u00e8res.<\/p>\n<p style=\"text-align: justify\">Ces aiguilles Cubics se d\u00e9clinent en couleurs vives qui inspireront et \u00e9nergiseront. Elles sont disponibles dans des teintes audacieuses telles que le violet, le rouge et l&rsquo;orange. Ils sont imm\u00e9diatement reconnaissables \u00e0 leur couleur et ne manqueront pas d&rsquo;apporter une bouff\u00e9e d&rsquo;\u00e9nergie \u00e0 votre tricot, en contribuant \u00e0 cr\u00e9er une exp\u00e9rience th\u00e9rapeutique et en assurant une prise confortable pour des heures de tricot sans stress &#8211; ce qui est particuli\u00e8rement important pour les mains sensibles.<\/p>\n<p style=\"text-align: justify\">Mais le plaisir des couleurs ne s&rsquo;arr\u00eate pas l\u00e0 &#8211; nous avons \u00e9galement inclus des embouts et des marqueurs de points dans des tons coordonn\u00e9s, ainsi que des aiguilles \u00e0 laine et des porte-points dans des tons orange, rouge et violet.<\/p>\n<p style=\"text-align: justify\">Le tout est pr\u00e9sent\u00e9 dans un grand \u00e9tui d&rsquo;inspiration ann\u00e9es 60, richement touffet\u00e9 et brod\u00e9, avec une pochette suppl\u00e9mentaire brod\u00e9e d&rsquo;aiguilles \u00e0 punch contenant tous les accessoires &#8211; c\u00e2bles, embouts, cl\u00e9s de c\u00e2ble et aiguilles \u00e0 laine.<\/p>\n","protected":false},"featured_media":56717,"comment_status":"open","ping_status":"closed","template":"","meta":[],"product_brand":[],"product_cat":[384,378,474],"product_tag":[],"class_list":{"0":"post-56722","1":"product","2":"type-product","3":"status-publish","4":"has-post-thumbnail","6":"product_cat-aiguilles","7":"product_cat-boutique","8":"product_cat-tout-ce-dont-vous-avez-besoin","9":"product_shipping_class-small-parcel-laine-fr","11":"first","12":"outofstock","13":"taxable","14":"shipping-taxable","15":"purchasable","16":"product-type-simple"},"yoast_head":"<!-- This site is optimized with the Yoast SEO plugin v27.4 - https:\/\/yoast.com\/product\/yoast-seo-wordpress\/ -->\n<title>Joy of Knitting - Set cadeau - Along Avec Anna<\/title>\n<meta name=\"robots\" content=\"index, follow, max-snippet:-1, max-image-preview:large, max-video-preview:-1\" \/>\n<link rel=\"canonical\" href=\"https:\/\/www.alongavecanna.com\/fr\/produit\/joy-of-knitting\/\" \/>\n<meta property=\"og:locale\" content=\"fr_FR\" \/>\n<meta property=\"og:type\" content=\"article\" \/>\n<meta property=\"og:title\" content=\"Joy of Knitting - Set cadeau - Along Avec Anna\" \/>\n<meta property=\"og:description\" content=\"Knit Pro a sorti un kit sp\u00e9cial d&#039;aiguilles \u00e0 tricoter pour la f\u00eate des m\u00e8res. Ces aiguilles Cubics se d\u00e9clinent en couleurs vives qui inspireront et \u00e9nergiseront. Elles sont disponibles dans des teintes audacieuses telles que le violet, le rouge et l&#039;orange. Ils sont imm\u00e9diatement reconnaissables \u00e0 leur couleur et ne manqueront pas d&#039;apporter une bouff\u00e9e d&#039;\u00e9nergie \u00e0 votre tricot, en contribuant \u00e0 cr\u00e9er une exp\u00e9rience th\u00e9rapeutique et en assurant une prise confortable pour des heures de tricot sans stress - ce qui est particuli\u00e8rement important pour les mains sensibles. Mais le plaisir des couleurs ne s&#039;arr\u00eate pas l\u00e0 - nous avons \u00e9galement inclus des embouts et des marqueurs de points dans des tons coordonn\u00e9s, ainsi que des aiguilles \u00e0 laine et des porte-points dans des tons orange, rouge et violet. Le tout est pr\u00e9sent\u00e9 dans un grand \u00e9tui d&#039;inspiration ann\u00e9es 60, richement touffet\u00e9 et brod\u00e9, avec une pochette suppl\u00e9mentaire brod\u00e9e d&#039;aiguilles \u00e0 punch contenant tous les accessoires - c\u00e2bles, embouts, cl\u00e9s de c\u00e2ble et aiguilles \u00e0 laine.\" \/>\n<meta property=\"og:url\" content=\"https:\/\/www.alongavecanna.com\/fr\/produit\/joy-of-knitting\/\" \/>\n<meta property=\"og:site_name\" content=\"Along Avec Anna\" \/>\n<meta property=\"article:publisher\" content=\"https:\/\/facebook.com\/alongavecanna\" \/>\n<meta property=\"article:modified_time\" content=\"2023-12-12T13:24:12+00:00\" \/>\n<meta property=\"og:image\" content=\"https:\/\/www.alongavecanna.com\/wp-content\/uploads\/2023\/04\/joy-of-knitting-3.jpg\" \/>\n\t<meta property=\"og:image:width\" content=\"617\" \/>\n\t<meta property=\"og:image:height\" content=\"617\" \/>\n\t<meta property=\"og:image:type\" content=\"image\/jpeg\" \/>\n<meta name=\"twitter:card\" content=\"summary_large_image\" \/>\n<script type=\"application\/ld+json\" class=\"yoast-schema-graph\">{\"@context\":\"https:\\\/\\\/schema.org\",\"@graph\":[{\"@type\":\"WebPage\",\"@id\":\"https:\\\/\\\/www.alongavecanna.com\\\/fr\\\/produit\\\/joy-of-knitting\\\/\",\"url\":\"https:\\\/\\\/www.alongavecanna.com\\\/fr\\\/produit\\\/joy-of-knitting\\\/\",\"name\":\"Joy of Knitting - Set cadeau - Along Avec Anna\",\"isPartOf\":{\"@id\":\"https:\\\/\\\/www.alongavecanna.com\\\/fr\\\/#website\"},\"primaryImageOfPage\":{\"@id\":\"https:\\\/\\\/www.alongavecanna.com\\\/fr\\\/produit\\\/joy-of-knitting\\\/#primaryimage\"},\"image\":{\"@id\":\"https:\\\/\\\/www.alongavecanna.com\\\/fr\\\/produit\\\/joy-of-knitting\\\/#primaryimage\"},\"thumbnailUrl\":\"https:\\\/\\\/www.alongavecanna.com\\\/wp-content\\\/uploads\\\/2023\\\/04\\\/joy-of-knitting-3.jpg\",\"datePublished\":\"2023-04-12T10:11:22+00:00\",\"dateModified\":\"2023-12-12T13:24:12+00:00\",\"breadcrumb\":{\"@id\":\"https:\\\/\\\/www.alongavecanna.com\\\/fr\\\/produit\\\/joy-of-knitting\\\/#breadcrumb\"},\"inLanguage\":\"fr-FR\",\"potentialAction\":[{\"@type\":\"ReadAction\",\"target\":[\"https:\\\/\\\/www.alongavecanna.com\\\/fr\\\/produit\\\/joy-of-knitting\\\/\"]}]},{\"@type\":\"ImageObject\",\"inLanguage\":\"fr-FR\",\"@id\":\"https:\\\/\\\/www.alongavecanna.com\\\/fr\\\/produit\\\/joy-of-knitting\\\/#primaryimage\",\"url\":\"https:\\\/\\\/www.alongavecanna.com\\\/wp-content\\\/uploads\\\/2023\\\/04\\\/joy-of-knitting-3.jpg\",\"contentUrl\":\"https:\\\/\\\/www.alongavecanna.com\\\/wp-content\\\/uploads\\\/2023\\\/04\\\/joy-of-knitting-3.jpg\",\"width\":617,\"height\":617},{\"@type\":\"BreadcrumbList\",\"@id\":\"https:\\\/\\\/www.alongavecanna.com\\\/fr\\\/produit\\\/joy-of-knitting\\\/#breadcrumb\",\"itemListElement\":[{\"@type\":\"ListItem\",\"position\":1,\"name\":\"Home\",\"item\":\"https:\\\/\\\/www.alongavecanna.com\\\/fr\\\/\"},{\"@type\":\"ListItem\",\"position\":2,\"name\":\"Produits\",\"item\":\"https:\\\/\\\/www.alongavecanna.com\\\/fr\\\/shop\\\/\"},{\"@type\":\"ListItem\",\"position\":3,\"name\":\"Joy of Knitting &#8211; Set cadeau\"}]},{\"@type\":\"WebSite\",\"@id\":\"https:\\\/\\\/www.alongavecanna.com\\\/fr\\\/#website\",\"url\":\"https:\\\/\\\/www.alongavecanna.com\\\/fr\\\/\",\"name\":\"Along Avec Anna\",\"description\":\"Ethical yarn &amp; timeless knitting patterns\",\"publisher\":{\"@id\":\"https:\\\/\\\/www.alongavecanna.com\\\/fr\\\/#organization\"},\"potentialAction\":[{\"@type\":\"SearchAction\",\"target\":{\"@type\":\"EntryPoint\",\"urlTemplate\":\"https:\\\/\\\/www.alongavecanna.com\\\/fr\\\/?s={search_term_string}\"},\"query-input\":{\"@type\":\"PropertyValueSpecification\",\"valueRequired\":true,\"valueName\":\"search_term_string\"}}],\"inLanguage\":\"fr-FR\"},{\"@type\":\"Organization\",\"@id\":\"https:\\\/\\\/www.alongavecanna.com\\\/fr\\\/#organization\",\"name\":\"Along Avec Anna\",\"url\":\"https:\\\/\\\/www.alongavecanna.com\\\/fr\\\/\",\"logo\":{\"@type\":\"ImageObject\",\"inLanguage\":\"fr-FR\",\"@id\":\"https:\\\/\\\/www.alongavecanna.com\\\/fr\\\/#\\\/schema\\\/logo\\\/image\\\/\",\"url\":\"https:\\\/\\\/www.alongavecanna.com\\\/wp-content\\\/uploads\\\/2023\\\/01\\\/logo-along-avec-anna.png\",\"contentUrl\":\"https:\\\/\\\/www.alongavecanna.com\\\/wp-content\\\/uploads\\\/2023\\\/01\\\/logo-along-avec-anna.png\",\"width\":1728,\"height\":627,\"caption\":\"Along Avec Anna\"},\"image\":{\"@id\":\"https:\\\/\\\/www.alongavecanna.com\\\/fr\\\/#\\\/schema\\\/logo\\\/image\\\/\"},\"sameAs\":[\"https:\\\/\\\/facebook.com\\\/alongavecanna\",\"https:\\\/\\\/www.instagram.com\\\/along.avec.anna\\\/\"]}]}<\/script>\n<!-- \/ Yoast SEO plugin. -->","yoast_head_json":{"title":"Joy of Knitting - Set cadeau - Along Avec Anna","robots":{"index":"index","follow":"follow","max-snippet":"max-snippet:-1","max-image-preview":"max-image-preview:large","max-video-preview":"max-video-preview:-1"},"canonical":"https:\/\/www.alongavecanna.com\/fr\/produit\/joy-of-knitting\/","og_locale":"fr_FR","og_type":"article","og_title":"Joy of Knitting - Set cadeau - Along Avec Anna","og_description":"Knit Pro a sorti un kit sp\u00e9cial d'aiguilles \u00e0 tricoter pour la f\u00eate des m\u00e8res. Ces aiguilles Cubics se d\u00e9clinent en couleurs vives qui inspireront et \u00e9nergiseront. Elles sont disponibles dans des teintes audacieuses telles que le violet, le rouge et l'orange. Ils sont imm\u00e9diatement reconnaissables \u00e0 leur couleur et ne manqueront pas d'apporter une bouff\u00e9e d'\u00e9nergie \u00e0 votre tricot, en contribuant \u00e0 cr\u00e9er une exp\u00e9rience th\u00e9rapeutique et en assurant une prise confortable pour des heures de tricot sans stress - ce qui est particuli\u00e8rement important pour les mains sensibles. Mais le plaisir des couleurs ne s'arr\u00eate pas l\u00e0 - nous avons \u00e9galement inclus des embouts et des marqueurs de points dans des tons coordonn\u00e9s, ainsi que des aiguilles \u00e0 laine et des porte-points dans des tons orange, rouge et violet. Le tout est pr\u00e9sent\u00e9 dans un grand \u00e9tui d'inspiration ann\u00e9es 60, richement touffet\u00e9 et brod\u00e9, avec une pochette suppl\u00e9mentaire brod\u00e9e d'aiguilles \u00e0 punch contenant tous les accessoires - c\u00e2bles, embouts, cl\u00e9s de c\u00e2ble et aiguilles \u00e0 laine.","og_url":"https:\/\/www.alongavecanna.com\/fr\/produit\/joy-of-knitting\/","og_site_name":"Along Avec Anna","article_publisher":"https:\/\/facebook.com\/alongavecanna","article_modified_time":"2023-12-12T13:24:12+00:00","og_image":[{"width":617,"height":617,"url":"https:\/\/www.alongavecanna.com\/wp-content\/uploads\/2023\/04\/joy-of-knitting-3.jpg","type":"image\/jpeg"}],"twitter_card":"summary_large_image","schema":{"@context":"https:\/\/schema.org","@graph":[{"@type":"WebPage","@id":"https:\/\/www.alongavecanna.com\/fr\/produit\/joy-of-knitting\/","url":"https:\/\/www.alongavecanna.com\/fr\/produit\/joy-of-knitting\/","name":"Joy of Knitting - Set cadeau - Along Avec Anna","isPartOf":{"@id":"https:\/\/www.alongavecanna.com\/fr\/#website"},"primaryImageOfPage":{"@id":"https:\/\/www.alongavecanna.com\/fr\/produit\/joy-of-knitting\/#primaryimage"},"image":{"@id":"https:\/\/www.alongavecanna.com\/fr\/produit\/joy-of-knitting\/#primaryimage"},"thumbnailUrl":"https:\/\/www.alongavecanna.com\/wp-content\/uploads\/2023\/04\/joy-of-knitting-3.jpg","datePublished":"2023-04-12T10:11:22+00:00","dateModified":"2023-12-12T13:24:12+00:00","breadcrumb":{"@id":"https:\/\/www.alongavecanna.com\/fr\/produit\/joy-of-knitting\/#breadcrumb"},"inLanguage":"fr-FR","potentialAction":[{"@type":"ReadAction","target":["https:\/\/www.alongavecanna.com\/fr\/produit\/joy-of-knitting\/"]}]},{"@type":"ImageObject","inLanguage":"fr-FR","@id":"https:\/\/www.alongavecanna.com\/fr\/produit\/joy-of-knitting\/#primaryimage","url":"https:\/\/www.alongavecanna.com\/wp-content\/uploads\/2023\/04\/joy-of-knitting-3.jpg","contentUrl":"https:\/\/www.alongavecanna.com\/wp-content\/uploads\/2023\/04\/joy-of-knitting-3.jpg","width":617,"height":617},{"@type":"BreadcrumbList","@id":"https:\/\/www.alongavecanna.com\/fr\/produit\/joy-of-knitting\/#breadcrumb","itemListElement":[{"@type":"ListItem","position":1,"name":"Home","item":"https:\/\/www.alongavecanna.com\/fr\/"},{"@type":"ListItem","position":2,"name":"Produits","item":"https:\/\/www.alongavecanna.com\/fr\/shop\/"},{"@type":"ListItem","position":3,"name":"Joy of Knitting &#8211; Set cadeau"}]},{"@type":"WebSite","@id":"https:\/\/www.alongavecanna.com\/fr\/#website","url":"https:\/\/www.alongavecanna.com\/fr\/","name":"Along Avec Anna","description":"Ethical yarn &amp; timeless knitting patterns","publisher":{"@id":"https:\/\/www.alongavecanna.com\/fr\/#organization"},"potentialAction":[{"@type":"SearchAction","target":{"@type":"EntryPoint","urlTemplate":"https:\/\/www.alongavecanna.com\/fr\/?s={search_term_string}"},"query-input":{"@type":"PropertyValueSpecification","valueRequired":true,"valueName":"search_term_string"}}],"inLanguage":"fr-FR"},{"@type":"Organization","@id":"https:\/\/www.alongavecanna.com\/fr\/#organization","name":"Along Avec Anna","url":"https:\/\/www.alongavecanna.com\/fr\/","logo":{"@type":"ImageObject","inLanguage":"fr-FR","@id":"https:\/\/www.alongavecanna.com\/fr\/#\/schema\/logo\/image\/","url":"https:\/\/www.alongavecanna.com\/wp-content\/uploads\/2023\/01\/logo-along-avec-anna.png","contentUrl":"https:\/\/www.alongavecanna.com\/wp-content\/uploads\/2023\/01\/logo-along-avec-anna.png","width":1728,"height":627,"caption":"Along Avec Anna"},"image":{"@id":"https:\/\/www.alongavecanna.com\/fr\/#\/schema\/logo\/image\/"},"sameAs":["https:\/\/facebook.com\/alongavecanna","https:\/\/www.instagram.com\/along.avec.anna\/"]}]}},"_links":{"self":[{"href":"https:\/\/www.alongavecanna.com\/fr\/wp-json\/wp\/v2\/product\/56722","targetHints":{"allow":["GET"]}}],"collection":[{"href":"https:\/\/www.alongavecanna.com\/fr\/wp-json\/wp\/v2\/product"}],"about":[{"href":"https:\/\/www.alongavecanna.com\/fr\/wp-json\/wp\/v2\/types\/product"}],"replies":[{"embeddable":true,"href":"https:\/\/www.alongavecanna.com\/fr\/wp-json\/wp\/v2\/comments?post=56722"}],"version-history":[{"count":0,"href":"https:\/\/www.alongavecanna.com\/fr\/wp-json\/wp\/v2\/product\/56722\/revisions"}],"wp:featuredmedia":[{"embeddable":true,"href":"https:\/\/www.alongavecanna.com\/fr\/wp-json\/wp\/v2\/media\/56717"}],"wp:attachment":[{"href":"https:\/\/www.alongavecanna.com\/fr\/wp-json\/wp\/v2\/media?parent=56722"}],"wp:term":[{"taxonomy":"product_brand","embeddable":true,"href":"https:\/\/www.alongavecanna.com\/fr\/wp-json\/wp\/v2\/product_brand?post=56722"},{"taxonomy":"product_cat","embeddable":true,"href":"https:\/\/www.alongavecanna.com\/fr\/wp-json\/wp\/v2\/product_cat?post=56722"},{"taxonomy":"product_tag","embeddable":true,"href":"https:\/\/www.alongavecanna.com\/fr\/wp-json\/wp\/v2\/product_tag?post=56722"}],"curies":[{"name":"wp","href":"https:\/\/api.w.org\/{rel}","templated":true}]}}