{"id":56335,"date":"2023-03-23T13:31:42","date_gmt":"2023-03-23T13:31:42","guid":{"rendered":"https:\/\/www.alongavecanna.com\/?post_type=product&#038;p=56335"},"modified":"2024-05-20T14:16:22","modified_gmt":"2024-05-20T14:16:22","slug":"primrose-slipover","status":"publish","type":"product","link":"https:\/\/www.alongavecanna.com\/fr\/produit\/primrose-slipover\/","title":{"rendered":"Primrose (Slipover)"},"content":{"rendered":"<div class=\"page\" title=\"Page 3\">\n<div class=\"section\">\n<div class=\"layoutArea\">\n<div class=\"column\">\n<p style=\"text-align: justify;\"><strong>TAILLES<\/strong> &#8211; Mesures finies : 80, 90, 100 (110, 120, 130) [140, 150, 160] cm de tour de poitrine<\/p>\n<p style=\"text-align: justify;\"><strong>AISANCE RECOMMAND\u00c9E<\/strong> &#8211; Entre 5 et 10 cm d&rsquo;aisance positive<\/p>\n<p style=\"text-align: justify;\"><strong>\u00c9CHANTILLON<\/strong> &#8211; 22 m x 28 rangs = 10 cm avec des aiguilles 4mm\/US6 (ou une autre taille en fonction de votre tension)<\/p>\n<p style=\"text-align: justify;\"><strong>LAINES<\/strong> &#8211; Deux fils tenus ensemble &#8211; un fingering et un mohair<\/p>\n<p style=\"text-align: justify;\">Fingering (200\/50g) : 535, 605, 690 (785, 890, 980) [1085, 1195, 1310] m\u00e8tres soit 3, 3, 4 (4, 5, 5) [6, 6, 7] pelotes de Merino &#8211; Along avec Anna<\/p>\n<p style=\"text-align: justify;\">Mohair (210m\/25g) : 610, 630, 730 (830, 940, 1040) [1150, 1260, 1380] m\u00e8tres soit 3, 3, 4 (4, 5, 5) [6, 6, 7] pelotes de Silk Mohair &#8211; Along avec Anna<\/p>\n<p style=\"text-align: justify;\"><em>Version de pr\u00e9sentation<\/em>: Tricot\u00e9 en taille 90 cm avec 10 cm d&rsquo;aisance positive, dans le coloris Drag\u00e9e<br \/>\nTricot\u00e9s en T110cm en Emeraude et Orage<\/p>\n<p style=\"text-align: justify;\"><strong>AIGUILLES<\/strong> &#8211; Aiguilles recommand\u00e9es (ou une autre taille pour obtenir l&rsquo;\u00e9chantillon) : pour le corps 4mm\/US6 pour les c\u00f4tes et le les liens 3.75mm\/US5<\/p>\n<p style=\"text-align: justify;\"><strong>MAT\u00c9RIEL<\/strong> &#8211; Anneaux marqueurs, fil pour mettre les mailles en attente, aiguille \u00e0 tapisserie<\/p>\n<\/div>\n<\/div>\n<\/div>\n<\/div>\n","protected":false},"excerpt":{"rendered":"<div class=\"page\" title=\"Page 2\">\n<div class=\"section\">\n<div class=\"layoutArea\">\n<div class=\"column\">\n<p style=\"text-align: justify;\"><strong>Primrose (Slipover)<\/strong> est un pull sans manches en jersey, tricot\u00e9 avec notre fil Merino (Fingering) et notre Silk Mohair (dentelle) tenus ensemble. C&rsquo;est le petit top id\u00e9al \u00e0 porter sur un joli chemisier, une chemise ou une robe. Il se porte avec une aisance positive comprise entre 5 et 10 cm. Il est compos\u00e9 d&rsquo;un pan sur le devant et d&rsquo;un autre dans le dos, qui se ferment sous les bras par de jolis n\u0153uds tricot\u00e9s en jersey double.<\/p>\n<p style=\"text-align: justify;\">Tricot\u00e9 de <strong>haut en bas<\/strong>.<\/p>\n<\/div>\n<\/div>\n<\/div>\n<\/div>\n","protected":false},"featured_media":66591,"comment_status":"open","ping_status":"closed","template":"","meta":[],"product_brand":[],"product_cat":[380,376,405,377,381,388,463],"product_tag":[],"class_list":{"0":"post-56335","1":"product","2":"type-product","3":"status-publish","4":"has-post-thumbnail","6":"product_cat-patrons-anglais","7":"product_cat-patrons-de-tricot","8":"product_cat-patrons-espagnol","9":"product_cat-patrons-femme","10":"product_cat-patrons-francais","11":"product_cat-patrons-portugais","12":"product_cat-tricots-de-saison","14":"first","15":"instock","16":"downloadable","17":"virtual","18":"taxable","19":"purchasable","20":"product-type-simple"},"yoast_head":"<!-- This site is optimized with the Yoast SEO plugin v27.4 - https:\/\/yoast.com\/product\/yoast-seo-wordpress\/ -->\n<title>Primrose (Slipover) - Along Avec Anna<\/title>\n<meta name=\"robots\" content=\"index, follow, max-snippet:-1, max-image-preview:large, max-video-preview:-1\" \/>\n<link rel=\"canonical\" href=\"https:\/\/www.alongavecanna.com\/fr\/produit\/primrose-slipover\/\" \/>\n<meta property=\"og:locale\" content=\"fr_FR\" \/>\n<meta property=\"og:type\" content=\"article\" \/>\n<meta property=\"og:title\" content=\"Primrose (Slipover) - Along Avec Anna\" \/>\n<meta property=\"og:description\" content=\"Primrose (Slipover) est un pull sans manches en jersey, tricot\u00e9 avec notre fil Merino (Fingering) et notre Silk Mohair (dentelle) tenus ensemble. C&#039;est le petit top id\u00e9al \u00e0 porter sur un joli chemisier, une chemise ou une robe. Il se porte avec une aisance positive comprise entre 5 et 10 cm. Il est compos\u00e9 d&#039;un pan sur le devant et d&#039;un autre dans le dos, qui se ferment sous les bras par de jolis n\u0153uds tricot\u00e9s en jersey double. Tricot\u00e9 de haut en bas.\" \/>\n<meta property=\"og:url\" content=\"https:\/\/www.alongavecanna.com\/fr\/produit\/primrose-slipover\/\" \/>\n<meta property=\"og:site_name\" content=\"Along Avec Anna\" \/>\n<meta property=\"article:publisher\" content=\"https:\/\/facebook.com\/alongavecanna\" \/>\n<meta property=\"article:modified_time\" content=\"2024-05-20T14:16:22+00:00\" \/>\n<meta property=\"og:image\" content=\"https:\/\/www.alongavecanna.com\/wp-content\/uploads\/2023\/03\/Annaspring-64.jpg\" \/>\n\t<meta property=\"og:image:width\" content=\"1024\" \/>\n\t<meta property=\"og:image:height\" content=\"1536\" \/>\n\t<meta property=\"og:image:type\" content=\"image\/jpeg\" \/>\n<meta name=\"twitter:card\" content=\"summary_large_image\" \/>\n<meta name=\"twitter:label1\" content=\"Dur\u00e9e de lecture estim\u00e9e\" \/>\n\t<meta name=\"twitter:data1\" content=\"1 minute\" \/>\n<script type=\"application\/ld+json\" class=\"yoast-schema-graph\">{\"@context\":\"https:\\\/\\\/schema.org\",\"@graph\":[{\"@type\":\"WebPage\",\"@id\":\"https:\\\/\\\/www.alongavecanna.com\\\/fr\\\/produit\\\/primrose-slipover\\\/\",\"url\":\"https:\\\/\\\/www.alongavecanna.com\\\/fr\\\/produit\\\/primrose-slipover\\\/\",\"name\":\"Primrose (Slipover) - Along Avec Anna\",\"isPartOf\":{\"@id\":\"https:\\\/\\\/www.alongavecanna.com\\\/fr\\\/#website\"},\"primaryImageOfPage\":{\"@id\":\"https:\\\/\\\/www.alongavecanna.com\\\/fr\\\/produit\\\/primrose-slipover\\\/#primaryimage\"},\"image\":{\"@id\":\"https:\\\/\\\/www.alongavecanna.com\\\/fr\\\/produit\\\/primrose-slipover\\\/#primaryimage\"},\"thumbnailUrl\":\"https:\\\/\\\/www.alongavecanna.com\\\/wp-content\\\/uploads\\\/2023\\\/03\\\/Annaspring-64.jpg\",\"datePublished\":\"2023-03-23T13:31:42+00:00\",\"dateModified\":\"2024-05-20T14:16:22+00:00\",\"breadcrumb\":{\"@id\":\"https:\\\/\\\/www.alongavecanna.com\\\/fr\\\/produit\\\/primrose-slipover\\\/#breadcrumb\"},\"inLanguage\":\"fr-FR\",\"potentialAction\":[{\"@type\":\"ReadAction\",\"target\":[\"https:\\\/\\\/www.alongavecanna.com\\\/fr\\\/produit\\\/primrose-slipover\\\/\"]}]},{\"@type\":\"ImageObject\",\"inLanguage\":\"fr-FR\",\"@id\":\"https:\\\/\\\/www.alongavecanna.com\\\/fr\\\/produit\\\/primrose-slipover\\\/#primaryimage\",\"url\":\"https:\\\/\\\/www.alongavecanna.com\\\/wp-content\\\/uploads\\\/2023\\\/03\\\/Annaspring-64.jpg\",\"contentUrl\":\"https:\\\/\\\/www.alongavecanna.com\\\/wp-content\\\/uploads\\\/2023\\\/03\\\/Annaspring-64.jpg\",\"width\":1024,\"height\":1536},{\"@type\":\"BreadcrumbList\",\"@id\":\"https:\\\/\\\/www.alongavecanna.com\\\/fr\\\/produit\\\/primrose-slipover\\\/#breadcrumb\",\"itemListElement\":[{\"@type\":\"ListItem\",\"position\":1,\"name\":\"Home\",\"item\":\"https:\\\/\\\/www.alongavecanna.com\\\/fr\\\/\"},{\"@type\":\"ListItem\",\"position\":2,\"name\":\"Produits\",\"item\":\"https:\\\/\\\/www.alongavecanna.com\\\/fr\\\/shop\\\/\"},{\"@type\":\"ListItem\",\"position\":3,\"name\":\"Primrose (Slipover)\"}]},{\"@type\":\"WebSite\",\"@id\":\"https:\\\/\\\/www.alongavecanna.com\\\/fr\\\/#website\",\"url\":\"https:\\\/\\\/www.alongavecanna.com\\\/fr\\\/\",\"name\":\"Along Avec Anna\",\"description\":\"Ethical yarn &amp; timeless knitting patterns\",\"publisher\":{\"@id\":\"https:\\\/\\\/www.alongavecanna.com\\\/fr\\\/#organization\"},\"potentialAction\":[{\"@type\":\"SearchAction\",\"target\":{\"@type\":\"EntryPoint\",\"urlTemplate\":\"https:\\\/\\\/www.alongavecanna.com\\\/fr\\\/?s={search_term_string}\"},\"query-input\":{\"@type\":\"PropertyValueSpecification\",\"valueRequired\":true,\"valueName\":\"search_term_string\"}}],\"inLanguage\":\"fr-FR\"},{\"@type\":\"Organization\",\"@id\":\"https:\\\/\\\/www.alongavecanna.com\\\/fr\\\/#organization\",\"name\":\"Along Avec Anna\",\"url\":\"https:\\\/\\\/www.alongavecanna.com\\\/fr\\\/\",\"logo\":{\"@type\":\"ImageObject\",\"inLanguage\":\"fr-FR\",\"@id\":\"https:\\\/\\\/www.alongavecanna.com\\\/fr\\\/#\\\/schema\\\/logo\\\/image\\\/\",\"url\":\"https:\\\/\\\/www.alongavecanna.com\\\/wp-content\\\/uploads\\\/2023\\\/01\\\/logo-along-avec-anna.png\",\"contentUrl\":\"https:\\\/\\\/www.alongavecanna.com\\\/wp-content\\\/uploads\\\/2023\\\/01\\\/logo-along-avec-anna.png\",\"width\":1728,\"height\":627,\"caption\":\"Along Avec Anna\"},\"image\":{\"@id\":\"https:\\\/\\\/www.alongavecanna.com\\\/fr\\\/#\\\/schema\\\/logo\\\/image\\\/\"},\"sameAs\":[\"https:\\\/\\\/facebook.com\\\/alongavecanna\",\"https:\\\/\\\/www.instagram.com\\\/along.avec.anna\\\/\"]}]}<\/script>\n<!-- \/ Yoast SEO plugin. -->","yoast_head_json":{"title":"Primrose (Slipover) - Along Avec Anna","robots":{"index":"index","follow":"follow","max-snippet":"max-snippet:-1","max-image-preview":"max-image-preview:large","max-video-preview":"max-video-preview:-1"},"canonical":"https:\/\/www.alongavecanna.com\/fr\/produit\/primrose-slipover\/","og_locale":"fr_FR","og_type":"article","og_title":"Primrose (Slipover) - Along Avec Anna","og_description":"Primrose (Slipover) est un pull sans manches en jersey, tricot\u00e9 avec notre fil Merino (Fingering) et notre Silk Mohair (dentelle) tenus ensemble. C'est le petit top id\u00e9al \u00e0 porter sur un joli chemisier, une chemise ou une robe. Il se porte avec une aisance positive comprise entre 5 et 10 cm. Il est compos\u00e9 d'un pan sur le devant et d'un autre dans le dos, qui se ferment sous les bras par de jolis n\u0153uds tricot\u00e9s en jersey double. Tricot\u00e9 de haut en bas.","og_url":"https:\/\/www.alongavecanna.com\/fr\/produit\/primrose-slipover\/","og_site_name":"Along Avec Anna","article_publisher":"https:\/\/facebook.com\/alongavecanna","article_modified_time":"2024-05-20T14:16:22+00:00","og_image":[{"width":1024,"height":1536,"url":"https:\/\/www.alongavecanna.com\/wp-content\/uploads\/2023\/03\/Annaspring-64.jpg","type":"image\/jpeg"}],"twitter_card":"summary_large_image","twitter_misc":{"Dur\u00e9e de lecture estim\u00e9e":"1 minute"},"schema":{"@context":"https:\/\/schema.org","@graph":[{"@type":"WebPage","@id":"https:\/\/www.alongavecanna.com\/fr\/produit\/primrose-slipover\/","url":"https:\/\/www.alongavecanna.com\/fr\/produit\/primrose-slipover\/","name":"Primrose (Slipover) - Along Avec Anna","isPartOf":{"@id":"https:\/\/www.alongavecanna.com\/fr\/#website"},"primaryImageOfPage":{"@id":"https:\/\/www.alongavecanna.com\/fr\/produit\/primrose-slipover\/#primaryimage"},"image":{"@id":"https:\/\/www.alongavecanna.com\/fr\/produit\/primrose-slipover\/#primaryimage"},"thumbnailUrl":"https:\/\/www.alongavecanna.com\/wp-content\/uploads\/2023\/03\/Annaspring-64.jpg","datePublished":"2023-03-23T13:31:42+00:00","dateModified":"2024-05-20T14:16:22+00:00","breadcrumb":{"@id":"https:\/\/www.alongavecanna.com\/fr\/produit\/primrose-slipover\/#breadcrumb"},"inLanguage":"fr-FR","potentialAction":[{"@type":"ReadAction","target":["https:\/\/www.alongavecanna.com\/fr\/produit\/primrose-slipover\/"]}]},{"@type":"ImageObject","inLanguage":"fr-FR","@id":"https:\/\/www.alongavecanna.com\/fr\/produit\/primrose-slipover\/#primaryimage","url":"https:\/\/www.alongavecanna.com\/wp-content\/uploads\/2023\/03\/Annaspring-64.jpg","contentUrl":"https:\/\/www.alongavecanna.com\/wp-content\/uploads\/2023\/03\/Annaspring-64.jpg","width":1024,"height":1536},{"@type":"BreadcrumbList","@id":"https:\/\/www.alongavecanna.com\/fr\/produit\/primrose-slipover\/#breadcrumb","itemListElement":[{"@type":"ListItem","position":1,"name":"Home","item":"https:\/\/www.alongavecanna.com\/fr\/"},{"@type":"ListItem","position":2,"name":"Produits","item":"https:\/\/www.alongavecanna.com\/fr\/shop\/"},{"@type":"ListItem","position":3,"name":"Primrose (Slipover)"}]},{"@type":"WebSite","@id":"https:\/\/www.alongavecanna.com\/fr\/#website","url":"https:\/\/www.alongavecanna.com\/fr\/","name":"Along Avec Anna","description":"Ethical yarn &amp; timeless knitting patterns","publisher":{"@id":"https:\/\/www.alongavecanna.com\/fr\/#organization"},"potentialAction":[{"@type":"SearchAction","target":{"@type":"EntryPoint","urlTemplate":"https:\/\/www.alongavecanna.com\/fr\/?s={search_term_string}"},"query-input":{"@type":"PropertyValueSpecification","valueRequired":true,"valueName":"search_term_string"}}],"inLanguage":"fr-FR"},{"@type":"Organization","@id":"https:\/\/www.alongavecanna.com\/fr\/#organization","name":"Along Avec Anna","url":"https:\/\/www.alongavecanna.com\/fr\/","logo":{"@type":"ImageObject","inLanguage":"fr-FR","@id":"https:\/\/www.alongavecanna.com\/fr\/#\/schema\/logo\/image\/","url":"https:\/\/www.alongavecanna.com\/wp-content\/uploads\/2023\/01\/logo-along-avec-anna.png","contentUrl":"https:\/\/www.alongavecanna.com\/wp-content\/uploads\/2023\/01\/logo-along-avec-anna.png","width":1728,"height":627,"caption":"Along Avec Anna"},"image":{"@id":"https:\/\/www.alongavecanna.com\/fr\/#\/schema\/logo\/image\/"},"sameAs":["https:\/\/facebook.com\/alongavecanna","https:\/\/www.instagram.com\/along.avec.anna\/"]}]}},"_links":{"self":[{"href":"https:\/\/www.alongavecanna.com\/fr\/wp-json\/wp\/v2\/product\/56335","targetHints":{"allow":["GET"]}}],"collection":[{"href":"https:\/\/www.alongavecanna.com\/fr\/wp-json\/wp\/v2\/product"}],"about":[{"href":"https:\/\/www.alongavecanna.com\/fr\/wp-json\/wp\/v2\/types\/product"}],"replies":[{"embeddable":true,"href":"https:\/\/www.alongavecanna.com\/fr\/wp-json\/wp\/v2\/comments?post=56335"}],"version-history":[{"count":0,"href":"https:\/\/www.alongavecanna.com\/fr\/wp-json\/wp\/v2\/product\/56335\/revisions"}],"wp:featuredmedia":[{"embeddable":true,"href":"https:\/\/www.alongavecanna.com\/fr\/wp-json\/wp\/v2\/media\/66591"}],"wp:attachment":[{"href":"https:\/\/www.alongavecanna.com\/fr\/wp-json\/wp\/v2\/media?parent=56335"}],"wp:term":[{"taxonomy":"product_brand","embeddable":true,"href":"https:\/\/www.alongavecanna.com\/fr\/wp-json\/wp\/v2\/product_brand?post=56335"},{"taxonomy":"product_cat","embeddable":true,"href":"https:\/\/www.alongavecanna.com\/fr\/wp-json\/wp\/v2\/product_cat?post=56335"},{"taxonomy":"product_tag","embeddable":true,"href":"https:\/\/www.alongavecanna.com\/fr\/wp-json\/wp\/v2\/product_tag?post=56335"}],"curies":[{"name":"wp","href":"https:\/\/api.w.org\/{rel}","templated":true}]}}