{"id":55761,"date":"2023-02-23T20:18:30","date_gmt":"2023-02-23T20:18:30","guid":{"rendered":"https:\/\/www.alongavecanna.com\/?post_type=product&#038;p=55761"},"modified":"2023-07-20T22:45:41","modified_gmt":"2023-07-20T22:45:41","slug":"clovelly-bonus-robe","status":"publish","type":"product","link":"https:\/\/www.alongavecanna.com\/fr\/produit\/clovelly-bonus-robe\/","title":{"rendered":"Clovelly &#8211; Bonus robe"},"content":{"rendered":"<div class=\"notes markdown core_item_content__text_block core_item_content__text_block--notes\">\n<p style=\"text-align: justify;\"><strong>TAILLES<\/strong> : (mensurations tour de poitrine v\u00eatement fini) &#8211; 83, 90, 97, 103 (107, 115, 118, 123) 132, 140, 148 cm de tour de poitrine<\/p>\n<p style=\"text-align: justify;\"><strong>\u00c9CHANTILLON<\/strong> : 22 m \u00d7 34 rgs en jersey endroit avec des aiguilles 4.mm\/US 6 en m\u00e9lange Merino &amp; Silk Mohair<\/p>\n<p style=\"text-align: justify;\"><strong>LAINES : \u00a0<\/strong><strong>Version robe &#8211; Fingering + Mohair<\/strong><br \/>\nFingering : 1300, 1400, 1510, 1600 (1735, 1800, 1920, 2000) 2200, 2350, 2550 m\u00e8tres<br \/>\nsoit 7, 7, 8, 8 (9, 9, 10, 10) 11, 12, 13 pelotes de Merino &#8211; Along Avec Anna<\/p>\n<p style=\"text-align: justify;\">et Mohair : 1365, 1440, 1585, 1680 (1825, 1890, 1970, 2200) 2385, 2640, 2840 m\u00e8tres<br \/>\nsoit 7, 7, 8, 8 (9, 9, 10, 11) 12, 13, 14 pelotes de Silk Mohair &#8211; Along avec Anna.<\/p>\n<p style=\"text-align: justify;\"><em>Versions de pr\u00e9sentation<\/em> : Tricot\u00e9e en taille 90 avec 10 cm d\u2019aisance.<br \/>\nPour la version robe, Anna mesure 1m50 et la longueur de la robe est de 65cm sous emmanchure.<\/p>\n<p style=\"text-align: justify;\"><strong>AIGUILLES<\/strong> &#8211; <em>En m\u00e9lange Merino &amp; Silk Mohair<\/em> : Pour le corps et les manches 4mm \/US 6 et pour les c\u00f4tes 3.75mm\/US 5<\/p>\n<p style=\"text-align: justify;\"><strong>MAT\u00c9RIEL<\/strong> : anneaux marqueurs, morceaux de laine pour mettre les mailles en attente, aiguille \u00e0 laine pour rentrer les fils, 4 ou 5 boutons de 15 mm de diam\u00e8tre<\/p>\n<\/div>\n","protected":false},"excerpt":{"rendered":"<p style=\"text-align: justify;\"><strong><span class=\"S1PPyQ\">La robe Clovelly <\/span><\/strong><span class=\"S1PPyQ\">est une adaptation du pull marin Clovelly, et est tricot\u00e9e en uni avec un col double plus profond. <\/span><strong><span class=\"S1PPyQ\">Ce patron n&rsquo;est que le bonus robe<\/span><span class=\"S1PPyQ\">, pour toutes les personnes ayant d\u00e9j\u00e0 le patron du pull via le livre Tricoter en couleurs.\u00a0<\/span><\/strong><span class=\"S1PPyQ\">Le patron du pull est capital pour tricoter cette robe. Si vous ne poss\u00e9dez pas le livre Tricoter en couleurs, vous devrez commander la version compl\u00e8te du patron : Clovelly (Pull &amp; Robe).<\/span><\/p>\n","protected":false},"featured_media":55747,"comment_status":"open","ping_status":"closed","template":"","meta":[],"product_brand":[],"product_cat":[376,377,381],"product_tag":[],"class_list":{"0":"post-55761","1":"product","2":"type-product","3":"status-publish","4":"has-post-thumbnail","6":"product_cat-patrons-de-tricot","7":"product_cat-patrons-femme","8":"product_cat-patrons-francais","10":"first","11":"instock","12":"downloadable","13":"virtual","14":"taxable","15":"purchasable","16":"product-type-simple"},"yoast_head":"<!-- This site is optimized with the Yoast SEO plugin v27.4 - https:\/\/yoast.com\/product\/yoast-seo-wordpress\/ -->\n<title>Clovelly - Bonus robe - Along Avec Anna<\/title>\n<meta name=\"robots\" content=\"index, follow, max-snippet:-1, max-image-preview:large, max-video-preview:-1\" \/>\n<link rel=\"canonical\" href=\"https:\/\/www.alongavecanna.com\/fr\/produit\/clovelly-bonus-robe\/\" \/>\n<meta property=\"og:locale\" content=\"fr_FR\" \/>\n<meta property=\"og:type\" content=\"article\" \/>\n<meta property=\"og:title\" content=\"Clovelly - Bonus robe - Along Avec Anna\" \/>\n<meta property=\"og:description\" content=\"La robe Clovelly est une adaptation du pull marin Clovelly, et est tricot\u00e9e en uni avec un col double plus profond. Ce patron n&#039;est que le bonus robe, pour toutes les personnes ayant d\u00e9j\u00e0 le patron du pull via le livre Tricoter en couleurs.\u00a0Le patron du pull est capital pour tricoter cette robe. Si vous ne poss\u00e9dez pas le livre Tricoter en couleurs, vous devrez commander la version compl\u00e8te du patron : Clovelly (Pull &amp; Robe).\" \/>\n<meta property=\"og:url\" content=\"https:\/\/www.alongavecanna.com\/fr\/produit\/clovelly-bonus-robe\/\" \/>\n<meta property=\"og:site_name\" content=\"Along Avec Anna\" \/>\n<meta property=\"article:publisher\" content=\"https:\/\/facebook.com\/alongavecanna\" \/>\n<meta property=\"article:modified_time\" content=\"2023-07-20T22:45:41+00:00\" \/>\n<meta property=\"og:image\" content=\"https:\/\/www.alongavecanna.com\/wp-content\/uploads\/2023\/02\/Clovelly_dress_along_avec_anna_4-scaled.jpg\" \/>\n\t<meta property=\"og:image:width\" content=\"1707\" \/>\n\t<meta property=\"og:image:height\" content=\"2560\" \/>\n\t<meta property=\"og:image:type\" content=\"image\/jpeg\" \/>\n<meta name=\"twitter:card\" content=\"summary_large_image\" \/>\n<meta name=\"twitter:label1\" content=\"Dur\u00e9e de lecture estim\u00e9e\" \/>\n\t<meta name=\"twitter:data1\" content=\"1 minute\" \/>\n<script type=\"application\/ld+json\" class=\"yoast-schema-graph\">{\"@context\":\"https:\\\/\\\/schema.org\",\"@graph\":[{\"@type\":\"WebPage\",\"@id\":\"https:\\\/\\\/www.alongavecanna.com\\\/fr\\\/produit\\\/clovelly-bonus-robe\\\/\",\"url\":\"https:\\\/\\\/www.alongavecanna.com\\\/fr\\\/produit\\\/clovelly-bonus-robe\\\/\",\"name\":\"Clovelly - Bonus robe - Along Avec Anna\",\"isPartOf\":{\"@id\":\"https:\\\/\\\/www.alongavecanna.com\\\/fr\\\/#website\"},\"primaryImageOfPage\":{\"@id\":\"https:\\\/\\\/www.alongavecanna.com\\\/fr\\\/produit\\\/clovelly-bonus-robe\\\/#primaryimage\"},\"image\":{\"@id\":\"https:\\\/\\\/www.alongavecanna.com\\\/fr\\\/produit\\\/clovelly-bonus-robe\\\/#primaryimage\"},\"thumbnailUrl\":\"https:\\\/\\\/www.alongavecanna.com\\\/wp-content\\\/uploads\\\/2023\\\/02\\\/Clovelly_dress_along_avec_anna_4-scaled.jpg\",\"datePublished\":\"2023-02-23T20:18:30+00:00\",\"dateModified\":\"2023-07-20T22:45:41+00:00\",\"breadcrumb\":{\"@id\":\"https:\\\/\\\/www.alongavecanna.com\\\/fr\\\/produit\\\/clovelly-bonus-robe\\\/#breadcrumb\"},\"inLanguage\":\"fr-FR\",\"potentialAction\":[{\"@type\":\"ReadAction\",\"target\":[\"https:\\\/\\\/www.alongavecanna.com\\\/fr\\\/produit\\\/clovelly-bonus-robe\\\/\"]}]},{\"@type\":\"ImageObject\",\"inLanguage\":\"fr-FR\",\"@id\":\"https:\\\/\\\/www.alongavecanna.com\\\/fr\\\/produit\\\/clovelly-bonus-robe\\\/#primaryimage\",\"url\":\"https:\\\/\\\/www.alongavecanna.com\\\/wp-content\\\/uploads\\\/2023\\\/02\\\/Clovelly_dress_along_avec_anna_4-scaled.jpg\",\"contentUrl\":\"https:\\\/\\\/www.alongavecanna.com\\\/wp-content\\\/uploads\\\/2023\\\/02\\\/Clovelly_dress_along_avec_anna_4-scaled.jpg\",\"width\":1707,\"height\":2560},{\"@type\":\"BreadcrumbList\",\"@id\":\"https:\\\/\\\/www.alongavecanna.com\\\/fr\\\/produit\\\/clovelly-bonus-robe\\\/#breadcrumb\",\"itemListElement\":[{\"@type\":\"ListItem\",\"position\":1,\"name\":\"Home\",\"item\":\"https:\\\/\\\/www.alongavecanna.com\\\/fr\\\/\"},{\"@type\":\"ListItem\",\"position\":2,\"name\":\"Produits\",\"item\":\"https:\\\/\\\/www.alongavecanna.com\\\/fr\\\/shop\\\/\"},{\"@type\":\"ListItem\",\"position\":3,\"name\":\"Clovelly &#8211; Bonus robe\"}]},{\"@type\":\"WebSite\",\"@id\":\"https:\\\/\\\/www.alongavecanna.com\\\/fr\\\/#website\",\"url\":\"https:\\\/\\\/www.alongavecanna.com\\\/fr\\\/\",\"name\":\"Along Avec Anna\",\"description\":\"Ethical yarn &amp; timeless knitting patterns\",\"publisher\":{\"@id\":\"https:\\\/\\\/www.alongavecanna.com\\\/fr\\\/#organization\"},\"potentialAction\":[{\"@type\":\"SearchAction\",\"target\":{\"@type\":\"EntryPoint\",\"urlTemplate\":\"https:\\\/\\\/www.alongavecanna.com\\\/fr\\\/?s={search_term_string}\"},\"query-input\":{\"@type\":\"PropertyValueSpecification\",\"valueRequired\":true,\"valueName\":\"search_term_string\"}}],\"inLanguage\":\"fr-FR\"},{\"@type\":\"Organization\",\"@id\":\"https:\\\/\\\/www.alongavecanna.com\\\/fr\\\/#organization\",\"name\":\"Along Avec Anna\",\"url\":\"https:\\\/\\\/www.alongavecanna.com\\\/fr\\\/\",\"logo\":{\"@type\":\"ImageObject\",\"inLanguage\":\"fr-FR\",\"@id\":\"https:\\\/\\\/www.alongavecanna.com\\\/fr\\\/#\\\/schema\\\/logo\\\/image\\\/\",\"url\":\"https:\\\/\\\/www.alongavecanna.com\\\/wp-content\\\/uploads\\\/2023\\\/01\\\/logo-along-avec-anna.png\",\"contentUrl\":\"https:\\\/\\\/www.alongavecanna.com\\\/wp-content\\\/uploads\\\/2023\\\/01\\\/logo-along-avec-anna.png\",\"width\":1728,\"height\":627,\"caption\":\"Along Avec Anna\"},\"image\":{\"@id\":\"https:\\\/\\\/www.alongavecanna.com\\\/fr\\\/#\\\/schema\\\/logo\\\/image\\\/\"},\"sameAs\":[\"https:\\\/\\\/facebook.com\\\/alongavecanna\",\"https:\\\/\\\/www.instagram.com\\\/along.avec.anna\\\/\"]}]}<\/script>\n<!-- \/ Yoast SEO plugin. -->","yoast_head_json":{"title":"Clovelly - Bonus robe - Along Avec Anna","robots":{"index":"index","follow":"follow","max-snippet":"max-snippet:-1","max-image-preview":"max-image-preview:large","max-video-preview":"max-video-preview:-1"},"canonical":"https:\/\/www.alongavecanna.com\/fr\/produit\/clovelly-bonus-robe\/","og_locale":"fr_FR","og_type":"article","og_title":"Clovelly - Bonus robe - Along Avec Anna","og_description":"La robe Clovelly est une adaptation du pull marin Clovelly, et est tricot\u00e9e en uni avec un col double plus profond. Ce patron n'est que le bonus robe, pour toutes les personnes ayant d\u00e9j\u00e0 le patron du pull via le livre Tricoter en couleurs.\u00a0Le patron du pull est capital pour tricoter cette robe. Si vous ne poss\u00e9dez pas le livre Tricoter en couleurs, vous devrez commander la version compl\u00e8te du patron : Clovelly (Pull &amp; Robe).","og_url":"https:\/\/www.alongavecanna.com\/fr\/produit\/clovelly-bonus-robe\/","og_site_name":"Along Avec Anna","article_publisher":"https:\/\/facebook.com\/alongavecanna","article_modified_time":"2023-07-20T22:45:41+00:00","og_image":[{"width":1707,"height":2560,"url":"https:\/\/www.alongavecanna.com\/wp-content\/uploads\/2023\/02\/Clovelly_dress_along_avec_anna_4-scaled.jpg","type":"image\/jpeg"}],"twitter_card":"summary_large_image","twitter_misc":{"Dur\u00e9e de lecture estim\u00e9e":"1 minute"},"schema":{"@context":"https:\/\/schema.org","@graph":[{"@type":"WebPage","@id":"https:\/\/www.alongavecanna.com\/fr\/produit\/clovelly-bonus-robe\/","url":"https:\/\/www.alongavecanna.com\/fr\/produit\/clovelly-bonus-robe\/","name":"Clovelly - Bonus robe - Along Avec Anna","isPartOf":{"@id":"https:\/\/www.alongavecanna.com\/fr\/#website"},"primaryImageOfPage":{"@id":"https:\/\/www.alongavecanna.com\/fr\/produit\/clovelly-bonus-robe\/#primaryimage"},"image":{"@id":"https:\/\/www.alongavecanna.com\/fr\/produit\/clovelly-bonus-robe\/#primaryimage"},"thumbnailUrl":"https:\/\/www.alongavecanna.com\/wp-content\/uploads\/2023\/02\/Clovelly_dress_along_avec_anna_4-scaled.jpg","datePublished":"2023-02-23T20:18:30+00:00","dateModified":"2023-07-20T22:45:41+00:00","breadcrumb":{"@id":"https:\/\/www.alongavecanna.com\/fr\/produit\/clovelly-bonus-robe\/#breadcrumb"},"inLanguage":"fr-FR","potentialAction":[{"@type":"ReadAction","target":["https:\/\/www.alongavecanna.com\/fr\/produit\/clovelly-bonus-robe\/"]}]},{"@type":"ImageObject","inLanguage":"fr-FR","@id":"https:\/\/www.alongavecanna.com\/fr\/produit\/clovelly-bonus-robe\/#primaryimage","url":"https:\/\/www.alongavecanna.com\/wp-content\/uploads\/2023\/02\/Clovelly_dress_along_avec_anna_4-scaled.jpg","contentUrl":"https:\/\/www.alongavecanna.com\/wp-content\/uploads\/2023\/02\/Clovelly_dress_along_avec_anna_4-scaled.jpg","width":1707,"height":2560},{"@type":"BreadcrumbList","@id":"https:\/\/www.alongavecanna.com\/fr\/produit\/clovelly-bonus-robe\/#breadcrumb","itemListElement":[{"@type":"ListItem","position":1,"name":"Home","item":"https:\/\/www.alongavecanna.com\/fr\/"},{"@type":"ListItem","position":2,"name":"Produits","item":"https:\/\/www.alongavecanna.com\/fr\/shop\/"},{"@type":"ListItem","position":3,"name":"Clovelly &#8211; Bonus robe"}]},{"@type":"WebSite","@id":"https:\/\/www.alongavecanna.com\/fr\/#website","url":"https:\/\/www.alongavecanna.com\/fr\/","name":"Along Avec Anna","description":"Ethical yarn &amp; timeless knitting patterns","publisher":{"@id":"https:\/\/www.alongavecanna.com\/fr\/#organization"},"potentialAction":[{"@type":"SearchAction","target":{"@type":"EntryPoint","urlTemplate":"https:\/\/www.alongavecanna.com\/fr\/?s={search_term_string}"},"query-input":{"@type":"PropertyValueSpecification","valueRequired":true,"valueName":"search_term_string"}}],"inLanguage":"fr-FR"},{"@type":"Organization","@id":"https:\/\/www.alongavecanna.com\/fr\/#organization","name":"Along Avec Anna","url":"https:\/\/www.alongavecanna.com\/fr\/","logo":{"@type":"ImageObject","inLanguage":"fr-FR","@id":"https:\/\/www.alongavecanna.com\/fr\/#\/schema\/logo\/image\/","url":"https:\/\/www.alongavecanna.com\/wp-content\/uploads\/2023\/01\/logo-along-avec-anna.png","contentUrl":"https:\/\/www.alongavecanna.com\/wp-content\/uploads\/2023\/01\/logo-along-avec-anna.png","width":1728,"height":627,"caption":"Along Avec Anna"},"image":{"@id":"https:\/\/www.alongavecanna.com\/fr\/#\/schema\/logo\/image\/"},"sameAs":["https:\/\/facebook.com\/alongavecanna","https:\/\/www.instagram.com\/along.avec.anna\/"]}]}},"_links":{"self":[{"href":"https:\/\/www.alongavecanna.com\/fr\/wp-json\/wp\/v2\/product\/55761","targetHints":{"allow":["GET"]}}],"collection":[{"href":"https:\/\/www.alongavecanna.com\/fr\/wp-json\/wp\/v2\/product"}],"about":[{"href":"https:\/\/www.alongavecanna.com\/fr\/wp-json\/wp\/v2\/types\/product"}],"replies":[{"embeddable":true,"href":"https:\/\/www.alongavecanna.com\/fr\/wp-json\/wp\/v2\/comments?post=55761"}],"version-history":[{"count":0,"href":"https:\/\/www.alongavecanna.com\/fr\/wp-json\/wp\/v2\/product\/55761\/revisions"}],"wp:featuredmedia":[{"embeddable":true,"href":"https:\/\/www.alongavecanna.com\/fr\/wp-json\/wp\/v2\/media\/55747"}],"wp:attachment":[{"href":"https:\/\/www.alongavecanna.com\/fr\/wp-json\/wp\/v2\/media?parent=55761"}],"wp:term":[{"taxonomy":"product_brand","embeddable":true,"href":"https:\/\/www.alongavecanna.com\/fr\/wp-json\/wp\/v2\/product_brand?post=55761"},{"taxonomy":"product_cat","embeddable":true,"href":"https:\/\/www.alongavecanna.com\/fr\/wp-json\/wp\/v2\/product_cat?post=55761"},{"taxonomy":"product_tag","embeddable":true,"href":"https:\/\/www.alongavecanna.com\/fr\/wp-json\/wp\/v2\/product_tag?post=55761"}],"curies":[{"name":"wp","href":"https:\/\/api.w.org\/{rel}","templated":true}]}}