{"id":55760,"date":"2023-02-23T20:11:11","date_gmt":"2023-02-23T20:11:11","guid":{"rendered":"https:\/\/www.alongavecanna.com\/?post_type=product&#038;p=55760"},"modified":"2023-02-23T20:16:44","modified_gmt":"2023-02-23T20:16:44","slug":"clovelly-pull-robe","status":"publish","type":"product","link":"https:\/\/www.alongavecanna.com\/fr\/produit\/clovelly-pull-robe\/","title":{"rendered":"Clovelly (Pull &amp; Robe)"},"content":{"rendered":"<p style=\"text-align: justify;\"><strong>Tailles <\/strong>: <span class=\"S1PPyQ\">83, 90, 97, 103 (107, 115, 118, 123) <\/span><span class=\"S1PPyQ\">[132, 140, 148]<\/span><span class=\"S1PPyQ\"> cm de tour de poitrine<\/span><\/p>\n<p style=\"text-align: justify;\"><strong>\u00c9chantillon<\/strong>: <span class=\"S1PPyQ\">22 m \u00d7 34 rgs en jersey endroit <\/span><span class=\"S1PPyQ\">avec des aiguilles 3.75mm\/US 5 en Double Merino <\/span><span class=\"S1PPyQ\">ou des aiguilles 4.mm\/US 6 en Merino &amp; Silk Mohair tenus ensemble<\/span><\/p>\n<p style=\"text-align: justify;\"><strong>Aisance recommand\u00e9e <\/strong>: environ 10 cm d&rsquo;aisance positive<\/p>\n<p style=\"text-align: justify;\"><strong>Aiguilles recommand\u00e9es<\/strong>: en <span class=\"S1PPyQ\">Double Merino<\/span><span class=\"S1PPyQ\"> &#8211; <\/span><span class=\"S1PPyQ\">Pour le corps et les manches 3.75mm \/US 5 et pour les c\u00f4tes 3.5mm\/US 4<\/span><\/p>\n<p class=\"_04xlpA direction-ltr align-center para-style-body\" style=\"text-align: justify;\"><span class=\"S1PPyQ\">en Merino &amp; Silk Mohair<\/span><span class=\"S1PPyQ\"> &#8211; <\/span><span class=\"S1PPyQ\">pour le corps et les manches 4mm \/US 6<\/span> et pour les c\u00f4tes <span class=\"S1PPyQ\"> 3.75mm\/US 5<\/span><\/p>\n<p style=\"text-align: justify;\"><strong>Laine(s)<\/strong>:<\/p>\n<p class=\"_04xlpA direction-ltr align-center para-style-body\" style=\"text-align: justify;\"><strong><span class=\"S1PPyQ\">Version pull<\/span><span class=\"S1PPyQ\">&#8211; laine \u00e9paisseur DK<\/span><\/strong><\/p>\n<p class=\"_04xlpA direction-ltr align-center para-style-body\" style=\"text-align: justify;\"><span class=\"S1PPyQ\"><em>Coloris principal (CP)<\/em>: 825, 880, 970, 1 030 (1 065, 1 165, 1195, 1245)<\/span> <span class=\"S1PPyQ\">[1365, 1465, 1555] <\/span><span class=\"S1PPyQ\">m\u00e8tres<\/span><\/p>\n<p class=\"_04xlpA direction-ltr align-center para-style-body\" style=\"text-align: justify;\"><span class=\"S1PPyQ\"><em>Couleur contrastante (CC)<\/em>: 275, 295, 325, 345 (355, 390, 400, 415)<\/span><span class=\"S1PPyQ\"> [455, 490, 520] <\/span><span class=\"S1PPyQ\">m\u00e8tres<\/span><\/p>\n<p class=\"_04xlpA direction-ltr align-center para-style-body\" style=\"text-align: justify;\"><span class=\"S1PPyQ\">soit 8, 9, 9, 10 (10, 11, 11, 12)<\/span> <span class=\"S1PPyQ\">[13, 14, 15] <\/span><span class=\"S1PPyQ\">pelotes de Double Merino &#8211; Along avec Anna pour la CP et 3, 3, 3, 4 (4, 4, 4, 4)<\/span><span class=\"S1PPyQ\">[5, 5, 6] <\/span><span class=\"S1PPyQ\">pelotes pour la CC<\/span><\/p>\n<p class=\"_04xlpA direction-ltr align-center para-style-body\" style=\"text-align: justify;\"><strong><span class=\"S1PPyQ\">Version robe <\/span><span class=\"S1PPyQ\">&#8211; Fingering + Mohair<\/span><\/strong><\/p>\n<p class=\"_04xlpA direction-ltr align-center para-style-body\" style=\"text-align: justify;\"><span class=\"S1PPyQ\">Fingering <\/span><span class=\"S1PPyQ\">: 1300, 1400, 1510, 1600 (1735, 1800, 1920, 2000) <\/span><span class=\"S1PPyQ\">[2200, 2350, 2550] <\/span><span class=\"S1PPyQ\">m\u00e8tres<\/span><\/p>\n<p class=\"_04xlpA direction-ltr align-center para-style-body\" style=\"text-align: justify;\"><span class=\"S1PPyQ\">soit 7, 7, 8, 8 (9, 9, 10, 10)<\/span><span class=\"S1PPyQ\"> [11, 12, 13] <\/span><span class=\"S1PPyQ\">pelotes de Merino &#8211; Along Avec Anna<\/span><\/p>\n<p class=\"_04xlpA direction-ltr align-center para-style-body\" style=\"text-align: justify;\"><span class=\"S1PPyQ\">et <\/span><span class=\"S1PPyQ\">Mohair<\/span><span class=\"S1PPyQ\"> : 1365, 1440, 1585, 1680 (1825, 1890, 1970, 2200) <\/span><span class=\"S1PPyQ\">[2385, 2640, 2840] <\/span><span class=\"S1PPyQ\">m\u00e8tres<\/span><\/p>\n<p class=\"_04xlpA direction-ltr align-center para-style-body\" style=\"text-align: justify;\"><span class=\"S1PPyQ\">soit 7, 7, 8, 8 (9, 9, 10, 11) <\/span><span class=\"S1PPyQ\">[12, 13, 14] <\/span><span class=\"S1PPyQ\">pelotes de Silk Mohair &#8211; Along avec Anna.<\/span><\/p>\n<p class=\"_04xlpA direction-ltr align-center para-style-body\" style=\"text-align: justify;\"><em><span class=\"S1PPyQ\"><br \/>\nVersions de pr\u00e9sentation<\/span><\/em><span class=\"S1PPyQ\">: <\/span><span class=\"S1PPyQ\">Tricot\u00e9s en 90 cm avec 10cm d&rsquo;aisance positive.<\/span><span class=\"S1PPyQ\">Pour la version robe, Anna mesure 1m50 et la robe mesure 65cm de long, mesure prise sous l&#8217;emmanchure.<\/span><\/p>\n<p style=\"text-align: justify;\"><strong>Mat\u00e9riel <\/strong>: <span class=\"S1PPyQ\">marqueurs, <\/span><span class=\"S1PPyQ\">fil de laine pour mettre les mailles en attente, <\/span><span class=\"S1PPyQ\">aiguille \u00e0 tapisserie, <\/span><span class=\"S1PPyQ\">4 ou 5 buttons de 15 mm<\/span><\/p>\n","protected":false},"excerpt":{"rendered":"<p class=\"_04xlpA direction-ltr align-justify para-style-body\" style=\"text-align: justify;\"><strong><span class=\"S1PPyQ\">Clovelly <\/span><\/strong><span class=\"S1PPyQ\"><strong>est un joli pull marin<\/strong> qui poss\u00e8de tous les codes du pull breton traditionnel : des manches mont\u00e9es, des rayures sur le corps et les manches, une encolure double en c\u00f4tes et une patte de boutonnage.<\/span><\/p>\n<p class=\"_04xlpA direction-ltr align-justify para-style-body\" style=\"text-align: justify;\"><span class=\"S1PPyQ\">Un patron travaill\u00e9, mais tout de m\u00eame accessible \u00e0 un niveau interm\u00e9diaire, et surtout un v\u00e9ritable ind\u00e9modable !<\/span><\/p>\n<p class=\"_04xlpA direction-ltr align-justify para-style-body\" style=\"text-align: justify;\"><strong><span class=\"S1PPyQ\">Ce patron inclut \u00e9galement les instructions pour modifier <\/span> <span class=\"S1PPyQ\"> le pull en robe Clovelly<\/span><\/strong><span class=\"S1PPyQ\">, <\/span>tricot\u00e9e en uni avec un col double plus profond.<\/p>\n","protected":false},"featured_media":55751,"comment_status":"open","ping_status":"closed","template":"","meta":[],"product_brand":[],"product_cat":[380,376,377,381],"product_tag":[],"class_list":{"0":"post-55760","1":"product","2":"type-product","3":"status-publish","4":"has-post-thumbnail","6":"product_cat-patrons-anglais","7":"product_cat-patrons-de-tricot","8":"product_cat-patrons-femme","9":"product_cat-patrons-francais","11":"first","12":"instock","13":"downloadable","14":"virtual","15":"taxable","16":"purchasable","17":"product-type-simple"},"yoast_head":"<!-- This site is optimized with the Yoast SEO plugin v27.4 - https:\/\/yoast.com\/product\/yoast-seo-wordpress\/ -->\n<title>Clovelly (Pull &amp; Robe) - Along Avec Anna<\/title>\n<meta name=\"robots\" content=\"index, follow, max-snippet:-1, max-image-preview:large, max-video-preview:-1\" \/>\n<link rel=\"canonical\" href=\"https:\/\/www.alongavecanna.com\/fr\/produit\/clovelly-pull-robe\/\" \/>\n<meta property=\"og:locale\" content=\"fr_FR\" \/>\n<meta property=\"og:type\" content=\"article\" \/>\n<meta property=\"og:title\" content=\"Clovelly (Pull &amp; Robe) - Along Avec Anna\" \/>\n<meta property=\"og:description\" content=\"Clovelly est un joli pull marin qui poss\u00e8de tous les codes du pull breton traditionnel : des manches mont\u00e9es, des rayures sur le corps et les manches, une encolure double en c\u00f4tes et une patte de boutonnage. Un patron travaill\u00e9, mais tout de m\u00eame accessible \u00e0 un niveau interm\u00e9diaire, et surtout un v\u00e9ritable ind\u00e9modable ! Ce patron inclut \u00e9galement les instructions pour modifier  le pull en robe Clovelly, tricot\u00e9e en uni avec un col double plus profond.\" \/>\n<meta property=\"og:url\" content=\"https:\/\/www.alongavecanna.com\/fr\/produit\/clovelly-pull-robe\/\" \/>\n<meta property=\"og:site_name\" content=\"Along Avec Anna\" \/>\n<meta property=\"article:publisher\" content=\"https:\/\/facebook.com\/alongavecanna\" \/>\n<meta property=\"article:modified_time\" content=\"2023-02-23T20:16:44+00:00\" \/>\n<meta property=\"og:image\" content=\"https:\/\/www.alongavecanna.com\/wp-content\/uploads\/2023\/02\/Clovelly_jumper_along_avec_anna_2-scaled.jpg\" \/>\n\t<meta property=\"og:image:width\" content=\"1707\" \/>\n\t<meta property=\"og:image:height\" content=\"2560\" \/>\n\t<meta property=\"og:image:type\" content=\"image\/jpeg\" \/>\n<meta name=\"twitter:card\" content=\"summary_large_image\" \/>\n<meta name=\"twitter:label1\" content=\"Dur\u00e9e de lecture estim\u00e9e\" \/>\n\t<meta name=\"twitter:data1\" content=\"1 minute\" \/>\n<script type=\"application\/ld+json\" class=\"yoast-schema-graph\">{\"@context\":\"https:\\\/\\\/schema.org\",\"@graph\":[{\"@type\":\"WebPage\",\"@id\":\"https:\\\/\\\/www.alongavecanna.com\\\/fr\\\/produit\\\/clovelly-pull-robe\\\/\",\"url\":\"https:\\\/\\\/www.alongavecanna.com\\\/fr\\\/produit\\\/clovelly-pull-robe\\\/\",\"name\":\"Clovelly (Pull &amp; Robe) - Along Avec Anna\",\"isPartOf\":{\"@id\":\"https:\\\/\\\/www.alongavecanna.com\\\/fr\\\/#website\"},\"primaryImageOfPage\":{\"@id\":\"https:\\\/\\\/www.alongavecanna.com\\\/fr\\\/produit\\\/clovelly-pull-robe\\\/#primaryimage\"},\"image\":{\"@id\":\"https:\\\/\\\/www.alongavecanna.com\\\/fr\\\/produit\\\/clovelly-pull-robe\\\/#primaryimage\"},\"thumbnailUrl\":\"https:\\\/\\\/www.alongavecanna.com\\\/wp-content\\\/uploads\\\/2023\\\/02\\\/Clovelly_jumper_along_avec_anna_2-scaled.jpg\",\"datePublished\":\"2023-02-23T20:11:11+00:00\",\"dateModified\":\"2023-02-23T20:16:44+00:00\",\"breadcrumb\":{\"@id\":\"https:\\\/\\\/www.alongavecanna.com\\\/fr\\\/produit\\\/clovelly-pull-robe\\\/#breadcrumb\"},\"inLanguage\":\"fr-FR\",\"potentialAction\":[{\"@type\":\"ReadAction\",\"target\":[\"https:\\\/\\\/www.alongavecanna.com\\\/fr\\\/produit\\\/clovelly-pull-robe\\\/\"]}]},{\"@type\":\"ImageObject\",\"inLanguage\":\"fr-FR\",\"@id\":\"https:\\\/\\\/www.alongavecanna.com\\\/fr\\\/produit\\\/clovelly-pull-robe\\\/#primaryimage\",\"url\":\"https:\\\/\\\/www.alongavecanna.com\\\/wp-content\\\/uploads\\\/2023\\\/02\\\/Clovelly_jumper_along_avec_anna_2-scaled.jpg\",\"contentUrl\":\"https:\\\/\\\/www.alongavecanna.com\\\/wp-content\\\/uploads\\\/2023\\\/02\\\/Clovelly_jumper_along_avec_anna_2-scaled.jpg\",\"width\":1707,\"height\":2560},{\"@type\":\"BreadcrumbList\",\"@id\":\"https:\\\/\\\/www.alongavecanna.com\\\/fr\\\/produit\\\/clovelly-pull-robe\\\/#breadcrumb\",\"itemListElement\":[{\"@type\":\"ListItem\",\"position\":1,\"name\":\"Home\",\"item\":\"https:\\\/\\\/www.alongavecanna.com\\\/fr\\\/\"},{\"@type\":\"ListItem\",\"position\":2,\"name\":\"Produits\",\"item\":\"https:\\\/\\\/www.alongavecanna.com\\\/fr\\\/shop\\\/\"},{\"@type\":\"ListItem\",\"position\":3,\"name\":\"Clovelly (Pull &amp; Robe)\"}]},{\"@type\":\"WebSite\",\"@id\":\"https:\\\/\\\/www.alongavecanna.com\\\/fr\\\/#website\",\"url\":\"https:\\\/\\\/www.alongavecanna.com\\\/fr\\\/\",\"name\":\"Along Avec Anna\",\"description\":\"Ethical yarn &amp; timeless knitting patterns\",\"publisher\":{\"@id\":\"https:\\\/\\\/www.alongavecanna.com\\\/fr\\\/#organization\"},\"potentialAction\":[{\"@type\":\"SearchAction\",\"target\":{\"@type\":\"EntryPoint\",\"urlTemplate\":\"https:\\\/\\\/www.alongavecanna.com\\\/fr\\\/?s={search_term_string}\"},\"query-input\":{\"@type\":\"PropertyValueSpecification\",\"valueRequired\":true,\"valueName\":\"search_term_string\"}}],\"inLanguage\":\"fr-FR\"},{\"@type\":\"Organization\",\"@id\":\"https:\\\/\\\/www.alongavecanna.com\\\/fr\\\/#organization\",\"name\":\"Along Avec Anna\",\"url\":\"https:\\\/\\\/www.alongavecanna.com\\\/fr\\\/\",\"logo\":{\"@type\":\"ImageObject\",\"inLanguage\":\"fr-FR\",\"@id\":\"https:\\\/\\\/www.alongavecanna.com\\\/fr\\\/#\\\/schema\\\/logo\\\/image\\\/\",\"url\":\"https:\\\/\\\/www.alongavecanna.com\\\/wp-content\\\/uploads\\\/2023\\\/01\\\/logo-along-avec-anna.png\",\"contentUrl\":\"https:\\\/\\\/www.alongavecanna.com\\\/wp-content\\\/uploads\\\/2023\\\/01\\\/logo-along-avec-anna.png\",\"width\":1728,\"height\":627,\"caption\":\"Along Avec Anna\"},\"image\":{\"@id\":\"https:\\\/\\\/www.alongavecanna.com\\\/fr\\\/#\\\/schema\\\/logo\\\/image\\\/\"},\"sameAs\":[\"https:\\\/\\\/facebook.com\\\/alongavecanna\",\"https:\\\/\\\/www.instagram.com\\\/along.avec.anna\\\/\"]}]}<\/script>\n<!-- \/ Yoast SEO plugin. -->","yoast_head_json":{"title":"Clovelly (Pull &amp; Robe) - Along Avec Anna","robots":{"index":"index","follow":"follow","max-snippet":"max-snippet:-1","max-image-preview":"max-image-preview:large","max-video-preview":"max-video-preview:-1"},"canonical":"https:\/\/www.alongavecanna.com\/fr\/produit\/clovelly-pull-robe\/","og_locale":"fr_FR","og_type":"article","og_title":"Clovelly (Pull &amp; Robe) - Along Avec Anna","og_description":"Clovelly est un joli pull marin qui poss\u00e8de tous les codes du pull breton traditionnel : des manches mont\u00e9es, des rayures sur le corps et les manches, une encolure double en c\u00f4tes et une patte de boutonnage. Un patron travaill\u00e9, mais tout de m\u00eame accessible \u00e0 un niveau interm\u00e9diaire, et surtout un v\u00e9ritable ind\u00e9modable ! Ce patron inclut \u00e9galement les instructions pour modifier  le pull en robe Clovelly, tricot\u00e9e en uni avec un col double plus profond.","og_url":"https:\/\/www.alongavecanna.com\/fr\/produit\/clovelly-pull-robe\/","og_site_name":"Along Avec Anna","article_publisher":"https:\/\/facebook.com\/alongavecanna","article_modified_time":"2023-02-23T20:16:44+00:00","og_image":[{"width":1707,"height":2560,"url":"https:\/\/www.alongavecanna.com\/wp-content\/uploads\/2023\/02\/Clovelly_jumper_along_avec_anna_2-scaled.jpg","type":"image\/jpeg"}],"twitter_card":"summary_large_image","twitter_misc":{"Dur\u00e9e de lecture estim\u00e9e":"1 minute"},"schema":{"@context":"https:\/\/schema.org","@graph":[{"@type":"WebPage","@id":"https:\/\/www.alongavecanna.com\/fr\/produit\/clovelly-pull-robe\/","url":"https:\/\/www.alongavecanna.com\/fr\/produit\/clovelly-pull-robe\/","name":"Clovelly (Pull &amp; Robe) - Along Avec Anna","isPartOf":{"@id":"https:\/\/www.alongavecanna.com\/fr\/#website"},"primaryImageOfPage":{"@id":"https:\/\/www.alongavecanna.com\/fr\/produit\/clovelly-pull-robe\/#primaryimage"},"image":{"@id":"https:\/\/www.alongavecanna.com\/fr\/produit\/clovelly-pull-robe\/#primaryimage"},"thumbnailUrl":"https:\/\/www.alongavecanna.com\/wp-content\/uploads\/2023\/02\/Clovelly_jumper_along_avec_anna_2-scaled.jpg","datePublished":"2023-02-23T20:11:11+00:00","dateModified":"2023-02-23T20:16:44+00:00","breadcrumb":{"@id":"https:\/\/www.alongavecanna.com\/fr\/produit\/clovelly-pull-robe\/#breadcrumb"},"inLanguage":"fr-FR","potentialAction":[{"@type":"ReadAction","target":["https:\/\/www.alongavecanna.com\/fr\/produit\/clovelly-pull-robe\/"]}]},{"@type":"ImageObject","inLanguage":"fr-FR","@id":"https:\/\/www.alongavecanna.com\/fr\/produit\/clovelly-pull-robe\/#primaryimage","url":"https:\/\/www.alongavecanna.com\/wp-content\/uploads\/2023\/02\/Clovelly_jumper_along_avec_anna_2-scaled.jpg","contentUrl":"https:\/\/www.alongavecanna.com\/wp-content\/uploads\/2023\/02\/Clovelly_jumper_along_avec_anna_2-scaled.jpg","width":1707,"height":2560},{"@type":"BreadcrumbList","@id":"https:\/\/www.alongavecanna.com\/fr\/produit\/clovelly-pull-robe\/#breadcrumb","itemListElement":[{"@type":"ListItem","position":1,"name":"Home","item":"https:\/\/www.alongavecanna.com\/fr\/"},{"@type":"ListItem","position":2,"name":"Produits","item":"https:\/\/www.alongavecanna.com\/fr\/shop\/"},{"@type":"ListItem","position":3,"name":"Clovelly (Pull &amp; Robe)"}]},{"@type":"WebSite","@id":"https:\/\/www.alongavecanna.com\/fr\/#website","url":"https:\/\/www.alongavecanna.com\/fr\/","name":"Along Avec Anna","description":"Ethical yarn &amp; timeless knitting patterns","publisher":{"@id":"https:\/\/www.alongavecanna.com\/fr\/#organization"},"potentialAction":[{"@type":"SearchAction","target":{"@type":"EntryPoint","urlTemplate":"https:\/\/www.alongavecanna.com\/fr\/?s={search_term_string}"},"query-input":{"@type":"PropertyValueSpecification","valueRequired":true,"valueName":"search_term_string"}}],"inLanguage":"fr-FR"},{"@type":"Organization","@id":"https:\/\/www.alongavecanna.com\/fr\/#organization","name":"Along Avec Anna","url":"https:\/\/www.alongavecanna.com\/fr\/","logo":{"@type":"ImageObject","inLanguage":"fr-FR","@id":"https:\/\/www.alongavecanna.com\/fr\/#\/schema\/logo\/image\/","url":"https:\/\/www.alongavecanna.com\/wp-content\/uploads\/2023\/01\/logo-along-avec-anna.png","contentUrl":"https:\/\/www.alongavecanna.com\/wp-content\/uploads\/2023\/01\/logo-along-avec-anna.png","width":1728,"height":627,"caption":"Along Avec Anna"},"image":{"@id":"https:\/\/www.alongavecanna.com\/fr\/#\/schema\/logo\/image\/"},"sameAs":["https:\/\/facebook.com\/alongavecanna","https:\/\/www.instagram.com\/along.avec.anna\/"]}]}},"_links":{"self":[{"href":"https:\/\/www.alongavecanna.com\/fr\/wp-json\/wp\/v2\/product\/55760","targetHints":{"allow":["GET"]}}],"collection":[{"href":"https:\/\/www.alongavecanna.com\/fr\/wp-json\/wp\/v2\/product"}],"about":[{"href":"https:\/\/www.alongavecanna.com\/fr\/wp-json\/wp\/v2\/types\/product"}],"replies":[{"embeddable":true,"href":"https:\/\/www.alongavecanna.com\/fr\/wp-json\/wp\/v2\/comments?post=55760"}],"version-history":[{"count":0,"href":"https:\/\/www.alongavecanna.com\/fr\/wp-json\/wp\/v2\/product\/55760\/revisions"}],"wp:featuredmedia":[{"embeddable":true,"href":"https:\/\/www.alongavecanna.com\/fr\/wp-json\/wp\/v2\/media\/55751"}],"wp:attachment":[{"href":"https:\/\/www.alongavecanna.com\/fr\/wp-json\/wp\/v2\/media?parent=55760"}],"wp:term":[{"taxonomy":"product_brand","embeddable":true,"href":"https:\/\/www.alongavecanna.com\/fr\/wp-json\/wp\/v2\/product_brand?post=55760"},{"taxonomy":"product_cat","embeddable":true,"href":"https:\/\/www.alongavecanna.com\/fr\/wp-json\/wp\/v2\/product_cat?post=55760"},{"taxonomy":"product_tag","embeddable":true,"href":"https:\/\/www.alongavecanna.com\/fr\/wp-json\/wp\/v2\/product_tag?post=55760"}],"curies":[{"name":"wp","href":"https:\/\/api.w.org\/{rel}","templated":true}]}}