{"id":54215,"date":"2023-01-31T13:50:50","date_gmt":"2023-01-31T13:50:50","guid":{"rendered":"https:\/\/preprod.alongavecanna.com\/product\/knit-pro-aiguilles-circulaires-fixes-symfonie-40cm\/"},"modified":"2024-11-09T15:44:06","modified_gmt":"2024-11-09T15:44:06","slug":"tricot-pro-symfonie-aiguilles-fixes-circulaires-40cm","status":"publish","type":"product","link":"https:\/\/www.alongavecanna.com\/fr\/produit\/tricot-pro-symfonie-aiguilles-fixes-circulaires-40cm\/","title":{"rendered":"Knit Pro &#8211; Aiguilles circulaires fixes Symfonie (40cm)"},"content":{"rendered":"<p><strong>D\u00c9TAILS<\/strong><\/p>\n<p>Mat\u00e9riel : Bois<br \/>\nD\u00e9tail du mat\u00e9riel : Bouleau stratifi\u00e9 densifi\u00e9<br \/>\nCouleur : Multicolore<br \/>\nLongueur : 40 cm<\/p>\n","protected":false},"excerpt":{"rendered":"<p style=\"text-align: justify;\">Fabriqu\u00e9es en bois de bouleau lamin\u00e9, avec un c\u00e2ble \u00e9lastique et flexible et des joints presque sans couture, les aiguilles \u00e0 tricoter circulaires fixes de KnitPro sont id\u00e9ales pour toutes sortes de projets de tricot, des pulls aux ch\u00e2les, et m\u00eame aux couvertures.<\/p>\n<p>A noter que les 4mm\/40cm sont actuellement des Basix et non des Symphonie.<\/p>\n","protected":false},"featured_media":54208,"comment_status":"open","ping_status":"closed","template":"","meta":[],"product_brand":[],"product_cat":[384,378],"product_tag":[],"class_list":{"0":"post-54215","1":"product","2":"type-product","3":"status-publish","4":"has-post-thumbnail","6":"product_cat-aiguilles","7":"product_cat-boutique","8":"product_shipping_class-large-items-large-letter-fr","10":"first","11":"instock","12":"taxable","13":"shipping-taxable","14":"purchasable","15":"product-type-variable","16":"has-default-attributes"},"yoast_head":"<!-- This site is optimized with the Yoast SEO plugin v27.4 - https:\/\/yoast.com\/product\/yoast-seo-wordpress\/ -->\n<title>Knit Pro - Aiguilles circulaires fixes Symfonie (40cm) - Along Avec Anna<\/title>\n<meta name=\"robots\" content=\"index, follow, max-snippet:-1, max-image-preview:large, max-video-preview:-1\" \/>\n<link rel=\"canonical\" href=\"https:\/\/www.alongavecanna.com\/fr\/produit\/tricot-pro-symfonie-aiguilles-fixes-circulaires-40cm\/\" \/>\n<meta property=\"og:locale\" content=\"fr_FR\" \/>\n<meta property=\"og:type\" content=\"article\" \/>\n<meta property=\"og:title\" content=\"Knit Pro - Aiguilles circulaires fixes Symfonie (40cm) - Along Avec Anna\" \/>\n<meta property=\"og:description\" content=\"Fabriqu\u00e9es en bois de bouleau lamin\u00e9, avec un c\u00e2ble \u00e9lastique et flexible et des joints presque sans couture, les aiguilles \u00e0 tricoter circulaires fixes de KnitPro sont id\u00e9ales pour toutes sortes de projets de tricot, des pulls aux ch\u00e2les, et m\u00eame aux couvertures. A noter que les 4mm\/40cm sont actuellement des Basix et non des Symphonie.\" \/>\n<meta property=\"og:url\" content=\"https:\/\/www.alongavecanna.com\/fr\/produit\/tricot-pro-symfonie-aiguilles-fixes-circulaires-40cm\/\" \/>\n<meta property=\"og:site_name\" content=\"Along Avec Anna\" \/>\n<meta property=\"article:publisher\" content=\"https:\/\/facebook.com\/alongavecanna\" \/>\n<meta property=\"article:modified_time\" content=\"2024-11-09T15:44:06+00:00\" \/>\n<meta property=\"og:image\" content=\"https:\/\/www.alongavecanna.com\/wp-content\/uploads\/2023\/01\/Knit_pro_symfonie_knitting_needles.jpeg\" \/>\n\t<meta property=\"og:image:width\" content=\"800\" \/>\n\t<meta property=\"og:image:height\" content=\"800\" \/>\n\t<meta property=\"og:image:type\" content=\"image\/jpeg\" \/>\n<meta name=\"twitter:card\" content=\"summary_large_image\" \/>\n<script type=\"application\/ld+json\" class=\"yoast-schema-graph\">{\"@context\":\"https:\\\/\\\/schema.org\",\"@graph\":[{\"@type\":\"WebPage\",\"@id\":\"https:\\\/\\\/www.alongavecanna.com\\\/fr\\\/produit\\\/tricot-pro-symfonie-aiguilles-fixes-circulaires-40cm\\\/\",\"url\":\"https:\\\/\\\/www.alongavecanna.com\\\/fr\\\/produit\\\/tricot-pro-symfonie-aiguilles-fixes-circulaires-40cm\\\/\",\"name\":\"Knit Pro - Aiguilles circulaires fixes Symfonie (40cm) - Along Avec Anna\",\"isPartOf\":{\"@id\":\"https:\\\/\\\/www.alongavecanna.com\\\/fr\\\/#website\"},\"primaryImageOfPage\":{\"@id\":\"https:\\\/\\\/www.alongavecanna.com\\\/fr\\\/produit\\\/tricot-pro-symfonie-aiguilles-fixes-circulaires-40cm\\\/#primaryimage\"},\"image\":{\"@id\":\"https:\\\/\\\/www.alongavecanna.com\\\/fr\\\/produit\\\/tricot-pro-symfonie-aiguilles-fixes-circulaires-40cm\\\/#primaryimage\"},\"thumbnailUrl\":\"https:\\\/\\\/www.alongavecanna.com\\\/wp-content\\\/uploads\\\/2023\\\/01\\\/Knit_pro_symfonie_knitting_needles.jpeg\",\"datePublished\":\"2023-01-31T13:50:50+00:00\",\"dateModified\":\"2024-11-09T15:44:06+00:00\",\"breadcrumb\":{\"@id\":\"https:\\\/\\\/www.alongavecanna.com\\\/fr\\\/produit\\\/tricot-pro-symfonie-aiguilles-fixes-circulaires-40cm\\\/#breadcrumb\"},\"inLanguage\":\"fr-FR\",\"potentialAction\":[{\"@type\":\"ReadAction\",\"target\":[\"https:\\\/\\\/www.alongavecanna.com\\\/fr\\\/produit\\\/tricot-pro-symfonie-aiguilles-fixes-circulaires-40cm\\\/\"]}]},{\"@type\":\"ImageObject\",\"inLanguage\":\"fr-FR\",\"@id\":\"https:\\\/\\\/www.alongavecanna.com\\\/fr\\\/produit\\\/tricot-pro-symfonie-aiguilles-fixes-circulaires-40cm\\\/#primaryimage\",\"url\":\"https:\\\/\\\/www.alongavecanna.com\\\/wp-content\\\/uploads\\\/2023\\\/01\\\/Knit_pro_symfonie_knitting_needles.jpeg\",\"contentUrl\":\"https:\\\/\\\/www.alongavecanna.com\\\/wp-content\\\/uploads\\\/2023\\\/01\\\/Knit_pro_symfonie_knitting_needles.jpeg\",\"width\":800,\"height\":800},{\"@type\":\"BreadcrumbList\",\"@id\":\"https:\\\/\\\/www.alongavecanna.com\\\/fr\\\/produit\\\/tricot-pro-symfonie-aiguilles-fixes-circulaires-40cm\\\/#breadcrumb\",\"itemListElement\":[{\"@type\":\"ListItem\",\"position\":1,\"name\":\"Home\",\"item\":\"https:\\\/\\\/www.alongavecanna.com\\\/fr\\\/\"},{\"@type\":\"ListItem\",\"position\":2,\"name\":\"Produits\",\"item\":\"https:\\\/\\\/www.alongavecanna.com\\\/fr\\\/shop\\\/\"},{\"@type\":\"ListItem\",\"position\":3,\"name\":\"Knit Pro &#8211; Aiguilles circulaires fixes Symfonie (40cm)\"}]},{\"@type\":\"WebSite\",\"@id\":\"https:\\\/\\\/www.alongavecanna.com\\\/fr\\\/#website\",\"url\":\"https:\\\/\\\/www.alongavecanna.com\\\/fr\\\/\",\"name\":\"Along Avec Anna\",\"description\":\"Ethical yarn &amp; timeless knitting patterns\",\"publisher\":{\"@id\":\"https:\\\/\\\/www.alongavecanna.com\\\/fr\\\/#organization\"},\"potentialAction\":[{\"@type\":\"SearchAction\",\"target\":{\"@type\":\"EntryPoint\",\"urlTemplate\":\"https:\\\/\\\/www.alongavecanna.com\\\/fr\\\/?s={search_term_string}\"},\"query-input\":{\"@type\":\"PropertyValueSpecification\",\"valueRequired\":true,\"valueName\":\"search_term_string\"}}],\"inLanguage\":\"fr-FR\"},{\"@type\":\"Organization\",\"@id\":\"https:\\\/\\\/www.alongavecanna.com\\\/fr\\\/#organization\",\"name\":\"Along Avec Anna\",\"url\":\"https:\\\/\\\/www.alongavecanna.com\\\/fr\\\/\",\"logo\":{\"@type\":\"ImageObject\",\"inLanguage\":\"fr-FR\",\"@id\":\"https:\\\/\\\/www.alongavecanna.com\\\/fr\\\/#\\\/schema\\\/logo\\\/image\\\/\",\"url\":\"https:\\\/\\\/www.alongavecanna.com\\\/wp-content\\\/uploads\\\/2023\\\/01\\\/logo-along-avec-anna.png\",\"contentUrl\":\"https:\\\/\\\/www.alongavecanna.com\\\/wp-content\\\/uploads\\\/2023\\\/01\\\/logo-along-avec-anna.png\",\"width\":1728,\"height\":627,\"caption\":\"Along Avec Anna\"},\"image\":{\"@id\":\"https:\\\/\\\/www.alongavecanna.com\\\/fr\\\/#\\\/schema\\\/logo\\\/image\\\/\"},\"sameAs\":[\"https:\\\/\\\/facebook.com\\\/alongavecanna\",\"https:\\\/\\\/www.instagram.com\\\/along.avec.anna\\\/\"]}]}<\/script>\n<!-- \/ Yoast SEO plugin. -->","yoast_head_json":{"title":"Knit Pro - Aiguilles circulaires fixes Symfonie (40cm) - Along Avec Anna","robots":{"index":"index","follow":"follow","max-snippet":"max-snippet:-1","max-image-preview":"max-image-preview:large","max-video-preview":"max-video-preview:-1"},"canonical":"https:\/\/www.alongavecanna.com\/fr\/produit\/tricot-pro-symfonie-aiguilles-fixes-circulaires-40cm\/","og_locale":"fr_FR","og_type":"article","og_title":"Knit Pro - Aiguilles circulaires fixes Symfonie (40cm) - Along Avec Anna","og_description":"Fabriqu\u00e9es en bois de bouleau lamin\u00e9, avec un c\u00e2ble \u00e9lastique et flexible et des joints presque sans couture, les aiguilles \u00e0 tricoter circulaires fixes de KnitPro sont id\u00e9ales pour toutes sortes de projets de tricot, des pulls aux ch\u00e2les, et m\u00eame aux couvertures. A noter que les 4mm\/40cm sont actuellement des Basix et non des Symphonie.","og_url":"https:\/\/www.alongavecanna.com\/fr\/produit\/tricot-pro-symfonie-aiguilles-fixes-circulaires-40cm\/","og_site_name":"Along Avec Anna","article_publisher":"https:\/\/facebook.com\/alongavecanna","article_modified_time":"2024-11-09T15:44:06+00:00","og_image":[{"width":800,"height":800,"url":"https:\/\/www.alongavecanna.com\/wp-content\/uploads\/2023\/01\/Knit_pro_symfonie_knitting_needles.jpeg","type":"image\/jpeg"}],"twitter_card":"summary_large_image","schema":{"@context":"https:\/\/schema.org","@graph":[{"@type":"WebPage","@id":"https:\/\/www.alongavecanna.com\/fr\/produit\/tricot-pro-symfonie-aiguilles-fixes-circulaires-40cm\/","url":"https:\/\/www.alongavecanna.com\/fr\/produit\/tricot-pro-symfonie-aiguilles-fixes-circulaires-40cm\/","name":"Knit Pro - Aiguilles circulaires fixes Symfonie (40cm) - Along Avec Anna","isPartOf":{"@id":"https:\/\/www.alongavecanna.com\/fr\/#website"},"primaryImageOfPage":{"@id":"https:\/\/www.alongavecanna.com\/fr\/produit\/tricot-pro-symfonie-aiguilles-fixes-circulaires-40cm\/#primaryimage"},"image":{"@id":"https:\/\/www.alongavecanna.com\/fr\/produit\/tricot-pro-symfonie-aiguilles-fixes-circulaires-40cm\/#primaryimage"},"thumbnailUrl":"https:\/\/www.alongavecanna.com\/wp-content\/uploads\/2023\/01\/Knit_pro_symfonie_knitting_needles.jpeg","datePublished":"2023-01-31T13:50:50+00:00","dateModified":"2024-11-09T15:44:06+00:00","breadcrumb":{"@id":"https:\/\/www.alongavecanna.com\/fr\/produit\/tricot-pro-symfonie-aiguilles-fixes-circulaires-40cm\/#breadcrumb"},"inLanguage":"fr-FR","potentialAction":[{"@type":"ReadAction","target":["https:\/\/www.alongavecanna.com\/fr\/produit\/tricot-pro-symfonie-aiguilles-fixes-circulaires-40cm\/"]}]},{"@type":"ImageObject","inLanguage":"fr-FR","@id":"https:\/\/www.alongavecanna.com\/fr\/produit\/tricot-pro-symfonie-aiguilles-fixes-circulaires-40cm\/#primaryimage","url":"https:\/\/www.alongavecanna.com\/wp-content\/uploads\/2023\/01\/Knit_pro_symfonie_knitting_needles.jpeg","contentUrl":"https:\/\/www.alongavecanna.com\/wp-content\/uploads\/2023\/01\/Knit_pro_symfonie_knitting_needles.jpeg","width":800,"height":800},{"@type":"BreadcrumbList","@id":"https:\/\/www.alongavecanna.com\/fr\/produit\/tricot-pro-symfonie-aiguilles-fixes-circulaires-40cm\/#breadcrumb","itemListElement":[{"@type":"ListItem","position":1,"name":"Home","item":"https:\/\/www.alongavecanna.com\/fr\/"},{"@type":"ListItem","position":2,"name":"Produits","item":"https:\/\/www.alongavecanna.com\/fr\/shop\/"},{"@type":"ListItem","position":3,"name":"Knit Pro &#8211; Aiguilles circulaires fixes Symfonie (40cm)"}]},{"@type":"WebSite","@id":"https:\/\/www.alongavecanna.com\/fr\/#website","url":"https:\/\/www.alongavecanna.com\/fr\/","name":"Along Avec Anna","description":"Ethical yarn &amp; timeless knitting patterns","publisher":{"@id":"https:\/\/www.alongavecanna.com\/fr\/#organization"},"potentialAction":[{"@type":"SearchAction","target":{"@type":"EntryPoint","urlTemplate":"https:\/\/www.alongavecanna.com\/fr\/?s={search_term_string}"},"query-input":{"@type":"PropertyValueSpecification","valueRequired":true,"valueName":"search_term_string"}}],"inLanguage":"fr-FR"},{"@type":"Organization","@id":"https:\/\/www.alongavecanna.com\/fr\/#organization","name":"Along Avec Anna","url":"https:\/\/www.alongavecanna.com\/fr\/","logo":{"@type":"ImageObject","inLanguage":"fr-FR","@id":"https:\/\/www.alongavecanna.com\/fr\/#\/schema\/logo\/image\/","url":"https:\/\/www.alongavecanna.com\/wp-content\/uploads\/2023\/01\/logo-along-avec-anna.png","contentUrl":"https:\/\/www.alongavecanna.com\/wp-content\/uploads\/2023\/01\/logo-along-avec-anna.png","width":1728,"height":627,"caption":"Along Avec Anna"},"image":{"@id":"https:\/\/www.alongavecanna.com\/fr\/#\/schema\/logo\/image\/"},"sameAs":["https:\/\/facebook.com\/alongavecanna","https:\/\/www.instagram.com\/along.avec.anna\/"]}]}},"_links":{"self":[{"href":"https:\/\/www.alongavecanna.com\/fr\/wp-json\/wp\/v2\/product\/54215","targetHints":{"allow":["GET"]}}],"collection":[{"href":"https:\/\/www.alongavecanna.com\/fr\/wp-json\/wp\/v2\/product"}],"about":[{"href":"https:\/\/www.alongavecanna.com\/fr\/wp-json\/wp\/v2\/types\/product"}],"replies":[{"embeddable":true,"href":"https:\/\/www.alongavecanna.com\/fr\/wp-json\/wp\/v2\/comments?post=54215"}],"version-history":[{"count":0,"href":"https:\/\/www.alongavecanna.com\/fr\/wp-json\/wp\/v2\/product\/54215\/revisions"}],"wp:featuredmedia":[{"embeddable":true,"href":"https:\/\/www.alongavecanna.com\/fr\/wp-json\/wp\/v2\/media\/54208"}],"wp:attachment":[{"href":"https:\/\/www.alongavecanna.com\/fr\/wp-json\/wp\/v2\/media?parent=54215"}],"wp:term":[{"taxonomy":"product_brand","embeddable":true,"href":"https:\/\/www.alongavecanna.com\/fr\/wp-json\/wp\/v2\/product_brand?post=54215"},{"taxonomy":"product_cat","embeddable":true,"href":"https:\/\/www.alongavecanna.com\/fr\/wp-json\/wp\/v2\/product_cat?post=54215"},{"taxonomy":"product_tag","embeddable":true,"href":"https:\/\/www.alongavecanna.com\/fr\/wp-json\/wp\/v2\/product_tag?post=54215"}],"curies":[{"name":"wp","href":"https:\/\/api.w.org\/{rel}","templated":true}]}}