{"id":52276,"date":"2019-11-12T13:04:12","date_gmt":"2019-11-12T13:04:12","guid":{"rendered":"https:\/\/preprod.alongavecanna.com\/product\/romy-pull\/"},"modified":"2023-09-29T22:08:15","modified_gmt":"2023-09-29T22:08:15","slug":"romy","status":"publish","type":"product","link":"https:\/\/www.alongavecanna.com\/fr\/produit\/romy\/","title":{"rendered":"Romy (Pull)"},"content":{"rendered":"<p>&nbsp;<\/p>\n<p style=\"text-align: justify;\"><strong>Tailles <\/strong>: 87.5, 98.5 (110, 120.5) 131.5, 142.5 cm de tour de poitrine<\/p>\n<p style=\"text-align: justify;\"><strong>\u00c9chantillon <\/strong>: 21 mailles x 32 rangs = 10 cm en jersey en aiguilles 3.75mm\/US 5 (ou autre taille d\u00e9pendant de votre \u00e9chantillon).<\/p>\n<p style=\"text-align: justify;\"><strong>Aisance recommand\u00e9e <\/strong>: entre 10 et 20cm d\u2019aisance positive.<\/p>\n<p style=\"text-align: justify;\"><strong>Laine(s) <\/strong>: <span class=\"JsGRdQ\">Environ 900, 980 (1050, 1200) 1250, 1300<\/span><span class=\"JsGRdQ white-space-prewrap\"> m\u00e8tres de fil fingering et le m\u00eame m\u00e9trage de fil mohair.<\/span><\/p>\n<p style=\"text-align: justify;\"><span class=\"JsGRdQ white-space-prewrap\">Soit<\/span><span class=\"JsGRdQ\">5, 5 (6, 6) <\/span><span class=\"JsGRdQ\">[7, 7] <\/span><span class=\"JsGRdQ\">pelotes de Merino &#8211; Along avec Anna and <\/span><span class=\"JsGRdQ\">5, 5 (5, 6)<\/span><span class=\"JsGRdQ\"> [6, 7]<\/span><span class=\"JsGRdQ\"> pelotes de Silk Mohair &#8211; Along avec Anna<\/span><\/p>\n<p style=\"text-align: justify;\"><i>Exemple de version :<\/i> Merino + Silk Mohair Tr\u00e9sor, tricot\u00e9 en 120cm avec 20cm d&rsquo;aisance positive.<\/p>\n<p style=\"text-align: justify;\"><strong>Aiguilles pr\u00e9conis\u00e9es (si votre \u00e9chantillon correspond bien) : <\/strong> 3.75mm\/US 5 pour le corps et les manches et 3.5cm\/US 4 pour les c\u00f4tes<\/p>\n<p style=\"text-align: justify;\"><strong>Mat\u00e9riel <\/strong>: marqueurs, morceaux de laine pour mettre les mailles en attente, une aiguille \u00e0 laine<\/p>\n","protected":false},"excerpt":{"rendered":"<p>&nbsp;<\/p>\n<p style=\"text-align: justify;\"><strong>Romy (Jumper)<\/strong> est un pull l\u00e9g\u00e8rement boxy qui poss\u00e8de une belle bordure en dentelle dans le bas du corps et qui est tricot\u00e9 avec deux fils : un fil fingering et un fil lace mohair.<\/p>\n<p style=\"text-align: justify;\">Le corps est tricot\u00e9 du bas vers le haut: on commence par tricoter le bas du corps en rond, puis le devant et le dos sont tricot\u00e9s en aller-retour l\u2019un apr\u00e8s l\u2019autre. Les \u00e9paules sont jointes ensemble et les mailles de l\u2019encolure sont relev\u00e9es pour une finition en c\u00f4tes. Les mailles des manches sont ensuite relev\u00e9es pour les tricoter de l\u2019emmanchure jusqu\u2019au poignet.<\/p>\n<p style=\"text-align: justify;\">Ce mod\u00e8le<strong> est un pdf num\u00e9rique<\/strong><\/p>\n","protected":false},"featured_media":60379,"comment_status":"closed","ping_status":"closed","template":"","meta":[],"product_brand":[],"product_cat":[380,376,377,381],"product_tag":[],"class_list":{"0":"post-52276","1":"product","2":"type-product","3":"status-publish","4":"has-post-thumbnail","6":"product_cat-patrons-anglais","7":"product_cat-patrons-de-tricot","8":"product_cat-patrons-femme","9":"product_cat-patrons-francais","11":"first","12":"instock","13":"downloadable","14":"virtual","15":"taxable","16":"purchasable","17":"product-type-simple"},"yoast_head":"<!-- This site is optimized with the Yoast SEO plugin v27.5 - https:\/\/yoast.com\/product\/yoast-seo-wordpress\/ -->\n<title>Romy (Pull) - Along Avec Anna<\/title>\n<meta name=\"robots\" content=\"index, follow, max-snippet:-1, max-image-preview:large, max-video-preview:-1\" \/>\n<link rel=\"canonical\" href=\"https:\/\/www.alongavecanna.com\/fr\/produit\/romy\/\" \/>\n<meta property=\"og:locale\" content=\"fr_FR\" \/>\n<meta property=\"og:type\" content=\"article\" \/>\n<meta property=\"og:title\" content=\"Romy (Pull) - Along Avec Anna\" \/>\n<meta property=\"og:description\" content=\"&nbsp; Romy (Jumper) est un pull l\u00e9g\u00e8rement boxy qui poss\u00e8de une belle bordure en dentelle dans le bas du corps et qui est tricot\u00e9 avec deux fils : un fil fingering et un fil lace mohair. Le corps est tricot\u00e9 du bas vers le haut: on commence par tricoter le bas du corps en rond, puis le devant et le dos sont tricot\u00e9s en aller-retour l\u2019un apr\u00e8s l\u2019autre. Les \u00e9paules sont jointes ensemble et les mailles de l\u2019encolure sont relev\u00e9es pour une finition en c\u00f4tes. Les mailles des manches sont ensuite relev\u00e9es pour les tricoter de l\u2019emmanchure jusqu\u2019au poignet. Ce mod\u00e8le est un pdf num\u00e9rique\" \/>\n<meta property=\"og:url\" content=\"https:\/\/www.alongavecanna.com\/fr\/produit\/romy\/\" \/>\n<meta property=\"og:site_name\" content=\"Along Avec Anna\" \/>\n<meta property=\"article:publisher\" content=\"https:\/\/facebook.com\/alongavecanna\" \/>\n<meta property=\"article:modified_time\" content=\"2023-09-29T22:08:15+00:00\" \/>\n<meta property=\"og:image\" content=\"https:\/\/www.alongavecanna.com\/wp-content\/uploads\/2019\/11\/AlongAvecAnna-407.jpg\" \/>\n\t<meta property=\"og:image:width\" content=\"1024\" \/>\n\t<meta property=\"og:image:height\" content=\"1536\" \/>\n\t<meta property=\"og:image:type\" content=\"image\/jpeg\" \/>\n<meta name=\"twitter:card\" content=\"summary_large_image\" \/>\n<meta name=\"twitter:label1\" content=\"Dur\u00e9e de lecture estim\u00e9e\" \/>\n\t<meta name=\"twitter:data1\" content=\"1 minute\" \/>\n<script type=\"application\/ld+json\" class=\"yoast-schema-graph\">{\"@context\":\"https:\\\/\\\/schema.org\",\"@graph\":[{\"@type\":\"WebPage\",\"@id\":\"https:\\\/\\\/www.alongavecanna.com\\\/fr\\\/produit\\\/romy\\\/\",\"url\":\"https:\\\/\\\/www.alongavecanna.com\\\/fr\\\/produit\\\/romy\\\/\",\"name\":\"Romy (Pull) - Along Avec Anna\",\"isPartOf\":{\"@id\":\"https:\\\/\\\/www.alongavecanna.com\\\/fr\\\/#website\"},\"primaryImageOfPage\":{\"@id\":\"https:\\\/\\\/www.alongavecanna.com\\\/fr\\\/produit\\\/romy\\\/#primaryimage\"},\"image\":{\"@id\":\"https:\\\/\\\/www.alongavecanna.com\\\/fr\\\/produit\\\/romy\\\/#primaryimage\"},\"thumbnailUrl\":\"https:\\\/\\\/www.alongavecanna.com\\\/wp-content\\\/uploads\\\/2019\\\/11\\\/AlongAvecAnna-407.jpg\",\"datePublished\":\"2019-11-12T13:04:12+00:00\",\"dateModified\":\"2023-09-29T22:08:15+00:00\",\"breadcrumb\":{\"@id\":\"https:\\\/\\\/www.alongavecanna.com\\\/fr\\\/produit\\\/romy\\\/#breadcrumb\"},\"inLanguage\":\"fr-FR\",\"potentialAction\":[{\"@type\":\"ReadAction\",\"target\":[\"https:\\\/\\\/www.alongavecanna.com\\\/fr\\\/produit\\\/romy\\\/\"]}]},{\"@type\":\"ImageObject\",\"inLanguage\":\"fr-FR\",\"@id\":\"https:\\\/\\\/www.alongavecanna.com\\\/fr\\\/produit\\\/romy\\\/#primaryimage\",\"url\":\"https:\\\/\\\/www.alongavecanna.com\\\/wp-content\\\/uploads\\\/2019\\\/11\\\/AlongAvecAnna-407.jpg\",\"contentUrl\":\"https:\\\/\\\/www.alongavecanna.com\\\/wp-content\\\/uploads\\\/2019\\\/11\\\/AlongAvecAnna-407.jpg\",\"width\":1024,\"height\":1536},{\"@type\":\"BreadcrumbList\",\"@id\":\"https:\\\/\\\/www.alongavecanna.com\\\/fr\\\/produit\\\/romy\\\/#breadcrumb\",\"itemListElement\":[{\"@type\":\"ListItem\",\"position\":1,\"name\":\"Home\",\"item\":\"https:\\\/\\\/www.alongavecanna.com\\\/fr\\\/\"},{\"@type\":\"ListItem\",\"position\":2,\"name\":\"Produits\",\"item\":\"https:\\\/\\\/www.alongavecanna.com\\\/fr\\\/shop\\\/\"},{\"@type\":\"ListItem\",\"position\":3,\"name\":\"Romy (Pull)\"}]},{\"@type\":\"WebSite\",\"@id\":\"https:\\\/\\\/www.alongavecanna.com\\\/fr\\\/#website\",\"url\":\"https:\\\/\\\/www.alongavecanna.com\\\/fr\\\/\",\"name\":\"Along Avec Anna\",\"description\":\"Ethical yarn &amp; timeless knitting patterns\",\"publisher\":{\"@id\":\"https:\\\/\\\/www.alongavecanna.com\\\/fr\\\/#organization\"},\"potentialAction\":[{\"@type\":\"SearchAction\",\"target\":{\"@type\":\"EntryPoint\",\"urlTemplate\":\"https:\\\/\\\/www.alongavecanna.com\\\/fr\\\/?s={search_term_string}\"},\"query-input\":{\"@type\":\"PropertyValueSpecification\",\"valueRequired\":true,\"valueName\":\"search_term_string\"}}],\"inLanguage\":\"fr-FR\"},{\"@type\":\"Organization\",\"@id\":\"https:\\\/\\\/www.alongavecanna.com\\\/fr\\\/#organization\",\"name\":\"Along Avec Anna\",\"url\":\"https:\\\/\\\/www.alongavecanna.com\\\/fr\\\/\",\"logo\":{\"@type\":\"ImageObject\",\"inLanguage\":\"fr-FR\",\"@id\":\"https:\\\/\\\/www.alongavecanna.com\\\/fr\\\/#\\\/schema\\\/logo\\\/image\\\/\",\"url\":\"https:\\\/\\\/www.alongavecanna.com\\\/wp-content\\\/uploads\\\/2023\\\/01\\\/logo-along-avec-anna.png\",\"contentUrl\":\"https:\\\/\\\/www.alongavecanna.com\\\/wp-content\\\/uploads\\\/2023\\\/01\\\/logo-along-avec-anna.png\",\"width\":1728,\"height\":627,\"caption\":\"Along Avec Anna\"},\"image\":{\"@id\":\"https:\\\/\\\/www.alongavecanna.com\\\/fr\\\/#\\\/schema\\\/logo\\\/image\\\/\"},\"sameAs\":[\"https:\\\/\\\/facebook.com\\\/alongavecanna\",\"https:\\\/\\\/www.instagram.com\\\/along.avec.anna\\\/\"]}]}<\/script>\n<!-- \/ Yoast SEO plugin. -->","yoast_head_json":{"title":"Romy (Pull) - Along Avec Anna","robots":{"index":"index","follow":"follow","max-snippet":"max-snippet:-1","max-image-preview":"max-image-preview:large","max-video-preview":"max-video-preview:-1"},"canonical":"https:\/\/www.alongavecanna.com\/fr\/produit\/romy\/","og_locale":"fr_FR","og_type":"article","og_title":"Romy (Pull) - Along Avec Anna","og_description":"&nbsp; Romy (Jumper) est un pull l\u00e9g\u00e8rement boxy qui poss\u00e8de une belle bordure en dentelle dans le bas du corps et qui est tricot\u00e9 avec deux fils : un fil fingering et un fil lace mohair. Le corps est tricot\u00e9 du bas vers le haut: on commence par tricoter le bas du corps en rond, puis le devant et le dos sont tricot\u00e9s en aller-retour l\u2019un apr\u00e8s l\u2019autre. Les \u00e9paules sont jointes ensemble et les mailles de l\u2019encolure sont relev\u00e9es pour une finition en c\u00f4tes. Les mailles des manches sont ensuite relev\u00e9es pour les tricoter de l\u2019emmanchure jusqu\u2019au poignet. Ce mod\u00e8le est un pdf num\u00e9rique","og_url":"https:\/\/www.alongavecanna.com\/fr\/produit\/romy\/","og_site_name":"Along Avec Anna","article_publisher":"https:\/\/facebook.com\/alongavecanna","article_modified_time":"2023-09-29T22:08:15+00:00","og_image":[{"width":1024,"height":1536,"url":"https:\/\/www.alongavecanna.com\/wp-content\/uploads\/2019\/11\/AlongAvecAnna-407.jpg","type":"image\/jpeg"}],"twitter_card":"summary_large_image","twitter_misc":{"Dur\u00e9e de lecture estim\u00e9e":"1 minute"},"schema":{"@context":"https:\/\/schema.org","@graph":[{"@type":"WebPage","@id":"https:\/\/www.alongavecanna.com\/fr\/produit\/romy\/","url":"https:\/\/www.alongavecanna.com\/fr\/produit\/romy\/","name":"Romy (Pull) - Along Avec Anna","isPartOf":{"@id":"https:\/\/www.alongavecanna.com\/fr\/#website"},"primaryImageOfPage":{"@id":"https:\/\/www.alongavecanna.com\/fr\/produit\/romy\/#primaryimage"},"image":{"@id":"https:\/\/www.alongavecanna.com\/fr\/produit\/romy\/#primaryimage"},"thumbnailUrl":"https:\/\/www.alongavecanna.com\/wp-content\/uploads\/2019\/11\/AlongAvecAnna-407.jpg","datePublished":"2019-11-12T13:04:12+00:00","dateModified":"2023-09-29T22:08:15+00:00","breadcrumb":{"@id":"https:\/\/www.alongavecanna.com\/fr\/produit\/romy\/#breadcrumb"},"inLanguage":"fr-FR","potentialAction":[{"@type":"ReadAction","target":["https:\/\/www.alongavecanna.com\/fr\/produit\/romy\/"]}]},{"@type":"ImageObject","inLanguage":"fr-FR","@id":"https:\/\/www.alongavecanna.com\/fr\/produit\/romy\/#primaryimage","url":"https:\/\/www.alongavecanna.com\/wp-content\/uploads\/2019\/11\/AlongAvecAnna-407.jpg","contentUrl":"https:\/\/www.alongavecanna.com\/wp-content\/uploads\/2019\/11\/AlongAvecAnna-407.jpg","width":1024,"height":1536},{"@type":"BreadcrumbList","@id":"https:\/\/www.alongavecanna.com\/fr\/produit\/romy\/#breadcrumb","itemListElement":[{"@type":"ListItem","position":1,"name":"Home","item":"https:\/\/www.alongavecanna.com\/fr\/"},{"@type":"ListItem","position":2,"name":"Produits","item":"https:\/\/www.alongavecanna.com\/fr\/shop\/"},{"@type":"ListItem","position":3,"name":"Romy (Pull)"}]},{"@type":"WebSite","@id":"https:\/\/www.alongavecanna.com\/fr\/#website","url":"https:\/\/www.alongavecanna.com\/fr\/","name":"Along Avec Anna","description":"Ethical yarn &amp; timeless knitting patterns","publisher":{"@id":"https:\/\/www.alongavecanna.com\/fr\/#organization"},"potentialAction":[{"@type":"SearchAction","target":{"@type":"EntryPoint","urlTemplate":"https:\/\/www.alongavecanna.com\/fr\/?s={search_term_string}"},"query-input":{"@type":"PropertyValueSpecification","valueRequired":true,"valueName":"search_term_string"}}],"inLanguage":"fr-FR"},{"@type":"Organization","@id":"https:\/\/www.alongavecanna.com\/fr\/#organization","name":"Along Avec Anna","url":"https:\/\/www.alongavecanna.com\/fr\/","logo":{"@type":"ImageObject","inLanguage":"fr-FR","@id":"https:\/\/www.alongavecanna.com\/fr\/#\/schema\/logo\/image\/","url":"https:\/\/www.alongavecanna.com\/wp-content\/uploads\/2023\/01\/logo-along-avec-anna.png","contentUrl":"https:\/\/www.alongavecanna.com\/wp-content\/uploads\/2023\/01\/logo-along-avec-anna.png","width":1728,"height":627,"caption":"Along Avec Anna"},"image":{"@id":"https:\/\/www.alongavecanna.com\/fr\/#\/schema\/logo\/image\/"},"sameAs":["https:\/\/facebook.com\/alongavecanna","https:\/\/www.instagram.com\/along.avec.anna\/"]}]}},"_links":{"self":[{"href":"https:\/\/www.alongavecanna.com\/fr\/wp-json\/wp\/v2\/product\/52276","targetHints":{"allow":["GET"]}}],"collection":[{"href":"https:\/\/www.alongavecanna.com\/fr\/wp-json\/wp\/v2\/product"}],"about":[{"href":"https:\/\/www.alongavecanna.com\/fr\/wp-json\/wp\/v2\/types\/product"}],"replies":[{"embeddable":true,"href":"https:\/\/www.alongavecanna.com\/fr\/wp-json\/wp\/v2\/comments?post=52276"}],"version-history":[{"count":0,"href":"https:\/\/www.alongavecanna.com\/fr\/wp-json\/wp\/v2\/product\/52276\/revisions"}],"wp:featuredmedia":[{"embeddable":true,"href":"https:\/\/www.alongavecanna.com\/fr\/wp-json\/wp\/v2\/media\/60379"}],"wp:attachment":[{"href":"https:\/\/www.alongavecanna.com\/fr\/wp-json\/wp\/v2\/media?parent=52276"}],"wp:term":[{"taxonomy":"product_brand","embeddable":true,"href":"https:\/\/www.alongavecanna.com\/fr\/wp-json\/wp\/v2\/product_brand?post=52276"},{"taxonomy":"product_cat","embeddable":true,"href":"https:\/\/www.alongavecanna.com\/fr\/wp-json\/wp\/v2\/product_cat?post=52276"},{"taxonomy":"product_tag","embeddable":true,"href":"https:\/\/www.alongavecanna.com\/fr\/wp-json\/wp\/v2\/product_tag?post=52276"}],"curies":[{"name":"wp","href":"https:\/\/api.w.org\/{rel}","templated":true}]}}