{"id":52236,"date":"2019-11-11T18:03:59","date_gmt":"2019-11-11T18:03:59","guid":{"rendered":"https:\/\/preprod.alongavecanna.com\/product\/blossom-cardigan\/"},"modified":"2024-05-20T14:54:25","modified_gmt":"2024-05-20T14:54:25","slug":"blossom-cardigan","status":"publish","type":"product","link":"https:\/\/www.alongavecanna.com\/fr\/produit\/blossom-cardigan\/","title":{"rendered":"Blossom (Cardigan)"},"content":{"rendered":"<p style=\"text-align: justify;\"><strong>Tailles <\/strong>: 82, 90 (97, 105, 112, 120) 128, 135, 143, 150cm de tour de poitrine (mesures gilet fini)<\/p>\n<p style=\"text-align: justify;\"><strong>Aisance recommand\u00e9e <\/strong>: 10 cm d\u2019aisance positive<\/p>\n<p style=\"text-align: justify;\"><strong>\u00c9chantillon <\/strong>: en aiguilles 3.75mm\/US 5 (ou autre taille d\u00e9pendant de votre \u00e9chantillon) :<\/p>\n<ul style=\"text-align: justify;\">\n<li>21 mailles x 29 rangs = 10 cm en point dentelle<\/li>\n<li>23 mailles x 32 rangs = 10 cm en jersey<\/li>\n<\/ul>\n<p style=\"text-align: justify;\"><strong>Laine <\/strong>: \u00e9paisseur DK &#8211; environ 820, 860 (950, 1050, 1130, 1200) 1330, 1370, 1400, 1450 m\u00e8tres soit <span class=\"JsGRdQ\">8, 8 (9, 10, 11, 12) [13, 13, 13, 14] pelotes de Double Merino &#8211; Along avec Anna<\/span><\/p>\n<p style=\"text-align: justify;\"><em>Version de pr\u00e9sentation <\/em>: tricot\u00e9 en Double Merino en coloris Dune &#8211; tricot\u00e9 en taille 112 cm avec 12 cm d&rsquo;aisance positive.<\/p>\n<p style=\"text-align: justify;\"><strong>Mat\u00e9riel <\/strong>: anneaux marqueurs, aiguille \u00e0 laine pour rentrer les fils, 6 \u00e0 8 boutons<\/p>\n<p style=\"text-align: justify;\"><strong>Techniques<\/strong>: tricot en rond, tricot plat, rangs courts \u00e0 l&rsquo;allemande, dentelle, c\u00f4tes torses, boutonni\u00e8res.<\/p>\n","protected":false},"excerpt":{"rendered":"<p style=\"text-align: justify;\"><strong>Blossom<\/strong> est un gilet qui poss\u00e8de une magnifique dentelle dans le dos, un devant et des manches en jersey, une encolure en V et des finitions en c\u00f4tes torses.<\/p>\n<p style=\"text-align: justify;\">La construction est <strong>de haut en bas<\/strong>. le dos est mont\u00e9 puis tricot\u00e9 en aller-retour jusqu\u2019aux emmanchures. Les demi-devants sont tricot\u00e9s en relevant des mailles le long de l\u2019\u00e9paule. Ils se font en aller-retour jusqu\u2019\u00e0 l\u2019emmanchure. Le dos et les devants sont ensuite joints sous les emmanchures pour tricoter le corps.<br \/>\nLes mailles du corps et de l&rsquo;encolure sont relev\u00e9es pour tricoter les pattes de boutonnage.<br \/>\nPour finir, les mailles des manches sont relev\u00e9es pour les tricoter de l\u2019emmanchure jusqu\u2019au poignet.<\/p>\n<p style=\"text-align: justify;\">Ce patron est un <strong>pdf num\u00e9rique.<\/strong><\/p>\n","protected":false},"featured_media":60404,"comment_status":"closed","ping_status":"closed","template":"","meta":[],"product_brand":[],"product_cat":[380,376,377,381],"product_tag":[],"class_list":{"0":"post-52236","1":"product","2":"type-product","3":"status-publish","4":"has-post-thumbnail","6":"product_cat-patrons-anglais","7":"product_cat-patrons-de-tricot","8":"product_cat-patrons-femme","9":"product_cat-patrons-francais","11":"first","12":"instock","13":"downloadable","14":"virtual","15":"taxable","16":"purchasable","17":"product-type-simple"},"yoast_head":"<!-- This site is optimized with the Yoast SEO plugin v27.5 - https:\/\/yoast.com\/product\/yoast-seo-wordpress\/ -->\n<title>Blossom (Cardigan) - Along Avec Anna<\/title>\n<meta name=\"robots\" content=\"index, follow, max-snippet:-1, max-image-preview:large, max-video-preview:-1\" \/>\n<link rel=\"canonical\" href=\"https:\/\/www.alongavecanna.com\/fr\/produit\/blossom-cardigan\/\" \/>\n<meta property=\"og:locale\" content=\"fr_FR\" \/>\n<meta property=\"og:type\" content=\"article\" \/>\n<meta property=\"og:title\" content=\"Blossom (Cardigan) - Along Avec Anna\" \/>\n<meta property=\"og:description\" content=\"Blossom est un gilet qui poss\u00e8de une magnifique dentelle dans le dos, un devant et des manches en jersey, une encolure en V et des finitions en c\u00f4tes torses. La construction est de haut en bas. le dos est mont\u00e9 puis tricot\u00e9 en aller-retour jusqu\u2019aux emmanchures. Les demi-devants sont tricot\u00e9s en relevant des mailles le long de l\u2019\u00e9paule. Ils se font en aller-retour jusqu\u2019\u00e0 l\u2019emmanchure. Le dos et les devants sont ensuite joints sous les emmanchures pour tricoter le corps. Les mailles du corps et de l&#039;encolure sont relev\u00e9es pour tricoter les pattes de boutonnage. Pour finir, les mailles des manches sont relev\u00e9es pour les tricoter de l\u2019emmanchure jusqu\u2019au poignet. Ce patron est un pdf num\u00e9rique.\" \/>\n<meta property=\"og:url\" content=\"https:\/\/www.alongavecanna.com\/fr\/produit\/blossom-cardigan\/\" \/>\n<meta property=\"og:site_name\" content=\"Along Avec Anna\" \/>\n<meta property=\"article:publisher\" content=\"https:\/\/facebook.com\/alongavecanna\" \/>\n<meta property=\"article:modified_time\" content=\"2024-05-20T14:54:25+00:00\" \/>\n<meta property=\"og:image\" content=\"https:\/\/www.alongavecanna.com\/wp-content\/uploads\/2019\/11\/AlongAvecAnna-288.jpg\" \/>\n\t<meta property=\"og:image:width\" content=\"1024\" \/>\n\t<meta property=\"og:image:height\" content=\"1536\" \/>\n\t<meta property=\"og:image:type\" content=\"image\/jpeg\" \/>\n<meta name=\"twitter:card\" content=\"summary_large_image\" \/>\n<meta name=\"twitter:label1\" content=\"Dur\u00e9e de lecture estim\u00e9e\" \/>\n\t<meta name=\"twitter:data1\" content=\"1 minute\" \/>\n<script type=\"application\/ld+json\" class=\"yoast-schema-graph\">{\"@context\":\"https:\\\/\\\/schema.org\",\"@graph\":[{\"@type\":\"WebPage\",\"@id\":\"https:\\\/\\\/www.alongavecanna.com\\\/fr\\\/produit\\\/blossom-cardigan\\\/\",\"url\":\"https:\\\/\\\/www.alongavecanna.com\\\/fr\\\/produit\\\/blossom-cardigan\\\/\",\"name\":\"Blossom (Cardigan) - Along Avec Anna\",\"isPartOf\":{\"@id\":\"https:\\\/\\\/www.alongavecanna.com\\\/fr\\\/#website\"},\"primaryImageOfPage\":{\"@id\":\"https:\\\/\\\/www.alongavecanna.com\\\/fr\\\/produit\\\/blossom-cardigan\\\/#primaryimage\"},\"image\":{\"@id\":\"https:\\\/\\\/www.alongavecanna.com\\\/fr\\\/produit\\\/blossom-cardigan\\\/#primaryimage\"},\"thumbnailUrl\":\"https:\\\/\\\/www.alongavecanna.com\\\/wp-content\\\/uploads\\\/2019\\\/11\\\/AlongAvecAnna-288.jpg\",\"datePublished\":\"2019-11-11T18:03:59+00:00\",\"dateModified\":\"2024-05-20T14:54:25+00:00\",\"breadcrumb\":{\"@id\":\"https:\\\/\\\/www.alongavecanna.com\\\/fr\\\/produit\\\/blossom-cardigan\\\/#breadcrumb\"},\"inLanguage\":\"fr-FR\",\"potentialAction\":[{\"@type\":\"ReadAction\",\"target\":[\"https:\\\/\\\/www.alongavecanna.com\\\/fr\\\/produit\\\/blossom-cardigan\\\/\"]}]},{\"@type\":\"ImageObject\",\"inLanguage\":\"fr-FR\",\"@id\":\"https:\\\/\\\/www.alongavecanna.com\\\/fr\\\/produit\\\/blossom-cardigan\\\/#primaryimage\",\"url\":\"https:\\\/\\\/www.alongavecanna.com\\\/wp-content\\\/uploads\\\/2019\\\/11\\\/AlongAvecAnna-288.jpg\",\"contentUrl\":\"https:\\\/\\\/www.alongavecanna.com\\\/wp-content\\\/uploads\\\/2019\\\/11\\\/AlongAvecAnna-288.jpg\",\"width\":1024,\"height\":1536},{\"@type\":\"BreadcrumbList\",\"@id\":\"https:\\\/\\\/www.alongavecanna.com\\\/fr\\\/produit\\\/blossom-cardigan\\\/#breadcrumb\",\"itemListElement\":[{\"@type\":\"ListItem\",\"position\":1,\"name\":\"Home\",\"item\":\"https:\\\/\\\/www.alongavecanna.com\\\/fr\\\/\"},{\"@type\":\"ListItem\",\"position\":2,\"name\":\"Produits\",\"item\":\"https:\\\/\\\/www.alongavecanna.com\\\/fr\\\/shop\\\/\"},{\"@type\":\"ListItem\",\"position\":3,\"name\":\"Blossom (Cardigan)\"}]},{\"@type\":\"WebSite\",\"@id\":\"https:\\\/\\\/www.alongavecanna.com\\\/fr\\\/#website\",\"url\":\"https:\\\/\\\/www.alongavecanna.com\\\/fr\\\/\",\"name\":\"Along Avec Anna\",\"description\":\"Ethical yarn &amp; timeless knitting patterns\",\"publisher\":{\"@id\":\"https:\\\/\\\/www.alongavecanna.com\\\/fr\\\/#organization\"},\"potentialAction\":[{\"@type\":\"SearchAction\",\"target\":{\"@type\":\"EntryPoint\",\"urlTemplate\":\"https:\\\/\\\/www.alongavecanna.com\\\/fr\\\/?s={search_term_string}\"},\"query-input\":{\"@type\":\"PropertyValueSpecification\",\"valueRequired\":true,\"valueName\":\"search_term_string\"}}],\"inLanguage\":\"fr-FR\"},{\"@type\":\"Organization\",\"@id\":\"https:\\\/\\\/www.alongavecanna.com\\\/fr\\\/#organization\",\"name\":\"Along Avec Anna\",\"url\":\"https:\\\/\\\/www.alongavecanna.com\\\/fr\\\/\",\"logo\":{\"@type\":\"ImageObject\",\"inLanguage\":\"fr-FR\",\"@id\":\"https:\\\/\\\/www.alongavecanna.com\\\/fr\\\/#\\\/schema\\\/logo\\\/image\\\/\",\"url\":\"https:\\\/\\\/www.alongavecanna.com\\\/wp-content\\\/uploads\\\/2023\\\/01\\\/logo-along-avec-anna.png\",\"contentUrl\":\"https:\\\/\\\/www.alongavecanna.com\\\/wp-content\\\/uploads\\\/2023\\\/01\\\/logo-along-avec-anna.png\",\"width\":1728,\"height\":627,\"caption\":\"Along Avec Anna\"},\"image\":{\"@id\":\"https:\\\/\\\/www.alongavecanna.com\\\/fr\\\/#\\\/schema\\\/logo\\\/image\\\/\"},\"sameAs\":[\"https:\\\/\\\/facebook.com\\\/alongavecanna\",\"https:\\\/\\\/www.instagram.com\\\/along.avec.anna\\\/\"]}]}<\/script>\n<!-- \/ Yoast SEO plugin. -->","yoast_head_json":{"title":"Blossom (Cardigan) - Along Avec Anna","robots":{"index":"index","follow":"follow","max-snippet":"max-snippet:-1","max-image-preview":"max-image-preview:large","max-video-preview":"max-video-preview:-1"},"canonical":"https:\/\/www.alongavecanna.com\/fr\/produit\/blossom-cardigan\/","og_locale":"fr_FR","og_type":"article","og_title":"Blossom (Cardigan) - Along Avec Anna","og_description":"Blossom est un gilet qui poss\u00e8de une magnifique dentelle dans le dos, un devant et des manches en jersey, une encolure en V et des finitions en c\u00f4tes torses. La construction est de haut en bas. le dos est mont\u00e9 puis tricot\u00e9 en aller-retour jusqu\u2019aux emmanchures. Les demi-devants sont tricot\u00e9s en relevant des mailles le long de l\u2019\u00e9paule. Ils se font en aller-retour jusqu\u2019\u00e0 l\u2019emmanchure. Le dos et les devants sont ensuite joints sous les emmanchures pour tricoter le corps. Les mailles du corps et de l'encolure sont relev\u00e9es pour tricoter les pattes de boutonnage. Pour finir, les mailles des manches sont relev\u00e9es pour les tricoter de l\u2019emmanchure jusqu\u2019au poignet. Ce patron est un pdf num\u00e9rique.","og_url":"https:\/\/www.alongavecanna.com\/fr\/produit\/blossom-cardigan\/","og_site_name":"Along Avec Anna","article_publisher":"https:\/\/facebook.com\/alongavecanna","article_modified_time":"2024-05-20T14:54:25+00:00","og_image":[{"width":1024,"height":1536,"url":"https:\/\/www.alongavecanna.com\/wp-content\/uploads\/2019\/11\/AlongAvecAnna-288.jpg","type":"image\/jpeg"}],"twitter_card":"summary_large_image","twitter_misc":{"Dur\u00e9e de lecture estim\u00e9e":"1 minute"},"schema":{"@context":"https:\/\/schema.org","@graph":[{"@type":"WebPage","@id":"https:\/\/www.alongavecanna.com\/fr\/produit\/blossom-cardigan\/","url":"https:\/\/www.alongavecanna.com\/fr\/produit\/blossom-cardigan\/","name":"Blossom (Cardigan) - Along Avec Anna","isPartOf":{"@id":"https:\/\/www.alongavecanna.com\/fr\/#website"},"primaryImageOfPage":{"@id":"https:\/\/www.alongavecanna.com\/fr\/produit\/blossom-cardigan\/#primaryimage"},"image":{"@id":"https:\/\/www.alongavecanna.com\/fr\/produit\/blossom-cardigan\/#primaryimage"},"thumbnailUrl":"https:\/\/www.alongavecanna.com\/wp-content\/uploads\/2019\/11\/AlongAvecAnna-288.jpg","datePublished":"2019-11-11T18:03:59+00:00","dateModified":"2024-05-20T14:54:25+00:00","breadcrumb":{"@id":"https:\/\/www.alongavecanna.com\/fr\/produit\/blossom-cardigan\/#breadcrumb"},"inLanguage":"fr-FR","potentialAction":[{"@type":"ReadAction","target":["https:\/\/www.alongavecanna.com\/fr\/produit\/blossom-cardigan\/"]}]},{"@type":"ImageObject","inLanguage":"fr-FR","@id":"https:\/\/www.alongavecanna.com\/fr\/produit\/blossom-cardigan\/#primaryimage","url":"https:\/\/www.alongavecanna.com\/wp-content\/uploads\/2019\/11\/AlongAvecAnna-288.jpg","contentUrl":"https:\/\/www.alongavecanna.com\/wp-content\/uploads\/2019\/11\/AlongAvecAnna-288.jpg","width":1024,"height":1536},{"@type":"BreadcrumbList","@id":"https:\/\/www.alongavecanna.com\/fr\/produit\/blossom-cardigan\/#breadcrumb","itemListElement":[{"@type":"ListItem","position":1,"name":"Home","item":"https:\/\/www.alongavecanna.com\/fr\/"},{"@type":"ListItem","position":2,"name":"Produits","item":"https:\/\/www.alongavecanna.com\/fr\/shop\/"},{"@type":"ListItem","position":3,"name":"Blossom (Cardigan)"}]},{"@type":"WebSite","@id":"https:\/\/www.alongavecanna.com\/fr\/#website","url":"https:\/\/www.alongavecanna.com\/fr\/","name":"Along Avec Anna","description":"Ethical yarn &amp; timeless knitting patterns","publisher":{"@id":"https:\/\/www.alongavecanna.com\/fr\/#organization"},"potentialAction":[{"@type":"SearchAction","target":{"@type":"EntryPoint","urlTemplate":"https:\/\/www.alongavecanna.com\/fr\/?s={search_term_string}"},"query-input":{"@type":"PropertyValueSpecification","valueRequired":true,"valueName":"search_term_string"}}],"inLanguage":"fr-FR"},{"@type":"Organization","@id":"https:\/\/www.alongavecanna.com\/fr\/#organization","name":"Along Avec Anna","url":"https:\/\/www.alongavecanna.com\/fr\/","logo":{"@type":"ImageObject","inLanguage":"fr-FR","@id":"https:\/\/www.alongavecanna.com\/fr\/#\/schema\/logo\/image\/","url":"https:\/\/www.alongavecanna.com\/wp-content\/uploads\/2023\/01\/logo-along-avec-anna.png","contentUrl":"https:\/\/www.alongavecanna.com\/wp-content\/uploads\/2023\/01\/logo-along-avec-anna.png","width":1728,"height":627,"caption":"Along Avec Anna"},"image":{"@id":"https:\/\/www.alongavecanna.com\/fr\/#\/schema\/logo\/image\/"},"sameAs":["https:\/\/facebook.com\/alongavecanna","https:\/\/www.instagram.com\/along.avec.anna\/"]}]}},"_links":{"self":[{"href":"https:\/\/www.alongavecanna.com\/fr\/wp-json\/wp\/v2\/product\/52236","targetHints":{"allow":["GET"]}}],"collection":[{"href":"https:\/\/www.alongavecanna.com\/fr\/wp-json\/wp\/v2\/product"}],"about":[{"href":"https:\/\/www.alongavecanna.com\/fr\/wp-json\/wp\/v2\/types\/product"}],"replies":[{"embeddable":true,"href":"https:\/\/www.alongavecanna.com\/fr\/wp-json\/wp\/v2\/comments?post=52236"}],"version-history":[{"count":0,"href":"https:\/\/www.alongavecanna.com\/fr\/wp-json\/wp\/v2\/product\/52236\/revisions"}],"wp:featuredmedia":[{"embeddable":true,"href":"https:\/\/www.alongavecanna.com\/fr\/wp-json\/wp\/v2\/media\/60404"}],"wp:attachment":[{"href":"https:\/\/www.alongavecanna.com\/fr\/wp-json\/wp\/v2\/media?parent=52236"}],"wp:term":[{"taxonomy":"product_brand","embeddable":true,"href":"https:\/\/www.alongavecanna.com\/fr\/wp-json\/wp\/v2\/product_brand?post=52236"},{"taxonomy":"product_cat","embeddable":true,"href":"https:\/\/www.alongavecanna.com\/fr\/wp-json\/wp\/v2\/product_cat?post=52236"},{"taxonomy":"product_tag","embeddable":true,"href":"https:\/\/www.alongavecanna.com\/fr\/wp-json\/wp\/v2\/product_tag?post=52236"}],"curies":[{"name":"wp","href":"https:\/\/api.w.org\/{rel}","templated":true}]}}