{"id":52230,"date":"2019-11-11T18:17:12","date_gmt":"2019-11-11T18:17:12","guid":{"rendered":"https:\/\/preprod.alongavecanna.com\/product\/rospico-tee\/"},"modified":"2024-05-20T11:01:04","modified_gmt":"2024-05-20T11:01:04","slug":"rospico-tee","status":"publish","type":"product","link":"https:\/\/www.alongavecanna.com\/fr\/produit\/rospico-tee\/","title":{"rendered":"Rospico (tee)"},"content":{"rendered":"<p style=\"text-align: justify;\"><strong>Tailles <\/strong>: 88, 96, 104 (112, 120, 128) 136, 144, 152 cm de tour de poitrine (v\u00eatement fini)<\/p>\n<p style=\"text-align: justify;\"><strong>\u00c9chantillon <\/strong>: 25 m x 34 rgs = 10 cm en jersey en aiguilles 3.5mm\/US 4 (ou autre taille d\u00e9pendant de votre \u00e9chantillon).<\/p>\n<p style=\"text-align: justify;\"><strong>Aisance recommand\u00e9e<\/strong> : entre 10 et 20cm d\u2019aisance positive<\/p>\n<p style=\"text-align: justify;\"><strong>Laine Fingering <\/strong> : environ 650, 700, 750 (830, 950, 1030) 1100, 1150, 1200 m\u00e8tres de Merino &#8211; Along avec Anna <span style=\"font-family: -apple-system, BlinkMacSystemFont, 'Segoe UI', Roboto, Oxygen-Sans, Ubuntu, Cantarell, 'Helvetica Neue', sans-serif;\">soit 3, 3, 3 (4, 4, 4)[4, 4, 4] pelotes de Merino &#8211; Along avec Anna<\/span><\/p>\n<p style=\"text-align: justify;\"><strong>Aiguilles pr\u00e9conis\u00e9es<\/strong> (si votre \u00e9chantillon correspond bien) 3.5mm\/US 4 pour le corps et 3.25mm\/US 3 pour les c\u00f4tes<\/p>\n<p style=\"text-align: justify;\"><strong>Mat\u00e9riel <\/strong>: marqueurs, morceaux de laine pour mettre les mailles en attente, une aiguille \u00e0 laine<\/p>\n","protected":false},"excerpt":{"rendered":"<p style=\"text-align: justify;\"><strong>Rospico (tee)<\/strong> est un pull l\u00e9ger en jersey, \u00e0 manches courtes type tee-shirt, qui poss\u00e8de une tr\u00e8s jolie dentelle dans le bas du corps. Cette dentelle, tricot\u00e9e tr\u00e8s rapidement apr\u00e8s le rang de montage, donne un effet l\u00e9g\u00e8rement festonn\u00e9 au bas du pull.<\/p>\n<p style=\"text-align: justify;\">Les finitions des manches et de l\u2019encolure ronde sont en c\u00f4tes torses. Le corps est tricot\u00e9 du bas vers le haut : on commence par tricoter le bas du corps en rond, puis le devant et le dos sont tricot\u00e9s en aller-retour l\u2019un apr\u00e8s l\u2019autre. Les \u00e9paules sont jointes ensemble et les mailles de l\u2019encolure sont relev\u00e9es pour une finition en c\u00f4tes torses. Les mailles des manches sont ensuite relev\u00e9es pour les tricoter sur quelques centim\u00e8tres seulement.<\/p>\n<p style=\"text-align: justify;\">Ce patron est en <strong>format pdf.<\/strong><\/p>\n","protected":false},"featured_media":50610,"comment_status":"closed","ping_status":"closed","template":"","meta":[],"product_brand":[],"product_cat":[380,376,377,381,389],"product_tag":[],"class_list":{"0":"post-52230","1":"product","2":"type-product","3":"status-publish","4":"has-post-thumbnail","6":"product_cat-patrons-anglais","7":"product_cat-patrons-de-tricot","8":"product_cat-patrons-femme","9":"product_cat-patrons-francais","10":"product_cat-patrons-suedois","12":"first","13":"instock","14":"downloadable","15":"virtual","16":"taxable","17":"purchasable","18":"product-type-simple"},"yoast_head":"<!-- This site is optimized with the Yoast SEO plugin v27.4 - https:\/\/yoast.com\/product\/yoast-seo-wordpress\/ -->\n<title>Rospico (tee) - Along Avec Anna<\/title>\n<meta name=\"robots\" content=\"index, follow, max-snippet:-1, max-image-preview:large, max-video-preview:-1\" \/>\n<link rel=\"canonical\" href=\"https:\/\/www.alongavecanna.com\/fr\/produit\/rospico-tee\/\" \/>\n<meta property=\"og:locale\" content=\"fr_FR\" \/>\n<meta property=\"og:type\" content=\"article\" \/>\n<meta property=\"og:title\" content=\"Rospico (tee) - Along Avec Anna\" \/>\n<meta property=\"og:description\" content=\"Rospico (tee) est un pull l\u00e9ger en jersey, \u00e0 manches courtes type tee-shirt, qui poss\u00e8de une tr\u00e8s jolie dentelle dans le bas du corps. Cette dentelle, tricot\u00e9e tr\u00e8s rapidement apr\u00e8s le rang de montage, donne un effet l\u00e9g\u00e8rement festonn\u00e9 au bas du pull. Les finitions des manches et de l\u2019encolure ronde sont en c\u00f4tes torses. Le corps est tricot\u00e9 du bas vers le haut : on commence par tricoter le bas du corps en rond, puis le devant et le dos sont tricot\u00e9s en aller-retour l\u2019un apr\u00e8s l\u2019autre. Les \u00e9paules sont jointes ensemble et les mailles de l\u2019encolure sont relev\u00e9es pour une finition en c\u00f4tes torses. Les mailles des manches sont ensuite relev\u00e9es pour les tricoter sur quelques centim\u00e8tres seulement. Ce patron est en format pdf.\" \/>\n<meta property=\"og:url\" content=\"https:\/\/www.alongavecanna.com\/fr\/produit\/rospico-tee\/\" \/>\n<meta property=\"og:site_name\" content=\"Along Avec Anna\" \/>\n<meta property=\"article:publisher\" content=\"https:\/\/facebook.com\/alongavecanna\" \/>\n<meta property=\"article:modified_time\" content=\"2024-05-20T11:01:04+00:00\" \/>\n<meta property=\"og:image\" content=\"https:\/\/www.alongavecanna.com\/wp-content\/uploads\/2022\/12\/IMG_5810-2.jpg\" \/>\n\t<meta property=\"og:image:width\" content=\"1707\" \/>\n\t<meta property=\"og:image:height\" content=\"2560\" \/>\n\t<meta property=\"og:image:type\" content=\"image\/jpeg\" \/>\n<meta name=\"twitter:card\" content=\"summary_large_image\" \/>\n<script type=\"application\/ld+json\" class=\"yoast-schema-graph\">{\"@context\":\"https:\\\/\\\/schema.org\",\"@graph\":[{\"@type\":\"WebPage\",\"@id\":\"https:\\\/\\\/www.alongavecanna.com\\\/fr\\\/produit\\\/rospico-tee\\\/\",\"url\":\"https:\\\/\\\/www.alongavecanna.com\\\/fr\\\/produit\\\/rospico-tee\\\/\",\"name\":\"Rospico (tee) - Along Avec Anna\",\"isPartOf\":{\"@id\":\"https:\\\/\\\/www.alongavecanna.com\\\/fr\\\/#website\"},\"primaryImageOfPage\":{\"@id\":\"https:\\\/\\\/www.alongavecanna.com\\\/fr\\\/produit\\\/rospico-tee\\\/#primaryimage\"},\"image\":{\"@id\":\"https:\\\/\\\/www.alongavecanna.com\\\/fr\\\/produit\\\/rospico-tee\\\/#primaryimage\"},\"thumbnailUrl\":\"https:\\\/\\\/www.alongavecanna.com\\\/wp-content\\\/uploads\\\/2022\\\/12\\\/IMG_5810-2.jpg\",\"datePublished\":\"2019-11-11T18:17:12+00:00\",\"dateModified\":\"2024-05-20T11:01:04+00:00\",\"breadcrumb\":{\"@id\":\"https:\\\/\\\/www.alongavecanna.com\\\/fr\\\/produit\\\/rospico-tee\\\/#breadcrumb\"},\"inLanguage\":\"fr-FR\",\"potentialAction\":[{\"@type\":\"ReadAction\",\"target\":[\"https:\\\/\\\/www.alongavecanna.com\\\/fr\\\/produit\\\/rospico-tee\\\/\"]}]},{\"@type\":\"ImageObject\",\"inLanguage\":\"fr-FR\",\"@id\":\"https:\\\/\\\/www.alongavecanna.com\\\/fr\\\/produit\\\/rospico-tee\\\/#primaryimage\",\"url\":\"https:\\\/\\\/www.alongavecanna.com\\\/wp-content\\\/uploads\\\/2022\\\/12\\\/IMG_5810-2.jpg\",\"contentUrl\":\"https:\\\/\\\/www.alongavecanna.com\\\/wp-content\\\/uploads\\\/2022\\\/12\\\/IMG_5810-2.jpg\",\"width\":1707,\"height\":2560},{\"@type\":\"BreadcrumbList\",\"@id\":\"https:\\\/\\\/www.alongavecanna.com\\\/fr\\\/produit\\\/rospico-tee\\\/#breadcrumb\",\"itemListElement\":[{\"@type\":\"ListItem\",\"position\":1,\"name\":\"Home\",\"item\":\"https:\\\/\\\/www.alongavecanna.com\\\/fr\\\/\"},{\"@type\":\"ListItem\",\"position\":2,\"name\":\"Produits\",\"item\":\"https:\\\/\\\/www.alongavecanna.com\\\/fr\\\/shop\\\/\"},{\"@type\":\"ListItem\",\"position\":3,\"name\":\"Rospico (tee)\"}]},{\"@type\":\"WebSite\",\"@id\":\"https:\\\/\\\/www.alongavecanna.com\\\/fr\\\/#website\",\"url\":\"https:\\\/\\\/www.alongavecanna.com\\\/fr\\\/\",\"name\":\"Along Avec Anna\",\"description\":\"Ethical yarn &amp; timeless knitting patterns\",\"publisher\":{\"@id\":\"https:\\\/\\\/www.alongavecanna.com\\\/fr\\\/#organization\"},\"potentialAction\":[{\"@type\":\"SearchAction\",\"target\":{\"@type\":\"EntryPoint\",\"urlTemplate\":\"https:\\\/\\\/www.alongavecanna.com\\\/fr\\\/?s={search_term_string}\"},\"query-input\":{\"@type\":\"PropertyValueSpecification\",\"valueRequired\":true,\"valueName\":\"search_term_string\"}}],\"inLanguage\":\"fr-FR\"},{\"@type\":\"Organization\",\"@id\":\"https:\\\/\\\/www.alongavecanna.com\\\/fr\\\/#organization\",\"name\":\"Along Avec Anna\",\"url\":\"https:\\\/\\\/www.alongavecanna.com\\\/fr\\\/\",\"logo\":{\"@type\":\"ImageObject\",\"inLanguage\":\"fr-FR\",\"@id\":\"https:\\\/\\\/www.alongavecanna.com\\\/fr\\\/#\\\/schema\\\/logo\\\/image\\\/\",\"url\":\"https:\\\/\\\/www.alongavecanna.com\\\/wp-content\\\/uploads\\\/2023\\\/01\\\/logo-along-avec-anna.png\",\"contentUrl\":\"https:\\\/\\\/www.alongavecanna.com\\\/wp-content\\\/uploads\\\/2023\\\/01\\\/logo-along-avec-anna.png\",\"width\":1728,\"height\":627,\"caption\":\"Along Avec Anna\"},\"image\":{\"@id\":\"https:\\\/\\\/www.alongavecanna.com\\\/fr\\\/#\\\/schema\\\/logo\\\/image\\\/\"},\"sameAs\":[\"https:\\\/\\\/facebook.com\\\/alongavecanna\",\"https:\\\/\\\/www.instagram.com\\\/along.avec.anna\\\/\"]}]}<\/script>\n<!-- \/ Yoast SEO plugin. -->","yoast_head_json":{"title":"Rospico (tee) - Along Avec Anna","robots":{"index":"index","follow":"follow","max-snippet":"max-snippet:-1","max-image-preview":"max-image-preview:large","max-video-preview":"max-video-preview:-1"},"canonical":"https:\/\/www.alongavecanna.com\/fr\/produit\/rospico-tee\/","og_locale":"fr_FR","og_type":"article","og_title":"Rospico (tee) - Along Avec Anna","og_description":"Rospico (tee) est un pull l\u00e9ger en jersey, \u00e0 manches courtes type tee-shirt, qui poss\u00e8de une tr\u00e8s jolie dentelle dans le bas du corps. Cette dentelle, tricot\u00e9e tr\u00e8s rapidement apr\u00e8s le rang de montage, donne un effet l\u00e9g\u00e8rement festonn\u00e9 au bas du pull. Les finitions des manches et de l\u2019encolure ronde sont en c\u00f4tes torses. Le corps est tricot\u00e9 du bas vers le haut : on commence par tricoter le bas du corps en rond, puis le devant et le dos sont tricot\u00e9s en aller-retour l\u2019un apr\u00e8s l\u2019autre. Les \u00e9paules sont jointes ensemble et les mailles de l\u2019encolure sont relev\u00e9es pour une finition en c\u00f4tes torses. Les mailles des manches sont ensuite relev\u00e9es pour les tricoter sur quelques centim\u00e8tres seulement. Ce patron est en format pdf.","og_url":"https:\/\/www.alongavecanna.com\/fr\/produit\/rospico-tee\/","og_site_name":"Along Avec Anna","article_publisher":"https:\/\/facebook.com\/alongavecanna","article_modified_time":"2024-05-20T11:01:04+00:00","og_image":[{"width":1707,"height":2560,"url":"https:\/\/www.alongavecanna.com\/wp-content\/uploads\/2022\/12\/IMG_5810-2.jpg","type":"image\/jpeg"}],"twitter_card":"summary_large_image","schema":{"@context":"https:\/\/schema.org","@graph":[{"@type":"WebPage","@id":"https:\/\/www.alongavecanna.com\/fr\/produit\/rospico-tee\/","url":"https:\/\/www.alongavecanna.com\/fr\/produit\/rospico-tee\/","name":"Rospico (tee) - Along Avec Anna","isPartOf":{"@id":"https:\/\/www.alongavecanna.com\/fr\/#website"},"primaryImageOfPage":{"@id":"https:\/\/www.alongavecanna.com\/fr\/produit\/rospico-tee\/#primaryimage"},"image":{"@id":"https:\/\/www.alongavecanna.com\/fr\/produit\/rospico-tee\/#primaryimage"},"thumbnailUrl":"https:\/\/www.alongavecanna.com\/wp-content\/uploads\/2022\/12\/IMG_5810-2.jpg","datePublished":"2019-11-11T18:17:12+00:00","dateModified":"2024-05-20T11:01:04+00:00","breadcrumb":{"@id":"https:\/\/www.alongavecanna.com\/fr\/produit\/rospico-tee\/#breadcrumb"},"inLanguage":"fr-FR","potentialAction":[{"@type":"ReadAction","target":["https:\/\/www.alongavecanna.com\/fr\/produit\/rospico-tee\/"]}]},{"@type":"ImageObject","inLanguage":"fr-FR","@id":"https:\/\/www.alongavecanna.com\/fr\/produit\/rospico-tee\/#primaryimage","url":"https:\/\/www.alongavecanna.com\/wp-content\/uploads\/2022\/12\/IMG_5810-2.jpg","contentUrl":"https:\/\/www.alongavecanna.com\/wp-content\/uploads\/2022\/12\/IMG_5810-2.jpg","width":1707,"height":2560},{"@type":"BreadcrumbList","@id":"https:\/\/www.alongavecanna.com\/fr\/produit\/rospico-tee\/#breadcrumb","itemListElement":[{"@type":"ListItem","position":1,"name":"Home","item":"https:\/\/www.alongavecanna.com\/fr\/"},{"@type":"ListItem","position":2,"name":"Produits","item":"https:\/\/www.alongavecanna.com\/fr\/shop\/"},{"@type":"ListItem","position":3,"name":"Rospico (tee)"}]},{"@type":"WebSite","@id":"https:\/\/www.alongavecanna.com\/fr\/#website","url":"https:\/\/www.alongavecanna.com\/fr\/","name":"Along Avec Anna","description":"Ethical yarn &amp; timeless knitting patterns","publisher":{"@id":"https:\/\/www.alongavecanna.com\/fr\/#organization"},"potentialAction":[{"@type":"SearchAction","target":{"@type":"EntryPoint","urlTemplate":"https:\/\/www.alongavecanna.com\/fr\/?s={search_term_string}"},"query-input":{"@type":"PropertyValueSpecification","valueRequired":true,"valueName":"search_term_string"}}],"inLanguage":"fr-FR"},{"@type":"Organization","@id":"https:\/\/www.alongavecanna.com\/fr\/#organization","name":"Along Avec Anna","url":"https:\/\/www.alongavecanna.com\/fr\/","logo":{"@type":"ImageObject","inLanguage":"fr-FR","@id":"https:\/\/www.alongavecanna.com\/fr\/#\/schema\/logo\/image\/","url":"https:\/\/www.alongavecanna.com\/wp-content\/uploads\/2023\/01\/logo-along-avec-anna.png","contentUrl":"https:\/\/www.alongavecanna.com\/wp-content\/uploads\/2023\/01\/logo-along-avec-anna.png","width":1728,"height":627,"caption":"Along Avec Anna"},"image":{"@id":"https:\/\/www.alongavecanna.com\/fr\/#\/schema\/logo\/image\/"},"sameAs":["https:\/\/facebook.com\/alongavecanna","https:\/\/www.instagram.com\/along.avec.anna\/"]}]}},"_links":{"self":[{"href":"https:\/\/www.alongavecanna.com\/fr\/wp-json\/wp\/v2\/product\/52230","targetHints":{"allow":["GET"]}}],"collection":[{"href":"https:\/\/www.alongavecanna.com\/fr\/wp-json\/wp\/v2\/product"}],"about":[{"href":"https:\/\/www.alongavecanna.com\/fr\/wp-json\/wp\/v2\/types\/product"}],"replies":[{"embeddable":true,"href":"https:\/\/www.alongavecanna.com\/fr\/wp-json\/wp\/v2\/comments?post=52230"}],"version-history":[{"count":0,"href":"https:\/\/www.alongavecanna.com\/fr\/wp-json\/wp\/v2\/product\/52230\/revisions"}],"wp:featuredmedia":[{"embeddable":true,"href":"https:\/\/www.alongavecanna.com\/fr\/wp-json\/wp\/v2\/media\/50610"}],"wp:attachment":[{"href":"https:\/\/www.alongavecanna.com\/fr\/wp-json\/wp\/v2\/media?parent=52230"}],"wp:term":[{"taxonomy":"product_brand","embeddable":true,"href":"https:\/\/www.alongavecanna.com\/fr\/wp-json\/wp\/v2\/product_brand?post=52230"},{"taxonomy":"product_cat","embeddable":true,"href":"https:\/\/www.alongavecanna.com\/fr\/wp-json\/wp\/v2\/product_cat?post=52230"},{"taxonomy":"product_tag","embeddable":true,"href":"https:\/\/www.alongavecanna.com\/fr\/wp-json\/wp\/v2\/product_tag?post=52230"}],"curies":[{"name":"wp","href":"https:\/\/api.w.org\/{rel}","templated":true}]}}