{"id":52178,"date":"2019-11-13T12:37:59","date_gmt":"2019-11-13T12:37:59","guid":{"rendered":"https:\/\/preprod.alongavecanna.com\/product\/dandelion-lady-mademoiselle\/"},"modified":"2024-05-15T20:53:31","modified_gmt":"2024-05-15T20:53:31","slug":"dandelion-lady-mademoiselle","status":"publish","type":"product","link":"https:\/\/www.alongavecanna.com\/fr\/produit\/dandelion-lady-mademoiselle\/","title":{"rendered":"Dandelion (Lady mademoiselle)"},"content":{"rendered":"<p style=\"text-align: justify;\"><strong>Tailles :<\/strong> (Mensurations buste v\u00eatement fini) : 80, 85 (90, 95, 100, 105, 110) 115, 120, 125, 130cm<\/p>\n<p style=\"text-align: justify;\"><strong>Echantillon<\/strong> : 26 mailles x 34 rangs = 10 cm en point jersey et pissenlit.<\/p>\n<p style=\"text-align: justify;\"><strong>Aisance recommand\u00e9e<\/strong> : entre 0 et 5 cm d&rsquo;aisance positive<\/p>\n<p style=\"text-align: justify;\"><strong>Laine : <\/strong>Fingering &#8211; environ 1070, 1120 (1150, 1200, 1300, 1450, 1500) 1560, 1600, 1700, 1800 m\u00e8tres.<\/p>\n<p style=\"text-align: justify;\"><span class=\"JsGRdQ\">Soit 6, 6 (6, 6, 7, 8, 8)<\/span><span class=\"JsGRdQ\"> [8, 8, 9, 9] <\/span><span class=\"JsGRdQ\">pelotes de Merino &#8211; Along avec Anna<\/span><\/p>\n<p style=\"text-align: justify;\"><strong>Aiguilles pr\u00e9conis\u00e9es <\/strong>(ou autre taille d\u00e9pendant de votre \u00e9chantillon) : 3,25mm\/US 4 (ou autre taille d\u00e9pendant de votre \u00e9chantillon) &#8211; les c\u00f4tes torses sont faites dans la m\u00eame taille d\u2019aiguilles<\/p>\n<p style=\"text-align: justify;\"><strong>Mat\u00e9riel <\/strong>: 8 marqueurs, morceaux de laine pour mettre les mailles en attente, une aiguille \u00e0 laine, 8 boutons de 10-12mm<\/p>\n","protected":false},"excerpt":{"rendered":"<p>&nbsp;<\/p>\n<p style=\"text-align: justify;\"><strong>Dandelion (Lady Mademoiselle)<\/strong> est un gilet qui se tricote du bas vers le haut, et dont le corps poss\u00e8de un d\u00e9licat point pissenlit. Les manches sont tricot\u00e9es en rond en point jersey, puis rattach\u00e9es au corps afin de tricoter des diminutions raglan pour former l\u2019encolure. Accessible aux d\u00e9butants motiv\u00e9s.<\/p>\n<p style=\"text-align: justify;\"><em>Disponible \u00e9galement en version enfant<\/em> sous le nom <em>Dandelion cardigan, <\/em>il sera parfait pour faire un duo avec votre enfant pour celles qui le souhaitent!<\/p>\n<p style=\"text-align: justify;\">Ce patron est en <strong>format pdf.<\/strong><\/p>\n","protected":false},"featured_media":66428,"comment_status":"closed","ping_status":"closed","template":"","meta":[],"product_brand":[],"product_cat":[387,382,380,379,376,377,381,383,388],"product_tag":[267],"class_list":{"0":"post-52178","1":"product","2":"type-product","3":"status-publish","4":"has-post-thumbnail","6":"product_cat-duos","7":"product_cat-patrons-allemand","8":"product_cat-patrons-anglais","9":"product_cat-patrons-danois","10":"product_cat-patrons-de-tricot","11":"product_cat-patrons-femme","12":"product_cat-patrons-francais","13":"product_cat-patrons-italien","14":"product_cat-patrons-portugais","15":"product_tag-gilet-fr","17":"first","18":"instock","19":"downloadable","20":"virtual","21":"taxable","22":"purchasable","23":"product-type-simple"},"yoast_head":"<!-- This site is optimized with the Yoast SEO plugin v27.4 - https:\/\/yoast.com\/product\/yoast-seo-wordpress\/ -->\n<title>Dandelion (Lady mademoiselle) - Along Avec Anna<\/title>\n<meta name=\"robots\" content=\"index, follow, max-snippet:-1, max-image-preview:large, max-video-preview:-1\" \/>\n<link rel=\"canonical\" href=\"https:\/\/www.alongavecanna.com\/fr\/produit\/dandelion-lady-mademoiselle\/\" \/>\n<meta property=\"og:locale\" content=\"fr_FR\" \/>\n<meta property=\"og:type\" content=\"article\" \/>\n<meta property=\"og:title\" content=\"Dandelion (Lady mademoiselle) - Along Avec Anna\" \/>\n<meta property=\"og:description\" content=\"&nbsp; Dandelion (Lady Mademoiselle) est un gilet qui se tricote du bas vers le haut, et dont le corps poss\u00e8de un d\u00e9licat point pissenlit. Les manches sont tricot\u00e9es en rond en point jersey, puis rattach\u00e9es au corps afin de tricoter des diminutions raglan pour former l\u2019encolure. Accessible aux d\u00e9butants motiv\u00e9s. Disponible \u00e9galement en version enfant sous le nom Dandelion cardigan, il sera parfait pour faire un duo avec votre enfant pour celles qui le souhaitent! Ce patron est en format pdf.\" \/>\n<meta property=\"og:url\" content=\"https:\/\/www.alongavecanna.com\/fr\/produit\/dandelion-lady-mademoiselle\/\" \/>\n<meta property=\"og:site_name\" content=\"Along Avec Anna\" \/>\n<meta property=\"article:publisher\" content=\"https:\/\/facebook.com\/alongavecanna\" \/>\n<meta property=\"article:modified_time\" content=\"2024-05-15T20:53:31+00:00\" \/>\n<meta property=\"og:image\" content=\"https:\/\/www.alongavecanna.com\/wp-content\/uploads\/2019\/11\/Annaspring-126.jpg\" \/>\n\t<meta property=\"og:image:width\" content=\"1024\" \/>\n\t<meta property=\"og:image:height\" content=\"1536\" \/>\n\t<meta property=\"og:image:type\" content=\"image\/jpeg\" \/>\n<meta name=\"twitter:card\" content=\"summary_large_image\" \/>\n<script type=\"application\/ld+json\" class=\"yoast-schema-graph\">{\"@context\":\"https:\\\/\\\/schema.org\",\"@graph\":[{\"@type\":\"WebPage\",\"@id\":\"https:\\\/\\\/www.alongavecanna.com\\\/fr\\\/produit\\\/dandelion-lady-mademoiselle\\\/\",\"url\":\"https:\\\/\\\/www.alongavecanna.com\\\/fr\\\/produit\\\/dandelion-lady-mademoiselle\\\/\",\"name\":\"Dandelion (Lady mademoiselle) - Along Avec Anna\",\"isPartOf\":{\"@id\":\"https:\\\/\\\/www.alongavecanna.com\\\/fr\\\/#website\"},\"primaryImageOfPage\":{\"@id\":\"https:\\\/\\\/www.alongavecanna.com\\\/fr\\\/produit\\\/dandelion-lady-mademoiselle\\\/#primaryimage\"},\"image\":{\"@id\":\"https:\\\/\\\/www.alongavecanna.com\\\/fr\\\/produit\\\/dandelion-lady-mademoiselle\\\/#primaryimage\"},\"thumbnailUrl\":\"https:\\\/\\\/www.alongavecanna.com\\\/wp-content\\\/uploads\\\/2019\\\/11\\\/Annaspring-126.jpg\",\"datePublished\":\"2019-11-13T12:37:59+00:00\",\"dateModified\":\"2024-05-15T20:53:31+00:00\",\"breadcrumb\":{\"@id\":\"https:\\\/\\\/www.alongavecanna.com\\\/fr\\\/produit\\\/dandelion-lady-mademoiselle\\\/#breadcrumb\"},\"inLanguage\":\"fr-FR\",\"potentialAction\":[{\"@type\":\"ReadAction\",\"target\":[\"https:\\\/\\\/www.alongavecanna.com\\\/fr\\\/produit\\\/dandelion-lady-mademoiselle\\\/\"]}]},{\"@type\":\"ImageObject\",\"inLanguage\":\"fr-FR\",\"@id\":\"https:\\\/\\\/www.alongavecanna.com\\\/fr\\\/produit\\\/dandelion-lady-mademoiselle\\\/#primaryimage\",\"url\":\"https:\\\/\\\/www.alongavecanna.com\\\/wp-content\\\/uploads\\\/2019\\\/11\\\/Annaspring-126.jpg\",\"contentUrl\":\"https:\\\/\\\/www.alongavecanna.com\\\/wp-content\\\/uploads\\\/2019\\\/11\\\/Annaspring-126.jpg\",\"width\":1024,\"height\":1536},{\"@type\":\"BreadcrumbList\",\"@id\":\"https:\\\/\\\/www.alongavecanna.com\\\/fr\\\/produit\\\/dandelion-lady-mademoiselle\\\/#breadcrumb\",\"itemListElement\":[{\"@type\":\"ListItem\",\"position\":1,\"name\":\"Home\",\"item\":\"https:\\\/\\\/www.alongavecanna.com\\\/fr\\\/\"},{\"@type\":\"ListItem\",\"position\":2,\"name\":\"Produits\",\"item\":\"https:\\\/\\\/www.alongavecanna.com\\\/fr\\\/shop\\\/\"},{\"@type\":\"ListItem\",\"position\":3,\"name\":\"Dandelion (Lady mademoiselle)\"}]},{\"@type\":\"WebSite\",\"@id\":\"https:\\\/\\\/www.alongavecanna.com\\\/fr\\\/#website\",\"url\":\"https:\\\/\\\/www.alongavecanna.com\\\/fr\\\/\",\"name\":\"Along Avec Anna\",\"description\":\"Ethical yarn &amp; timeless knitting patterns\",\"publisher\":{\"@id\":\"https:\\\/\\\/www.alongavecanna.com\\\/fr\\\/#organization\"},\"potentialAction\":[{\"@type\":\"SearchAction\",\"target\":{\"@type\":\"EntryPoint\",\"urlTemplate\":\"https:\\\/\\\/www.alongavecanna.com\\\/fr\\\/?s={search_term_string}\"},\"query-input\":{\"@type\":\"PropertyValueSpecification\",\"valueRequired\":true,\"valueName\":\"search_term_string\"}}],\"inLanguage\":\"fr-FR\"},{\"@type\":\"Organization\",\"@id\":\"https:\\\/\\\/www.alongavecanna.com\\\/fr\\\/#organization\",\"name\":\"Along Avec Anna\",\"url\":\"https:\\\/\\\/www.alongavecanna.com\\\/fr\\\/\",\"logo\":{\"@type\":\"ImageObject\",\"inLanguage\":\"fr-FR\",\"@id\":\"https:\\\/\\\/www.alongavecanna.com\\\/fr\\\/#\\\/schema\\\/logo\\\/image\\\/\",\"url\":\"https:\\\/\\\/www.alongavecanna.com\\\/wp-content\\\/uploads\\\/2023\\\/01\\\/logo-along-avec-anna.png\",\"contentUrl\":\"https:\\\/\\\/www.alongavecanna.com\\\/wp-content\\\/uploads\\\/2023\\\/01\\\/logo-along-avec-anna.png\",\"width\":1728,\"height\":627,\"caption\":\"Along Avec Anna\"},\"image\":{\"@id\":\"https:\\\/\\\/www.alongavecanna.com\\\/fr\\\/#\\\/schema\\\/logo\\\/image\\\/\"},\"sameAs\":[\"https:\\\/\\\/facebook.com\\\/alongavecanna\",\"https:\\\/\\\/www.instagram.com\\\/along.avec.anna\\\/\"]}]}<\/script>\n<!-- \/ Yoast SEO plugin. -->","yoast_head_json":{"title":"Dandelion (Lady mademoiselle) - Along Avec Anna","robots":{"index":"index","follow":"follow","max-snippet":"max-snippet:-1","max-image-preview":"max-image-preview:large","max-video-preview":"max-video-preview:-1"},"canonical":"https:\/\/www.alongavecanna.com\/fr\/produit\/dandelion-lady-mademoiselle\/","og_locale":"fr_FR","og_type":"article","og_title":"Dandelion (Lady mademoiselle) - Along Avec Anna","og_description":"&nbsp; Dandelion (Lady Mademoiselle) est un gilet qui se tricote du bas vers le haut, et dont le corps poss\u00e8de un d\u00e9licat point pissenlit. Les manches sont tricot\u00e9es en rond en point jersey, puis rattach\u00e9es au corps afin de tricoter des diminutions raglan pour former l\u2019encolure. Accessible aux d\u00e9butants motiv\u00e9s. Disponible \u00e9galement en version enfant sous le nom Dandelion cardigan, il sera parfait pour faire un duo avec votre enfant pour celles qui le souhaitent! Ce patron est en format pdf.","og_url":"https:\/\/www.alongavecanna.com\/fr\/produit\/dandelion-lady-mademoiselle\/","og_site_name":"Along Avec Anna","article_publisher":"https:\/\/facebook.com\/alongavecanna","article_modified_time":"2024-05-15T20:53:31+00:00","og_image":[{"width":1024,"height":1536,"url":"https:\/\/www.alongavecanna.com\/wp-content\/uploads\/2019\/11\/Annaspring-126.jpg","type":"image\/jpeg"}],"twitter_card":"summary_large_image","schema":{"@context":"https:\/\/schema.org","@graph":[{"@type":"WebPage","@id":"https:\/\/www.alongavecanna.com\/fr\/produit\/dandelion-lady-mademoiselle\/","url":"https:\/\/www.alongavecanna.com\/fr\/produit\/dandelion-lady-mademoiselle\/","name":"Dandelion (Lady mademoiselle) - Along Avec Anna","isPartOf":{"@id":"https:\/\/www.alongavecanna.com\/fr\/#website"},"primaryImageOfPage":{"@id":"https:\/\/www.alongavecanna.com\/fr\/produit\/dandelion-lady-mademoiselle\/#primaryimage"},"image":{"@id":"https:\/\/www.alongavecanna.com\/fr\/produit\/dandelion-lady-mademoiselle\/#primaryimage"},"thumbnailUrl":"https:\/\/www.alongavecanna.com\/wp-content\/uploads\/2019\/11\/Annaspring-126.jpg","datePublished":"2019-11-13T12:37:59+00:00","dateModified":"2024-05-15T20:53:31+00:00","breadcrumb":{"@id":"https:\/\/www.alongavecanna.com\/fr\/produit\/dandelion-lady-mademoiselle\/#breadcrumb"},"inLanguage":"fr-FR","potentialAction":[{"@type":"ReadAction","target":["https:\/\/www.alongavecanna.com\/fr\/produit\/dandelion-lady-mademoiselle\/"]}]},{"@type":"ImageObject","inLanguage":"fr-FR","@id":"https:\/\/www.alongavecanna.com\/fr\/produit\/dandelion-lady-mademoiselle\/#primaryimage","url":"https:\/\/www.alongavecanna.com\/wp-content\/uploads\/2019\/11\/Annaspring-126.jpg","contentUrl":"https:\/\/www.alongavecanna.com\/wp-content\/uploads\/2019\/11\/Annaspring-126.jpg","width":1024,"height":1536},{"@type":"BreadcrumbList","@id":"https:\/\/www.alongavecanna.com\/fr\/produit\/dandelion-lady-mademoiselle\/#breadcrumb","itemListElement":[{"@type":"ListItem","position":1,"name":"Home","item":"https:\/\/www.alongavecanna.com\/fr\/"},{"@type":"ListItem","position":2,"name":"Produits","item":"https:\/\/www.alongavecanna.com\/fr\/shop\/"},{"@type":"ListItem","position":3,"name":"Dandelion (Lady mademoiselle)"}]},{"@type":"WebSite","@id":"https:\/\/www.alongavecanna.com\/fr\/#website","url":"https:\/\/www.alongavecanna.com\/fr\/","name":"Along Avec Anna","description":"Ethical yarn &amp; timeless knitting patterns","publisher":{"@id":"https:\/\/www.alongavecanna.com\/fr\/#organization"},"potentialAction":[{"@type":"SearchAction","target":{"@type":"EntryPoint","urlTemplate":"https:\/\/www.alongavecanna.com\/fr\/?s={search_term_string}"},"query-input":{"@type":"PropertyValueSpecification","valueRequired":true,"valueName":"search_term_string"}}],"inLanguage":"fr-FR"},{"@type":"Organization","@id":"https:\/\/www.alongavecanna.com\/fr\/#organization","name":"Along Avec Anna","url":"https:\/\/www.alongavecanna.com\/fr\/","logo":{"@type":"ImageObject","inLanguage":"fr-FR","@id":"https:\/\/www.alongavecanna.com\/fr\/#\/schema\/logo\/image\/","url":"https:\/\/www.alongavecanna.com\/wp-content\/uploads\/2023\/01\/logo-along-avec-anna.png","contentUrl":"https:\/\/www.alongavecanna.com\/wp-content\/uploads\/2023\/01\/logo-along-avec-anna.png","width":1728,"height":627,"caption":"Along Avec Anna"},"image":{"@id":"https:\/\/www.alongavecanna.com\/fr\/#\/schema\/logo\/image\/"},"sameAs":["https:\/\/facebook.com\/alongavecanna","https:\/\/www.instagram.com\/along.avec.anna\/"]}]}},"_links":{"self":[{"href":"https:\/\/www.alongavecanna.com\/fr\/wp-json\/wp\/v2\/product\/52178","targetHints":{"allow":["GET"]}}],"collection":[{"href":"https:\/\/www.alongavecanna.com\/fr\/wp-json\/wp\/v2\/product"}],"about":[{"href":"https:\/\/www.alongavecanna.com\/fr\/wp-json\/wp\/v2\/types\/product"}],"replies":[{"embeddable":true,"href":"https:\/\/www.alongavecanna.com\/fr\/wp-json\/wp\/v2\/comments?post=52178"}],"version-history":[{"count":0,"href":"https:\/\/www.alongavecanna.com\/fr\/wp-json\/wp\/v2\/product\/52178\/revisions"}],"wp:featuredmedia":[{"embeddable":true,"href":"https:\/\/www.alongavecanna.com\/fr\/wp-json\/wp\/v2\/media\/66428"}],"wp:attachment":[{"href":"https:\/\/www.alongavecanna.com\/fr\/wp-json\/wp\/v2\/media?parent=52178"}],"wp:term":[{"taxonomy":"product_brand","embeddable":true,"href":"https:\/\/www.alongavecanna.com\/fr\/wp-json\/wp\/v2\/product_brand?post=52178"},{"taxonomy":"product_cat","embeddable":true,"href":"https:\/\/www.alongavecanna.com\/fr\/wp-json\/wp\/v2\/product_cat?post=52178"},{"taxonomy":"product_tag","embeddable":true,"href":"https:\/\/www.alongavecanna.com\/fr\/wp-json\/wp\/v2\/product_tag?post=52178"}],"curies":[{"name":"wp","href":"https:\/\/api.w.org\/{rel}","templated":true}]}}