{"id":52150,"date":"2019-11-11T14:35:50","date_gmt":"2019-11-11T14:35:50","guid":{"rendered":"https:\/\/preprod.alongavecanna.com\/product\/suzie-pull\/"},"modified":"2023-02-10T21:28:27","modified_gmt":"2023-02-10T21:28:27","slug":"suzie-jumper","status":"publish","type":"product","link":"https:\/\/www.alongavecanna.com\/fr\/produit\/suzie-jumper\/","title":{"rendered":"Suzie (Pull)"},"content":{"rendered":"<p style=\"text-align: justify;\"><strong>Tailles :<\/strong> (mensurations buste v\u00eatement fini) : 80, 85 (90, 95, 100, 105, 110) 115, 120, 125, 130cm<\/p>\n<p style=\"text-align: justify;\"><strong>Echantillon<\/strong>: \u00c9chantillon 22m x 31 rangs = 10 cm en jersey endroit en aiguilles 4mm\/US 6 (ou autre taille d\u00e9pendant de votre \u00e9chantillon).<\/p>\n<p style=\"text-align: justify;\"><strong>Aisance recommand\u00e9e<\/strong>: entre 5 et 10 cm<\/p>\n<p style=\"text-align: justify;\"><strong>Laine(s) <\/strong>: <span style=\"font-family: -apple-system, BlinkMacSystemFont, 'Segoe UI', Roboto, Oxygen-Sans, Ubuntu, Cantarell, 'Helvetica Neue', sans-serif;\">deux fils \u00e0 tricoter ensemble &#8211; un fil fingering et un fil de lace mohair Merino &amp; Silk Mohair &#8211; Along avec Anna<\/span><\/p>\n<div class=\"page\" title=\"Page 3\">\n<div class=\"section\">\n<div class=\"layoutArea\">\n<div class=\"column\">\n<p>Environ 830, 915 (960, 1000, 1050, 1100, 1150) [1200, 1250, 1350, 1400] m\u00e8tres de fil fingering et une quantit\u00e9 \u00e9quivalente de mohair lace.<\/p>\n<p>Soit 5, 5( 5, 5, 6, 6, 6) [6, 7, 7, 7] pelotes de Merino &#8211; Along avec Anna et 4, 5 (5, 5, 5, 6, 6) [6, 6, 7, 7] pelotes de Silk Mohair &#8211; Along avec Anna<\/p>\n<p><em>Version de pr\u00e9sentation <\/em>: Tricot\u00e9 en taille 85 avec 5 cm d\u2019aisance.<\/p>\n<\/div>\n<\/div>\n<\/div>\n<\/div>\n<p style=\"text-align: justify;\"><strong>Aiguilles pr\u00e9conis\u00e9es <\/strong>(si votre \u00e9chantillon correspond bien) 4mm\/US 6 pour le corps et les manches et 3.75mm\/US 5 pour les c\u00f4tes.<\/p>\n<p style=\"text-align: justify;\"><strong>Mat\u00e9riel <\/strong>: marqueurs, morceaux de laine pour mettre les mailles en attente, une aiguille \u00e0 laine<\/p>\n","protected":false},"excerpt":{"rendered":"<p style=\"text-align: justify;\"><strong>Suzie (pull)<\/strong> est un pull \u00e0 manches raglan qui est tricot\u00e9 avec deux fils (un fingering et un mohair) pour le rendre bien chaud pour les mois frais Son encolure ronde et l\u00e9g\u00e8rement creus\u00e9e lui donne un aspect tr\u00e8s f\u00e9minin. Il poss\u00e8de de longues c\u00f4tes 2\/2 sur les poignets et le bas du corps.<\/p>\n<p style=\"text-align: justify;\"><strong>Accessible aux d\u00e9butants<\/strong>. eut \u00e9galement \u00eatre tricot\u00e9 avec un seul fil DK pour le rendre plus l\u00e9ger pour la demi-saison.<\/p>\n<p style=\"text-align: justify;\">La construction se fait de <strong>haut en bas<\/strong>.<\/p>\n<p style=\"text-align: justify;\"><strong>Ce mod\u00e8le est un pdf num\u00e9rique.<\/strong><\/p>\n","protected":false},"featured_media":50587,"comment_status":"closed","ping_status":"closed","template":"","meta":[],"product_brand":[],"product_cat":[387,382,380,379,376,370,377,381,383,388],"product_tag":[],"class_list":{"0":"post-52150","1":"product","2":"type-product","3":"status-publish","4":"has-post-thumbnail","6":"product_cat-duos","7":"product_cat-patrons-allemand","8":"product_cat-patrons-anglais","9":"product_cat-patrons-danois","10":"product_cat-patrons-de-tricot","11":"product_cat-patrons-debutants","12":"product_cat-patrons-femme","13":"product_cat-patrons-francais","14":"product_cat-patrons-italien","15":"product_cat-patrons-portugais","17":"first","18":"instock","19":"downloadable","20":"virtual","21":"taxable","22":"purchasable","23":"product-type-simple"},"yoast_head":"<!-- This site is optimized with the Yoast SEO plugin v27.4 - https:\/\/yoast.com\/product\/yoast-seo-wordpress\/ -->\n<title>Suzie (Pull) - Along Avec Anna<\/title>\n<meta name=\"robots\" content=\"index, follow, max-snippet:-1, max-image-preview:large, max-video-preview:-1\" \/>\n<link rel=\"canonical\" href=\"https:\/\/www.alongavecanna.com\/fr\/produit\/suzie-jumper\/\" \/>\n<meta property=\"og:locale\" content=\"fr_FR\" \/>\n<meta property=\"og:type\" content=\"article\" \/>\n<meta property=\"og:title\" content=\"Suzie (Pull) - Along Avec Anna\" \/>\n<meta property=\"og:description\" content=\"Suzie (pull) est un pull \u00e0 manches raglan qui est tricot\u00e9 avec deux fils (un fingering et un mohair) pour le rendre bien chaud pour les mois frais Son encolure ronde et l\u00e9g\u00e8rement creus\u00e9e lui donne un aspect tr\u00e8s f\u00e9minin. Il poss\u00e8de de longues c\u00f4tes 2\/2 sur les poignets et le bas du corps. Accessible aux d\u00e9butants. eut \u00e9galement \u00eatre tricot\u00e9 avec un seul fil DK pour le rendre plus l\u00e9ger pour la demi-saison. La construction se fait de haut en bas. Ce mod\u00e8le est un pdf num\u00e9rique.\" \/>\n<meta property=\"og:url\" content=\"https:\/\/www.alongavecanna.com\/fr\/produit\/suzie-jumper\/\" \/>\n<meta property=\"og:site_name\" content=\"Along Avec Anna\" \/>\n<meta property=\"article:publisher\" content=\"https:\/\/facebook.com\/alongavecanna\" \/>\n<meta property=\"article:modified_time\" content=\"2023-02-10T21:28:27+00:00\" \/>\n<meta property=\"og:image\" content=\"https:\/\/www.alongavecanna.com\/wp-content\/uploads\/2022\/12\/IMG_0940-2-1.jpg\" \/>\n\t<meta property=\"og:image:width\" content=\"1705\" \/>\n\t<meta property=\"og:image:height\" content=\"2560\" \/>\n\t<meta property=\"og:image:type\" content=\"image\/jpeg\" \/>\n<meta name=\"twitter:card\" content=\"summary_large_image\" \/>\n<meta name=\"twitter:label1\" content=\"Dur\u00e9e de lecture estim\u00e9e\" \/>\n\t<meta name=\"twitter:data1\" content=\"1 minute\" \/>\n<script type=\"application\/ld+json\" class=\"yoast-schema-graph\">{\"@context\":\"https:\\\/\\\/schema.org\",\"@graph\":[{\"@type\":\"WebPage\",\"@id\":\"https:\\\/\\\/www.alongavecanna.com\\\/fr\\\/produit\\\/suzie-jumper\\\/\",\"url\":\"https:\\\/\\\/www.alongavecanna.com\\\/fr\\\/produit\\\/suzie-jumper\\\/\",\"name\":\"Suzie (Pull) - Along Avec Anna\",\"isPartOf\":{\"@id\":\"https:\\\/\\\/www.alongavecanna.com\\\/fr\\\/#website\"},\"primaryImageOfPage\":{\"@id\":\"https:\\\/\\\/www.alongavecanna.com\\\/fr\\\/produit\\\/suzie-jumper\\\/#primaryimage\"},\"image\":{\"@id\":\"https:\\\/\\\/www.alongavecanna.com\\\/fr\\\/produit\\\/suzie-jumper\\\/#primaryimage\"},\"thumbnailUrl\":\"https:\\\/\\\/www.alongavecanna.com\\\/wp-content\\\/uploads\\\/2022\\\/12\\\/IMG_0940-2-1.jpg\",\"datePublished\":\"2019-11-11T14:35:50+00:00\",\"dateModified\":\"2023-02-10T21:28:27+00:00\",\"breadcrumb\":{\"@id\":\"https:\\\/\\\/www.alongavecanna.com\\\/fr\\\/produit\\\/suzie-jumper\\\/#breadcrumb\"},\"inLanguage\":\"fr-FR\",\"potentialAction\":[{\"@type\":\"ReadAction\",\"target\":[\"https:\\\/\\\/www.alongavecanna.com\\\/fr\\\/produit\\\/suzie-jumper\\\/\"]}]},{\"@type\":\"ImageObject\",\"inLanguage\":\"fr-FR\",\"@id\":\"https:\\\/\\\/www.alongavecanna.com\\\/fr\\\/produit\\\/suzie-jumper\\\/#primaryimage\",\"url\":\"https:\\\/\\\/www.alongavecanna.com\\\/wp-content\\\/uploads\\\/2022\\\/12\\\/IMG_0940-2-1.jpg\",\"contentUrl\":\"https:\\\/\\\/www.alongavecanna.com\\\/wp-content\\\/uploads\\\/2022\\\/12\\\/IMG_0940-2-1.jpg\",\"width\":1705,\"height\":2560,\"caption\":\"SUZIE SWEATER\"},{\"@type\":\"BreadcrumbList\",\"@id\":\"https:\\\/\\\/www.alongavecanna.com\\\/fr\\\/produit\\\/suzie-jumper\\\/#breadcrumb\",\"itemListElement\":[{\"@type\":\"ListItem\",\"position\":1,\"name\":\"Home\",\"item\":\"https:\\\/\\\/www.alongavecanna.com\\\/fr\\\/\"},{\"@type\":\"ListItem\",\"position\":2,\"name\":\"Produits\",\"item\":\"https:\\\/\\\/www.alongavecanna.com\\\/fr\\\/shop\\\/\"},{\"@type\":\"ListItem\",\"position\":3,\"name\":\"Suzie (Pull)\"}]},{\"@type\":\"WebSite\",\"@id\":\"https:\\\/\\\/www.alongavecanna.com\\\/fr\\\/#website\",\"url\":\"https:\\\/\\\/www.alongavecanna.com\\\/fr\\\/\",\"name\":\"Along Avec Anna\",\"description\":\"Ethical yarn &amp; timeless knitting patterns\",\"publisher\":{\"@id\":\"https:\\\/\\\/www.alongavecanna.com\\\/fr\\\/#organization\"},\"potentialAction\":[{\"@type\":\"SearchAction\",\"target\":{\"@type\":\"EntryPoint\",\"urlTemplate\":\"https:\\\/\\\/www.alongavecanna.com\\\/fr\\\/?s={search_term_string}\"},\"query-input\":{\"@type\":\"PropertyValueSpecification\",\"valueRequired\":true,\"valueName\":\"search_term_string\"}}],\"inLanguage\":\"fr-FR\"},{\"@type\":\"Organization\",\"@id\":\"https:\\\/\\\/www.alongavecanna.com\\\/fr\\\/#organization\",\"name\":\"Along Avec Anna\",\"url\":\"https:\\\/\\\/www.alongavecanna.com\\\/fr\\\/\",\"logo\":{\"@type\":\"ImageObject\",\"inLanguage\":\"fr-FR\",\"@id\":\"https:\\\/\\\/www.alongavecanna.com\\\/fr\\\/#\\\/schema\\\/logo\\\/image\\\/\",\"url\":\"https:\\\/\\\/www.alongavecanna.com\\\/wp-content\\\/uploads\\\/2023\\\/01\\\/logo-along-avec-anna.png\",\"contentUrl\":\"https:\\\/\\\/www.alongavecanna.com\\\/wp-content\\\/uploads\\\/2023\\\/01\\\/logo-along-avec-anna.png\",\"width\":1728,\"height\":627,\"caption\":\"Along Avec Anna\"},\"image\":{\"@id\":\"https:\\\/\\\/www.alongavecanna.com\\\/fr\\\/#\\\/schema\\\/logo\\\/image\\\/\"},\"sameAs\":[\"https:\\\/\\\/facebook.com\\\/alongavecanna\",\"https:\\\/\\\/www.instagram.com\\\/along.avec.anna\\\/\"]}]}<\/script>\n<!-- \/ Yoast SEO plugin. -->","yoast_head_json":{"title":"Suzie (Pull) - Along Avec Anna","robots":{"index":"index","follow":"follow","max-snippet":"max-snippet:-1","max-image-preview":"max-image-preview:large","max-video-preview":"max-video-preview:-1"},"canonical":"https:\/\/www.alongavecanna.com\/fr\/produit\/suzie-jumper\/","og_locale":"fr_FR","og_type":"article","og_title":"Suzie (Pull) - Along Avec Anna","og_description":"Suzie (pull) est un pull \u00e0 manches raglan qui est tricot\u00e9 avec deux fils (un fingering et un mohair) pour le rendre bien chaud pour les mois frais Son encolure ronde et l\u00e9g\u00e8rement creus\u00e9e lui donne un aspect tr\u00e8s f\u00e9minin. Il poss\u00e8de de longues c\u00f4tes 2\/2 sur les poignets et le bas du corps. Accessible aux d\u00e9butants. eut \u00e9galement \u00eatre tricot\u00e9 avec un seul fil DK pour le rendre plus l\u00e9ger pour la demi-saison. La construction se fait de haut en bas. Ce mod\u00e8le est un pdf num\u00e9rique.","og_url":"https:\/\/www.alongavecanna.com\/fr\/produit\/suzie-jumper\/","og_site_name":"Along Avec Anna","article_publisher":"https:\/\/facebook.com\/alongavecanna","article_modified_time":"2023-02-10T21:28:27+00:00","og_image":[{"width":1705,"height":2560,"url":"https:\/\/www.alongavecanna.com\/wp-content\/uploads\/2022\/12\/IMG_0940-2-1.jpg","type":"image\/jpeg"}],"twitter_card":"summary_large_image","twitter_misc":{"Dur\u00e9e de lecture estim\u00e9e":"1 minute"},"schema":{"@context":"https:\/\/schema.org","@graph":[{"@type":"WebPage","@id":"https:\/\/www.alongavecanna.com\/fr\/produit\/suzie-jumper\/","url":"https:\/\/www.alongavecanna.com\/fr\/produit\/suzie-jumper\/","name":"Suzie (Pull) - Along Avec Anna","isPartOf":{"@id":"https:\/\/www.alongavecanna.com\/fr\/#website"},"primaryImageOfPage":{"@id":"https:\/\/www.alongavecanna.com\/fr\/produit\/suzie-jumper\/#primaryimage"},"image":{"@id":"https:\/\/www.alongavecanna.com\/fr\/produit\/suzie-jumper\/#primaryimage"},"thumbnailUrl":"https:\/\/www.alongavecanna.com\/wp-content\/uploads\/2022\/12\/IMG_0940-2-1.jpg","datePublished":"2019-11-11T14:35:50+00:00","dateModified":"2023-02-10T21:28:27+00:00","breadcrumb":{"@id":"https:\/\/www.alongavecanna.com\/fr\/produit\/suzie-jumper\/#breadcrumb"},"inLanguage":"fr-FR","potentialAction":[{"@type":"ReadAction","target":["https:\/\/www.alongavecanna.com\/fr\/produit\/suzie-jumper\/"]}]},{"@type":"ImageObject","inLanguage":"fr-FR","@id":"https:\/\/www.alongavecanna.com\/fr\/produit\/suzie-jumper\/#primaryimage","url":"https:\/\/www.alongavecanna.com\/wp-content\/uploads\/2022\/12\/IMG_0940-2-1.jpg","contentUrl":"https:\/\/www.alongavecanna.com\/wp-content\/uploads\/2022\/12\/IMG_0940-2-1.jpg","width":1705,"height":2560,"caption":"SUZIE SWEATER"},{"@type":"BreadcrumbList","@id":"https:\/\/www.alongavecanna.com\/fr\/produit\/suzie-jumper\/#breadcrumb","itemListElement":[{"@type":"ListItem","position":1,"name":"Home","item":"https:\/\/www.alongavecanna.com\/fr\/"},{"@type":"ListItem","position":2,"name":"Produits","item":"https:\/\/www.alongavecanna.com\/fr\/shop\/"},{"@type":"ListItem","position":3,"name":"Suzie (Pull)"}]},{"@type":"WebSite","@id":"https:\/\/www.alongavecanna.com\/fr\/#website","url":"https:\/\/www.alongavecanna.com\/fr\/","name":"Along Avec Anna","description":"Ethical yarn &amp; timeless knitting patterns","publisher":{"@id":"https:\/\/www.alongavecanna.com\/fr\/#organization"},"potentialAction":[{"@type":"SearchAction","target":{"@type":"EntryPoint","urlTemplate":"https:\/\/www.alongavecanna.com\/fr\/?s={search_term_string}"},"query-input":{"@type":"PropertyValueSpecification","valueRequired":true,"valueName":"search_term_string"}}],"inLanguage":"fr-FR"},{"@type":"Organization","@id":"https:\/\/www.alongavecanna.com\/fr\/#organization","name":"Along Avec Anna","url":"https:\/\/www.alongavecanna.com\/fr\/","logo":{"@type":"ImageObject","inLanguage":"fr-FR","@id":"https:\/\/www.alongavecanna.com\/fr\/#\/schema\/logo\/image\/","url":"https:\/\/www.alongavecanna.com\/wp-content\/uploads\/2023\/01\/logo-along-avec-anna.png","contentUrl":"https:\/\/www.alongavecanna.com\/wp-content\/uploads\/2023\/01\/logo-along-avec-anna.png","width":1728,"height":627,"caption":"Along Avec Anna"},"image":{"@id":"https:\/\/www.alongavecanna.com\/fr\/#\/schema\/logo\/image\/"},"sameAs":["https:\/\/facebook.com\/alongavecanna","https:\/\/www.instagram.com\/along.avec.anna\/"]}]}},"_links":{"self":[{"href":"https:\/\/www.alongavecanna.com\/fr\/wp-json\/wp\/v2\/product\/52150","targetHints":{"allow":["GET"]}}],"collection":[{"href":"https:\/\/www.alongavecanna.com\/fr\/wp-json\/wp\/v2\/product"}],"about":[{"href":"https:\/\/www.alongavecanna.com\/fr\/wp-json\/wp\/v2\/types\/product"}],"replies":[{"embeddable":true,"href":"https:\/\/www.alongavecanna.com\/fr\/wp-json\/wp\/v2\/comments?post=52150"}],"version-history":[{"count":0,"href":"https:\/\/www.alongavecanna.com\/fr\/wp-json\/wp\/v2\/product\/52150\/revisions"}],"wp:featuredmedia":[{"embeddable":true,"href":"https:\/\/www.alongavecanna.com\/fr\/wp-json\/wp\/v2\/media\/50587"}],"wp:attachment":[{"href":"https:\/\/www.alongavecanna.com\/fr\/wp-json\/wp\/v2\/media?parent=52150"}],"wp:term":[{"taxonomy":"product_brand","embeddable":true,"href":"https:\/\/www.alongavecanna.com\/fr\/wp-json\/wp\/v2\/product_brand?post=52150"},{"taxonomy":"product_cat","embeddable":true,"href":"https:\/\/www.alongavecanna.com\/fr\/wp-json\/wp\/v2\/product_cat?post=52150"},{"taxonomy":"product_tag","embeddable":true,"href":"https:\/\/www.alongavecanna.com\/fr\/wp-json\/wp\/v2\/product_tag?post=52150"}],"curies":[{"name":"wp","href":"https:\/\/api.w.org\/{rel}","templated":true}]}}