{"id":52136,"date":"2019-11-11T14:26:48","date_gmt":"2019-11-11T14:26:48","guid":{"rendered":"https:\/\/preprod.alongavecanna.com\/product\/rosa-cardigan\/"},"modified":"2023-10-19T19:52:50","modified_gmt":"2023-10-19T19:52:50","slug":"rosa-cardigan","status":"publish","type":"product","link":"https:\/\/www.alongavecanna.com\/fr\/produit\/rosa-cardigan\/","title":{"rendered":"Rosa (Cardigan)"},"content":{"rendered":"<p style=\"text-align: justify;\"><strong>Tailles<\/strong>: <span class=\"OYPEnA text-decoration-none text-strikethrough-none\">79, 84, 89.5, 94.5, 100 (105, 110.5, 115.5, 119, 124) <\/span><span class=\"OYPEnA text-decoration-none text-strikethrough-none\">[129.5, 134.5, 140, 145, 150.5] 155.5, 159, 164 cm<\/span>de tour de poitrine (mesures finies)<\/p>\n<p style=\"text-align: justify;\"><strong>Echantillon <\/strong>: 23 m x 31 rgs = 10 cm en jersey en aiguilles 4mm\/US 6 (ou autre taille d\u00e9pendant de votre \u00e9chantillon)<\/p>\n<p style=\"text-align: justify;\"><strong>Aisance recommand\u00e9e <\/strong>: entre 0 et 5cm d\u2019aisance positive<\/p>\n<div class=\"page\" title=\"Page 3\">\n<div class=\"section\">\n<div class=\"layoutArea\">\n<div class=\"column\">\n<p><strong>Fil<\/strong>:* <strong>Deux fils maintenus ensemble<\/strong> &#8211;<br \/>\nUn fil fingering avec un fil de mohair :<br \/>\n750, 780, 820, 860, 900 (960, 1020, 1090, 1150, 1200) [1260, 1350, 1400, 1450, 1500] 1550, 1600, 1650 m\u00e8tres de chaque<\/p>\n<p>donc 4, 4, 5, 5, 5 (5, 6, 6, 6, 6) [7, 7, 7, 8, 8] 8, 8, 9 pelotes de Merino et 4, 4, 4, 5, 5 (5, 5, 6, 6, 6) [6, 7, 7, 8, 8] 8, 8, 9 pelotes de Silk Mohair &#8211; Along avec Anna<\/p>\n<p>* <strong>Ou un seul fil de poids DK<\/strong>:<br \/>\nEnviron 760, 800, 840, 880, 930 (980, 1030, 1080, 1130, 1170) [1220, 1400, 1450, 1500, 1550] 1600, 1650, 1700 m\u00e8tres donc 7, 8, 8, 9, 9 (10, 10, 10, 11, 11) [12, 13, 14, 14, 15] 15, 16, 16 pelotes de Double Merino &#8211; Along avec Anna<\/p>\n<p><em>Version de pr\u00e9sentation <\/em>:<br \/>\nBleu &#8211; Tricot\u00e9 en taille 105 cm avec 5 cm d&rsquo;aisance positive, coloris Royal<br \/>\nGris &#8211; tricot\u00e9 en taille 84 cm avec 5 cm d&rsquo;aisance positive, teinte Louve<\/p>\n<\/div>\n<\/div>\n<\/div>\n<\/div>\n<p style=\"text-align: justify;\"><strong>Aiguilles pr\u00e9conis\u00e9es<\/strong>(si votre \u00e9chantillon correspond bien) : 4mm\/US 6 pour le corps et 3.5mm\/US 4 pour les c\u00f4tes<\/p>\n<p style=\"text-align: justify;\"><strong>Mat\u00e9riel <\/strong>: 7 \u00e0 8 boutons de 10-12mm, 8 anneaux marqueurs + 2 marqueurs \u00e0 fermoir, morceaux de laine pour mettre les mailles en attente, aiguille \u00e0 laine pour rentrer les fils<\/p>\n","protected":false},"excerpt":{"rendered":"<p style=\"text-align: justify;\"><strong>Rosa<\/strong> (Cardigan) est un gilet court qui poss\u00e8de une tr\u00e8s belle dentelle sur le raglan. Son encolure V l\u00e9g\u00e8rement creus\u00e9e lui donne un aspect tr\u00e8s f\u00e9minin. Il poss\u00e8de des c\u00f4tes 2&#215;2 sur les poignets et le bas du corps et de nombreux petits boutons sur le devant.<\/p>\n<p style=\"text-align: justify;\">Il peut \u00eatre tricot\u00e9 de deux fa\u00e7ons : <strong>soit avec avec deux fils tricot\u00e9s ensemble (un fingering et un mohair)<\/strong> <strong>soit avec un seul fil DK<\/strong> pour le rendre plus l\u00e9ger pour la demi-saison.<\/p>\n<p style=\"text-align: justify;\"><strong>Accessible aux d\u00e9butants<\/strong>.<\/p>\n<p style=\"text-align: justify;\">Il se tricote du <strong>haut vers le bas<\/strong> : le dos, les manches et les devants sont tricot\u00e9s en aller-retour. Les manches sont mises en attente afin de tricoter le corps; les mailles des manches sont ensuite r\u00e9cup\u00e9r\u00e9es pour \u00eatre tricot\u00e9es chacune \u00e0 leur tour. Les mailles des devants et de l\u2019encolure sont relev\u00e9es pour r\u00e9aliser une bande d\u2019encolure avec patte de boutonnage.<\/p>\n<p style=\"text-align: justify;\">Ce patron est en <strong>format pdf.<\/strong><\/p>\n","protected":false},"featured_media":60389,"comment_status":"closed","ping_status":"closed","template":"","meta":[],"product_brand":[],"product_cat":[387,380,376,370,377,381],"product_tag":[267],"class_list":{"0":"post-52136","1":"product","2":"type-product","3":"status-publish","4":"has-post-thumbnail","6":"product_cat-duos","7":"product_cat-patrons-anglais","8":"product_cat-patrons-de-tricot","9":"product_cat-patrons-debutants","10":"product_cat-patrons-femme","11":"product_cat-patrons-francais","12":"product_tag-gilet-fr","14":"first","15":"instock","16":"downloadable","17":"virtual","18":"taxable","19":"purchasable","20":"product-type-simple"},"yoast_head":"<!-- This site is optimized with the Yoast SEO plugin v27.4 - https:\/\/yoast.com\/product\/yoast-seo-wordpress\/ -->\n<title>Rosa (Cardigan) - Along Avec Anna<\/title>\n<meta name=\"robots\" content=\"index, follow, max-snippet:-1, max-image-preview:large, max-video-preview:-1\" \/>\n<link rel=\"canonical\" href=\"https:\/\/www.alongavecanna.com\/fr\/produit\/rosa-cardigan\/\" \/>\n<meta property=\"og:locale\" content=\"fr_FR\" \/>\n<meta property=\"og:type\" content=\"article\" \/>\n<meta property=\"og:title\" content=\"Rosa (Cardigan) - Along Avec Anna\" \/>\n<meta property=\"og:description\" content=\"Rosa (Cardigan) est un gilet court qui poss\u00e8de une tr\u00e8s belle dentelle sur le raglan. Son encolure V l\u00e9g\u00e8rement creus\u00e9e lui donne un aspect tr\u00e8s f\u00e9minin. Il poss\u00e8de des c\u00f4tes 2x2 sur les poignets et le bas du corps et de nombreux petits boutons sur le devant. Il peut \u00eatre tricot\u00e9 de deux fa\u00e7ons : soit avec avec deux fils tricot\u00e9s ensemble (un fingering et un mohair) soit avec un seul fil DK pour le rendre plus l\u00e9ger pour la demi-saison. Accessible aux d\u00e9butants. Il se tricote du haut vers le bas : le dos, les manches et les devants sont tricot\u00e9s en aller-retour. Les manches sont mises en attente afin de tricoter le corps; les mailles des manches sont ensuite r\u00e9cup\u00e9r\u00e9es pour \u00eatre tricot\u00e9es chacune \u00e0 leur tour. Les mailles des devants et de l\u2019encolure sont relev\u00e9es pour r\u00e9aliser une bande d\u2019encolure avec patte de boutonnage. Ce patron est en format pdf.\" \/>\n<meta property=\"og:url\" content=\"https:\/\/www.alongavecanna.com\/fr\/produit\/rosa-cardigan\/\" \/>\n<meta property=\"og:site_name\" content=\"Along Avec Anna\" \/>\n<meta property=\"article:publisher\" content=\"https:\/\/facebook.com\/alongavecanna\" \/>\n<meta property=\"article:modified_time\" content=\"2023-10-19T19:52:50+00:00\" \/>\n<meta property=\"og:image\" content=\"https:\/\/www.alongavecanna.com\/wp-content\/uploads\/2019\/11\/AlongAvecAnna-33.jpg\" \/>\n\t<meta property=\"og:image:width\" content=\"1024\" \/>\n\t<meta property=\"og:image:height\" content=\"1536\" \/>\n\t<meta property=\"og:image:type\" content=\"image\/jpeg\" \/>\n<meta name=\"twitter:card\" content=\"summary_large_image\" \/>\n<meta name=\"twitter:label1\" content=\"Dur\u00e9e de lecture estim\u00e9e\" \/>\n\t<meta name=\"twitter:data1\" content=\"1 minute\" \/>\n<script type=\"application\/ld+json\" class=\"yoast-schema-graph\">{\"@context\":\"https:\\\/\\\/schema.org\",\"@graph\":[{\"@type\":\"WebPage\",\"@id\":\"https:\\\/\\\/www.alongavecanna.com\\\/fr\\\/produit\\\/rosa-cardigan\\\/\",\"url\":\"https:\\\/\\\/www.alongavecanna.com\\\/fr\\\/produit\\\/rosa-cardigan\\\/\",\"name\":\"Rosa (Cardigan) - Along Avec Anna\",\"isPartOf\":{\"@id\":\"https:\\\/\\\/www.alongavecanna.com\\\/fr\\\/#website\"},\"primaryImageOfPage\":{\"@id\":\"https:\\\/\\\/www.alongavecanna.com\\\/fr\\\/produit\\\/rosa-cardigan\\\/#primaryimage\"},\"image\":{\"@id\":\"https:\\\/\\\/www.alongavecanna.com\\\/fr\\\/produit\\\/rosa-cardigan\\\/#primaryimage\"},\"thumbnailUrl\":\"https:\\\/\\\/www.alongavecanna.com\\\/wp-content\\\/uploads\\\/2019\\\/11\\\/AlongAvecAnna-33.jpg\",\"datePublished\":\"2019-11-11T14:26:48+00:00\",\"dateModified\":\"2023-10-19T19:52:50+00:00\",\"breadcrumb\":{\"@id\":\"https:\\\/\\\/www.alongavecanna.com\\\/fr\\\/produit\\\/rosa-cardigan\\\/#breadcrumb\"},\"inLanguage\":\"fr-FR\",\"potentialAction\":[{\"@type\":\"ReadAction\",\"target\":[\"https:\\\/\\\/www.alongavecanna.com\\\/fr\\\/produit\\\/rosa-cardigan\\\/\"]}]},{\"@type\":\"ImageObject\",\"inLanguage\":\"fr-FR\",\"@id\":\"https:\\\/\\\/www.alongavecanna.com\\\/fr\\\/produit\\\/rosa-cardigan\\\/#primaryimage\",\"url\":\"https:\\\/\\\/www.alongavecanna.com\\\/wp-content\\\/uploads\\\/2019\\\/11\\\/AlongAvecAnna-33.jpg\",\"contentUrl\":\"https:\\\/\\\/www.alongavecanna.com\\\/wp-content\\\/uploads\\\/2019\\\/11\\\/AlongAvecAnna-33.jpg\",\"width\":1024,\"height\":1536},{\"@type\":\"BreadcrumbList\",\"@id\":\"https:\\\/\\\/www.alongavecanna.com\\\/fr\\\/produit\\\/rosa-cardigan\\\/#breadcrumb\",\"itemListElement\":[{\"@type\":\"ListItem\",\"position\":1,\"name\":\"Home\",\"item\":\"https:\\\/\\\/www.alongavecanna.com\\\/fr\\\/\"},{\"@type\":\"ListItem\",\"position\":2,\"name\":\"Produits\",\"item\":\"https:\\\/\\\/www.alongavecanna.com\\\/fr\\\/shop\\\/\"},{\"@type\":\"ListItem\",\"position\":3,\"name\":\"Rosa (Cardigan)\"}]},{\"@type\":\"WebSite\",\"@id\":\"https:\\\/\\\/www.alongavecanna.com\\\/fr\\\/#website\",\"url\":\"https:\\\/\\\/www.alongavecanna.com\\\/fr\\\/\",\"name\":\"Along Avec Anna\",\"description\":\"Ethical yarn &amp; timeless knitting patterns\",\"publisher\":{\"@id\":\"https:\\\/\\\/www.alongavecanna.com\\\/fr\\\/#organization\"},\"potentialAction\":[{\"@type\":\"SearchAction\",\"target\":{\"@type\":\"EntryPoint\",\"urlTemplate\":\"https:\\\/\\\/www.alongavecanna.com\\\/fr\\\/?s={search_term_string}\"},\"query-input\":{\"@type\":\"PropertyValueSpecification\",\"valueRequired\":true,\"valueName\":\"search_term_string\"}}],\"inLanguage\":\"fr-FR\"},{\"@type\":\"Organization\",\"@id\":\"https:\\\/\\\/www.alongavecanna.com\\\/fr\\\/#organization\",\"name\":\"Along Avec Anna\",\"url\":\"https:\\\/\\\/www.alongavecanna.com\\\/fr\\\/\",\"logo\":{\"@type\":\"ImageObject\",\"inLanguage\":\"fr-FR\",\"@id\":\"https:\\\/\\\/www.alongavecanna.com\\\/fr\\\/#\\\/schema\\\/logo\\\/image\\\/\",\"url\":\"https:\\\/\\\/www.alongavecanna.com\\\/wp-content\\\/uploads\\\/2023\\\/01\\\/logo-along-avec-anna.png\",\"contentUrl\":\"https:\\\/\\\/www.alongavecanna.com\\\/wp-content\\\/uploads\\\/2023\\\/01\\\/logo-along-avec-anna.png\",\"width\":1728,\"height\":627,\"caption\":\"Along Avec Anna\"},\"image\":{\"@id\":\"https:\\\/\\\/www.alongavecanna.com\\\/fr\\\/#\\\/schema\\\/logo\\\/image\\\/\"},\"sameAs\":[\"https:\\\/\\\/facebook.com\\\/alongavecanna\",\"https:\\\/\\\/www.instagram.com\\\/along.avec.anna\\\/\"]}]}<\/script>\n<!-- \/ Yoast SEO plugin. -->","yoast_head_json":{"title":"Rosa (Cardigan) - Along Avec Anna","robots":{"index":"index","follow":"follow","max-snippet":"max-snippet:-1","max-image-preview":"max-image-preview:large","max-video-preview":"max-video-preview:-1"},"canonical":"https:\/\/www.alongavecanna.com\/fr\/produit\/rosa-cardigan\/","og_locale":"fr_FR","og_type":"article","og_title":"Rosa (Cardigan) - Along Avec Anna","og_description":"Rosa (Cardigan) est un gilet court qui poss\u00e8de une tr\u00e8s belle dentelle sur le raglan. Son encolure V l\u00e9g\u00e8rement creus\u00e9e lui donne un aspect tr\u00e8s f\u00e9minin. Il poss\u00e8de des c\u00f4tes 2x2 sur les poignets et le bas du corps et de nombreux petits boutons sur le devant. Il peut \u00eatre tricot\u00e9 de deux fa\u00e7ons : soit avec avec deux fils tricot\u00e9s ensemble (un fingering et un mohair) soit avec un seul fil DK pour le rendre plus l\u00e9ger pour la demi-saison. Accessible aux d\u00e9butants. Il se tricote du haut vers le bas : le dos, les manches et les devants sont tricot\u00e9s en aller-retour. Les manches sont mises en attente afin de tricoter le corps; les mailles des manches sont ensuite r\u00e9cup\u00e9r\u00e9es pour \u00eatre tricot\u00e9es chacune \u00e0 leur tour. Les mailles des devants et de l\u2019encolure sont relev\u00e9es pour r\u00e9aliser une bande d\u2019encolure avec patte de boutonnage. Ce patron est en format pdf.","og_url":"https:\/\/www.alongavecanna.com\/fr\/produit\/rosa-cardigan\/","og_site_name":"Along Avec Anna","article_publisher":"https:\/\/facebook.com\/alongavecanna","article_modified_time":"2023-10-19T19:52:50+00:00","og_image":[{"width":1024,"height":1536,"url":"https:\/\/www.alongavecanna.com\/wp-content\/uploads\/2019\/11\/AlongAvecAnna-33.jpg","type":"image\/jpeg"}],"twitter_card":"summary_large_image","twitter_misc":{"Dur\u00e9e de lecture estim\u00e9e":"1 minute"},"schema":{"@context":"https:\/\/schema.org","@graph":[{"@type":"WebPage","@id":"https:\/\/www.alongavecanna.com\/fr\/produit\/rosa-cardigan\/","url":"https:\/\/www.alongavecanna.com\/fr\/produit\/rosa-cardigan\/","name":"Rosa (Cardigan) - Along Avec Anna","isPartOf":{"@id":"https:\/\/www.alongavecanna.com\/fr\/#website"},"primaryImageOfPage":{"@id":"https:\/\/www.alongavecanna.com\/fr\/produit\/rosa-cardigan\/#primaryimage"},"image":{"@id":"https:\/\/www.alongavecanna.com\/fr\/produit\/rosa-cardigan\/#primaryimage"},"thumbnailUrl":"https:\/\/www.alongavecanna.com\/wp-content\/uploads\/2019\/11\/AlongAvecAnna-33.jpg","datePublished":"2019-11-11T14:26:48+00:00","dateModified":"2023-10-19T19:52:50+00:00","breadcrumb":{"@id":"https:\/\/www.alongavecanna.com\/fr\/produit\/rosa-cardigan\/#breadcrumb"},"inLanguage":"fr-FR","potentialAction":[{"@type":"ReadAction","target":["https:\/\/www.alongavecanna.com\/fr\/produit\/rosa-cardigan\/"]}]},{"@type":"ImageObject","inLanguage":"fr-FR","@id":"https:\/\/www.alongavecanna.com\/fr\/produit\/rosa-cardigan\/#primaryimage","url":"https:\/\/www.alongavecanna.com\/wp-content\/uploads\/2019\/11\/AlongAvecAnna-33.jpg","contentUrl":"https:\/\/www.alongavecanna.com\/wp-content\/uploads\/2019\/11\/AlongAvecAnna-33.jpg","width":1024,"height":1536},{"@type":"BreadcrumbList","@id":"https:\/\/www.alongavecanna.com\/fr\/produit\/rosa-cardigan\/#breadcrumb","itemListElement":[{"@type":"ListItem","position":1,"name":"Home","item":"https:\/\/www.alongavecanna.com\/fr\/"},{"@type":"ListItem","position":2,"name":"Produits","item":"https:\/\/www.alongavecanna.com\/fr\/shop\/"},{"@type":"ListItem","position":3,"name":"Rosa (Cardigan)"}]},{"@type":"WebSite","@id":"https:\/\/www.alongavecanna.com\/fr\/#website","url":"https:\/\/www.alongavecanna.com\/fr\/","name":"Along Avec Anna","description":"Ethical yarn &amp; timeless knitting patterns","publisher":{"@id":"https:\/\/www.alongavecanna.com\/fr\/#organization"},"potentialAction":[{"@type":"SearchAction","target":{"@type":"EntryPoint","urlTemplate":"https:\/\/www.alongavecanna.com\/fr\/?s={search_term_string}"},"query-input":{"@type":"PropertyValueSpecification","valueRequired":true,"valueName":"search_term_string"}}],"inLanguage":"fr-FR"},{"@type":"Organization","@id":"https:\/\/www.alongavecanna.com\/fr\/#organization","name":"Along Avec Anna","url":"https:\/\/www.alongavecanna.com\/fr\/","logo":{"@type":"ImageObject","inLanguage":"fr-FR","@id":"https:\/\/www.alongavecanna.com\/fr\/#\/schema\/logo\/image\/","url":"https:\/\/www.alongavecanna.com\/wp-content\/uploads\/2023\/01\/logo-along-avec-anna.png","contentUrl":"https:\/\/www.alongavecanna.com\/wp-content\/uploads\/2023\/01\/logo-along-avec-anna.png","width":1728,"height":627,"caption":"Along Avec Anna"},"image":{"@id":"https:\/\/www.alongavecanna.com\/fr\/#\/schema\/logo\/image\/"},"sameAs":["https:\/\/facebook.com\/alongavecanna","https:\/\/www.instagram.com\/along.avec.anna\/"]}]}},"_links":{"self":[{"href":"https:\/\/www.alongavecanna.com\/fr\/wp-json\/wp\/v2\/product\/52136","targetHints":{"allow":["GET"]}}],"collection":[{"href":"https:\/\/www.alongavecanna.com\/fr\/wp-json\/wp\/v2\/product"}],"about":[{"href":"https:\/\/www.alongavecanna.com\/fr\/wp-json\/wp\/v2\/types\/product"}],"replies":[{"embeddable":true,"href":"https:\/\/www.alongavecanna.com\/fr\/wp-json\/wp\/v2\/comments?post=52136"}],"version-history":[{"count":0,"href":"https:\/\/www.alongavecanna.com\/fr\/wp-json\/wp\/v2\/product\/52136\/revisions"}],"wp:featuredmedia":[{"embeddable":true,"href":"https:\/\/www.alongavecanna.com\/fr\/wp-json\/wp\/v2\/media\/60389"}],"wp:attachment":[{"href":"https:\/\/www.alongavecanna.com\/fr\/wp-json\/wp\/v2\/media?parent=52136"}],"wp:term":[{"taxonomy":"product_brand","embeddable":true,"href":"https:\/\/www.alongavecanna.com\/fr\/wp-json\/wp\/v2\/product_brand?post=52136"},{"taxonomy":"product_cat","embeddable":true,"href":"https:\/\/www.alongavecanna.com\/fr\/wp-json\/wp\/v2\/product_cat?post=52136"},{"taxonomy":"product_tag","embeddable":true,"href":"https:\/\/www.alongavecanna.com\/fr\/wp-json\/wp\/v2\/product_tag?post=52136"}],"curies":[{"name":"wp","href":"https:\/\/api.w.org\/{rel}","templated":true}]}}