{"id":52118,"date":"2019-11-11T14:06:19","date_gmt":"2019-11-11T14:06:19","guid":{"rendered":"https:\/\/preprod.alongavecanna.com\/product\/erell-lady\/"},"modified":"2023-11-24T23:49:57","modified_gmt":"2023-11-24T23:49:57","slug":"erell-lady","status":"publish","type":"product","link":"https:\/\/www.alongavecanna.com\/fr\/produit\/erell-lady\/","title":{"rendered":"Erell (Lady)"},"content":{"rendered":"<p style=\"text-align: justify;\"><strong>Tailles :<\/strong> mesures v\u00eatement fini : 95, 102, 109 (116, 123, 131, 138) 145, 155, 165, 175 cm<\/p>\n<p style=\"text-align: justify;\"><strong>Echantillon :<\/strong> 22 mailles x 32 rangs = 10 cm aen jersey en 4mm\/US 6 (ou une autre taille pour obtenir l&rsquo;\u00e9chantillon)<\/p>\n<p style=\"text-align: justify;\"><strong>Aisance recommand\u00e9e<\/strong>: entre 20 et 30 cm d&rsquo;aisance positive<\/p>\n<p style=\"text-align: justify;\"><strong>Fil<\/strong> &#8211; <strong>Deux fils tenus ensemble<\/strong> &#8211; un fil de Merino (4ply) et un fil de Silk Mohair.<\/p>\n<p>Merino (4ply) : 880, 935, 1090 (1130, 1235, 1355, 1480) 1600, 1790, 1940, 2060 m\u00e8tres combin\u00e9s avec<\/p>\n<p>Silk Mohair : 950, 1010, 1180 (1220, 1335, 1465, 1600) 1730, 1940, 2100, 2230 m\u00e8tres<\/p>\n<p>Donc 5, 5, 6 (6, 7, 7, 8) 8, 9, 10, 11 pelotes de Merino &#8211; Along avec Anna<br \/>\net 5, 5, 6 (6, 7, 7, 8) 9, 10, 10, 11 pelotes de Silk Mohair &#8211; Along avec Anna<\/p>\n<p><em>Version de pr\u00e9sentation<\/em> :<br \/>\nTricot\u00e9 en Merino &amp; Silk Mohair Pralines avec 30 cm d&rsquo;aisance positive.<\/p>\n<p style=\"text-align: justify;\"><strong>Aiguilles recommand\u00e9es<\/strong> (pour obtenir l&rsquo;\u00e9chantillon) : 4mm\/US 6 et 3.75cm\/US 5 pour les c\u00f4tes<\/p>\n<p style=\"text-align: justify;\"><strong>Mat\u00e9riel <\/strong>: marqueurs, morceaux de laine pour mettre les mailles en attente, une aiguille \u00e0 laine<\/p>\n","protected":false},"excerpt":{"rendered":"<p style=\"text-align: justify;\"><strong>Erell<\/strong> est un pull boxy qui poss\u00e8de un joli point fantaisie tr\u00e8s pr\u00e9sent dans le bas du corps et qui s\u2019estompe au niveau de la poitrine.<\/p>\n<p style=\"text-align: justify;\">Le corps est tricot\u00e9 <strong>du bas vers le haut<\/strong>: on commence par tricoter le bas du corps en rond, puis le devant et le dos sont tricot\u00e9s en aller-retour l\u2019un apr\u00e8s l\u2019autre. Les \u00e9paules sont jointes ensemble et les mailles de l\u2019encolure sont relev\u00e9es pour une finition en c\u00f4tes. Les mailles des manches sont ensuite relev\u00e9es pour les tricoter de l\u2019emmanchure jusqu\u2019au poignet.<\/p>\n<p style=\"text-align: justify;\">Ce patron est un <strong>pdf num\u00e9rique.<\/strong><\/p>\n","protected":false},"featured_media":61204,"comment_status":"closed","ping_status":"closed","template":"","meta":[],"product_brand":[],"product_cat":[387,380,376,370,377,381],"product_tag":[],"class_list":{"0":"post-52118","1":"product","2":"type-product","3":"status-publish","4":"has-post-thumbnail","6":"product_cat-duos","7":"product_cat-patrons-anglais","8":"product_cat-patrons-de-tricot","9":"product_cat-patrons-debutants","10":"product_cat-patrons-femme","11":"product_cat-patrons-francais","13":"first","14":"instock","15":"downloadable","16":"virtual","17":"taxable","18":"purchasable","19":"product-type-simple"},"yoast_head":"<!-- This site is optimized with the Yoast SEO plugin v27.4 - https:\/\/yoast.com\/product\/yoast-seo-wordpress\/ -->\n<title>Erell (Lady) - Along Avec Anna<\/title>\n<meta name=\"robots\" content=\"index, follow, max-snippet:-1, max-image-preview:large, max-video-preview:-1\" \/>\n<link rel=\"canonical\" href=\"https:\/\/www.alongavecanna.com\/fr\/produit\/erell-lady\/\" \/>\n<meta property=\"og:locale\" content=\"fr_FR\" \/>\n<meta property=\"og:type\" content=\"article\" \/>\n<meta property=\"og:title\" content=\"Erell (Lady) - Along Avec Anna\" \/>\n<meta property=\"og:description\" content=\"Erell est un pull boxy qui poss\u00e8de un joli point fantaisie tr\u00e8s pr\u00e9sent dans le bas du corps et qui s\u2019estompe au niveau de la poitrine. Le corps est tricot\u00e9 du bas vers le haut: on commence par tricoter le bas du corps en rond, puis le devant et le dos sont tricot\u00e9s en aller-retour l\u2019un apr\u00e8s l\u2019autre. Les \u00e9paules sont jointes ensemble et les mailles de l\u2019encolure sont relev\u00e9es pour une finition en c\u00f4tes. Les mailles des manches sont ensuite relev\u00e9es pour les tricoter de l\u2019emmanchure jusqu\u2019au poignet. Ce patron est un pdf num\u00e9rique.\" \/>\n<meta property=\"og:url\" content=\"https:\/\/www.alongavecanna.com\/fr\/produit\/erell-lady\/\" \/>\n<meta property=\"og:site_name\" content=\"Along Avec Anna\" \/>\n<meta property=\"article:publisher\" content=\"https:\/\/facebook.com\/alongavecanna\" \/>\n<meta property=\"article:modified_time\" content=\"2023-11-24T23:49:57+00:00\" \/>\n<meta property=\"og:image\" content=\"https:\/\/www.alongavecanna.com\/wp-content\/uploads\/2019\/11\/annapinkjumper-1-scaled-e1700136646360.jpg\" \/>\n\t<meta property=\"og:image:width\" content=\"1378\" \/>\n\t<meta property=\"og:image:height\" content=\"2222\" \/>\n\t<meta property=\"og:image:type\" content=\"image\/jpeg\" \/>\n<meta name=\"twitter:card\" content=\"summary_large_image\" \/>\n<meta name=\"twitter:label1\" content=\"Dur\u00e9e de lecture estim\u00e9e\" \/>\n\t<meta name=\"twitter:data1\" content=\"1 minute\" \/>\n<script type=\"application\/ld+json\" class=\"yoast-schema-graph\">{\"@context\":\"https:\\\/\\\/schema.org\",\"@graph\":[{\"@type\":\"WebPage\",\"@id\":\"https:\\\/\\\/www.alongavecanna.com\\\/fr\\\/produit\\\/erell-lady\\\/\",\"url\":\"https:\\\/\\\/www.alongavecanna.com\\\/fr\\\/produit\\\/erell-lady\\\/\",\"name\":\"Erell (Lady) - Along Avec Anna\",\"isPartOf\":{\"@id\":\"https:\\\/\\\/www.alongavecanna.com\\\/fr\\\/#website\"},\"primaryImageOfPage\":{\"@id\":\"https:\\\/\\\/www.alongavecanna.com\\\/fr\\\/produit\\\/erell-lady\\\/#primaryimage\"},\"image\":{\"@id\":\"https:\\\/\\\/www.alongavecanna.com\\\/fr\\\/produit\\\/erell-lady\\\/#primaryimage\"},\"thumbnailUrl\":\"https:\\\/\\\/www.alongavecanna.com\\\/wp-content\\\/uploads\\\/2019\\\/11\\\/annapinkjumper-1-scaled-e1700136646360.jpg\",\"datePublished\":\"2019-11-11T14:06:19+00:00\",\"dateModified\":\"2023-11-24T23:49:57+00:00\",\"breadcrumb\":{\"@id\":\"https:\\\/\\\/www.alongavecanna.com\\\/fr\\\/produit\\\/erell-lady\\\/#breadcrumb\"},\"inLanguage\":\"fr-FR\",\"potentialAction\":[{\"@type\":\"ReadAction\",\"target\":[\"https:\\\/\\\/www.alongavecanna.com\\\/fr\\\/produit\\\/erell-lady\\\/\"]}]},{\"@type\":\"ImageObject\",\"inLanguage\":\"fr-FR\",\"@id\":\"https:\\\/\\\/www.alongavecanna.com\\\/fr\\\/produit\\\/erell-lady\\\/#primaryimage\",\"url\":\"https:\\\/\\\/www.alongavecanna.com\\\/wp-content\\\/uploads\\\/2019\\\/11\\\/annapinkjumper-1-scaled-e1700136646360.jpg\",\"contentUrl\":\"https:\\\/\\\/www.alongavecanna.com\\\/wp-content\\\/uploads\\\/2019\\\/11\\\/annapinkjumper-1-scaled-e1700136646360.jpg\",\"width\":1378,\"height\":2222},{\"@type\":\"BreadcrumbList\",\"@id\":\"https:\\\/\\\/www.alongavecanna.com\\\/fr\\\/produit\\\/erell-lady\\\/#breadcrumb\",\"itemListElement\":[{\"@type\":\"ListItem\",\"position\":1,\"name\":\"Home\",\"item\":\"https:\\\/\\\/www.alongavecanna.com\\\/fr\\\/\"},{\"@type\":\"ListItem\",\"position\":2,\"name\":\"Produits\",\"item\":\"https:\\\/\\\/www.alongavecanna.com\\\/fr\\\/shop\\\/\"},{\"@type\":\"ListItem\",\"position\":3,\"name\":\"Erell (Lady)\"}]},{\"@type\":\"WebSite\",\"@id\":\"https:\\\/\\\/www.alongavecanna.com\\\/fr\\\/#website\",\"url\":\"https:\\\/\\\/www.alongavecanna.com\\\/fr\\\/\",\"name\":\"Along Avec Anna\",\"description\":\"Ethical yarn &amp; timeless knitting patterns\",\"publisher\":{\"@id\":\"https:\\\/\\\/www.alongavecanna.com\\\/fr\\\/#organization\"},\"potentialAction\":[{\"@type\":\"SearchAction\",\"target\":{\"@type\":\"EntryPoint\",\"urlTemplate\":\"https:\\\/\\\/www.alongavecanna.com\\\/fr\\\/?s={search_term_string}\"},\"query-input\":{\"@type\":\"PropertyValueSpecification\",\"valueRequired\":true,\"valueName\":\"search_term_string\"}}],\"inLanguage\":\"fr-FR\"},{\"@type\":\"Organization\",\"@id\":\"https:\\\/\\\/www.alongavecanna.com\\\/fr\\\/#organization\",\"name\":\"Along Avec Anna\",\"url\":\"https:\\\/\\\/www.alongavecanna.com\\\/fr\\\/\",\"logo\":{\"@type\":\"ImageObject\",\"inLanguage\":\"fr-FR\",\"@id\":\"https:\\\/\\\/www.alongavecanna.com\\\/fr\\\/#\\\/schema\\\/logo\\\/image\\\/\",\"url\":\"https:\\\/\\\/www.alongavecanna.com\\\/wp-content\\\/uploads\\\/2023\\\/01\\\/logo-along-avec-anna.png\",\"contentUrl\":\"https:\\\/\\\/www.alongavecanna.com\\\/wp-content\\\/uploads\\\/2023\\\/01\\\/logo-along-avec-anna.png\",\"width\":1728,\"height\":627,\"caption\":\"Along Avec Anna\"},\"image\":{\"@id\":\"https:\\\/\\\/www.alongavecanna.com\\\/fr\\\/#\\\/schema\\\/logo\\\/image\\\/\"},\"sameAs\":[\"https:\\\/\\\/facebook.com\\\/alongavecanna\",\"https:\\\/\\\/www.instagram.com\\\/along.avec.anna\\\/\"]}]}<\/script>\n<!-- \/ Yoast SEO plugin. -->","yoast_head_json":{"title":"Erell (Lady) - Along Avec Anna","robots":{"index":"index","follow":"follow","max-snippet":"max-snippet:-1","max-image-preview":"max-image-preview:large","max-video-preview":"max-video-preview:-1"},"canonical":"https:\/\/www.alongavecanna.com\/fr\/produit\/erell-lady\/","og_locale":"fr_FR","og_type":"article","og_title":"Erell (Lady) - Along Avec Anna","og_description":"Erell est un pull boxy qui poss\u00e8de un joli point fantaisie tr\u00e8s pr\u00e9sent dans le bas du corps et qui s\u2019estompe au niveau de la poitrine. Le corps est tricot\u00e9 du bas vers le haut: on commence par tricoter le bas du corps en rond, puis le devant et le dos sont tricot\u00e9s en aller-retour l\u2019un apr\u00e8s l\u2019autre. Les \u00e9paules sont jointes ensemble et les mailles de l\u2019encolure sont relev\u00e9es pour une finition en c\u00f4tes. Les mailles des manches sont ensuite relev\u00e9es pour les tricoter de l\u2019emmanchure jusqu\u2019au poignet. Ce patron est un pdf num\u00e9rique.","og_url":"https:\/\/www.alongavecanna.com\/fr\/produit\/erell-lady\/","og_site_name":"Along Avec Anna","article_publisher":"https:\/\/facebook.com\/alongavecanna","article_modified_time":"2023-11-24T23:49:57+00:00","og_image":[{"width":1378,"height":2222,"url":"https:\/\/www.alongavecanna.com\/wp-content\/uploads\/2019\/11\/annapinkjumper-1-scaled-e1700136646360.jpg","type":"image\/jpeg"}],"twitter_card":"summary_large_image","twitter_misc":{"Dur\u00e9e de lecture estim\u00e9e":"1 minute"},"schema":{"@context":"https:\/\/schema.org","@graph":[{"@type":"WebPage","@id":"https:\/\/www.alongavecanna.com\/fr\/produit\/erell-lady\/","url":"https:\/\/www.alongavecanna.com\/fr\/produit\/erell-lady\/","name":"Erell (Lady) - Along Avec Anna","isPartOf":{"@id":"https:\/\/www.alongavecanna.com\/fr\/#website"},"primaryImageOfPage":{"@id":"https:\/\/www.alongavecanna.com\/fr\/produit\/erell-lady\/#primaryimage"},"image":{"@id":"https:\/\/www.alongavecanna.com\/fr\/produit\/erell-lady\/#primaryimage"},"thumbnailUrl":"https:\/\/www.alongavecanna.com\/wp-content\/uploads\/2019\/11\/annapinkjumper-1-scaled-e1700136646360.jpg","datePublished":"2019-11-11T14:06:19+00:00","dateModified":"2023-11-24T23:49:57+00:00","breadcrumb":{"@id":"https:\/\/www.alongavecanna.com\/fr\/produit\/erell-lady\/#breadcrumb"},"inLanguage":"fr-FR","potentialAction":[{"@type":"ReadAction","target":["https:\/\/www.alongavecanna.com\/fr\/produit\/erell-lady\/"]}]},{"@type":"ImageObject","inLanguage":"fr-FR","@id":"https:\/\/www.alongavecanna.com\/fr\/produit\/erell-lady\/#primaryimage","url":"https:\/\/www.alongavecanna.com\/wp-content\/uploads\/2019\/11\/annapinkjumper-1-scaled-e1700136646360.jpg","contentUrl":"https:\/\/www.alongavecanna.com\/wp-content\/uploads\/2019\/11\/annapinkjumper-1-scaled-e1700136646360.jpg","width":1378,"height":2222},{"@type":"BreadcrumbList","@id":"https:\/\/www.alongavecanna.com\/fr\/produit\/erell-lady\/#breadcrumb","itemListElement":[{"@type":"ListItem","position":1,"name":"Home","item":"https:\/\/www.alongavecanna.com\/fr\/"},{"@type":"ListItem","position":2,"name":"Produits","item":"https:\/\/www.alongavecanna.com\/fr\/shop\/"},{"@type":"ListItem","position":3,"name":"Erell (Lady)"}]},{"@type":"WebSite","@id":"https:\/\/www.alongavecanna.com\/fr\/#website","url":"https:\/\/www.alongavecanna.com\/fr\/","name":"Along Avec Anna","description":"Ethical yarn &amp; timeless knitting patterns","publisher":{"@id":"https:\/\/www.alongavecanna.com\/fr\/#organization"},"potentialAction":[{"@type":"SearchAction","target":{"@type":"EntryPoint","urlTemplate":"https:\/\/www.alongavecanna.com\/fr\/?s={search_term_string}"},"query-input":{"@type":"PropertyValueSpecification","valueRequired":true,"valueName":"search_term_string"}}],"inLanguage":"fr-FR"},{"@type":"Organization","@id":"https:\/\/www.alongavecanna.com\/fr\/#organization","name":"Along Avec Anna","url":"https:\/\/www.alongavecanna.com\/fr\/","logo":{"@type":"ImageObject","inLanguage":"fr-FR","@id":"https:\/\/www.alongavecanna.com\/fr\/#\/schema\/logo\/image\/","url":"https:\/\/www.alongavecanna.com\/wp-content\/uploads\/2023\/01\/logo-along-avec-anna.png","contentUrl":"https:\/\/www.alongavecanna.com\/wp-content\/uploads\/2023\/01\/logo-along-avec-anna.png","width":1728,"height":627,"caption":"Along Avec Anna"},"image":{"@id":"https:\/\/www.alongavecanna.com\/fr\/#\/schema\/logo\/image\/"},"sameAs":["https:\/\/facebook.com\/alongavecanna","https:\/\/www.instagram.com\/along.avec.anna\/"]}]}},"_links":{"self":[{"href":"https:\/\/www.alongavecanna.com\/fr\/wp-json\/wp\/v2\/product\/52118","targetHints":{"allow":["GET"]}}],"collection":[{"href":"https:\/\/www.alongavecanna.com\/fr\/wp-json\/wp\/v2\/product"}],"about":[{"href":"https:\/\/www.alongavecanna.com\/fr\/wp-json\/wp\/v2\/types\/product"}],"replies":[{"embeddable":true,"href":"https:\/\/www.alongavecanna.com\/fr\/wp-json\/wp\/v2\/comments?post=52118"}],"version-history":[{"count":0,"href":"https:\/\/www.alongavecanna.com\/fr\/wp-json\/wp\/v2\/product\/52118\/revisions"}],"wp:featuredmedia":[{"embeddable":true,"href":"https:\/\/www.alongavecanna.com\/fr\/wp-json\/wp\/v2\/media\/61204"}],"wp:attachment":[{"href":"https:\/\/www.alongavecanna.com\/fr\/wp-json\/wp\/v2\/media?parent=52118"}],"wp:term":[{"taxonomy":"product_brand","embeddable":true,"href":"https:\/\/www.alongavecanna.com\/fr\/wp-json\/wp\/v2\/product_brand?post=52118"},{"taxonomy":"product_cat","embeddable":true,"href":"https:\/\/www.alongavecanna.com\/fr\/wp-json\/wp\/v2\/product_cat?post=52118"},{"taxonomy":"product_tag","embeddable":true,"href":"https:\/\/www.alongavecanna.com\/fr\/wp-json\/wp\/v2\/product_tag?post=52118"}],"curies":[{"name":"wp","href":"https:\/\/api.w.org\/{rel}","templated":true}]}}