{"id":52089,"date":"2019-11-11T12:55:01","date_gmt":"2019-11-11T12:55:01","guid":{"rendered":"https:\/\/preprod.alongavecanna.com\/product\/erell-little\/"},"modified":"2023-02-10T21:36:09","modified_gmt":"2023-02-10T21:36:09","slug":"erell-little","status":"publish","type":"product","link":"https:\/\/www.alongavecanna.com\/fr\/produit\/erell-little\/","title":{"rendered":"Erell (Little)"},"content":{"rendered":"<p style=\"text-align: justify;\"><strong>Tailles <\/strong>: 2, 4 (6, 8) 10, 12 ans<\/p>\n<p style=\"text-align: justify;\"><strong>Echantillon <\/strong>: 22 m x 32 rgs = 10 cm en jersey en aiguilles 3.75mm\/US 5 (ou autre taille d\u00e9pendant de votre \u00e9chantillon).<\/p>\n<p style=\"text-align: justify;\"><strong>Laine DK <\/strong> : environ 450, 550 (620, 680) 750, 800 m\u00e8tres <span style=\"font-family: -apple-system, BlinkMacSystemFont, 'Segoe UI', Roboto, Oxygen-Sans, Ubuntu, Cantarell, 'Helvetica Neue', sans-serif;\">soit 5, 5 (6, 6) [8, 9] pelotes de Double Merino &#8211; Along avec Anna<\/span><\/p>\n<p style=\"text-align: justify;\"><em>Version de pr\u00e9sentation<\/em> : taille 2 ans.<\/p>\n<p style=\"text-align: justify;\"><strong>Aiguilles recommand\u00e9es <\/strong>: 3.75mm\/US 5 pour le corps et les manches &amp; 3.5mm\/US 4 pour les c\u00f4tes<\/p>\n<p style=\"text-align: justify;\"><strong>Mat\u00e9riel<\/strong>: anneaux marqueurs &#8211; morceaux de laine pour mettre les mailles en attente &#8211; aiguille \u00e0 laine pour rentrer les fils<\/p>\n","protected":false},"excerpt":{"rendered":"<p style=\"text-align: justify;\"><strong>Erell (Little)<\/strong> est un pull boxy qui poss\u00e8de un joli point fantaisie tr\u00e8s pr\u00e9sent dans le bas du corps et qui s\u2019estompe au niveau de la poitrine.<\/p>\n<p style=\"text-align: justify;\">Le corps est tricot\u00e9 du bas vers le haut: on commence par tricoter le bas du corps en rond, puis le devant et le dos sont tricot\u00e9s en aller-retour l\u2019un apr\u00e8s l\u2019autre. Les \u00e9paules sont jointes ensemble et les mailles de l\u2019encolure sont relev\u00e9es pour une finition en c\u00f4tes. Les mailles des manches sont ensuite relev\u00e9es pour les tricoter de l\u2019emmanchure jusqu\u2019au poignet.<\/p>\n<p style=\"text-align: justify;\">D&rsquo;autres patrons de la collection <strong>Erell <\/strong> sont disponibles : un pull adulte, un ch\u00e2le, un bonnet et une paire de chaussettes.<\/p>\n<p style=\"text-align: justify;\">Ce patron est un <strong>pdf num\u00e9rique.<\/strong><\/p>\n","protected":false},"featured_media":50575,"comment_status":"closed","ping_status":"closed","template":"","meta":[],"product_brand":[],"product_cat":[387,380,376,370,381,389],"product_tag":[],"class_list":{"0":"post-52089","1":"product","2":"type-product","3":"status-publish","4":"has-post-thumbnail","6":"product_cat-duos","7":"product_cat-patrons-anglais","8":"product_cat-patrons-de-tricot","9":"product_cat-patrons-debutants","10":"product_cat-patrons-francais","11":"product_cat-patrons-suedois","13":"first","14":"instock","15":"downloadable","16":"virtual","17":"taxable","18":"purchasable","19":"product-type-simple"},"yoast_head":"<!-- This site is optimized with the Yoast SEO plugin v27.4 - https:\/\/yoast.com\/product\/yoast-seo-wordpress\/ -->\n<title>Erell (Little) - Along Avec Anna<\/title>\n<meta name=\"robots\" content=\"index, follow, max-snippet:-1, max-image-preview:large, max-video-preview:-1\" \/>\n<link rel=\"canonical\" href=\"https:\/\/www.alongavecanna.com\/fr\/produit\/erell-little\/\" \/>\n<meta property=\"og:locale\" content=\"fr_FR\" \/>\n<meta property=\"og:type\" content=\"article\" \/>\n<meta property=\"og:title\" content=\"Erell (Little) - Along Avec Anna\" \/>\n<meta property=\"og:description\" content=\"Erell (Little) est un pull boxy qui poss\u00e8de un joli point fantaisie tr\u00e8s pr\u00e9sent dans le bas du corps et qui s\u2019estompe au niveau de la poitrine.            Le corps est tricot\u00e9 du bas vers le haut: on commence par tricoter le bas du corps en rond, puis le devant et le dos sont tricot\u00e9s en aller-retour l\u2019un apr\u00e8s l\u2019autre. Les \u00e9paules sont jointes ensemble et les mailles de l\u2019encolure sont relev\u00e9es pour une finition en c\u00f4tes. Les mailles des manches sont ensuite relev\u00e9es pour les tricoter de l\u2019emmanchure jusqu\u2019au poignet.            D&#039;autres patrons de la collection Erell sont disponibles : un pull adulte, un ch\u00e2le, un bonnet et une paire de chaussettes.            Ce patron est un pdf num\u00e9rique.\" \/>\n<meta property=\"og:url\" content=\"https:\/\/www.alongavecanna.com\/fr\/produit\/erell-little\/\" \/>\n<meta property=\"og:site_name\" content=\"Along Avec Anna\" \/>\n<meta property=\"article:publisher\" content=\"https:\/\/facebook.com\/alongavecanna\" \/>\n<meta property=\"article:modified_time\" content=\"2023-02-10T21:36:09+00:00\" \/>\n<meta property=\"og:image\" content=\"https:\/\/www.alongavecanna.com\/wp-content\/uploads\/2022\/12\/IMG_0985-scaled-1.jpg\" \/>\n\t<meta property=\"og:image:width\" content=\"1707\" \/>\n\t<meta property=\"og:image:height\" content=\"2560\" \/>\n\t<meta property=\"og:image:type\" content=\"image\/jpeg\" \/>\n<meta name=\"twitter:card\" content=\"summary_large_image\" \/>\n<script type=\"application\/ld+json\" class=\"yoast-schema-graph\">{\"@context\":\"https:\\\/\\\/schema.org\",\"@graph\":[{\"@type\":\"WebPage\",\"@id\":\"https:\\\/\\\/www.alongavecanna.com\\\/fr\\\/produit\\\/erell-little\\\/\",\"url\":\"https:\\\/\\\/www.alongavecanna.com\\\/fr\\\/produit\\\/erell-little\\\/\",\"name\":\"Erell (Little) - Along Avec Anna\",\"isPartOf\":{\"@id\":\"https:\\\/\\\/www.alongavecanna.com\\\/fr\\\/#website\"},\"primaryImageOfPage\":{\"@id\":\"https:\\\/\\\/www.alongavecanna.com\\\/fr\\\/produit\\\/erell-little\\\/#primaryimage\"},\"image\":{\"@id\":\"https:\\\/\\\/www.alongavecanna.com\\\/fr\\\/produit\\\/erell-little\\\/#primaryimage\"},\"thumbnailUrl\":\"https:\\\/\\\/www.alongavecanna.com\\\/wp-content\\\/uploads\\\/2022\\\/12\\\/IMG_0985-scaled-1.jpg\",\"datePublished\":\"2019-11-11T12:55:01+00:00\",\"dateModified\":\"2023-02-10T21:36:09+00:00\",\"breadcrumb\":{\"@id\":\"https:\\\/\\\/www.alongavecanna.com\\\/fr\\\/produit\\\/erell-little\\\/#breadcrumb\"},\"inLanguage\":\"fr-FR\",\"potentialAction\":[{\"@type\":\"ReadAction\",\"target\":[\"https:\\\/\\\/www.alongavecanna.com\\\/fr\\\/produit\\\/erell-little\\\/\"]}]},{\"@type\":\"ImageObject\",\"inLanguage\":\"fr-FR\",\"@id\":\"https:\\\/\\\/www.alongavecanna.com\\\/fr\\\/produit\\\/erell-little\\\/#primaryimage\",\"url\":\"https:\\\/\\\/www.alongavecanna.com\\\/wp-content\\\/uploads\\\/2022\\\/12\\\/IMG_0985-scaled-1.jpg\",\"contentUrl\":\"https:\\\/\\\/www.alongavecanna.com\\\/wp-content\\\/uploads\\\/2022\\\/12\\\/IMG_0985-scaled-1.jpg\",\"width\":1707,\"height\":2560},{\"@type\":\"BreadcrumbList\",\"@id\":\"https:\\\/\\\/www.alongavecanna.com\\\/fr\\\/produit\\\/erell-little\\\/#breadcrumb\",\"itemListElement\":[{\"@type\":\"ListItem\",\"position\":1,\"name\":\"Home\",\"item\":\"https:\\\/\\\/www.alongavecanna.com\\\/fr\\\/\"},{\"@type\":\"ListItem\",\"position\":2,\"name\":\"Produits\",\"item\":\"https:\\\/\\\/www.alongavecanna.com\\\/fr\\\/shop\\\/\"},{\"@type\":\"ListItem\",\"position\":3,\"name\":\"Erell (Little)\"}]},{\"@type\":\"WebSite\",\"@id\":\"https:\\\/\\\/www.alongavecanna.com\\\/fr\\\/#website\",\"url\":\"https:\\\/\\\/www.alongavecanna.com\\\/fr\\\/\",\"name\":\"Along Avec Anna\",\"description\":\"Ethical yarn &amp; timeless knitting patterns\",\"publisher\":{\"@id\":\"https:\\\/\\\/www.alongavecanna.com\\\/fr\\\/#organization\"},\"potentialAction\":[{\"@type\":\"SearchAction\",\"target\":{\"@type\":\"EntryPoint\",\"urlTemplate\":\"https:\\\/\\\/www.alongavecanna.com\\\/fr\\\/?s={search_term_string}\"},\"query-input\":{\"@type\":\"PropertyValueSpecification\",\"valueRequired\":true,\"valueName\":\"search_term_string\"}}],\"inLanguage\":\"fr-FR\"},{\"@type\":\"Organization\",\"@id\":\"https:\\\/\\\/www.alongavecanna.com\\\/fr\\\/#organization\",\"name\":\"Along Avec Anna\",\"url\":\"https:\\\/\\\/www.alongavecanna.com\\\/fr\\\/\",\"logo\":{\"@type\":\"ImageObject\",\"inLanguage\":\"fr-FR\",\"@id\":\"https:\\\/\\\/www.alongavecanna.com\\\/fr\\\/#\\\/schema\\\/logo\\\/image\\\/\",\"url\":\"https:\\\/\\\/www.alongavecanna.com\\\/wp-content\\\/uploads\\\/2023\\\/01\\\/logo-along-avec-anna.png\",\"contentUrl\":\"https:\\\/\\\/www.alongavecanna.com\\\/wp-content\\\/uploads\\\/2023\\\/01\\\/logo-along-avec-anna.png\",\"width\":1728,\"height\":627,\"caption\":\"Along Avec Anna\"},\"image\":{\"@id\":\"https:\\\/\\\/www.alongavecanna.com\\\/fr\\\/#\\\/schema\\\/logo\\\/image\\\/\"},\"sameAs\":[\"https:\\\/\\\/facebook.com\\\/alongavecanna\",\"https:\\\/\\\/www.instagram.com\\\/along.avec.anna\\\/\"]}]}<\/script>\n<!-- \/ Yoast SEO plugin. -->","yoast_head_json":{"title":"Erell (Little) - Along Avec Anna","robots":{"index":"index","follow":"follow","max-snippet":"max-snippet:-1","max-image-preview":"max-image-preview:large","max-video-preview":"max-video-preview:-1"},"canonical":"https:\/\/www.alongavecanna.com\/fr\/produit\/erell-little\/","og_locale":"fr_FR","og_type":"article","og_title":"Erell (Little) - Along Avec Anna","og_description":"Erell (Little) est un pull boxy qui poss\u00e8de un joli point fantaisie tr\u00e8s pr\u00e9sent dans le bas du corps et qui s\u2019estompe au niveau de la poitrine.            Le corps est tricot\u00e9 du bas vers le haut: on commence par tricoter le bas du corps en rond, puis le devant et le dos sont tricot\u00e9s en aller-retour l\u2019un apr\u00e8s l\u2019autre. Les \u00e9paules sont jointes ensemble et les mailles de l\u2019encolure sont relev\u00e9es pour une finition en c\u00f4tes. Les mailles des manches sont ensuite relev\u00e9es pour les tricoter de l\u2019emmanchure jusqu\u2019au poignet.            D'autres patrons de la collection Erell sont disponibles : un pull adulte, un ch\u00e2le, un bonnet et une paire de chaussettes.            Ce patron est un pdf num\u00e9rique.","og_url":"https:\/\/www.alongavecanna.com\/fr\/produit\/erell-little\/","og_site_name":"Along Avec Anna","article_publisher":"https:\/\/facebook.com\/alongavecanna","article_modified_time":"2023-02-10T21:36:09+00:00","og_image":[{"width":1707,"height":2560,"url":"https:\/\/www.alongavecanna.com\/wp-content\/uploads\/2022\/12\/IMG_0985-scaled-1.jpg","type":"image\/jpeg"}],"twitter_card":"summary_large_image","schema":{"@context":"https:\/\/schema.org","@graph":[{"@type":"WebPage","@id":"https:\/\/www.alongavecanna.com\/fr\/produit\/erell-little\/","url":"https:\/\/www.alongavecanna.com\/fr\/produit\/erell-little\/","name":"Erell (Little) - Along Avec Anna","isPartOf":{"@id":"https:\/\/www.alongavecanna.com\/fr\/#website"},"primaryImageOfPage":{"@id":"https:\/\/www.alongavecanna.com\/fr\/produit\/erell-little\/#primaryimage"},"image":{"@id":"https:\/\/www.alongavecanna.com\/fr\/produit\/erell-little\/#primaryimage"},"thumbnailUrl":"https:\/\/www.alongavecanna.com\/wp-content\/uploads\/2022\/12\/IMG_0985-scaled-1.jpg","datePublished":"2019-11-11T12:55:01+00:00","dateModified":"2023-02-10T21:36:09+00:00","breadcrumb":{"@id":"https:\/\/www.alongavecanna.com\/fr\/produit\/erell-little\/#breadcrumb"},"inLanguage":"fr-FR","potentialAction":[{"@type":"ReadAction","target":["https:\/\/www.alongavecanna.com\/fr\/produit\/erell-little\/"]}]},{"@type":"ImageObject","inLanguage":"fr-FR","@id":"https:\/\/www.alongavecanna.com\/fr\/produit\/erell-little\/#primaryimage","url":"https:\/\/www.alongavecanna.com\/wp-content\/uploads\/2022\/12\/IMG_0985-scaled-1.jpg","contentUrl":"https:\/\/www.alongavecanna.com\/wp-content\/uploads\/2022\/12\/IMG_0985-scaled-1.jpg","width":1707,"height":2560},{"@type":"BreadcrumbList","@id":"https:\/\/www.alongavecanna.com\/fr\/produit\/erell-little\/#breadcrumb","itemListElement":[{"@type":"ListItem","position":1,"name":"Home","item":"https:\/\/www.alongavecanna.com\/fr\/"},{"@type":"ListItem","position":2,"name":"Produits","item":"https:\/\/www.alongavecanna.com\/fr\/shop\/"},{"@type":"ListItem","position":3,"name":"Erell (Little)"}]},{"@type":"WebSite","@id":"https:\/\/www.alongavecanna.com\/fr\/#website","url":"https:\/\/www.alongavecanna.com\/fr\/","name":"Along Avec Anna","description":"Ethical yarn &amp; timeless knitting patterns","publisher":{"@id":"https:\/\/www.alongavecanna.com\/fr\/#organization"},"potentialAction":[{"@type":"SearchAction","target":{"@type":"EntryPoint","urlTemplate":"https:\/\/www.alongavecanna.com\/fr\/?s={search_term_string}"},"query-input":{"@type":"PropertyValueSpecification","valueRequired":true,"valueName":"search_term_string"}}],"inLanguage":"fr-FR"},{"@type":"Organization","@id":"https:\/\/www.alongavecanna.com\/fr\/#organization","name":"Along Avec Anna","url":"https:\/\/www.alongavecanna.com\/fr\/","logo":{"@type":"ImageObject","inLanguage":"fr-FR","@id":"https:\/\/www.alongavecanna.com\/fr\/#\/schema\/logo\/image\/","url":"https:\/\/www.alongavecanna.com\/wp-content\/uploads\/2023\/01\/logo-along-avec-anna.png","contentUrl":"https:\/\/www.alongavecanna.com\/wp-content\/uploads\/2023\/01\/logo-along-avec-anna.png","width":1728,"height":627,"caption":"Along Avec Anna"},"image":{"@id":"https:\/\/www.alongavecanna.com\/fr\/#\/schema\/logo\/image\/"},"sameAs":["https:\/\/facebook.com\/alongavecanna","https:\/\/www.instagram.com\/along.avec.anna\/"]}]}},"_links":{"self":[{"href":"https:\/\/www.alongavecanna.com\/fr\/wp-json\/wp\/v2\/product\/52089","targetHints":{"allow":["GET"]}}],"collection":[{"href":"https:\/\/www.alongavecanna.com\/fr\/wp-json\/wp\/v2\/product"}],"about":[{"href":"https:\/\/www.alongavecanna.com\/fr\/wp-json\/wp\/v2\/types\/product"}],"replies":[{"embeddable":true,"href":"https:\/\/www.alongavecanna.com\/fr\/wp-json\/wp\/v2\/comments?post=52089"}],"version-history":[{"count":0,"href":"https:\/\/www.alongavecanna.com\/fr\/wp-json\/wp\/v2\/product\/52089\/revisions"}],"wp:featuredmedia":[{"embeddable":true,"href":"https:\/\/www.alongavecanna.com\/fr\/wp-json\/wp\/v2\/media\/50575"}],"wp:attachment":[{"href":"https:\/\/www.alongavecanna.com\/fr\/wp-json\/wp\/v2\/media?parent=52089"}],"wp:term":[{"taxonomy":"product_brand","embeddable":true,"href":"https:\/\/www.alongavecanna.com\/fr\/wp-json\/wp\/v2\/product_brand?post=52089"},{"taxonomy":"product_cat","embeddable":true,"href":"https:\/\/www.alongavecanna.com\/fr\/wp-json\/wp\/v2\/product_cat?post=52089"},{"taxonomy":"product_tag","embeddable":true,"href":"https:\/\/www.alongavecanna.com\/fr\/wp-json\/wp\/v2\/product_tag?post=52089"}],"curies":[{"name":"wp","href":"https:\/\/api.w.org\/{rel}","templated":true}]}}