{"id":52021,"date":"2019-12-22T21:04:17","date_gmt":"2019-12-22T21:04:17","guid":{"rendered":"https:\/\/preprod.alongavecanna.com\/product\/trescao-jumper\/"},"modified":"2024-11-07T21:49:01","modified_gmt":"2024-11-07T21:49:01","slug":"trescao-jumper","status":"publish","type":"product","link":"https:\/\/www.alongavecanna.com\/fr\/produit\/trescao-jumper\/","title":{"rendered":"Trescao (Jumper)"},"content":{"rendered":"<p style=\"text-align: justify;\"><strong>Tailles <\/strong>: (mensurations tour de poitrine v\u00eatement fini) : 80, 85, 90 (95, 100, 105, 110, 115) 120, 125, 130, 135, 140 145, 150, 155, 160, 165 cm<\/p>\n<p style=\"text-align: justify;\"><strong>Aisance recommand\u00e9e <\/strong>: entre 3 et 10 cm d\u2019aisance positive selon vos go\u00fbts<\/p>\n<p style=\"text-align: justify;\"><strong>\u00c9chantillon <\/strong>: 21 m x 31 rgs = 10 cm en jersey en rond en aiguilles 4mm\/US 6 (ou autre taille d\u00e9pendant de votre \u00e9chantillon)<\/p>\n<p style=\"text-align: justify;\"><strong>Laine(s) :<\/strong><\/p>\n<ul style=\"text-align: justify;\">\n<li>1 fil de Double Merino (DK) &#8211; environ 600, 670, 715 (760, 805, 850, 905, 960) 1005, 1070, 1130, 1180, 1240 1295, 1360, 1410, 1465, 1515 m\u00e8tres<\/li>\n<\/ul>\n<p style=\"text-align: justify;\">Soit 6, 7, 7 (7, 8, 8, 9, 9) 10, 10, 11, 11, 12 12, 13, 13, 14, 14 balles de Double Merino &#8211; Along avec Anna<\/p>\n<ul style=\"text-align: justify;\">\n<li>OU 2 fils de Merino + Silk-Mohair : environ la m\u00eame quantit\u00e9 de chaque fil pour un mix fingering et mohair.<\/li>\n<\/ul>\n<p style=\"text-align: justify;\">soit 3, 4, 4 (4, 4, 5, 5, 5)5, 6, 6, 6,7 7, 7, 8, 8, 8 balls of Merino &#8211; Along avec Anna et 3, 4, 4 (4, 4, 5, 5, 5) 5, 6, 6, 6, 7 7, 7, 8, 8, 8 balles de Silk Mohair &#8211; Along avec Anna<\/p>\n<p style=\"text-align: justify;\"><em>Version de pr\u00e9sentation <\/em>:<br \/>\nAlong Avec Anna Merino Fingering Silk Mohair<br \/>\nColoris Celadon, en taille 110cm avec 10cm d&rsquo;aisance positive.<br \/>\nColoris Emeraude, en taille 90cm avec 10cm d&rsquo;aisance positive.<\/p>\n<p style=\"text-align: justify;\"><strong>Aiguilles pr\u00e9conis\u00e9es<\/strong> (si votre \u00e9chantillon correspond bien) : 4mm\/US 6 pour le corps et les manches<br \/>\n3.75mm\/US 5 pour les finitions en point mousse<\/p>\n<p style=\"text-align: justify;\"><strong>Mat\u00e9riel <\/strong>: 3 marqueurs, orceaux de laine pour mettre les mailles en attente, aiguille \u00e0 laine pour rentrer les fils<\/p>\n","protected":false},"excerpt":{"rendered":"<p style=\"text-align: justify;\"><strong>Trescao (Pull)<\/strong> est un pull \u00e0 manches raglan assez court (crop), dont le dos est l\u00e9g\u00e8rement plus long que le devant. Il est pens\u00e9 pour \u00eatre port\u00e9 sur des robes, ou des jupes et pantalons \u00e0 taille haute.<br \/>\nLes finitions en point mousse lui donnent un c\u00f4t\u00e9 f\u00e9minin. Sa coupe simple mais \u00e9l\u00e9gante, le rend tr\u00e8s facile \u00e0 porter et il deviendra un bon basique de votre garde-robe.<\/p>\n<p style=\"text-align: justify;\"><strong>Accessible aux d\u00e9butants<\/strong>. Peut \u00eatre tricot\u00e9 soit avec un seul fil de DK, soit avec un fil fingering et un mohair pour le rendre plus cozy pour l\u2019hiver.<\/p>\n<p style=\"text-align: justify;\"><strong>du haut vers le bas.<\/strong><\/p>\n","protected":false},"featured_media":60372,"comment_status":"closed","ping_status":"closed","template":"","meta":[],"product_brand":[],"product_cat":[380,376,370,377,381,462],"product_tag":[],"class_list":{"0":"post-52021","1":"product","2":"type-product","3":"status-publish","4":"has-post-thumbnail","6":"product_cat-patrons-anglais","7":"product_cat-patrons-de-tricot","8":"product_cat-patrons-debutants","9":"product_cat-patrons-femme","10":"product_cat-patrons-francais","11":"product_cat-patrons-gratuits","13":"first","14":"instock","15":"downloadable","16":"virtual","17":"taxable","18":"purchasable","19":"product-type-simple"},"yoast_head":"<!-- This site is optimized with the Yoast SEO plugin v27.3 - https:\/\/yoast.com\/product\/yoast-seo-wordpress\/ -->\n<title>Trescao (Jumper) - Along Avec Anna<\/title>\n<meta name=\"robots\" content=\"index, follow, max-snippet:-1, max-image-preview:large, max-video-preview:-1\" \/>\n<link rel=\"canonical\" href=\"https:\/\/www.alongavecanna.com\/fr\/produit\/trescao-jumper\/\" \/>\n<meta property=\"og:locale\" content=\"fr_FR\" \/>\n<meta property=\"og:type\" content=\"article\" \/>\n<meta property=\"og:title\" content=\"Trescao (Jumper) - Along Avec Anna\" \/>\n<meta property=\"og:description\" content=\"Trescao (Pull) est un pull \u00e0 manches raglan assez court (crop), dont le dos est l\u00e9g\u00e8rement plus long que le devant. Il est pens\u00e9 pour \u00eatre port\u00e9 sur des robes, ou des jupes et pantalons \u00e0 taille haute. Les finitions en point mousse lui donnent un c\u00f4t\u00e9 f\u00e9minin. Sa coupe simple mais \u00e9l\u00e9gante, le rend tr\u00e8s facile \u00e0 porter et il deviendra un bon basique de votre garde-robe. Accessible aux d\u00e9butants. Peut \u00eatre tricot\u00e9 soit avec un seul fil de DK, soit avec un fil fingering et un mohair pour le rendre plus cozy pour l\u2019hiver. du haut vers le bas.\" \/>\n<meta property=\"og:url\" content=\"https:\/\/www.alongavecanna.com\/fr\/produit\/trescao-jumper\/\" \/>\n<meta property=\"og:site_name\" content=\"Along Avec Anna\" \/>\n<meta property=\"article:publisher\" content=\"https:\/\/facebook.com\/alongavecanna\" \/>\n<meta property=\"article:modified_time\" content=\"2024-11-07T21:49:01+00:00\" \/>\n<meta property=\"og:image\" content=\"https:\/\/www.alongavecanna.com\/wp-content\/uploads\/2019\/12\/AlongAvecAnna-151.jpg\" \/>\n\t<meta property=\"og:image:width\" content=\"1024\" \/>\n\t<meta property=\"og:image:height\" content=\"1536\" \/>\n\t<meta property=\"og:image:type\" content=\"image\/jpeg\" \/>\n<meta name=\"twitter:card\" content=\"summary_large_image\" \/>\n<meta name=\"twitter:label1\" content=\"Dur\u00e9e de lecture estim\u00e9e\" \/>\n\t<meta name=\"twitter:data1\" content=\"1 minute\" \/>\n<script type=\"application\/ld+json\" class=\"yoast-schema-graph\">{\"@context\":\"https:\\\/\\\/schema.org\",\"@graph\":[{\"@type\":\"WebPage\",\"@id\":\"https:\\\/\\\/www.alongavecanna.com\\\/fr\\\/produit\\\/trescao-jumper\\\/\",\"url\":\"https:\\\/\\\/www.alongavecanna.com\\\/fr\\\/produit\\\/trescao-jumper\\\/\",\"name\":\"Trescao (Jumper) - Along Avec Anna\",\"isPartOf\":{\"@id\":\"https:\\\/\\\/www.alongavecanna.com\\\/fr\\\/#website\"},\"primaryImageOfPage\":{\"@id\":\"https:\\\/\\\/www.alongavecanna.com\\\/fr\\\/produit\\\/trescao-jumper\\\/#primaryimage\"},\"image\":{\"@id\":\"https:\\\/\\\/www.alongavecanna.com\\\/fr\\\/produit\\\/trescao-jumper\\\/#primaryimage\"},\"thumbnailUrl\":\"https:\\\/\\\/www.alongavecanna.com\\\/wp-content\\\/uploads\\\/2019\\\/12\\\/AlongAvecAnna-151.jpg\",\"datePublished\":\"2019-12-22T21:04:17+00:00\",\"dateModified\":\"2024-11-07T21:49:01+00:00\",\"breadcrumb\":{\"@id\":\"https:\\\/\\\/www.alongavecanna.com\\\/fr\\\/produit\\\/trescao-jumper\\\/#breadcrumb\"},\"inLanguage\":\"fr-FR\",\"potentialAction\":[{\"@type\":\"ReadAction\",\"target\":[\"https:\\\/\\\/www.alongavecanna.com\\\/fr\\\/produit\\\/trescao-jumper\\\/\"]}]},{\"@type\":\"ImageObject\",\"inLanguage\":\"fr-FR\",\"@id\":\"https:\\\/\\\/www.alongavecanna.com\\\/fr\\\/produit\\\/trescao-jumper\\\/#primaryimage\",\"url\":\"https:\\\/\\\/www.alongavecanna.com\\\/wp-content\\\/uploads\\\/2019\\\/12\\\/AlongAvecAnna-151.jpg\",\"contentUrl\":\"https:\\\/\\\/www.alongavecanna.com\\\/wp-content\\\/uploads\\\/2019\\\/12\\\/AlongAvecAnna-151.jpg\",\"width\":1024,\"height\":1536},{\"@type\":\"BreadcrumbList\",\"@id\":\"https:\\\/\\\/www.alongavecanna.com\\\/fr\\\/produit\\\/trescao-jumper\\\/#breadcrumb\",\"itemListElement\":[{\"@type\":\"ListItem\",\"position\":1,\"name\":\"Home\",\"item\":\"https:\\\/\\\/www.alongavecanna.com\\\/fr\\\/\"},{\"@type\":\"ListItem\",\"position\":2,\"name\":\"Produits\",\"item\":\"https:\\\/\\\/www.alongavecanna.com\\\/fr\\\/shop\\\/\"},{\"@type\":\"ListItem\",\"position\":3,\"name\":\"Trescao (Jumper)\"}]},{\"@type\":\"WebSite\",\"@id\":\"https:\\\/\\\/www.alongavecanna.com\\\/fr\\\/#website\",\"url\":\"https:\\\/\\\/www.alongavecanna.com\\\/fr\\\/\",\"name\":\"Along Avec Anna\",\"description\":\"Ethical yarn &amp; timeless knitting patterns\",\"publisher\":{\"@id\":\"https:\\\/\\\/www.alongavecanna.com\\\/fr\\\/#organization\"},\"potentialAction\":[{\"@type\":\"SearchAction\",\"target\":{\"@type\":\"EntryPoint\",\"urlTemplate\":\"https:\\\/\\\/www.alongavecanna.com\\\/fr\\\/?s={search_term_string}\"},\"query-input\":{\"@type\":\"PropertyValueSpecification\",\"valueRequired\":true,\"valueName\":\"search_term_string\"}}],\"inLanguage\":\"fr-FR\"},{\"@type\":\"Organization\",\"@id\":\"https:\\\/\\\/www.alongavecanna.com\\\/fr\\\/#organization\",\"name\":\"Along Avec Anna\",\"url\":\"https:\\\/\\\/www.alongavecanna.com\\\/fr\\\/\",\"logo\":{\"@type\":\"ImageObject\",\"inLanguage\":\"fr-FR\",\"@id\":\"https:\\\/\\\/www.alongavecanna.com\\\/fr\\\/#\\\/schema\\\/logo\\\/image\\\/\",\"url\":\"https:\\\/\\\/www.alongavecanna.com\\\/wp-content\\\/uploads\\\/2023\\\/01\\\/logo-along-avec-anna.png\",\"contentUrl\":\"https:\\\/\\\/www.alongavecanna.com\\\/wp-content\\\/uploads\\\/2023\\\/01\\\/logo-along-avec-anna.png\",\"width\":1728,\"height\":627,\"caption\":\"Along Avec Anna\"},\"image\":{\"@id\":\"https:\\\/\\\/www.alongavecanna.com\\\/fr\\\/#\\\/schema\\\/logo\\\/image\\\/\"},\"sameAs\":[\"https:\\\/\\\/facebook.com\\\/alongavecanna\",\"https:\\\/\\\/www.instagram.com\\\/along.avec.anna\\\/\"]}]}<\/script>\n<!-- \/ Yoast SEO plugin. -->","yoast_head_json":{"title":"Trescao (Jumper) - Along Avec Anna","robots":{"index":"index","follow":"follow","max-snippet":"max-snippet:-1","max-image-preview":"max-image-preview:large","max-video-preview":"max-video-preview:-1"},"canonical":"https:\/\/www.alongavecanna.com\/fr\/produit\/trescao-jumper\/","og_locale":"fr_FR","og_type":"article","og_title":"Trescao (Jumper) - Along Avec Anna","og_description":"Trescao (Pull) est un pull \u00e0 manches raglan assez court (crop), dont le dos est l\u00e9g\u00e8rement plus long que le devant. Il est pens\u00e9 pour \u00eatre port\u00e9 sur des robes, ou des jupes et pantalons \u00e0 taille haute. Les finitions en point mousse lui donnent un c\u00f4t\u00e9 f\u00e9minin. Sa coupe simple mais \u00e9l\u00e9gante, le rend tr\u00e8s facile \u00e0 porter et il deviendra un bon basique de votre garde-robe. Accessible aux d\u00e9butants. Peut \u00eatre tricot\u00e9 soit avec un seul fil de DK, soit avec un fil fingering et un mohair pour le rendre plus cozy pour l\u2019hiver. du haut vers le bas.","og_url":"https:\/\/www.alongavecanna.com\/fr\/produit\/trescao-jumper\/","og_site_name":"Along Avec Anna","article_publisher":"https:\/\/facebook.com\/alongavecanna","article_modified_time":"2024-11-07T21:49:01+00:00","og_image":[{"width":1024,"height":1536,"url":"https:\/\/www.alongavecanna.com\/wp-content\/uploads\/2019\/12\/AlongAvecAnna-151.jpg","type":"image\/jpeg"}],"twitter_card":"summary_large_image","twitter_misc":{"Dur\u00e9e de lecture estim\u00e9e":"1 minute"},"schema":{"@context":"https:\/\/schema.org","@graph":[{"@type":"WebPage","@id":"https:\/\/www.alongavecanna.com\/fr\/produit\/trescao-jumper\/","url":"https:\/\/www.alongavecanna.com\/fr\/produit\/trescao-jumper\/","name":"Trescao (Jumper) - Along Avec Anna","isPartOf":{"@id":"https:\/\/www.alongavecanna.com\/fr\/#website"},"primaryImageOfPage":{"@id":"https:\/\/www.alongavecanna.com\/fr\/produit\/trescao-jumper\/#primaryimage"},"image":{"@id":"https:\/\/www.alongavecanna.com\/fr\/produit\/trescao-jumper\/#primaryimage"},"thumbnailUrl":"https:\/\/www.alongavecanna.com\/wp-content\/uploads\/2019\/12\/AlongAvecAnna-151.jpg","datePublished":"2019-12-22T21:04:17+00:00","dateModified":"2024-11-07T21:49:01+00:00","breadcrumb":{"@id":"https:\/\/www.alongavecanna.com\/fr\/produit\/trescao-jumper\/#breadcrumb"},"inLanguage":"fr-FR","potentialAction":[{"@type":"ReadAction","target":["https:\/\/www.alongavecanna.com\/fr\/produit\/trescao-jumper\/"]}]},{"@type":"ImageObject","inLanguage":"fr-FR","@id":"https:\/\/www.alongavecanna.com\/fr\/produit\/trescao-jumper\/#primaryimage","url":"https:\/\/www.alongavecanna.com\/wp-content\/uploads\/2019\/12\/AlongAvecAnna-151.jpg","contentUrl":"https:\/\/www.alongavecanna.com\/wp-content\/uploads\/2019\/12\/AlongAvecAnna-151.jpg","width":1024,"height":1536},{"@type":"BreadcrumbList","@id":"https:\/\/www.alongavecanna.com\/fr\/produit\/trescao-jumper\/#breadcrumb","itemListElement":[{"@type":"ListItem","position":1,"name":"Home","item":"https:\/\/www.alongavecanna.com\/fr\/"},{"@type":"ListItem","position":2,"name":"Produits","item":"https:\/\/www.alongavecanna.com\/fr\/shop\/"},{"@type":"ListItem","position":3,"name":"Trescao (Jumper)"}]},{"@type":"WebSite","@id":"https:\/\/www.alongavecanna.com\/fr\/#website","url":"https:\/\/www.alongavecanna.com\/fr\/","name":"Along Avec Anna","description":"Ethical yarn &amp; timeless knitting patterns","publisher":{"@id":"https:\/\/www.alongavecanna.com\/fr\/#organization"},"potentialAction":[{"@type":"SearchAction","target":{"@type":"EntryPoint","urlTemplate":"https:\/\/www.alongavecanna.com\/fr\/?s={search_term_string}"},"query-input":{"@type":"PropertyValueSpecification","valueRequired":true,"valueName":"search_term_string"}}],"inLanguage":"fr-FR"},{"@type":"Organization","@id":"https:\/\/www.alongavecanna.com\/fr\/#organization","name":"Along Avec Anna","url":"https:\/\/www.alongavecanna.com\/fr\/","logo":{"@type":"ImageObject","inLanguage":"fr-FR","@id":"https:\/\/www.alongavecanna.com\/fr\/#\/schema\/logo\/image\/","url":"https:\/\/www.alongavecanna.com\/wp-content\/uploads\/2023\/01\/logo-along-avec-anna.png","contentUrl":"https:\/\/www.alongavecanna.com\/wp-content\/uploads\/2023\/01\/logo-along-avec-anna.png","width":1728,"height":627,"caption":"Along Avec Anna"},"image":{"@id":"https:\/\/www.alongavecanna.com\/fr\/#\/schema\/logo\/image\/"},"sameAs":["https:\/\/facebook.com\/alongavecanna","https:\/\/www.instagram.com\/along.avec.anna\/"]}]}},"_links":{"self":[{"href":"https:\/\/www.alongavecanna.com\/fr\/wp-json\/wp\/v2\/product\/52021","targetHints":{"allow":["GET"]}}],"collection":[{"href":"https:\/\/www.alongavecanna.com\/fr\/wp-json\/wp\/v2\/product"}],"about":[{"href":"https:\/\/www.alongavecanna.com\/fr\/wp-json\/wp\/v2\/types\/product"}],"replies":[{"embeddable":true,"href":"https:\/\/www.alongavecanna.com\/fr\/wp-json\/wp\/v2\/comments?post=52021"}],"version-history":[{"count":0,"href":"https:\/\/www.alongavecanna.com\/fr\/wp-json\/wp\/v2\/product\/52021\/revisions"}],"wp:featuredmedia":[{"embeddable":true,"href":"https:\/\/www.alongavecanna.com\/fr\/wp-json\/wp\/v2\/media\/60372"}],"wp:attachment":[{"href":"https:\/\/www.alongavecanna.com\/fr\/wp-json\/wp\/v2\/media?parent=52021"}],"wp:term":[{"taxonomy":"product_brand","embeddable":true,"href":"https:\/\/www.alongavecanna.com\/fr\/wp-json\/wp\/v2\/product_brand?post=52021"},{"taxonomy":"product_cat","embeddable":true,"href":"https:\/\/www.alongavecanna.com\/fr\/wp-json\/wp\/v2\/product_cat?post=52021"},{"taxonomy":"product_tag","embeddable":true,"href":"https:\/\/www.alongavecanna.com\/fr\/wp-json\/wp\/v2\/product_tag?post=52021"}],"curies":[{"name":"wp","href":"https:\/\/api.w.org\/{rel}","templated":true}]}}