{"id":52013,"date":"2020-01-10T05:00:05","date_gmt":"2020-01-10T05:00:05","guid":{"rendered":"https:\/\/preprod.alongavecanna.com\/product\/steam-valley-little\/"},"modified":"2023-02-10T21:04:29","modified_gmt":"2023-02-10T21:04:29","slug":"steam-valley-little","status":"publish","type":"product","link":"https:\/\/www.alongavecanna.com\/fr\/produit\/steam-valley-little\/","title":{"rendered":"Steam Valley (Little)"},"content":{"rendered":"<p style=\"text-align: justify;\"><strong>Steam Valley (Little)<\/strong> est un pull d\u2019hiver en jersey, qui poss\u00e8de un yoke en jacquard. Le dessin commence juste apr\u00e8s l\u2019encolure, et descend jusqu\u2019aux emmanchures.<\/p>\n<p style=\"text-align: justify;\"><strong>La construction est de haut en bas <\/strong>: l\u2019encolure est mont\u00e9e, avec des c\u00f4tes 2\/2, puis le haut du buste est tricot\u00e9 avec le jacquard. Les manches sont mises en attente afin de tricoter le corps; les mailles des manches sont ensuite r\u00e9cup\u00e9r\u00e9es pour \u00eatre tricot\u00e9es chacune \u00e0 leur tour.<\/p>\n<p style=\"text-align: justify;\">Le mod\u00e8le peut se tricoter avec une couleur principale et une, deux ou bien encore trois couleurs contrastantes.<\/p>\n<p style=\"text-align: justify;\">Une <strong>version femme<\/strong> de ce patron est \u00e9galement disponible sous le nom <strong>\u00ab Steam Valley (Lady)<\/strong>\u00bb, a il sera parfait pour faire un duo pour celles et ceux qui le souhaitent!<\/p>\n<p style=\"text-align: justify;\"><strong>Tailles <\/strong>: 2, 4 (6, 8) 10, 12 ans<\/p>\n<p style=\"text-align: justify;\"><strong>Echantillon <\/strong>: 18 m x 26 rgs = 10 cm en jersey en rond en aiguilles 4.5mm\/US 7 (ou autre taille d\u00e9pendant de votre \u00e9chantillon)<\/p>\n<p style=\"text-align: justify;\"><strong>Laine(s) Worsted<\/strong>:<br \/>\nCP: 330, 360 (450, 560) 610, 650 m\u00e8tres<br \/>\nCC1: 25, 30 (30, 35) 35, 40 m\u00e8tres<br \/>\nCC2: 15, 15 (20, 20) 20, 25 m\u00e8tres<br \/>\nCC3: 10, 10 (15, 15) 15, 20 m\u00e8tres<\/p>\n<p style=\"text-align: justify;\"><em>Version de pr\u00e9sentation<\/em>: Lettl\u00f3pi , Istex L\u00f3pi, tricot\u00e9 en taille 4 ans. Coloris : CP \u2013 Ash Heather (0056), CC1 \u2013 Fjord Blue (1701), CC2 \u2013 Royal Fuschia (1705), CC3 \u2013 White (0051).<\/p>\n<p style=\"text-align: justify;\"><strong>Aiguilles recommand\u00e9es :<\/strong> 4.5mm\/US 7 pour le corps et les manches et 4mm\/US 6 pour les c\u00f4tes et l\u2019encolure<\/p>\n<p style=\"text-align: justify;\"><strong>Mat\u00e9riel <\/strong>: anneaux marqueurs, morceaux de laine pour mettre les mailles en attente, aiguille \u00e0 laine pour rentrer les fils<\/p>\n","protected":false},"excerpt":{"rendered":"<p style=\"text-align: justify;\"><strong>Steam Valley (Little)<\/strong> est un pull d\u2019hiver en jersey, qui poss\u00e8de un yoke en jacquard. Le dessin commence juste apr\u00e8s l\u2019encolure, et descend jusqu\u2019aux emmanchures.<\/p>\n<p style=\"text-align: justify;\"><strong>La construction est de haut en bas <\/strong>: l\u2019encolure est mont\u00e9e, avec des c\u00f4tes 2\/2, puis le haut du buste est tricot\u00e9 avec le jacquard. Les manches sont mises en attente afin de tricoter le corps; les mailles des manches sont ensuite r\u00e9cup\u00e9r\u00e9es pour \u00eatre tricot\u00e9es chacune \u00e0 leur tour.<\/p>\n<p style=\"text-align: justify;\">Le mod\u00e8le peut se tricoter avec une couleur principale et une, deux ou bien encore trois couleurs contrastantes.<\/p>\n<p style=\"text-align: justify;\">Une <strong>version femme<\/strong> de ce patron est \u00e9galement disponible sous le nom <strong>\u00ab Steam Valley (Lady)<\/strong>\u00bb, a il sera parfait pour faire un duo pour celles et ceux qui le souhaitent!<\/p>\n<p style=\"text-align: justify;\">Ce patron est un <strong>pdf num\u00e9rique.<\/strong><\/p>\n","protected":false},"featured_media":52012,"comment_status":"closed","ping_status":"closed","template":"","meta":[],"product_brand":[],"product_cat":[387,380,376,386,381],"product_tag":[],"class_list":{"0":"post-52013","1":"product","2":"type-product","3":"status-publish","4":"has-post-thumbnail","6":"product_cat-duos","7":"product_cat-patrons-anglais","8":"product_cat-patrons-de-tricot","9":"product_cat-patrons-enfant","10":"product_cat-patrons-francais","12":"first","13":"instock","14":"downloadable","15":"virtual","16":"taxable","17":"purchasable","18":"product-type-simple"},"yoast_head":"<!-- This site is optimized with the Yoast SEO plugin v27.4 - https:\/\/yoast.com\/product\/yoast-seo-wordpress\/ -->\n<title>Steam Valley (Little) - Along Avec Anna<\/title>\n<meta name=\"robots\" content=\"index, follow, max-snippet:-1, max-image-preview:large, max-video-preview:-1\" \/>\n<link rel=\"canonical\" href=\"https:\/\/www.alongavecanna.com\/fr\/produit\/steam-valley-little\/\" \/>\n<meta property=\"og:locale\" content=\"fr_FR\" \/>\n<meta property=\"og:type\" content=\"article\" \/>\n<meta property=\"og:title\" content=\"Steam Valley (Little) - Along Avec Anna\" \/>\n<meta property=\"og:description\" content=\"Steam Valley (Little) est un pull d\u2019hiver en jersey, qui poss\u00e8de un yoke en jacquard. Le dessin commence juste apr\u00e8s l\u2019encolure, et descend jusqu\u2019aux emmanchures. La construction est de haut en bas : l\u2019encolure est mont\u00e9e, avec des c\u00f4tes 2\/2, puis le haut du buste est tricot\u00e9 avec le jacquard. Les manches sont mises en attente afin de tricoter le corps; les mailles des manches sont ensuite r\u00e9cup\u00e9r\u00e9es pour \u00eatre tricot\u00e9es chacune \u00e0 leur tour. Le mod\u00e8le peut se tricoter avec une couleur principale et une, deux ou bien encore trois couleurs contrastantes. Une version femme de ce patron est \u00e9galement disponible sous le nom \u00ab Steam Valley (Lady)\u00bb, a il sera parfait pour faire un duo pour celles et ceux qui le souhaitent! Ce patron est un pdf num\u00e9rique.\" \/>\n<meta property=\"og:url\" content=\"https:\/\/www.alongavecanna.com\/fr\/produit\/steam-valley-little\/\" \/>\n<meta property=\"og:site_name\" content=\"Along Avec Anna\" \/>\n<meta property=\"article:publisher\" content=\"https:\/\/facebook.com\/alongavecanna\" \/>\n<meta property=\"article:modified_time\" content=\"2023-02-10T21:04:29+00:00\" \/>\n<meta property=\"og:image\" content=\"https:\/\/www.alongavecanna.com\/wp-content\/uploads\/2020\/01\/IMG_0322.jpg\" \/>\n\t<meta property=\"og:image:width\" content=\"1280\" \/>\n\t<meta property=\"og:image:height\" content=\"1920\" \/>\n\t<meta property=\"og:image:type\" content=\"image\/jpeg\" \/>\n<meta name=\"twitter:card\" content=\"summary_large_image\" \/>\n<meta name=\"twitter:label1\" content=\"Dur\u00e9e de lecture estim\u00e9e\" \/>\n\t<meta name=\"twitter:data1\" content=\"1 minute\" \/>\n<script type=\"application\/ld+json\" class=\"yoast-schema-graph\">{\"@context\":\"https:\\\/\\\/schema.org\",\"@graph\":[{\"@type\":\"WebPage\",\"@id\":\"https:\\\/\\\/www.alongavecanna.com\\\/fr\\\/produit\\\/steam-valley-little\\\/\",\"url\":\"https:\\\/\\\/www.alongavecanna.com\\\/fr\\\/produit\\\/steam-valley-little\\\/\",\"name\":\"Steam Valley (Little) - Along Avec Anna\",\"isPartOf\":{\"@id\":\"https:\\\/\\\/www.alongavecanna.com\\\/fr\\\/#website\"},\"primaryImageOfPage\":{\"@id\":\"https:\\\/\\\/www.alongavecanna.com\\\/fr\\\/produit\\\/steam-valley-little\\\/#primaryimage\"},\"image\":{\"@id\":\"https:\\\/\\\/www.alongavecanna.com\\\/fr\\\/produit\\\/steam-valley-little\\\/#primaryimage\"},\"thumbnailUrl\":\"https:\\\/\\\/www.alongavecanna.com\\\/wp-content\\\/uploads\\\/2020\\\/01\\\/IMG_0322.jpg\",\"datePublished\":\"2020-01-10T05:00:05+00:00\",\"dateModified\":\"2023-02-10T21:04:29+00:00\",\"breadcrumb\":{\"@id\":\"https:\\\/\\\/www.alongavecanna.com\\\/fr\\\/produit\\\/steam-valley-little\\\/#breadcrumb\"},\"inLanguage\":\"fr-FR\",\"potentialAction\":[{\"@type\":\"ReadAction\",\"target\":[\"https:\\\/\\\/www.alongavecanna.com\\\/fr\\\/produit\\\/steam-valley-little\\\/\"]}]},{\"@type\":\"ImageObject\",\"inLanguage\":\"fr-FR\",\"@id\":\"https:\\\/\\\/www.alongavecanna.com\\\/fr\\\/produit\\\/steam-valley-little\\\/#primaryimage\",\"url\":\"https:\\\/\\\/www.alongavecanna.com\\\/wp-content\\\/uploads\\\/2020\\\/01\\\/IMG_0322.jpg\",\"contentUrl\":\"https:\\\/\\\/www.alongavecanna.com\\\/wp-content\\\/uploads\\\/2020\\\/01\\\/IMG_0322.jpg\",\"width\":1280,\"height\":1920},{\"@type\":\"BreadcrumbList\",\"@id\":\"https:\\\/\\\/www.alongavecanna.com\\\/fr\\\/produit\\\/steam-valley-little\\\/#breadcrumb\",\"itemListElement\":[{\"@type\":\"ListItem\",\"position\":1,\"name\":\"Home\",\"item\":\"https:\\\/\\\/www.alongavecanna.com\\\/fr\\\/\"},{\"@type\":\"ListItem\",\"position\":2,\"name\":\"Produits\",\"item\":\"https:\\\/\\\/www.alongavecanna.com\\\/fr\\\/shop\\\/\"},{\"@type\":\"ListItem\",\"position\":3,\"name\":\"Steam Valley (Little)\"}]},{\"@type\":\"WebSite\",\"@id\":\"https:\\\/\\\/www.alongavecanna.com\\\/fr\\\/#website\",\"url\":\"https:\\\/\\\/www.alongavecanna.com\\\/fr\\\/\",\"name\":\"Along Avec Anna\",\"description\":\"Ethical yarn &amp; timeless knitting patterns\",\"publisher\":{\"@id\":\"https:\\\/\\\/www.alongavecanna.com\\\/fr\\\/#organization\"},\"potentialAction\":[{\"@type\":\"SearchAction\",\"target\":{\"@type\":\"EntryPoint\",\"urlTemplate\":\"https:\\\/\\\/www.alongavecanna.com\\\/fr\\\/?s={search_term_string}\"},\"query-input\":{\"@type\":\"PropertyValueSpecification\",\"valueRequired\":true,\"valueName\":\"search_term_string\"}}],\"inLanguage\":\"fr-FR\"},{\"@type\":\"Organization\",\"@id\":\"https:\\\/\\\/www.alongavecanna.com\\\/fr\\\/#organization\",\"name\":\"Along Avec Anna\",\"url\":\"https:\\\/\\\/www.alongavecanna.com\\\/fr\\\/\",\"logo\":{\"@type\":\"ImageObject\",\"inLanguage\":\"fr-FR\",\"@id\":\"https:\\\/\\\/www.alongavecanna.com\\\/fr\\\/#\\\/schema\\\/logo\\\/image\\\/\",\"url\":\"https:\\\/\\\/www.alongavecanna.com\\\/wp-content\\\/uploads\\\/2023\\\/01\\\/logo-along-avec-anna.png\",\"contentUrl\":\"https:\\\/\\\/www.alongavecanna.com\\\/wp-content\\\/uploads\\\/2023\\\/01\\\/logo-along-avec-anna.png\",\"width\":1728,\"height\":627,\"caption\":\"Along Avec Anna\"},\"image\":{\"@id\":\"https:\\\/\\\/www.alongavecanna.com\\\/fr\\\/#\\\/schema\\\/logo\\\/image\\\/\"},\"sameAs\":[\"https:\\\/\\\/facebook.com\\\/alongavecanna\",\"https:\\\/\\\/www.instagram.com\\\/along.avec.anna\\\/\"]}]}<\/script>\n<!-- \/ Yoast SEO plugin. -->","yoast_head_json":{"title":"Steam Valley (Little) - Along Avec Anna","robots":{"index":"index","follow":"follow","max-snippet":"max-snippet:-1","max-image-preview":"max-image-preview:large","max-video-preview":"max-video-preview:-1"},"canonical":"https:\/\/www.alongavecanna.com\/fr\/produit\/steam-valley-little\/","og_locale":"fr_FR","og_type":"article","og_title":"Steam Valley (Little) - Along Avec Anna","og_description":"Steam Valley (Little) est un pull d\u2019hiver en jersey, qui poss\u00e8de un yoke en jacquard. Le dessin commence juste apr\u00e8s l\u2019encolure, et descend jusqu\u2019aux emmanchures. La construction est de haut en bas : l\u2019encolure est mont\u00e9e, avec des c\u00f4tes 2\/2, puis le haut du buste est tricot\u00e9 avec le jacquard. Les manches sont mises en attente afin de tricoter le corps; les mailles des manches sont ensuite r\u00e9cup\u00e9r\u00e9es pour \u00eatre tricot\u00e9es chacune \u00e0 leur tour. Le mod\u00e8le peut se tricoter avec une couleur principale et une, deux ou bien encore trois couleurs contrastantes. Une version femme de ce patron est \u00e9galement disponible sous le nom \u00ab Steam Valley (Lady)\u00bb, a il sera parfait pour faire un duo pour celles et ceux qui le souhaitent! Ce patron est un pdf num\u00e9rique.","og_url":"https:\/\/www.alongavecanna.com\/fr\/produit\/steam-valley-little\/","og_site_name":"Along Avec Anna","article_publisher":"https:\/\/facebook.com\/alongavecanna","article_modified_time":"2023-02-10T21:04:29+00:00","og_image":[{"width":1280,"height":1920,"url":"https:\/\/www.alongavecanna.com\/wp-content\/uploads\/2020\/01\/IMG_0322.jpg","type":"image\/jpeg"}],"twitter_card":"summary_large_image","twitter_misc":{"Dur\u00e9e de lecture estim\u00e9e":"1 minute"},"schema":{"@context":"https:\/\/schema.org","@graph":[{"@type":"WebPage","@id":"https:\/\/www.alongavecanna.com\/fr\/produit\/steam-valley-little\/","url":"https:\/\/www.alongavecanna.com\/fr\/produit\/steam-valley-little\/","name":"Steam Valley (Little) - Along Avec Anna","isPartOf":{"@id":"https:\/\/www.alongavecanna.com\/fr\/#website"},"primaryImageOfPage":{"@id":"https:\/\/www.alongavecanna.com\/fr\/produit\/steam-valley-little\/#primaryimage"},"image":{"@id":"https:\/\/www.alongavecanna.com\/fr\/produit\/steam-valley-little\/#primaryimage"},"thumbnailUrl":"https:\/\/www.alongavecanna.com\/wp-content\/uploads\/2020\/01\/IMG_0322.jpg","datePublished":"2020-01-10T05:00:05+00:00","dateModified":"2023-02-10T21:04:29+00:00","breadcrumb":{"@id":"https:\/\/www.alongavecanna.com\/fr\/produit\/steam-valley-little\/#breadcrumb"},"inLanguage":"fr-FR","potentialAction":[{"@type":"ReadAction","target":["https:\/\/www.alongavecanna.com\/fr\/produit\/steam-valley-little\/"]}]},{"@type":"ImageObject","inLanguage":"fr-FR","@id":"https:\/\/www.alongavecanna.com\/fr\/produit\/steam-valley-little\/#primaryimage","url":"https:\/\/www.alongavecanna.com\/wp-content\/uploads\/2020\/01\/IMG_0322.jpg","contentUrl":"https:\/\/www.alongavecanna.com\/wp-content\/uploads\/2020\/01\/IMG_0322.jpg","width":1280,"height":1920},{"@type":"BreadcrumbList","@id":"https:\/\/www.alongavecanna.com\/fr\/produit\/steam-valley-little\/#breadcrumb","itemListElement":[{"@type":"ListItem","position":1,"name":"Home","item":"https:\/\/www.alongavecanna.com\/fr\/"},{"@type":"ListItem","position":2,"name":"Produits","item":"https:\/\/www.alongavecanna.com\/fr\/shop\/"},{"@type":"ListItem","position":3,"name":"Steam Valley (Little)"}]},{"@type":"WebSite","@id":"https:\/\/www.alongavecanna.com\/fr\/#website","url":"https:\/\/www.alongavecanna.com\/fr\/","name":"Along Avec Anna","description":"Ethical yarn &amp; timeless knitting patterns","publisher":{"@id":"https:\/\/www.alongavecanna.com\/fr\/#organization"},"potentialAction":[{"@type":"SearchAction","target":{"@type":"EntryPoint","urlTemplate":"https:\/\/www.alongavecanna.com\/fr\/?s={search_term_string}"},"query-input":{"@type":"PropertyValueSpecification","valueRequired":true,"valueName":"search_term_string"}}],"inLanguage":"fr-FR"},{"@type":"Organization","@id":"https:\/\/www.alongavecanna.com\/fr\/#organization","name":"Along Avec Anna","url":"https:\/\/www.alongavecanna.com\/fr\/","logo":{"@type":"ImageObject","inLanguage":"fr-FR","@id":"https:\/\/www.alongavecanna.com\/fr\/#\/schema\/logo\/image\/","url":"https:\/\/www.alongavecanna.com\/wp-content\/uploads\/2023\/01\/logo-along-avec-anna.png","contentUrl":"https:\/\/www.alongavecanna.com\/wp-content\/uploads\/2023\/01\/logo-along-avec-anna.png","width":1728,"height":627,"caption":"Along Avec Anna"},"image":{"@id":"https:\/\/www.alongavecanna.com\/fr\/#\/schema\/logo\/image\/"},"sameAs":["https:\/\/facebook.com\/alongavecanna","https:\/\/www.instagram.com\/along.avec.anna\/"]}]}},"_links":{"self":[{"href":"https:\/\/www.alongavecanna.com\/fr\/wp-json\/wp\/v2\/product\/52013","targetHints":{"allow":["GET"]}}],"collection":[{"href":"https:\/\/www.alongavecanna.com\/fr\/wp-json\/wp\/v2\/product"}],"about":[{"href":"https:\/\/www.alongavecanna.com\/fr\/wp-json\/wp\/v2\/types\/product"}],"replies":[{"embeddable":true,"href":"https:\/\/www.alongavecanna.com\/fr\/wp-json\/wp\/v2\/comments?post=52013"}],"version-history":[{"count":0,"href":"https:\/\/www.alongavecanna.com\/fr\/wp-json\/wp\/v2\/product\/52013\/revisions"}],"wp:featuredmedia":[{"embeddable":true,"href":"https:\/\/www.alongavecanna.com\/fr\/wp-json\/wp\/v2\/media\/52012"}],"wp:attachment":[{"href":"https:\/\/www.alongavecanna.com\/fr\/wp-json\/wp\/v2\/media?parent=52013"}],"wp:term":[{"taxonomy":"product_brand","embeddable":true,"href":"https:\/\/www.alongavecanna.com\/fr\/wp-json\/wp\/v2\/product_brand?post=52013"},{"taxonomy":"product_cat","embeddable":true,"href":"https:\/\/www.alongavecanna.com\/fr\/wp-json\/wp\/v2\/product_cat?post=52013"},{"taxonomy":"product_tag","embeddable":true,"href":"https:\/\/www.alongavecanna.com\/fr\/wp-json\/wp\/v2\/product_tag?post=52013"}],"curies":[{"name":"wp","href":"https:\/\/api.w.org\/{rel}","templated":true}]}}