{"id":51960,"date":"2020-02-07T00:01:01","date_gmt":"2020-02-07T00:01:01","guid":{"rendered":"https:\/\/preprod.alongavecanna.com\/product\/trescao-cardigan\/"},"modified":"2023-09-29T21:44:53","modified_gmt":"2023-09-29T21:44:53","slug":"trescao-cardigan","status":"publish","type":"product","link":"https:\/\/www.alongavecanna.com\/fr\/produit\/trescao-cardigan\/","title":{"rendered":"Trescao (Cardigan)"},"content":{"rendered":"<p style=\"text-align: justify;\"><strong>Tailles <\/strong>: 80, 85 (90, 95, 100, 105, 110) [115, 120, 125, 130, 135] 140, 150, 158 cm (mensurations tour de poitrine v\u00eatement fini)<\/p>\n<p style=\"text-align: justify;\"><strong>\u00c9chantillon <\/strong>: 21 m x 31 rgs = 10 cm en jersey en aiguilles 4mm\/US 6 (ou autre taille d\u00e9pendant de votre \u00e9chantillon)<\/p>\n<p style=\"text-align: justify;\"><strong>Aisance recommand\u00e9e<\/strong>: entre 0 et 5 cm d&rsquo;aisance positive<\/p>\n<p style=\"text-align: justify;\"><strong>Laines <\/strong>: environ650, 720 (750, 800, 850, 880, 930) [960, 1050, 1150, 1250, 1350] 1450, 1550, 1650 m\u00e8tres de chaque base (un fil fingering et un fil mohair tenus ensemble) : Merino &amp; Silk Mohair Along avec Anna<\/p>\n<p style=\"text-align: justify;\"><em>Version de pr\u00e9sentation<\/em>: tricot\u00e9 en taille 85 avec 0 cm d&rsquo;aisance<\/p>\n<p style=\"text-align: justify;\"><strong>Aiguilles recommand\u00e9es <\/strong>: 4mm\/US 6 pour le corps et les manches et 3.75mm\/US 5 pour les finitions en point mousse<\/p>\n<p style=\"text-align: justify;\"><strong>Mat\u00e9riel <\/strong>: anneaux marqueurs, morceaux de laine pour mettre les mailles en attente, aiguille \u00e0 laine pour rentrer les fils, 6 boutons<\/p>\n","protected":false},"excerpt":{"rendered":"<p style=\"text-align: justify;\"><strong>Trescao (cardigan)<\/strong> est un gilet \u00e0 manches raglan assez court (crop), dont le dos est l\u00e9g\u00e8rement plus long que le devant. Il est pens\u00e9 pour \u00eatre port\u00e9 sur des robes, ou des jupes et pantalons \u00e0 taille haute.<br \/>\nLes finitions en point mousse lui donnent un c\u00f4t\u00e9 f\u00e9minin. Sa coupe simple mais \u00e9l\u00e9gante le rend tr\u00e8s facile \u00e0 porter et il deviendra un bon basique de votre garde-robe.<\/p>\n<p style=\"text-align: justify;\"><strong>Accessible aux d\u00e9butants<\/strong>. Peut \u00eatre tricot\u00e9 soit avec un seul fil de DK, soit avec un fil fingering et un mohair pour le rendre plus cozy pour l\u2019hiver. Une version pull est \u00e9galement disponible sous le nom Trescao (pull).<\/p>\n<p style=\"text-align: justify;\"><strong>Il se tricote du haut vers le bas <\/strong>: l\u2019encolure est tricot\u00e9e en point mousse. Les raglans sont commenc\u00e9s et la technique des rangs raccourcis va permettre de rehausser le dos par rapport au devant.<\/p>\n<p style=\"text-align: justify;\">Les manches sont mises en attente afin de tricoter le corps ; les mailles des manches sont par la suite r\u00e9cup\u00e9r\u00e9es pour \u00eatre tricot\u00e9es chacune \u00e0 leur tour, avec une finition en point mousse.<\/p>\n<p style=\"text-align: justify;\"><strong>Ce mod\u00e8le est un pdf num\u00e9rique.<\/strong><\/p>\n","protected":false},"featured_media":60367,"comment_status":"closed","ping_status":"closed","template":"","meta":[],"product_brand":[],"product_cat":[380,376,370,377,381],"product_tag":[267],"class_list":{"0":"post-51960","1":"product","2":"type-product","3":"status-publish","4":"has-post-thumbnail","6":"product_cat-patrons-anglais","7":"product_cat-patrons-de-tricot","8":"product_cat-patrons-debutants","9":"product_cat-patrons-femme","10":"product_cat-patrons-francais","11":"product_tag-gilet-fr","13":"first","14":"instock","15":"downloadable","16":"virtual","17":"taxable","18":"purchasable","19":"product-type-simple"},"yoast_head":"<!-- This site is optimized with the Yoast SEO plugin v27.4 - https:\/\/yoast.com\/product\/yoast-seo-wordpress\/ -->\n<title>Trescao (Cardigan) - Along Avec Anna<\/title>\n<meta name=\"robots\" content=\"index, follow, max-snippet:-1, max-image-preview:large, max-video-preview:-1\" \/>\n<link rel=\"canonical\" href=\"https:\/\/www.alongavecanna.com\/fr\/produit\/trescao-cardigan\/\" \/>\n<meta property=\"og:locale\" content=\"fr_FR\" \/>\n<meta property=\"og:type\" content=\"article\" \/>\n<meta property=\"og:title\" content=\"Trescao (Cardigan) - Along Avec Anna\" \/>\n<meta property=\"og:description\" content=\"Trescao (cardigan) est un gilet \u00e0 manches raglan assez court (crop), dont le dos est l\u00e9g\u00e8rement plus long que le devant. Il est pens\u00e9 pour \u00eatre port\u00e9 sur des robes, ou des jupes et pantalons \u00e0 taille haute. Les finitions en point mousse lui donnent un c\u00f4t\u00e9 f\u00e9minin. Sa coupe simple mais \u00e9l\u00e9gante le rend tr\u00e8s facile \u00e0 porter et il deviendra un bon basique de votre garde-robe. Accessible aux d\u00e9butants. Peut \u00eatre tricot\u00e9 soit avec un seul fil de DK, soit avec un fil fingering et un mohair pour le rendre plus cozy pour l\u2019hiver. Une version pull est \u00e9galement disponible sous le nom Trescao (pull). Il se tricote du haut vers le bas : l\u2019encolure est tricot\u00e9e en point mousse. Les raglans sont commenc\u00e9s et la technique des rangs raccourcis va permettre de rehausser le dos par rapport au devant. Les manches sont mises en attente afin de tricoter le corps ; les mailles des manches sont par la suite r\u00e9cup\u00e9r\u00e9es pour \u00eatre tricot\u00e9es chacune \u00e0 leur tour, avec une finition en point mousse. Ce mod\u00e8le est un pdf num\u00e9rique.\" \/>\n<meta property=\"og:url\" content=\"https:\/\/www.alongavecanna.com\/fr\/produit\/trescao-cardigan\/\" \/>\n<meta property=\"og:site_name\" content=\"Along Avec Anna\" \/>\n<meta property=\"article:publisher\" content=\"https:\/\/facebook.com\/alongavecanna\" \/>\n<meta property=\"article:modified_time\" content=\"2023-09-29T21:44:53+00:00\" \/>\n<meta property=\"og:image\" content=\"https:\/\/www.alongavecanna.com\/wp-content\/uploads\/2020\/02\/AlongAvecAnna-368.jpg\" \/>\n\t<meta property=\"og:image:width\" content=\"1024\" \/>\n\t<meta property=\"og:image:height\" content=\"1536\" \/>\n\t<meta property=\"og:image:type\" content=\"image\/jpeg\" \/>\n<meta name=\"twitter:card\" content=\"summary_large_image\" \/>\n<meta name=\"twitter:label1\" content=\"Dur\u00e9e de lecture estim\u00e9e\" \/>\n\t<meta name=\"twitter:data1\" content=\"1 minute\" \/>\n<script type=\"application\/ld+json\" class=\"yoast-schema-graph\">{\"@context\":\"https:\\\/\\\/schema.org\",\"@graph\":[{\"@type\":\"WebPage\",\"@id\":\"https:\\\/\\\/www.alongavecanna.com\\\/fr\\\/produit\\\/trescao-cardigan\\\/\",\"url\":\"https:\\\/\\\/www.alongavecanna.com\\\/fr\\\/produit\\\/trescao-cardigan\\\/\",\"name\":\"Trescao (Cardigan) - Along Avec Anna\",\"isPartOf\":{\"@id\":\"https:\\\/\\\/www.alongavecanna.com\\\/fr\\\/#website\"},\"primaryImageOfPage\":{\"@id\":\"https:\\\/\\\/www.alongavecanna.com\\\/fr\\\/produit\\\/trescao-cardigan\\\/#primaryimage\"},\"image\":{\"@id\":\"https:\\\/\\\/www.alongavecanna.com\\\/fr\\\/produit\\\/trescao-cardigan\\\/#primaryimage\"},\"thumbnailUrl\":\"https:\\\/\\\/www.alongavecanna.com\\\/wp-content\\\/uploads\\\/2020\\\/02\\\/AlongAvecAnna-368.jpg\",\"datePublished\":\"2020-02-07T00:01:01+00:00\",\"dateModified\":\"2023-09-29T21:44:53+00:00\",\"breadcrumb\":{\"@id\":\"https:\\\/\\\/www.alongavecanna.com\\\/fr\\\/produit\\\/trescao-cardigan\\\/#breadcrumb\"},\"inLanguage\":\"fr-FR\",\"potentialAction\":[{\"@type\":\"ReadAction\",\"target\":[\"https:\\\/\\\/www.alongavecanna.com\\\/fr\\\/produit\\\/trescao-cardigan\\\/\"]}]},{\"@type\":\"ImageObject\",\"inLanguage\":\"fr-FR\",\"@id\":\"https:\\\/\\\/www.alongavecanna.com\\\/fr\\\/produit\\\/trescao-cardigan\\\/#primaryimage\",\"url\":\"https:\\\/\\\/www.alongavecanna.com\\\/wp-content\\\/uploads\\\/2020\\\/02\\\/AlongAvecAnna-368.jpg\",\"contentUrl\":\"https:\\\/\\\/www.alongavecanna.com\\\/wp-content\\\/uploads\\\/2020\\\/02\\\/AlongAvecAnna-368.jpg\",\"width\":1024,\"height\":1536},{\"@type\":\"BreadcrumbList\",\"@id\":\"https:\\\/\\\/www.alongavecanna.com\\\/fr\\\/produit\\\/trescao-cardigan\\\/#breadcrumb\",\"itemListElement\":[{\"@type\":\"ListItem\",\"position\":1,\"name\":\"Home\",\"item\":\"https:\\\/\\\/www.alongavecanna.com\\\/fr\\\/\"},{\"@type\":\"ListItem\",\"position\":2,\"name\":\"Produits\",\"item\":\"https:\\\/\\\/www.alongavecanna.com\\\/fr\\\/shop\\\/\"},{\"@type\":\"ListItem\",\"position\":3,\"name\":\"Trescao (Cardigan)\"}]},{\"@type\":\"WebSite\",\"@id\":\"https:\\\/\\\/www.alongavecanna.com\\\/fr\\\/#website\",\"url\":\"https:\\\/\\\/www.alongavecanna.com\\\/fr\\\/\",\"name\":\"Along Avec Anna\",\"description\":\"Ethical yarn &amp; timeless knitting patterns\",\"publisher\":{\"@id\":\"https:\\\/\\\/www.alongavecanna.com\\\/fr\\\/#organization\"},\"potentialAction\":[{\"@type\":\"SearchAction\",\"target\":{\"@type\":\"EntryPoint\",\"urlTemplate\":\"https:\\\/\\\/www.alongavecanna.com\\\/fr\\\/?s={search_term_string}\"},\"query-input\":{\"@type\":\"PropertyValueSpecification\",\"valueRequired\":true,\"valueName\":\"search_term_string\"}}],\"inLanguage\":\"fr-FR\"},{\"@type\":\"Organization\",\"@id\":\"https:\\\/\\\/www.alongavecanna.com\\\/fr\\\/#organization\",\"name\":\"Along Avec Anna\",\"url\":\"https:\\\/\\\/www.alongavecanna.com\\\/fr\\\/\",\"logo\":{\"@type\":\"ImageObject\",\"inLanguage\":\"fr-FR\",\"@id\":\"https:\\\/\\\/www.alongavecanna.com\\\/fr\\\/#\\\/schema\\\/logo\\\/image\\\/\",\"url\":\"https:\\\/\\\/www.alongavecanna.com\\\/wp-content\\\/uploads\\\/2023\\\/01\\\/logo-along-avec-anna.png\",\"contentUrl\":\"https:\\\/\\\/www.alongavecanna.com\\\/wp-content\\\/uploads\\\/2023\\\/01\\\/logo-along-avec-anna.png\",\"width\":1728,\"height\":627,\"caption\":\"Along Avec Anna\"},\"image\":{\"@id\":\"https:\\\/\\\/www.alongavecanna.com\\\/fr\\\/#\\\/schema\\\/logo\\\/image\\\/\"},\"sameAs\":[\"https:\\\/\\\/facebook.com\\\/alongavecanna\",\"https:\\\/\\\/www.instagram.com\\\/along.avec.anna\\\/\"]}]}<\/script>\n<!-- \/ Yoast SEO plugin. -->","yoast_head_json":{"title":"Trescao (Cardigan) - Along Avec Anna","robots":{"index":"index","follow":"follow","max-snippet":"max-snippet:-1","max-image-preview":"max-image-preview:large","max-video-preview":"max-video-preview:-1"},"canonical":"https:\/\/www.alongavecanna.com\/fr\/produit\/trescao-cardigan\/","og_locale":"fr_FR","og_type":"article","og_title":"Trescao (Cardigan) - Along Avec Anna","og_description":"Trescao (cardigan) est un gilet \u00e0 manches raglan assez court (crop), dont le dos est l\u00e9g\u00e8rement plus long que le devant. Il est pens\u00e9 pour \u00eatre port\u00e9 sur des robes, ou des jupes et pantalons \u00e0 taille haute. Les finitions en point mousse lui donnent un c\u00f4t\u00e9 f\u00e9minin. Sa coupe simple mais \u00e9l\u00e9gante le rend tr\u00e8s facile \u00e0 porter et il deviendra un bon basique de votre garde-robe. Accessible aux d\u00e9butants. Peut \u00eatre tricot\u00e9 soit avec un seul fil de DK, soit avec un fil fingering et un mohair pour le rendre plus cozy pour l\u2019hiver. Une version pull est \u00e9galement disponible sous le nom Trescao (pull). Il se tricote du haut vers le bas : l\u2019encolure est tricot\u00e9e en point mousse. Les raglans sont commenc\u00e9s et la technique des rangs raccourcis va permettre de rehausser le dos par rapport au devant. Les manches sont mises en attente afin de tricoter le corps ; les mailles des manches sont par la suite r\u00e9cup\u00e9r\u00e9es pour \u00eatre tricot\u00e9es chacune \u00e0 leur tour, avec une finition en point mousse. Ce mod\u00e8le est un pdf num\u00e9rique.","og_url":"https:\/\/www.alongavecanna.com\/fr\/produit\/trescao-cardigan\/","og_site_name":"Along Avec Anna","article_publisher":"https:\/\/facebook.com\/alongavecanna","article_modified_time":"2023-09-29T21:44:53+00:00","og_image":[{"width":1024,"height":1536,"url":"https:\/\/www.alongavecanna.com\/wp-content\/uploads\/2020\/02\/AlongAvecAnna-368.jpg","type":"image\/jpeg"}],"twitter_card":"summary_large_image","twitter_misc":{"Dur\u00e9e de lecture estim\u00e9e":"1 minute"},"schema":{"@context":"https:\/\/schema.org","@graph":[{"@type":"WebPage","@id":"https:\/\/www.alongavecanna.com\/fr\/produit\/trescao-cardigan\/","url":"https:\/\/www.alongavecanna.com\/fr\/produit\/trescao-cardigan\/","name":"Trescao (Cardigan) - Along Avec Anna","isPartOf":{"@id":"https:\/\/www.alongavecanna.com\/fr\/#website"},"primaryImageOfPage":{"@id":"https:\/\/www.alongavecanna.com\/fr\/produit\/trescao-cardigan\/#primaryimage"},"image":{"@id":"https:\/\/www.alongavecanna.com\/fr\/produit\/trescao-cardigan\/#primaryimage"},"thumbnailUrl":"https:\/\/www.alongavecanna.com\/wp-content\/uploads\/2020\/02\/AlongAvecAnna-368.jpg","datePublished":"2020-02-07T00:01:01+00:00","dateModified":"2023-09-29T21:44:53+00:00","breadcrumb":{"@id":"https:\/\/www.alongavecanna.com\/fr\/produit\/trescao-cardigan\/#breadcrumb"},"inLanguage":"fr-FR","potentialAction":[{"@type":"ReadAction","target":["https:\/\/www.alongavecanna.com\/fr\/produit\/trescao-cardigan\/"]}]},{"@type":"ImageObject","inLanguage":"fr-FR","@id":"https:\/\/www.alongavecanna.com\/fr\/produit\/trescao-cardigan\/#primaryimage","url":"https:\/\/www.alongavecanna.com\/wp-content\/uploads\/2020\/02\/AlongAvecAnna-368.jpg","contentUrl":"https:\/\/www.alongavecanna.com\/wp-content\/uploads\/2020\/02\/AlongAvecAnna-368.jpg","width":1024,"height":1536},{"@type":"BreadcrumbList","@id":"https:\/\/www.alongavecanna.com\/fr\/produit\/trescao-cardigan\/#breadcrumb","itemListElement":[{"@type":"ListItem","position":1,"name":"Home","item":"https:\/\/www.alongavecanna.com\/fr\/"},{"@type":"ListItem","position":2,"name":"Produits","item":"https:\/\/www.alongavecanna.com\/fr\/shop\/"},{"@type":"ListItem","position":3,"name":"Trescao (Cardigan)"}]},{"@type":"WebSite","@id":"https:\/\/www.alongavecanna.com\/fr\/#website","url":"https:\/\/www.alongavecanna.com\/fr\/","name":"Along Avec Anna","description":"Ethical yarn &amp; timeless knitting patterns","publisher":{"@id":"https:\/\/www.alongavecanna.com\/fr\/#organization"},"potentialAction":[{"@type":"SearchAction","target":{"@type":"EntryPoint","urlTemplate":"https:\/\/www.alongavecanna.com\/fr\/?s={search_term_string}"},"query-input":{"@type":"PropertyValueSpecification","valueRequired":true,"valueName":"search_term_string"}}],"inLanguage":"fr-FR"},{"@type":"Organization","@id":"https:\/\/www.alongavecanna.com\/fr\/#organization","name":"Along Avec Anna","url":"https:\/\/www.alongavecanna.com\/fr\/","logo":{"@type":"ImageObject","inLanguage":"fr-FR","@id":"https:\/\/www.alongavecanna.com\/fr\/#\/schema\/logo\/image\/","url":"https:\/\/www.alongavecanna.com\/wp-content\/uploads\/2023\/01\/logo-along-avec-anna.png","contentUrl":"https:\/\/www.alongavecanna.com\/wp-content\/uploads\/2023\/01\/logo-along-avec-anna.png","width":1728,"height":627,"caption":"Along Avec Anna"},"image":{"@id":"https:\/\/www.alongavecanna.com\/fr\/#\/schema\/logo\/image\/"},"sameAs":["https:\/\/facebook.com\/alongavecanna","https:\/\/www.instagram.com\/along.avec.anna\/"]}]}},"_links":{"self":[{"href":"https:\/\/www.alongavecanna.com\/fr\/wp-json\/wp\/v2\/product\/51960","targetHints":{"allow":["GET"]}}],"collection":[{"href":"https:\/\/www.alongavecanna.com\/fr\/wp-json\/wp\/v2\/product"}],"about":[{"href":"https:\/\/www.alongavecanna.com\/fr\/wp-json\/wp\/v2\/types\/product"}],"replies":[{"embeddable":true,"href":"https:\/\/www.alongavecanna.com\/fr\/wp-json\/wp\/v2\/comments?post=51960"}],"version-history":[{"count":0,"href":"https:\/\/www.alongavecanna.com\/fr\/wp-json\/wp\/v2\/product\/51960\/revisions"}],"wp:featuredmedia":[{"embeddable":true,"href":"https:\/\/www.alongavecanna.com\/fr\/wp-json\/wp\/v2\/media\/60367"}],"wp:attachment":[{"href":"https:\/\/www.alongavecanna.com\/fr\/wp-json\/wp\/v2\/media?parent=51960"}],"wp:term":[{"taxonomy":"product_brand","embeddable":true,"href":"https:\/\/www.alongavecanna.com\/fr\/wp-json\/wp\/v2\/product_brand?post=51960"},{"taxonomy":"product_cat","embeddable":true,"href":"https:\/\/www.alongavecanna.com\/fr\/wp-json\/wp\/v2\/product_cat?post=51960"},{"taxonomy":"product_tag","embeddable":true,"href":"https:\/\/www.alongavecanna.com\/fr\/wp-json\/wp\/v2\/product_tag?post=51960"}],"curies":[{"name":"wp","href":"https:\/\/api.w.org\/{rel}","templated":true}]}}