{"id":51948,"date":"2019-11-11T12:41:43","date_gmt":"2019-11-11T12:41:43","guid":{"rendered":"https:\/\/preprod.alongavecanna.com\/product\/rosa-little\/"},"modified":"2023-02-10T21:36:08","modified_gmt":"2023-02-10T21:36:08","slug":"rosa-little","status":"publish","type":"product","link":"https:\/\/www.alongavecanna.com\/fr\/produit\/rosa-little\/","title":{"rendered":"Rosa (Little)"},"content":{"rendered":"<p style=\"text-align: justify;\"><strong>Tailles <\/strong>: 3, (6, 12, 18) mois 2, 4, 6, 8 10, 12 ans<\/p>\n<p style=\"text-align: justify;\"><strong>\u00c9chantillon<\/strong>: 23 m x 31 rgs = 10 cm en jersey en aiguilles 4mm\/US 6 (ou une autre taille en fonction de votre \u00e9chantillon)<\/p>\n<p style=\"text-align: justify;\"><strong>Laines <\/strong>: <strong>Option 1<\/strong>: un seul fil DK &#8211; environ 240, (260, 300, 340) 340, 360, 390, 450 520, 550 m\u00e8tres <span class=\"JsGRdQ\">Soit 3 (3, 3, 4) 4, 4, 4, 5 5, 5 pelotes de Double Merino &#8211; Along avec Anna<\/span><\/p>\n<p style=\"text-align: justify;\"><strong>Option 2<\/strong>: deux fils \u00e0 tricoter ensemble &#8211; un fil fingering et un fil lace de mohair : environ (non recommand\u00e9 pour les b\u00e9b\u00e9s) 340, 360, 390, 450 520, 550 m\u00e8tres de chaque <span class=\"JsGRdQ\">soit 2, (2, 2, 2) 2, 2, 2, 3 3, 3 pelotes de Merino &#8211; Along avec Anna &amp; 2, (2, 2, 2) 2, 2, 2, 3 3, 3 pelotes de Silk Mohair &#8211; Along avec Anna<\/span><\/p>\n<p style=\"text-align: justify;\"><strong>Versions de pr\u00e9sentation <\/strong>: tricot\u00e9es en taille 4 ans et 2 ans<\/p>\n<p style=\"text-align: justify;\"><strong> aiguilles pr\u00e9conis\u00e9es (si votre \u00e9chantillon correspond bien) <\/strong>: 4mm\/US 6 pour le corps et les manches; 3.5mm\/US 4 pour les c\u00f4tes<\/p>\n<p style=\"text-align: justify;\"><strong>Mat\u00e9riel <\/strong>: 6 boutons de 11mm, 8 anneaux marqueurs + 2 marqueurs \u00e0 fermoir, morceaux de laine pour mettre les mailles en attente, aiguille \u00e0 laine pour rentrer les fils<\/p>\n","protected":false},"excerpt":{"rendered":"<p style=\"text-align: justify;\"><strong>Rosa (Little)<\/strong> est un gilet qui poss\u00e8de une tr\u00e8s belle dentelle sur le raglan. Il poss\u00e8de des c\u00f4tes 2&#215;2 sur les poignets et le bas du corps et de nombreux petits boutons sur le devant.<\/p>\n<p style=\"text-align: justify;\">Il peut \u00eatre tricot\u00e9 <strong>soit avec deux fils (un fingering et un mohair),<\/strong> <strong>soit un seul fil DK<\/strong>. Il est recommand\u00e9 de le tricoter sans mohair pour les b\u00e9b\u00e9s (3 \u00e0 18 mois). Pour les tailles du 3 au 18 mois, le gilet est propos\u00e9 avec une longueur standard. Il se raccourcit en un mod\u00e8le crop \u00e0 partir de la taille 2 ans.<\/p>\n<p style=\"text-align: justify;\">Accessible <strong>aux d\u00e9butants<\/strong>.<\/p>\n<p style=\"text-align: justify;\">Une version adulte en col V est disponible sur Ravelry sous le nom \u201c<strong>Rosa (cardigan)<\/strong>\u201d<\/p>\n<p style=\"text-align: justify;\">Ce patron est un <strong>pdf num\u00e9rique.<\/strong><\/p>\n","protected":false},"featured_media":50569,"comment_status":"closed","ping_status":"closed","template":"","meta":[],"product_brand":[],"product_cat":[387,382,380,379,376,386,405,381,383,388],"product_tag":[267],"class_list":{"0":"post-51948","1":"product","2":"type-product","3":"status-publish","4":"has-post-thumbnail","6":"product_cat-duos","7":"product_cat-patrons-allemand","8":"product_cat-patrons-anglais","9":"product_cat-patrons-danois","10":"product_cat-patrons-de-tricot","11":"product_cat-patrons-enfant","12":"product_cat-patrons-espagnol","13":"product_cat-patrons-francais","14":"product_cat-patrons-italien","15":"product_cat-patrons-portugais","16":"product_tag-gilet-fr","18":"first","19":"instock","20":"downloadable","21":"virtual","22":"taxable","23":"purchasable","24":"product-type-simple"},"yoast_head":"<!-- This site is optimized with the Yoast SEO plugin v27.4 - https:\/\/yoast.com\/product\/yoast-seo-wordpress\/ -->\n<title>Rosa (Little) - Along Avec Anna<\/title>\n<meta name=\"robots\" content=\"index, follow, max-snippet:-1, max-image-preview:large, max-video-preview:-1\" \/>\n<link rel=\"canonical\" href=\"https:\/\/www.alongavecanna.com\/fr\/produit\/rosa-little\/\" \/>\n<meta property=\"og:locale\" content=\"fr_FR\" \/>\n<meta property=\"og:type\" content=\"article\" \/>\n<meta property=\"og:title\" content=\"Rosa (Little) - Along Avec Anna\" \/>\n<meta property=\"og:description\" content=\"Rosa (Little) est un gilet qui poss\u00e8de une tr\u00e8s belle dentelle sur le raglan. Il poss\u00e8de des c\u00f4tes 2x2 sur les poignets et le bas du corps et de nombreux petits boutons sur le devant.            Il peut \u00eatre tricot\u00e9 soit avec deux fils (un fingering et un mohair), soit un seul fil DK. Il est recommand\u00e9 de le tricoter sans mohair pour les b\u00e9b\u00e9s (3 \u00e0 18 mois). Pour les tailles du 3 au 18 mois, le gilet est propos\u00e9 avec une longueur standard. Il se raccourcit en un mod\u00e8le crop \u00e0 partir de la taille 2 ans.            Accessible aux d\u00e9butants.            Une version adulte en col V est disponible sur Ravelry sous le nom \u201cRosa (cardigan)\u201d            Ce patron est un pdf num\u00e9rique.\" \/>\n<meta property=\"og:url\" content=\"https:\/\/www.alongavecanna.com\/fr\/produit\/rosa-little\/\" \/>\n<meta property=\"og:site_name\" content=\"Along Avec Anna\" \/>\n<meta property=\"article:publisher\" content=\"https:\/\/facebook.com\/alongavecanna\" \/>\n<meta property=\"article:modified_time\" content=\"2023-02-10T21:36:08+00:00\" \/>\n<meta property=\"og:image\" content=\"https:\/\/www.alongavecanna.com\/wp-content\/uploads\/2022\/12\/D725011.jpg\" \/>\n\t<meta property=\"og:image:width\" content=\"1632\" \/>\n\t<meta property=\"og:image:height\" content=\"2464\" \/>\n\t<meta property=\"og:image:type\" content=\"image\/jpeg\" \/>\n<meta name=\"twitter:card\" content=\"summary_large_image\" \/>\n<meta name=\"twitter:label1\" content=\"Dur\u00e9e de lecture estim\u00e9e\" \/>\n\t<meta name=\"twitter:data1\" content=\"1 minute\" \/>\n<script type=\"application\/ld+json\" class=\"yoast-schema-graph\">{\"@context\":\"https:\\\/\\\/schema.org\",\"@graph\":[{\"@type\":\"WebPage\",\"@id\":\"https:\\\/\\\/www.alongavecanna.com\\\/fr\\\/produit\\\/rosa-little\\\/\",\"url\":\"https:\\\/\\\/www.alongavecanna.com\\\/fr\\\/produit\\\/rosa-little\\\/\",\"name\":\"Rosa (Little) - Along Avec Anna\",\"isPartOf\":{\"@id\":\"https:\\\/\\\/www.alongavecanna.com\\\/fr\\\/#website\"},\"primaryImageOfPage\":{\"@id\":\"https:\\\/\\\/www.alongavecanna.com\\\/fr\\\/produit\\\/rosa-little\\\/#primaryimage\"},\"image\":{\"@id\":\"https:\\\/\\\/www.alongavecanna.com\\\/fr\\\/produit\\\/rosa-little\\\/#primaryimage\"},\"thumbnailUrl\":\"https:\\\/\\\/www.alongavecanna.com\\\/wp-content\\\/uploads\\\/2022\\\/12\\\/D725011.jpg\",\"datePublished\":\"2019-11-11T12:41:43+00:00\",\"dateModified\":\"2023-02-10T21:36:08+00:00\",\"breadcrumb\":{\"@id\":\"https:\\\/\\\/www.alongavecanna.com\\\/fr\\\/produit\\\/rosa-little\\\/#breadcrumb\"},\"inLanguage\":\"fr-FR\",\"potentialAction\":[{\"@type\":\"ReadAction\",\"target\":[\"https:\\\/\\\/www.alongavecanna.com\\\/fr\\\/produit\\\/rosa-little\\\/\"]}]},{\"@type\":\"ImageObject\",\"inLanguage\":\"fr-FR\",\"@id\":\"https:\\\/\\\/www.alongavecanna.com\\\/fr\\\/produit\\\/rosa-little\\\/#primaryimage\",\"url\":\"https:\\\/\\\/www.alongavecanna.com\\\/wp-content\\\/uploads\\\/2022\\\/12\\\/D725011.jpg\",\"contentUrl\":\"https:\\\/\\\/www.alongavecanna.com\\\/wp-content\\\/uploads\\\/2022\\\/12\\\/D725011.jpg\",\"width\":1632,\"height\":2464},{\"@type\":\"BreadcrumbList\",\"@id\":\"https:\\\/\\\/www.alongavecanna.com\\\/fr\\\/produit\\\/rosa-little\\\/#breadcrumb\",\"itemListElement\":[{\"@type\":\"ListItem\",\"position\":1,\"name\":\"Home\",\"item\":\"https:\\\/\\\/www.alongavecanna.com\\\/fr\\\/\"},{\"@type\":\"ListItem\",\"position\":2,\"name\":\"Produits\",\"item\":\"https:\\\/\\\/www.alongavecanna.com\\\/fr\\\/shop\\\/\"},{\"@type\":\"ListItem\",\"position\":3,\"name\":\"Rosa (Little)\"}]},{\"@type\":\"WebSite\",\"@id\":\"https:\\\/\\\/www.alongavecanna.com\\\/fr\\\/#website\",\"url\":\"https:\\\/\\\/www.alongavecanna.com\\\/fr\\\/\",\"name\":\"Along Avec Anna\",\"description\":\"Ethical yarn &amp; timeless knitting patterns\",\"publisher\":{\"@id\":\"https:\\\/\\\/www.alongavecanna.com\\\/fr\\\/#organization\"},\"potentialAction\":[{\"@type\":\"SearchAction\",\"target\":{\"@type\":\"EntryPoint\",\"urlTemplate\":\"https:\\\/\\\/www.alongavecanna.com\\\/fr\\\/?s={search_term_string}\"},\"query-input\":{\"@type\":\"PropertyValueSpecification\",\"valueRequired\":true,\"valueName\":\"search_term_string\"}}],\"inLanguage\":\"fr-FR\"},{\"@type\":\"Organization\",\"@id\":\"https:\\\/\\\/www.alongavecanna.com\\\/fr\\\/#organization\",\"name\":\"Along Avec Anna\",\"url\":\"https:\\\/\\\/www.alongavecanna.com\\\/fr\\\/\",\"logo\":{\"@type\":\"ImageObject\",\"inLanguage\":\"fr-FR\",\"@id\":\"https:\\\/\\\/www.alongavecanna.com\\\/fr\\\/#\\\/schema\\\/logo\\\/image\\\/\",\"url\":\"https:\\\/\\\/www.alongavecanna.com\\\/wp-content\\\/uploads\\\/2023\\\/01\\\/logo-along-avec-anna.png\",\"contentUrl\":\"https:\\\/\\\/www.alongavecanna.com\\\/wp-content\\\/uploads\\\/2023\\\/01\\\/logo-along-avec-anna.png\",\"width\":1728,\"height\":627,\"caption\":\"Along Avec Anna\"},\"image\":{\"@id\":\"https:\\\/\\\/www.alongavecanna.com\\\/fr\\\/#\\\/schema\\\/logo\\\/image\\\/\"},\"sameAs\":[\"https:\\\/\\\/facebook.com\\\/alongavecanna\",\"https:\\\/\\\/www.instagram.com\\\/along.avec.anna\\\/\"]}]}<\/script>\n<!-- \/ Yoast SEO plugin. -->","yoast_head_json":{"title":"Rosa (Little) - Along Avec Anna","robots":{"index":"index","follow":"follow","max-snippet":"max-snippet:-1","max-image-preview":"max-image-preview:large","max-video-preview":"max-video-preview:-1"},"canonical":"https:\/\/www.alongavecanna.com\/fr\/produit\/rosa-little\/","og_locale":"fr_FR","og_type":"article","og_title":"Rosa (Little) - Along Avec Anna","og_description":"Rosa (Little) est un gilet qui poss\u00e8de une tr\u00e8s belle dentelle sur le raglan. Il poss\u00e8de des c\u00f4tes 2x2 sur les poignets et le bas du corps et de nombreux petits boutons sur le devant.            Il peut \u00eatre tricot\u00e9 soit avec deux fils (un fingering et un mohair), soit un seul fil DK. Il est recommand\u00e9 de le tricoter sans mohair pour les b\u00e9b\u00e9s (3 \u00e0 18 mois). Pour les tailles du 3 au 18 mois, le gilet est propos\u00e9 avec une longueur standard. Il se raccourcit en un mod\u00e8le crop \u00e0 partir de la taille 2 ans.            Accessible aux d\u00e9butants.            Une version adulte en col V est disponible sur Ravelry sous le nom \u201cRosa (cardigan)\u201d            Ce patron est un pdf num\u00e9rique.","og_url":"https:\/\/www.alongavecanna.com\/fr\/produit\/rosa-little\/","og_site_name":"Along Avec Anna","article_publisher":"https:\/\/facebook.com\/alongavecanna","article_modified_time":"2023-02-10T21:36:08+00:00","og_image":[{"width":1632,"height":2464,"url":"https:\/\/www.alongavecanna.com\/wp-content\/uploads\/2022\/12\/D725011.jpg","type":"image\/jpeg"}],"twitter_card":"summary_large_image","twitter_misc":{"Dur\u00e9e de lecture estim\u00e9e":"1 minute"},"schema":{"@context":"https:\/\/schema.org","@graph":[{"@type":"WebPage","@id":"https:\/\/www.alongavecanna.com\/fr\/produit\/rosa-little\/","url":"https:\/\/www.alongavecanna.com\/fr\/produit\/rosa-little\/","name":"Rosa (Little) - Along Avec Anna","isPartOf":{"@id":"https:\/\/www.alongavecanna.com\/fr\/#website"},"primaryImageOfPage":{"@id":"https:\/\/www.alongavecanna.com\/fr\/produit\/rosa-little\/#primaryimage"},"image":{"@id":"https:\/\/www.alongavecanna.com\/fr\/produit\/rosa-little\/#primaryimage"},"thumbnailUrl":"https:\/\/www.alongavecanna.com\/wp-content\/uploads\/2022\/12\/D725011.jpg","datePublished":"2019-11-11T12:41:43+00:00","dateModified":"2023-02-10T21:36:08+00:00","breadcrumb":{"@id":"https:\/\/www.alongavecanna.com\/fr\/produit\/rosa-little\/#breadcrumb"},"inLanguage":"fr-FR","potentialAction":[{"@type":"ReadAction","target":["https:\/\/www.alongavecanna.com\/fr\/produit\/rosa-little\/"]}]},{"@type":"ImageObject","inLanguage":"fr-FR","@id":"https:\/\/www.alongavecanna.com\/fr\/produit\/rosa-little\/#primaryimage","url":"https:\/\/www.alongavecanna.com\/wp-content\/uploads\/2022\/12\/D725011.jpg","contentUrl":"https:\/\/www.alongavecanna.com\/wp-content\/uploads\/2022\/12\/D725011.jpg","width":1632,"height":2464},{"@type":"BreadcrumbList","@id":"https:\/\/www.alongavecanna.com\/fr\/produit\/rosa-little\/#breadcrumb","itemListElement":[{"@type":"ListItem","position":1,"name":"Home","item":"https:\/\/www.alongavecanna.com\/fr\/"},{"@type":"ListItem","position":2,"name":"Produits","item":"https:\/\/www.alongavecanna.com\/fr\/shop\/"},{"@type":"ListItem","position":3,"name":"Rosa (Little)"}]},{"@type":"WebSite","@id":"https:\/\/www.alongavecanna.com\/fr\/#website","url":"https:\/\/www.alongavecanna.com\/fr\/","name":"Along Avec Anna","description":"Ethical yarn &amp; timeless knitting patterns","publisher":{"@id":"https:\/\/www.alongavecanna.com\/fr\/#organization"},"potentialAction":[{"@type":"SearchAction","target":{"@type":"EntryPoint","urlTemplate":"https:\/\/www.alongavecanna.com\/fr\/?s={search_term_string}"},"query-input":{"@type":"PropertyValueSpecification","valueRequired":true,"valueName":"search_term_string"}}],"inLanguage":"fr-FR"},{"@type":"Organization","@id":"https:\/\/www.alongavecanna.com\/fr\/#organization","name":"Along Avec Anna","url":"https:\/\/www.alongavecanna.com\/fr\/","logo":{"@type":"ImageObject","inLanguage":"fr-FR","@id":"https:\/\/www.alongavecanna.com\/fr\/#\/schema\/logo\/image\/","url":"https:\/\/www.alongavecanna.com\/wp-content\/uploads\/2023\/01\/logo-along-avec-anna.png","contentUrl":"https:\/\/www.alongavecanna.com\/wp-content\/uploads\/2023\/01\/logo-along-avec-anna.png","width":1728,"height":627,"caption":"Along Avec Anna"},"image":{"@id":"https:\/\/www.alongavecanna.com\/fr\/#\/schema\/logo\/image\/"},"sameAs":["https:\/\/facebook.com\/alongavecanna","https:\/\/www.instagram.com\/along.avec.anna\/"]}]}},"_links":{"self":[{"href":"https:\/\/www.alongavecanna.com\/fr\/wp-json\/wp\/v2\/product\/51948","targetHints":{"allow":["GET"]}}],"collection":[{"href":"https:\/\/www.alongavecanna.com\/fr\/wp-json\/wp\/v2\/product"}],"about":[{"href":"https:\/\/www.alongavecanna.com\/fr\/wp-json\/wp\/v2\/types\/product"}],"replies":[{"embeddable":true,"href":"https:\/\/www.alongavecanna.com\/fr\/wp-json\/wp\/v2\/comments?post=51948"}],"version-history":[{"count":0,"href":"https:\/\/www.alongavecanna.com\/fr\/wp-json\/wp\/v2\/product\/51948\/revisions"}],"wp:featuredmedia":[{"embeddable":true,"href":"https:\/\/www.alongavecanna.com\/fr\/wp-json\/wp\/v2\/media\/50569"}],"wp:attachment":[{"href":"https:\/\/www.alongavecanna.com\/fr\/wp-json\/wp\/v2\/media?parent=51948"}],"wp:term":[{"taxonomy":"product_brand","embeddable":true,"href":"https:\/\/www.alongavecanna.com\/fr\/wp-json\/wp\/v2\/product_brand?post=51948"},{"taxonomy":"product_cat","embeddable":true,"href":"https:\/\/www.alongavecanna.com\/fr\/wp-json\/wp\/v2\/product_cat?post=51948"},{"taxonomy":"product_tag","embeddable":true,"href":"https:\/\/www.alongavecanna.com\/fr\/wp-json\/wp\/v2\/product_tag?post=51948"}],"curies":[{"name":"wp","href":"https:\/\/api.w.org\/{rel}","templated":true}]}}