{"id":51747,"date":"2020-06-25T19:35:39","date_gmt":"2020-06-25T19:35:39","guid":{"rendered":"https:\/\/preprod.alongavecanna.com\/product\/rosa-tee-lady\/"},"modified":"2024-05-21T11:59:57","modified_gmt":"2024-05-21T11:59:57","slug":"rosa-tee-lady","status":"publish","type":"product","link":"https:\/\/www.alongavecanna.com\/fr\/produit\/rosa-tee-lady\/","title":{"rendered":"Rosa Tee (Lady)"},"content":{"rendered":"<p style=\"text-align: justify;\"><strong>Tailles <\/strong>: 81.5, 86.5, 92 (96.5, 101.5, 106.5, 112, 116.5) 121.5, 126.5, 132, 136.5, 141.5 146.5, 152, 156.5 cm de tour de poitrine (v\u00eatement fini)<\/p>\n<p style=\"text-align: justify;\"><strong>Aisance recommand\u00e9e <\/strong>: environ 5 &#8211; 10 cm d\u2019aisance positive<\/p>\n<p style=\"text-align: justify;\"><strong>\u00c9chantillon <\/strong>: 27 m x 38 rgs = 10 cm en jersey en aiguilles 3mm\/US 2.5 (ou autre taille d\u00e9pendant de votre \u00e9chantillon)<\/p>\n<p style=\"text-align: justify;\"><strong>Laine <\/strong>: Fingering; environ <span class=\"SS_gjA\">800, 850, 940 (1000, 1040, 1080, 1140, 1180) <\/span><span class=\"SS_gjA\">[1230, 1300, 1380, 1440, 1500] 1550, 1600, 1650 m\u00e8tres soit <span class=\"JsGRdQ\">4, 5, 5 (5, 6, 6, 6)<\/span> <span class=\"JsGRdQ\">[7, 7, 7, 8, 8] 8, 8, 9 pelots de Merino &#8211; Along avec Anna<\/span><\/span><\/p>\n<p style=\"text-align: justify;\"><em>Version de pr\u00e9sentation\u00a0<\/em>:<br \/>\nMerino Colombe, tricot\u00e9e en T92<\/p>\n<p style=\"text-align: justify;\"><strong>Aiguilles pr\u00e9conis\u00e9es <\/strong> (si votre \u00e9chantillon correspond bien) : 3mm\/US 2.5 pour le corps et les manches et 2.75mm pour les finitions dents de chat et l\u2019Icord<\/p>\n<p style=\"text-align: justify;\"><strong>Mat\u00e9riel <\/strong>: anneaux marqueurs, morceaux de laine pour mettre les mailles en attente, aiguille \u00e0 laine pour rentrer les fils<\/p>\n","protected":false},"excerpt":{"rendered":"<p>&nbsp;<\/p>\n<p style=\"text-align: justify;\"><strong>Rosa Tee (Lady)<\/strong> est un tee-shirt d\u2019\u00e9t\u00e9 qui poss\u00e8de une tr\u00e8s belle dentelle sur le raglan.<br \/>\nIl pr\u00e9sente une ouverture dans le dos qui se ferme par \u00e0 un joli Icord nou\u00e9 au niveau de l\u2019encolure. Des ourlets en dents de chat (ou pli\u00e9s, selon les pr\u00e9f\u00e9rences), viennent finir les manches et le bas du corps.<\/p>\n<p style=\"text-align: justify;\"><strong>Il se tricote du haut vers le bas <\/strong>: le dos, les manches et les devants sont tricot\u00e9s en aller-retour pour cr\u00e9er une ouverture dans le dos qui permettra de passer la t\u00eate, puis sont ensuite rejoints pour fermer le pull et le tricoter en rond. Les manches sont mises en attente afin de tricoter le corps ; Enfin, les mailles de l\u2019encolure sont relev\u00e9es pour tricoter une finition en<br \/>\nIcord qui se noue dans le dos.<\/p>\n<p style=\"text-align: justify;\">Une version enfant est disponible sur Ravelry &amp; alongavecanna.com sous le nom \u201c<strong>Rosa Tee (Little)<\/strong>\u201d<\/p>\n","protected":false},"featured_media":66627,"comment_status":"closed","ping_status":"closed","template":"","meta":[],"product_brand":[],"product_cat":[387,380,376,370,377,381],"product_tag":[],"class_list":{"0":"post-51747","1":"product","2":"type-product","3":"status-publish","4":"has-post-thumbnail","6":"product_cat-duos","7":"product_cat-patrons-anglais","8":"product_cat-patrons-de-tricot","9":"product_cat-patrons-debutants","10":"product_cat-patrons-femme","11":"product_cat-patrons-francais","13":"first","14":"instock","15":"downloadable","16":"virtual","17":"taxable","18":"purchasable","19":"product-type-simple"},"yoast_head":"<!-- This site is optimized with the Yoast SEO plugin v27.4 - https:\/\/yoast.com\/product\/yoast-seo-wordpress\/ -->\n<title>Rosa Tee (Lady) - Along Avec Anna<\/title>\n<meta name=\"robots\" content=\"index, follow, max-snippet:-1, max-image-preview:large, max-video-preview:-1\" \/>\n<link rel=\"canonical\" href=\"https:\/\/www.alongavecanna.com\/fr\/produit\/rosa-tee-lady\/\" \/>\n<meta property=\"og:locale\" content=\"fr_FR\" \/>\n<meta property=\"og:type\" content=\"article\" \/>\n<meta property=\"og:title\" content=\"Rosa Tee (Lady) - Along Avec Anna\" \/>\n<meta property=\"og:description\" content=\"&nbsp; Rosa Tee (Lady) est un tee-shirt d\u2019\u00e9t\u00e9 qui poss\u00e8de une tr\u00e8s belle dentelle sur le raglan. Il pr\u00e9sente une ouverture dans le dos qui se ferme par \u00e0 un joli Icord nou\u00e9 au niveau de l\u2019encolure. Des ourlets en dents de chat (ou pli\u00e9s, selon les pr\u00e9f\u00e9rences), viennent finir les manches et le bas du corps. Il se tricote du haut vers le bas : le dos, les manches et les devants sont tricot\u00e9s en aller-retour pour cr\u00e9er une ouverture dans le dos qui permettra de passer la t\u00eate, puis sont ensuite rejoints pour fermer le pull et le tricoter en rond. Les manches sont mises en attente afin de tricoter le corps ; Enfin, les mailles de l\u2019encolure sont relev\u00e9es pour tricoter une finition en Icord qui se noue dans le dos. Une version enfant est disponible sur Ravelry &amp; alongavecanna.com sous le nom \u201cRosa Tee (Little)\u201d\" \/>\n<meta property=\"og:url\" content=\"https:\/\/www.alongavecanna.com\/fr\/produit\/rosa-tee-lady\/\" \/>\n<meta property=\"og:site_name\" content=\"Along Avec Anna\" \/>\n<meta property=\"article:publisher\" content=\"https:\/\/facebook.com\/alongavecanna\" \/>\n<meta property=\"article:modified_time\" content=\"2024-05-21T11:59:57+00:00\" \/>\n<meta property=\"og:image\" content=\"https:\/\/www.alongavecanna.com\/wp-content\/uploads\/2020\/06\/AnnaMayshoot-34.jpg\" \/>\n\t<meta property=\"og:image:width\" content=\"1024\" \/>\n\t<meta property=\"og:image:height\" content=\"1536\" \/>\n\t<meta property=\"og:image:type\" content=\"image\/jpeg\" \/>\n<meta name=\"twitter:card\" content=\"summary_large_image\" \/>\n<meta name=\"twitter:label1\" content=\"Dur\u00e9e de lecture estim\u00e9e\" \/>\n\t<meta name=\"twitter:data1\" content=\"1 minute\" \/>\n<script type=\"application\/ld+json\" class=\"yoast-schema-graph\">{\"@context\":\"https:\\\/\\\/schema.org\",\"@graph\":[{\"@type\":\"WebPage\",\"@id\":\"https:\\\/\\\/www.alongavecanna.com\\\/fr\\\/produit\\\/rosa-tee-lady\\\/\",\"url\":\"https:\\\/\\\/www.alongavecanna.com\\\/fr\\\/produit\\\/rosa-tee-lady\\\/\",\"name\":\"Rosa Tee (Lady) - Along Avec Anna\",\"isPartOf\":{\"@id\":\"https:\\\/\\\/www.alongavecanna.com\\\/fr\\\/#website\"},\"primaryImageOfPage\":{\"@id\":\"https:\\\/\\\/www.alongavecanna.com\\\/fr\\\/produit\\\/rosa-tee-lady\\\/#primaryimage\"},\"image\":{\"@id\":\"https:\\\/\\\/www.alongavecanna.com\\\/fr\\\/produit\\\/rosa-tee-lady\\\/#primaryimage\"},\"thumbnailUrl\":\"https:\\\/\\\/www.alongavecanna.com\\\/wp-content\\\/uploads\\\/2020\\\/06\\\/AnnaMayshoot-34.jpg\",\"datePublished\":\"2020-06-25T19:35:39+00:00\",\"dateModified\":\"2024-05-21T11:59:57+00:00\",\"breadcrumb\":{\"@id\":\"https:\\\/\\\/www.alongavecanna.com\\\/fr\\\/produit\\\/rosa-tee-lady\\\/#breadcrumb\"},\"inLanguage\":\"fr-FR\",\"potentialAction\":[{\"@type\":\"ReadAction\",\"target\":[\"https:\\\/\\\/www.alongavecanna.com\\\/fr\\\/produit\\\/rosa-tee-lady\\\/\"]}]},{\"@type\":\"ImageObject\",\"inLanguage\":\"fr-FR\",\"@id\":\"https:\\\/\\\/www.alongavecanna.com\\\/fr\\\/produit\\\/rosa-tee-lady\\\/#primaryimage\",\"url\":\"https:\\\/\\\/www.alongavecanna.com\\\/wp-content\\\/uploads\\\/2020\\\/06\\\/AnnaMayshoot-34.jpg\",\"contentUrl\":\"https:\\\/\\\/www.alongavecanna.com\\\/wp-content\\\/uploads\\\/2020\\\/06\\\/AnnaMayshoot-34.jpg\",\"width\":1024,\"height\":1536},{\"@type\":\"BreadcrumbList\",\"@id\":\"https:\\\/\\\/www.alongavecanna.com\\\/fr\\\/produit\\\/rosa-tee-lady\\\/#breadcrumb\",\"itemListElement\":[{\"@type\":\"ListItem\",\"position\":1,\"name\":\"Home\",\"item\":\"https:\\\/\\\/www.alongavecanna.com\\\/fr\\\/\"},{\"@type\":\"ListItem\",\"position\":2,\"name\":\"Produits\",\"item\":\"https:\\\/\\\/www.alongavecanna.com\\\/fr\\\/shop\\\/\"},{\"@type\":\"ListItem\",\"position\":3,\"name\":\"Rosa Tee (Lady)\"}]},{\"@type\":\"WebSite\",\"@id\":\"https:\\\/\\\/www.alongavecanna.com\\\/fr\\\/#website\",\"url\":\"https:\\\/\\\/www.alongavecanna.com\\\/fr\\\/\",\"name\":\"Along Avec Anna\",\"description\":\"Ethical yarn &amp; timeless knitting patterns\",\"publisher\":{\"@id\":\"https:\\\/\\\/www.alongavecanna.com\\\/fr\\\/#organization\"},\"potentialAction\":[{\"@type\":\"SearchAction\",\"target\":{\"@type\":\"EntryPoint\",\"urlTemplate\":\"https:\\\/\\\/www.alongavecanna.com\\\/fr\\\/?s={search_term_string}\"},\"query-input\":{\"@type\":\"PropertyValueSpecification\",\"valueRequired\":true,\"valueName\":\"search_term_string\"}}],\"inLanguage\":\"fr-FR\"},{\"@type\":\"Organization\",\"@id\":\"https:\\\/\\\/www.alongavecanna.com\\\/fr\\\/#organization\",\"name\":\"Along Avec Anna\",\"url\":\"https:\\\/\\\/www.alongavecanna.com\\\/fr\\\/\",\"logo\":{\"@type\":\"ImageObject\",\"inLanguage\":\"fr-FR\",\"@id\":\"https:\\\/\\\/www.alongavecanna.com\\\/fr\\\/#\\\/schema\\\/logo\\\/image\\\/\",\"url\":\"https:\\\/\\\/www.alongavecanna.com\\\/wp-content\\\/uploads\\\/2023\\\/01\\\/logo-along-avec-anna.png\",\"contentUrl\":\"https:\\\/\\\/www.alongavecanna.com\\\/wp-content\\\/uploads\\\/2023\\\/01\\\/logo-along-avec-anna.png\",\"width\":1728,\"height\":627,\"caption\":\"Along Avec Anna\"},\"image\":{\"@id\":\"https:\\\/\\\/www.alongavecanna.com\\\/fr\\\/#\\\/schema\\\/logo\\\/image\\\/\"},\"sameAs\":[\"https:\\\/\\\/facebook.com\\\/alongavecanna\",\"https:\\\/\\\/www.instagram.com\\\/along.avec.anna\\\/\"]}]}<\/script>\n<!-- \/ Yoast SEO plugin. -->","yoast_head_json":{"title":"Rosa Tee (Lady) - Along Avec Anna","robots":{"index":"index","follow":"follow","max-snippet":"max-snippet:-1","max-image-preview":"max-image-preview:large","max-video-preview":"max-video-preview:-1"},"canonical":"https:\/\/www.alongavecanna.com\/fr\/produit\/rosa-tee-lady\/","og_locale":"fr_FR","og_type":"article","og_title":"Rosa Tee (Lady) - Along Avec Anna","og_description":"&nbsp; Rosa Tee (Lady) est un tee-shirt d\u2019\u00e9t\u00e9 qui poss\u00e8de une tr\u00e8s belle dentelle sur le raglan. Il pr\u00e9sente une ouverture dans le dos qui se ferme par \u00e0 un joli Icord nou\u00e9 au niveau de l\u2019encolure. Des ourlets en dents de chat (ou pli\u00e9s, selon les pr\u00e9f\u00e9rences), viennent finir les manches et le bas du corps. Il se tricote du haut vers le bas : le dos, les manches et les devants sont tricot\u00e9s en aller-retour pour cr\u00e9er une ouverture dans le dos qui permettra de passer la t\u00eate, puis sont ensuite rejoints pour fermer le pull et le tricoter en rond. Les manches sont mises en attente afin de tricoter le corps ; Enfin, les mailles de l\u2019encolure sont relev\u00e9es pour tricoter une finition en Icord qui se noue dans le dos. Une version enfant est disponible sur Ravelry &amp; alongavecanna.com sous le nom \u201cRosa Tee (Little)\u201d","og_url":"https:\/\/www.alongavecanna.com\/fr\/produit\/rosa-tee-lady\/","og_site_name":"Along Avec Anna","article_publisher":"https:\/\/facebook.com\/alongavecanna","article_modified_time":"2024-05-21T11:59:57+00:00","og_image":[{"width":1024,"height":1536,"url":"https:\/\/www.alongavecanna.com\/wp-content\/uploads\/2020\/06\/AnnaMayshoot-34.jpg","type":"image\/jpeg"}],"twitter_card":"summary_large_image","twitter_misc":{"Dur\u00e9e de lecture estim\u00e9e":"1 minute"},"schema":{"@context":"https:\/\/schema.org","@graph":[{"@type":"WebPage","@id":"https:\/\/www.alongavecanna.com\/fr\/produit\/rosa-tee-lady\/","url":"https:\/\/www.alongavecanna.com\/fr\/produit\/rosa-tee-lady\/","name":"Rosa Tee (Lady) - Along Avec Anna","isPartOf":{"@id":"https:\/\/www.alongavecanna.com\/fr\/#website"},"primaryImageOfPage":{"@id":"https:\/\/www.alongavecanna.com\/fr\/produit\/rosa-tee-lady\/#primaryimage"},"image":{"@id":"https:\/\/www.alongavecanna.com\/fr\/produit\/rosa-tee-lady\/#primaryimage"},"thumbnailUrl":"https:\/\/www.alongavecanna.com\/wp-content\/uploads\/2020\/06\/AnnaMayshoot-34.jpg","datePublished":"2020-06-25T19:35:39+00:00","dateModified":"2024-05-21T11:59:57+00:00","breadcrumb":{"@id":"https:\/\/www.alongavecanna.com\/fr\/produit\/rosa-tee-lady\/#breadcrumb"},"inLanguage":"fr-FR","potentialAction":[{"@type":"ReadAction","target":["https:\/\/www.alongavecanna.com\/fr\/produit\/rosa-tee-lady\/"]}]},{"@type":"ImageObject","inLanguage":"fr-FR","@id":"https:\/\/www.alongavecanna.com\/fr\/produit\/rosa-tee-lady\/#primaryimage","url":"https:\/\/www.alongavecanna.com\/wp-content\/uploads\/2020\/06\/AnnaMayshoot-34.jpg","contentUrl":"https:\/\/www.alongavecanna.com\/wp-content\/uploads\/2020\/06\/AnnaMayshoot-34.jpg","width":1024,"height":1536},{"@type":"BreadcrumbList","@id":"https:\/\/www.alongavecanna.com\/fr\/produit\/rosa-tee-lady\/#breadcrumb","itemListElement":[{"@type":"ListItem","position":1,"name":"Home","item":"https:\/\/www.alongavecanna.com\/fr\/"},{"@type":"ListItem","position":2,"name":"Produits","item":"https:\/\/www.alongavecanna.com\/fr\/shop\/"},{"@type":"ListItem","position":3,"name":"Rosa Tee (Lady)"}]},{"@type":"WebSite","@id":"https:\/\/www.alongavecanna.com\/fr\/#website","url":"https:\/\/www.alongavecanna.com\/fr\/","name":"Along Avec Anna","description":"Ethical yarn &amp; timeless knitting patterns","publisher":{"@id":"https:\/\/www.alongavecanna.com\/fr\/#organization"},"potentialAction":[{"@type":"SearchAction","target":{"@type":"EntryPoint","urlTemplate":"https:\/\/www.alongavecanna.com\/fr\/?s={search_term_string}"},"query-input":{"@type":"PropertyValueSpecification","valueRequired":true,"valueName":"search_term_string"}}],"inLanguage":"fr-FR"},{"@type":"Organization","@id":"https:\/\/www.alongavecanna.com\/fr\/#organization","name":"Along Avec Anna","url":"https:\/\/www.alongavecanna.com\/fr\/","logo":{"@type":"ImageObject","inLanguage":"fr-FR","@id":"https:\/\/www.alongavecanna.com\/fr\/#\/schema\/logo\/image\/","url":"https:\/\/www.alongavecanna.com\/wp-content\/uploads\/2023\/01\/logo-along-avec-anna.png","contentUrl":"https:\/\/www.alongavecanna.com\/wp-content\/uploads\/2023\/01\/logo-along-avec-anna.png","width":1728,"height":627,"caption":"Along Avec Anna"},"image":{"@id":"https:\/\/www.alongavecanna.com\/fr\/#\/schema\/logo\/image\/"},"sameAs":["https:\/\/facebook.com\/alongavecanna","https:\/\/www.instagram.com\/along.avec.anna\/"]}]}},"_links":{"self":[{"href":"https:\/\/www.alongavecanna.com\/fr\/wp-json\/wp\/v2\/product\/51747","targetHints":{"allow":["GET"]}}],"collection":[{"href":"https:\/\/www.alongavecanna.com\/fr\/wp-json\/wp\/v2\/product"}],"about":[{"href":"https:\/\/www.alongavecanna.com\/fr\/wp-json\/wp\/v2\/types\/product"}],"replies":[{"embeddable":true,"href":"https:\/\/www.alongavecanna.com\/fr\/wp-json\/wp\/v2\/comments?post=51747"}],"version-history":[{"count":0,"href":"https:\/\/www.alongavecanna.com\/fr\/wp-json\/wp\/v2\/product\/51747\/revisions"}],"wp:featuredmedia":[{"embeddable":true,"href":"https:\/\/www.alongavecanna.com\/fr\/wp-json\/wp\/v2\/media\/66627"}],"wp:attachment":[{"href":"https:\/\/www.alongavecanna.com\/fr\/wp-json\/wp\/v2\/media?parent=51747"}],"wp:term":[{"taxonomy":"product_brand","embeddable":true,"href":"https:\/\/www.alongavecanna.com\/fr\/wp-json\/wp\/v2\/product_brand?post=51747"},{"taxonomy":"product_cat","embeddable":true,"href":"https:\/\/www.alongavecanna.com\/fr\/wp-json\/wp\/v2\/product_cat?post=51747"},{"taxonomy":"product_tag","embeddable":true,"href":"https:\/\/www.alongavecanna.com\/fr\/wp-json\/wp\/v2\/product_tag?post=51747"}],"curies":[{"name":"wp","href":"https:\/\/api.w.org\/{rel}","templated":true}]}}