{"id":51735,"date":"2020-08-13T09:21:32","date_gmt":"2020-08-13T09:21:32","guid":{"rendered":"https:\/\/preprod.alongavecanna.com\/product\/cocoon-pull\/"},"modified":"2023-09-29T21:07:52","modified_gmt":"2023-09-29T21:07:52","slug":"cocoon-jumper","status":"publish","type":"product","link":"https:\/\/www.alongavecanna.com\/fr\/produit\/cocoon-jumper\/","title":{"rendered":"Cocoon (Pull)"},"content":{"rendered":"<p style=\"text-align: justify;\"><strong>Tailles <\/strong>: 95 (102, 108, 115) 125, 135, 143 cm de tour de poitrine<\/p>\n<p style=\"text-align: justify;\"><strong>Echantillon <\/strong>: 22m x 28 rangs = 10cm avec les aiguilles 4mm\/US 6<\/p>\n<p style=\"text-align: justify;\"><strong>Aisance recommand\u00e9e <\/strong>: aisance positive de 15 cm environ au niveau du tour de poitrine.<\/p>\n<p style=\"text-align: justify;\"><strong>Laines<\/strong>: deux fils de Silk Mohair &#8211; Along avec Anna tenus ensemble (210m\/25g)<\/p>\n<p class=\"_04xlpA direction-ltr align-center para-style-body\"><span class=\"S1PPyQ\">Couleur A : 520, 540 (580, 620, 780)<\/span><span class=\"S1PPyQ\"> [840, 900] <\/span><span class=\"S1PPyQ\">m\u00e8tres soit 3, 3 (3, 3, 4) [4, 5] pelotes au total de Silk Mohair<\/span><\/p>\n<p class=\"_04xlpA direction-ltr align-center para-style-body\"><span class=\"S1PPyQ\">Couleur B : 600, 630 (680, 820, 1100)<\/span><span class=\"S1PPyQ\"> [1180, 1220] <\/span><span class=\"S1PPyQ\">m\u00e8tres so 3, 3 (4, 4, 6) [6, 6] pelotes au total de Silk Mohair<\/span><\/p>\n<p class=\"_04xlpA direction-ltr align-center para-style-body\"><span class=\"S1PPyQ\">Couleur C : 540, 580 (620, 680, 720) <\/span><span class=\"S1PPyQ\">[780, 840] <\/span><span class=\"S1PPyQ\">m\u00e8tres soit 3, 3 (3, 4, 4) [4, 4] pelotes au total de Silk Mohair<\/span><\/p>\n<p style=\"text-align: justify;\"><strong>Aiguilles recommand\u00e9es <\/strong>: 4mm\/US 6 pour tout le projet<\/p>\n<p style=\"text-align: justify;\"><strong>Mat\u00e9riel <\/strong>: anneaux marqueurs, aiguille \u00e0 laine et arr\u00eate-mailles.<\/p>\n","protected":false},"excerpt":{"rendered":"<p style=\"text-align: justify;\"><strong>Cocoon<\/strong> est un pull l\u00e9g\u00e8rement boxy qui poss\u00e8de des rayures sur le corps et les manches. Il est tricot\u00e9 avec deux brins de silk mohair tenus ensemble. Il est tricot\u00e9 l\u00e9g\u00e8rement d\u00e9gaug\u00e9 afin d\u2019avoir un rendu fluide et ajour\u00e9.<\/p>\n<p style=\"text-align: justify;\"><strong>La construction est bottom-up<\/strong> : vous commencez par tricoter le bas du corps en rond, puis le devant et le dos sont tricot\u00e9s en aller-retour l\u2019un apr\u00e8s l\u2019autre. Les \u00e9paules sont jointes ensemble et les mailles de l\u2019encolure sont relev\u00e9es pour une finition en c\u00f4tes. Les mailles des manches sont ensuite relev\u00e9es pour les tricoter de l\u2019emmanchure jusqu\u2019au poignet.<\/p>\n","protected":false},"featured_media":60330,"comment_status":"closed","ping_status":"closed","template":"","meta":[],"product_brand":[],"product_cat":[380,376,370,377,381],"product_tag":[],"class_list":{"0":"post-51735","1":"product","2":"type-product","3":"status-publish","4":"has-post-thumbnail","6":"product_cat-patrons-anglais","7":"product_cat-patrons-de-tricot","8":"product_cat-patrons-debutants","9":"product_cat-patrons-femme","10":"product_cat-patrons-francais","12":"first","13":"instock","14":"downloadable","15":"virtual","16":"taxable","17":"purchasable","18":"product-type-simple"},"yoast_head":"<!-- This site is optimized with the Yoast SEO plugin v27.4 - https:\/\/yoast.com\/product\/yoast-seo-wordpress\/ -->\n<title>Cocoon (Pull) - Along Avec Anna<\/title>\n<meta name=\"robots\" content=\"index, follow, max-snippet:-1, max-image-preview:large, max-video-preview:-1\" \/>\n<link rel=\"canonical\" href=\"https:\/\/www.alongavecanna.com\/fr\/produit\/cocoon-jumper\/\" \/>\n<meta property=\"og:locale\" content=\"fr_FR\" \/>\n<meta property=\"og:type\" content=\"article\" \/>\n<meta property=\"og:title\" content=\"Cocoon (Pull) - Along Avec Anna\" \/>\n<meta property=\"og:description\" content=\"Cocoon est un pull l\u00e9g\u00e8rement boxy qui poss\u00e8de des rayures sur le corps et les manches. Il est tricot\u00e9 avec deux brins de silk mohair tenus ensemble. Il est tricot\u00e9 l\u00e9g\u00e8rement d\u00e9gaug\u00e9 afin d\u2019avoir un rendu fluide et ajour\u00e9. La construction est bottom-up : vous commencez par tricoter le bas du corps en rond, puis le devant et le dos sont tricot\u00e9s en aller-retour l\u2019un apr\u00e8s l\u2019autre. Les \u00e9paules sont jointes ensemble et les mailles de l\u2019encolure sont relev\u00e9es pour une finition en c\u00f4tes. Les mailles des manches sont ensuite relev\u00e9es pour les tricoter de l\u2019emmanchure jusqu\u2019au poignet.\" \/>\n<meta property=\"og:url\" content=\"https:\/\/www.alongavecanna.com\/fr\/produit\/cocoon-jumper\/\" \/>\n<meta property=\"og:site_name\" content=\"Along Avec Anna\" \/>\n<meta property=\"article:publisher\" content=\"https:\/\/facebook.com\/alongavecanna\" \/>\n<meta property=\"article:modified_time\" content=\"2023-09-29T21:07:52+00:00\" \/>\n<meta property=\"og:image\" content=\"https:\/\/www.alongavecanna.com\/wp-content\/uploads\/2020\/08\/AlongAvecAnna-339.jpg\" \/>\n\t<meta property=\"og:image:width\" content=\"1024\" \/>\n\t<meta property=\"og:image:height\" content=\"1536\" \/>\n\t<meta property=\"og:image:type\" content=\"image\/jpeg\" \/>\n<meta name=\"twitter:card\" content=\"summary_large_image\" \/>\n<script type=\"application\/ld+json\" class=\"yoast-schema-graph\">{\"@context\":\"https:\\\/\\\/schema.org\",\"@graph\":[{\"@type\":\"WebPage\",\"@id\":\"https:\\\/\\\/www.alongavecanna.com\\\/fr\\\/produit\\\/cocoon-jumper\\\/\",\"url\":\"https:\\\/\\\/www.alongavecanna.com\\\/fr\\\/produit\\\/cocoon-jumper\\\/\",\"name\":\"Cocoon (Pull) - Along Avec Anna\",\"isPartOf\":{\"@id\":\"https:\\\/\\\/www.alongavecanna.com\\\/fr\\\/#website\"},\"primaryImageOfPage\":{\"@id\":\"https:\\\/\\\/www.alongavecanna.com\\\/fr\\\/produit\\\/cocoon-jumper\\\/#primaryimage\"},\"image\":{\"@id\":\"https:\\\/\\\/www.alongavecanna.com\\\/fr\\\/produit\\\/cocoon-jumper\\\/#primaryimage\"},\"thumbnailUrl\":\"https:\\\/\\\/www.alongavecanna.com\\\/wp-content\\\/uploads\\\/2020\\\/08\\\/AlongAvecAnna-339.jpg\",\"datePublished\":\"2020-08-13T09:21:32+00:00\",\"dateModified\":\"2023-09-29T21:07:52+00:00\",\"breadcrumb\":{\"@id\":\"https:\\\/\\\/www.alongavecanna.com\\\/fr\\\/produit\\\/cocoon-jumper\\\/#breadcrumb\"},\"inLanguage\":\"fr-FR\",\"potentialAction\":[{\"@type\":\"ReadAction\",\"target\":[\"https:\\\/\\\/www.alongavecanna.com\\\/fr\\\/produit\\\/cocoon-jumper\\\/\"]}]},{\"@type\":\"ImageObject\",\"inLanguage\":\"fr-FR\",\"@id\":\"https:\\\/\\\/www.alongavecanna.com\\\/fr\\\/produit\\\/cocoon-jumper\\\/#primaryimage\",\"url\":\"https:\\\/\\\/www.alongavecanna.com\\\/wp-content\\\/uploads\\\/2020\\\/08\\\/AlongAvecAnna-339.jpg\",\"contentUrl\":\"https:\\\/\\\/www.alongavecanna.com\\\/wp-content\\\/uploads\\\/2020\\\/08\\\/AlongAvecAnna-339.jpg\",\"width\":1024,\"height\":1536},{\"@type\":\"BreadcrumbList\",\"@id\":\"https:\\\/\\\/www.alongavecanna.com\\\/fr\\\/produit\\\/cocoon-jumper\\\/#breadcrumb\",\"itemListElement\":[{\"@type\":\"ListItem\",\"position\":1,\"name\":\"Home\",\"item\":\"https:\\\/\\\/www.alongavecanna.com\\\/fr\\\/\"},{\"@type\":\"ListItem\",\"position\":2,\"name\":\"Produits\",\"item\":\"https:\\\/\\\/www.alongavecanna.com\\\/fr\\\/shop\\\/\"},{\"@type\":\"ListItem\",\"position\":3,\"name\":\"Cocoon (Pull)\"}]},{\"@type\":\"WebSite\",\"@id\":\"https:\\\/\\\/www.alongavecanna.com\\\/fr\\\/#website\",\"url\":\"https:\\\/\\\/www.alongavecanna.com\\\/fr\\\/\",\"name\":\"Along Avec Anna\",\"description\":\"Ethical yarn &amp; timeless knitting patterns\",\"publisher\":{\"@id\":\"https:\\\/\\\/www.alongavecanna.com\\\/fr\\\/#organization\"},\"potentialAction\":[{\"@type\":\"SearchAction\",\"target\":{\"@type\":\"EntryPoint\",\"urlTemplate\":\"https:\\\/\\\/www.alongavecanna.com\\\/fr\\\/?s={search_term_string}\"},\"query-input\":{\"@type\":\"PropertyValueSpecification\",\"valueRequired\":true,\"valueName\":\"search_term_string\"}}],\"inLanguage\":\"fr-FR\"},{\"@type\":\"Organization\",\"@id\":\"https:\\\/\\\/www.alongavecanna.com\\\/fr\\\/#organization\",\"name\":\"Along Avec Anna\",\"url\":\"https:\\\/\\\/www.alongavecanna.com\\\/fr\\\/\",\"logo\":{\"@type\":\"ImageObject\",\"inLanguage\":\"fr-FR\",\"@id\":\"https:\\\/\\\/www.alongavecanna.com\\\/fr\\\/#\\\/schema\\\/logo\\\/image\\\/\",\"url\":\"https:\\\/\\\/www.alongavecanna.com\\\/wp-content\\\/uploads\\\/2023\\\/01\\\/logo-along-avec-anna.png\",\"contentUrl\":\"https:\\\/\\\/www.alongavecanna.com\\\/wp-content\\\/uploads\\\/2023\\\/01\\\/logo-along-avec-anna.png\",\"width\":1728,\"height\":627,\"caption\":\"Along Avec Anna\"},\"image\":{\"@id\":\"https:\\\/\\\/www.alongavecanna.com\\\/fr\\\/#\\\/schema\\\/logo\\\/image\\\/\"},\"sameAs\":[\"https:\\\/\\\/facebook.com\\\/alongavecanna\",\"https:\\\/\\\/www.instagram.com\\\/along.avec.anna\\\/\"]}]}<\/script>\n<!-- \/ Yoast SEO plugin. -->","yoast_head_json":{"title":"Cocoon (Pull) - Along Avec Anna","robots":{"index":"index","follow":"follow","max-snippet":"max-snippet:-1","max-image-preview":"max-image-preview:large","max-video-preview":"max-video-preview:-1"},"canonical":"https:\/\/www.alongavecanna.com\/fr\/produit\/cocoon-jumper\/","og_locale":"fr_FR","og_type":"article","og_title":"Cocoon (Pull) - Along Avec Anna","og_description":"Cocoon est un pull l\u00e9g\u00e8rement boxy qui poss\u00e8de des rayures sur le corps et les manches. Il est tricot\u00e9 avec deux brins de silk mohair tenus ensemble. Il est tricot\u00e9 l\u00e9g\u00e8rement d\u00e9gaug\u00e9 afin d\u2019avoir un rendu fluide et ajour\u00e9. La construction est bottom-up : vous commencez par tricoter le bas du corps en rond, puis le devant et le dos sont tricot\u00e9s en aller-retour l\u2019un apr\u00e8s l\u2019autre. Les \u00e9paules sont jointes ensemble et les mailles de l\u2019encolure sont relev\u00e9es pour une finition en c\u00f4tes. Les mailles des manches sont ensuite relev\u00e9es pour les tricoter de l\u2019emmanchure jusqu\u2019au poignet.","og_url":"https:\/\/www.alongavecanna.com\/fr\/produit\/cocoon-jumper\/","og_site_name":"Along Avec Anna","article_publisher":"https:\/\/facebook.com\/alongavecanna","article_modified_time":"2023-09-29T21:07:52+00:00","og_image":[{"width":1024,"height":1536,"url":"https:\/\/www.alongavecanna.com\/wp-content\/uploads\/2020\/08\/AlongAvecAnna-339.jpg","type":"image\/jpeg"}],"twitter_card":"summary_large_image","schema":{"@context":"https:\/\/schema.org","@graph":[{"@type":"WebPage","@id":"https:\/\/www.alongavecanna.com\/fr\/produit\/cocoon-jumper\/","url":"https:\/\/www.alongavecanna.com\/fr\/produit\/cocoon-jumper\/","name":"Cocoon (Pull) - Along Avec Anna","isPartOf":{"@id":"https:\/\/www.alongavecanna.com\/fr\/#website"},"primaryImageOfPage":{"@id":"https:\/\/www.alongavecanna.com\/fr\/produit\/cocoon-jumper\/#primaryimage"},"image":{"@id":"https:\/\/www.alongavecanna.com\/fr\/produit\/cocoon-jumper\/#primaryimage"},"thumbnailUrl":"https:\/\/www.alongavecanna.com\/wp-content\/uploads\/2020\/08\/AlongAvecAnna-339.jpg","datePublished":"2020-08-13T09:21:32+00:00","dateModified":"2023-09-29T21:07:52+00:00","breadcrumb":{"@id":"https:\/\/www.alongavecanna.com\/fr\/produit\/cocoon-jumper\/#breadcrumb"},"inLanguage":"fr-FR","potentialAction":[{"@type":"ReadAction","target":["https:\/\/www.alongavecanna.com\/fr\/produit\/cocoon-jumper\/"]}]},{"@type":"ImageObject","inLanguage":"fr-FR","@id":"https:\/\/www.alongavecanna.com\/fr\/produit\/cocoon-jumper\/#primaryimage","url":"https:\/\/www.alongavecanna.com\/wp-content\/uploads\/2020\/08\/AlongAvecAnna-339.jpg","contentUrl":"https:\/\/www.alongavecanna.com\/wp-content\/uploads\/2020\/08\/AlongAvecAnna-339.jpg","width":1024,"height":1536},{"@type":"BreadcrumbList","@id":"https:\/\/www.alongavecanna.com\/fr\/produit\/cocoon-jumper\/#breadcrumb","itemListElement":[{"@type":"ListItem","position":1,"name":"Home","item":"https:\/\/www.alongavecanna.com\/fr\/"},{"@type":"ListItem","position":2,"name":"Produits","item":"https:\/\/www.alongavecanna.com\/fr\/shop\/"},{"@type":"ListItem","position":3,"name":"Cocoon (Pull)"}]},{"@type":"WebSite","@id":"https:\/\/www.alongavecanna.com\/fr\/#website","url":"https:\/\/www.alongavecanna.com\/fr\/","name":"Along Avec Anna","description":"Ethical yarn &amp; timeless knitting patterns","publisher":{"@id":"https:\/\/www.alongavecanna.com\/fr\/#organization"},"potentialAction":[{"@type":"SearchAction","target":{"@type":"EntryPoint","urlTemplate":"https:\/\/www.alongavecanna.com\/fr\/?s={search_term_string}"},"query-input":{"@type":"PropertyValueSpecification","valueRequired":true,"valueName":"search_term_string"}}],"inLanguage":"fr-FR"},{"@type":"Organization","@id":"https:\/\/www.alongavecanna.com\/fr\/#organization","name":"Along Avec Anna","url":"https:\/\/www.alongavecanna.com\/fr\/","logo":{"@type":"ImageObject","inLanguage":"fr-FR","@id":"https:\/\/www.alongavecanna.com\/fr\/#\/schema\/logo\/image\/","url":"https:\/\/www.alongavecanna.com\/wp-content\/uploads\/2023\/01\/logo-along-avec-anna.png","contentUrl":"https:\/\/www.alongavecanna.com\/wp-content\/uploads\/2023\/01\/logo-along-avec-anna.png","width":1728,"height":627,"caption":"Along Avec Anna"},"image":{"@id":"https:\/\/www.alongavecanna.com\/fr\/#\/schema\/logo\/image\/"},"sameAs":["https:\/\/facebook.com\/alongavecanna","https:\/\/www.instagram.com\/along.avec.anna\/"]}]}},"_links":{"self":[{"href":"https:\/\/www.alongavecanna.com\/fr\/wp-json\/wp\/v2\/product\/51735","targetHints":{"allow":["GET"]}}],"collection":[{"href":"https:\/\/www.alongavecanna.com\/fr\/wp-json\/wp\/v2\/product"}],"about":[{"href":"https:\/\/www.alongavecanna.com\/fr\/wp-json\/wp\/v2\/types\/product"}],"replies":[{"embeddable":true,"href":"https:\/\/www.alongavecanna.com\/fr\/wp-json\/wp\/v2\/comments?post=51735"}],"version-history":[{"count":0,"href":"https:\/\/www.alongavecanna.com\/fr\/wp-json\/wp\/v2\/product\/51735\/revisions"}],"wp:featuredmedia":[{"embeddable":true,"href":"https:\/\/www.alongavecanna.com\/fr\/wp-json\/wp\/v2\/media\/60330"}],"wp:attachment":[{"href":"https:\/\/www.alongavecanna.com\/fr\/wp-json\/wp\/v2\/media?parent=51735"}],"wp:term":[{"taxonomy":"product_brand","embeddable":true,"href":"https:\/\/www.alongavecanna.com\/fr\/wp-json\/wp\/v2\/product_brand?post=51735"},{"taxonomy":"product_cat","embeddable":true,"href":"https:\/\/www.alongavecanna.com\/fr\/wp-json\/wp\/v2\/product_cat?post=51735"},{"taxonomy":"product_tag","embeddable":true,"href":"https:\/\/www.alongavecanna.com\/fr\/wp-json\/wp\/v2\/product_tag?post=51735"}],"curies":[{"name":"wp","href":"https:\/\/api.w.org\/{rel}","templated":true}]}}