{"id":51723,"date":"2020-08-21T22:29:57","date_gmt":"2020-08-21T22:29:57","guid":{"rendered":"https:\/\/preprod.alongavecanna.com\/product\/laurel-pull\/"},"modified":"2023-10-25T12:42:43","modified_gmt":"2023-10-25T12:42:43","slug":"laurel-jumper","status":"publish","type":"product","link":"https:\/\/www.alongavecanna.com\/fr\/produit\/laurel-jumper\/","title":{"rendered":"Laurel (Pull)"},"content":{"rendered":"<p style=\"text-align: justify;\"><strong>Tailles <\/strong>: <span class=\"JsGRdQ\">83, 87 (97, 104, 111)<\/span><span class=\"JsGRdQ\"> [120, 130, 138] 147, 152, 161<\/span> cm de tour de poitrine (v\u00eatement fini)<\/p>\n<p style=\"text-align: justify;\"><b>Aisance recommand\u00e9e<\/b>: environ 5-10 cm d&rsquo;aisance positive<\/p>\n<p style=\"text-align: justify;\"><b>\u00c9chantillon<\/b>: 26 m x 34 rangs = 10 cm en jersey en rond en 3.25mm\/US 3 (ou une autre taille en fonction de votre tension)<\/p>\n<p style=\"text-align: justify;\"><strong>Fil(s) : <\/strong> Fingering<\/p>\n<p><strong>CP<\/strong>: 800, 850 (900, 950, 1050) 1200, 1300, 1400 1500, 1600, 1700 m\u00e8tres<br \/>\n<strong>CC<\/strong>: 280, 300 (320, 340, 360) 400, 430, 450 480, 500, 520 m\u00e8tres<\/p>\n<p>Soit :<br \/>\n<strong>CP<\/strong>: Environ 4, 5 (5, 5, 6) 6, 7, 7 8, 8, 9 pelotes d&rsquo;Along avec Anna Merino<br \/>\n<strong>CC<\/strong>: Environ 2, 2 (2, 2, 2) 2, 3, 3 3, 3, 3, 3 pelotes d&rsquo;Along avec Anna Merino<\/p>\n<p><em>Version de pr\u00e9sentation<\/em> :<br \/>\nTricot\u00e9 en Merino Dune, C\u00e9ladon, Orage et Royal avec 10 cm d&rsquo;aisance positive.<\/p>\n<p style=\"text-align: justify;\"><strong>Aiguilles pr\u00e9conis\u00e9es :<\/strong> (si votre \u00e9chantillon correspond bien)<br \/>\n&#8211; 3.25mm\/US 3 pour le corps et les manches<br \/>\n&#8211; 3mm\/US 2 pour les c\u00f4tes<\/p>\n<p style=\"text-align: justify;\"><b>Mat\u00e9riel <\/b>: Marqueurs, morceaux de laine pour mettre les mailles en attente, aiguille \u00e0 laine pour rentrer les fils<\/p>\n","protected":false},"excerpt":{"rendered":"<p style=\"text-align: justify;\"><strong>Laurel<\/strong> est un pull qui poss\u00e8de un joli dessin de feuilles sur tout le corps et les manches.<\/p>\n<p style=\"text-align: justify;\">La construction est <strong>top-down <\/strong>: l\u2019encolure est mont\u00e9e avec des c\u00f4tes 2\/2, puis des rangs raccourcis sont r\u00e9alis\u00e9s en jersey afin de creuser l\u2019encolure. Le motif est ensuite tricot\u00e9 sur tout le yoke. Les manches sont mises en attente afin de tricoter le corps ; les mailles des manches sont ensuite replac\u00e9es sur les aiguilles pour \u00eatre tricot\u00e9es chacune \u00e0 leur tour.<\/p>\n","protected":false},"featured_media":60337,"comment_status":"closed","ping_status":"closed","template":"","meta":[],"product_brand":[],"product_cat":[382,380,379,376,405,377,381,383,388],"product_tag":[],"class_list":{"0":"post-51723","1":"product","2":"type-product","3":"status-publish","4":"has-post-thumbnail","6":"product_cat-patrons-allemand","7":"product_cat-patrons-anglais","8":"product_cat-patrons-danois","9":"product_cat-patrons-de-tricot","10":"product_cat-patrons-espagnol","11":"product_cat-patrons-femme","12":"product_cat-patrons-francais","13":"product_cat-patrons-italien","14":"product_cat-patrons-portugais","16":"first","17":"instock","18":"downloadable","19":"virtual","20":"taxable","21":"purchasable","22":"product-type-simple"},"yoast_head":"<!-- This site is optimized with the Yoast SEO plugin v27.4 - https:\/\/yoast.com\/product\/yoast-seo-wordpress\/ -->\n<title>Laurel (Pull) - Along Avec Anna<\/title>\n<meta name=\"robots\" content=\"index, follow, max-snippet:-1, max-image-preview:large, max-video-preview:-1\" \/>\n<link rel=\"canonical\" href=\"https:\/\/www.alongavecanna.com\/fr\/produit\/laurel-jumper\/\" \/>\n<meta property=\"og:locale\" content=\"fr_FR\" \/>\n<meta property=\"og:type\" content=\"article\" \/>\n<meta property=\"og:title\" content=\"Laurel (Pull) - Along Avec Anna\" \/>\n<meta property=\"og:description\" content=\"Laurel est un pull qui poss\u00e8de un joli dessin de feuilles sur tout le corps et les manches.            La construction est top-down : l\u2019encolure est mont\u00e9e avec des c\u00f4tes 2\/2, puis des rangs raccourcis sont r\u00e9alis\u00e9s en jersey afin de creuser l\u2019encolure. Le motif est ensuite tricot\u00e9 sur tout le yoke. Les manches sont mises en attente afin de tricoter le corps ; les mailles des manches sont ensuite replac\u00e9es sur les aiguilles pour \u00eatre tricot\u00e9es chacune \u00e0 leur tour.\" \/>\n<meta property=\"og:url\" content=\"https:\/\/www.alongavecanna.com\/fr\/produit\/laurel-jumper\/\" \/>\n<meta property=\"og:site_name\" content=\"Along Avec Anna\" \/>\n<meta property=\"article:publisher\" content=\"https:\/\/facebook.com\/alongavecanna\" \/>\n<meta property=\"article:modified_time\" content=\"2023-10-25T12:42:43+00:00\" \/>\n<meta property=\"og:image\" content=\"https:\/\/www.alongavecanna.com\/wp-content\/uploads\/2020\/08\/AlongAvecAnna-95.jpg\" \/>\n\t<meta property=\"og:image:width\" content=\"1024\" \/>\n\t<meta property=\"og:image:height\" content=\"1536\" \/>\n\t<meta property=\"og:image:type\" content=\"image\/jpeg\" \/>\n<meta name=\"twitter:card\" content=\"summary_large_image\" \/>\n<meta name=\"twitter:label1\" content=\"Dur\u00e9e de lecture estim\u00e9e\" \/>\n\t<meta name=\"twitter:data1\" content=\"1 minute\" \/>\n<script type=\"application\/ld+json\" class=\"yoast-schema-graph\">{\"@context\":\"https:\\\/\\\/schema.org\",\"@graph\":[{\"@type\":\"WebPage\",\"@id\":\"https:\\\/\\\/www.alongavecanna.com\\\/fr\\\/produit\\\/laurel-jumper\\\/\",\"url\":\"https:\\\/\\\/www.alongavecanna.com\\\/fr\\\/produit\\\/laurel-jumper\\\/\",\"name\":\"Laurel (Pull) - Along Avec Anna\",\"isPartOf\":{\"@id\":\"https:\\\/\\\/www.alongavecanna.com\\\/fr\\\/#website\"},\"primaryImageOfPage\":{\"@id\":\"https:\\\/\\\/www.alongavecanna.com\\\/fr\\\/produit\\\/laurel-jumper\\\/#primaryimage\"},\"image\":{\"@id\":\"https:\\\/\\\/www.alongavecanna.com\\\/fr\\\/produit\\\/laurel-jumper\\\/#primaryimage\"},\"thumbnailUrl\":\"https:\\\/\\\/www.alongavecanna.com\\\/wp-content\\\/uploads\\\/2020\\\/08\\\/AlongAvecAnna-95.jpg\",\"datePublished\":\"2020-08-21T22:29:57+00:00\",\"dateModified\":\"2023-10-25T12:42:43+00:00\",\"breadcrumb\":{\"@id\":\"https:\\\/\\\/www.alongavecanna.com\\\/fr\\\/produit\\\/laurel-jumper\\\/#breadcrumb\"},\"inLanguage\":\"fr-FR\",\"potentialAction\":[{\"@type\":\"ReadAction\",\"target\":[\"https:\\\/\\\/www.alongavecanna.com\\\/fr\\\/produit\\\/laurel-jumper\\\/\"]}]},{\"@type\":\"ImageObject\",\"inLanguage\":\"fr-FR\",\"@id\":\"https:\\\/\\\/www.alongavecanna.com\\\/fr\\\/produit\\\/laurel-jumper\\\/#primaryimage\",\"url\":\"https:\\\/\\\/www.alongavecanna.com\\\/wp-content\\\/uploads\\\/2020\\\/08\\\/AlongAvecAnna-95.jpg\",\"contentUrl\":\"https:\\\/\\\/www.alongavecanna.com\\\/wp-content\\\/uploads\\\/2020\\\/08\\\/AlongAvecAnna-95.jpg\",\"width\":1024,\"height\":1536},{\"@type\":\"BreadcrumbList\",\"@id\":\"https:\\\/\\\/www.alongavecanna.com\\\/fr\\\/produit\\\/laurel-jumper\\\/#breadcrumb\",\"itemListElement\":[{\"@type\":\"ListItem\",\"position\":1,\"name\":\"Home\",\"item\":\"https:\\\/\\\/www.alongavecanna.com\\\/fr\\\/\"},{\"@type\":\"ListItem\",\"position\":2,\"name\":\"Produits\",\"item\":\"https:\\\/\\\/www.alongavecanna.com\\\/fr\\\/shop\\\/\"},{\"@type\":\"ListItem\",\"position\":3,\"name\":\"Laurel (Pull)\"}]},{\"@type\":\"WebSite\",\"@id\":\"https:\\\/\\\/www.alongavecanna.com\\\/fr\\\/#website\",\"url\":\"https:\\\/\\\/www.alongavecanna.com\\\/fr\\\/\",\"name\":\"Along Avec Anna\",\"description\":\"Ethical yarn &amp; timeless knitting patterns\",\"publisher\":{\"@id\":\"https:\\\/\\\/www.alongavecanna.com\\\/fr\\\/#organization\"},\"potentialAction\":[{\"@type\":\"SearchAction\",\"target\":{\"@type\":\"EntryPoint\",\"urlTemplate\":\"https:\\\/\\\/www.alongavecanna.com\\\/fr\\\/?s={search_term_string}\"},\"query-input\":{\"@type\":\"PropertyValueSpecification\",\"valueRequired\":true,\"valueName\":\"search_term_string\"}}],\"inLanguage\":\"fr-FR\"},{\"@type\":\"Organization\",\"@id\":\"https:\\\/\\\/www.alongavecanna.com\\\/fr\\\/#organization\",\"name\":\"Along Avec Anna\",\"url\":\"https:\\\/\\\/www.alongavecanna.com\\\/fr\\\/\",\"logo\":{\"@type\":\"ImageObject\",\"inLanguage\":\"fr-FR\",\"@id\":\"https:\\\/\\\/www.alongavecanna.com\\\/fr\\\/#\\\/schema\\\/logo\\\/image\\\/\",\"url\":\"https:\\\/\\\/www.alongavecanna.com\\\/wp-content\\\/uploads\\\/2023\\\/01\\\/logo-along-avec-anna.png\",\"contentUrl\":\"https:\\\/\\\/www.alongavecanna.com\\\/wp-content\\\/uploads\\\/2023\\\/01\\\/logo-along-avec-anna.png\",\"width\":1728,\"height\":627,\"caption\":\"Along Avec Anna\"},\"image\":{\"@id\":\"https:\\\/\\\/www.alongavecanna.com\\\/fr\\\/#\\\/schema\\\/logo\\\/image\\\/\"},\"sameAs\":[\"https:\\\/\\\/facebook.com\\\/alongavecanna\",\"https:\\\/\\\/www.instagram.com\\\/along.avec.anna\\\/\"]}]}<\/script>\n<!-- \/ Yoast SEO plugin. -->","yoast_head_json":{"title":"Laurel (Pull) - Along Avec Anna","robots":{"index":"index","follow":"follow","max-snippet":"max-snippet:-1","max-image-preview":"max-image-preview:large","max-video-preview":"max-video-preview:-1"},"canonical":"https:\/\/www.alongavecanna.com\/fr\/produit\/laurel-jumper\/","og_locale":"fr_FR","og_type":"article","og_title":"Laurel (Pull) - Along Avec Anna","og_description":"Laurel est un pull qui poss\u00e8de un joli dessin de feuilles sur tout le corps et les manches.            La construction est top-down : l\u2019encolure est mont\u00e9e avec des c\u00f4tes 2\/2, puis des rangs raccourcis sont r\u00e9alis\u00e9s en jersey afin de creuser l\u2019encolure. Le motif est ensuite tricot\u00e9 sur tout le yoke. Les manches sont mises en attente afin de tricoter le corps ; les mailles des manches sont ensuite replac\u00e9es sur les aiguilles pour \u00eatre tricot\u00e9es chacune \u00e0 leur tour.","og_url":"https:\/\/www.alongavecanna.com\/fr\/produit\/laurel-jumper\/","og_site_name":"Along Avec Anna","article_publisher":"https:\/\/facebook.com\/alongavecanna","article_modified_time":"2023-10-25T12:42:43+00:00","og_image":[{"width":1024,"height":1536,"url":"https:\/\/www.alongavecanna.com\/wp-content\/uploads\/2020\/08\/AlongAvecAnna-95.jpg","type":"image\/jpeg"}],"twitter_card":"summary_large_image","twitter_misc":{"Dur\u00e9e de lecture estim\u00e9e":"1 minute"},"schema":{"@context":"https:\/\/schema.org","@graph":[{"@type":"WebPage","@id":"https:\/\/www.alongavecanna.com\/fr\/produit\/laurel-jumper\/","url":"https:\/\/www.alongavecanna.com\/fr\/produit\/laurel-jumper\/","name":"Laurel (Pull) - Along Avec Anna","isPartOf":{"@id":"https:\/\/www.alongavecanna.com\/fr\/#website"},"primaryImageOfPage":{"@id":"https:\/\/www.alongavecanna.com\/fr\/produit\/laurel-jumper\/#primaryimage"},"image":{"@id":"https:\/\/www.alongavecanna.com\/fr\/produit\/laurel-jumper\/#primaryimage"},"thumbnailUrl":"https:\/\/www.alongavecanna.com\/wp-content\/uploads\/2020\/08\/AlongAvecAnna-95.jpg","datePublished":"2020-08-21T22:29:57+00:00","dateModified":"2023-10-25T12:42:43+00:00","breadcrumb":{"@id":"https:\/\/www.alongavecanna.com\/fr\/produit\/laurel-jumper\/#breadcrumb"},"inLanguage":"fr-FR","potentialAction":[{"@type":"ReadAction","target":["https:\/\/www.alongavecanna.com\/fr\/produit\/laurel-jumper\/"]}]},{"@type":"ImageObject","inLanguage":"fr-FR","@id":"https:\/\/www.alongavecanna.com\/fr\/produit\/laurel-jumper\/#primaryimage","url":"https:\/\/www.alongavecanna.com\/wp-content\/uploads\/2020\/08\/AlongAvecAnna-95.jpg","contentUrl":"https:\/\/www.alongavecanna.com\/wp-content\/uploads\/2020\/08\/AlongAvecAnna-95.jpg","width":1024,"height":1536},{"@type":"BreadcrumbList","@id":"https:\/\/www.alongavecanna.com\/fr\/produit\/laurel-jumper\/#breadcrumb","itemListElement":[{"@type":"ListItem","position":1,"name":"Home","item":"https:\/\/www.alongavecanna.com\/fr\/"},{"@type":"ListItem","position":2,"name":"Produits","item":"https:\/\/www.alongavecanna.com\/fr\/shop\/"},{"@type":"ListItem","position":3,"name":"Laurel (Pull)"}]},{"@type":"WebSite","@id":"https:\/\/www.alongavecanna.com\/fr\/#website","url":"https:\/\/www.alongavecanna.com\/fr\/","name":"Along Avec Anna","description":"Ethical yarn &amp; timeless knitting patterns","publisher":{"@id":"https:\/\/www.alongavecanna.com\/fr\/#organization"},"potentialAction":[{"@type":"SearchAction","target":{"@type":"EntryPoint","urlTemplate":"https:\/\/www.alongavecanna.com\/fr\/?s={search_term_string}"},"query-input":{"@type":"PropertyValueSpecification","valueRequired":true,"valueName":"search_term_string"}}],"inLanguage":"fr-FR"},{"@type":"Organization","@id":"https:\/\/www.alongavecanna.com\/fr\/#organization","name":"Along Avec Anna","url":"https:\/\/www.alongavecanna.com\/fr\/","logo":{"@type":"ImageObject","inLanguage":"fr-FR","@id":"https:\/\/www.alongavecanna.com\/fr\/#\/schema\/logo\/image\/","url":"https:\/\/www.alongavecanna.com\/wp-content\/uploads\/2023\/01\/logo-along-avec-anna.png","contentUrl":"https:\/\/www.alongavecanna.com\/wp-content\/uploads\/2023\/01\/logo-along-avec-anna.png","width":1728,"height":627,"caption":"Along Avec Anna"},"image":{"@id":"https:\/\/www.alongavecanna.com\/fr\/#\/schema\/logo\/image\/"},"sameAs":["https:\/\/facebook.com\/alongavecanna","https:\/\/www.instagram.com\/along.avec.anna\/"]}]}},"_links":{"self":[{"href":"https:\/\/www.alongavecanna.com\/fr\/wp-json\/wp\/v2\/product\/51723","targetHints":{"allow":["GET"]}}],"collection":[{"href":"https:\/\/www.alongavecanna.com\/fr\/wp-json\/wp\/v2\/product"}],"about":[{"href":"https:\/\/www.alongavecanna.com\/fr\/wp-json\/wp\/v2\/types\/product"}],"replies":[{"embeddable":true,"href":"https:\/\/www.alongavecanna.com\/fr\/wp-json\/wp\/v2\/comments?post=51723"}],"version-history":[{"count":0,"href":"https:\/\/www.alongavecanna.com\/fr\/wp-json\/wp\/v2\/product\/51723\/revisions"}],"wp:featuredmedia":[{"embeddable":true,"href":"https:\/\/www.alongavecanna.com\/fr\/wp-json\/wp\/v2\/media\/60337"}],"wp:attachment":[{"href":"https:\/\/www.alongavecanna.com\/fr\/wp-json\/wp\/v2\/media?parent=51723"}],"wp:term":[{"taxonomy":"product_brand","embeddable":true,"href":"https:\/\/www.alongavecanna.com\/fr\/wp-json\/wp\/v2\/product_brand?post=51723"},{"taxonomy":"product_cat","embeddable":true,"href":"https:\/\/www.alongavecanna.com\/fr\/wp-json\/wp\/v2\/product_cat?post=51723"},{"taxonomy":"product_tag","embeddable":true,"href":"https:\/\/www.alongavecanna.com\/fr\/wp-json\/wp\/v2\/product_tag?post=51723"}],"curies":[{"name":"wp","href":"https:\/\/api.w.org\/{rel}","templated":true}]}}