{"id":51617,"date":"2020-11-11T12:13:19","date_gmt":"2020-11-11T12:13:19","guid":{"rendered":"https:\/\/preprod.alongavecanna.com\/product\/raguenez-gilet\/"},"modified":"2023-02-10T20:50:44","modified_gmt":"2023-02-10T20:50:44","slug":"raguenez-cardigan","status":"publish","type":"product","link":"https:\/\/www.alongavecanna.com\/fr\/produit\/raguenez-cardigan\/","title":{"rendered":"Raguenez (Gilet)"},"content":{"rendered":"<p style=\"text-align: justify;\"><strong>Tailles <\/strong>: 92, 104 (115, 125, 134) [144, 155, 165] cm (mensurations tour de poitrine du v\u00eatement fini)<\/p>\n<p style=\"text-align: justify;\"><strong>Aisance recommand\u00e9e <\/strong>: entre 10 et 15 cm d\u2019aisance positive.<\/p>\n<p style=\"text-align: justify;\"><strong>\u00c9chantillon <\/strong>: 19 m x 24 rgs = 10 cm en jersey en aiguilles 4.5mm\/US 7 (ou autre taille d\u00e9pendant de votre \u00e9chantillon).<\/p>\n<p style=\"text-align: justify;\"><strong>Laine(s) <\/strong>: Fil Aran (237 m\/100gr) &#8211; Environ 850, 900 (1030, 1100, 1180) [1250, 1400, 1550] m\u00e8tres. Vous pouvez \u00e9galement utiliser un fil de double Double Merino + Silk Mohair &#8211; Along avec Anna tenus ensemble.<\/p>\n<p style=\"text-align: justify;\"><em>Version de pr\u00e9sentation<\/em>: tricot\u00e9e avec 10 cm d&rsquo;aisance positive<\/p>\n<p style=\"text-align: justify;\"><strong>Aiguilles pr\u00e9conis\u00e9es <\/strong>(si votre \u00e9chantillon correspond bien) : 4.5 mm\/US 7 pour le corps, 4mm\/US 6 pour les finitions en point mousse<\/p>\n<p style=\"text-align: justify;\"><strong>Mat\u00e9riel <\/strong>: anneaux marqueurs, morceaux de laine pour mettre les mailles en attente, aiguille \u00e0 laine pour rentrer les fils<\/p>\n","protected":false},"excerpt":{"rendered":"<p style=\"text-align: justify;\"><strong>Raguenez <\/strong>est un gilet long et cozy pour les mois frais. Il poss\u00e8de des finitions en point mousse, ce qui lui donne un aspect tr\u00e8s d\u00e9licat et f\u00e9minin, ainsi qu\u2019un motif ajour\u00e9 dans le bas du corps. Les devants du gilet sont termin\u00e9s avec un Icord gr\u00e2ce \u00e0 un jeu de mailles gliss\u00e9es.<\/p>\n<p style=\"text-align: justify;\">Accessible aux d\u00e9butants. du haut vers le bas.<\/p>\n<p style=\"text-align: justify;\">Le dos est mont\u00e9 puis tricot\u00e9 de la nuque jusqu\u2019aux emmanchures. Les mailles sont relev\u00e9es sur le rang de montage du dos, au niveau des \u00e9paules, pour tricoter un demi-devant, puis l\u2019autre de la m\u00eame fa\u00e7on par la suite, jusqu\u2019aux emmanchures. Les trois parties sont ensuite jointes pour tricoter le corps avec une finition en Icord qui se fait pendant le tricot. Les mailles des manches sont relev\u00e9es pour les tricoter en rond.<\/p>\n<p style=\"text-align: justify;\">Ce mod\u00e8le est<strong> t\u00e9l\u00e9chargeable en format pdf<\/strong>.<\/p>\n","protected":false},"featured_media":51185,"comment_status":"closed","ping_status":"closed","template":"","meta":[],"product_brand":[],"product_cat":[380,376,377,381],"product_tag":[],"class_list":{"0":"post-51617","1":"product","2":"type-product","3":"status-publish","4":"has-post-thumbnail","6":"product_cat-patrons-anglais","7":"product_cat-patrons-de-tricot","8":"product_cat-patrons-femme","9":"product_cat-patrons-francais","11":"first","12":"instock","13":"downloadable","14":"virtual","15":"taxable","16":"purchasable","17":"product-type-simple"},"yoast_head":"<!-- This site is optimized with the Yoast SEO plugin v27.4 - https:\/\/yoast.com\/product\/yoast-seo-wordpress\/ -->\n<title>Raguenez (Gilet) - Along Avec Anna<\/title>\n<meta name=\"robots\" content=\"index, follow, max-snippet:-1, max-image-preview:large, max-video-preview:-1\" \/>\n<link rel=\"canonical\" href=\"https:\/\/www.alongavecanna.com\/fr\/produit\/raguenez-cardigan\/\" \/>\n<meta property=\"og:locale\" content=\"fr_FR\" \/>\n<meta property=\"og:type\" content=\"article\" \/>\n<meta property=\"og:title\" content=\"Raguenez (Gilet) - Along Avec Anna\" \/>\n<meta property=\"og:description\" content=\"Raguenez est un gilet long et cozy pour les mois frais. Il poss\u00e8de des finitions en point mousse, ce qui lui donne un aspect tr\u00e8s d\u00e9licat et f\u00e9minin, ainsi qu\u2019un motif ajour\u00e9 dans le bas du corps. Les devants du gilet sont termin\u00e9s avec un Icord gr\u00e2ce \u00e0 un jeu de mailles gliss\u00e9es. Accessible aux d\u00e9butants. du haut vers le bas. Le dos est mont\u00e9 puis tricot\u00e9 de la nuque jusqu\u2019aux emmanchures. Les mailles sont relev\u00e9es sur le rang de montage du dos, au niveau des \u00e9paules, pour tricoter un demi-devant, puis l\u2019autre de la m\u00eame fa\u00e7on par la suite, jusqu\u2019aux emmanchures. Les trois parties sont ensuite jointes pour tricoter le corps avec une finition en Icord qui se fait pendant le tricot. Les mailles des manches sont relev\u00e9es pour les tricoter en rond. Ce mod\u00e8le est t\u00e9l\u00e9chargeable en format pdf.\" \/>\n<meta property=\"og:url\" content=\"https:\/\/www.alongavecanna.com\/fr\/produit\/raguenez-cardigan\/\" \/>\n<meta property=\"og:site_name\" content=\"Along Avec Anna\" \/>\n<meta property=\"article:publisher\" content=\"https:\/\/facebook.com\/alongavecanna\" \/>\n<meta property=\"article:modified_time\" content=\"2023-02-10T20:50:44+00:00\" \/>\n<meta property=\"og:image\" content=\"https:\/\/www.alongavecanna.com\/wp-content\/uploads\/2023\/01\/Along_avec_anna_raguenez.jpg\" \/>\n\t<meta property=\"og:image:width\" content=\"1500\" \/>\n\t<meta property=\"og:image:height\" content=\"2250\" \/>\n\t<meta property=\"og:image:type\" content=\"image\/jpeg\" \/>\n<meta name=\"twitter:card\" content=\"summary_large_image\" \/>\n<meta name=\"twitter:label1\" content=\"Dur\u00e9e de lecture estim\u00e9e\" \/>\n\t<meta name=\"twitter:data1\" content=\"1 minute\" \/>\n<script type=\"application\/ld+json\" class=\"yoast-schema-graph\">{\"@context\":\"https:\\\/\\\/schema.org\",\"@graph\":[{\"@type\":\"WebPage\",\"@id\":\"https:\\\/\\\/www.alongavecanna.com\\\/fr\\\/produit\\\/raguenez-cardigan\\\/\",\"url\":\"https:\\\/\\\/www.alongavecanna.com\\\/fr\\\/produit\\\/raguenez-cardigan\\\/\",\"name\":\"Raguenez (Gilet) - Along Avec Anna\",\"isPartOf\":{\"@id\":\"https:\\\/\\\/www.alongavecanna.com\\\/fr\\\/#website\"},\"primaryImageOfPage\":{\"@id\":\"https:\\\/\\\/www.alongavecanna.com\\\/fr\\\/produit\\\/raguenez-cardigan\\\/#primaryimage\"},\"image\":{\"@id\":\"https:\\\/\\\/www.alongavecanna.com\\\/fr\\\/produit\\\/raguenez-cardigan\\\/#primaryimage\"},\"thumbnailUrl\":\"https:\\\/\\\/www.alongavecanna.com\\\/wp-content\\\/uploads\\\/2023\\\/01\\\/Along_avec_anna_raguenez.jpg\",\"datePublished\":\"2020-11-11T12:13:19+00:00\",\"dateModified\":\"2023-02-10T20:50:44+00:00\",\"breadcrumb\":{\"@id\":\"https:\\\/\\\/www.alongavecanna.com\\\/fr\\\/produit\\\/raguenez-cardigan\\\/#breadcrumb\"},\"inLanguage\":\"fr-FR\",\"potentialAction\":[{\"@type\":\"ReadAction\",\"target\":[\"https:\\\/\\\/www.alongavecanna.com\\\/fr\\\/produit\\\/raguenez-cardigan\\\/\"]}]},{\"@type\":\"ImageObject\",\"inLanguage\":\"fr-FR\",\"@id\":\"https:\\\/\\\/www.alongavecanna.com\\\/fr\\\/produit\\\/raguenez-cardigan\\\/#primaryimage\",\"url\":\"https:\\\/\\\/www.alongavecanna.com\\\/wp-content\\\/uploads\\\/2023\\\/01\\\/Along_avec_anna_raguenez.jpg\",\"contentUrl\":\"https:\\\/\\\/www.alongavecanna.com\\\/wp-content\\\/uploads\\\/2023\\\/01\\\/Along_avec_anna_raguenez.jpg\",\"width\":1500,\"height\":2250},{\"@type\":\"BreadcrumbList\",\"@id\":\"https:\\\/\\\/www.alongavecanna.com\\\/fr\\\/produit\\\/raguenez-cardigan\\\/#breadcrumb\",\"itemListElement\":[{\"@type\":\"ListItem\",\"position\":1,\"name\":\"Home\",\"item\":\"https:\\\/\\\/www.alongavecanna.com\\\/fr\\\/\"},{\"@type\":\"ListItem\",\"position\":2,\"name\":\"Produits\",\"item\":\"https:\\\/\\\/www.alongavecanna.com\\\/fr\\\/shop\\\/\"},{\"@type\":\"ListItem\",\"position\":3,\"name\":\"Raguenez (Gilet)\"}]},{\"@type\":\"WebSite\",\"@id\":\"https:\\\/\\\/www.alongavecanna.com\\\/fr\\\/#website\",\"url\":\"https:\\\/\\\/www.alongavecanna.com\\\/fr\\\/\",\"name\":\"Along Avec Anna\",\"description\":\"Ethical yarn &amp; timeless knitting patterns\",\"publisher\":{\"@id\":\"https:\\\/\\\/www.alongavecanna.com\\\/fr\\\/#organization\"},\"potentialAction\":[{\"@type\":\"SearchAction\",\"target\":{\"@type\":\"EntryPoint\",\"urlTemplate\":\"https:\\\/\\\/www.alongavecanna.com\\\/fr\\\/?s={search_term_string}\"},\"query-input\":{\"@type\":\"PropertyValueSpecification\",\"valueRequired\":true,\"valueName\":\"search_term_string\"}}],\"inLanguage\":\"fr-FR\"},{\"@type\":\"Organization\",\"@id\":\"https:\\\/\\\/www.alongavecanna.com\\\/fr\\\/#organization\",\"name\":\"Along Avec Anna\",\"url\":\"https:\\\/\\\/www.alongavecanna.com\\\/fr\\\/\",\"logo\":{\"@type\":\"ImageObject\",\"inLanguage\":\"fr-FR\",\"@id\":\"https:\\\/\\\/www.alongavecanna.com\\\/fr\\\/#\\\/schema\\\/logo\\\/image\\\/\",\"url\":\"https:\\\/\\\/www.alongavecanna.com\\\/wp-content\\\/uploads\\\/2023\\\/01\\\/logo-along-avec-anna.png\",\"contentUrl\":\"https:\\\/\\\/www.alongavecanna.com\\\/wp-content\\\/uploads\\\/2023\\\/01\\\/logo-along-avec-anna.png\",\"width\":1728,\"height\":627,\"caption\":\"Along Avec Anna\"},\"image\":{\"@id\":\"https:\\\/\\\/www.alongavecanna.com\\\/fr\\\/#\\\/schema\\\/logo\\\/image\\\/\"},\"sameAs\":[\"https:\\\/\\\/facebook.com\\\/alongavecanna\",\"https:\\\/\\\/www.instagram.com\\\/along.avec.anna\\\/\"]}]}<\/script>\n<!-- \/ Yoast SEO plugin. -->","yoast_head_json":{"title":"Raguenez (Gilet) - Along Avec Anna","robots":{"index":"index","follow":"follow","max-snippet":"max-snippet:-1","max-image-preview":"max-image-preview:large","max-video-preview":"max-video-preview:-1"},"canonical":"https:\/\/www.alongavecanna.com\/fr\/produit\/raguenez-cardigan\/","og_locale":"fr_FR","og_type":"article","og_title":"Raguenez (Gilet) - Along Avec Anna","og_description":"Raguenez est un gilet long et cozy pour les mois frais. Il poss\u00e8de des finitions en point mousse, ce qui lui donne un aspect tr\u00e8s d\u00e9licat et f\u00e9minin, ainsi qu\u2019un motif ajour\u00e9 dans le bas du corps. Les devants du gilet sont termin\u00e9s avec un Icord gr\u00e2ce \u00e0 un jeu de mailles gliss\u00e9es. Accessible aux d\u00e9butants. du haut vers le bas. Le dos est mont\u00e9 puis tricot\u00e9 de la nuque jusqu\u2019aux emmanchures. Les mailles sont relev\u00e9es sur le rang de montage du dos, au niveau des \u00e9paules, pour tricoter un demi-devant, puis l\u2019autre de la m\u00eame fa\u00e7on par la suite, jusqu\u2019aux emmanchures. Les trois parties sont ensuite jointes pour tricoter le corps avec une finition en Icord qui se fait pendant le tricot. Les mailles des manches sont relev\u00e9es pour les tricoter en rond. Ce mod\u00e8le est t\u00e9l\u00e9chargeable en format pdf.","og_url":"https:\/\/www.alongavecanna.com\/fr\/produit\/raguenez-cardigan\/","og_site_name":"Along Avec Anna","article_publisher":"https:\/\/facebook.com\/alongavecanna","article_modified_time":"2023-02-10T20:50:44+00:00","og_image":[{"width":1500,"height":2250,"url":"https:\/\/www.alongavecanna.com\/wp-content\/uploads\/2023\/01\/Along_avec_anna_raguenez.jpg","type":"image\/jpeg"}],"twitter_card":"summary_large_image","twitter_misc":{"Dur\u00e9e de lecture estim\u00e9e":"1 minute"},"schema":{"@context":"https:\/\/schema.org","@graph":[{"@type":"WebPage","@id":"https:\/\/www.alongavecanna.com\/fr\/produit\/raguenez-cardigan\/","url":"https:\/\/www.alongavecanna.com\/fr\/produit\/raguenez-cardigan\/","name":"Raguenez (Gilet) - Along Avec Anna","isPartOf":{"@id":"https:\/\/www.alongavecanna.com\/fr\/#website"},"primaryImageOfPage":{"@id":"https:\/\/www.alongavecanna.com\/fr\/produit\/raguenez-cardigan\/#primaryimage"},"image":{"@id":"https:\/\/www.alongavecanna.com\/fr\/produit\/raguenez-cardigan\/#primaryimage"},"thumbnailUrl":"https:\/\/www.alongavecanna.com\/wp-content\/uploads\/2023\/01\/Along_avec_anna_raguenez.jpg","datePublished":"2020-11-11T12:13:19+00:00","dateModified":"2023-02-10T20:50:44+00:00","breadcrumb":{"@id":"https:\/\/www.alongavecanna.com\/fr\/produit\/raguenez-cardigan\/#breadcrumb"},"inLanguage":"fr-FR","potentialAction":[{"@type":"ReadAction","target":["https:\/\/www.alongavecanna.com\/fr\/produit\/raguenez-cardigan\/"]}]},{"@type":"ImageObject","inLanguage":"fr-FR","@id":"https:\/\/www.alongavecanna.com\/fr\/produit\/raguenez-cardigan\/#primaryimage","url":"https:\/\/www.alongavecanna.com\/wp-content\/uploads\/2023\/01\/Along_avec_anna_raguenez.jpg","contentUrl":"https:\/\/www.alongavecanna.com\/wp-content\/uploads\/2023\/01\/Along_avec_anna_raguenez.jpg","width":1500,"height":2250},{"@type":"BreadcrumbList","@id":"https:\/\/www.alongavecanna.com\/fr\/produit\/raguenez-cardigan\/#breadcrumb","itemListElement":[{"@type":"ListItem","position":1,"name":"Home","item":"https:\/\/www.alongavecanna.com\/fr\/"},{"@type":"ListItem","position":2,"name":"Produits","item":"https:\/\/www.alongavecanna.com\/fr\/shop\/"},{"@type":"ListItem","position":3,"name":"Raguenez (Gilet)"}]},{"@type":"WebSite","@id":"https:\/\/www.alongavecanna.com\/fr\/#website","url":"https:\/\/www.alongavecanna.com\/fr\/","name":"Along Avec Anna","description":"Ethical yarn &amp; timeless knitting patterns","publisher":{"@id":"https:\/\/www.alongavecanna.com\/fr\/#organization"},"potentialAction":[{"@type":"SearchAction","target":{"@type":"EntryPoint","urlTemplate":"https:\/\/www.alongavecanna.com\/fr\/?s={search_term_string}"},"query-input":{"@type":"PropertyValueSpecification","valueRequired":true,"valueName":"search_term_string"}}],"inLanguage":"fr-FR"},{"@type":"Organization","@id":"https:\/\/www.alongavecanna.com\/fr\/#organization","name":"Along Avec Anna","url":"https:\/\/www.alongavecanna.com\/fr\/","logo":{"@type":"ImageObject","inLanguage":"fr-FR","@id":"https:\/\/www.alongavecanna.com\/fr\/#\/schema\/logo\/image\/","url":"https:\/\/www.alongavecanna.com\/wp-content\/uploads\/2023\/01\/logo-along-avec-anna.png","contentUrl":"https:\/\/www.alongavecanna.com\/wp-content\/uploads\/2023\/01\/logo-along-avec-anna.png","width":1728,"height":627,"caption":"Along Avec Anna"},"image":{"@id":"https:\/\/www.alongavecanna.com\/fr\/#\/schema\/logo\/image\/"},"sameAs":["https:\/\/facebook.com\/alongavecanna","https:\/\/www.instagram.com\/along.avec.anna\/"]}]}},"_links":{"self":[{"href":"https:\/\/www.alongavecanna.com\/fr\/wp-json\/wp\/v2\/product\/51617","targetHints":{"allow":["GET"]}}],"collection":[{"href":"https:\/\/www.alongavecanna.com\/fr\/wp-json\/wp\/v2\/product"}],"about":[{"href":"https:\/\/www.alongavecanna.com\/fr\/wp-json\/wp\/v2\/types\/product"}],"replies":[{"embeddable":true,"href":"https:\/\/www.alongavecanna.com\/fr\/wp-json\/wp\/v2\/comments?post=51617"}],"version-history":[{"count":0,"href":"https:\/\/www.alongavecanna.com\/fr\/wp-json\/wp\/v2\/product\/51617\/revisions"}],"wp:featuredmedia":[{"embeddable":true,"href":"https:\/\/www.alongavecanna.com\/fr\/wp-json\/wp\/v2\/media\/51185"}],"wp:attachment":[{"href":"https:\/\/www.alongavecanna.com\/fr\/wp-json\/wp\/v2\/media?parent=51617"}],"wp:term":[{"taxonomy":"product_brand","embeddable":true,"href":"https:\/\/www.alongavecanna.com\/fr\/wp-json\/wp\/v2\/product_brand?post=51617"},{"taxonomy":"product_cat","embeddable":true,"href":"https:\/\/www.alongavecanna.com\/fr\/wp-json\/wp\/v2\/product_cat?post=51617"},{"taxonomy":"product_tag","embeddable":true,"href":"https:\/\/www.alongavecanna.com\/fr\/wp-json\/wp\/v2\/product_tag?post=51617"}],"curies":[{"name":"wp","href":"https:\/\/api.w.org\/{rel}","templated":true}]}}