{"id":51605,"date":"2020-12-03T00:01:55","date_gmt":"2020-12-03T00:01:55","guid":{"rendered":"https:\/\/preprod.alongavecanna.com\/product\/silver-leaf-cardigan\/"},"modified":"2023-09-29T21:17:03","modified_gmt":"2023-09-29T21:17:03","slug":"silver-leaf-cardigan","status":"publish","type":"product","link":"https:\/\/www.alongavecanna.com\/fr\/produit\/silver-leaf-cardigan\/","title":{"rendered":"Silver Leaf (Cardigan)"},"content":{"rendered":"<p>&nbsp;<\/p>\n<p style=\"text-align: justify;\"><strong>Tailles <\/strong><span class=\"SS_gjA\">: <\/span><span class=\"SS_gjA\">80, 85, 90 (95, 100, 105, 110)<\/span><span class=\"SS_gjA\"> [115, 120, 130] 140, 150, 160 <\/span><span class=\"SS_gjA\">cm<\/span><span class=\"SS_gjA\">de tour de poitrine<\/span><\/p>\n<p style=\"text-align: justify;\"><strong>Aisance recommand\u00e9e <\/strong>: <span class=\"SS_gjA\">entre 0 et 5 cm d\u2019aisance positive<\/span><\/p>\n<p style=\"text-align: justify;\"><strong>Echantillon <\/strong>: <span class=\"SS_gjA\">19 m x 30 rgs = 10 cm en jersey en rond en aiguilles <\/span><span class=\"SS_gjA\">4.5mm\/US 7 <\/span><span class=\"SS_gjA\">(ou autre taille d\u00e9pendant de votre \u00e9chantillon)<\/span><\/p>\n<p style=\"text-align: justify;\"><strong>Laines <\/strong>: environ<span class=\"SS_gjA\"> 830, 870, 930 (990, 1050, 1120, 1150)<\/span><span class=\"SS_gjA\"> [1260, 1320, 1470] 1630, 1770, 1890 <\/span><span class=\"SS_gjA\">m\u00e8tres de fil fingering et une quantit\u00e9 \u00e9quivalente de mohair lace.<\/span><\/p>\n<p class=\"_5RYuEA direction-ltr align-center para-style-body\" style=\"text-align: justify;\">Soit <span class=\"JsGRdQ\">5, 5, 5 (5, 6, 6, 6)<\/span><span class=\"JsGRdQ\">[7, 7, 8] 9, 9, 10 <\/span><span class=\"JsGRdQ\">pelotes de Merino &#8211; Along avec Anna et <\/span><span class=\"JsGRdQ\">4, 5, 5 (5, 5, 6, 6)<\/span><span class=\"JsGRdQ\">[6, 7, 7] 8, 9, 9 <\/span><span class=\"JsGRdQ\">pelotes de Silk Mohair &#8211; Along avec<\/span> <span class=\"JsGRdQ\">Anna<\/span><\/p>\n<p class=\"_5RYuEA direction-ltr align-center para-style-body\" style=\"text-align: justify;\"><em><span class=\"SS_gjA\">Version de pr\u00e9sentation<\/span><\/em><span class=\"SS_gjA\">: t<\/span><span class=\"SS_gjA\">ricot\u00e9 en taille 85 avec 0 cm d&rsquo;aisance.<\/span><\/p>\n<p class=\"_5RYuEA direction-ltr align-center para-style-body\" style=\"text-align: justify;\"><span class=\"SS_gjA\"><strong>Aiguilles pr\u00e9conis\u00e9es<\/strong> (si votre \u00e9chantillon correspond bien) :<\/span><span class=\"SS_gjA\">4.5mm\/US 7 pour le corps et les manches, <\/span><span class=\"SS_gjA\">3.75mm\/US 5 pour les c\u00f4tes, <\/span><span class=\"SS_gjA\">2.75mm pour l&rsquo;I-cord<\/span><\/p>\n<p style=\"text-align: justify;\"><strong>Mat\u00e9riel <\/strong>: anneaux marqueurs<span class=\"SS_gjA\">,<\/span><span class=\"SS_gjA\">morceaux de laine pour mettre les mailles en attente,<\/span><span class=\"SS_gjA\">aiguille \u00e0 laine pour rentrer les fils.<\/span><\/p>\n","protected":false},"excerpt":{"rendered":"<p>&nbsp;<\/p>\n<p class=\"_04xlpA direction-ltr align-start para-style-body\" style=\"text-align: justify;\"><strong><br \/>\n<span class=\"JsGRdQ\">Silver leaf (gilet)<\/span><br \/>\n<\/strong><br \/>\n<span class=\"JsGRdQ\"> est un gilet \u00e0 manches raglan qui est tricot\u00e9 avec deux fils (un fingering et un mohair) pour le rendre bien chaud pour les mois frais. Son encolure ronde, l\u00e9g\u00e8rement creus\u00e9e et finie par un Icord lui donne un aspect tr\u00e8s f\u00e9minin. Toute la beaut\u00e9 de ce gilet r\u00e9side dans ses grandes manches en dentelle, resserr\u00e9es au poignet pour un effet ballon. Sa longueur \u201ccrop\u201d permet de l\u2019associer facilement \u00e0 des robes ou des jupes\/pantalons taille haute.<\/span><\/p>\n<p class=\"_04xlpA direction-ltr align-start para-style-body\" style=\"text-align: justify;\"><span class=\"JsGRdQ\">Peut \u00e9galement \u00eatre tricot\u00e9 avec un seul fil DK pour le rendre plus l\u00e9ger pour la mi-saison.<\/span><\/p>\n<p class=\"_04xlpA direction-ltr align-start para-style-body\" style=\"text-align: justify;\"><strong><br \/>\n<span class=\"JsGRdQ\">Se tricote du haut vers le bas<\/span><br \/>\n<\/strong><br \/>\n<span class=\"JsGRdQ\"> : le dos, les manches, et le d\u00e9but du devant sont tricot\u00e9s en aller-retour. Les manches sont mises en attente afin de tricoter le corps ; les mailles des manches sont ensuite r\u00e9cup\u00e9r\u00e9es pour \u00eatre tricot\u00e9es chacune \u00e0 leur tour. Pour finir, les mailles de l\u2019encolure sont relev\u00e9es afin de r\u00e9aliser une finition en Icord.<\/span><\/p>\n","protected":false},"featured_media":60341,"comment_status":"closed","ping_status":"closed","template":"","meta":[],"product_brand":[],"product_cat":[380,376,377,381,388],"product_tag":[],"class_list":{"0":"post-51605","1":"product","2":"type-product","3":"status-publish","4":"has-post-thumbnail","6":"product_cat-patrons-anglais","7":"product_cat-patrons-de-tricot","8":"product_cat-patrons-femme","9":"product_cat-patrons-francais","10":"product_cat-patrons-portugais","12":"first","13":"instock","14":"downloadable","15":"virtual","16":"taxable","17":"purchasable","18":"product-type-simple"},"yoast_head":"<!-- This site is optimized with the Yoast SEO plugin v27.4 - https:\/\/yoast.com\/product\/yoast-seo-wordpress\/ -->\n<title>Silver Leaf (Cardigan) - Along Avec Anna<\/title>\n<meta name=\"robots\" content=\"index, follow, max-snippet:-1, max-image-preview:large, max-video-preview:-1\" \/>\n<link rel=\"canonical\" href=\"https:\/\/www.alongavecanna.com\/fr\/produit\/silver-leaf-cardigan\/\" \/>\n<meta property=\"og:locale\" content=\"fr_FR\" \/>\n<meta property=\"og:type\" content=\"article\" \/>\n<meta property=\"og:title\" content=\"Silver Leaf (Cardigan) - Along Avec Anna\" \/>\n<meta property=\"og:description\" content=\"&nbsp;  Silver leaf (gilet)   est un gilet \u00e0 manches raglan qui est tricot\u00e9 avec deux fils (un fingering et un mohair) pour le rendre bien chaud pour les mois frais. Son encolure ronde, l\u00e9g\u00e8rement creus\u00e9e et finie par un Icord lui donne un aspect tr\u00e8s f\u00e9minin. Toute la beaut\u00e9 de ce gilet r\u00e9side dans ses grandes manches en dentelle, resserr\u00e9es au poignet pour un effet ballon. Sa longueur \u201ccrop\u201d permet de l\u2019associer facilement \u00e0 des robes ou des jupes\/pantalons taille haute. Peut \u00e9galement \u00eatre tricot\u00e9 avec un seul fil DK pour le rendre plus l\u00e9ger pour la mi-saison.  Se tricote du haut vers le bas   : le dos, les manches, et le d\u00e9but du devant sont tricot\u00e9s en aller-retour. Les manches sont mises en attente afin de tricoter le corps ; les mailles des manches sont ensuite r\u00e9cup\u00e9r\u00e9es pour \u00eatre tricot\u00e9es chacune \u00e0 leur tour. Pour finir, les mailles de l\u2019encolure sont relev\u00e9es afin de r\u00e9aliser une finition en Icord.\" \/>\n<meta property=\"og:url\" content=\"https:\/\/www.alongavecanna.com\/fr\/produit\/silver-leaf-cardigan\/\" \/>\n<meta property=\"og:site_name\" content=\"Along Avec Anna\" \/>\n<meta property=\"article:publisher\" content=\"https:\/\/facebook.com\/alongavecanna\" \/>\n<meta property=\"article:modified_time\" content=\"2023-09-29T21:17:03+00:00\" \/>\n<meta property=\"og:image\" content=\"https:\/\/www.alongavecanna.com\/wp-content\/uploads\/2020\/12\/AlongAvecAnna-195.jpg\" \/>\n\t<meta property=\"og:image:width\" content=\"1024\" \/>\n\t<meta property=\"og:image:height\" content=\"1536\" \/>\n\t<meta property=\"og:image:type\" content=\"image\/jpeg\" \/>\n<meta name=\"twitter:card\" content=\"summary_large_image\" \/>\n<meta name=\"twitter:label1\" content=\"Dur\u00e9e de lecture estim\u00e9e\" \/>\n\t<meta name=\"twitter:data1\" content=\"1 minute\" \/>\n<script type=\"application\/ld+json\" class=\"yoast-schema-graph\">{\"@context\":\"https:\\\/\\\/schema.org\",\"@graph\":[{\"@type\":\"WebPage\",\"@id\":\"https:\\\/\\\/www.alongavecanna.com\\\/fr\\\/produit\\\/silver-leaf-cardigan\\\/\",\"url\":\"https:\\\/\\\/www.alongavecanna.com\\\/fr\\\/produit\\\/silver-leaf-cardigan\\\/\",\"name\":\"Silver Leaf (Cardigan) - Along Avec Anna\",\"isPartOf\":{\"@id\":\"https:\\\/\\\/www.alongavecanna.com\\\/fr\\\/#website\"},\"primaryImageOfPage\":{\"@id\":\"https:\\\/\\\/www.alongavecanna.com\\\/fr\\\/produit\\\/silver-leaf-cardigan\\\/#primaryimage\"},\"image\":{\"@id\":\"https:\\\/\\\/www.alongavecanna.com\\\/fr\\\/produit\\\/silver-leaf-cardigan\\\/#primaryimage\"},\"thumbnailUrl\":\"https:\\\/\\\/www.alongavecanna.com\\\/wp-content\\\/uploads\\\/2020\\\/12\\\/AlongAvecAnna-195.jpg\",\"datePublished\":\"2020-12-03T00:01:55+00:00\",\"dateModified\":\"2023-09-29T21:17:03+00:00\",\"breadcrumb\":{\"@id\":\"https:\\\/\\\/www.alongavecanna.com\\\/fr\\\/produit\\\/silver-leaf-cardigan\\\/#breadcrumb\"},\"inLanguage\":\"fr-FR\",\"potentialAction\":[{\"@type\":\"ReadAction\",\"target\":[\"https:\\\/\\\/www.alongavecanna.com\\\/fr\\\/produit\\\/silver-leaf-cardigan\\\/\"]}]},{\"@type\":\"ImageObject\",\"inLanguage\":\"fr-FR\",\"@id\":\"https:\\\/\\\/www.alongavecanna.com\\\/fr\\\/produit\\\/silver-leaf-cardigan\\\/#primaryimage\",\"url\":\"https:\\\/\\\/www.alongavecanna.com\\\/wp-content\\\/uploads\\\/2020\\\/12\\\/AlongAvecAnna-195.jpg\",\"contentUrl\":\"https:\\\/\\\/www.alongavecanna.com\\\/wp-content\\\/uploads\\\/2020\\\/12\\\/AlongAvecAnna-195.jpg\",\"width\":1024,\"height\":1536},{\"@type\":\"BreadcrumbList\",\"@id\":\"https:\\\/\\\/www.alongavecanna.com\\\/fr\\\/produit\\\/silver-leaf-cardigan\\\/#breadcrumb\",\"itemListElement\":[{\"@type\":\"ListItem\",\"position\":1,\"name\":\"Home\",\"item\":\"https:\\\/\\\/www.alongavecanna.com\\\/fr\\\/\"},{\"@type\":\"ListItem\",\"position\":2,\"name\":\"Produits\",\"item\":\"https:\\\/\\\/www.alongavecanna.com\\\/fr\\\/shop\\\/\"},{\"@type\":\"ListItem\",\"position\":3,\"name\":\"Silver Leaf (Cardigan)\"}]},{\"@type\":\"WebSite\",\"@id\":\"https:\\\/\\\/www.alongavecanna.com\\\/fr\\\/#website\",\"url\":\"https:\\\/\\\/www.alongavecanna.com\\\/fr\\\/\",\"name\":\"Along Avec Anna\",\"description\":\"Ethical yarn &amp; timeless knitting patterns\",\"publisher\":{\"@id\":\"https:\\\/\\\/www.alongavecanna.com\\\/fr\\\/#organization\"},\"potentialAction\":[{\"@type\":\"SearchAction\",\"target\":{\"@type\":\"EntryPoint\",\"urlTemplate\":\"https:\\\/\\\/www.alongavecanna.com\\\/fr\\\/?s={search_term_string}\"},\"query-input\":{\"@type\":\"PropertyValueSpecification\",\"valueRequired\":true,\"valueName\":\"search_term_string\"}}],\"inLanguage\":\"fr-FR\"},{\"@type\":\"Organization\",\"@id\":\"https:\\\/\\\/www.alongavecanna.com\\\/fr\\\/#organization\",\"name\":\"Along Avec Anna\",\"url\":\"https:\\\/\\\/www.alongavecanna.com\\\/fr\\\/\",\"logo\":{\"@type\":\"ImageObject\",\"inLanguage\":\"fr-FR\",\"@id\":\"https:\\\/\\\/www.alongavecanna.com\\\/fr\\\/#\\\/schema\\\/logo\\\/image\\\/\",\"url\":\"https:\\\/\\\/www.alongavecanna.com\\\/wp-content\\\/uploads\\\/2023\\\/01\\\/logo-along-avec-anna.png\",\"contentUrl\":\"https:\\\/\\\/www.alongavecanna.com\\\/wp-content\\\/uploads\\\/2023\\\/01\\\/logo-along-avec-anna.png\",\"width\":1728,\"height\":627,\"caption\":\"Along Avec Anna\"},\"image\":{\"@id\":\"https:\\\/\\\/www.alongavecanna.com\\\/fr\\\/#\\\/schema\\\/logo\\\/image\\\/\"},\"sameAs\":[\"https:\\\/\\\/facebook.com\\\/alongavecanna\",\"https:\\\/\\\/www.instagram.com\\\/along.avec.anna\\\/\"]}]}<\/script>\n<!-- \/ Yoast SEO plugin. -->","yoast_head_json":{"title":"Silver Leaf (Cardigan) - Along Avec Anna","robots":{"index":"index","follow":"follow","max-snippet":"max-snippet:-1","max-image-preview":"max-image-preview:large","max-video-preview":"max-video-preview:-1"},"canonical":"https:\/\/www.alongavecanna.com\/fr\/produit\/silver-leaf-cardigan\/","og_locale":"fr_FR","og_type":"article","og_title":"Silver Leaf (Cardigan) - Along Avec Anna","og_description":"&nbsp;  Silver leaf (gilet)   est un gilet \u00e0 manches raglan qui est tricot\u00e9 avec deux fils (un fingering et un mohair) pour le rendre bien chaud pour les mois frais. Son encolure ronde, l\u00e9g\u00e8rement creus\u00e9e et finie par un Icord lui donne un aspect tr\u00e8s f\u00e9minin. Toute la beaut\u00e9 de ce gilet r\u00e9side dans ses grandes manches en dentelle, resserr\u00e9es au poignet pour un effet ballon. Sa longueur \u201ccrop\u201d permet de l\u2019associer facilement \u00e0 des robes ou des jupes\/pantalons taille haute. Peut \u00e9galement \u00eatre tricot\u00e9 avec un seul fil DK pour le rendre plus l\u00e9ger pour la mi-saison.  Se tricote du haut vers le bas   : le dos, les manches, et le d\u00e9but du devant sont tricot\u00e9s en aller-retour. Les manches sont mises en attente afin de tricoter le corps ; les mailles des manches sont ensuite r\u00e9cup\u00e9r\u00e9es pour \u00eatre tricot\u00e9es chacune \u00e0 leur tour. Pour finir, les mailles de l\u2019encolure sont relev\u00e9es afin de r\u00e9aliser une finition en Icord.","og_url":"https:\/\/www.alongavecanna.com\/fr\/produit\/silver-leaf-cardigan\/","og_site_name":"Along Avec Anna","article_publisher":"https:\/\/facebook.com\/alongavecanna","article_modified_time":"2023-09-29T21:17:03+00:00","og_image":[{"width":1024,"height":1536,"url":"https:\/\/www.alongavecanna.com\/wp-content\/uploads\/2020\/12\/AlongAvecAnna-195.jpg","type":"image\/jpeg"}],"twitter_card":"summary_large_image","twitter_misc":{"Dur\u00e9e de lecture estim\u00e9e":"1 minute"},"schema":{"@context":"https:\/\/schema.org","@graph":[{"@type":"WebPage","@id":"https:\/\/www.alongavecanna.com\/fr\/produit\/silver-leaf-cardigan\/","url":"https:\/\/www.alongavecanna.com\/fr\/produit\/silver-leaf-cardigan\/","name":"Silver Leaf (Cardigan) - Along Avec Anna","isPartOf":{"@id":"https:\/\/www.alongavecanna.com\/fr\/#website"},"primaryImageOfPage":{"@id":"https:\/\/www.alongavecanna.com\/fr\/produit\/silver-leaf-cardigan\/#primaryimage"},"image":{"@id":"https:\/\/www.alongavecanna.com\/fr\/produit\/silver-leaf-cardigan\/#primaryimage"},"thumbnailUrl":"https:\/\/www.alongavecanna.com\/wp-content\/uploads\/2020\/12\/AlongAvecAnna-195.jpg","datePublished":"2020-12-03T00:01:55+00:00","dateModified":"2023-09-29T21:17:03+00:00","breadcrumb":{"@id":"https:\/\/www.alongavecanna.com\/fr\/produit\/silver-leaf-cardigan\/#breadcrumb"},"inLanguage":"fr-FR","potentialAction":[{"@type":"ReadAction","target":["https:\/\/www.alongavecanna.com\/fr\/produit\/silver-leaf-cardigan\/"]}]},{"@type":"ImageObject","inLanguage":"fr-FR","@id":"https:\/\/www.alongavecanna.com\/fr\/produit\/silver-leaf-cardigan\/#primaryimage","url":"https:\/\/www.alongavecanna.com\/wp-content\/uploads\/2020\/12\/AlongAvecAnna-195.jpg","contentUrl":"https:\/\/www.alongavecanna.com\/wp-content\/uploads\/2020\/12\/AlongAvecAnna-195.jpg","width":1024,"height":1536},{"@type":"BreadcrumbList","@id":"https:\/\/www.alongavecanna.com\/fr\/produit\/silver-leaf-cardigan\/#breadcrumb","itemListElement":[{"@type":"ListItem","position":1,"name":"Home","item":"https:\/\/www.alongavecanna.com\/fr\/"},{"@type":"ListItem","position":2,"name":"Produits","item":"https:\/\/www.alongavecanna.com\/fr\/shop\/"},{"@type":"ListItem","position":3,"name":"Silver Leaf (Cardigan)"}]},{"@type":"WebSite","@id":"https:\/\/www.alongavecanna.com\/fr\/#website","url":"https:\/\/www.alongavecanna.com\/fr\/","name":"Along Avec Anna","description":"Ethical yarn &amp; timeless knitting patterns","publisher":{"@id":"https:\/\/www.alongavecanna.com\/fr\/#organization"},"potentialAction":[{"@type":"SearchAction","target":{"@type":"EntryPoint","urlTemplate":"https:\/\/www.alongavecanna.com\/fr\/?s={search_term_string}"},"query-input":{"@type":"PropertyValueSpecification","valueRequired":true,"valueName":"search_term_string"}}],"inLanguage":"fr-FR"},{"@type":"Organization","@id":"https:\/\/www.alongavecanna.com\/fr\/#organization","name":"Along Avec Anna","url":"https:\/\/www.alongavecanna.com\/fr\/","logo":{"@type":"ImageObject","inLanguage":"fr-FR","@id":"https:\/\/www.alongavecanna.com\/fr\/#\/schema\/logo\/image\/","url":"https:\/\/www.alongavecanna.com\/wp-content\/uploads\/2023\/01\/logo-along-avec-anna.png","contentUrl":"https:\/\/www.alongavecanna.com\/wp-content\/uploads\/2023\/01\/logo-along-avec-anna.png","width":1728,"height":627,"caption":"Along Avec Anna"},"image":{"@id":"https:\/\/www.alongavecanna.com\/fr\/#\/schema\/logo\/image\/"},"sameAs":["https:\/\/facebook.com\/alongavecanna","https:\/\/www.instagram.com\/along.avec.anna\/"]}]}},"_links":{"self":[{"href":"https:\/\/www.alongavecanna.com\/fr\/wp-json\/wp\/v2\/product\/51605","targetHints":{"allow":["GET"]}}],"collection":[{"href":"https:\/\/www.alongavecanna.com\/fr\/wp-json\/wp\/v2\/product"}],"about":[{"href":"https:\/\/www.alongavecanna.com\/fr\/wp-json\/wp\/v2\/types\/product"}],"replies":[{"embeddable":true,"href":"https:\/\/www.alongavecanna.com\/fr\/wp-json\/wp\/v2\/comments?post=51605"}],"version-history":[{"count":0,"href":"https:\/\/www.alongavecanna.com\/fr\/wp-json\/wp\/v2\/product\/51605\/revisions"}],"wp:featuredmedia":[{"embeddable":true,"href":"https:\/\/www.alongavecanna.com\/fr\/wp-json\/wp\/v2\/media\/60341"}],"wp:attachment":[{"href":"https:\/\/www.alongavecanna.com\/fr\/wp-json\/wp\/v2\/media?parent=51605"}],"wp:term":[{"taxonomy":"product_brand","embeddable":true,"href":"https:\/\/www.alongavecanna.com\/fr\/wp-json\/wp\/v2\/product_brand?post=51605"},{"taxonomy":"product_cat","embeddable":true,"href":"https:\/\/www.alongavecanna.com\/fr\/wp-json\/wp\/v2\/product_cat?post=51605"},{"taxonomy":"product_tag","embeddable":true,"href":"https:\/\/www.alongavecanna.com\/fr\/wp-json\/wp\/v2\/product_tag?post=51605"}],"curies":[{"name":"wp","href":"https:\/\/api.w.org\/{rel}","templated":true}]}}