{"id":51580,"date":"2022-01-11T12:07:20","date_gmt":"2022-01-11T12:07:20","guid":{"rendered":"https:\/\/preprod.alongavecanna.com\/product\/metre-retractable-rond\/"},"modified":"2024-11-10T20:22:17","modified_gmt":"2024-11-10T20:22:17","slug":"retractable-round-wool-encased-measuring-tape","status":"publish","type":"product","link":"https:\/\/www.alongavecanna.com\/fr\/produit\/retractable-round-wool-encased-measuring-tape\/","title":{"rendered":"M\u00e8tre r\u00e9tractable \u2013 Rond"},"content":{"rendered":"","protected":false},"excerpt":{"rendered":"<p style=\"text-align: justify;\">Ce m\u00e8tre \u00e9l\u00e9gant de KnitPro a un bo\u00eetier en bois de h\u00eatre poli. Le ruban \u00e0 mesurer \u00e9troit se rembobine en douceur dans le bo\u00eetier d\u2019une simple pression sur un bouton et pr\u00e9sente des centim\u00e8tres d\u2019un c\u00f4t\u00e9 et des pouces de l\u2019autre.<br \/>\nLe ruban \u00e0 mesurer KnitPro mesure 1,5 m\u00e8tre de long. Bo\u00eetier de forme ronde (diam\u00e8tre de 6,2 cm).<\/p>\n","protected":false},"featured_media":51579,"comment_status":"open","ping_status":"closed","template":"","meta":[],"product_brand":[],"product_cat":[390,378],"product_tag":[],"class_list":{"0":"post-51580","1":"product","2":"type-product","3":"status-publish","4":"has-post-thumbnail","6":"product_cat-accessoires-fr","7":"product_cat-boutique","8":"product_shipping_class-large-items-large-letter-fr","10":"first","11":"instock","12":"taxable","13":"shipping-taxable","14":"purchasable","15":"product-type-simple"},"yoast_head":"<!-- This site is optimized with the Yoast SEO plugin v27.4 - https:\/\/yoast.com\/product\/yoast-seo-wordpress\/ -->\n<title>M\u00e8tre r\u00e9tractable \u2013 Rond - Along Avec Anna<\/title>\n<meta name=\"robots\" content=\"index, follow, max-snippet:-1, max-image-preview:large, max-video-preview:-1\" \/>\n<link rel=\"canonical\" href=\"https:\/\/www.alongavecanna.com\/fr\/produit\/retractable-round-wool-encased-measuring-tape\/\" \/>\n<meta property=\"og:locale\" content=\"fr_FR\" \/>\n<meta property=\"og:type\" content=\"article\" \/>\n<meta property=\"og:title\" content=\"M\u00e8tre r\u00e9tractable \u2013 Rond - Along Avec Anna\" \/>\n<meta property=\"og:description\" content=\"Ce m\u00e8tre \u00e9l\u00e9gant de KnitPro a un bo\u00eetier en bois de h\u00eatre poli. Le ruban \u00e0 mesurer \u00e9troit se rembobine en douceur dans le bo\u00eetier d\u2019une simple pression sur un bouton et pr\u00e9sente des centim\u00e8tres d\u2019un c\u00f4t\u00e9 et des pouces de l\u2019autre. Le ruban \u00e0 mesurer KnitPro mesure 1,5 m\u00e8tre de long. Bo\u00eetier de forme ronde (diam\u00e8tre de 6,2 cm).\" \/>\n<meta property=\"og:url\" content=\"https:\/\/www.alongavecanna.com\/fr\/produit\/retractable-round-wool-encased-measuring-tape\/\" \/>\n<meta property=\"og:site_name\" content=\"Along Avec Anna\" \/>\n<meta property=\"article:publisher\" content=\"https:\/\/facebook.com\/alongavecanna\" \/>\n<meta property=\"article:modified_time\" content=\"2024-11-10T20:22:17+00:00\" \/>\n<meta property=\"og:image\" content=\"https:\/\/www.alongavecanna.com\/wp-content\/uploads\/2022\/01\/Retractable-Round-Wool-Encased-Measuring-Tape.jpeg\" \/>\n\t<meta property=\"og:image:width\" content=\"1200\" \/>\n\t<meta property=\"og:image:height\" content=\"800\" \/>\n\t<meta property=\"og:image:type\" content=\"image\/jpeg\" \/>\n<meta name=\"twitter:card\" content=\"summary_large_image\" \/>\n<script type=\"application\/ld+json\" class=\"yoast-schema-graph\">{\"@context\":\"https:\\\/\\\/schema.org\",\"@graph\":[{\"@type\":\"WebPage\",\"@id\":\"https:\\\/\\\/www.alongavecanna.com\\\/fr\\\/produit\\\/retractable-round-wool-encased-measuring-tape\\\/\",\"url\":\"https:\\\/\\\/www.alongavecanna.com\\\/fr\\\/produit\\\/retractable-round-wool-encased-measuring-tape\\\/\",\"name\":\"M\u00e8tre r\u00e9tractable \u2013 Rond - Along Avec Anna\",\"isPartOf\":{\"@id\":\"https:\\\/\\\/www.alongavecanna.com\\\/fr\\\/#website\"},\"primaryImageOfPage\":{\"@id\":\"https:\\\/\\\/www.alongavecanna.com\\\/fr\\\/produit\\\/retractable-round-wool-encased-measuring-tape\\\/#primaryimage\"},\"image\":{\"@id\":\"https:\\\/\\\/www.alongavecanna.com\\\/fr\\\/produit\\\/retractable-round-wool-encased-measuring-tape\\\/#primaryimage\"},\"thumbnailUrl\":\"https:\\\/\\\/www.alongavecanna.com\\\/wp-content\\\/uploads\\\/2022\\\/01\\\/Retractable-Round-Wool-Encased-Measuring-Tape.jpeg\",\"datePublished\":\"2022-01-11T12:07:20+00:00\",\"dateModified\":\"2024-11-10T20:22:17+00:00\",\"breadcrumb\":{\"@id\":\"https:\\\/\\\/www.alongavecanna.com\\\/fr\\\/produit\\\/retractable-round-wool-encased-measuring-tape\\\/#breadcrumb\"},\"inLanguage\":\"fr-FR\",\"potentialAction\":[{\"@type\":\"ReadAction\",\"target\":[\"https:\\\/\\\/www.alongavecanna.com\\\/fr\\\/produit\\\/retractable-round-wool-encased-measuring-tape\\\/\"]}]},{\"@type\":\"ImageObject\",\"inLanguage\":\"fr-FR\",\"@id\":\"https:\\\/\\\/www.alongavecanna.com\\\/fr\\\/produit\\\/retractable-round-wool-encased-measuring-tape\\\/#primaryimage\",\"url\":\"https:\\\/\\\/www.alongavecanna.com\\\/wp-content\\\/uploads\\\/2022\\\/01\\\/Retractable-Round-Wool-Encased-Measuring-Tape.jpeg\",\"contentUrl\":\"https:\\\/\\\/www.alongavecanna.com\\\/wp-content\\\/uploads\\\/2022\\\/01\\\/Retractable-Round-Wool-Encased-Measuring-Tape.jpeg\",\"width\":1200,\"height\":800},{\"@type\":\"BreadcrumbList\",\"@id\":\"https:\\\/\\\/www.alongavecanna.com\\\/fr\\\/produit\\\/retractable-round-wool-encased-measuring-tape\\\/#breadcrumb\",\"itemListElement\":[{\"@type\":\"ListItem\",\"position\":1,\"name\":\"Home\",\"item\":\"https:\\\/\\\/www.alongavecanna.com\\\/fr\\\/\"},{\"@type\":\"ListItem\",\"position\":2,\"name\":\"Produits\",\"item\":\"https:\\\/\\\/www.alongavecanna.com\\\/fr\\\/shop\\\/\"},{\"@type\":\"ListItem\",\"position\":3,\"name\":\"M\u00e8tre r\u00e9tractable \u2013 Rond\"}]},{\"@type\":\"WebSite\",\"@id\":\"https:\\\/\\\/www.alongavecanna.com\\\/fr\\\/#website\",\"url\":\"https:\\\/\\\/www.alongavecanna.com\\\/fr\\\/\",\"name\":\"Along Avec Anna\",\"description\":\"Ethical yarn &amp; timeless knitting patterns\",\"publisher\":{\"@id\":\"https:\\\/\\\/www.alongavecanna.com\\\/fr\\\/#organization\"},\"potentialAction\":[{\"@type\":\"SearchAction\",\"target\":{\"@type\":\"EntryPoint\",\"urlTemplate\":\"https:\\\/\\\/www.alongavecanna.com\\\/fr\\\/?s={search_term_string}\"},\"query-input\":{\"@type\":\"PropertyValueSpecification\",\"valueRequired\":true,\"valueName\":\"search_term_string\"}}],\"inLanguage\":\"fr-FR\"},{\"@type\":\"Organization\",\"@id\":\"https:\\\/\\\/www.alongavecanna.com\\\/fr\\\/#organization\",\"name\":\"Along Avec Anna\",\"url\":\"https:\\\/\\\/www.alongavecanna.com\\\/fr\\\/\",\"logo\":{\"@type\":\"ImageObject\",\"inLanguage\":\"fr-FR\",\"@id\":\"https:\\\/\\\/www.alongavecanna.com\\\/fr\\\/#\\\/schema\\\/logo\\\/image\\\/\",\"url\":\"https:\\\/\\\/www.alongavecanna.com\\\/wp-content\\\/uploads\\\/2023\\\/01\\\/logo-along-avec-anna.png\",\"contentUrl\":\"https:\\\/\\\/www.alongavecanna.com\\\/wp-content\\\/uploads\\\/2023\\\/01\\\/logo-along-avec-anna.png\",\"width\":1728,\"height\":627,\"caption\":\"Along Avec Anna\"},\"image\":{\"@id\":\"https:\\\/\\\/www.alongavecanna.com\\\/fr\\\/#\\\/schema\\\/logo\\\/image\\\/\"},\"sameAs\":[\"https:\\\/\\\/facebook.com\\\/alongavecanna\",\"https:\\\/\\\/www.instagram.com\\\/along.avec.anna\\\/\"]}]}<\/script>\n<!-- \/ Yoast SEO plugin. -->","yoast_head_json":{"title":"M\u00e8tre r\u00e9tractable \u2013 Rond - Along Avec Anna","robots":{"index":"index","follow":"follow","max-snippet":"max-snippet:-1","max-image-preview":"max-image-preview:large","max-video-preview":"max-video-preview:-1"},"canonical":"https:\/\/www.alongavecanna.com\/fr\/produit\/retractable-round-wool-encased-measuring-tape\/","og_locale":"fr_FR","og_type":"article","og_title":"M\u00e8tre r\u00e9tractable \u2013 Rond - Along Avec Anna","og_description":"Ce m\u00e8tre \u00e9l\u00e9gant de KnitPro a un bo\u00eetier en bois de h\u00eatre poli. Le ruban \u00e0 mesurer \u00e9troit se rembobine en douceur dans le bo\u00eetier d\u2019une simple pression sur un bouton et pr\u00e9sente des centim\u00e8tres d\u2019un c\u00f4t\u00e9 et des pouces de l\u2019autre. Le ruban \u00e0 mesurer KnitPro mesure 1,5 m\u00e8tre de long. Bo\u00eetier de forme ronde (diam\u00e8tre de 6,2 cm).","og_url":"https:\/\/www.alongavecanna.com\/fr\/produit\/retractable-round-wool-encased-measuring-tape\/","og_site_name":"Along Avec Anna","article_publisher":"https:\/\/facebook.com\/alongavecanna","article_modified_time":"2024-11-10T20:22:17+00:00","og_image":[{"width":1200,"height":800,"url":"https:\/\/www.alongavecanna.com\/wp-content\/uploads\/2022\/01\/Retractable-Round-Wool-Encased-Measuring-Tape.jpeg","type":"image\/jpeg"}],"twitter_card":"summary_large_image","schema":{"@context":"https:\/\/schema.org","@graph":[{"@type":"WebPage","@id":"https:\/\/www.alongavecanna.com\/fr\/produit\/retractable-round-wool-encased-measuring-tape\/","url":"https:\/\/www.alongavecanna.com\/fr\/produit\/retractable-round-wool-encased-measuring-tape\/","name":"M\u00e8tre r\u00e9tractable \u2013 Rond - Along Avec Anna","isPartOf":{"@id":"https:\/\/www.alongavecanna.com\/fr\/#website"},"primaryImageOfPage":{"@id":"https:\/\/www.alongavecanna.com\/fr\/produit\/retractable-round-wool-encased-measuring-tape\/#primaryimage"},"image":{"@id":"https:\/\/www.alongavecanna.com\/fr\/produit\/retractable-round-wool-encased-measuring-tape\/#primaryimage"},"thumbnailUrl":"https:\/\/www.alongavecanna.com\/wp-content\/uploads\/2022\/01\/Retractable-Round-Wool-Encased-Measuring-Tape.jpeg","datePublished":"2022-01-11T12:07:20+00:00","dateModified":"2024-11-10T20:22:17+00:00","breadcrumb":{"@id":"https:\/\/www.alongavecanna.com\/fr\/produit\/retractable-round-wool-encased-measuring-tape\/#breadcrumb"},"inLanguage":"fr-FR","potentialAction":[{"@type":"ReadAction","target":["https:\/\/www.alongavecanna.com\/fr\/produit\/retractable-round-wool-encased-measuring-tape\/"]}]},{"@type":"ImageObject","inLanguage":"fr-FR","@id":"https:\/\/www.alongavecanna.com\/fr\/produit\/retractable-round-wool-encased-measuring-tape\/#primaryimage","url":"https:\/\/www.alongavecanna.com\/wp-content\/uploads\/2022\/01\/Retractable-Round-Wool-Encased-Measuring-Tape.jpeg","contentUrl":"https:\/\/www.alongavecanna.com\/wp-content\/uploads\/2022\/01\/Retractable-Round-Wool-Encased-Measuring-Tape.jpeg","width":1200,"height":800},{"@type":"BreadcrumbList","@id":"https:\/\/www.alongavecanna.com\/fr\/produit\/retractable-round-wool-encased-measuring-tape\/#breadcrumb","itemListElement":[{"@type":"ListItem","position":1,"name":"Home","item":"https:\/\/www.alongavecanna.com\/fr\/"},{"@type":"ListItem","position":2,"name":"Produits","item":"https:\/\/www.alongavecanna.com\/fr\/shop\/"},{"@type":"ListItem","position":3,"name":"M\u00e8tre r\u00e9tractable \u2013 Rond"}]},{"@type":"WebSite","@id":"https:\/\/www.alongavecanna.com\/fr\/#website","url":"https:\/\/www.alongavecanna.com\/fr\/","name":"Along Avec Anna","description":"Ethical yarn &amp; timeless knitting patterns","publisher":{"@id":"https:\/\/www.alongavecanna.com\/fr\/#organization"},"potentialAction":[{"@type":"SearchAction","target":{"@type":"EntryPoint","urlTemplate":"https:\/\/www.alongavecanna.com\/fr\/?s={search_term_string}"},"query-input":{"@type":"PropertyValueSpecification","valueRequired":true,"valueName":"search_term_string"}}],"inLanguage":"fr-FR"},{"@type":"Organization","@id":"https:\/\/www.alongavecanna.com\/fr\/#organization","name":"Along Avec Anna","url":"https:\/\/www.alongavecanna.com\/fr\/","logo":{"@type":"ImageObject","inLanguage":"fr-FR","@id":"https:\/\/www.alongavecanna.com\/fr\/#\/schema\/logo\/image\/","url":"https:\/\/www.alongavecanna.com\/wp-content\/uploads\/2023\/01\/logo-along-avec-anna.png","contentUrl":"https:\/\/www.alongavecanna.com\/wp-content\/uploads\/2023\/01\/logo-along-avec-anna.png","width":1728,"height":627,"caption":"Along Avec Anna"},"image":{"@id":"https:\/\/www.alongavecanna.com\/fr\/#\/schema\/logo\/image\/"},"sameAs":["https:\/\/facebook.com\/alongavecanna","https:\/\/www.instagram.com\/along.avec.anna\/"]}]}},"_links":{"self":[{"href":"https:\/\/www.alongavecanna.com\/fr\/wp-json\/wp\/v2\/product\/51580","targetHints":{"allow":["GET"]}}],"collection":[{"href":"https:\/\/www.alongavecanna.com\/fr\/wp-json\/wp\/v2\/product"}],"about":[{"href":"https:\/\/www.alongavecanna.com\/fr\/wp-json\/wp\/v2\/types\/product"}],"replies":[{"embeddable":true,"href":"https:\/\/www.alongavecanna.com\/fr\/wp-json\/wp\/v2\/comments?post=51580"}],"version-history":[{"count":0,"href":"https:\/\/www.alongavecanna.com\/fr\/wp-json\/wp\/v2\/product\/51580\/revisions"}],"wp:featuredmedia":[{"embeddable":true,"href":"https:\/\/www.alongavecanna.com\/fr\/wp-json\/wp\/v2\/media\/51579"}],"wp:attachment":[{"href":"https:\/\/www.alongavecanna.com\/fr\/wp-json\/wp\/v2\/media?parent=51580"}],"wp:term":[{"taxonomy":"product_brand","embeddable":true,"href":"https:\/\/www.alongavecanna.com\/fr\/wp-json\/wp\/v2\/product_brand?post=51580"},{"taxonomy":"product_cat","embeddable":true,"href":"https:\/\/www.alongavecanna.com\/fr\/wp-json\/wp\/v2\/product_cat?post=51580"},{"taxonomy":"product_tag","embeddable":true,"href":"https:\/\/www.alongavecanna.com\/fr\/wp-json\/wp\/v2\/product_tag?post=51580"}],"curies":[{"name":"wp","href":"https:\/\/api.w.org\/{rel}","templated":true}]}}