{"id":51549,"date":"2021-02-25T17:18:31","date_gmt":"2021-02-25T17:18:31","guid":{"rendered":"https:\/\/preprod.alongavecanna.com\/product\/kerfany\/"},"modified":"2023-02-10T20:48:51","modified_gmt":"2023-02-10T20:48:51","slug":"kerfany","status":"publish","type":"product","link":"https:\/\/www.alongavecanna.com\/fr\/produit\/kerfany\/","title":{"rendered":"Kerfany"},"content":{"rendered":"<p style=\"text-align: justify;\"><strong>Tailles<\/strong> : 83, 90, 97, 103 (107, 113, 118, 123) 132, 140, 148, 154 cm<br \/>\nde tour de poitrine v\u00eatement fini<\/p>\n<p style=\"text-align: justify;\"><strong>Aisance recommand\u00e9e<\/strong> : entre 3 et 10 cm d\u2019aisance positive<\/p>\n<p style=\"text-align: justify;\"><strong>Echantillon<\/strong> : 22 m x 30 rgs = 10 cm en jersey en aiguilles 3.75mm\/US 5 (ou autre taille d\u00e9pendant de votre \u00e9chantillon)<\/p>\n<p style=\"text-align: justify;\"><strong>Laine(s)<\/strong> : Deux fils \u00e0 tricoter ensemble<\/p>\n<p style=\"text-align: justify;\">Laine 1 MERINO &#8211; Along avec Anna = 50g\/200m<br \/>\n845, 900, 1010, 1080 (1150, 1230, 1300, 1365) 1520, 1670, 1800, 1885 m\u00e8tres<\/p>\n<p style=\"text-align: justify;\">Laine 2 SILK MOHAIR &#8211; Along avec Anna = 25g\/210m<br \/>\n840, 895, 1000, 1070 (1145, 1230, 1300, 1365) 1525, 1680, 1810, 1895 m\u00e8tres<\/p>\n<p style=\"text-align: justify;\"><em>Version de pr\u00e9sentation<\/em>: Tricot\u00e9e en taille 90 cm<\/p>\n<p style=\"text-align: justify;\"><strong>Aiguilles pr\u00e9conis\u00e9es<\/strong> (si votre \u00e9chantillon correspond bien) :<br \/>\n3.75mm\/US 5 pour le corps<br \/>\n3.5mm\/US 4 pour les c\u00f4tes<\/p>\n<p style=\"text-align: justify;\"><strong>Mat\u00e9riel<\/strong><br \/>\nAnneaux marqueurs<br \/>\nMorceaux de laine pour mettre les mailles en attente<br \/>\nAiguille \u00e0 laine pour rentrer les fils<\/p>\n","protected":false},"excerpt":{"rendered":"<p style=\"text-align: justify;\"><strong>Kerfany <\/strong>(pull) est un pull qui poss\u00e8de de jolies manches ballon. Sa contruction en manches mont\u00e9es lui donne un aspect tr\u00e8s f\u00e9minin. Il s\u2019agit du pull basique travaill\u00e9 qui sera parfait dans votre garde-robe : d\u00e9licat, intemporel, moderne. Tricot\u00e9 avec deux fils (fingering et mohair), il sera doux, chaud et confortable! Vous pourriez \u00e9galement le tricoter avec un seul fil de DK.<\/p>\n<p style=\"text-align: justify;\"><strong>du haut vers le bas.<\/strong> Le dos est d\u2019abord mont\u00e9 et des rangs raccourcis sont travaill\u00e9s sur l\u2019\u00e9paule gauche puis sur l\u2019\u00e9paule droite, de fa\u00e7on \u00e0 cr\u00e9er la courbe des \u00e9paules, mais \u00e9galement d\u2019arrondir l\u2019encolure au niveau de la nuque.<\/p>\n","protected":false},"featured_media":50655,"comment_status":"closed","ping_status":"closed","template":"","meta":[],"product_brand":[],"product_cat":[382,380,376,377,381,388],"product_tag":[275,276,279,277,273,274,278,280,281,282,283],"class_list":{"0":"post-51549","1":"product","2":"type-product","3":"status-publish","4":"has-post-thumbnail","6":"product_cat-patrons-allemand","7":"product_cat-patrons-anglais","8":"product_cat-patrons-de-tricot","9":"product_cat-patrons-femme","10":"product_cat-patrons-francais","11":"product_cat-patrons-portugais","12":"product_tag-kerfany-fr","13":"product_tag-pull-kerfany","14":"product_tag-pull-manches-montees-fr","15":"product_tag-tricot-fr-2","16":"product_tag-tricot-fr","17":"product_tag-tricot-debutant","18":"product_tag-tricot-en-rond-fr","19":"product_tag-tricot-en-rond-fr-2","20":"product_tag-tricot-femme-fr","21":"product_tag-tricot-femme-debutant-fr","22":"product_tag-tricot-jersey-fr","24":"first","25":"instock","26":"downloadable","27":"virtual","28":"taxable","29":"purchasable","30":"product-type-simple"},"yoast_head":"<!-- This site is optimized with the Yoast SEO plugin v27.4 - https:\/\/yoast.com\/product\/yoast-seo-wordpress\/ -->\n<title>Kerfany - Along Avec Anna<\/title>\n<meta name=\"robots\" content=\"index, follow, max-snippet:-1, max-image-preview:large, max-video-preview:-1\" \/>\n<link rel=\"canonical\" href=\"https:\/\/www.alongavecanna.com\/fr\/produit\/kerfany\/\" \/>\n<meta property=\"og:locale\" content=\"fr_FR\" \/>\n<meta property=\"og:type\" content=\"article\" \/>\n<meta property=\"og:title\" content=\"Kerfany - Along Avec Anna\" \/>\n<meta property=\"og:description\" content=\"Kerfany (pull) est un pull qui poss\u00e8de de jolies manches ballon. Sa contruction en manches mont\u00e9es lui donne un aspect tr\u00e8s f\u00e9minin. Il s\u2019agit du pull basique travaill\u00e9 qui sera parfait dans votre garde-robe : d\u00e9licat, intemporel, moderne. Tricot\u00e9 avec deux fils (fingering et mohair), il sera doux, chaud et confortable! Vous pourriez \u00e9galement le tricoter avec un seul fil de DK.            du haut vers le bas. Le dos est d\u2019abord mont\u00e9 et des rangs raccourcis sont travaill\u00e9s sur l\u2019\u00e9paule gauche puis sur l\u2019\u00e9paule droite, de fa\u00e7on \u00e0 cr\u00e9er la courbe des \u00e9paules, mais \u00e9galement d\u2019arrondir l\u2019encolure au niveau de la nuque.\" \/>\n<meta property=\"og:url\" content=\"https:\/\/www.alongavecanna.com\/fr\/produit\/kerfany\/\" \/>\n<meta property=\"og:site_name\" content=\"Along Avec Anna\" \/>\n<meta property=\"article:publisher\" content=\"https:\/\/facebook.com\/alongavecanna\" \/>\n<meta property=\"article:modified_time\" content=\"2023-02-10T20:48:51+00:00\" \/>\n<meta property=\"og:image\" content=\"https:\/\/www.alongavecanna.com\/wp-content\/uploads\/2022\/12\/ACS_0294-scaled-1.jpg\" \/>\n\t<meta property=\"og:image:width\" content=\"1707\" \/>\n\t<meta property=\"og:image:height\" content=\"2560\" \/>\n\t<meta property=\"og:image:type\" content=\"image\/jpeg\" \/>\n<meta name=\"twitter:card\" content=\"summary_large_image\" \/>\n<meta name=\"twitter:label1\" content=\"Dur\u00e9e de lecture estim\u00e9e\" \/>\n\t<meta name=\"twitter:data1\" content=\"1 minute\" \/>\n<script type=\"application\/ld+json\" class=\"yoast-schema-graph\">{\"@context\":\"https:\\\/\\\/schema.org\",\"@graph\":[{\"@type\":\"WebPage\",\"@id\":\"https:\\\/\\\/www.alongavecanna.com\\\/fr\\\/produit\\\/kerfany\\\/\",\"url\":\"https:\\\/\\\/www.alongavecanna.com\\\/fr\\\/produit\\\/kerfany\\\/\",\"name\":\"Kerfany - Along Avec Anna\",\"isPartOf\":{\"@id\":\"https:\\\/\\\/www.alongavecanna.com\\\/fr\\\/#website\"},\"primaryImageOfPage\":{\"@id\":\"https:\\\/\\\/www.alongavecanna.com\\\/fr\\\/produit\\\/kerfany\\\/#primaryimage\"},\"image\":{\"@id\":\"https:\\\/\\\/www.alongavecanna.com\\\/fr\\\/produit\\\/kerfany\\\/#primaryimage\"},\"thumbnailUrl\":\"https:\\\/\\\/www.alongavecanna.com\\\/wp-content\\\/uploads\\\/2022\\\/12\\\/ACS_0294-scaled-1.jpg\",\"datePublished\":\"2021-02-25T17:18:31+00:00\",\"dateModified\":\"2023-02-10T20:48:51+00:00\",\"breadcrumb\":{\"@id\":\"https:\\\/\\\/www.alongavecanna.com\\\/fr\\\/produit\\\/kerfany\\\/#breadcrumb\"},\"inLanguage\":\"fr-FR\",\"potentialAction\":[{\"@type\":\"ReadAction\",\"target\":[\"https:\\\/\\\/www.alongavecanna.com\\\/fr\\\/produit\\\/kerfany\\\/\"]}]},{\"@type\":\"ImageObject\",\"inLanguage\":\"fr-FR\",\"@id\":\"https:\\\/\\\/www.alongavecanna.com\\\/fr\\\/produit\\\/kerfany\\\/#primaryimage\",\"url\":\"https:\\\/\\\/www.alongavecanna.com\\\/wp-content\\\/uploads\\\/2022\\\/12\\\/ACS_0294-scaled-1.jpg\",\"contentUrl\":\"https:\\\/\\\/www.alongavecanna.com\\\/wp-content\\\/uploads\\\/2022\\\/12\\\/ACS_0294-scaled-1.jpg\",\"width\":1707,\"height\":2560},{\"@type\":\"BreadcrumbList\",\"@id\":\"https:\\\/\\\/www.alongavecanna.com\\\/fr\\\/produit\\\/kerfany\\\/#breadcrumb\",\"itemListElement\":[{\"@type\":\"ListItem\",\"position\":1,\"name\":\"Home\",\"item\":\"https:\\\/\\\/www.alongavecanna.com\\\/fr\\\/\"},{\"@type\":\"ListItem\",\"position\":2,\"name\":\"Produits\",\"item\":\"https:\\\/\\\/www.alongavecanna.com\\\/fr\\\/shop\\\/\"},{\"@type\":\"ListItem\",\"position\":3,\"name\":\"Kerfany\"}]},{\"@type\":\"WebSite\",\"@id\":\"https:\\\/\\\/www.alongavecanna.com\\\/fr\\\/#website\",\"url\":\"https:\\\/\\\/www.alongavecanna.com\\\/fr\\\/\",\"name\":\"Along Avec Anna\",\"description\":\"Ethical yarn &amp; timeless knitting patterns\",\"publisher\":{\"@id\":\"https:\\\/\\\/www.alongavecanna.com\\\/fr\\\/#organization\"},\"potentialAction\":[{\"@type\":\"SearchAction\",\"target\":{\"@type\":\"EntryPoint\",\"urlTemplate\":\"https:\\\/\\\/www.alongavecanna.com\\\/fr\\\/?s={search_term_string}\"},\"query-input\":{\"@type\":\"PropertyValueSpecification\",\"valueRequired\":true,\"valueName\":\"search_term_string\"}}],\"inLanguage\":\"fr-FR\"},{\"@type\":\"Organization\",\"@id\":\"https:\\\/\\\/www.alongavecanna.com\\\/fr\\\/#organization\",\"name\":\"Along Avec Anna\",\"url\":\"https:\\\/\\\/www.alongavecanna.com\\\/fr\\\/\",\"logo\":{\"@type\":\"ImageObject\",\"inLanguage\":\"fr-FR\",\"@id\":\"https:\\\/\\\/www.alongavecanna.com\\\/fr\\\/#\\\/schema\\\/logo\\\/image\\\/\",\"url\":\"https:\\\/\\\/www.alongavecanna.com\\\/wp-content\\\/uploads\\\/2023\\\/01\\\/logo-along-avec-anna.png\",\"contentUrl\":\"https:\\\/\\\/www.alongavecanna.com\\\/wp-content\\\/uploads\\\/2023\\\/01\\\/logo-along-avec-anna.png\",\"width\":1728,\"height\":627,\"caption\":\"Along Avec Anna\"},\"image\":{\"@id\":\"https:\\\/\\\/www.alongavecanna.com\\\/fr\\\/#\\\/schema\\\/logo\\\/image\\\/\"},\"sameAs\":[\"https:\\\/\\\/facebook.com\\\/alongavecanna\",\"https:\\\/\\\/www.instagram.com\\\/along.avec.anna\\\/\"]}]}<\/script>\n<!-- \/ Yoast SEO plugin. -->","yoast_head_json":{"title":"Kerfany - Along Avec Anna","robots":{"index":"index","follow":"follow","max-snippet":"max-snippet:-1","max-image-preview":"max-image-preview:large","max-video-preview":"max-video-preview:-1"},"canonical":"https:\/\/www.alongavecanna.com\/fr\/produit\/kerfany\/","og_locale":"fr_FR","og_type":"article","og_title":"Kerfany - Along Avec Anna","og_description":"Kerfany (pull) est un pull qui poss\u00e8de de jolies manches ballon. Sa contruction en manches mont\u00e9es lui donne un aspect tr\u00e8s f\u00e9minin. Il s\u2019agit du pull basique travaill\u00e9 qui sera parfait dans votre garde-robe : d\u00e9licat, intemporel, moderne. Tricot\u00e9 avec deux fils (fingering et mohair), il sera doux, chaud et confortable! Vous pourriez \u00e9galement le tricoter avec un seul fil de DK.            du haut vers le bas. Le dos est d\u2019abord mont\u00e9 et des rangs raccourcis sont travaill\u00e9s sur l\u2019\u00e9paule gauche puis sur l\u2019\u00e9paule droite, de fa\u00e7on \u00e0 cr\u00e9er la courbe des \u00e9paules, mais \u00e9galement d\u2019arrondir l\u2019encolure au niveau de la nuque.","og_url":"https:\/\/www.alongavecanna.com\/fr\/produit\/kerfany\/","og_site_name":"Along Avec Anna","article_publisher":"https:\/\/facebook.com\/alongavecanna","article_modified_time":"2023-02-10T20:48:51+00:00","og_image":[{"width":1707,"height":2560,"url":"https:\/\/www.alongavecanna.com\/wp-content\/uploads\/2022\/12\/ACS_0294-scaled-1.jpg","type":"image\/jpeg"}],"twitter_card":"summary_large_image","twitter_misc":{"Dur\u00e9e de lecture estim\u00e9e":"1 minute"},"schema":{"@context":"https:\/\/schema.org","@graph":[{"@type":"WebPage","@id":"https:\/\/www.alongavecanna.com\/fr\/produit\/kerfany\/","url":"https:\/\/www.alongavecanna.com\/fr\/produit\/kerfany\/","name":"Kerfany - Along Avec Anna","isPartOf":{"@id":"https:\/\/www.alongavecanna.com\/fr\/#website"},"primaryImageOfPage":{"@id":"https:\/\/www.alongavecanna.com\/fr\/produit\/kerfany\/#primaryimage"},"image":{"@id":"https:\/\/www.alongavecanna.com\/fr\/produit\/kerfany\/#primaryimage"},"thumbnailUrl":"https:\/\/www.alongavecanna.com\/wp-content\/uploads\/2022\/12\/ACS_0294-scaled-1.jpg","datePublished":"2021-02-25T17:18:31+00:00","dateModified":"2023-02-10T20:48:51+00:00","breadcrumb":{"@id":"https:\/\/www.alongavecanna.com\/fr\/produit\/kerfany\/#breadcrumb"},"inLanguage":"fr-FR","potentialAction":[{"@type":"ReadAction","target":["https:\/\/www.alongavecanna.com\/fr\/produit\/kerfany\/"]}]},{"@type":"ImageObject","inLanguage":"fr-FR","@id":"https:\/\/www.alongavecanna.com\/fr\/produit\/kerfany\/#primaryimage","url":"https:\/\/www.alongavecanna.com\/wp-content\/uploads\/2022\/12\/ACS_0294-scaled-1.jpg","contentUrl":"https:\/\/www.alongavecanna.com\/wp-content\/uploads\/2022\/12\/ACS_0294-scaled-1.jpg","width":1707,"height":2560},{"@type":"BreadcrumbList","@id":"https:\/\/www.alongavecanna.com\/fr\/produit\/kerfany\/#breadcrumb","itemListElement":[{"@type":"ListItem","position":1,"name":"Home","item":"https:\/\/www.alongavecanna.com\/fr\/"},{"@type":"ListItem","position":2,"name":"Produits","item":"https:\/\/www.alongavecanna.com\/fr\/shop\/"},{"@type":"ListItem","position":3,"name":"Kerfany"}]},{"@type":"WebSite","@id":"https:\/\/www.alongavecanna.com\/fr\/#website","url":"https:\/\/www.alongavecanna.com\/fr\/","name":"Along Avec Anna","description":"Ethical yarn &amp; timeless knitting patterns","publisher":{"@id":"https:\/\/www.alongavecanna.com\/fr\/#organization"},"potentialAction":[{"@type":"SearchAction","target":{"@type":"EntryPoint","urlTemplate":"https:\/\/www.alongavecanna.com\/fr\/?s={search_term_string}"},"query-input":{"@type":"PropertyValueSpecification","valueRequired":true,"valueName":"search_term_string"}}],"inLanguage":"fr-FR"},{"@type":"Organization","@id":"https:\/\/www.alongavecanna.com\/fr\/#organization","name":"Along Avec Anna","url":"https:\/\/www.alongavecanna.com\/fr\/","logo":{"@type":"ImageObject","inLanguage":"fr-FR","@id":"https:\/\/www.alongavecanna.com\/fr\/#\/schema\/logo\/image\/","url":"https:\/\/www.alongavecanna.com\/wp-content\/uploads\/2023\/01\/logo-along-avec-anna.png","contentUrl":"https:\/\/www.alongavecanna.com\/wp-content\/uploads\/2023\/01\/logo-along-avec-anna.png","width":1728,"height":627,"caption":"Along Avec Anna"},"image":{"@id":"https:\/\/www.alongavecanna.com\/fr\/#\/schema\/logo\/image\/"},"sameAs":["https:\/\/facebook.com\/alongavecanna","https:\/\/www.instagram.com\/along.avec.anna\/"]}]}},"_links":{"self":[{"href":"https:\/\/www.alongavecanna.com\/fr\/wp-json\/wp\/v2\/product\/51549","targetHints":{"allow":["GET"]}}],"collection":[{"href":"https:\/\/www.alongavecanna.com\/fr\/wp-json\/wp\/v2\/product"}],"about":[{"href":"https:\/\/www.alongavecanna.com\/fr\/wp-json\/wp\/v2\/types\/product"}],"replies":[{"embeddable":true,"href":"https:\/\/www.alongavecanna.com\/fr\/wp-json\/wp\/v2\/comments?post=51549"}],"version-history":[{"count":0,"href":"https:\/\/www.alongavecanna.com\/fr\/wp-json\/wp\/v2\/product\/51549\/revisions"}],"wp:featuredmedia":[{"embeddable":true,"href":"https:\/\/www.alongavecanna.com\/fr\/wp-json\/wp\/v2\/media\/50655"}],"wp:attachment":[{"href":"https:\/\/www.alongavecanna.com\/fr\/wp-json\/wp\/v2\/media?parent=51549"}],"wp:term":[{"taxonomy":"product_brand","embeddable":true,"href":"https:\/\/www.alongavecanna.com\/fr\/wp-json\/wp\/v2\/product_brand?post=51549"},{"taxonomy":"product_cat","embeddable":true,"href":"https:\/\/www.alongavecanna.com\/fr\/wp-json\/wp\/v2\/product_cat?post=51549"},{"taxonomy":"product_tag","embeddable":true,"href":"https:\/\/www.alongavecanna.com\/fr\/wp-json\/wp\/v2\/product_tag?post=51549"}],"curies":[{"name":"wp","href":"https:\/\/api.w.org\/{rel}","templated":true}]}}