{"id":51539,"date":"2021-03-18T21:10:11","date_gmt":"2021-03-18T21:10:11","guid":{"rendered":"https:\/\/preprod.alongavecanna.com\/product\/minaouet-gilet\/"},"modified":"2024-12-17T22:11:58","modified_gmt":"2024-12-17T22:11:58","slug":"minaouet-cardigan","status":"publish","type":"product","link":"https:\/\/www.alongavecanna.com\/fr\/produit\/minaouet-cardigan\/","title":{"rendered":"Minaou\u00ebt (Gilet)"},"content":{"rendered":"<p style=\"text-align: justify;\"><strong>Tailles : <\/strong>96, 105, 116 (128, 139, 148) 159, 170, 182 cm de tour de poitrine v\u00eatement fini<\/p>\n<p style=\"text-align: justify;\"><strong>Aisance recommand\u00e9e<\/strong> : entre 15 et 30 cm d\u2019aisance positive<\/p>\n<p style=\"text-align: justify;\"><strong>Echantillon : <\/strong> 14 m x 32 rgs = 10 cm en demi-c\u00f4tes anglaises en aiguilles 5mm\/US7 (ou autre taille d\u00e9pendant de votre \u00e9chantillon)<br \/>\n<em>Note : une maille double compte pour deux rangs, donc 32 rgs = 16m double<\/em><\/p>\n<p style=\"text-align: justify;\"><strong>Laine(s)<\/strong> : Trois fils \u00e0 tricoter ensemble<\/p>\n<div class=\"page\" style=\"text-align: justify;\" title=\"Page 3\">\n<div class=\"section\">\n<div class=\"layoutArea\">\n<div class=\"column\">\n<p>Laine 1 Fingering = 50g\/200m<br \/>\n880, 930, 1070 (1140, 1380, 1440) [1670, 1750, 1980] m\u00e8tres soit 5, 5, 6 (6, 7, 8) [9, 9, 10] pelotes de Merino &#8211; Along avec Anna<\/p>\n<p>Laine 2 &amp; 3 Silk Mohair = 25g\/210m<br \/>\n1580, 1690, 1950 (2090, 2500, 2620) [3030, 3200, 3610] m\u00e8tres<br \/>\nsoit 8, 8, 10 (10, 12, 13) [15, 16, 18] pelotes de Silk Mohair &#8211; Along avec Anna<\/p>\n<\/div>\n<\/div>\n<\/div>\n<\/div>\n<p style=\"text-align: justify;\"><em>Version de pr\u00e9sentation : <\/em><br \/>\nTricot\u00e9e avec 30 cm d&rsquo;aisance positive.<\/p>\n<p style=\"text-align: justify;\"><strong>Aiguilles recommand\u00e9es<\/strong> (si votre \u00e9chantillon correspond bien) :<br \/>\n5mm\/US 8 pour le corps<br \/>\n4.5mm\/US 7 pour les c\u00f4tes<\/p>\n<p style=\"text-align: justify;\"><strong>Mat\u00e9riel<br \/>\n<\/strong>Anneaux marqueurs<br \/>\nMorceaux de laine pour mettre les mailles en attente<br \/>\nAiguille \u00e0 laine pour rentrer les fils<br \/>\n4 boutons de 20mm<\/p>\n","protected":false},"excerpt":{"rendered":"<p style=\"text-align: justify;\"><strong>Minaou\u00ebt<\/strong> est un gilet en demi-c\u00f4tes anglaises qui poss\u00e8de un beau col V, de jolies manches ballons et une coupe loose. Son point textur\u00e9 rend le tricot final moelleux et le processus int\u00e9ressant. Sa forme \u00e9paules tombantes le rend tout de m\u00eame relativement accessible \u00e0 des d\u00e9butants. Il s\u2019agit d\u2019un gilet doux, chaud et confortable!<\/p>\n<p style=\"text-align: justify;\"><strong>du haut vers le bas.<\/strong> Le dos est d\u2019abord mont\u00e9 et des rangs raccourcis sont travaill\u00e9s sur l\u2019\u00e9paule gauche, puis sur l\u2019\u00e9paule droite, de fa\u00e7on \u00e0 cr\u00e9er la courbe des \u00e9paules, mais \u00e9galement \u00e0 arrondir la nuque. Les mailles sont relev\u00e9es sur le devant pour tricoter chaque demi-devant. Les devants sont ensuite joints au dos pour tricoter le corps, qui poss\u00e8de une longueur assez courte. Les mailles des manches sont finalement relev\u00e9es et tricot\u00e9es tout droit jusqu\u2019au rang de diminutions, puis se terminent par un long poignet de c\u00f4tes.<\/p>\n","protected":false},"featured_media":70512,"comment_status":"closed","ping_status":"closed","template":"","meta":[],"product_brand":[],"product_cat":[382,380,376,377,381,388,389,463],"product_tag":[268,270,267,271,272,269],"class_list":{"0":"post-51539","1":"product","2":"type-product","3":"status-publish","4":"has-post-thumbnail","6":"product_cat-patrons-allemand","7":"product_cat-patrons-anglais","8":"product_cat-patrons-de-tricot","9":"product_cat-patrons-femme","10":"product_cat-patrons-francais","11":"product_cat-patrons-portugais","12":"product_cat-patrons-suedois","13":"product_cat-tricots-de-saison","14":"product_tag-cardigan-fr","15":"product_tag-english-pattern-fr","16":"product_tag-gilet-fr","17":"product_tag-knitting-women-cardigan-fr","18":"product_tag-knitting-women-pattern-fr","19":"product_tag-minaouet-fr","21":"first","22":"instock","23":"downloadable","24":"virtual","25":"taxable","26":"purchasable","27":"product-type-simple"},"yoast_head":"<!-- This site is optimized with the Yoast SEO plugin v27.4 - https:\/\/yoast.com\/product\/yoast-seo-wordpress\/ -->\n<title>Minaou\u00ebt (Gilet) - Along Avec Anna<\/title>\n<meta name=\"robots\" content=\"index, follow, max-snippet:-1, max-image-preview:large, max-video-preview:-1\" \/>\n<link rel=\"canonical\" href=\"https:\/\/www.alongavecanna.com\/fr\/produit\/minaouet-cardigan\/\" \/>\n<meta property=\"og:locale\" content=\"fr_FR\" \/>\n<meta property=\"og:type\" content=\"article\" \/>\n<meta property=\"og:title\" content=\"Minaou\u00ebt (Gilet) - Along Avec Anna\" \/>\n<meta property=\"og:description\" content=\"Minaou\u00ebt est un gilet en demi-c\u00f4tes anglaises qui poss\u00e8de un beau col V, de jolies manches ballons et une coupe loose. Son point textur\u00e9 rend le tricot final moelleux et le processus int\u00e9ressant. Sa forme \u00e9paules tombantes le rend tout de m\u00eame relativement accessible \u00e0 des d\u00e9butants. Il s\u2019agit d\u2019un gilet doux, chaud et confortable! du haut vers le bas. Le dos est d\u2019abord mont\u00e9 et des rangs raccourcis sont travaill\u00e9s sur l\u2019\u00e9paule gauche, puis sur l\u2019\u00e9paule droite, de fa\u00e7on \u00e0 cr\u00e9er la courbe des \u00e9paules, mais \u00e9galement \u00e0 arrondir la nuque. Les mailles sont relev\u00e9es sur le devant pour tricoter chaque demi-devant. Les devants sont ensuite joints au dos pour tricoter le corps, qui poss\u00e8de une longueur assez courte. Les mailles des manches sont finalement relev\u00e9es et tricot\u00e9es tout droit jusqu\u2019au rang de diminutions, puis se terminent par un long poignet de c\u00f4tes.\" \/>\n<meta property=\"og:url\" content=\"https:\/\/www.alongavecanna.com\/fr\/produit\/minaouet-cardigan\/\" \/>\n<meta property=\"og:site_name\" content=\"Along Avec Anna\" \/>\n<meta property=\"article:publisher\" content=\"https:\/\/facebook.com\/alongavecanna\" \/>\n<meta property=\"article:modified_time\" content=\"2024-12-17T22:11:58+00:00\" \/>\n<meta property=\"og:image\" content=\"https:\/\/www.alongavecanna.com\/wp-content\/uploads\/2021\/03\/Alongavecannaaw-65.jpg\" \/>\n\t<meta property=\"og:image:width\" content=\"1024\" \/>\n\t<meta property=\"og:image:height\" content=\"1536\" \/>\n\t<meta property=\"og:image:type\" content=\"image\/jpeg\" \/>\n<meta name=\"twitter:card\" content=\"summary_large_image\" \/>\n<meta name=\"twitter:label1\" content=\"Dur\u00e9e de lecture estim\u00e9e\" \/>\n\t<meta name=\"twitter:data1\" content=\"1 minute\" \/>\n<script type=\"application\/ld+json\" class=\"yoast-schema-graph\">{\"@context\":\"https:\\\/\\\/schema.org\",\"@graph\":[{\"@type\":\"WebPage\",\"@id\":\"https:\\\/\\\/www.alongavecanna.com\\\/fr\\\/produit\\\/minaouet-cardigan\\\/\",\"url\":\"https:\\\/\\\/www.alongavecanna.com\\\/fr\\\/produit\\\/minaouet-cardigan\\\/\",\"name\":\"Minaou\u00ebt (Gilet) - Along Avec Anna\",\"isPartOf\":{\"@id\":\"https:\\\/\\\/www.alongavecanna.com\\\/fr\\\/#website\"},\"primaryImageOfPage\":{\"@id\":\"https:\\\/\\\/www.alongavecanna.com\\\/fr\\\/produit\\\/minaouet-cardigan\\\/#primaryimage\"},\"image\":{\"@id\":\"https:\\\/\\\/www.alongavecanna.com\\\/fr\\\/produit\\\/minaouet-cardigan\\\/#primaryimage\"},\"thumbnailUrl\":\"https:\\\/\\\/www.alongavecanna.com\\\/wp-content\\\/uploads\\\/2021\\\/03\\\/Alongavecannaaw-65.jpg\",\"datePublished\":\"2021-03-18T21:10:11+00:00\",\"dateModified\":\"2024-12-17T22:11:58+00:00\",\"breadcrumb\":{\"@id\":\"https:\\\/\\\/www.alongavecanna.com\\\/fr\\\/produit\\\/minaouet-cardigan\\\/#breadcrumb\"},\"inLanguage\":\"fr-FR\",\"potentialAction\":[{\"@type\":\"ReadAction\",\"target\":[\"https:\\\/\\\/www.alongavecanna.com\\\/fr\\\/produit\\\/minaouet-cardigan\\\/\"]}]},{\"@type\":\"ImageObject\",\"inLanguage\":\"fr-FR\",\"@id\":\"https:\\\/\\\/www.alongavecanna.com\\\/fr\\\/produit\\\/minaouet-cardigan\\\/#primaryimage\",\"url\":\"https:\\\/\\\/www.alongavecanna.com\\\/wp-content\\\/uploads\\\/2021\\\/03\\\/Alongavecannaaw-65.jpg\",\"contentUrl\":\"https:\\\/\\\/www.alongavecanna.com\\\/wp-content\\\/uploads\\\/2021\\\/03\\\/Alongavecannaaw-65.jpg\",\"width\":1024,\"height\":1536},{\"@type\":\"BreadcrumbList\",\"@id\":\"https:\\\/\\\/www.alongavecanna.com\\\/fr\\\/produit\\\/minaouet-cardigan\\\/#breadcrumb\",\"itemListElement\":[{\"@type\":\"ListItem\",\"position\":1,\"name\":\"Home\",\"item\":\"https:\\\/\\\/www.alongavecanna.com\\\/fr\\\/\"},{\"@type\":\"ListItem\",\"position\":2,\"name\":\"Produits\",\"item\":\"https:\\\/\\\/www.alongavecanna.com\\\/fr\\\/shop\\\/\"},{\"@type\":\"ListItem\",\"position\":3,\"name\":\"Minaou\u00ebt (Gilet)\"}]},{\"@type\":\"WebSite\",\"@id\":\"https:\\\/\\\/www.alongavecanna.com\\\/fr\\\/#website\",\"url\":\"https:\\\/\\\/www.alongavecanna.com\\\/fr\\\/\",\"name\":\"Along Avec Anna\",\"description\":\"Ethical yarn &amp; timeless knitting patterns\",\"publisher\":{\"@id\":\"https:\\\/\\\/www.alongavecanna.com\\\/fr\\\/#organization\"},\"potentialAction\":[{\"@type\":\"SearchAction\",\"target\":{\"@type\":\"EntryPoint\",\"urlTemplate\":\"https:\\\/\\\/www.alongavecanna.com\\\/fr\\\/?s={search_term_string}\"},\"query-input\":{\"@type\":\"PropertyValueSpecification\",\"valueRequired\":true,\"valueName\":\"search_term_string\"}}],\"inLanguage\":\"fr-FR\"},{\"@type\":\"Organization\",\"@id\":\"https:\\\/\\\/www.alongavecanna.com\\\/fr\\\/#organization\",\"name\":\"Along Avec Anna\",\"url\":\"https:\\\/\\\/www.alongavecanna.com\\\/fr\\\/\",\"logo\":{\"@type\":\"ImageObject\",\"inLanguage\":\"fr-FR\",\"@id\":\"https:\\\/\\\/www.alongavecanna.com\\\/fr\\\/#\\\/schema\\\/logo\\\/image\\\/\",\"url\":\"https:\\\/\\\/www.alongavecanna.com\\\/wp-content\\\/uploads\\\/2023\\\/01\\\/logo-along-avec-anna.png\",\"contentUrl\":\"https:\\\/\\\/www.alongavecanna.com\\\/wp-content\\\/uploads\\\/2023\\\/01\\\/logo-along-avec-anna.png\",\"width\":1728,\"height\":627,\"caption\":\"Along Avec Anna\"},\"image\":{\"@id\":\"https:\\\/\\\/www.alongavecanna.com\\\/fr\\\/#\\\/schema\\\/logo\\\/image\\\/\"},\"sameAs\":[\"https:\\\/\\\/facebook.com\\\/alongavecanna\",\"https:\\\/\\\/www.instagram.com\\\/along.avec.anna\\\/\"]}]}<\/script>\n<!-- \/ Yoast SEO plugin. -->","yoast_head_json":{"title":"Minaou\u00ebt (Gilet) - Along Avec Anna","robots":{"index":"index","follow":"follow","max-snippet":"max-snippet:-1","max-image-preview":"max-image-preview:large","max-video-preview":"max-video-preview:-1"},"canonical":"https:\/\/www.alongavecanna.com\/fr\/produit\/minaouet-cardigan\/","og_locale":"fr_FR","og_type":"article","og_title":"Minaou\u00ebt (Gilet) - Along Avec Anna","og_description":"Minaou\u00ebt est un gilet en demi-c\u00f4tes anglaises qui poss\u00e8de un beau col V, de jolies manches ballons et une coupe loose. Son point textur\u00e9 rend le tricot final moelleux et le processus int\u00e9ressant. Sa forme \u00e9paules tombantes le rend tout de m\u00eame relativement accessible \u00e0 des d\u00e9butants. Il s\u2019agit d\u2019un gilet doux, chaud et confortable! du haut vers le bas. Le dos est d\u2019abord mont\u00e9 et des rangs raccourcis sont travaill\u00e9s sur l\u2019\u00e9paule gauche, puis sur l\u2019\u00e9paule droite, de fa\u00e7on \u00e0 cr\u00e9er la courbe des \u00e9paules, mais \u00e9galement \u00e0 arrondir la nuque. Les mailles sont relev\u00e9es sur le devant pour tricoter chaque demi-devant. Les devants sont ensuite joints au dos pour tricoter le corps, qui poss\u00e8de une longueur assez courte. Les mailles des manches sont finalement relev\u00e9es et tricot\u00e9es tout droit jusqu\u2019au rang de diminutions, puis se terminent par un long poignet de c\u00f4tes.","og_url":"https:\/\/www.alongavecanna.com\/fr\/produit\/minaouet-cardigan\/","og_site_name":"Along Avec Anna","article_publisher":"https:\/\/facebook.com\/alongavecanna","article_modified_time":"2024-12-17T22:11:58+00:00","og_image":[{"width":1024,"height":1536,"url":"https:\/\/www.alongavecanna.com\/wp-content\/uploads\/2021\/03\/Alongavecannaaw-65.jpg","type":"image\/jpeg"}],"twitter_card":"summary_large_image","twitter_misc":{"Dur\u00e9e de lecture estim\u00e9e":"1 minute"},"schema":{"@context":"https:\/\/schema.org","@graph":[{"@type":"WebPage","@id":"https:\/\/www.alongavecanna.com\/fr\/produit\/minaouet-cardigan\/","url":"https:\/\/www.alongavecanna.com\/fr\/produit\/minaouet-cardigan\/","name":"Minaou\u00ebt (Gilet) - Along Avec Anna","isPartOf":{"@id":"https:\/\/www.alongavecanna.com\/fr\/#website"},"primaryImageOfPage":{"@id":"https:\/\/www.alongavecanna.com\/fr\/produit\/minaouet-cardigan\/#primaryimage"},"image":{"@id":"https:\/\/www.alongavecanna.com\/fr\/produit\/minaouet-cardigan\/#primaryimage"},"thumbnailUrl":"https:\/\/www.alongavecanna.com\/wp-content\/uploads\/2021\/03\/Alongavecannaaw-65.jpg","datePublished":"2021-03-18T21:10:11+00:00","dateModified":"2024-12-17T22:11:58+00:00","breadcrumb":{"@id":"https:\/\/www.alongavecanna.com\/fr\/produit\/minaouet-cardigan\/#breadcrumb"},"inLanguage":"fr-FR","potentialAction":[{"@type":"ReadAction","target":["https:\/\/www.alongavecanna.com\/fr\/produit\/minaouet-cardigan\/"]}]},{"@type":"ImageObject","inLanguage":"fr-FR","@id":"https:\/\/www.alongavecanna.com\/fr\/produit\/minaouet-cardigan\/#primaryimage","url":"https:\/\/www.alongavecanna.com\/wp-content\/uploads\/2021\/03\/Alongavecannaaw-65.jpg","contentUrl":"https:\/\/www.alongavecanna.com\/wp-content\/uploads\/2021\/03\/Alongavecannaaw-65.jpg","width":1024,"height":1536},{"@type":"BreadcrumbList","@id":"https:\/\/www.alongavecanna.com\/fr\/produit\/minaouet-cardigan\/#breadcrumb","itemListElement":[{"@type":"ListItem","position":1,"name":"Home","item":"https:\/\/www.alongavecanna.com\/fr\/"},{"@type":"ListItem","position":2,"name":"Produits","item":"https:\/\/www.alongavecanna.com\/fr\/shop\/"},{"@type":"ListItem","position":3,"name":"Minaou\u00ebt (Gilet)"}]},{"@type":"WebSite","@id":"https:\/\/www.alongavecanna.com\/fr\/#website","url":"https:\/\/www.alongavecanna.com\/fr\/","name":"Along Avec Anna","description":"Ethical yarn &amp; timeless knitting patterns","publisher":{"@id":"https:\/\/www.alongavecanna.com\/fr\/#organization"},"potentialAction":[{"@type":"SearchAction","target":{"@type":"EntryPoint","urlTemplate":"https:\/\/www.alongavecanna.com\/fr\/?s={search_term_string}"},"query-input":{"@type":"PropertyValueSpecification","valueRequired":true,"valueName":"search_term_string"}}],"inLanguage":"fr-FR"},{"@type":"Organization","@id":"https:\/\/www.alongavecanna.com\/fr\/#organization","name":"Along Avec Anna","url":"https:\/\/www.alongavecanna.com\/fr\/","logo":{"@type":"ImageObject","inLanguage":"fr-FR","@id":"https:\/\/www.alongavecanna.com\/fr\/#\/schema\/logo\/image\/","url":"https:\/\/www.alongavecanna.com\/wp-content\/uploads\/2023\/01\/logo-along-avec-anna.png","contentUrl":"https:\/\/www.alongavecanna.com\/wp-content\/uploads\/2023\/01\/logo-along-avec-anna.png","width":1728,"height":627,"caption":"Along Avec Anna"},"image":{"@id":"https:\/\/www.alongavecanna.com\/fr\/#\/schema\/logo\/image\/"},"sameAs":["https:\/\/facebook.com\/alongavecanna","https:\/\/www.instagram.com\/along.avec.anna\/"]}]}},"_links":{"self":[{"href":"https:\/\/www.alongavecanna.com\/fr\/wp-json\/wp\/v2\/product\/51539","targetHints":{"allow":["GET"]}}],"collection":[{"href":"https:\/\/www.alongavecanna.com\/fr\/wp-json\/wp\/v2\/product"}],"about":[{"href":"https:\/\/www.alongavecanna.com\/fr\/wp-json\/wp\/v2\/types\/product"}],"replies":[{"embeddable":true,"href":"https:\/\/www.alongavecanna.com\/fr\/wp-json\/wp\/v2\/comments?post=51539"}],"version-history":[{"count":0,"href":"https:\/\/www.alongavecanna.com\/fr\/wp-json\/wp\/v2\/product\/51539\/revisions"}],"wp:featuredmedia":[{"embeddable":true,"href":"https:\/\/www.alongavecanna.com\/fr\/wp-json\/wp\/v2\/media\/70512"}],"wp:attachment":[{"href":"https:\/\/www.alongavecanna.com\/fr\/wp-json\/wp\/v2\/media?parent=51539"}],"wp:term":[{"taxonomy":"product_brand","embeddable":true,"href":"https:\/\/www.alongavecanna.com\/fr\/wp-json\/wp\/v2\/product_brand?post=51539"},{"taxonomy":"product_cat","embeddable":true,"href":"https:\/\/www.alongavecanna.com\/fr\/wp-json\/wp\/v2\/product_cat?post=51539"},{"taxonomy":"product_tag","embeddable":true,"href":"https:\/\/www.alongavecanna.com\/fr\/wp-json\/wp\/v2\/product_tag?post=51539"}],"curies":[{"name":"wp","href":"https:\/\/api.w.org\/{rel}","templated":true}]}}